{"id":14304,"date":"2022-11-11T20:23:36","date_gmt":"2022-11-11T19:23:36","guid":{"rendered":"https:\/\/semmelweis.hu\/hok\/?page_id=14304"},"modified":"2024-02-26T00:21:52","modified_gmt":"2024-02-25T23:21:52","slug":"tdk-opportunities","status":"publish","type":"page","link":"https:\/\/semmelweis.hu\/hok\/en\/advertisements\/tdk-opportunities\/","title":{"rendered":"TDK opportunities"},"content":{"rendered":"<div class=\"responsive-tabs\">\n<h2 class=\"tabtitle\">TDK opportunities<\/h2>\n<div class=\"tabcontent\">\n\n<p>Content is yet to upload.<\/p>\n\n<\/div><h2 class=\"tabtitle\">Send a TDK opportunity<\/h2>\n<div class=\"tabcontent\">\n\n<p style=\"text-align: center\"><span style=\"font-size: 12pt\">You can send in Hungarian <a href=\"https:\/\/semmelweis.hu\/hok\/allasportal\/tdk-lehetosegek\/\">here<\/a>.<\/span><\/p>\n\n<div class=\"wpcf7 no-js\" id=\"wpcf7-f14303-o1\" lang=\"hu-HU\" dir=\"ltr\" data-wpcf7-id=\"14303\">\n<div class=\"screen-reader-response\"><p role=\"status\" aria-live=\"polite\" aria-atomic=\"true\"><\/p> <ul><\/ul><\/div>\n<form action=\"\/hok\/wp-json\/wp\/v2\/pages\/14304#wpcf7-f14303-o1\" method=\"post\" class=\"wpcf7-form init\" aria-label=\"Kapcsolatfelv\u00e9teli \u0171rlap\" novalidate=\"novalidate\" data-status=\"init\">\n<div style=\"display: none;\">\n<input type=\"hidden\" name=\"_wpcf7\" value=\"14303\" \/>\n<input type=\"hidden\" name=\"_wpcf7_version\" value=\"6.0.5\" \/>\n<input type=\"hidden\" name=\"_wpcf7_locale\" value=\"hu_HU\" \/>\n<input type=\"hidden\" name=\"_wpcf7_unit_tag\" value=\"wpcf7-f14303-o1\" \/>\n<input type=\"hidden\" name=\"_wpcf7_container_post\" value=\"0\" \/>\n<input type=\"hidden\" name=\"_wpcf7_posted_data_hash\" value=\"\" \/>\n<input type=\"hidden\" name=\"_wpcf7_recaptcha_response\" value=\"\" \/>\n<\/div>\n<p><label> The purpose of this form is to help connect supervisors within the Students\u2019 Scientific Association (SSA or TDK) with their future students.<br \/>\nWe\u2019d like to help everyone in finding the best help and topic for them, thereby benefiting the departments and the students at the beginning of their careers and professional life. Please help our initiative by answering the following questions as thoroughly and conscientiously as possible. With this information, future TDK students will be able to get a clear view of the available tasks and workflows, thereby facilitating their searches and applications.<br \/>\nAnnouncements sent through the form are published without changes.<br \/>\nWe wish you the best of luck and enthusiastic applicants for your current and future research!<\/label>\n<\/p>\n<p><label> Name of supervisor:<br \/>\n<span class=\"wpcf7-form-control-wrap\" data-name=\"temveznev\"><input size=\"40\" maxlength=\"400\" class=\"wpcf7-form-control wpcf7-text wpcf7-validates-as-required\" aria-required=\"true\" aria-invalid=\"false\" value=\"\" type=\"text\" name=\"temveznev\" \/><\/span> <\/label>\n<\/p>\n<p><label> Position of supervisor:<br \/>\n<span class=\"wpcf7-form-control-wrap\" data-name=\"temvezfok\"><select class=\"wpcf7-form-control wpcf7-select\" aria-invalid=\"false\" name=\"temvezfok\"><option value=\"\">&#8212; K\u00e9rj\u00fck, v\u00e1lasszon egy opci\u00f3t &#8212;<\/option><option value=\"assistant lecturer\">assistant lecturer<\/option><option value=\"assistant research fellow\">assistant research fellow<\/option><option value=\"associate professor\">associate professor<\/option><option value=\"private professor\">private professor<\/option><option value=\"professor\">professor<\/option><option value=\"professor emeritus\">professor emeritus<\/option><option value=\"research fellow\">research fellow<\/option><option value=\"scientific advisor\">scientific advisor<\/option><option value=\"senior lecturer\">senior lecturer<\/option><option value=\"senior research fellow\">senior research fellow<\/option><\/select><\/span> <\/label><br \/>\n<span class=\"wpcf7-form-control-wrap\" data-name=\"temvezfokegyeb\"><input size=\"40\" maxlength=\"400\" class=\"wpcf7-form-control wpcf7-text\" aria-invalid=\"false\" placeholder=\"Please write here the position if it&#039;s not in the list above.\" value=\"\" type=\"text\" name=\"temvezfokegyeb\" \/><\/span>\n<\/p>\n<p><label> Contact information of supervisor (e-mail):<br \/>\n<span class=\"wpcf7-form-control-wrap\" data-name=\"temvezmail\"><input size=\"40\" maxlength=\"400\" class=\"wpcf7-form-control wpcf7-email wpcf7-validates-as-required wpcf7-text wpcf7-validates-as-email\" aria-required=\"true\" aria-invalid=\"false\" value=\"\" type=\"email\" name=\"temvezmail\" \/><\/span> <\/label>\n<\/p>\n<p><label> Title of the topic of research you wish to announce:<br \/>\n<span class=\"wpcf7-form-control-wrap\" data-name=\"temcim\"><input size=\"40\" maxlength=\"400\" class=\"wpcf7-form-control wpcf7-text wpcf7-validates-as-required\" aria-required=\"true\" aria-invalid=\"false\" value=\"\" type=\"text\" name=\"temcim\" \/><\/span> <\/label>\n<\/p>\n<p><label> Department which wishes to announce the topic of research:<br \/>\n<span class=\"wpcf7-form-control-wrap\" data-name=\"temint\"><input size=\"40\" maxlength=\"400\" class=\"wpcf7-form-control wpcf7-text wpcf7-validates-as-required\" aria-required=\"true\" aria-invalid=\"false\" value=\"\" type=\"text\" name=\"temint\" \/><\/span> <\/label>\n<\/p>\n<p>From which faculties do you expect applicants?<br \/>\n<span class=\"wpcf7-form-control-wrap\" data-name=\"temkar\"><span class=\"wpcf7-form-control wpcf7-checkbox wpcf7-validates-as-required\"><span class=\"wpcf7-list-item first\"><input type=\"checkbox\" name=\"temkar[]\" value=\"Faculty of Medicine\" \/><span class=\"wpcf7-list-item-label\">Faculty of Medicine<\/span><\/span><span class=\"wpcf7-list-item\"><input type=\"checkbox\" name=\"temkar[]\" value=\"Faculty of Health and Public Administration\" \/><span class=\"wpcf7-list-item-label\">Faculty of Health and Public Administration<\/span><\/span><span class=\"wpcf7-list-item\"><input type=\"checkbox\" name=\"temkar[]\" value=\"Faculty of Health Sciences\" \/><span class=\"wpcf7-list-item-label\">Faculty of Health Sciences<\/span><\/span><span class=\"wpcf7-list-item\"><input type=\"checkbox\" name=\"temkar[]\" value=\"Faculty of Dentistry\" \/><span class=\"wpcf7-list-item-label\">Faculty of Dentistry<\/span><\/span><span class=\"wpcf7-list-item\"><input type=\"checkbox\" name=\"temkar[]\" value=\"Faculty of Pharmaceutical Sciences\" \/><span class=\"wpcf7-list-item-label\">Faculty of Pharmaceutical Sciences<\/span><\/span><span class=\"wpcf7-list-item last\"><input type=\"checkbox\" name=\"temkar[]\" value=\"Andr\u00e1s Pet\u0151 Faculty\" \/><span class=\"wpcf7-list-item-label\">Andr\u00e1s Pet\u0151 Faculty<\/span><\/span><\/span><\/span>\n<\/p>\n<p>From which years do you expect applicants?<br \/>\n<span class=\"wpcf7-form-control-wrap\" data-name=\"temevf\"><span class=\"wpcf7-form-control wpcf7-checkbox wpcf7-validates-as-required\"><span class=\"wpcf7-list-item first\"><input type=\"checkbox\" name=\"temevf[]\" value=\"Year 1\" \/><span class=\"wpcf7-list-item-label\">Year 1<\/span><\/span><span class=\"wpcf7-list-item\"><input type=\"checkbox\" name=\"temevf[]\" value=\"Year 2\" \/><span class=\"wpcf7-list-item-label\">Year 2<\/span><\/span><span class=\"wpcf7-list-item\"><input type=\"checkbox\" name=\"temevf[]\" value=\"Year 3\" \/><span class=\"wpcf7-list-item-label\">Year 3<\/span><\/span><span class=\"wpcf7-list-item\"><input type=\"checkbox\" name=\"temevf[]\" value=\"Year 4\" \/><span class=\"wpcf7-list-item-label\">Year 4<\/span><\/span><span class=\"wpcf7-list-item\"><input type=\"checkbox\" name=\"temevf[]\" value=\"Year 5\" \/><span class=\"wpcf7-list-item-label\">Year 5<\/span><\/span><span class=\"wpcf7-list-item last\"><input type=\"checkbox\" name=\"temevf[]\" value=\"Year 6\" \/><span class=\"wpcf7-list-item-label\">Year 6<\/span><\/span><\/span><\/span>\n<\/p>\n<p><label> Description of the topic of research you wish to announce, important knowledge regarding the topic:<br \/>\n<span class=\"wpcf7-form-control-wrap\" data-name=\"temism\"><textarea cols=\"40\" rows=\"10\" maxlength=\"2000\" class=\"wpcf7-form-control wpcf7-textarea wpcf7-validates-as-required\" aria-required=\"true\" aria-invalid=\"false\" name=\"temism\"><\/textarea><\/span> <\/label>\n<\/p>\n<p><label> Tasks and requirements pertaining to the student regarding the topic you wish to announce:<br \/>\n<span class=\"wpcf7-form-control-wrap\" data-name=\"temfeladat\"><textarea cols=\"40\" rows=\"10\" maxlength=\"2000\" class=\"wpcf7-form-control wpcf7-textarea wpcf7-validates-as-required\" aria-required=\"true\" aria-invalid=\"false\" name=\"temfeladat\"><\/textarea><\/span> <\/label>\n<\/p>\n<p><label> Until when can students apply for the topic you wish to announce? [YYYY. MM. DD.]<br \/>\n(After this date, the topic will be regarded as removable from the website.)<br \/>\n<span class=\"wpcf7-form-control-wrap\" data-name=\"temhatido\"><input class=\"wpcf7-form-control wpcf7-date wpcf7-validates-as-required wpcf7-validates-as-date\" min=\"2022-10-28\" max=\"2199-12-31\" aria-required=\"true\" aria-invalid=\"false\" placeholder=\"YYYY. MM. DD.\" value=\"\" type=\"date\" name=\"temhatido\" \/><\/span> <\/label>\n<\/p>\n<p><input class=\"wpcf7-form-control wpcf7-submit has-spinner\" type=\"submit\" value=\"Send\" \/>\n<\/p><div class=\"wpcf7-response-output\" aria-hidden=\"true\"><\/div>\n<\/form>\n<\/div>\n\n<\/div><\/div>\n<p style=\"text-align: center\">The expired, old posts can be found <a href=\"https:\/\/semmelweis.hu\/hok\/category\/archiv\/\" target=\"_blank\" rel=\"noopener\">here<\/a>.<\/p>\n","protected":false},"excerpt":{"rendered":"<p>Content is yet to upload.<\/p>\n<p>You can send in Hungarian <a href=\"https:\/\/semmelweis.hu\/hok\/allasportal\/tdk-lehetosegek\/\">here<\/a>.<\/p>\n<p>The expired, old posts can be found <a href=\"https:\/\/semmelweis.hu\/hok\/category\/archiv\/\" target=\"_blank\" rel=\"noopener\">here<\/a>.<\/p>\n","protected":false},"author":101673,"featured_media":0,"parent":13439,"menu_order":3,"comment_status":"closed","ping_status":"closed","template":"","meta":{"_acf_changed":false,"footnotes":""},"categories":[],"tags":[],"class_list":["post-14304","page","type-page","status-publish","hentry"],"acf":[],"_links":{"self":[{"href":"https:\/\/semmelweis.hu\/hok\/wp-json\/wp\/v2\/pages\/14304","targetHints":{"allow":["GET"]}}],"collection":[{"href":"https:\/\/semmelweis.hu\/hok\/wp-json\/wp\/v2\/pages"}],"about":[{"href":"https:\/\/semmelweis.hu\/hok\/wp-json\/wp\/v2\/types\/page"}],"author":[{"embeddable":true,"href":"https:\/\/semmelweis.hu\/hok\/wp-json\/wp\/v2\/users\/101673"}],"replies":[{"embeddable":true,"href":"https:\/\/semmelweis.hu\/hok\/wp-json\/wp\/v2\/comments?post=14304"}],"version-history":[{"count":4,"href":"https:\/\/semmelweis.hu\/hok\/wp-json\/wp\/v2\/pages\/14304\/revisions"}],"predecessor-version":[{"id":15196,"href":"https:\/\/semmelweis.hu\/hok\/wp-json\/wp\/v2\/pages\/14304\/revisions\/15196"}],"up":[{"embeddable":true,"href":"https:\/\/semmelweis.hu\/hok\/wp-json\/wp\/v2\/pages\/13439"}],"wp:attachment":[{"href":"https:\/\/semmelweis.hu\/hok\/wp-json\/wp\/v2\/media?parent=14304"}],"wp:term":[{"taxonomy":"category","embeddable":true,"href":"https:\/\/semmelweis.hu\/hok\/wp-json\/wp\/v2\/categories?post=14304"},{"taxonomy":"post_tag","embeddable":true,"href":"https:\/\/semmelweis.hu\/hok\/wp-json\/wp\/v2\/tags?post=14304"}],"curies":[{"name":"wp","href":"https:\/\/api.w.org\/{rel}","templated":true}]}}