{"id":13885,"date":"2021-10-27T16:44:53","date_gmt":"2021-10-27T14:44:53","guid":{"rendered":"https:\/\/semmelweis.hu\/hok\/?page_id=13885"},"modified":"2022-09-21T21:00:22","modified_gmt":"2022-09-21T19:00:22","slug":"magyar-kozigazgatasi-osztondijprogram","status":"publish","type":"page","link":"https:\/\/semmelweis.hu\/hok\/palyazatok\/magyar-kozigazgatasi-osztondijprogram\/","title":{"rendered":"Magyar K\u00f6zigazgat\u00e1si \u00d6szt\u00f6nd\u00edjprogram"},"content":{"rendered":"<p>A Magyar K\u00f6zigazgat\u00e1si \u00d6szt\u00f6nd\u00edjprogram 2023-as \u00e9vfolyam\u00e1ba okt\u00f3ber 15-ig v\u00e1rj\u00e1k a 30 \u00e9v alatti, diplom\u00e1s, idegen nyelveken besz\u00e9l\u0151 fiatalok jelentkez\u00e9s\u00e9t!<\/p>\n<h5 style=\"text-align: center\">Jelentkez\u00e9s: <a href=\"https:\/\/mkoprogram.hu\/\" target=\"_blank\" rel=\"noopener\">mkoprogram.hu<\/a><\/h5>\n<p>&nbsp;<\/p>\n<p style=\"text-align: center\">Folyamatos t\u00e1j\u00e9koztat\u00e1s k\u00f6vethet\u0151 a <a href=\"https:\/\/www.facebook.com\/events\/878096206440052\" target=\"_blank\" rel=\"noopener\">FB esem\u00e9nyen<\/a>!<\/p>\n<p style=\"text-align: center\">Tov\u00e1bbi r\u00e9szletek\u00e9rt k\u00f6vess\u00e9tek figyelemmel az MK\u00d6 k\u00f6z\u00f6ss\u00e9gi m\u00e9dia fel\u00fcleteit:<\/p>\n<p style=\"text-align: center\"><a href=\"https:\/\/www.facebook.com\/magyarkozigazgatasiosztondijprogram\" target=\"_blank\" rel=\"noopener\">Facebook<\/a><\/p>\n<p style=\"text-align: center\"><a href=\"https:\/\/www.instagram.com\/mko_program\/\" target=\"_blank\" rel=\"noopener\">Instagram<\/a><\/p>\n<p style=\"text-align: center\"><a href=\"https:\/\/www.linkedin.com\/company\/magyar-k%C3%B6zigazgat%C3%A1si-%C3%B6szt%C3%B6nd%C3%ADjprogram\" target=\"_blank\" rel=\"noopener\">LinkedIn<\/a><\/p>\n<p style=\"text-align: center\"><a href=\"https:\/\/www.youtube.com\/channel\/UC9vPGvAr1EbtkTvdHuekY9Q\" target=\"_blank\" rel=\"noopener\">YouTube<\/a><\/p>\n","protected":false},"excerpt":{"rendered":"<p>A Magyar K\u00f6zigazgat\u00e1si \u00d6szt\u00f6nd\u00edjprogram 2023-as \u00e9vfolyam\u00e1ba okt\u00f3ber 15-ig v\u00e1rj\u00e1k a 30 \u00e9v alatti, diplom\u00e1s, idegen nyelveken besz\u00e9l\u0151 fiatalok jelentkez\u00e9s\u00e9t!<br \/>\nJelentkez\u00e9s: <a href=\"https:\/\/mkoprogram.hu\/\" target=\"_blank\" rel=\"noopener\">mkoprogram.hu<\/a><br \/>\n&nbsp;<br \/>\nFolyamatos t\u00e1j\u00e9koztat\u00e1s k\u00f6vethet\u0151 a <a href=\"https:\/\/www.facebook.com\/events\/878096206440052\" target=\"_blank\" rel=\"noopener\">FB esem\u00e9nyen<\/a>!<br \/>\nTov\u00e1bbi r\u00e9szletek\u00e9rt k\u00f6vess\u00e9tek figyelemmel az MK\u00d6 k\u00f6z\u00f6ss\u00e9gi m\u00e9dia fel\u00fcleteit:<br \/>\n<a href=\"https:\/\/www.facebook.com\/magyarkozigazgatasiosztondijprogram\" target=\"_blank\" rel=\"noopener\">Facebook<\/a><br \/>\n<a href=\"https:\/\/www.instagram.com\/mko_program\/\" target=\"_blank\" rel=\"noopener\">Instagram<\/a><br \/>\n<a href=\"https:\/\/www.linkedin.com\/company\/magyar-k%C3%B6zigazgat%C3%A1si-%C3%B6szt%C3%B6nd%C3%ADjprogram\" target=\"_blank\" rel=\"noopener\">LinkedIn<\/a><br \/>\n<a href=\"https:\/\/www.youtube.com\/channel\/UC9vPGvAr1EbtkTvdHuekY9Q\" target=\"_blank\" rel=\"noopener\">YouTube<\/a><\/p>\n","protected":false},"author":101673,"featured_media":13886,"parent":12323,"menu_order":17,"comment_status":"closed","ping_status":"closed","template":"","meta":{"_acf_changed":false,"footnotes":""},"categories":[],"tags":[584],"class_list":["post-13885","page","type-page","status-publish","has-post-thumbnail","hentry","tag-palyod"],"acf":[],"_links":{"self":[{"href":"https:\/\/semmelweis.hu\/hok\/wp-json\/wp\/v2\/pages\/13885","targetHints":{"allow":["GET"]}}],"collection":[{"href":"https:\/\/semmelweis.hu\/hok\/wp-json\/wp\/v2\/pages"}],"about":[{"href":"https:\/\/semmelweis.hu\/hok\/wp-json\/wp\/v2\/types\/page"}],"author":[{"embeddable":true,"href":"https:\/\/semmelweis.hu\/hok\/wp-json\/wp\/v2\/users\/101673"}],"replies":[{"embeddable":true,"href":"https:\/\/semmelweis.hu\/hok\/wp-json\/wp\/v2\/comments?post=13885"}],"version-history":[{"count":3,"href":"https:\/\/semmelweis.hu\/hok\/wp-json\/wp\/v2\/pages\/13885\/revisions"}],"predecessor-version":[{"id":16859,"href":"https:\/\/semmelweis.hu\/hok\/wp-json\/wp\/v2\/pages\/13885\/revisions\/16859"}],"up":[{"embeddable":true,"href":"https:\/\/semmelweis.hu\/hok\/wp-json\/wp\/v2\/pages\/12323"}],"wp:featuredmedia":[{"embeddable":true,"href":"https:\/\/semmelweis.hu\/hok\/wp-json\/wp\/v2\/media\/13886"}],"wp:attachment":[{"href":"https:\/\/semmelweis.hu\/hok\/wp-json\/wp\/v2\/media?parent=13885"}],"wp:term":[{"taxonomy":"category","embeddable":true,"href":"https:\/\/semmelweis.hu\/hok\/wp-json\/wp\/v2\/categories?post=13885"},{"taxonomy":"post_tag","embeddable":true,"href":"https:\/\/semmelweis.hu\/hok\/wp-json\/wp\/v2\/tags?post=13885"}],"curies":[{"name":"wp","href":"https:\/\/api.w.org\/{rel}","templated":true}]}}