{"id":13414,"date":"2021-10-27T16:45:07","date_gmt":"2021-10-27T14:45:07","guid":{"rendered":"https:\/\/semmelweis.hu\/hok\/?page_id=13414"},"modified":"2025-11-04T20:50:29","modified_gmt":"2025-11-04T19:50:29","slug":"ukran-haborus-helyzettel-kapcsolatos-tevekenyseg","status":"publish","type":"page","link":"https:\/\/semmelweis.hu\/hok\/ukran-haborus-helyzettel-kapcsolatos-tevekenyseg\/","title":{"rendered":"Ukr\u00e1n h\u00e1bor\u00fas helyzettel kapcsolatos tev\u00e9kenys\u00e9g"},"content":{"rendered":"<p>A Semmelweis Egyetem Hallgat\u00f3i \u00d6nkorm\u00e1nyzata \u2013 a Kancell\u00e1r \u00e9s a Strat\u00e9giai \u00e9s Fejleszt\u00e9si Rektorhelyettes egyet\u00e9rt\u00e9s\u00e9vel \u2013 az ukr\u00e1n h\u00e1bor\u00fas helyzettel \u00f6sszef\u00fcgg\u0151 hallgat\u00f3i tev\u00e9kenys\u00e9g ut\u00e1n \u00f6szt\u00f6nd\u00edjat \u00edr ki 2022 j\u00fanius\u00e1t\u00f3l visszavon\u00e1sig az \u00f6szt\u00f6nd\u00edj elnyer\u00e9se c\u00e9lj\u00e1b\u00f3l a Semmelweis Egyetem T\u00e9r\u00edt\u00e9si \u00e9s Juttat\u00e1si Szab\u00e1lyzat 20. \u00a7 (5) \u00e9s (6) bekezd\u00e9sei alapj\u00e1n.<\/p>\n<p>Az \u00f6szt\u00f6nd\u00edj az ukr\u00e1n h\u00e1bor\u00fas helyzettel \u00f6sszef\u00fcgg\u0151 telefonos seg\u00e9lyszolg\u00e1lat, valamint esetlegesen a b\u00edr\u00e1latot v\u00e9gz\u0151 bizotts\u00e1g \u00e1ltal meghat\u00e1rozott egy\u00e9b feladatell\u00e1t\u00e1s\u00e9rt \u00edt\u00e9lhet\u0151 oda.<\/p>\n<p><strong>I. P\u00e1ly\u00e1z\u00e1sra jogosultak k\u00f6re:<\/strong><\/p>\n<p>Az \u00f6szt\u00f6nd\u00edjra azok a magyar, vagy idegennyel\u0171 k\u00e9pz\u00e9sben r\u00e9sztvev\u0151 teljes idej\u0171, nappali k\u00e9pz\u00e9sen tanul\u00f3, a p\u00e1ly\u00e1z\u00e1si id\u0151 alatt akt\u00edv st\u00e1tusz\u00fa hallgat\u00f3k, akik \u00e1llamilag t\u00e1mogatott \/ magyar \u00e1llami (r\u00e9sz)\u00f6szt\u00f6nd\u00edjas vagy k\u00f6lts\u00e9gt\u00e9r\u00edt\u00e9ses \/ \u00f6nk\u00f6lts\u00e9ges teljes idej\u0171 alap-, mester- \u00e9s osztatlan k\u00e9pz\u00e9sben, kor\u00e1bbi rendszer\u0171 egyetemi \u00e9s f\u0151iskolai szint\u0171 alapk\u00e9pz\u00e9sben, fels\u0151oktat\u00e1si szakk\u00e9pz\u00e9sben vagy fels\u0151fok\u00fa szakk\u00e9pz\u00e9sben, valamint doktori k\u00e9pz\u00e9sben vesznek r\u00e9szt. A p\u00e1ly\u00e1zat t\u00f6bb alkalommal is beny\u00fajthat\u00f3, ha a p\u00e1ly\u00e1z\u00f3 megfelel a ki\u00edr\u00e1sban foglalt felt\u00e9teleknek. Az \u00f6szt\u00f6nd\u00edjra val\u00f3 jogosults\u00e1g legkor\u00e1bbi id\u0151pontja 2022. m\u00e1jus 1.<\/p>\n<p>&nbsp;<\/p>\n<p><strong>II. A p\u00e1ly\u00e1zat beny\u00fajt\u00e1s\u00e1nak m\u00f3dja:<\/strong><\/p>\n<p>a) A p\u00e1ly\u00e1zat beny\u00fajt\u00e1s\u00e1nak helye:<\/p>\n<p>A p\u00e1ly\u00e1zatokat a Neptun \u2013 \u00dcgyint\u00e9z\u00e9s men\u00fc \u2013 K\u00e9rv\u00e9nyek men\u00fcpontban lehet leadni.<\/p>\n<p>b) A p\u00e1ly\u00e1zat beny\u00fajt\u00e1s\u00e1nak ideje:<\/p>\n<p>2022 j\u00fanius 1-t\u0151l kezd\u0151d\u0151en visszavon\u00e1sig minden h\u00f3nap els\u0151 napj\u00e1t\u00f3l a t\u00e1rgyh\u00f3 nyolcadik napja, 20:00-ig terjed\u0151 id\u0151szakban lehet beny\u00fajtani a p\u00e1ly\u00e1zatot a megel\u0151z\u0151 egy h\u00f3napra vonatkoz\u00f3 tev\u00e9kenys\u00e9gr\u0151l. Els\u0151 p\u00e1ly\u00e1z\u00e1si alkalommal a p\u00e1ly\u00e1zat szerinti tev\u00e9kenys\u00e9g ir\u00e1nyad\u00f3 id\u0151szaka 2022.05.01. \u00e9s 05.31. k\u00f6z\u00f6tti id\u0151szak. A p\u00e1ly\u00e1zat id\u0151tartama visszavon\u00e1sig tart.<\/p>\n<p>A hat\u00e1rid\u0151 be nem tart\u00e1sa jogveszt\u0151 hat\u00e1ly\u00fa. Hi\u00e1nyp\u00f3tl\u00e1sra nincs lehet\u0151s\u00e9g. A p\u00e1ly\u00e1zati id\u0151szak v\u00e9g\u00e9ig\u00a0 a p\u00e1ly\u00e1z\u00f3 k\u00f6teles leadni k\u00e9rv\u00e9ny\u00e9t. A k\u00e9rv\u00e9ny akkor sz\u00e1m\u00edt leadottnak, ha a Neptun \u2013 \u00dcgyint\u00e9z\u00e9s men\u00fc \u2013 K\u00e9rv\u00e9nyek men\u00fcpont \u2013 Leadott k\u00e9rv\u00e9nyek f\u00fcl alatt szerepel a k\u00e9rv\u00e9ny.<\/p>\n<p>A p\u00e1ly\u00e1z\u00e1s egy\u00e9ni, \u00edgy a csoportos beny\u00fajt\u00e1sra nincs lehet\u0151s\u00e9g.<\/p>\n<p>&nbsp;<\/p>\n<p><strong>III. Beny\u00fajtand\u00f3 igazol\u00e1sok, dokumentumok: <\/strong><\/p>\n<p>A k\u00e9rv\u00e9nykezel\u0151ben meghat\u00e1rozott \u0171rlap beny\u00fajt\u00e1sa sz\u00fcks\u00e9ges.<\/p>\n<p>&nbsp;<\/p>\n<p><strong>IV. Az elb\u00edr\u00e1l\u00e1s szempontja \u00e9s hat\u00e1rideje; elb\u00edr\u00e1l\u00e1s\u00e1ra jogosult test\u00fclet, vagy szem\u00e9ly: <\/strong><\/p>\n<p>Az \u00f6szt\u00f6nd\u00edjra val\u00f3 jogosults\u00e1g \u00e9s az \u00f6szt\u00f6nd\u00edj \u00f6sszege a III. pont szerinti dokumentum tartalm\u00e1ra tekintettel ker\u00fcl meg\u00e1llap\u00edt\u00e1sra. Az \u00f6szt\u00f6nd\u00edjban r\u00e9szes\u00fcl\u0151k k\u00f6r\u00e9re \u00e9s az \u00f6szt\u00f6nd\u00edj sz\u00e1m\u00edt\u00e1s\u00e1nak figyelembev\u00e9tel\u00e9vel az \u00f6szt\u00f6nd\u00edj m\u00e9rt\u00e9k\u00e9re vonatkoz\u00f3 javaslatot a Hallgat\u00f3i \u00d6nkorm\u00e1nyzat eln\u00f6ke k\u00e9sz\u00edti el\u0151 az \u00f6szt\u00f6nd\u00edj elb\u00edr\u00e1l\u00e1s\u00e1ra jogosult bizotts\u00e1g sz\u00e1m\u00e1ra, amely d\u00f6nt az \u00f6szt\u00f6nd\u00edjak oda\u00edt\u00e9l\u00e9s\u00e9r\u0151l az al\u00e1bbi szempontok szerint:<\/p>\n<p>Az elb\u00edr\u00e1l\u00e1s tov\u00e1bbi alapj\u00e1t a feladatell\u00e1t\u00e1ssal \u00e9rintett k\u00fcls\u0151 szervek \u00e1ltal megk\u00fcld\u00f6tt jelenl\u00e9ti statisztik\u00e1k, valamint az egyetem, illetve a Hallgat\u00f3i \u00d6nkorm\u00e1nyzat \u00e1ltal kezelt adatb\u00e1zis adatai figyelembev\u00e9tel\u00e9vel ker\u00fcl meg\u00e1llap\u00edt\u00e1sra, amelyet az elb\u00edr\u00e1l\u00e1sra jogosult bizotts\u00e1g hivatalb\u00f3l vizsg\u00e1l meg.<\/p>\n<p>Az \u00f6szt\u00f6nd\u00edjra p\u00e1ly\u00e1z\u00f3k sz\u00e1m\u00e1ra az \u00f6szt\u00f6nd\u00edj m\u00e9rt\u00e9ke napi:<\/p>\n<ul>\n<li>10 000 forint h\u00e9tk\u00f6znaponk\u00e9nt 8 \u00f3ra tev\u00e9kenys\u00e9g-v\u00e9gz\u00e9s\u00e9rt<\/li>\n<li>15 000 forint h\u00e9tk\u00f6znaponk\u00e9nt 12 \u00f3ra tev\u00e9kenys\u00e9g-v\u00e9gz\u00e9s\u00e9rt<\/li>\n<li>20 000 forint h\u00e9tv\u00e9gente \u00e9s \u00fcnnepnapon 8 \u00f3ra tev\u00e9kenys\u00e9g-v\u00e9gz\u00e9s\u00e9rt<\/li>\n<li>25 000 forint h\u00e9tv\u00e9gente \u00e9s \u00fcnnepnapon 12 \u00f3ra tev\u00e9kenys\u00e9g-v\u00e9gz\u00e9s\u00e9rt<\/li>\n<\/ul>\n<p>&nbsp;<\/p>\n<p>A b\u00edr\u00e1latot a TJSZ 8. \u00a7 (3) bekezd\u00e9s szerinti bizotts\u00e1g (K\u00f6z\u00e9leti bizotts\u00e1g) v\u00e9gzi, d\u00f6nt az \u00f6szt\u00f6nd\u00edj oda\u00edt\u00e9l\u00e9s\u00e9r\u0151l \u00e9s \u00f6sszeg\u00e9r\u0151l.<\/p>\n<p>Saj\u00e1t p\u00e1ly\u00e1zat\u00e1nak b\u00edr\u00e1lat\u00e1ban nem vehet r\u00e9szt az, aki az \u00f6szt\u00f6nd\u00edjra p\u00e1ly\u00e1zott.<\/p>\n<p>&nbsp;<\/p>\n<p><strong>V. Egy\u00e9b tudnival\u00f3k:<\/strong><\/p>\n<p>a) Adatkezel\u00e9s<\/p>\n<ul>\n<li>A p\u00e1ly\u00e1zat sor\u00e1n megadott szem\u00e9lyes adatok kezel\u00e9s\u00e9re, illetve feldolgoz\u00e1s\u00e1ra a H\u00d6K eln\u00f6ke, az \u00e1ltala ezzel megb\u00edzott szem\u00e9ly, tov\u00e1bb\u00e1 a b\u00edr\u00e1l\u00f3 bizotts\u00e1g jogosult. Ezen adatok kiz\u00e1r\u00f3lag a leadott p\u00e1ly\u00e1zat b\u00edr\u00e1lat\u00e1hoz, illetve feldolgoz\u00e1s\u00e1hoz ker\u00fclnek felhaszn\u00e1l\u00e1sra.<\/li>\n<li>A szem\u00e9lyes adatok kezel\u00e9s\u00e9vel, v\u00e9delm\u00e9vel kapcsolatban a p\u00e1ly\u00e1z\u00f3 az egyetem adatv\u00e9delmi tisztvisel\u0151j\u00e9hez fordulhat.<\/li>\n<\/ul>\n<p>b) A b\u00edr\u00e1latot el\u0151k\u00e9sz\u00edt\u0151 szem\u00e9ly lehet\u0151s\u00e9get adhat a k\u00e9rv\u00e9ny kijav\u00edt\u00e1s\u00e1ra a bead\u00e1st k\u00f6vet\u0151en.<\/p>\n<p>c) Jogorvoslat: \u00e1ltal\u00e1nos szab\u00e1lyok szerint.<\/p>\n<p>&nbsp;<\/p>\n<p>Budapest, 2022. 05. 28.<\/p>\n<p style=\"text-align: right\">Tripolszky B\u00e1lint<br \/>\neln\u00f6k<br \/>\nHallgat\u00f3i \u00d6nkorm\u00e1nyzat<\/p>\n","protected":false},"excerpt":{"rendered":"<p>A Semmelweis Egyetem Hallgat\u00f3i \u00d6nkorm\u00e1nyzata \u2013 a Kancell\u00e1r \u00e9s a Strat\u00e9giai \u00e9s Fejleszt\u00e9si Rektorhelyettes egyet\u00e9rt\u00e9s\u00e9vel \u2013 az ukr\u00e1n h\u00e1bor\u00fas helyzettel \u00f6sszef\u00fcgg\u0151 hallgat\u00f3i tev\u00e9kenys\u00e9g ut\u00e1n \u00f6szt\u00f6nd\u00edjat \u00edr ki 2022 j\u00fanius\u00e1t\u00f3l visszavon\u00e1sig az \u00f6szt\u00f6nd\u00edj elnyer\u00e9se c\u00e9lj\u00e1b\u00f3l a Semmelweis Egyetem T\u00e9r\u00edt\u00e9si \u00e9s Juttat\u00e1si Szab\u00e1lyzat 20. \u00a7 (5) \u00e9s (6) bekezd\u00e9sei alapj\u00e1n. Az \u00f6szt\u00f6nd\u00edj az ukr\u00e1n h\u00e1bor\u00fas helyzettel \u00f6sszef\u00fcgg\u0151 &hellip;<\/p>\n","protected":false},"author":101673,"featured_media":13415,"parent":0,"menu_order":16,"comment_status":"closed","ping_status":"closed","template":"","meta":{"_acf_changed":false,"footnotes":""},"categories":[766],"tags":[],"class_list":["post-13414","page","type-page","status-publish","has-post-thumbnail","hentry","category-archiv"],"acf":[],"_links":{"self":[{"href":"https:\/\/semmelweis.hu\/hok\/wp-json\/wp\/v2\/pages\/13414","targetHints":{"allow":["GET"]}}],"collection":[{"href":"https:\/\/semmelweis.hu\/hok\/wp-json\/wp\/v2\/pages"}],"about":[{"href":"https:\/\/semmelweis.hu\/hok\/wp-json\/wp\/v2\/types\/page"}],"author":[{"embeddable":true,"href":"https:\/\/semmelweis.hu\/hok\/wp-json\/wp\/v2\/users\/101673"}],"replies":[{"embeddable":true,"href":"https:\/\/semmelweis.hu\/hok\/wp-json\/wp\/v2\/comments?post=13414"}],"version-history":[{"count":5,"href":"https:\/\/semmelweis.hu\/hok\/wp-json\/wp\/v2\/pages\/13414\/revisions"}],"predecessor-version":[{"id":13420,"href":"https:\/\/semmelweis.hu\/hok\/wp-json\/wp\/v2\/pages\/13414\/revisions\/13420"}],"wp:featuredmedia":[{"embeddable":true,"href":"https:\/\/semmelweis.hu\/hok\/wp-json\/wp\/v2\/media\/13415"}],"wp:attachment":[{"href":"https:\/\/semmelweis.hu\/hok\/wp-json\/wp\/v2\/media?parent=13414"}],"wp:term":[{"taxonomy":"category","embeddable":true,"href":"https:\/\/semmelweis.hu\/hok\/wp-json\/wp\/v2\/categories?post=13414"},{"taxonomy":"post_tag","embeddable":true,"href":"https:\/\/semmelweis.hu\/hok\/wp-json\/wp\/v2\/tags?post=13414"}],"curies":[{"name":"wp","href":"https:\/\/api.w.org\/{rel}","templated":true}]}}