{"id":13279,"date":"2022-05-06T17:35:59","date_gmt":"2022-05-06T15:35:59","guid":{"rendered":"https:\/\/semmelweis.hu\/hok\/?page_id=13279"},"modified":"2023-10-30T01:08:42","modified_gmt":"2023-10-30T00:08:42","slug":"gyakori-kerdesek-etk-levelezo-hallgatoknak","status":"publish","type":"page","link":"https:\/\/semmelweis.hu\/hok\/rolunk\/bizottsagok\/oktatasi-bizottsag\/gyakori-kerdesek-etk-levelezo-hallgatoknak\/","title":{"rendered":"Gyakori k\u00e9rd\u00e9sek &#8211; ETK levelez\u0151 hallgat\u00f3knak"},"content":{"rendered":"<h2>\u00c1ltal\u00e1nos k\u00e9rd\u00e9sek<\/h2>\n<div class=\"exp-col-content-holder\"><a class=\"expand-cnt-link\" href=\"#\">Milyen szakokat lehet levelez\u0151n v\u00e9gezni a k\u00f6vetkez\u0151 tan\u00e9vben?<\/a><\/p>\n<div class=\"hidden-content\">\n<p class=\"hiddenContentp\">2022\/23-as tan\u00e9vben az al\u00e1bbiakat:<\/p>\n<p class=\"hiddenContentp\">&#8211; \u00e1pol\u00f3,<br \/>\n&#8211; dietetikus,<br \/>\n&#8211; ment\u0151tiszt,<br \/>\n&#8211; sz\u00fcl\u00e9szn\u0151,<br \/>\n&#8211; n\u00e9peg\u00e9szs\u00e9g\u00fcgyi ellen\u0151r,<br \/>\n&#8211; orvosi diagnosztikai analitikus \u2013 radiogr\u00e1fia,<br \/>\n&#8211; orvosi diagnosztikai analitikus \u2013 optometria<\/p>\n<\/div>\n<\/div>\n<div class=\"exp-col-content-holder\"><a class=\"expand-cnt-link\" href=\"#\">Tanulm\u00e1nyi napok mikor vannak?<\/a><\/p>\n<div class=\"hidden-content\">\n<p class=\"hiddenContentp\">A Semmelweis Egyetemen konzult\u00e1ci\u00f3s hetek vannak.<\/p>\n<p class=\"hiddenContentp\">Havonta egy h\u00e9t az oktat\u00e1s. Az al\u00e1bbi linken l\u00e1that\u00f3ak a levelez\u0151s hallgat\u00f3k \u00f3rarendjei is: <a href=\"https:\/\/semmelweis.hu\/etk\/hallgatoi-informaciok\/aktualis-tanev\/\" target=\"_blank\" rel=\"noopener\">https:\/\/semmelweis.hu\/etk\/hallgatoi-informaciok\/aktualis-tanev\/<\/a><\/p>\n<\/div>\n<\/div>\n<div class=\"exp-col-content-holder\"><a class=\"expand-cnt-link\" href=\"#\">Oktat\u00e1si h\u00e9ten k\u00edv\u00fcl nincsenek \u00f3r\u00e1k egy\u00e1ltal\u00e1n?<\/a><\/p>\n<div class=\"hidden-content\">\n<p class=\"hiddenContentp\">Alkalmank\u00e9nt van egy-k\u00e9t \u00f3ra ami ezeken a heteken k\u00edv\u00fcl esik bizonyos szakir\u00e1nyokn\u00e1l.<\/p>\n<p class=\"hiddenContentp\">Az al\u00e1bbi linken l\u00e1that\u00f3ak a levelez\u0151s hallgat\u00f3k \u00f3rarendjei is: <a href=\"https:\/\/semmelweis.hu\/etk\/hallgatoi-informaciok\/aktualis-tanev\" target=\"_blank\" rel=\"noopener\">https:\/\/semmelweis.hu\/etk\/hallgatoi-informaciok\/aktualis-tanev<\/a><\/p>\n<\/div>\n<\/div>\n<div class=\"exp-col-content-holder\"><a class=\"expand-cnt-link\" href=\"#\">Hol van az oktat\u00e1s helysz\u00edne?<\/a><\/p>\n<div class=\"hidden-content\">\n<p class=\"hiddenContentp\">Vas utcai illetve az Erkel utcai \u00e9p\u00fcletekben lehetnek \u00f3r\u00e1k levelez\u0151s hallgat\u00f3k eset\u00e9ben. Itt megtal\u00e1lhat\u00f3ak az ETK \u00e9p\u00fcletei: <a href=\"https:\/\/semmelweis.hu\/hok\/dokumentumtar\/hallgatoi-terek-szolgaltatasok\/\" target=\"_blank\" rel=\"noopener\">https:\/\/semmelweis.hu\/hok\/dokumentumtar\/hallgatoi-terek-szolgaltatasok\/<\/a><\/p>\n<\/div>\n<\/div>\n<div class=\"exp-col-content-holder\"><a class=\"expand-cnt-link\" href=\"#\">\u00d6szt\u00f6nd\u00edjak j\u00e1rnak a levelez\u0151 hallgat\u00f3knak?<\/a><\/p>\n<div class=\"hidden-content\">\n<p class=\"hiddenContentp\">Levelez\u0151 hallgat\u00f3k sz\u00e1m\u00e1ra nem lehet tanulm\u00e1nyi vagy szoci\u00e1lis \u00f6szt\u00f6nd\u00edjat meg\u00edt\u00e9lni.<\/p>\n<\/div>\n<\/div>\n<div class=\"exp-col-content-holder\"><a class=\"expand-cnt-link\" href=\"#\">Kapunk di\u00e1kigazolv\u00e1nyt? Mire haszn\u00e1lhatom?<\/a><\/p>\n<div class=\"hidden-content\">\n<p class=\"hiddenContentp\">Igen. Sz\u00e1mos helyen elfogadj\u00e1k, de BKK b\u00e9rletv\u00e1s\u00e1rl\u00e1shoz p\u00e9ld\u00e1ul nem \u00e9rv\u00e9nyes. Lak\u00f3hely \u00e9s az oktat\u00e1si int\u00e9zm\u00e9ny k\u00f6z\u00f6tti szakaszra a M\u00c1V biztos\u00edt kedvezm\u00e9nyes jegyet. Sz\u00e1mos online fel\u00fcleten elfogadj\u00e1k a levelez\u0151s di\u00e1kigazolv\u00e1nyt is (pl. Spotify-on).<\/p>\n<\/div>\n<\/div>\n<div class=\"exp-col-content-holder\"><a class=\"expand-cnt-link\" href=\"#\">Ha nem dolgozom, az egyetem fizeti ut\u00e1nam a TB-t vagy nekem kell?<\/a><\/p>\n<div class=\"hidden-content\">\n<p class=\"hiddenContentp\">Amennyiben valaki r\u00e9szid\u0151s k\u00e9pz\u00e9sben vesz r\u00e9szt \u00e9s nem fizeti ut\u00e1na munk\u00e1ltat\u00f3 a TB-t, a hallgat\u00f3nak mag\u00e1nak kell azt befizetni.<\/p>\n<\/div>\n<\/div>\n<div class=\"exp-col-content-holder\"><a class=\"expand-cnt-link\" href=\"#\">Erasmusra mehetek levelez\u0151s hallgat\u00f3k\u00e9nt?<\/a><\/p>\n<div class=\"hidden-content\">\n<p class=\"hiddenContentp\">Igen, p\u00e1ly\u00e1zhat levelez\u0151s hallgat\u00f3 is.<\/p>\n<\/div>\n<\/div>\n<div class=\"exp-col-content-holder\"><a class=\"expand-cnt-link\" href=\"#\">K\u00fcls\u0151s klinikai gyakorlatok mikor lesznek? A konzult\u00e1ci\u00f3s heteken fel\u00fcl kell sz\u00e1molni, vagy be lesznek \u00e9p\u00edtve az \u00f3rarendbe, oktat\u00e1si h\u00e9ten lesznek? Ny\u00e1ri gyakorlatok lesznek, \u00e9s ha igen mennyi?<\/a><\/p>\n<div class=\"hidden-content\">\n<p class=\"hiddenContentp\">A klinikai gyakorlatok nem csak tanulm\u00e1nyi heteken vannak. Szakir\u00e1nyokt\u00f3l f\u00fcgg\u0151en lehetnek ny\u00e1ri id\u0151pontban is.<\/p>\n<\/div>\n<\/div>\n<div class=\"exp-col-content-holder\"><a class=\"expand-cnt-link\" href=\"#\">Ha pl. seb\u00e9szeten dolgozom nem kell seb\u00e9szet gyakorlatra mennem?<\/a><\/p>\n<div class=\"hidden-content\">\n<p class=\"hiddenContentp\">Szakir\u00e1nyonk\u00e9nt \u00e9s munkahelyenk\u00e9nt v\u00e1ltoz\u00f3, hogy lehet-e a gyakorlatot a saj\u00e1t munkahelyen t\u00f6lteni.<\/p>\n<\/div>\n<\/div>\n<div class=\"exp-col-content-holder\"><a class=\"expand-cnt-link\" href=\"#\">A levelez\u0151n szerzett diploma egyen\u00e9rt\u00e9k\u0171 a nappalis diplom\u00e1val? Szerepel benne, hogy levelez\u0151n szereztem?<\/a><\/p>\n<div class=\"hidden-content\">\n<p class=\"hiddenContentp\">A levelez\u0151s diploma egyen\u00e9rt\u00e9k\u0171 a nappalis diplom\u00e1val. A diplom\u00e1ban fel van t\u00fcntetve a k\u00e9pz\u00e9s munkarendje.<\/p>\n<\/div>\n<\/div>\n<div class=\"exp-col-content-holder\"><a class=\"expand-cnt-link\" href=\"#\">A z\u00e1r\u00f3vizsga k\u00f6vetelm\u00e9nyek ugyanazok, mint a nappalis hallgat\u00f3knak?<\/a><\/p>\n<div class=\"hidden-content\">\n<p class=\"hiddenContentp\">Igen, ugyanaz a z\u00e1r\u00f3vizsga k\u00f6vetelm\u00e9ny nappalis \u00e9s r\u00e9szid\u0151s hallgat\u00f3knak.<\/p>\n<\/div>\n<\/div>\n<div class=\"exp-col-content-holder\"><a class=\"expand-cnt-link\" href=\"#\">Milyen kedvezm\u00e9nyek j\u00e1rnak kisgyermek mellett?<\/a><\/p>\n<div class=\"hidden-content\">\n<p class=\"hiddenContentp\">Amennyiben valakinek \u00fajsz\u00fcl\u00f6tt gyermeke van, k\u00e9rhet \u201ekiv\u00e9teles tanrendet\u201d. Ebben az esetben el\u0151ad\u00e1sokra nem kell bej\u00e1rni.<\/p>\n<\/div>\n<\/div>\n<div class=\"exp-col-content-holder\"><a class=\"expand-cnt-link\" href=\"#\">Van \u00e1tj\u00e1r\u00e1s a levelez\u0151s \u00e9s a nappalis k\u00e9pz\u00e9s k\u00f6z\u00f6tt? Mik a felt\u00e9telei?<\/a><\/p>\n<div class=\"hidden-content\">\n<p class=\"hiddenContentp\">Van r\u00e1 lehet\u0151s\u00e9g. A hallgat\u00f3 k\u00e9rheti \u00e1tv\u00e9tel\u00e9t. Nincs k\u00fcl\u00f6nb\u00f6zeti vizsga. A Tanulm\u00e1nyi \u00e9s Vizsgabizotts\u00e1gt\u00f3l kell k\u00e9relmezni egy adott f\u00e9l\u00e9v megkezd\u00e9se el\u0151tt.<\/p>\n<\/div>\n<\/div>\n<p>&nbsp;<\/p>\n<h2>Tant\u00e1rgyfelv\u00e9tel, beiratkoz\u00e1s<\/h2>\n<div class=\"exp-col-content-holder\"><a class=\"expand-cnt-link\" href=\"#\">Hogyan tudom felvenni a t\u00e1rgyaimat?<\/a><\/p>\n<div class=\"hidden-content\">\n<p class=\"hiddenContentp\">T\u00e1rgyaidat a meghirdetett regisztr\u00e1ci\u00f3s id\u0151szak alatt van lehet\u0151s\u00e9ged felvenni. Ennek \u00e9rdek\u00e9ben be kell l\u00e9pned a NEPTUN Rendszerbe, amit a D\u00e9k\u00e1ni Hivatal \u00e1ltal post\u00e1zott NEPTUN k\u00f3d seg\u00edts\u00e9g\u00e9vel tudsz megtenni. Fontos, hogy miel\u0151tt hevesen nekikezden\u00e9l a t\u00e1rgyfelv\u00e9telnek, ne felejts el <strong>beiratkozni<\/strong>! Ezt az \u00dcgyint\u00e9z\u00e9s\/Beiratkoz\u00e1s\/Bejelentkez\u00e9s men\u00fcpont alatt teheted meg. Ha mindezzel k\u00e9sz vagy, a T\u00e1rgyak\/T\u00e1rgyfelv\u00e9tel men\u00fcpontn\u00e1l neki is kezdhetsz a t\u00e1rgyfelv\u00e9telnek. \u00c9rdemes a t\u00e1rgyakat az aj\u00e1nlott f\u00e9l\u00e9vre kattintva list\u00e1zni. \u00cdgy k\u00f6nnyebb lesz megtal\u00e1lni az adott f\u00e9l\u00e9vhez tartoz\u00f3 t\u00e1rgyakat.<\/p>\n<\/div>\n<\/div>\n<div class=\"exp-col-content-holder\"><a class=\"expand-cnt-link\" href=\"#\">Mire \u00e9rdemes odafigyelni t\u00e1rgyfelv\u00e9tel sor\u00e1n?<\/a><\/p>\n<div class=\"hidden-content\">\n<p class=\"hiddenContentp\">&#8211; Ne felejtsd el a sz\u00e1modra NEPTUN \u00fczenetben kik\u00fcld\u00f6tt <strong>mintatanterv<\/strong> k\u00f6telez\u0151 t\u00e1rgyait a regisztr\u00e1ci\u00f3s id\u0151szak lez\u00e1rulta el\u0151tt felvenni!<\/p>\n<p class=\"hiddenContentp\">&#8211; T\u00e1rgyaidat k\u00f6telez\u0151 <strong>saj\u00e1t csoportodhoz<\/strong> felvenned!<\/p>\n<\/div>\n<\/div>\n<div class=\"exp-col-content-holder\"><a class=\"expand-cnt-link\" href=\"#\">Milyen k\u00f6vetelm\u00e9nyeknek kell megfelelni a jogviszony fenntart\u00e1s\u00e1hoz?<\/a><\/p>\n<div class=\"hidden-content\">\n<p class=\"hiddenContentp\">A r\u00e9szleteket a 16. \u00a7 [A hallgat\u00f3i jogviszony sz\u00fcnetel\u00e9se, megsz\u0171n\u00e9se] c\u00edm\u0171 bekezd\u00e9sben tal\u00e1lod a Tanulm\u00e1nyi \u00e9s Vizsgaszab\u00e1lyzatban. <a href=\"https:\/\/semmelweis.hu\/dei\/ugyintezes\/tanulmanyi-ugyintezes\/tanulmanyi-es-vizsgaszabalyzat\/\" target=\"_blank\" rel=\"noopener\">https:\/\/semmelweis.hu\/dei\/ugyintezes\/tanulmanyi-ugyintezes\/tanulmanyi-es-vizsgaszabalyzat\/<\/a><\/p>\n<\/div>\n<\/div>\n<p>&nbsp;<\/p>\n<h2>Kreditrendszer<\/h2>\n<div class=\"exp-col-content-holder\"><a class=\"expand-cnt-link\" href=\"#\">Mi az a kredit?<\/a><\/p>\n<div class=\"hidden-content\">\n<p class=\"hiddenContentp\">A kredit az egyes tant\u00e1rgyakhoz rendelt tanulm\u00e1nyi pont. A t\u00e1rgy sikeres teljes\u00edt\u00e9se eset\u00e9n megkapod a hozz\u00e1rendelt kreditpontot.<\/p>\n<\/div>\n<\/div>\n<div class=\"exp-col-content-holder\"><a class=\"expand-cnt-link\" href=\"#\">H\u00e1ny kreditet kell teljes\u00edteni levelez\u0151n?<\/a><\/p>\n<div class=\"hidden-content\">\n<p class=\"hiddenContentp\">Ugyanannyit mint nappalin. A teljes\u00edtend\u0151 kreditek sz\u00e1ma megtal\u00e1lhat\u00f3 az al\u00e1bbi oldalon az egyes szakir\u00e1nyokn\u00e1l k\u00fcl\u00f6n-k\u00fcl\u00f6n felt\u00fcntetve, ezeket a bal oldali men\u00fcb\u0151l \u00e9ritek el: <a href=\"https:\/\/semmelweis.hu\/etk\/oktatas\/alapkepzesek-bsc\/\" target=\"_blank\" rel=\"noopener\">https:\/\/semmelweis.hu\/etk\/oktatas\/alapkepzesek-bsc\/<\/a><\/p>\n<\/div>\n<\/div>\n<div class=\"exp-col-content-holder\"><a class=\"expand-cnt-link\" href=\"#\">K\u00f6telez\u0151, szabadon v\u00e1laszthat\u00f3, mib\u0151l mennyit?<\/a><\/p>\n<div class=\"hidden-content\">\n<p class=\"hiddenContentp\">\u2013 K\u00f6telez\u0151 tant\u00e1rgy: az a tant\u00e1rgy melynek teljes\u00edt\u00e9se a szakon mindenki sz\u00e1m\u00e1ra k\u00f6telez\u0151, \u00e9s nem helyettes\u00edthet\u0151 m\u00e1ssal.<\/p>\n<p class=\"hiddenContentp\">\u2013 Szabadon v\u00e1laszthat\u00f3 tant\u00e1rgy eset\u00e9ben az int\u00e9zm\u00e9ny nem korl\u00e1tozhatja a hallgat\u00f3 v\u00e1laszt\u00e1s\u00e1t. B\u00e1rmely m\u00e1sik karon, meghirdetett tant\u00e1rgy, amit a hallgat\u00f3 felvesz, szabadon v\u00e1laszthat\u00f3k\u00e9nt ker\u00fcl elismer\u00e9sre.<\/p>\n<p class=\"hiddenContentp\">Minden szakir\u00e1nynak meghat\u00e1rozott sz\u00e1m\u00fa szabadon v\u00e1laszthat\u00f3, illetve k\u00f6telez\u0151 kreditet kell teljes\u00edteni.<\/p>\n<\/div>\n<\/div>\n<div class=\"exp-col-content-holder\"><a class=\"expand-cnt-link\" href=\"#\">Kreditb\u0151l t\u00f6bbet vagy kevesebbet? Mik a fontos szab\u00e1lyok?<\/a><\/p>\n<div class=\"hidden-content\">\n<p class=\"hiddenContentp\">Az el\u0151\u00edrt kreditsz\u00e1mon t\u00fal, plusz 10%-nyi kreditet vehetsz fel b\u00e1rmif\u00e9le fizet\u00e9si k\u00f6telezetts\u00e9g n\u00e9lk\u00fcl. Az ezen fel\u00fcl felvett kreditek ut\u00e1n fizetned kell. Amennyiben nincs meg a megfelel\u0151 sz\u00e1m\u00fa kredit valakinek, nem \u00e1llamvizsg\u00e1zhat \u00e9s abszolut\u00f3riumot sem kaphat.<\/p>\n<\/div>\n<\/div>\n<p>&nbsp;<\/p>\n<h2>Vizsg\u00e1k<\/h2>\n<div class=\"exp-col-content-holder\"><a class=\"expand-cnt-link\" href=\"#\">H\u00e1nyszor vizsg\u00e1zhatok?<\/a><\/p>\n<div class=\"hidden-content\">\n<p class=\"hiddenContentp\">Sikertelen vagy jav\u00edtani k\u00edv\u00e1nt vizsg\u00e1t k\u00e9tszer lehet \u00fajra megpr\u00f3b\u00e1lni (jav\u00edt\u00f3 vizsga \u00e9s ism\u00e9tl\u0151 jav\u00edt\u00f3 vizsga form\u00e1j\u00e1ban), teh\u00e1t \u00f6sszesen h\u00e1romszor, illetve tan\u00e9venk\u00e9nt egyszer, 1 t\u00e1rgyb\u00f3l negyedik alkalomra is jogosult a hallgat\u00f3 d\u00e9k\u00e1ni enged\u00e9llyel. A harmadik \u00e9s negyedik vizsga alkalm\u00e1val ut\u00f3vizsga d\u00edjat kell fizetni, melyr\u0151l csekket a D\u00e9k\u00e1ni Hivatalban tudsz k\u00e9rni, de online form\u00e1ban, a Neptun Rendszeren kereszt\u00fcl is eleget tehetsz fizet\u00e9si k\u00f6telezetts\u00e9gednek.<\/p>\n<p class=\"hiddenContentp\">A nemzeti fels\u0151oktat\u00e1si t\u00f6rv\u00e9ny \u00f6sszesen 6 vizsg\u00e1t enged\u00e9lyez.<\/p>\n<\/div>\n<\/div>\n<div class=\"exp-col-content-holder\"><a class=\"expand-cnt-link\" href=\"#\">Mi t\u00f6rt\u00e9nik, ha nem megyek el egy vizsg\u00e1ra?<\/a><\/p>\n<div class=\"hidden-content\">\n<p class=\"hiddenContentp\">Ebben az esetben a Neptun Rendszerbe beker\u00fcl a \u201eNem jelent meg\u201d bejegyz\u00e9s az adott vizsg\u00e1hoz. Ilyenkor 2 lehet\u0151s\u00e9g adott:<\/p>\n<p class=\"hiddenContentp\">\u2013 Igazolja a hallgat\u00f3 a hi\u00e1nyz\u00e1s\u00e1nak ok\u00e1t az int\u00e9zetn\u00e9l. (A felvett (r\u00e9sz)vizsg\u00e1r\u00f3l val\u00f3 t\u00e1voll\u00e9tet a hallgat\u00f3 k\u00f6teles 3 munkanapon bel\u00fcl szem\u00e9lyesen, \u00edr\u00e1sban, elektronikusan vagy meghatalmazott \u00fatj\u00e1n a vizsg\u00e1t szervez\u0151 oktat\u00e1si-kutat\u00e1si szervezeti egys\u00e9gn\u00e9l igazolni). Ebben az esetben nem sz\u00e1m\u00edt elhaszn\u00e1lt vizsgaalkalomnak.<\/p>\n<p class=\"hiddenContentp\">\u2013\u00a0 Vagy a hallgat\u00f3 kifizeti a t\u00e1volmarad\u00e1si d\u00edjat, ami az adott szab\u00e1lyzat \u00e9rtelm\u00e9ben 7500 Ft + 7500 Ft \u00fcgyint\u00e9z\u0151i d\u00edj.<\/p>\n<p class=\"hiddenContentp\">Hogyha valaki el\u0151re tudja, hogy nem tud r\u00e9szt venni a vizsg\u00e1n, \u00e9rdemes ink\u00e1bb lejelentkeznie r\u00f3la.<\/p>\n<\/div>\n<\/div>\n<div class=\"exp-col-content-holder\"><a class=\"expand-cnt-link\" href=\"#\">Mikor mehetek \u00fajra vizsg\u00e1zni?<\/a><\/p>\n<div class=\"hidden-content\">\n<p class=\"hiddenContentp\">Ism\u00e9tl\u0151 vizsg\u00e1t leghamarabb a vizsg\u00e1t k\u00f6vet\u0151 24 \u00f3ra eltelt\u00e9vel lehet tenni. Pl.: ha sikertelen vizsg\u00e1t teszek kedden, akkor szerd\u00e1n mehetek jav\u00edtani.<\/p>\n<\/div>\n<\/div>\n<div class=\"exp-col-content-holder\"><a class=\"expand-cnt-link\" href=\"#\">Ha sikeresen letettem egy vizsg\u00e1t, de jav\u00edtani szeretn\u00e9m, akkor a jav\u00edt\u00f3 vizsg\u00e1n megbukhatok?<\/a><\/p>\n<div class=\"hidden-content\">\n<p class=\"hiddenContentp\">Igen. Abban az esetben, ha a jav\u00edt\u00f3 vizsga eredm\u00e9nye el\u00e9gtelen, akkor az beker\u00fcl az elektronikus leckek\u00f6nyvbe \u00e9s az el\u0151z\u0151 eredm\u00e9ny \u00e9rv\u00e9ny\u00e9t veszti.<\/p>\n<\/div>\n<\/div>\n<div class=\"exp-col-content-holder\"><a class=\"expand-cnt-link\" href=\"#\">Az \u00edr\u00e1sbeli vizsg\u00e1m ut\u00e1n megn\u00e9zhetem a kijav\u00edtott dolgozatomat?<\/a><\/p>\n<div class=\"hidden-content\">\n<p class=\"hiddenContentp\">A hallgat\u00f3nak vizsgaid\u0151szak id\u0151tartama alatt lehet\u0151s\u00e9g van &#8211; az oktat\u00f3val egyeztetett id\u0151pontban -, hogy a vizsgadolgozat\u00e1t \u00e1tn\u00e9zze, arr\u00f3l a vizsg\u00e1ztat\u00f3val konzult\u00e1ljon. Pontsz\u00e1m\u00edt\u00e1si hiba, illetve helytelen \u00e9rt\u00e9kel\u00e9s eset\u00e9n az oktat\u00f3 a vizsgadolgozat \u00e9rdemjegy\u00e9t megfelel\u0151en m\u00f3dos\u00edtja.<\/p>\n<\/div>\n<\/div>\n<h2>\u00a0<\/h2>\n<h2>Hasznos linkek<\/h2>\n<ul style=\"list-style-type: disc\">\n<li>Tan\u00e9v inform\u00e1ci\u00f3k: <a href=\"https:\/\/semmelweis.hu\/etk\/hallgatoi-informaciok\/aktualis-tanev\/\" target=\"_blank\" rel=\"noopener\">https:\/\/semmelweis.hu\/etk\/hallgatoi-informaciok\/aktualis-tanev\/<\/a><\/li>\n<li>Tanulm\u00e1nyi inform\u00e1ci\u00f3k: <a href=\"https:\/\/semmelweis.hu\/etk\/hallgatoi-informaciok\/tanulmanyi-informaciok\/\" target=\"_blank\" rel=\"noopener\">https:\/\/semmelweis.hu\/etk\/hallgatoi-informaciok\/tanulmanyi-informaciok\/<\/a><\/li>\n<li>Hallgat\u00f3i szolg\u00e1ltat\u00e1sok: <a href=\"https:\/\/semmelweis.hu\/etk\/hallgatoi-informaciok\/hallgatoi-szolgaltatasok\/\" target=\"_blank\" rel=\"noopener\">https:\/\/semmelweis.hu\/etk\/hallgatoi-informaciok\/hallgatoi-szolgaltatasok\/<\/a><\/li>\n<li>ERASMUS: <a href=\"https:\/\/semmelweis.hu\/etk\/hallgatoi-informaciok\/kulfoldi-osztondijak\/\" target=\"_blank\" rel=\"noopener\">https:\/\/semmelweis.hu\/etk\/hallgatoi-informaciok\/kulfoldi-osztondijak\/<\/a><\/li>\n<li>H\u00d6K oldala: <a href=\"https:\/\/semmelweis.hu\/hok\/\" target=\"_blank\" rel=\"noopener\">https:\/\/semmelweis.hu\/hok\/<\/a><\/li>\n<li>Hallgat\u00f3i terek, szolg\u00e1ltat\u00e1sok: <a href=\"https:\/\/semmelweis.hu\/hok\/dokumentumtar\/hallgatoi-terek-szolgaltatasok\/\" target=\"_blank\" rel=\"noopener\">https:\/\/semmelweis.hu\/hok\/dokumentumtar\/hallgatoi-terek-szolgaltatasok\/<\/a><\/li>\n<li>H\u00d6K k\u00e9pvisel\u0151k el\u00e9rhet\u0151s\u00e9gei: <a href=\"https:\/\/semmelweis.hu\/hok\/rolunk\/hok-kozponti-testuletek\/bizottsagok\/oktatasi-bizottsag\/\" target=\"_blank\" rel=\"noopener\">https:\/\/semmelweis.hu\/hok\/rolunk\/hok-kozponti-testuletek\/bizottsagok\/oktatasi-bizottsag\/<\/a><\/li>\n<\/ul>\n<div class=\"entry-content\">\n<h2 style=\"text-align: center\"><em><strong>Maradt m\u00e9g k\u00e9rd\u00e9sem. Kihez fordulhatok?<\/strong><\/em><\/h2>\n<p style=\"text-align: center\"><strong>\u00cdrj nek\u00fcnk bizalommal a <a href=\"https:\/\/semmelweis.hu\/hok\/elerhetoseg\/irj-nekunk\/\" target=\"_blank\" rel=\"noopener\">weboldalunkon kereszt\u00fcl<\/a>, vagy keress minket a <a href=\"https:\/\/linktr.ee\/sehok\" target=\"_blank\" rel=\"noopener\">k\u00f6z\u00f6ss\u00e9gi fel\u00fcleteinken<\/a>!<\/strong><\/p>\n<\/div>\n","protected":false},"excerpt":{"rendered":"<p>\u00c1ltal\u00e1nos k\u00e9rd\u00e9sek <a class=\"expand-cnt-link\" href=\"#\">Milyen szakokat lehet levelez\u0151n v\u00e9gezni a k\u00f6vetkez\u0151 tan\u00e9vben?<\/a> 2022\/23-as tan\u00e9vben az al\u00e1bbiakat: &#8211; \u00e1pol\u00f3, &#8211; dietetikus, &#8211; ment\u0151tiszt, &#8211; sz\u00fcl\u00e9szn\u0151, &#8211; n\u00e9peg\u00e9szs\u00e9g\u00fcgyi ellen\u0151r, &#8211; orvosi diagnosztikai analitikus \u2013 radiogr\u00e1fia, &#8211; orvosi diagnosztikai analitikus \u2013 optometria <a class=\"expand-cnt-link\" href=\"#\">Tanulm\u00e1nyi napok mikor vannak?<\/a> A Semmelweis Egyetemen konzult\u00e1ci\u00f3s hetek vannak. Havonta egy h\u00e9t az oktat\u00e1s. Az al\u00e1bbi linken l\u00e1that\u00f3ak a levelez\u0151s hallgat\u00f3k \u00f3rarendjei is: <a href=\"https:\/\/semmelweis.hu\/etk\/hallgatoi-informaciok\/aktualis-tanev\/\" target=\"_blank\" rel=\"noopener\">https:\/\/semmelweis.hu\/etk\/hallgatoi-informaciok\/aktualis-tanev\/<\/a> <a class=\"expand-cnt-link\" href=\"#\">Oktat\u00e1si h\u00e9ten k\u00edv\u00fcl nincsenek \u00f3r\u00e1k egy\u00e1ltal\u00e1n?<\/a> Alkalmank\u00e9nt van egy-k\u00e9t \u00f3ra ami ezeken &hellip;<\/p>\n","protected":false},"author":101673,"featured_media":0,"parent":7463,"menu_order":2,"comment_status":"closed","ping_status":"closed","template":"","meta":{"_acf_changed":false,"footnotes":""},"categories":[],"tags":[],"class_list":["post-13279","page","type-page","status-publish","hentry"],"acf":[],"_links":{"self":[{"href":"https:\/\/semmelweis.hu\/hok\/wp-json\/wp\/v2\/pages\/13279","targetHints":{"allow":["GET"]}}],"collection":[{"href":"https:\/\/semmelweis.hu\/hok\/wp-json\/wp\/v2\/pages"}],"about":[{"href":"https:\/\/semmelweis.hu\/hok\/wp-json\/wp\/v2\/types\/page"}],"author":[{"embeddable":true,"href":"https:\/\/semmelweis.hu\/hok\/wp-json\/wp\/v2\/users\/101673"}],"replies":[{"embeddable":true,"href":"https:\/\/semmelweis.hu\/hok\/wp-json\/wp\/v2\/comments?post=13279"}],"version-history":[{"count":7,"href":"https:\/\/semmelweis.hu\/hok\/wp-json\/wp\/v2\/pages\/13279\/revisions"}],"predecessor-version":[{"id":16183,"href":"https:\/\/semmelweis.hu\/hok\/wp-json\/wp\/v2\/pages\/13279\/revisions\/16183"}],"up":[{"embeddable":true,"href":"https:\/\/semmelweis.hu\/hok\/wp-json\/wp\/v2\/pages\/7463"}],"wp:attachment":[{"href":"https:\/\/semmelweis.hu\/hok\/wp-json\/wp\/v2\/media?parent=13279"}],"wp:term":[{"taxonomy":"category","embeddable":true,"href":"https:\/\/semmelweis.hu\/hok\/wp-json\/wp\/v2\/categories?post=13279"},{"taxonomy":"post_tag","embeddable":true,"href":"https:\/\/semmelweis.hu\/hok\/wp-json\/wp\/v2\/tags?post=13279"}],"curies":[{"name":"wp","href":"https:\/\/api.w.org\/{rel}","templated":true}]}}