{"id":13159,"date":"2022-04-13T19:58:19","date_gmt":"2022-04-13T17:58:19","guid":{"rendered":"https:\/\/semmelweis.hu\/hok\/?page_id=13159"},"modified":"2023-07-26T20:11:48","modified_gmt":"2023-07-26T18:11:48","slug":"egyetemi-konyvtarak","status":"publish","type":"page","link":"https:\/\/semmelweis.hu\/hok\/hasznos\/hallgatoi-terek-szolgaltatasok\/egyetemi-konyvtarak\/","title":{"rendered":"K\u00f6nyvt\u00e1rak"},"content":{"rendered":"<p>Az egyetemi \u00e9vek alatt k\u00f6zponti szerepet kap az \u00e9letetekben a tanul\u00e1s. Szorgalmi id\u0151szakban \u00e9s f\u0151leg vizsgaid\u0151szakban nagyon sok motiv\u00e1ci\u00f3t mer\u00edthettek abb\u00f3l, ha t\u00e1rsaitokkal k\u00f6z\u00f6sen k\u00fczditek \u00e1t magatokat az egyetem kih\u00edv\u00e1sain. A k\u00f6z\u00f6s tanul\u00e1sok, besz\u00e9lget\u00e9sek \u00e9s olykor kikapcsol\u00f3d\u00e1s sz\u00ednterei az egyetemi k\u00f6nyvt\u00e1rak.<\/p>\n<p style=\"text-align: center\">\n<!-- iframe plugin v.4.9 wordpress.org\/plugins\/iframe\/ -->\n<iframe loading=\"lazy\" width=\"560\" height=\"315\" src=\"https:\/\/www.youtube.com\/embed\/1EsC1v5Dt2k\" title=\"YouTube video player\" frameborder=\"0\" allow=\"accelerometer; autoplay; clipboard-write; encrypted-media; gyroscope; picture-in-picture\" 0=\"allowfullscreen\" scrolling=\"yes\" class=\"iframe-class\"><\/iframe>\n<\/p>\n<p>&nbsp;<\/p>\n<p><strong>Miksz\u00e1th t\u00e9ri K\u00f6zponti K\u00f6nyvt\u00e1r\u00a0<\/strong><\/p>\n<p><span data-contrast=\"auto\">C\u00edm: 1088 Budapest, Miksz\u00e1th K\u00e1lm\u00e1n t\u00e9r 5.<\/span><span data-ccp-props=\"{&quot;134233117&quot;:false,&quot;134233118&quot;:false,&quot;201341983&quot;:0,&quot;335551550&quot;:6,&quot;335551620&quot;:6,&quot;335559738&quot;:0,&quot;335559739&quot;:0,&quot;335559740&quot;:259}\">\u00a0<\/span><\/p>\n<p><span data-contrast=\"auto\">Nyitvatart\u00e1si id\u0151: h\u00e9tf\u0151-vas\u00e1rnap 0-24 \u00f3r\u00e1ig<\/span>\u00a0<br \/>\n<span data-ccp-props=\"{&quot;134233117&quot;:false,&quot;134233118&quot;:false,&quot;201341983&quot;:0,&quot;335551550&quot;:6,&quot;335551620&quot;:6,&quot;335559738&quot;:0,&quot;335559739&quot;:0,&quot;335559740&quot;:259}\">\u00a0<\/span><\/p>\n<p><span data-contrast=\"auto\">F\u00e9r\u0151helyek sz\u00e1ma: 197, ebb\u0151l 58 sz\u00e1m\u00edt\u00f3g\u00e9pes<\/span>\u00a0<br \/>\n<span data-ccp-props=\"{&quot;134233117&quot;:false,&quot;134233118&quot;:false,&quot;201341983&quot;:0,&quot;335551550&quot;:6,&quot;335551620&quot;:6,&quot;335559738&quot;:0,&quot;335559739&quot;:0,&quot;335559740&quot;:259}\">\u00a0<\/span><\/p>\n<p><span data-contrast=\"auto\">K\u00f6lcs\u00f6nz\u00e9si id\u0151: h\u00e9tf\u0151-szerda-cs\u00fct\u00f6rt\u00f6k 9-16 \u00f3r\u00e1ig, kedd 9-18 \u00f3r\u00e1ig, p\u00e9ntek 9-14 \u00f3r\u00e1ig<\/span><span data-ccp-props=\"{&quot;134233117&quot;:false,&quot;134233118&quot;:false,&quot;201341983&quot;:0,&quot;335551550&quot;:6,&quot;335551620&quot;:6,&quot;335559738&quot;:0,&quot;335559739&quot;:0,&quot;335559740&quot;:259}\">\u00a0<\/span><\/p>\n<p><span data-contrast=\"auto\">K\u00f6lcs\u00f6nz\u00e9si hat\u00e1rid\u0151: 30 nap (egyszerre maximum 3 szakk\u00f6nyv)<\/span><span data-ccp-props=\"{&quot;134233117&quot;:false,&quot;134233118&quot;:false,&quot;201341983&quot;:0,&quot;335551550&quot;:6,&quot;335551620&quot;:6,&quot;335559738&quot;:0,&quot;335559739&quot;:0,&quot;335559740&quot;:259}\">\u00a0<\/span><\/p>\n<p><span data-contrast=\"auto\">K\u00f6lcs\u00f6nz\u00e9si hat\u00e1rid\u0151 t\u00fall\u00e9p\u00e9se eset\u00e9n k\u00e9sedelmi d\u00edj 65Ft\/munkanap\/k\u00f6nyv, els\u0151 felsz\u00f3l\u00edt\u00e1s megk\u00fcld\u00e9se ut\u00e1n a k\u00e9sedelmi alapd\u00edj 50 Ft.<\/span><span data-ccp-props=\"{&quot;134233117&quot;:false,&quot;134233118&quot;:false,&quot;201341983&quot;:0,&quot;335551550&quot;:6,&quot;335551620&quot;:6,&quot;335559738&quot;:0,&quot;335559739&quot;:0,&quot;335559740&quot;:259}\">\u00a0<\/span><\/p>\n<p><span data-ccp-props=\"{&quot;134233117&quot;:false,&quot;134233118&quot;:false,&quot;201341983&quot;:0,&quot;335551550&quot;:6,&quot;335551620&quot;:6,&quot;335559738&quot;:0,&quot;335559739&quot;:0,&quot;335559740&quot;:259}\">\u00a0<\/span><\/p>\n<p><span data-contrast=\"auto\">Hosszabb\u00edt\u00e1s: 2 alkalommal lehet ig\u00e9nyelni e-mailben, nyilv\u00e1nos katal\u00f3gusban online saj\u00e1t felhaszn\u00e1l\u00f3fi\u00f3kkal vagy szem\u00e9lyesen, emellett lehet\u0151s\u00e9g van egy harmadik hosszabb\u00edt\u00e1sra szem\u00e9lyesen, a dokumentum bemutat\u00e1sa eset\u00e9n.<\/span><span data-ccp-props=\"{&quot;134233117&quot;:false,&quot;134233118&quot;:false,&quot;201341983&quot;:0,&quot;335551550&quot;:6,&quot;335551620&quot;:6,&quot;335559738&quot;:0,&quot;335559739&quot;:0,&quot;335559740&quot;:259}\">\u00a0<\/span><\/p>\n<p><span data-ccp-props=\"{&quot;134233117&quot;:false,&quot;134233118&quot;:false,&quot;201341983&quot;:0,&quot;335551550&quot;:6,&quot;335551620&quot;:6,&quot;335559738&quot;:0,&quot;335559739&quot;:0,&quot;335559740&quot;:259}\">\u00a0<\/span><\/p>\n<p><span data-contrast=\"auto\">El\u0151jegyz\u00e9s: k\u00f6lcs\u00f6nz\u0151 pultn\u00e1l\/online lehet m\u00e1s \u00e1ltal kik\u00f6lcs\u00f6nz\u00f6tt k\u00f6nyvre, k\u00f6lcs\u00f6n\u00f6zhet\u0151s\u00e9g eset\u00e9n \u00e9rtes\u00edt\u00e9st k\u00fcldenek, melyt\u0151l sz\u00e1m\u00edtott 10 napig \u00e1ll rendelkez\u00e9sre az el\u0151jegyzett dokumentum.<\/span><span data-ccp-props=\"{&quot;134233117&quot;:false,&quot;134233118&quot;:false,&quot;201341983&quot;:0,&quot;335551550&quot;:6,&quot;335551620&quot;:6,&quot;335559738&quot;:0,&quot;335559739&quot;:0,&quot;335559740&quot;:259}\">\u00a0<\/span><\/p>\n<p><span data-ccp-props=\"{&quot;134233117&quot;:false,&quot;134233118&quot;:false,&quot;201341983&quot;:0,&quot;335551550&quot;:6,&quot;335551620&quot;:6,&quot;335559738&quot;:0,&quot;335559739&quot;:0,&quot;335559740&quot;:259}\">\u00a0<\/span><\/p>\n<p><span data-contrast=\"auto\">Szolg\u00e1ltat\u00e1sok:<\/span><span data-ccp-props=\"{&quot;134233117&quot;:false,&quot;134233118&quot;:false,&quot;201341983&quot;:0,&quot;335551550&quot;:6,&quot;335551620&quot;:6,&quot;335559738&quot;:0,&quot;335559739&quot;:0,&quot;335559740&quot;:259}\">\u00a0<\/span><\/p>\n<p><span data-contrast=\"auto\">regisztr\u00e1ci\u00f3 ut\u00e1n \u00f6nk\u00f6lcs\u00f6nz\u0151 haszn\u00e1lata<\/span><span data-ccp-props=\"{&quot;134233117&quot;:false,&quot;134233118&quot;:false,&quot;201341983&quot;:0,&quot;335551550&quot;:6,&quot;335551620&quot;:6,&quot;335559738&quot;:0,&quot;335559739&quot;:0,&quot;335559740&quot;:259}\">\u00a0<\/span><\/p>\n<p><span data-contrast=\"auto\">helyben olvas\u00e1s<\/span><span data-ccp-props=\"{&quot;134233117&quot;:false,&quot;134233118&quot;:false,&quot;201341983&quot;:0,&quot;335551550&quot;:6,&quot;335551620&quot;:6,&quot;335559738&quot;:0,&quot;335559739&quot;:0,&quot;335559740&quot;:259}\">\u00a0<\/span><\/p>\n<p><span data-contrast=\"auto\">sz\u00e1m\u00edt\u00f3g\u00e9p-haszn\u00e1lat (internet \u00e9s egyetemi h\u00e1l\u00f3zat el\u00e9r\u00e9ssel)<\/span><span data-ccp-props=\"{&quot;134233117&quot;:false,&quot;134233118&quot;:false,&quot;201341983&quot;:0,&quot;335551550&quot;:6,&quot;335551620&quot;:6,&quot;335559738&quot;:0,&quot;335559739&quot;:0,&quot;335559740&quot;:259}\">\u00a0<\/span><\/p>\n<p><span data-contrast=\"auto\">dokumentum-k\u00f6lcs\u00f6nz\u00e9s<\/span><span data-ccp-props=\"{&quot;134233117&quot;:false,&quot;134233118&quot;:false,&quot;201341983&quot;:0,&quot;335551550&quot;:6,&quot;335551620&quot;:6,&quot;335559738&quot;:0,&quot;335559739&quot;:0,&quot;335559740&quot;:259}\">\u00a0<\/span><\/p>\n<p><span data-contrast=\"auto\">k\u00f6nyvt\u00e1rk\u00f6zi k\u00f6lcs\u00f6nz\u00e9s \u00e9s dokumentumszolg\u00e1ltat\u00e1s<\/span><span data-ccp-props=\"{&quot;134233117&quot;:false,&quot;134233118&quot;:false,&quot;201341983&quot;:0,&quot;335551550&quot;:6,&quot;335551620&quot;:6,&quot;335559738&quot;:0,&quot;335559739&quot;:0,&quot;335559740&quot;:259}\">\u00a0<\/span><\/p>\n<p><span data-contrast=\"auto\">f\u00e9nym\u00e1sol\u00e1s<\/span><span data-ccp-props=\"{&quot;134233117&quot;:false,&quot;134233118&quot;:false,&quot;201341983&quot;:0,&quot;335551550&quot;:6,&quot;335551620&quot;:6,&quot;335559738&quot;:0,&quot;335559739&quot;:0,&quot;335559740&quot;:259}\">\u00a0<\/span><\/p>\n<p><span data-contrast=\"auto\">spir\u00e1lk\u00f6t\u00e9s<\/span><span data-ccp-props=\"{&quot;134233117&quot;:false,&quot;134233118&quot;:false,&quot;201341983&quot;:0,&quot;335551550&quot;:6,&quot;335551620&quot;:6,&quot;335559738&quot;:0,&quot;335559739&quot;:0,&quot;335559740&quot;:259}\">\u00a0<\/span><\/p>\n<p><span data-contrast=\"auto\">poszter nyomtat\u00e1s (k\u00f6nyvt\u00e1rossal t\u00f6rt\u00e9n\u0151 egyeztet\u00e9st k\u00f6vet\u0151en)<\/span><span data-ccp-props=\"{&quot;134233117&quot;:false,&quot;134233118&quot;:false,&quot;201341983&quot;:0,&quot;335551550&quot;:6,&quot;335551620&quot;:6,&quot;335559738&quot;:0,&quot;335559739&quot;:0,&quot;335559740&quot;:259}\">\u00a0<\/span><\/p>\n<p><span data-contrast=\"auto\">A Semmelweis Egyetem legnagyobb k\u00f6nyvt\u00e1ra, a mindenki \u00e1ltal csak \u201eMikszi\u201d n\u00e9ven emlegetett \u00e9p\u00fclet a Bels\u0151 Klinikai T\u00f6mbt\u0151l csup\u00e1n p\u00e1r perc s\u00e9t\u00e1ra tal\u00e1lhat\u00f3. Elhelyezked\u00e9s\u00e9nek h\u00e1la rengeteg k\u00e1v\u00e9z\u00f3 \u00e9s \u00e9tterem tal\u00e1lhat\u00f3 a k\u00f6rny\u00e9ken, valamint t\u00f6megk\u00f6zleked\u00e9ssel is kiv\u00e1l\u00f3an megk\u00f6zel\u00edthet\u0151. 24\/7 nyitvatart\u00e1si id\u0151vel az \u00e9jszakai baglyoknak \u00e9s a reggeli pacsirt\u00e1nak egyar\u00e1nt kedvez.<\/span>\u00a0<br \/>\n<span data-ccp-props=\"{&quot;134233117&quot;:false,&quot;134233118&quot;:false,&quot;201341983&quot;:0,&quot;335551550&quot;:6,&quot;335551620&quot;:6,&quot;335559738&quot;:0,&quot;335559739&quot;:0,&quot;335559740&quot;:259}\">\u00a0<\/span><\/p>\n<p><span data-contrast=\"auto\">A legt\u00f6bb f\u00e9r\u0151hellyel rendelkez\u0151 egyetemi k\u00f6nyvt\u00e1r, melyben t\u00f6bb csendes \u00e9s hangos olvas\u00f3terem, valamint sz\u00e1mos sz\u00e1m\u00edt\u00f3g\u00e9pes f\u00e9r\u0151hely 3 emeleten, k\u00f6zel 1300 m2-en \u00e1ll rendelkez\u00e9sre, \u00edgy mindenki megtal\u00e1lhatja a sz\u00e1m\u00e1ra legmegfelel\u0151bb tanul\u00e1si helysz\u00ednt. A Hallgat\u00f3i \u00d6nkorm\u00e1nyzat kezdem\u00e9nyez\u00e9s\u00e9re a k\u00f6z\u00f6ss\u00e9gi t\u00e9rben k\u00e1v\u00e9g\u00e9p \u00e9s kapszul\u00e1k, valamint v\u00edzforral\u00f3, mikrohull\u00e1m\u00fa s\u00fct\u0151 \u00e9s egy\u00e9b kis finoms\u00e1gok ker\u00fcltek kihelyez\u00e9sre. Ezek mellett szinte minden f\u00e9r\u0151helyn\u00e9l van l\u00e1mpa, illetve \u00e1ramforr\u00e1s.<\/span><span data-ccp-props=\"{&quot;134233117&quot;:false,&quot;134233118&quot;:false,&quot;201341983&quot;:0,&quot;335551550&quot;:6,&quot;335551620&quot;:6,&quot;335559738&quot;:0,&quot;335559739&quot;:0,&quot;335559740&quot;:259}\">\u00a0<\/span><\/p>\n<p><span data-ccp-props=\"{&quot;134233117&quot;:false,&quot;134233118&quot;:false,&quot;201341983&quot;:0,&quot;335551550&quot;:6,&quot;335551620&quot;:6,&quot;335559738&quot;:0,&quot;335559739&quot;:0,&quot;335559740&quot;:259}\">\u00a0<\/span><\/p>\n<p><span data-contrast=\"auto\">A k\u00f6nyvt\u00e1rat napk\u00f6zben b\u00e1rki szabadon l\u00e1togathatja, 20 \u00f3ra ut\u00e1n, valamint h\u00e9tv\u00e9g\u00e9n azonban csak az Egyetem hallgat\u00f3i \u00e9s dolgoz\u00f3i jogosultak bel\u00e9p\u00e9sre, melyet a f\u00f6ldszinti port\u00e1n \u00e9rv\u00e9nyes di\u00e1kigazolv\u00e1ny vagy egyetemi bel\u00e9p\u0151 felmutat\u00e1s\u00e1val lehet bizony\u00edtani. A k\u00f6lcs\u00f6nz\u00e9s beiratkoz\u00e1shoz k\u00f6t\u00f6tt, azonban ez Semmelweises polg\u00e1rok sz\u00e1m\u00e1ra d\u00edjmentes. Az el\u00e9rhet\u0151 szakirodalom sz\u00e9les sk\u00e1l\u00e1ja a tanul\u00e1st rendk\u00edv\u00fcl megk\u00f6nny\u00edti, hisz a helyben olvas\u00e1si lehet\u0151s\u00e9g miatt nem kell a vaskos k\u00f6nyveket cipelni, emellett pedig a legt\u00f6bb k\u00f6nyv t\u00f6bb p\u00e9ld\u00e1nyban is el\u00e9rhet\u0151 kik\u00f6lcs\u00f6nz\u00e9sre. Vizsgaid\u0151szak k\u00f6zeledt\u00e9vel \u00e9rdemes hajnalban meg\u00e9rkezni \u00e9s helyet vad\u00e1szni, ugyanis 9-10 \u00f3ra k\u00f6rny\u00e9k\u00e9n m\u00e1r \u00e1ltal\u00e1ban tele szokott lenni, \u00e9s jellemz\u0151en az esti \u00f3r\u00e1kig nem is szabadulnak fel helyek. A szabad f\u00e9r\u0151helyek sz\u00e1m\u00e1t a K\u00f6zponti K\u00f6nyvt\u00e1r honlapj\u00e1n lehet figyelemmel k\u00eds\u00e9rni, \u00edgy id\u0151ben fel lehet k\u00e9sz\u00fclni arra, hogy mikor is \u00e9rdemes menni.<\/span><span data-ccp-props=\"{&quot;134233117&quot;:false,&quot;134233118&quot;:false,&quot;201341983&quot;:0,&quot;335551550&quot;:6,&quot;335551620&quot;:6,&quot;335559738&quot;:0,&quot;335559739&quot;:0,&quot;335559740&quot;:259}\">\u00a0<\/span><\/p>\n<p><span data-ccp-props=\"{&quot;134233117&quot;:false,&quot;134233118&quot;:false,&quot;201341983&quot;:0,&quot;335551550&quot;:6,&quot;335551620&quot;:6,&quot;335559738&quot;:0,&quot;335559739&quot;:0,&quot;335559740&quot;:259}\">\u00a0<\/span><\/p>\n<p><span data-contrast=\"auto\">A k\u00f6nyvt\u00e1r haszn\u00e1lata el\u0151zetes regisztr\u00e1ci\u00f3hoz k\u00f6t\u00f6tt, amit ezen a holnapon tudsz megtenni.<\/span><span data-ccp-props=\"{&quot;134233117&quot;:false,&quot;134233118&quot;:false,&quot;201341983&quot;:0,&quot;335551550&quot;:6,&quot;335551620&quot;:6,&quot;335559738&quot;:0,&quot;335559739&quot;:0,&quot;335559740&quot;:259}\">\u00a0<\/span><\/p>\n<p><span data-ccp-props=\"{&quot;201341983&quot;:0,&quot;335551550&quot;:6,&quot;335551620&quot;:6,&quot;335559739&quot;:160,&quot;335559740&quot;:259}\">\u00a0<\/span><\/p>\n<p><strong>Elm\u00e9leti Orvostudom\u00e1nyi K\u00f6zpont (EOK) K\u00f6nyvt\u00e1ra\u00a0<\/strong><\/p>\n<p><span data-contrast=\"auto\">C\u00edm: 1094 Budapest, T\u0171zolt\u00f3 utca 37-47.<\/span><span data-ccp-props=\"{&quot;134233117&quot;:false,&quot;134233118&quot;:false,&quot;201341983&quot;:0,&quot;335551550&quot;:6,&quot;335551620&quot;:6,&quot;335559738&quot;:0,&quot;335559739&quot;:0,&quot;335559740&quot;:259}\">\u00a0<\/span><\/p>\n<p><span data-contrast=\"auto\">Nyitvatart\u00e1s: h\u00e9tf\u0151-vas\u00e1rnap 0-24 \u00f3r\u00e1ig<\/span><span data-ccp-props=\"{&quot;134233117&quot;:false,&quot;134233118&quot;:false,&quot;201341983&quot;:0,&quot;335551550&quot;:6,&quot;335551620&quot;:6,&quot;335559738&quot;:0,&quot;335559739&quot;:0,&quot;335559740&quot;:259}\">\u00a0<\/span><\/p>\n<p>\u00a0<br \/>\n<span data-ccp-props=\"{&quot;134233117&quot;:false,&quot;134233118&quot;:false,&quot;201341983&quot;:0,&quot;335551550&quot;:6,&quot;335551620&quot;:6,&quot;335559738&quot;:0,&quot;335559739&quot;:0,&quot;335559740&quot;:259}\">\u00a0<\/span><\/p>\n<p><span data-contrast=\"auto\">F\u00e9r\u0151helyek sz\u00e1ma: 90<\/span>\u00a0<br \/>\n<span data-ccp-props=\"{&quot;134233117&quot;:false,&quot;134233118&quot;:false,&quot;201341983&quot;:0,&quot;335551550&quot;:6,&quot;335551620&quot;:6,&quot;335559738&quot;:0,&quot;335559739&quot;:0,&quot;335559740&quot;:259}\">\u00a0<\/span><\/p>\n<p><span data-contrast=\"auto\">K\u00f6lcs\u00f6nz\u00e9s: h\u00e9tk\u00f6znap 8-20 \u00f3r\u00e1ig<\/span><span data-ccp-props=\"{&quot;134233117&quot;:false,&quot;134233118&quot;:false,&quot;201341983&quot;:0,&quot;335551550&quot;:6,&quot;335551620&quot;:6,&quot;335559738&quot;:0,&quot;335559739&quot;:0,&quot;335559740&quot;:259}\">\u00a0<\/span><\/p>\n<p><span data-contrast=\"auto\">K\u00f6lcs\u00f6nz\u00e9si hat\u00e1rid\u0151: magyar nyelv\u0171 k\u00f6nyv eset\u00e9ben 10 h\u00f3nap, hosszabb\u00edt\u00e1sra nincsen lehet\u0151s\u00e9g (egyszerre maximum 5 tank\u00f6nyv), idegen nyelv\u0171 k\u00f6nyv eset\u00e9ben 30 nap, k\u00e9t alkalommal lehet\u0151s\u00e9g van hosszabb\u00edt\u00e1sra (egyszerre maximum 3 k\u00f6tet)<\/span><span data-ccp-props=\"{&quot;134233117&quot;:false,&quot;134233118&quot;:false,&quot;201341983&quot;:0,&quot;335551550&quot;:6,&quot;335551620&quot;:6,&quot;335559738&quot;:0,&quot;335559739&quot;:0,&quot;335559740&quot;:259}\">\u00a0<\/span><\/p>\n<p><span data-contrast=\"auto\">K\u00f6lcs\u00f6nz\u00e9si hat\u00e1rid\u0151 t\u00fall\u00e9p\u00e9se eset\u00e9n k\u00e9sedelmi d\u00edj 65 Ft + \u00c1FA \/nap\/k\u00f6nyv, els\u0151 felsz\u00f3l\u00edt\u00e1s megk\u00fcld\u00e9se ut\u00e1n a k\u00e9sedelmi alapd\u00edj 50 Ft.<\/span>\u00a0<br \/>\n<span data-ccp-props=\"{&quot;134233117&quot;:false,&quot;134233118&quot;:false,&quot;201341983&quot;:0,&quot;335551550&quot;:6,&quot;335551620&quot;:6,&quot;335559738&quot;:0,&quot;335559739&quot;:0,&quot;335559740&quot;:259}\">\u00a0<\/span><\/p>\n<p><span data-contrast=\"auto\">Biztos\u00edtott szolg\u00e1ltat\u00e1sok:<\/span><span data-ccp-props=\"{&quot;134233117&quot;:false,&quot;134233118&quot;:false,&quot;201341983&quot;:0,&quot;335551550&quot;:6,&quot;335551620&quot;:6,&quot;335559738&quot;:0,&quot;335559739&quot;:0,&quot;335559740&quot;:259}\">\u00a0<\/span><\/p>\n<p><span data-contrast=\"auto\">regisztr\u00e1ci\u00f3 ut\u00e1n \u00f6nk\u00f6lcs\u00f6nz\u0151 haszn\u00e1lata<\/span><span data-ccp-props=\"{&quot;134233117&quot;:false,&quot;134233118&quot;:false,&quot;201341983&quot;:0,&quot;335551550&quot;:6,&quot;335551620&quot;:6,&quot;335559738&quot;:0,&quot;335559739&quot;:0,&quot;335559740&quot;:259}\">\u00a0<\/span><\/p>\n<p><span data-contrast=\"auto\">helyben olvas\u00e1s<\/span><span data-ccp-props=\"{&quot;134233117&quot;:false,&quot;134233118&quot;:false,&quot;201341983&quot;:0,&quot;335551550&quot;:6,&quot;335551620&quot;:6,&quot;335559738&quot;:0,&quot;335559739&quot;:0,&quot;335559740&quot;:259}\">\u00a0<\/span><\/p>\n<p><span data-contrast=\"auto\">sz\u00e1m\u00edt\u00f3g\u00e9p-haszn\u00e1lat (internet \u00e9s egyetemi h\u00e1l\u00f3zat el\u00e9r\u00e9ssel)<\/span><span data-ccp-props=\"{&quot;134233117&quot;:false,&quot;134233118&quot;:false,&quot;201341983&quot;:0,&quot;335551550&quot;:6,&quot;335551620&quot;:6,&quot;335559738&quot;:0,&quot;335559739&quot;:0,&quot;335559740&quot;:259}\">\u00a0<\/span><\/p>\n<p><span data-contrast=\"auto\">szak- \u00e9s tank\u00f6nyvek k\u00f6lcs\u00f6nz\u00e9se<\/span><span data-ccp-props=\"{&quot;134233117&quot;:false,&quot;134233118&quot;:false,&quot;201341983&quot;:0,&quot;335551550&quot;:6,&quot;335551620&quot;:6,&quot;335559738&quot;:0,&quot;335559739&quot;:0,&quot;335559740&quot;:259}\">\u00a0<\/span><\/p>\n<p><span data-contrast=\"auto\">f\u00e9nym\u00e1sol\u00e1s<\/span><span data-ccp-props=\"{&quot;134233117&quot;:false,&quot;134233118&quot;:false,&quot;201341983&quot;:0,&quot;335551550&quot;:6,&quot;335551620&quot;:6,&quot;335559738&quot;:0,&quot;335559739&quot;:0,&quot;335559740&quot;:259}\">\u00a0<\/span><\/p>\n<p><span data-contrast=\"auto\">anat\u00f3miai modellek helyben haszn\u00e1lata<\/span>\u00a0<br \/>\n<span data-ccp-props=\"{&quot;134233117&quot;:false,&quot;134233118&quot;:false,&quot;201341983&quot;:0,&quot;335551550&quot;:6,&quot;335551620&quot;:6,&quot;335559738&quot;:0,&quot;335559739&quot;:0,&quot;335559740&quot;:259}\">\u00a0<\/span><\/p>\n<p><span data-contrast=\"auto\">Az Elm\u00e9leti Orvostudom\u00e1nyi K\u00f6zpont k\u00f6nyvt\u00e1ra k\u00e9nyelmesen el\u00e9rhet\u0151, hiszen szinte mindenki megfordul az \u00e9p\u00fcletben az \u00f3r\u00e1i miatt. Valamivel kisebb, mint a \u201eMikszi\u201d, de \u00e9jjel-nappali nyitvatart\u00e1si idej\u00e9vel ez is b\u00e1rmikor l\u00e1togathat\u00f3. A k\u00f6nyvt\u00e1r minden esetben csak a Semmelweis Egyetem hallgat\u00f3i \u00e9s dolgoz\u00f3i sz\u00e1m\u00e1ra hozz\u00e1f\u00e9rhet\u0151, melyet a k\u00f6nyvt\u00e1r bej\u00e1rat\u00e1n\u00e1l a di\u00e1kigazolv\u00e1ny vagy egyetemi bel\u00e9p\u0151 bemutat\u00e1s\u00e1val minden alkalommal ellen\u0151riznek.<\/span><span data-ccp-props=\"{&quot;134233117&quot;:false,&quot;134233118&quot;:false,&quot;201341983&quot;:0,&quot;335551550&quot;:6,&quot;335551620&quot;:6,&quot;335559738&quot;:0,&quot;335559739&quot;:0,&quot;335559740&quot;:259}\">\u00a0<\/span><\/p>\n<p><span data-ccp-props=\"{&quot;134233117&quot;:false,&quot;134233118&quot;:false,&quot;201341983&quot;:0,&quot;335551550&quot;:6,&quot;335551620&quot;:6,&quot;335559738&quot;:0,&quot;335559739&quot;:0,&quot;335559740&quot;:259}\">\u00a0<\/span><\/p>\n<p><span data-contrast=\"auto\">A nyugodtan tanulni v\u00e1gy\u00f3k egy nagy olvas\u00f3teremben tudnak helyet foglalni, mely 2 szinten ter\u00fcl el. A l\u00e9pcs\u0151 kiss\u00e9 zavar\u00f3 m\u00f3don a terem k\u00f6zep\u00e9ben tal\u00e1lhat\u00f3, \u00edgy gyakori a folytonos fel-al\u00e1 j\u00e1rk\u00e1l\u00e1s. A legt\u00f6bb asztaln\u00e1l tal\u00e1lhat\u00f3 f\u00e9nyforr\u00e1s, valamint \u00e1ramforr\u00e1s is rendelkez\u00e9sre \u00e1ll. N\u00e9h\u00e1ny sz\u00e1m\u00edt\u00f3g\u00e9pes f\u00e9r\u0151hely is van a k\u00f6nyvt\u00e1rban.<\/span>\u00a0<br \/>\n<span data-ccp-props=\"{&quot;134233117&quot;:false,&quot;134233118&quot;:false,&quot;201341983&quot;:0,&quot;335551550&quot;:6,&quot;335551620&quot;:6,&quot;335559738&quot;:0,&quot;335559739&quot;:0,&quot;335559740&quot;:259}\">\u00a0<\/span><\/p>\n<p><span data-contrast=\"auto\">Egy viszonylag \u00faj kezdem\u00e9nyez\u00e9s a k\u00fcl\u00f6nb\u00f6z\u0151 anat\u00f3miai modelleket tartalmaz\u00f3 szekr\u00e9ny, mely a k\u00f6nyvt\u00e1rat haszn\u00e1l\u00f3 els\u0151- \u00e9s m\u00e1sod\u00e9ves hallgat\u00f3knak nagyszer\u0171 seg\u00edts\u00e9g, ha az Anat\u00f3miai M\u00fazeumba vagy konzult\u00e1ci\u00f3ra nem tudnak elmenni, hiszen az aktu\u00e1lisan tanult k\u00e9pleteket tudj\u00e1k k\u00fcl\u00f6nb\u00f6z\u0151 modelleken helyben megtekinteni.<\/span><span data-ccp-props=\"{&quot;134233117&quot;:false,&quot;134233118&quot;:false,&quot;201341983&quot;:0,&quot;335551550&quot;:6,&quot;335551620&quot;:6,&quot;335559738&quot;:0,&quot;335559739&quot;:0,&quot;335559740&quot;:259}\">\u00a0<\/span><\/p>\n<p>\u00a0<br \/>\n<span data-ccp-props=\"{&quot;134233117&quot;:false,&quot;134233118&quot;:false,&quot;201341983&quot;:0,&quot;335551550&quot;:6,&quot;335551620&quot;:6,&quot;335559738&quot;:0,&quot;335559739&quot;:0,&quot;335559740&quot;:259}\">\u00a0<\/span><\/p>\n<p><span data-contrast=\"auto\">A k\u00f6nyvt\u00e1r haszn\u00e1lata el\u0151zetes regisztr\u00e1ci\u00f3hoz k\u00f6t\u00f6tt, amit ezen a holnapon tudsz megtenni.<\/span><span data-ccp-props=\"{&quot;134233117&quot;:false,&quot;134233118&quot;:false,&quot;201341983&quot;:0,&quot;335551550&quot;:6,&quot;335551620&quot;:6,&quot;335559738&quot;:0,&quot;335559739&quot;:0,&quot;335559740&quot;:259}\">\u00a0<\/span><\/p>\n<p><a href=\"https:\/\/lib.semmelweis.hu\/konyvtari_kartya\"><span data-contrast=\"auto\">https:\/\/lib.semmelweis.hu\/konyvtari_kartya<\/span><span data-ccp-props=\"{&quot;134233117&quot;:false,&quot;134233118&quot;:false,&quot;201341983&quot;:0,&quot;335551550&quot;:6,&quot;335551620&quot;:6,&quot;335559738&quot;:0,&quot;335559739&quot;:0,&quot;335559740&quot;:259}\">\u00a0<\/span><\/a><\/p>\n<p><span data-ccp-props=\"{&quot;201341983&quot;:0,&quot;335551550&quot;:6,&quot;335551620&quot;:6,&quot;335559739&quot;:160,&quot;335559740&quot;:259}\">\u00a0<\/span><\/p>\n","protected":false},"excerpt":{"rendered":"<p>Az egyetemi \u00e9vek alatt k\u00f6zponti szerepet kap az \u00e9letetekben a tanul\u00e1s. Szorgalmi id\u0151szakban \u00e9s f\u0151leg vizsgaid\u0151szakban nagyon sok motiv\u00e1ci\u00f3t mer\u00edthettek abb\u00f3l, ha t\u00e1rsaitokkal k\u00f6z\u00f6sen k\u00fczditek \u00e1t magatokat az egyetem kih\u00edv\u00e1sain. A k\u00f6z\u00f6s tanul\u00e1sok, besz\u00e9lget\u00e9sek \u00e9s olykor kikapcsol\u00f3d\u00e1s sz\u00ednterei az egyetemi k\u00f6nyvt\u00e1rak. &nbsp; Miksz\u00e1th t\u00e9ri K\u00f6zponti K\u00f6nyvt\u00e1r\u00a0 C\u00edm: 1088 Budapest, Miksz\u00e1th K\u00e1lm\u00e1n t\u00e9r 5.\u00a0 Nyitvatart\u00e1si id\u0151: &hellip;<\/p>\n","protected":false},"author":101673,"featured_media":11320,"parent":12918,"menu_order":3,"comment_status":"closed","ping_status":"closed","template":"","meta":{"_acf_changed":false,"footnotes":""},"categories":[],"tags":[669],"class_list":["post-13159","page","type-page","status-publish","has-post-thumbnail","hentry","tag-hallterszol"],"acf":[],"_links":{"self":[{"href":"https:\/\/semmelweis.hu\/hok\/wp-json\/wp\/v2\/pages\/13159","targetHints":{"allow":["GET"]}}],"collection":[{"href":"https:\/\/semmelweis.hu\/hok\/wp-json\/wp\/v2\/pages"}],"about":[{"href":"https:\/\/semmelweis.hu\/hok\/wp-json\/wp\/v2\/types\/page"}],"author":[{"embeddable":true,"href":"https:\/\/semmelweis.hu\/hok\/wp-json\/wp\/v2\/users\/101673"}],"replies":[{"embeddable":true,"href":"https:\/\/semmelweis.hu\/hok\/wp-json\/wp\/v2\/comments?post=13159"}],"version-history":[{"count":3,"href":"https:\/\/semmelweis.hu\/hok\/wp-json\/wp\/v2\/pages\/13159\/revisions"}],"predecessor-version":[{"id":15564,"href":"https:\/\/semmelweis.hu\/hok\/wp-json\/wp\/v2\/pages\/13159\/revisions\/15564"}],"up":[{"embeddable":true,"href":"https:\/\/semmelweis.hu\/hok\/wp-json\/wp\/v2\/pages\/12918"}],"wp:featuredmedia":[{"embeddable":true,"href":"https:\/\/semmelweis.hu\/hok\/wp-json\/wp\/v2\/media\/11320"}],"wp:attachment":[{"href":"https:\/\/semmelweis.hu\/hok\/wp-json\/wp\/v2\/media?parent=13159"}],"wp:term":[{"taxonomy":"category","embeddable":true,"href":"https:\/\/semmelweis.hu\/hok\/wp-json\/wp\/v2\/categories?post=13159"},{"taxonomy":"post_tag","embeddable":true,"href":"https:\/\/semmelweis.hu\/hok\/wp-json\/wp\/v2\/tags?post=13159"}],"curies":[{"name":"wp","href":"https:\/\/api.w.org\/{rel}","templated":true}]}}