{"id":13157,"date":"2022-04-13T19:57:10","date_gmt":"2022-04-13T17:57:10","guid":{"rendered":"https:\/\/semmelweis.hu\/hok\/?page_id=13157"},"modified":"2022-11-17T23:45:57","modified_gmt":"2022-11-17T22:45:57","slug":"egyetemi-szolgaltatasok","status":"publish","type":"page","link":"https:\/\/semmelweis.hu\/hok\/hasznos\/hallgatoi-terek-szolgaltatasok\/egyetemi-szolgaltatasok\/","title":{"rendered":"Szolg\u00e1ltat\u00e1sok"},"content":{"rendered":"<p><span style=\"font-size: 12pt;color: #ff0000\">Mobil eszk\u00f6z\u00f6n ha nem minden l\u00e1tsz\u00f3dik, a telefont elforgatva, fekv\u0151 n\u00e9zetben helyesen jelenik meg a t\u00e1bl\u00e1zat.<\/span><\/p>\n\n<table id=\"tablepress-25\" class=\"tablepress tablepress-id-25\">\n<thead>\n<tr class=\"row-1\">\n\t<td class=\"column-1\"><\/td><th class=\"column-2\">EOK<\/th><th class=\"column-3\">NET<\/th><th class=\"column-4\">FOCI<\/th><th class=\"column-5\">H\u0151gyes<\/th><th class=\"column-6\">Vas utca<\/th><th class=\"column-7\">K\u00fatv\u00f6lgyi<\/th><th class=\"column-8\">Sportk\u00f6zpont<\/th><th class=\"column-9\">Mikszi k\u00f6nyvt\u00e1r<\/th>\n<\/tr>\n<\/thead>\n<tbody class=\"row-striping row-hover\">\n<tr class=\"row-2\">\n\t<td class=\"column-1\">ATM<\/td><td class=\"column-2\"><\/td><td class=\"column-3\">X<\/td><td class=\"column-4\"><\/td><td class=\"column-5\">X<\/td><td class=\"column-6\"><\/td><td class=\"column-7\"><\/td><td class=\"column-8\"><\/td><td class=\"column-9\"><\/td>\n<\/tr>\n<tr class=\"row-3\">\n\t<td class=\"column-1\">Bili\u00e1rdasztal<\/td><td class=\"column-2\"><\/td><td class=\"column-3\">X<\/td><td class=\"column-4\"><\/td><td class=\"column-5\">X<\/td><td class=\"column-6\">X<\/td><td class=\"column-7\"><\/td><td class=\"column-8\"><\/td><td class=\"column-9\"><\/td>\n<\/tr>\n<tr class=\"row-4\">\n\t<td class=\"column-1\">Bolt 200 m-en bel\u00fcl<\/td><td class=\"column-2\">X<\/td><td class=\"column-3\">X<\/td><td class=\"column-4\">X<\/td><td class=\"column-5\">X<\/td><td class=\"column-6\">X<\/td><td class=\"column-7\"><\/td><td class=\"column-8\">X<\/td><td class=\"column-9\">X<\/td>\n<\/tr>\n<tr class=\"row-5\">\n\t<td class=\"column-1\">Csomagkiad\u00f3<\/td><td class=\"column-2\">X<br \/>\n (K\u00f6nyvt\u00e1r mellett)<\/td><td class=\"column-3\">X<\/td><td class=\"column-4\"><\/td><td class=\"column-5\"><\/td><td class=\"column-6\"><\/td><td class=\"column-7\"><\/td><td class=\"column-8\"><\/td><td class=\"column-9\"><\/td>\n<\/tr>\n<tr class=\"row-6\">\n\t<td class=\"column-1\">Csoportos tanul\u00e1si lehet\u0151s\u00e9g<\/td><td class=\"column-2\">X<\/td><td class=\"column-3\">X<\/td><td class=\"column-4\">X<\/td><td class=\"column-5\">X<\/td><td class=\"column-6\">X<\/td><td class=\"column-7\">X<\/td><td class=\"column-8\"><\/td><td class=\"column-9\">X<\/td>\n<\/tr>\n<tr class=\"row-7\">\n\t<td class=\"column-1\">Egy\u00e9nileg rendezhet\u0151 k\u00f6rnyezet<\/td><td class=\"column-2\">X<\/td><td class=\"column-3\">X<\/td><td class=\"column-4\"><\/td><td class=\"column-5\"><\/td><td class=\"column-6\">X<\/td><td class=\"column-7\"><\/td><td class=\"column-8\"><\/td><td class=\"column-9\"><\/td>\n<\/tr>\n<tr class=\"row-8\">\n\t<td class=\"column-1\">\u00c9tterem\/b\u00fcf\u00e9<\/td><td class=\"column-2\">X<br \/>\n H-P:<br \/>\n 9-15<\/td><td class=\"column-3\">X<br \/>\n H-P:<br \/>\n 7:30-15<\/td><td class=\"column-4\">X<br \/>\n H-P:<br \/>\n 8-15<\/td><td class=\"column-5\"><\/td><td class=\"column-6\"><\/td><td class=\"column-7\">X<br \/>\n H-P:<br \/>\n 8-15<\/td><td class=\"column-8\"><\/td><td class=\"column-9\"><\/td>\n<\/tr>\n<tr class=\"row-9\">\n\t<td class=\"column-1\">F\u00e9nym\u00e1sol\u00e1s<\/td><td class=\"column-2\">X<\/td><td class=\"column-3\"><\/td><td class=\"column-4\">X<\/td><td class=\"column-5\"><\/td><td class=\"column-6\">X<\/td><td class=\"column-7\">X<\/td><td class=\"column-8\"><\/td><td class=\"column-9\">X<\/td>\n<\/tr>\n<tr class=\"row-10\">\n\t<td class=\"column-1\">Hangos tanul\u00e1si lehet\u0151s\u00e9g<\/td><td class=\"column-2\">X<\/td><td class=\"column-3\">X<\/td><td class=\"column-4\">X<\/td><td class=\"column-5\"><\/td><td class=\"column-6\">X<\/td><td class=\"column-7\">X<\/td><td class=\"column-8\">X<\/td><td class=\"column-9\">X<\/td>\n<\/tr>\n<tr class=\"row-11\">\n\t<td class=\"column-1\">K\u00e1v\u00e9z\u00e1si lehet\u0151s\u00e9g<\/td><td class=\"column-2\">X<\/td><td class=\"column-3\">X<\/td><td class=\"column-4\">X<\/td><td class=\"column-5\"><\/td><td class=\"column-6\">X<\/td><td class=\"column-7\">X<\/td><td class=\"column-8\"><\/td><td class=\"column-9\">X<\/td>\n<\/tr>\n<tr class=\"row-12\">\n\t<td class=\"column-1\">Konnektor<\/td><td class=\"column-2\">X<\/td><td class=\"column-3\">X<\/td><td class=\"column-4\">X<\/td><td class=\"column-5\">X<\/td><td class=\"column-6\">X<\/td><td class=\"column-7\">X<\/td><td class=\"column-8\">X<\/td><td class=\"column-9\">X<\/td>\n<\/tr>\n<tr class=\"row-13\">\n\t<td class=\"column-1\">K\u00f6nyvt\u00e1r<\/td><td class=\"column-2\">X<br \/>\n H-V:<br \/>\n 0-24<\/td><td class=\"column-3\"><\/td><td class=\"column-4\">X<br \/>\n H-P:<br \/>\n 8-16 (P:14)<\/td><td class=\"column-5\"><\/td><td class=\"column-6\">X<br \/>\n H-P:<br \/>\n 8-19 (P:16)<\/td><td class=\"column-7\">X<br \/>\n H-P:<br \/>\n 9-16 (P: 14)<\/td><td class=\"column-8\"><\/td><td class=\"column-9\">H-V:<br \/>\n 0-24<\/td>\n<\/tr>\n<tr class=\"row-14\">\n\t<td class=\"column-1\">Mikrohull\u00e1m\u00fa s\u00fct\u0151<\/td><td class=\"column-2\">X<\/td><td class=\"column-3\">X<\/td><td class=\"column-4\">X<\/td><td class=\"column-5\"><\/td><td class=\"column-6\">X<\/td><td class=\"column-7\">X<\/td><td class=\"column-8\"><\/td><td class=\"column-9\">X<\/td>\n<\/tr>\n<tr class=\"row-15\">\n\t<td class=\"column-1\">Nagy \u00e9tkez\u0151, sok asztallal<\/td><td class=\"column-2\">X<\/td><td class=\"column-3\">X<\/td><td class=\"column-4\">X<\/td><td class=\"column-5\">X<\/td><td class=\"column-6\">X<\/td><td class=\"column-7\">X<\/td><td class=\"column-8\"><\/td><td class=\"column-9\"><\/td>\n<\/tr>\n<tr class=\"row-16\">\n\t<td class=\"column-1\">Nyomtat\u00e1s<\/td><td class=\"column-2\">X<\/td><td class=\"column-3\"><\/td><td class=\"column-4\">X<\/td><td class=\"column-5\"><\/td><td class=\"column-6\">X<\/td><td class=\"column-7\">X<\/td><td class=\"column-8\"><\/td><td class=\"column-9\"><\/td>\n<\/tr>\n<tr class=\"row-17\">\n\t<td class=\"column-1\">Ping-pong<\/td><td class=\"column-2\"><\/td><td class=\"column-3\">X<\/td><td class=\"column-4\"><\/td><td class=\"column-5\"><\/td><td class=\"column-6\">X<\/td><td class=\"column-7\">X<\/td><td class=\"column-8\"><\/td><td class=\"column-9\"><\/td>\n<\/tr>\n<tr class=\"row-18\">\n\t<td class=\"column-1\">Wi-fi, internet<\/td><td class=\"column-2\">X<\/td><td class=\"column-3\">X<\/td><td class=\"column-4\">X<\/td><td class=\"column-5\">X<\/td><td class=\"column-6\">X<\/td><td class=\"column-7\"><\/td><td class=\"column-8\"><\/td><td class=\"column-9\">X<\/td>\n<\/tr>\n<tr class=\"row-19\">\n\t<td class=\"column-1\">Zuhanyz\u00f3<\/td><td class=\"column-2\"><\/td><td class=\"column-3\"><\/td><td class=\"column-4\"><\/td><td class=\"column-5\"><\/td><td class=\"column-6\"><\/td><td class=\"column-7\"><\/td><td class=\"column-8\">X<\/td><td class=\"column-9\"><\/td>\n<\/tr>\n<\/tbody>\n<\/table>\n\n","protected":false},"excerpt":{"rendered":"<p>Mobil eszk\u00f6z\u00f6n ha nem minden l\u00e1tsz\u00f3dik, a telefont elforgatva, fekv\u0151 n\u00e9zetben helyesen jelenik meg a t\u00e1bl\u00e1zat.<\/p>\n","protected":false},"author":101673,"featured_media":13158,"parent":12918,"menu_order":4,"comment_status":"closed","ping_status":"closed","template":"template-fullwidth.php","meta":{"_acf_changed":false,"footnotes":""},"categories":[],"tags":[669],"class_list":["post-13157","page","type-page","status-publish","has-post-thumbnail","hentry","tag-hallterszol"],"acf":[],"_links":{"self":[{"href":"https:\/\/semmelweis.hu\/hok\/wp-json\/wp\/v2\/pages\/13157","targetHints":{"allow":["GET"]}}],"collection":[{"href":"https:\/\/semmelweis.hu\/hok\/wp-json\/wp\/v2\/pages"}],"about":[{"href":"https:\/\/semmelweis.hu\/hok\/wp-json\/wp\/v2\/types\/page"}],"author":[{"embeddable":true,"href":"https:\/\/semmelweis.hu\/hok\/wp-json\/wp\/v2\/users\/101673"}],"replies":[{"embeddable":true,"href":"https:\/\/semmelweis.hu\/hok\/wp-json\/wp\/v2\/comments?post=13157"}],"version-history":[{"count":4,"href":"https:\/\/semmelweis.hu\/hok\/wp-json\/wp\/v2\/pages\/13157\/revisions"}],"predecessor-version":[{"id":14329,"href":"https:\/\/semmelweis.hu\/hok\/wp-json\/wp\/v2\/pages\/13157\/revisions\/14329"}],"up":[{"embeddable":true,"href":"https:\/\/semmelweis.hu\/hok\/wp-json\/wp\/v2\/pages\/12918"}],"wp:featuredmedia":[{"embeddable":true,"href":"https:\/\/semmelweis.hu\/hok\/wp-json\/wp\/v2\/media\/13158"}],"wp:attachment":[{"href":"https:\/\/semmelweis.hu\/hok\/wp-json\/wp\/v2\/media?parent=13157"}],"wp:term":[{"taxonomy":"category","embeddable":true,"href":"https:\/\/semmelweis.hu\/hok\/wp-json\/wp\/v2\/categories?post=13157"},{"taxonomy":"post_tag","embeddable":true,"href":"https:\/\/semmelweis.hu\/hok\/wp-json\/wp\/v2\/tags?post=13157"}],"curies":[{"name":"wp","href":"https:\/\/api.w.org\/{rel}","templated":true}]}}