{"id":13154,"date":"2022-04-13T20:00:34","date_gmt":"2022-04-13T18:00:34","guid":{"rendered":"https:\/\/semmelweis.hu\/hok\/?page_id=13154"},"modified":"2025-11-10T12:55:32","modified_gmt":"2025-11-10T11:55:32","slug":"egyetemi-epuletek","status":"publish","type":"page","link":"https:\/\/semmelweis.hu\/hok\/hasznos\/hallgatoi-terek-szolgaltatasok\/egyetemi-epuletek\/","title":{"rendered":"\u00c9p\u00fcletek"},"content":{"rendered":"<h1 style=\"text-align: center\">EOK &#8211; ELM\u00c9LETI ORVOSTUDOM\u00c1NYI K\u00d6ZPONT<\/h1>\n<p style=\"text-align: center\"><em>1094, Budapest, T\u0171zolt\u00f3 utca 37-47.<\/em><\/p>\n<p>Az Elm\u00e9leti Orvostudom\u00e1nyi K\u00f6zpont Budapest, T\u0171zolt\u00f3 u. 37-47, sz\u00e1m alatt megtal\u00e1lhat\u00f3, kimagasl\u00f3, modern \u00e9p\u00fclet, melyben k\u00f6zel k\u00e9tezer gradu\u00e1lis hallgat\u00f3 oktat\u00e1sa folyik, k\u00fcl\u00f6nb\u00f6z\u0151 t\u00e1rgyakb\u00f3l, k\u00fcl\u00f6nb\u00f6z\u0151 \u00f3rasz\u00e1mokban. Az \u00e9p\u00fclet nagy ter\u00fclet\u00e9n a hatalmas hallgat\u00f3i l\u00e9tsz\u00e1m helyig\u00e9ny\u00e9nek fedez\u00e9se \u00e9s a vil\u00e1gviszonylatban elismert kutat\u00e1sok, PhD k\u00e9pz\u00e9sek felt\u00e9telei is biztos\u00edtva vannak. Ennek \u00e9rtelm\u00e9ben a h\u00e1zban megtal\u00e1lhat\u00f3 egy 300 f\u0151s, k\u00e9t 180 f\u0151s, k\u00e9t 80 f\u0151s illetve 25 laborat\u00f3rium, \u00e9s sz\u00e1mos szemin\u00e1riumi terem \u00e9s dolgoz\u00f3szob\u00e1k is. Els\u0151 pillant\u00e1sra azonban nem ezek a helyis\u00e9gek vonzz\u00e1k a tekintetet, hanem az eleg\u00e1ns, t\u00e1gas aula, a zsibong\u00f3 \u00e9s a karzat, ahol biztosan sok id\u0151t fogtok t\u00f6lteni hallgat\u00f3t\u00e1rsaitokkal. Alig fogj\u00e1tok v\u00e1rni, hogy k\u00e9t el\u0151ad\u00e1s k\u00f6z\u00f6tt egy kicsit megpihenjetek \u00e9s felt\u00f6lt\u0151djetek. Az \u00e9p\u00fclet f\u00f6ldszintj\u00e9n pedig b\u00fcf\u00e9 v\u00e1r majd benneteket, ha meg\u00e9hezn\u00e9tek. Az aul\u00e1ban felfedezhetitek m\u00e9g a Semmelweis Shop \u00fczlet\u00e9t is, ahol sz\u00e1mos ruhadarabot, b\u00f6gr\u00e9ket, tollakat, telefontokot \u00e9s egy\u00e9b kieg\u00e9sz\u00edt\u0151k k\u00f6z\u00f6tt tudtok sz\u00e9tn\u00e9zni. A vizsgaid\u0151szakok idej\u00e9ben, biztosan a legkedveltebb helyek k\u00f6z\u00e9 fog tartozni a k\u00f6nyvt\u00e1r (f\u00f6ldszinten), ami zs\u00fafol\u00e1sig meg szokott telni szinte minden nap. Az EOK-ban h\u00e1romnyelv\u0171 oktat\u00e1s folyik, magyar, angol, \u00e9s n\u00e9met nyelven. Az \u00e9rdekl\u0151d\u0151 di\u00e1kok itt kezdhetik meg az els\u0151 l\u00e9p\u00e9seket a kutat\u00e1sban. Egyetem\u00fcnk bekapcsol\u00f3dott a \u201ekutat\u00f3 di\u00e1k\u201d programba is, \u00edgy m\u00e1r a k\u00f6z\u00e9piskol\u00e1sok is bepillanthatnak olykor a kutat\u00f3laborat\u00f3riumok munk\u00e1j\u00e1ba \u00e9s a kutat\u00f3i gondolkod\u00e1sba.<\/p>\n<p><img loading=\"lazy\" decoding=\"async\" class=\"aligncenter\" src=\"https:\/\/lh3.googleusercontent.com\/pw\/AM-JKLXa2RVODYwiYozDp0lHZ2uhKC134A8Te61_-Q-VyNcJl1BaqssW2ZlK6JmGLD00CH47Mgk1U8KmiBg86HwzWVbc5HiA_FFQiFvxW_Klg5SShCKvLdVsp5eoPPyPRFx1vLndNWYIkl5Iog5_2PoTjVnc=w950-h633-no?authuser=0\" alt=\"\" width=\"950\" height=\"633\" \/><\/p>\n<p>&nbsp;<\/p>\n<h1 style=\"text-align: center\">NET &#8211; NAGYV\u00c1RAD T\u00c9RI ELM\u00c9LETI T\u00d6MB \u00e9s a Hallgat\u00f3i Centrum<\/h1>\n<p style=\"text-align: center\"><em>1089, Budapest, Nagyv\u00e1rad t\u00e9r 4.<\/em><\/p>\n<p>Megk\u00f6zel\u00edt\u00e9se viszonylag egyszer\u0171, mert t\u00f6bb t\u00f6megk\u00f6zleked\u00e9si eszk\u00f6zzel el\u00e9rhet\u0151, \u00e9s szinte s\u00e9t\u00e1lni sem kell. A 3-as metr\u00f3 egyik meg\u00e1ll\u00f3ja a Nagyv\u00e1rad t\u00e9r, ezenk\u00edv\u00fcl a 23-as \u00e9s a 24-es villamos is meg\u00e1ll az \u00e9p\u00fclet el\u0151tt. A NET haz\u00e1nk egyik legmagasabb torony\u00e9p\u00fclete, \u00f6sszesen 22 emelet\u00e9n az egyetem tansz\u00e9keinek laborat\u00f3riumai tal\u00e1lhat\u00f3k. Az oktat\u00e1s azonban az als\u00f3, sokkal nagyobb ter\u00fclet\u0171 \u00e9p\u00fcletr\u00e9szben folyik, \u00edgy el\u0151sz\u00f6r ezzel ismerkedtek meg az els\u0151 hetekben. Ha felmentek a toronyt\u00f3l balra l\u00e9v\u0151 l\u00e9pcs\u0151sorok egyik\u00e9n, szemben tal\u00e1lj\u00e1tok magatokat a f\u0151bej\u00e1rattal. Ha a l\u00e9pcs\u0151k ut\u00e1n egyb\u0151l jobbra fordultok, a Hallgat\u00f3i Centrumot l\u00e1tj\u00e1tok, k\u00f6zismertebb nev\u00e9n az Akv\u00e1riumot, ahol \u00f3r\u00e1k k\u00f6z\u00f6tti sz\u00fcnetekben van lehet\u0151s\u00e9getek megpihenni. Itt tal\u00e1lhat\u00f3 Hallgat\u00f3i \u00d6nkorm\u00e1nyzat (H\u00d6K) \u00e9s az Instruktor \u00d6ntev\u00e9keny Csoport (I\u00d6CS) irod\u00e1ja, tov\u00e1bb\u00e1 egy k\u00f6z\u00f6ss\u00e9gi t\u00e9r fotelekkel. El\u0151re haladva, a f\u0151bej\u00e1raton bel\u00e9pve hatalmas aula fogad titeket egyb\u0151l k\u00e9t pingpongasztallal, ahol felfriss\u00fcl\u00e9sk\u00e9ppen b\u00e1rmikor j\u00e1tszhattok egy meccset. Balr\u00f3l k\u00f6rben\u00e9zve a Medikus szak\u00fczlettel, a Legendus k\u00f6nyvesbolttal, az egyetem k\u00e1v\u00e9z\u00f3j\u00e1val \u00e9s \u00e9tterm\u00e9vel, a f\u0151port\u00e1val, valamint a porta mellett elindulva liftekkel tal\u00e1lkoztok majd. Az aul\u00e1b\u00f3l jobbra elindulva sz\u00e9les l\u00e9pcs\u0151 vezet fel a k\u00e9t (Z\u00f6ld \u00e9s Barna) nagy el\u0151ad\u00f3hoz, sz\u00e1mos szemin\u00e1riumi teremhez \u00e9s laborhoz (Sz \u00e9s L felirattal), valamint a l\u00e9pcs\u0151 tetej\u00e9n k\u00f6zvetlen\u00fcl balra, a sarokban az \u00c1OK D\u00e9k\u00e1ni Hivatal\u00e1t tal\u00e1lj\u00e1tok, ahol a tanulm\u00e1nyi \u00fcgyint\u00e9z\u00e9s folyik. A jobb sarokb\u00f3l pedig folyos\u00f3 vezet el a Di\u00e1kcentrumhoz (DC) \u00e9s az aula feletti gal\u00e9ri\u00e1ra, vagyis a \u201ch\u00eddra\u201d, ahol mindig akad p\u00e1r hely, ha napk\u00f6zben egy kicsit tanulni szeretn\u00e9tek \u00e9s viszonylagos csendre, nyugalomra v\u00e1gytok. A b\u00fcf\u00e9t \u00e9s az \u00e9ttermet sokan dics\u00e9rik, \u00e9rdemes kipr\u00f3b\u00e1lni. Az aul\u00e1b\u00f3l balra fordulva a Tan\u00e1cstermet tal\u00e1lj\u00e1tok, a l\u00e9pcs\u0151n fels\u00e9t\u00e1lva pedig az \u00fajonnan kialak\u00edtand\u00f3 hallgat\u00f3i t\u00e9rben tal\u00e1lj\u00e1tok magatokat, ahol szint\u00e9n van lehet\u0151s\u00e9getek egy picit pihenni \u00e9s sz\u00f3rakozni.<\/p>\n<p><img loading=\"lazy\" decoding=\"async\" class=\"aligncenter\" src=\"https:\/\/lh3.googleusercontent.com\/pw\/AM-JKLXDsKlGTP4xxNbEipNfEZWJo6O0HiE87mSD5SX0qkSvsAsZT-LoA1oeJCJRztHGFQGtmtOigDwj2s83I5u9Fg-XqcvPevR8uctDXCPYvN8pwbNJbqL4mCGcTUHxi7GQ-TaAFCIWj0liQ8kA72YXaDCU=w950-h633-no?authuser=0\" alt=\"\" width=\"950\" height=\"633\" \/><\/p>\n<p>&nbsp;<\/p>\n<h1 style=\"text-align: center\">FOCI &#8211; FOGORVOSI OKTAT\u00c1SI CENTRUM<\/h1>\n<p style=\"text-align: center\"><em>1088, Budapest, Szentkir\u00e1lyi utca 47.<\/em><\/p>\n<p>A Fogorvosi Oktat\u00e1si Centrum, a \u2018FOCI\u2019 a Szentkir\u00e1lyi utca 47. sz\u00e1m alatt tal\u00e1lhat\u00f3. A 4-6-os villamossal a Corvin-negyedt\u0151l, M3\/M4-es metr\u00f3val a K\u00e1lvin t\u00e9rt\u0151l k\u00f6zel\u00edthetitek meg. Az Egyetem egyik legmodernebb \u00e9p\u00fclete, a f\u00f6ldszinten tal\u00e1lhatj\u00e1tok a b\u00fcf\u00e9t \u00e9s a k\u00f6nyvt\u00e1rat. K\u00e9t bej\u00e1rata van, az egyik a p\u00e1ciensek, a m\u00e1sik a hallgat\u00f3k sz\u00e1m\u00e1ra.<\/p>\n<p>M\u00e1r els\u0151\u00e9vesk\u00e9nt felfedezhetitek a tanlaborokat az \u00e1ltal\u00e1nos fog\u00e1szati propedeutika t\u00e1rgy keretein bel\u00fcl, harmad\u00e9vt\u0151l pedig a gyakorl\u00f3kban kezelhetitek p\u00e1cienseiteket. A FOCI-hoz k\u00f6zel, a Miksz\u00e1th K\u00e1lm\u00e1n t\u00e9ren \u00e9lvezhetitek a Lumen k\u00e1v\u00e9z\u00f3 helyben p\u00f6rk\u00f6lt k\u00e1v\u00e9j\u00e1t vagy a Kis Fecske Pressz\u00f3 heti aj\u00e1nlat\u00e1t.<\/p>\n<p><img loading=\"lazy\" decoding=\"async\" class=\"aligncenter\" src=\"https:\/\/lh3.googleusercontent.com\/pw\/AM-JKLW9u7SB9BvPHcTVK5wA5TJfxMVDTEAk35AVSfPGccrnhmFGjJ1mt41mR81EWz0KUHqMoJscvwA5a4M7C8Zk-b4DdL6vp0CIjB9NVlAH07f9oaykcDNEs5qZbhhEsTJe4jil0DK8hSIgMwqh5gtU3EhC=w1643-h924-no?authuser=0\" alt=\"\" width=\"950\" height=\"534\" \/><\/p>\n<p>&nbsp;<\/p>\n<h1 style=\"text-align: center\">GY\u00d3GYSZER\u00c9SZTUDOM\u00c1NYI KAR \u2013 H\u0150GYES T\u00d6MB<\/h1>\n<p style=\"text-align: center\"><em>1092 Budapest, H\u0151gyes Endre utca 7-9.<\/em><\/p>\n<p>A Corvin-negyed fel\u0151l \u00e9rdemes megk\u00f6zel\u00edteni a leend\u0151 gy\u00f3gyszer\u00e9szek k\u00f6zponti \u00e9p\u00fclet\u00e9t. A metr\u00f3alulj\u00e1r\u00f3ban a mozg\u00f3l\u00e9pcs\u0151n fel\u00e9rve a H kij\u00e1ratot v\u00e1lassz\u00e1tok, \u00e9s a patika ir\u00e1ny\u00e1ba induljatok el. Az Iparm\u0171v\u00e9szeti M\u00fazeum el\u0151tt van az \u00e9p\u00fclet nev\u00e9t is ad\u00f3 kis utca, ahova balra befordulva s\u00e9ta k\u00f6zben elhaladtok a Gy\u00f3gyszer\u00e9szi K\u00e9miai Int\u00e9zet \u00e9s az Egyetemi Gy\u00f3gyszert\u00e1r Gy\u00f3gyszer\u00fcgyi Szervez\u00e9si Int\u00e9zet k\u00f6z\u00f6s \u00e9p\u00fclete mellett, majd a k\u00f6vetkez\u0151 kapualjban forduljatok ism\u00e9t balra! Egy bels\u0151 udvarba \u00e9rtek, amelyet k\u00f6r\u00fcl\u00f6lel a Gy\u00f3gyszer\u00e9sztudom\u00e1nyi Kar \u00e9p\u00fcletegy\u00fcttese. Az udvarba \u00e9rve bal k\u00e9z fel\u00e9 az ajt\u00f3 m\u00f6g\u00f6tt egy l\u00e9pcs\u0151sor b\u00fajik meg, amely a H\u0151gyes el\u0151ad\u00f3hoz vezet. T\u00f6bb elm\u00e9leti \u00f3r\u00e1tok is lesz ebben a teremben az \u00f6t \u00e9v alatt. Kicsit beljebb az udvarban, egy igaz\u00e1n t\u00f6rt\u00e9nelmi Budapestet id\u00e9z\u0151 \u00e9p\u00fcletet l\u00e1thattok, mely a Gy\u00f3gyszer\u00e9szeti Int\u00e9zet laborjainak, \u00e9s a m\u00e1sodik emeleten a Szerves Vegytani Int\u00e9zet hallgat\u00f3i laborj\u00e1nak ad otthont. Jobb oldalra tekintve a szemin\u00e1riumi \u00e9s informatikai termek \u00e9p\u00fclet\u00e9t tal\u00e1lhatj\u00e1tok, melynek legfels\u0151 emelet\u00e9n a sz\u00e1m\u00edt\u00f3g\u00e9pekkel ell\u00e1tott, csendes, nyugodt l\u00e9gk\u00f6r\u0171 Di\u00e1kcentrumot lelhetitek fel. Az \u00f3r\u00e1k k\u00f6z\u00f6tti sz\u00fcnetekben az udvari padok meghitt l\u00e9gk\u00f6rt teremtenek eb\u00e9dhez \u00e9s jegyz\u0151k\u00f6nyv\u00edr\u00e1shoz egyar\u00e1nt. B\u00fcf\u00e9 sajnos nincs, de a k\u00f6zelben sok gyors\u00e9tterem \u00e9s k\u00e1v\u00e9z\u00f3 fellelhet\u0151.<\/p>\n<p>Az els\u0151 m\u00e1sf\u00e9l \u00e9vben egy leend\u0151 gy\u00f3gyszer\u00e9sz \u00e9let\u00e9ben nagy szerepe van az utaz\u00e1snak, \u00e9s itt nem csak a megfelel\u0151 k\u00e1v\u00e9z\u00f3 kiv\u00e1laszt\u00e1s\u00e1ra kell gondolni. A GYTK \u00e9s az ELTE TTK k\u00f6z\u00f6tti meg\u00e1llapod\u00e1s \u00e9rtelm\u00e9ben lesznek olyan t\u00e1rgyaitok, melyeket az ELTE-n oktatnak majd. A TTK \u00e9p\u00fcleteit legegyszer\u0171bben a 4-6-os villamossal k\u00f6zel\u00edthetitek meg, amir\u0151l a Pet\u0151fi h\u00edd budai h\u00eddf\u0151j\u00e9n\u00e9l kell lesz\u00e1llnotok. A meg\u00e1ll\u00f3ban, az Egyetemist\u00e1k parkj\u00e1val tal\u00e1lj\u00e1tok szemben magatokat, amely m\u00f6g\u00f6tt van az ELTE \u00c9szaki T\u00f6mbje. Itt lesznek az \u00e1ltal\u00e1nos \u00e9s szervetlen k\u00e9mia \u00e9s az analitikai k\u00e9mia \u00f3r\u00e1k. Itt van b\u00fcf\u00e9, \u00e9s viszonylag olcs\u00f3n lehet f\u0151tt \u00e9telt is kapni.<\/p>\n<p><em><img loading=\"lazy\" decoding=\"async\" class=\"aligncenter\" src=\"https:\/\/lh3.googleusercontent.com\/pw\/AM-JKLWBvKz-qEQJ4QDMNYYPbNX3fO2o7CpJwJ_X26liIlXezB1pQdXJCgOMz6OWycVxERVBpeYhs1bn7D1EIXjCCYBs6ZcmQ_seb-DB5BCXYEA9zg7OhLRBUkOGj_8Gz9wlwgTQ4ejIN_oTDmfJGYQ_AefW=w950-h633-no?authuser=0\" alt=\"\" width=\"950\" height=\"633\" \/> <\/em><\/p>\n<p>&nbsp;<\/p>\n<h1 style=\"text-align: center\">ETK VAS UTCAI \u00c9P\u00dcLETE<\/h1>\n<p style=\"text-align: center\"><em>1088 Budapest, Vas utca 17.<\/em><\/p>\n<p>Megk\u00f6zel\u00edthet\u0151 t\u00f6bb ir\u00e1nyb\u00f3l is, a K\u00e1lvin t\u00e9rt\u0151l nagyj\u00e1b\u00f3l 10 perc s\u00e9ta, az Astori\u00e1t\u00f3l is hasonl\u00f3 id\u0151t vesz ig\u00e9nybe, de ha esetleg k\u00e9s\u00e9sben vagytok, akkor ott fel is tudtok sz\u00e1llni egy buszra 1 meg\u00e1ll\u00f3 erej\u00e9ig, az Ur\u00e1ni\u00e1ig. Valamint a Blaha Lujza t\u00e9rt\u0151l is nagyj\u00e1b\u00f3l 5-8 percre van gyalog. Az Eg\u00e9szs\u00e9gtudom\u00e1nyi Karon tanul\u00f3 hallgat\u00f3k t\u00f6bbs\u00e9ge a Vas utc\u00e1ban t\u00f6lti napjait. Gy\u00f6ny\u00f6r\u0171 \u00e9p\u00fclet\u00fcnk egy 2018-as online szavaz\u00e1son Budapest legszebb egyetemi \u00e9p\u00fclete c\u00edm\u00e9t nyerte el. A t\u00f6bb emeletes \u00e9p\u00fclet f\u00f6ldszintj\u00e9n tal\u00e1lhat\u00f3 a Tanulm\u00e1nyi Oszt\u00e1ly \u00e9s a Hallgat\u00f3i Inform\u00e1ci\u00f3s Iroda is, az els\u0151 emeleten a D\u00e9k\u00e1ni Hivatal, ezek a legfontosabb helysz\u00ednek az \u00fcgyek int\u00e9z\u00e9s\u00e9re. Az alagsorban tal\u00e1lhat\u00f3 az \u00e9tterem sz\u00e9les v\u00e1laszt\u00e9kkal, de ha csak egy meleg\u00edt\u00e9sre lenne sz\u00fcks\u00e9g arra is itt tal\u00e1ltok megold\u00e1st a \u201emikr\u00f3\u201d szob\u00e1ban. Ezen a szinten tal\u00e1lj\u00e1tok a H\u00d6K irod\u00e1t is, ahova szint\u00e9n b\u00e1rmikor bet\u00e9rhettek seg\u00edts\u00e9g\u00e9rt. Az \u00e9p\u00fclet bels\u0151 udvara \u00e9s hidja remek kikapcsol\u00f3d\u00e1si helysz\u00ednk\u00e9nt szolg\u00e1l. A hatalmas \u00e9p\u00fcletben sz\u00e1mos helyet tal\u00e1lhatnak maguknak a hallgat\u00f3k a tanul\u00e1shoz vagy p\u00e1r perc laz\u00edt\u00e1shoz. Valamint van egy \u00fagynevezett \u201eovi\u201d r\u00e9sz\u00fcnk, ahol le tudtok \u00fclni tanulni, megeb\u00e9delni vagy csak besz\u00e9lgetni egym\u00e1ssal, valamint sz\u00e1m\u00edt\u00f3g\u00e9pek is vannak ide kihelyezve, ha esetleg sz\u00fcks\u00e9getek lesz majd r\u00e1. Az egyes emeleteken az el\u0151ad\u00f3 \u00e9s gyakorlati termeken k\u00edv\u00fcl a tornatermek \u00e9s a Tansz\u00e9kek tal\u00e1lhat\u00f3k. Az ETK \u00e9p\u00fclete k\u00f6zel\u00e9ben sz\u00e1mos lehet\u0151s\u00e9getek van meginni egy k\u00e1v\u00e9t, vagy \u00faj \u00edzeket kipr\u00f3b\u00e1lni. Az Apricot k\u00e1v\u00e9z\u00f3, vagy a De Fincsii b\u00fcf\u00e9 kedvelt helyek a hallgat\u00f3k \u00e1ltal. A kar b\u00fcszk\u00e9lkedhet egy m\u00e1sik \u00e9p\u00fclettel is, mely az Erkel utc\u00e1ban tal\u00e1lhat\u00f3, a B\u00f3kay J\u00e1nos Koll\u00e9gium szomsz\u00e9ds\u00e1g\u00e1ban. Legink\u00e1bb a ment\u0151tiszt hallgat\u00f3k j\u00e1rtasak az \u00fajpesti \u00e9p\u00fcletben.<\/p>\n<p><img loading=\"lazy\" decoding=\"async\" class=\"aligncenter\" src=\"https:\/\/lh3.googleusercontent.com\/pw\/AM-JKLVhPlC0gaxFQje5dhLgUoli3EDvphJaBdd0YBokW_r2RLhQJmj6W1Pj88oZWIAbNdwdkVYfIqwLJ01qrHg3Eyv4pILV2QFJc1pwwP1dvvvVBajb2NXCtHGSmcvkDyTT9RRJF57GTpFn1RSwHh8E0W81=w800-h579-no?authuser=0\" alt=\"\" width=\"800\" height=\"579\" \/><\/p>\n<p>&nbsp;<\/p>\n<h1 style=\"text-align: center\">K\u00daTV\u00d6LGYI \u00daTI \u00c9P\u00dcLET \u2013 PET\u0150 ANDR\u00c1S KAR<\/h1>\n<p style=\"text-align: center\"><em>1125 Budapest, K\u00fatv\u00f6lgyi \u00fat 6-8.<\/em><\/p>\n<p>Megk\u00f6zel\u00edteni a 2-es metr\u00f3val tudj\u00e1tok, hogyha a Sz\u00e9ll K\u00e1lm\u00e1n t\u00e9ren lesz\u00e1lltok \u00e9s ott valamelyik buszra felsz\u00e1lltok, legjobb d\u00f6nt\u00e9s a 155-\u00f6s busz, hiszen az rak le a legk\u00f6zelebb. Ez az \u00fagynevezett K\u00fatv\u00f6lgyi T\u00f6mb, ahol jelent\u0151s id\u0151t el fogtok t\u00f6lteni. Egy t\u00f6bb emeletes, \u2018A\u2019 \u00e9s \u2018B\u2019 r\u00e9szekre bonthat\u00f3 \u00e9p\u00fclet, melyet egy \u00fcvegfolyos\u00f3 (ezt a megnevez\u00e9st m\u00e9g sokszor fogj\u00e1tok hallani) k\u00f6t \u00f6ssze. A \u2018B\u2019 \u00e9p\u00fcletr\u00e9sz f\u00f6ldszintj\u00e9n tal\u00e1lhat\u00f3 a Tanulm\u00e1nyi \u00e9s Hallgat\u00f3i K\u00f6zpont, Karrieriroda, a H\u00d6K iroda \u00e9s a Hallgat\u00f3i szoba. Ennek az \u00e9p\u00fcletnek az els\u0151 emelet\u00e9n tal\u00e1lhat\u00f3ak az oktat\u00f3i termek, ahol majd a tan\u00f3r\u00e1k lesznek. Ezek nem t\u00f6bb sz\u00e1z f\u0151s el\u0151ad\u00f3k, hiszen a hallgat\u00f3i l\u00e9tsz\u00e1m ezt nem indokolja. A \u2018B\u2019 \u00e9p\u00fcletben, azaz az egyetem \u00e9p\u00fclet\u00e9ben, tavaly b\u00fatorcsere t\u00f6rt\u00e9nt, t\u00f6bb helyen, \u00e1talak\u00edtva ezzel az emeleti folyos\u00f3t k\u00f6z\u00f6ss\u00e9gi, hallgat\u00f3i t\u00e9rr\u00e9, hiszen a modern, k\u00e9nyelmes kanap\u00e9k \u00e9s puffok egy eg\u00e9sz m\u00e1s arculatot biztos\u00edtanak a helyis\u00e9gnek. \u00c9s ha m\u00e1r hallgat\u00f3i terek, a kor\u00e1bban eml\u00edtett Hallgat\u00f3i szoba csak a ti\u00e9tek lesz, ahol tudtok enni, pihenni, tanulni, aludni, besz\u00e9lgetni. Ez a helyis\u00e9g 2021 nyar\u00e1n lett fel\u00faj\u00edtva, korszer\u0171 kanap\u00e9k, fotelek, babzs\u00e1k fotelek, asztal \u00e9s mikr\u00f3 is tal\u00e1lhat\u00f3ak benne ezzel minden k\u00f6z\u00f6ss\u00e9gi ig\u00e9nyt kiszolg\u00e1lva. Ha azonban ink\u00e1bb a tanul\u00e1sra koncentr\u00e1ln\u00e1tok k\u00e9t el\u0151ad\u00e1s k\u00f6z\u00f6tt, akkor az \u2018A\u2019 \u00e9p\u00fcletben tal\u00e1lhat\u00f3 K\u00f6nyvt\u00e1r nagyszer\u0171 alternat\u00edvak\u00e9nt szolg\u00e1l, hiszen sz\u00e1mos \u00fcl\u0151alkalmatoss\u00e1g, k\u00f6nyv, foly\u00f3irat, magazin \u00e9s csend seg\u00edti el\u0151 a hat\u00e9kony tanul\u00e1st.<\/p>\n<p>A \u2018B\u2019 \u00e9p\u00fcletben tal\u00e1lhat\u00f3 m\u00e9g a D\u00e9k\u00e1ni Hivatal, ahol t\u00f6bb oktat\u00f3nak is van irod\u00e1ja, lehet, hogy valamelyik vizsg\u00e1t ezek egyik\u00e9ben fogj\u00e1tok letenni. Itt tal\u00e1lhat\u00f3 a szint\u00e9n el\u0151z\u0151 f\u00e9l\u00e9vben fel\u00faj\u00edtott \u00e9s kialak\u00edtott meleg \u00e9tkez\u0151 sz\u00e1mos asztallal, ahol meg tudj\u00e1tok venni az eb\u00e9deteket, vagy meg tudtok inni egy k\u00e1v\u00e9t. Az egyik \u00f6lt\u00f6z\u0151 is itt tal\u00e1lhat\u00f3. Ahogy s\u00e9t\u00e1lunk \u00e1t az \u00fcvegfolyos\u00f3n, \u00fagy haladunk el m\u00e9g egy sor oktat\u00f3i iroda mellett. Az \u2018A\u2019 \u00e9p\u00fcletr\u00e9sz pedig f\u0151k\u00e9nt m\u00e1r a Pet\u0151 \u00d3voda ter\u00fclete, ahol az \u00f3vodai, korai \u00e9s feln\u0151tt ter\u00fcleten v\u00e9gzett gyakorlatotokra is sor ker\u00fcl. Itt tal\u00e1lhat\u00f3ak m\u00e9g oktat\u00f3i irod\u00e1k, egy \u00f6lt\u00f6z\u0151, illetve a K\u00f6nyvt\u00e1r is. A D\u00edszterem is itt helyezkedik el, ahol a nagyobb esem\u00e9nyeket \u00e9s a testnevel\u00e9s \u00f3r\u00e1kat tartj\u00e1k.<\/p>\n<p><img loading=\"lazy\" decoding=\"async\" class=\"aligncenter\" src=\"https:\/\/lh3.googleusercontent.com\/pw\/AM-JKLWzkyIj-w7VhdZqQ_Xs80rl8XhPMlDTiZ1Pj6dL9cptBjippGFcrC7JD9PTZ3XkBOZKLEkxr_TnP57HkSHA5BvWKBQARUfIew82IQTTHI83q6RTHKIIatOUyBztqli4O-cALVtMH7XVLMxz85yGno7o=w1390-h924-no?authuser=0\" alt=\"\" width=\"950\" height=\"632\" \/><\/p>\n<p>&nbsp;<\/p>\n<h1 style=\"text-align: center\">Nyelvi Int\u00e9zet<\/h1>\n<p style=\"text-align: center\"><em>1094 Budapest, Ferenc t\u00e9r 15.<\/em><\/p>\n<p>A Mester utcai villamosmeg\u00e1ll\u00f3t\u00f3l \u00e9s az EOK fel\u0151l egyar\u00e1nt megk\u00f6zel\u00edthet\u0151 a Nyelvi Int\u00e9zet. Ez az \u00e9p\u00fclet rendk\u00edv\u00fcl idilli k\u00f6rnyezetben helyezkedik el, hiszen el\u0151tte egy j\u00e1tsz\u00f3t\u00e9r \u00e9s egy kis park tal\u00e1lhat\u00f3 \u00e1rnyas f\u00e1kkal \u00e9s padokkal felszerelve. Ez\u00e9rt ak\u00e1r \u00f3r\u00e1k ut\u00e1n is, ha kis nyugalomra v\u00e1gytok, nem kell messze mennetek majd. Vagy ha egy kicsit \u00e1tmozgatn\u00e1tok magatokat, egy fut\u00f3s\u00e1v is ki van alak\u00edtva e c\u00e9lra. Az int\u00e9zetet az EOK fel\u0151l a legegyszer\u0171bb megk\u00f6zel\u00edteni. Ha az EOK-kal szemben \u00e1llsz, akkor balra indul egy kis utca, aminek az \u00e1rk\u00e1dsora eg\u00e9szen a Ferenc t\u00e9rig \u00e9r el. Ott l\u00e1tni fogtok egy z\u00f6ld-drapp \u00e9p\u00fcletet, az lesz a Nyelvi Int\u00e9zet, ahol ha \u00c1OK-os, EKK-s, FOK-os vagy GYTK-s hallgat\u00f3 leszel, akkor itt fognak zajlani a latin \u00f3r\u00e1id, illetve az \u00f6sszes nyelvi \u00f3r\u00e1nak ad helyet majd.<\/p>\n<p><img loading=\"lazy\" decoding=\"async\" class=\"aligncenter\" src=\"https:\/\/lh3.googleusercontent.com\/pw\/AM-JKLVbFy3erfoSNFYTkz3gLnAi8_D4ZBOV9aa_2ESJXNzkc-z5Nv3YoMVndTD1eeeOkQJzMLAG5rkF8LshMXgGjOtl_R5Fe3g7t7IlQZzmvKK1wNr_paSRJW-xby2yvROsj9cM5bxSjh1giZAJT2toLwI5=w950-h633-no?authuser=0\" alt=\"\" width=\"950\" height=\"633\" \/><\/p>\n<h1 style=\"text-align: center\">TESTNEVEL\u00c9SI \u00c9S SPORTK\u00d6ZPONT<\/h1>\n<p style=\"text-align: center\"><em>1103 Budapest, Z\u00e1gr\u00e1bi \u00fat 14<\/em>.<\/p>\n<p>A 3-as metr\u00f3\/metr\u00f3p\u00f3tl\u00f3 busz P\u00f6tty\u00f6s utcai meg\u00e1ll\u00f3j\u00e1t\u00f3l nagyj\u00e1b\u00f3l 8-10 perc s\u00e9t\u00e1ra tal\u00e1lhat\u00f3 meg. Az egyetemi sport\u00e9let k\u00f6zpontja, \u00e9s t\u00f6bb rendezv\u00e9ny helysz\u00edne is egyben. A komplexum mag\u00e1ban foglal egy fedett sportp\u00e1ly\u00e1t, 1 m\u0171f\u00fcves focip\u00e1ly\u00e1t, 3 teniszp\u00e1ly\u00e1t \u00e9s egy nagy h\u00e1ts\u00f3 udvart. A Testnevel\u00e9s t\u00e1rgyatok lebonyol\u00edt\u00e1s\u00e1ban lesz nagy jelent\u0151s\u00e9ge a sporttelepnek azonban, ha kedvetek van b\u00e1rmikor ki tudj\u00e1tok b\u00e9relni a szabadt\u00e9ri m\u0171f\u00fcves p\u00e1ly\u00e1t vagy a fedett p\u00e1ly\u00e1t, ahol kosarazhattok, k\u00e9zilabd\u00e1zhattok, r\u00f6plabd\u00e1zhattok. Rendezv\u00e9nyek tekintet\u00e9ben sportbajnoks\u00e1gok \u00e9s sportnapok mellett az el\u0151z\u0151 f\u00e9l\u00e9vben igen n\u00e9pszer\u0171 Semmelweis Matin\u00e9, Sleepless Semmelweis esem\u00e9nyek is itt ker\u00fcltek megrendez\u00e9sre.<\/p>\n<p style=\"text-align: center\"><a href=\"https:\/\/semmelweis.hu\/hok\/golyaweb-sport\/\">Tov\u00e1bbi inform\u00e1ci\u00f3k sporttal kapcsolatban<\/a><\/p>\n<p><img loading=\"lazy\" decoding=\"async\" class=\"aligncenter\" src=\"https:\/\/lh3.googleusercontent.com\/pw\/AM-JKLWAihP0TfnCQtRRU7UcQ2tnvPLXmJUVV8hBCwX0Sekv5jH1MOuG-MquD0njjXBkBqk_-U-YJLWQyzGfbYu03sBVEitOn3PlLhkoCj0l5OsoL13dMyV1kfLdUHbL8Xz2CTim1k7T9w_E8HlhcwVLaDrO=w800-h533-no?authuser=0\" alt=\"\" width=\"800\" height=\"533\" \/><\/p>\n<p>&nbsp;<\/p>\n","protected":false},"excerpt":{"rendered":"<p>EOK &#8211; ELM\u00c9LETI ORVOSTUDOM\u00c1NYI K\u00d6ZPONT 1094, Budapest, T\u0171zolt\u00f3 utca 37-47. Az Elm\u00e9leti Orvostudom\u00e1nyi K\u00f6zpont Budapest, T\u0171zolt\u00f3 u. 37-47, sz\u00e1m alatt megtal\u00e1lhat\u00f3, kimagasl\u00f3, modern \u00e9p\u00fclet, melyben k\u00f6zel k\u00e9tezer gradu\u00e1lis hallgat\u00f3 oktat\u00e1sa folyik, k\u00fcl\u00f6nb\u00f6z\u0151 t\u00e1rgyakb\u00f3l, k\u00fcl\u00f6nb\u00f6z\u0151 \u00f3rasz\u00e1mokban. Az \u00e9p\u00fclet nagy ter\u00fclet\u00e9n a hatalmas hallgat\u00f3i l\u00e9tsz\u00e1m helyig\u00e9ny\u00e9nek fedez\u00e9se \u00e9s a vil\u00e1gviszonylatban elismert kutat\u00e1sok, PhD k\u00e9pz\u00e9sek felt\u00e9telei is biztos\u00edtva &hellip;<\/p>\n","protected":false},"author":101673,"featured_media":11335,"parent":12918,"menu_order":1,"comment_status":"closed","ping_status":"closed","template":"","meta":{"_acf_changed":false,"footnotes":""},"categories":[],"tags":[669],"class_list":["post-13154","page","type-page","status-publish","has-post-thumbnail","hentry","tag-hallterszol"],"acf":[],"_links":{"self":[{"href":"https:\/\/semmelweis.hu\/hok\/wp-json\/wp\/v2\/pages\/13154","targetHints":{"allow":["GET"]}}],"collection":[{"href":"https:\/\/semmelweis.hu\/hok\/wp-json\/wp\/v2\/pages"}],"about":[{"href":"https:\/\/semmelweis.hu\/hok\/wp-json\/wp\/v2\/types\/page"}],"author":[{"embeddable":true,"href":"https:\/\/semmelweis.hu\/hok\/wp-json\/wp\/v2\/users\/101673"}],"replies":[{"embeddable":true,"href":"https:\/\/semmelweis.hu\/hok\/wp-json\/wp\/v2\/comments?post=13154"}],"version-history":[{"count":8,"href":"https:\/\/semmelweis.hu\/hok\/wp-json\/wp\/v2\/pages\/13154\/revisions"}],"predecessor-version":[{"id":19073,"href":"https:\/\/semmelweis.hu\/hok\/wp-json\/wp\/v2\/pages\/13154\/revisions\/19073"}],"up":[{"embeddable":true,"href":"https:\/\/semmelweis.hu\/hok\/wp-json\/wp\/v2\/pages\/12918"}],"wp:featuredmedia":[{"embeddable":true,"href":"https:\/\/semmelweis.hu\/hok\/wp-json\/wp\/v2\/media\/11335"}],"wp:attachment":[{"href":"https:\/\/semmelweis.hu\/hok\/wp-json\/wp\/v2\/media?parent=13154"}],"wp:term":[{"taxonomy":"category","embeddable":true,"href":"https:\/\/semmelweis.hu\/hok\/wp-json\/wp\/v2\/categories?post=13154"},{"taxonomy":"post_tag","embeddable":true,"href":"https:\/\/semmelweis.hu\/hok\/wp-json\/wp\/v2\/tags?post=13154"}],"curies":[{"name":"wp","href":"https:\/\/api.w.org\/{rel}","templated":true}]}}