{"id":13148,"date":"2023-08-28T10:46:47","date_gmt":"2023-08-28T08:46:47","guid":{"rendered":"https:\/\/semmelweis.hu\/hok\/?page_id=13148"},"modified":"2023-08-28T10:51:44","modified_gmt":"2023-08-28T08:51:44","slug":"dreem-2023","status":"publish","type":"page","link":"https:\/\/semmelweis.hu\/hok\/en\/have-a-voice\/dreem-2023\/","title":{"rendered":"DREEM 2023"},"content":{"rendered":"<p>EN\/ The Center for Educational Development, Methodology and Organization, the Students\u2019 Union and the Student Services Directorate launches a survey to learn about the expectations of future first-year students regarding their studies.<\/p>\n<p>The survey is carried out using the Dundee Ready Education Environment Measure (DREEM). The educational environment includes all the physical, social and psychological effects that the student experiences during his university studies in connection with education. Comparing the expectations with the later results helps to improve the quality of the training environment and thus supports educational development.<\/p>\n<p>Please fill in the questionnaire according to your expectations! It&#8217;s not a problem if you don&#8217;t know anything about education yet, you can answer based on your anticipations.<\/p>\n<p>Filling out the questionnaire takes approximately 8 minutes.<br \/>\nThe answers are collected anonymously.<\/p>\n<h3 style=\"text-align: center\"><a href=\"https:\/\/forms.office.com\/e\/z3njtxyeX5\" target=\"_blank\" rel=\"noopener\">The questionnaire is available here.<\/a><\/h3>\n<p>&nbsp;<\/p>\n<p>&nbsp;<\/p>\n<p>DE\/ Das Methodische und Organisatorische Zentrum f\u00fcr Bildungsentwicklung, die Studentenorganisation und die Direktion f\u00fcr Studentenservice f\u00fchren eine Umfrage zu den Erwartungen der Erstsemesterstudenten an das Studium durch.<\/p>\n<p>Die Abbildung erfolgt durch Anpassen eines auf Englisch entwickelten Messwerkzeugs, des Dundee Ready Education Environment Measure (DREEM). Das p\u00e4dagogische Umfeld umfasst alle physischen, sozialen und psychologischen Auswirkungen, die die Studierenden w\u00e4hrend ihres Studiums erfahren. Der Vergleich der Erwartungen der Studenten mit zuk\u00fcnftigen Umfrageergebnissen hilft uns die Qualit\u00e4t des Lernumfelds zu verbessern und unterst\u00fctzt die Entwicklung der Lehre.<\/p>\n<p>Bitte f\u00fcllen Sie den Fragebogen hinsichtlich Ihrer Erwartungen an das Universit\u00e4tsstudium aus. Es ist kein Problem, wenn Sie noch nichts \u00fcber Bildung wissen, Sie k\u00f6nnen nach Ihren Vorstellungen antworten.<\/p>\n<p>Das Ausf\u00fcllen des Fragebogens dauert ungef\u00e4hr 8 Minuten.<br \/>\nDie Antworten werden anonym gesammelt.<\/p>\n<h3 style=\"text-align: center\"><a href=\"https:\/\/forms.office.com\/e\/z3njtxyeX5\" target=\"_blank\" rel=\"noopener\">Den Fragebogen finden Sie hier.<\/a><\/h3>\n","protected":false},"excerpt":{"rendered":"<p>EN\/ The Center for Educational Development, Methodology and Organization, the Students\u2019 Union and the Student Services Directorate launches a survey to learn about the expectations of future first-year students regarding their studies. The survey is carried out using the Dundee Ready Education Environment Measure (DREEM). The educational environment includes all the physical, social and psychological &hellip;<\/p>\n","protected":false},"author":101673,"featured_media":13147,"parent":12588,"menu_order":2,"comment_status":"closed","ping_status":"closed","template":"","meta":{"_acf_changed":false,"footnotes":""},"categories":[],"tags":[667],"class_list":["post-13148","page","type-page","status-publish","has-post-thumbnail","hentry","tag-haveavoice"],"acf":[],"_links":{"self":[{"href":"https:\/\/semmelweis.hu\/hok\/wp-json\/wp\/v2\/pages\/13148","targetHints":{"allow":["GET"]}}],"collection":[{"href":"https:\/\/semmelweis.hu\/hok\/wp-json\/wp\/v2\/pages"}],"about":[{"href":"https:\/\/semmelweis.hu\/hok\/wp-json\/wp\/v2\/types\/page"}],"author":[{"embeddable":true,"href":"https:\/\/semmelweis.hu\/hok\/wp-json\/wp\/v2\/users\/101673"}],"replies":[{"embeddable":true,"href":"https:\/\/semmelweis.hu\/hok\/wp-json\/wp\/v2\/comments?post=13148"}],"version-history":[{"count":5,"href":"https:\/\/semmelweis.hu\/hok\/wp-json\/wp\/v2\/pages\/13148\/revisions"}],"predecessor-version":[{"id":15864,"href":"https:\/\/semmelweis.hu\/hok\/wp-json\/wp\/v2\/pages\/13148\/revisions\/15864"}],"up":[{"embeddable":true,"href":"https:\/\/semmelweis.hu\/hok\/wp-json\/wp\/v2\/pages\/12588"}],"wp:featuredmedia":[{"embeddable":true,"href":"https:\/\/semmelweis.hu\/hok\/wp-json\/wp\/v2\/media\/13147"}],"wp:attachment":[{"href":"https:\/\/semmelweis.hu\/hok\/wp-json\/wp\/v2\/media?parent=13148"}],"wp:term":[{"taxonomy":"category","embeddable":true,"href":"https:\/\/semmelweis.hu\/hok\/wp-json\/wp\/v2\/categories?post=13148"},{"taxonomy":"post_tag","embeddable":true,"href":"https:\/\/semmelweis.hu\/hok\/wp-json\/wp\/v2\/tags?post=13148"}],"curies":[{"name":"wp","href":"https:\/\/api.w.org\/{rel}","templated":true}]}}