{"id":13079,"date":"2022-04-04T17:19:53","date_gmt":"2022-04-04T15:19:53","guid":{"rendered":"https:\/\/semmelweis.hu\/hok\/?page_id=13079"},"modified":"2023-08-28T10:44:10","modified_gmt":"2023-08-28T08:44:10","slug":"dreem-2023","status":"publish","type":"page","link":"https:\/\/semmelweis.hu\/hok\/szolj-bele\/dreem-2023\/","title":{"rendered":"DREEM 2023"},"content":{"rendered":"<p>Az Oktat\u00e1sfejleszt\u00e9si, -m\u00f3dszertani \u00e9s -szervez\u00e9si K\u00f6zpont, a H\u00d6K \u00e9s a Hallgat\u00f3i Szolg\u00e1ltat\u00e1sok Igazgat\u00f3s\u00e1ga (HSZI) felm\u00e9r\u00e9st ind\u00edt abb\u00f3l a c\u00e9lb\u00f3l, hogy megismerje a leend\u0151 els\u0151\u00e9ves hallgat\u00f3k elv\u00e1r\u00e1sait a tanulm\u00e1nyaikkal kapcsolatban.<\/p>\n<p>A felt\u00e9rk\u00e9pez\u00e9st egy angol nyelven fejlesztett m\u00e9r\u0151eszk\u00f6z, a Dundee Ready Education Environment Measure (DREEM) adapt\u00e1l\u00e1s\u00e1val v\u00e9gezz\u00fck. Az oktat\u00e1si k\u00f6rnyezet mag\u00e1ban foglalja mindazokat a fizikai, szoci\u00e1lis \u00e9s pszichol\u00f3giai hat\u00e1sokat, melyek a hallgat\u00f3t egyetemi tanulm\u00e1nyai sor\u00e1n \u00e9rik az oktat\u00e1ssal \u00f6sszef\u00fcgg\u00e9sben. Az elv\u00e1r\u00e1sok \u00f6sszevet\u00e9se a k\u00e9s\u0151bbi eredm\u00e9nyekkel a k\u00e9pz\u00e9s k\u00f6rnyezet\u00e9nek min\u0151s\u00e9gfejleszt\u00e9s\u00e9hez ny\u00fajt seg\u00edts\u00e9get \u00e9s \u00edgy t\u00e1mogatja az oktat\u00e1sfejleszt\u00e9st.<\/p>\n<p>K\u00e9rj\u00fck, t\u00f6ltsd ki a k\u00e9rd\u0151\u00edvet az elv\u00e1r\u00e1said alapj\u00e1n! Nem jelent probl\u00e9m\u00e1t, hogy m\u00e9g nincsenek ismereteid az oktat\u00e1sr\u00f3l, az el\u0151zetes v\u00e1rakoz\u00e1said alapj\u00e1n v\u00e1laszolj.<\/p>\n<p>A k\u00e9rd\u0151\u00edv kit\u00f6lt\u00e9se kb. 8 percet vesz ig\u00e9nybe.<br \/>\nA v\u00e1laszok gy\u0171jt\u00e9se anonim m\u00f3don t\u00f6rt\u00e9nik.<\/p>\n<h3 style=\"text-align: center\"><a href=\"https:\/\/forms.office.com\/e\/z3njtxyeX5\" target=\"_blank\" rel=\"noopener\">A k\u00e9rd\u0151\u00edvet itt tudj\u00e1tok kit\u00f6lteni.<\/a><\/h3>\n","protected":false},"excerpt":{"rendered":"<p>Az Oktat\u00e1sfejleszt\u00e9si, -m\u00f3dszertani \u00e9s -szervez\u00e9si K\u00f6zpont, a H\u00d6K \u00e9s a Hallgat\u00f3i Szolg\u00e1ltat\u00e1sok Igazgat\u00f3s\u00e1ga (HSZI) felm\u00e9r\u00e9st ind\u00edt abb\u00f3l a c\u00e9lb\u00f3l, hogy megismerje a leend\u0151 els\u0151\u00e9ves hallgat\u00f3k elv\u00e1r\u00e1sait a tanulm\u00e1nyaikkal kapcsolatban. A felt\u00e9rk\u00e9pez\u00e9st egy angol nyelven fejlesztett m\u00e9r\u0151eszk\u00f6z, a Dundee Ready Education Environment Measure (DREEM) adapt\u00e1l\u00e1s\u00e1val v\u00e9gezz\u00fck. Az oktat\u00e1si k\u00f6rnyezet mag\u00e1ban foglalja mindazokat a fizikai, szoci\u00e1lis \u00e9s &hellip;<\/p>\n","protected":false},"author":101673,"featured_media":13147,"parent":12456,"menu_order":2,"comment_status":"closed","ping_status":"closed","template":"","meta":{"_acf_changed":false,"footnotes":""},"categories":[],"tags":[665],"class_list":["post-13079","page","type-page","status-publish","has-post-thumbnail","hentry","tag-szoljbele"],"acf":[],"_links":{"self":[{"href":"https:\/\/semmelweis.hu\/hok\/wp-json\/wp\/v2\/pages\/13079","targetHints":{"allow":["GET"]}}],"collection":[{"href":"https:\/\/semmelweis.hu\/hok\/wp-json\/wp\/v2\/pages"}],"about":[{"href":"https:\/\/semmelweis.hu\/hok\/wp-json\/wp\/v2\/types\/page"}],"author":[{"embeddable":true,"href":"https:\/\/semmelweis.hu\/hok\/wp-json\/wp\/v2\/users\/101673"}],"replies":[{"embeddable":true,"href":"https:\/\/semmelweis.hu\/hok\/wp-json\/wp\/v2\/comments?post=13079"}],"version-history":[{"count":5,"href":"https:\/\/semmelweis.hu\/hok\/wp-json\/wp\/v2\/pages\/13079\/revisions"}],"predecessor-version":[{"id":15861,"href":"https:\/\/semmelweis.hu\/hok\/wp-json\/wp\/v2\/pages\/13079\/revisions\/15861"}],"up":[{"embeddable":true,"href":"https:\/\/semmelweis.hu\/hok\/wp-json\/wp\/v2\/pages\/12456"}],"wp:featuredmedia":[{"embeddable":true,"href":"https:\/\/semmelweis.hu\/hok\/wp-json\/wp\/v2\/media\/13147"}],"wp:attachment":[{"href":"https:\/\/semmelweis.hu\/hok\/wp-json\/wp\/v2\/media?parent=13079"}],"wp:term":[{"taxonomy":"category","embeddable":true,"href":"https:\/\/semmelweis.hu\/hok\/wp-json\/wp\/v2\/categories?post=13079"},{"taxonomy":"post_tag","embeddable":true,"href":"https:\/\/semmelweis.hu\/hok\/wp-json\/wp\/v2\/tags?post=13079"}],"curies":[{"name":"wp","href":"https:\/\/api.w.org\/{rel}","templated":true}]}}