{"id":12814,"date":"2022-02-07T20:57:39","date_gmt":"2022-02-07T19:57:39","guid":{"rendered":"https:\/\/semmelweis.hu\/hok\/?page_id=12814"},"modified":"2023-09-20T19:07:05","modified_gmt":"2023-09-20T17:07:05","slug":"sport-scholarships","status":"publish","type":"page","link":"https:\/\/semmelweis.hu\/hok\/en\/applications\/sport-scholarships\/","title":{"rendered":"Sport Scholarships"},"content":{"rendered":"<div class=\"responsive-tabs\">\n<h2 class=\"tabtitle\"><strong>Good Student \u2013 Good Athlete<\/strong><\/h2>\n<div class=\"tabcontent\">\n\n<p>\/EN<\/p>\n<p><strong>Call for applications to win the <em>Good Student \u2013 Good Athlete<\/em> prize 2023.<\/strong><\/p>\n<p>Semmelweis University calls for applications to win the\u00a0<em>\u201cGood Student \u2013 Good Athlete\u201d<\/em> prizes.<\/p>\n<p><strong>I. Conditions for the submission of the application<\/strong><\/p>\n<p>(1) The prize can be awarded to registered full time students of Semmelweis University, participating in graduate training, who<\/p>\n<p>a) have an overall weighted average grade of or over 4.00 during the last two semesters preceding the release of the call for applications,<\/p>\n<p>b) have not repeated any academic year due to failure in a subject,<\/p>\n<p>c) are not, and has not been, the subject of any disciplinary sanction,<\/p>\n<p>d) have documents to prove that they performed any of the sports requirements listed in Annex 7 during the two academic semesters preceding the publication of the call for applications, and<\/p>\n<p>e) have documents to prove that they performed in any of the scientific works, listed in Annex 7 during the two academic semesters preceding the publication of the call for applications.<\/p>\n<p>(2) As for paragraph (1) d) a result achieved in sports can only be listed by a student in his or her application; the same result must not be entered in any subsequent application.<\/p>\n<p><strong>Application forms<\/strong>\u00a0and a\u00a0<strong>brief CV<\/strong>\u00a0covering the applicant\u2019s studies and sports activities can be submitted in person until 15:00 on\u00a0<strong>15 November 2023<\/strong>\u00a0at SE Testnevel\u00e9si \u00e9s Sportk\u00f6zpont (Physical Education and Sports Centre of Semmelweis University), or by mail not later than by 24:00 on the same day.\u00a0Address: 1107 Budapest, Z\u00e1gr\u00e1bi utca 14.<\/p>\n<p><strong>Application forms<\/strong> for download:<\/p>\n<p><a href=\"https:\/\/semmelweis.hu\/sportkozpont\/files\/2022\/10\/Application-form_Good_Student_Good_Athlete.docx\">Application-form_Good_Student_Good_Athlete<\/a><\/p>\n<p><a href=\"https:\/\/semmelweis.hu\/sportkozpont\/files\/2022\/10\/Application-form_Good_Student_Good_Athlete.pdf\">Application-form_Good_Student_Good_Athlete<\/a><\/p>\n<p><strong>II.<\/strong><\/p>\n<p>The applications are evaluated by a Committee of five, headed by the Director of the SU Physical Education and Sports Centre.<\/p>\n<p>Based on the applicants\u2019 aggregated scores the Committee shall set up a ranking order for the awarding of the applicants in the first six positions.<\/p>\n<p>In case two applicants have equal scores, the Vice-Rector for Educational Affairs shall make a proposal for their ranking order.<\/p>\n<p>The University\u2019s Senate shall make the decision on the recipients of the \u201cGood student \u2013 Good Athlete\u201d title on the basis of the proposal of the Vice-Rector for Educational Affairs.<\/p>\n<p>The award shall be handed over at the ceremony of the celebration of the National Holiday (15 March).<\/p>\n<p>The detailed rules, terms and conditions governing the application scheme laid down in the Regulation adopted by the Senate\u2019s Resolution No. 33\/2022. (V.13.), which the stakeholders can access and review on sub-website of the Directorate General of Legal and Administrative Affairs (<a href=\"https:\/\/semmelweis.hu\/jogigfoig\/dokumentumtar\/szabalyzattar\/hallgatoi-kituntetesekrol-szolo-szabalyzat\/\" target=\"_blank\" rel=\"noopener\">https:\/\/semmelweis.hu\/jogigfoig\/dokumentumtar\/szabalyzattar\/hallgatoi-kituntetesekrol-szolo-szabalyzat\/<\/a>), at the Physical Education and Sports Centre (1107 Budapest, Z\u00e1gr\u00e1bi utca 14.) or the Dean\u2019s Offices, during working hours.<\/p>\n<p>&nbsp;<\/p>\n<p>Budapest, 20th September 2023<\/p>\n<p>&nbsp;<\/p>\n<p style=\"text-align: left\">\u00a0 \u00a0 \u00a0 \u00a0 \u00a0 \u00a0 \u00a0 \u00a0 \u00a0 \u00a0 \u00a0 \u00a0 \u00a0 \u00a0 \u00a0 \u00a0 \u00a0 \u00a0 \u00a0 \u00a0 \u00a0 \u00a0 \u00a0 \u00a0 \u00a0 \u00a0 \u00a0 \u00a0 \u00a0 \u00a0 \u00a0 \u00a0 \u00a0 \u00a0 \u00a0 \u00a0 \u00a0 \u00a0 \u00a0 \u00a0 \u00a0 \u00a0 \u00a0 \u00a0 \u00a0 \u00a0 \u00a0 \u00a0 \u00a0 \u00a0 \u00a0 \u00a0Korn\u00e9lia V\u00e1rszegi<br \/>\n\u00a0 \u00a0 \u00a0 \u00a0 \u00a0 \u00a0 \u00a0 \u00a0 \u00a0 \u00a0 \u00a0 \u00a0 \u00a0 \u00a0 \u00a0 \u00a0 \u00a0 \u00a0 \u00a0 \u00a0 \u00a0 \u00a0 \u00a0 \u00a0 \u00a0 \u00a0 \u00a0 \u00a0 \u00a0 \u00a0 \u00a0 \u00a0 \u00a0 \u00a0 \u00a0 \u00a0 \u00a0 \u00a0 \u00a0 \u00a0 \u00a0 \u00a0 \u00a0 \u00a0 \u00a0 \u00a0 \u00a0 \u00a0 \u00a0 \u00a0 \u00a0 \u00a0 \u00a0 \u00a0 \u00a0 \u00a0Director<br \/>\n\u00a0 \u00a0 \u00a0 \u00a0 \u00a0 \u00a0 \u00a0 \u00a0 \u00a0 \u00a0 \u00a0 \u00a0 \u00a0 \u00a0 \u00a0 \u00a0 \u00a0 \u00a0 \u00a0 \u00a0 \u00a0 \u00a0 \u00a0 \u00a0 \u00a0 \u00a0 \u00a0 \u00a0 \u00a0 \u00a0 \u00a0 \u00a0 \u00a0 \u00a0 \u00a0 \u00a0 \u00a0 \u00a0 \u00a0 \u00a0 \u00a0 \u00a0 \u00a0 \u00a0 \u00a0 \u00a0 \u00a0 \u00a0 \u00a0 \u00a0 \u00a0P.E. and Sportcentre<\/p>\n<p>\/DE<\/p>\n<p><strong>Aufruf zur Einreichung von Bewerbungen f\u00fcr die Auszeichnung <em>\u201eGut im Studium \u2013 Gut im Sport\u201c<\/em> 2023.<\/strong><\/p>\n<p>Das Zentrum f\u00fcr K\u00f6rpererziehung und Sport der Semmelweis Universit\u00e4t verk\u00fcndet eine Ausschreibung zur Verleihung der Auszeichnung\u00a0<em>\u201eGut im Studium \u2013 Gut im Sport<\/em>\u201c.<\/p>\n<p><strong>I. Bedingungen f\u00fcr die Einreichung einer Bewerbung<\/strong><\/p>\n<p>(1) Die Auszeichnung kann einem\/einer im Direktstudium bzw. in der Graduiertenausbildung eingeschriebenen Studierenden der Semmelweis Universit\u00e4t verliehen werden, der\/die<\/p>\n<p>a) in den zwei Semestern vor der Ausschreibung zur Einreichung von Bewerbungen \u00fcber einen gewichteten Notendurchschnitt von 4,00 oder besser verf\u00fcgt,<\/p>\n<p>b) wegen unzureichender Studienergebnisse kein Jahr wiederholt hat,<\/p>\n<p>c) nicht unter der Wirkung einer Disziplinarstrafe steht bzw. stand und<\/p>\n<p>d) in den zwei Semestern vor der Ausschreibung zur Einreichung von Bewerbungen eine der in der Anlage 7 aufgef\u00fchrten sportlichen Anforderungen dokumentiert erf\u00fcllt hat und<\/p>\n<p>e) in den zwei Semestern vor der Ausschreibung zur Einreichung von Bewerbungen in einer in der Anlage 7 aufgef\u00fchrten wissenschaftlichen Arbeit dokumentiert Leistungen erbracht hat.<\/p>\n<p>(2) Hinsichtlich Absatzes (1) Buchstabe d) darf der\/die Studierende das bereits erzielte Sportergebnis bei der Einreichung der Bewerbung nur einmal anrechnen lassen und sich in Zukunft nicht auf dieses erzielte Ergebnis berufen.<\/p>\n<p>Das\u00a0<strong>Bewerbungsformular<\/strong>\u00a0und der\u00a0<strong>kurze CV<\/strong>\u00a0zum Studium und zur Sportt\u00e4tigkeit des Bewerbers \/ der Bewerberin kann bis zum\u00a0<strong>15. November 2023<\/strong>\u00a0eingereicht werden: pers\u00f6nlich bis 15 Uhr im K\u00f6rperkultur- und Sportzentrum der Semmelweis Universit\u00e4t oder per Post (1107 Budapest, Z\u00e1gr\u00e1bi utca 14.) bis 24.00 Uhr.<\/p>\n<p><strong>Bewerbungsformular\u00a0<\/strong>zum Herunterladen:<\/p>\n<p><a href=\"https:\/\/semmelweis.hu\/sportkozpont\/files\/2022\/10\/Bewerbungsformular_Gut_im_Studium_Gut_im_Sport.docx\">Bewerbungsformular_Gut_im_Studium_Gut_im_Sport<\/a><\/p>\n<p><a href=\"https:\/\/semmelweis.hu\/sportkozpont\/files\/2022\/10\/Bewerbungsformular_Gut_im_Studium_Gut_im_Sport.pdf\">Bewerbungsformular_Gut_im_Studium_Gut_im_Sport<\/a><\/p>\n<p><strong>II.<\/strong><\/p>\n<p>Eine vom Direktor des Zentrums f\u00fcr K\u00f6rpererziehung und Sport der Universit\u00e4t geleitete 5-k\u00f6pftige Jury bewertet die Bewerbungen.<\/p>\n<p>Die Jury stellt aufgrund der zusammengefassten Punkte zur Pr\u00e4mierung der ersten sechs Platzierten jeweils gesondert f\u00fcr Frauen und M\u00e4nner eine Reihenfolge auf.<\/p>\n<p>Bei gleichen Punktzahlen unterbreitet der Stellvertretende Rektor f\u00fcr Bildungsfragen einen Vorschlag zur Reihenfolge.<\/p>\n<p>Der Senat der Universit\u00e4t entscheidet aufgrund der Vorlage des Stellvertretenden Rektors f\u00fcr Bildungsfragen \u00fcber die Vergabe der Auszeichnung \u201eGut im Studium \u2013 Gut im Sport\u201d an die w\u00fcrdigen Studierenden.<\/p>\n<p>Die Verleihung der Auszeichnung erfolgt auf der am Nationalfeiertag (15. M\u00e4rz) veranstalteten Feier.<\/p>\n<p>\u00dcber die mit der Bewerbung verbundenen detaillierten Bedingungen und Regeln verf\u00fcgt die mit dem Beschluss des Senats der Universit\u00e4t Nr. 33\/2022. (V.13.) angenommene Ordnung, die von Interessenten im Internet auf der Unterseite der Hauptverwaltung f\u00fcr Rechts- und Verwaltungsfragen (<a href=\"https:\/\/semmelweis.hu\/jogigfoig\/dokumentumtar\/szabalyzattar\/hallgatoi-kituntetesekrol-szolo-szabalyzat\/\" target=\"_blank\" rel=\"noopener\">https:\/\/semmelweis.hu\/jogigfoig\/dokumentumtar\/szabalyzattar\/hallgatoi-kituntetesekrol-szolo-szabalyzat\/<\/a>) oder im Zentrum f\u00fcr K\u00f6rpererziehung und Sport (1107 Budapest, Z\u00e1gr\u00e1bi utca 14) eingesehen werden kann.<\/p>\n<p>&nbsp;<\/p>\n<p>Budapest, den 20. September 2023<\/p>\n<p>&nbsp;<\/p>\n<p>\u00a0 \u00a0 \u00a0 \u00a0 \u00a0 \u00a0 \u00a0 \u00a0 \u00a0 \u00a0 \u00a0 \u00a0 \u00a0 \u00a0 \u00a0 \u00a0 \u00a0 \u00a0 \u00a0 \u00a0 \u00a0 \u00a0 \u00a0 \u00a0 \u00a0 \u00a0 \u00a0 \u00a0 \u00a0 \u00a0 \u00a0 \u00a0 \u00a0 \u00a0 \u00a0 \u00a0 \u00a0 \u00a0 \u00a0 \u00a0 \u00a0 \u00a0 \u00a0 \u00a0 \u00a0 \u00a0 \u00a0 \u00a0 \u00a0 \u00a0 \u00a0 \u00a0Korn\u00e9lia V\u00e1rszegi<br \/>\n\u00a0 \u00a0 \u00a0 \u00a0 \u00a0 \u00a0 \u00a0 \u00a0 \u00a0 \u00a0 \u00a0 \u00a0 \u00a0 \u00a0 \u00a0 \u00a0 \u00a0 \u00a0 \u00a0 \u00a0 \u00a0 \u00a0 \u00a0 \u00a0 \u00a0 \u00a0 \u00a0 \u00a0 \u00a0 \u00a0 \u00a0 \u00a0 \u00a0 \u00a0 \u00a0 \u00a0 \u00a0 \u00a0 \u00a0 \u00a0 \u00a0 \u00a0 \u00a0 \u00a0 \u00a0 \u00a0 \u00a0 \u00a0 \u00a0 \u00a0 \u00a0 \u00a0 \u00a0 \u00a0 \u00a0Direktorin<br \/>\n\u00a0 \u00a0 \u00a0 \u00a0 \u00a0 \u00a0 \u00a0 \u00a0 \u00a0 \u00a0 \u00a0 \u00a0 \u00a0 \u00a0 \u00a0 \u00a0 \u00a0 \u00a0 \u00a0 \u00a0 \u00a0 \u00a0 \u00a0 \u00a0 \u00a0 \u00a0 \u00a0 \u00a0 \u00a0 \u00a0 \u00a0 \u00a0 \u00a0 \u00a0 \u00a0 \u00a0 \u00a0 \u00a0 \u00a0 \u00a0 \u00a0 \u00a0 \u00a0 \u00a0 \u00a0 K\u00f6rperkultur- und Sportzentrum<\/p>\n\n<\/div><h2 class=\"tabtitle\"><strong>Istv\u00e1n Sziv\u00f3s M.D. Benefit<\/strong><\/h2>\n<div class=\"tabcontent\">\n\n<h4 style=\"text-align: center\">Istv\u00e1n Sziv\u00f3s M.D. Benefit for Athletes of our University 2022\/23<strong><br \/>\n<\/strong><\/h4>\n<table style=\"width: 94.5036%;height: 220px\">\n<tbody>\n<tr style=\"height: 32px\">\n<td style=\"height: 32px\">Application published by:<\/td>\n<td style=\"height: 32px\">Prof. B\u00e9la Merkely M.D. Rector<\/td>\n<\/tr>\n<tr style=\"height: 32px\">\n<td style=\"height: 32px\">Submission deadline of application:<\/td>\n<td style=\"height: 32px\">12th April 2023, 6:00 PM<\/td>\n<\/tr>\n<tr style=\"height: 32px\">\n<td style=\"height: 32px\">How to apply:<\/td>\n<td style=\"height: 32px\">only electronically on Neptun<\/td>\n<\/tr>\n<tr style=\"height: 62px\">\n<td style=\"height: 62px\">The total budget available for this benefit:<\/td>\n<td style=\"height: 62px\">10,000,000 HUF (1 million per month for ten months)<\/td>\n<\/tr>\n<tr style=\"height: 62px\">\n<td style=\"height: 62px\">Eligible sum to be awarded:<\/td>\n<td style=\"height: 62px\">50,000 HUF or 100,000 HUF or 150,000 HUF per month for ten months<\/td>\n<\/tr>\n<\/tbody>\n<\/table>\n<p>&nbsp;<\/p>\n<p>Documentation needed for the application:<\/p>\n<ul>\n<li>Certificate of active student status at Semmelweis University<\/li>\n<li>Semmelweis University Sports Club membership certificate (proof of payment of the departmental fee)<\/li>\n<li>Proof of participation in a University championship (recorded in a report)<\/li>\n<li>CV describing your sports career (personal data, e-mail, year, faculty, Neptun code)<\/li>\n<li>Motivational letter<\/li>\n<li>Recommendation from a Departmental Coach and\/ or Head of the Department<\/li>\n<\/ul>\n<table style=\"width: 100%\">\n<tbody>\n<tr>\n<td style=\"width: 34.0725%\">Evaluation deadline of the applications:<\/td>\n<td style=\"width: 65.8267%\">19th April 2023<\/td>\n<\/tr>\n<tr>\n<td style=\"width: 34.0725%\">Members of the Evaluation Board:<\/td>\n<td style=\"width: 65.8267%\">\n<p>President: Ferenc B\u00e1nhidy M.D. General Deputy Rector<\/p>\n<p>Members: Korn\u00e9lia V\u00e1rszegi, F\u00e9lix Tak\u00e1cs<\/p>\n<\/td>\n<\/tr>\n<tr>\n<td style=\"width: 34.0725%\">Evaluation criteria:<\/td>\n<td style=\"width: 65.8267%\">\n<p>The Board will rank the applicants based on the documents submitted, the outstanding performances during training sessions &amp; University Championships, and the recommendation given by the Coach\/ Head of the Department.<\/p>\n<p>To be awarded the 150,000 HUF prize, you must meet the following criteria: Participation in 1st or 2nd division championships (even previous, but certified ones) or in a University Championship finishing in the first three places, or lesser places in specified events to be judged by the Evaluation Board.<\/p>\n<\/td>\n<\/tr>\n<tr>\n<td style=\"width: 34.0725%\">The number of possible winners:<\/td>\n<td style=\"width: 65.8267%\">May be established within the limits of the available budget. However, based on the applications received, the Board may decide not to use the entire budget.<\/td>\n<\/tr>\n<tr>\n<td style=\"width: 34.0725%\">Announcing the winners:<\/td>\n<td style=\"width: 65.8267%\">Through Neptun, solely electronically<\/td>\n<\/tr>\n<tr>\n<td style=\"width: 34.0725%\">The publication of the list of winners:<\/td>\n<td style=\"width: 65.8267%\">The names of the winners and the sum of the prize bestowed on them will be available publicly on the website of the <a href=\"https:\/\/semmelweis.hu\/sportkozpont\/\" target=\"_blank\" rel=\"noopener\">P.E. and Sport Centre<\/a>.<\/td>\n<\/tr>\n<tr>\n<td style=\"width: 34.0725%\">Payment of the benefit:<\/td>\n<td style=\"width: 65.8267%\">\n<p>Within three days of the evaluation of the applications, the Board will notify the Education Network Management Directorate about the results, who will arrange the payment to the student(s) according to the timetable and the amount decided by the Board, taking into account the Reimbursement and Financial Policy 5\/B.\u00a7.<\/p>\n<p>The athlete\u2019s benefit must be paid by the 10th day of the month in question at the latest. If there is an alteration of the payments compared to the ones described within this paragraph (\u201celigible sum to be awarded\u201d), the Education Network Management Directorate will arrange for the payment to be distributed to the student(s) within 15 days after making the decision.<\/p>\n<\/td>\n<\/tr>\n<\/tbody>\n<\/table>\n<p>&nbsp;<\/p>\n<p>If you have any questions concerning this benefit, please contact the Director of the P.E. and Sport Centre, Korn\u00e9lia V\u00e1rszegi: <a href=\"mailto:varszegi.kornelia@semmelweis-univ.hu\">varszegi.kornelia@semmelweis-univ.hu<\/a>.<\/p>\n<\/div><\/div>\n","protected":false},"excerpt":{"rendered":"<p>\/EN Call for applications to win the Good Student \u2013 Good Athlete prize 2023. Semmelweis University calls for applications to win the\u00a0\u201cGood Student \u2013 Good Athlete\u201d prizes. I. Conditions for the submission of the application (1) The prize can be awarded to registered full time students of Semmelweis University, participating in graduate training, who a) &hellip;<\/p>\n","protected":false},"author":101673,"featured_media":12394,"parent":12798,"menu_order":4,"comment_status":"closed","ping_status":"closed","template":"","meta":{"_acf_changed":false,"footnotes":""},"categories":[],"tags":[627],"class_list":["post-12814","page","type-page","status-publish","has-post-thumbnail","hentry","tag-applbene"],"acf":[],"_links":{"self":[{"href":"https:\/\/semmelweis.hu\/hok\/wp-json\/wp\/v2\/pages\/12814","targetHints":{"allow":["GET"]}}],"collection":[{"href":"https:\/\/semmelweis.hu\/hok\/wp-json\/wp\/v2\/pages"}],"about":[{"href":"https:\/\/semmelweis.hu\/hok\/wp-json\/wp\/v2\/types\/page"}],"author":[{"embeddable":true,"href":"https:\/\/semmelweis.hu\/hok\/wp-json\/wp\/v2\/users\/101673"}],"replies":[{"embeddable":true,"href":"https:\/\/semmelweis.hu\/hok\/wp-json\/wp\/v2\/comments?post=12814"}],"version-history":[{"count":10,"href":"https:\/\/semmelweis.hu\/hok\/wp-json\/wp\/v2\/pages\/12814\/revisions"}],"predecessor-version":[{"id":16056,"href":"https:\/\/semmelweis.hu\/hok\/wp-json\/wp\/v2\/pages\/12814\/revisions\/16056"}],"up":[{"embeddable":true,"href":"https:\/\/semmelweis.hu\/hok\/wp-json\/wp\/v2\/pages\/12798"}],"wp:featuredmedia":[{"embeddable":true,"href":"https:\/\/semmelweis.hu\/hok\/wp-json\/wp\/v2\/media\/12394"}],"wp:attachment":[{"href":"https:\/\/semmelweis.hu\/hok\/wp-json\/wp\/v2\/media?parent=12814"}],"wp:term":[{"taxonomy":"category","embeddable":true,"href":"https:\/\/semmelweis.hu\/hok\/wp-json\/wp\/v2\/categories?post=12814"},{"taxonomy":"post_tag","embeddable":true,"href":"https:\/\/semmelweis.hu\/hok\/wp-json\/wp\/v2\/tags?post=12814"}],"curies":[{"name":"wp","href":"https:\/\/api.w.org\/{rel}","templated":true}]}}