{"id":127,"date":"2016-10-11T22:16:21","date_gmt":"2016-10-11T20:16:21","guid":{"rendered":"http:\/\/semmelweis.hu\/hok\/?page_id=127"},"modified":"2023-07-04T02:35:54","modified_gmt":"2023-07-04T00:35:54","slug":"irj-nekunk","status":"publish","type":"page","link":"https:\/\/semmelweis.hu\/hok\/elerhetoseg\/irj-nekunk\/","title":{"rendered":"\u00cdrj nek\u00fcnk!"},"content":{"rendered":"<ul>\n<li><span style=\"font-size: 12pt\">A E-learinggel kapcsolatos hivatalos t\u00e1j\u00e9koztat\u00f3t <a href=\"https:\/\/semmelweis.hu\/oktatasmodszertan\/files\/2020\/03\/Technikai-tudnival\u00f3k-a-t\u00e1voktat\u00e1ssal-kapcsolatban.pdf\"><strong>itt<\/strong><\/a> tal\u00e1lod.<\/span><\/li>\n<li><span style=\"font-size: 12pt\">Ha az E-learning rendszerrel (Moodle) kapcsolatban mer\u00fclne fel k\u00e9rd\u00e9sed, <strong><a href=\"https:\/\/semmelweis.hu\/oktatasmodszertan\/e-learning\/moodle-e-learning-rendszer\/\">ezen az oldalon<\/a><\/strong> tov\u00e1bbi inform\u00e1ci\u00f3hoz juthatsz.<\/span><\/li>\n<li><span style=\"font-size: 12pt\">Ha k\u00e9rd\u00e9s mer\u00fclt fel benned, r\u00e9szletes seg\u00e9dletet olvashatsz a <a href=\"https:\/\/semmelweis.hu\/oktatasmodszertan\/e-learning\/a-seka-azonositorol\/\"><strong>SeKA<\/strong> rendszer<\/a> \u00e9s a <a href=\"https:\/\/semmelweis.hu\/oktatasmodszertan\/e-learning\/zoom-utmutato\/\"><strong>Zoom<\/strong> haszn\u00e1lat\u00e1r\u00f3l<\/a>.<\/span><\/li>\n<li><span style=\"font-size: 12pt\">A foglalkoz\u00e1s-eg\u00e9szs\u00e9g\u00fcgyi vizsg\u00e1latokr\u00f3l r\u00e9szletesen <strong><a href=\"https:\/\/itc.semmelweis.hu\/moodle\/course\/view.php?id=662#section-4\" target=\"_blank\" rel=\"noopener\">itt<\/a><\/strong> olvashatsz.<\/span><\/li>\n<\/ul>\n<p><style type=\"text\/css\">\n.wpcf7-form-control-wrap textarea {width:80%; height:250px}<br \/>\n.wpcf7-form p label {color:#444}<br \/>\n<\/style>\n<\/p>\n\n<div class=\"wpcf7 no-js\" id=\"wpcf7-f791-o1\" lang=\"hu-HU\" dir=\"ltr\" data-wpcf7-id=\"791\">\n<div class=\"screen-reader-response\"><p role=\"status\" aria-live=\"polite\" aria-atomic=\"true\"><\/p> <ul><\/ul><\/div>\n<form action=\"\/hok\/wp-json\/wp\/v2\/pages\/127#wpcf7-f791-o1\" method=\"post\" class=\"wpcf7-form init\" aria-label=\"Kapcsolatfelv\u00e9teli \u0171rlap\" enctype=\"multipart\/form-data\" novalidate=\"novalidate\" data-status=\"init\">\n<div style=\"display: none;\">\n<input type=\"hidden\" name=\"_wpcf7\" value=\"791\" \/>\n<input type=\"hidden\" name=\"_wpcf7_version\" value=\"6.0.5\" \/>\n<input type=\"hidden\" name=\"_wpcf7_locale\" value=\"hu_HU\" \/>\n<input type=\"hidden\" name=\"_wpcf7_unit_tag\" value=\"wpcf7-f791-o1\" \/>\n<input type=\"hidden\" name=\"_wpcf7_container_post\" value=\"0\" \/>\n<input type=\"hidden\" name=\"_wpcf7_posted_data_hash\" value=\"\" \/>\n<input type=\"hidden\" name=\"_wpcf7_recaptcha_response\" value=\"\" \/>\n<\/div>\n<p>*Neved: (k\u00f6telez\u0151)<br \/>\n<span class=\"wpcf7-form-control-wrap\" data-name=\"your_name\"><input size=\"40\" maxlength=\"400\" class=\"wpcf7-form-control wpcf7-text wpcf7-validates-as-required\" aria-required=\"true\" aria-invalid=\"false\" value=\"\" type=\"text\" name=\"your_name\" \/><\/span>\n<\/p>\n<p>NEPTUN k\u00f3dod: (opcion\u00e1lis)<br \/>\n<span class=\"wpcf7-form-control-wrap\" data-name=\"neptuncode\"><input size=\"40\" maxlength=\"400\" class=\"wpcf7-form-control wpcf7-text\" aria-invalid=\"false\" value=\"\" type=\"text\" name=\"neptuncode\" \/><\/span>\n<\/p>\n<p>Karod:<br \/>\n<span class=\"wpcf7-form-control-wrap\" data-name=\"faculty\"><span class=\"wpcf7-form-control wpcf7-radio\"><span class=\"wpcf7-list-item first\"><input type=\"radio\" name=\"faculty\" value=\"\u00c1OK\" checked=\"checked\" \/><span class=\"wpcf7-list-item-label\">\u00c1OK<\/span><\/span><span class=\"wpcf7-list-item\"><input type=\"radio\" name=\"faculty\" value=\"EKK\" \/><span class=\"wpcf7-list-item-label\">EKK<\/span><\/span><span class=\"wpcf7-list-item\"><input type=\"radio\" name=\"faculty\" value=\"FOK\" \/><span class=\"wpcf7-list-item-label\">FOK<\/span><\/span><span class=\"wpcf7-list-item\"><input type=\"radio\" name=\"faculty\" value=\"ETK\" \/><span class=\"wpcf7-list-item-label\">ETK<\/span><\/span><span class=\"wpcf7-list-item\"><input type=\"radio\" name=\"faculty\" value=\"GYTK\" \/><span class=\"wpcf7-list-item-label\">GYTK<\/span><\/span><span class=\"wpcf7-list-item last\"><input type=\"radio\" name=\"faculty\" value=\"PAK\" \/><span class=\"wpcf7-list-item-label\">PAK<\/span><\/span><\/span><\/span>\n<\/p>\n<p>\u00c9vfolyamod:<br \/>\n<span class=\"wpcf7-form-control-wrap\" data-name=\"education_year\"><span class=\"wpcf7-form-control wpcf7-radio\"><span class=\"wpcf7-list-item first\"><input type=\"radio\" name=\"education_year\" value=\"1\" checked=\"checked\" \/><span class=\"wpcf7-list-item-label\">1<\/span><\/span><span class=\"wpcf7-list-item\"><input type=\"radio\" name=\"education_year\" value=\"2\" \/><span class=\"wpcf7-list-item-label\">2<\/span><\/span><span class=\"wpcf7-list-item\"><input type=\"radio\" name=\"education_year\" value=\"3\" \/><span class=\"wpcf7-list-item-label\">3<\/span><\/span><span class=\"wpcf7-list-item\"><input type=\"radio\" name=\"education_year\" value=\"4\" \/><span class=\"wpcf7-list-item-label\">4<\/span><\/span><span class=\"wpcf7-list-item\"><input type=\"radio\" name=\"education_year\" value=\"5\" \/><span class=\"wpcf7-list-item-label\">5<\/span><\/span><span class=\"wpcf7-list-item last\"><input type=\"radio\" name=\"education_year\" value=\"6\" \/><span class=\"wpcf7-list-item-label\">6<\/span><\/span><\/span><\/span>\n<\/p>\n<p>K\u00e9pz\u00e9sed nyelve:<br \/>\n<span class=\"wpcf7-form-control-wrap\" data-name=\"language\"><select class=\"wpcf7-form-control wpcf7-select wpcf7-validates-as-required\" aria-required=\"true\" aria-invalid=\"false\" name=\"language\"><option value=\"magyar\">magyar<\/option><option value=\"English\">English<\/option><option value=\"Deutsch\">Deutsch<\/option><\/select><\/span>\n<\/p>\n<p>Leveled T\u00e9m\u00e1ja:<br \/>\n<span class=\"wpcf7-form-control-wrap\" data-name=\"reason\"><select class=\"wpcf7-form-control wpcf7-select wpcf7-validates-as-required\" aria-required=\"true\" aria-invalid=\"false\" name=\"reason\"><option value=\"\">&#8212; K\u00e9rj\u00fck, v\u00e1lasszon egy opci\u00f3t &#8212;<\/option><option value=\"E-learning\">E-learning<\/option><option value=\"Oktat\u00e1s\">Oktat\u00e1s<\/option><option value=\"Szoci\u00e1lis\">Szoci\u00e1lis<\/option><option value=\"Rendezv\u00e9nyek\">Rendezv\u00e9nyek<\/option><option value=\"Koll\u00e9gium\">Koll\u00e9gium<\/option><option value=\"Olt\u00e1s \/ Fogl. e\u00fc.\">Olt\u00e1s \/ Fogl. e\u00fc.<\/option><option value=\"Egy\u00e9b\">Egy\u00e9b<\/option><\/select><\/span>\n<\/p>\n<p>*Email-c\u00edmed: (k\u00f6telez\u0151)<br \/>\n<span class=\"wpcf7-form-control-wrap\" data-name=\"email\"><input size=\"40\" maxlength=\"400\" class=\"wpcf7-form-control wpcf7-email wpcf7-validates-as-required wpcf7-text wpcf7-validates-as-email\" aria-required=\"true\" aria-invalid=\"false\" value=\"\" type=\"email\" name=\"email\" \/><\/span>\n<\/p>\n<p>\u00dczeneted t\u00e1rgya:<br \/>\n<span class=\"wpcf7-form-control-wrap\" data-name=\"subject\"><input size=\"40\" maxlength=\"400\" class=\"wpcf7-form-control wpcf7-text\" aria-invalid=\"false\" value=\"\" type=\"text\" name=\"subject\" \/><\/span>\n<\/p>\n<p>\u00dczeneted:<br \/>\n<span class=\"wpcf7-form-control-wrap\" data-name=\"message\"><textarea cols=\"40\" rows=\"10\" maxlength=\"2000\" class=\"wpcf7-form-control wpcf7-textarea\" aria-invalid=\"false\" name=\"message\"><\/textarea><\/span>\n<\/p>\n<p>File csatol\u00e1sa:<br \/>\n<span class=\"wpcf7-form-control-wrap\" data-name=\"file\"><input size=\"40\" class=\"wpcf7-form-control wpcf7-file\" accept=\"audio\/*,video\/*,image\/*\" aria-invalid=\"false\" type=\"file\" name=\"file\" \/><\/span>\n<\/p>\n<p><input class=\"wpcf7-form-control wpcf7-submit has-spinner\" type=\"submit\" value=\"K\u00fcld\u00e9s\" \/>\n<\/p><div class=\"wpcf7-response-output\" aria-hidden=\"true\"><\/div>\n<\/form>\n<\/div>\n\n","protected":false},"excerpt":{"rendered":"<p>A E-learinggel kapcsolatos hivatalos t\u00e1j\u00e9koztat\u00f3t <a href=\"https:\/\/semmelweis.hu\/oktatasmodszertan\/files\/2020\/03\/Technikai-tudnival\u00f3k-a-t\u00e1voktat\u00e1ssal-kapcsolatban.pdf\">itt<\/a> tal\u00e1lod.<br \/>\nHa az E-learning rendszerrel (Moodle) kapcsolatban mer\u00fclne fel k\u00e9rd\u00e9sed, <a href=\"https:\/\/semmelweis.hu\/oktatasmodszertan\/e-learning\/moodle-e-learning-rendszer\/\">ezen az oldalon<\/a> tov\u00e1bbi inform\u00e1ci\u00f3hoz juthatsz.<br \/>\nHa k\u00e9rd\u00e9s mer\u00fclt fel benned, r\u00e9szletes seg\u00e9dletet olvashatsz a <a href=\"https:\/\/semmelweis.hu\/oktatasmodszertan\/e-learning\/a-seka-azonositorol\/\">SeKA rendszer<\/a> \u00e9s a <a href=\"https:\/\/semmelweis.hu\/oktatasmodszertan\/e-learning\/zoom-utmutato\/\">Zoom haszn\u00e1lat\u00e1r\u00f3l<\/a>.<br \/>\nA foglalkoz\u00e1s-eg\u00e9szs\u00e9g\u00fcgyi vizsg\u00e1latokr\u00f3l r\u00e9szletesen <a href=\"https:\/\/itc.semmelweis.hu\/moodle\/course\/view.php?id=662#section-4\" target=\"_blank\" rel=\"noopener\">itt<\/a> olvashatsz.<\/p>\n<p>.wpcf7-form-control-wrap textarea {width:80%; height:250px}<br \/>\n.wpcf7-form p label {color:#444}<\/p>\n","protected":false},"author":101156,"featured_media":13152,"parent":7720,"menu_order":1,"comment_status":"closed","ping_status":"closed","template":"","meta":{"_acf_changed":false,"footnotes":""},"categories":[],"tags":[665],"class_list":["post-127","page","type-page","status-publish","has-post-thumbnail","hentry","tag-szoljbele"],"acf":[],"_links":{"self":[{"href":"https:\/\/semmelweis.hu\/hok\/wp-json\/wp\/v2\/pages\/127","targetHints":{"allow":["GET"]}}],"collection":[{"href":"https:\/\/semmelweis.hu\/hok\/wp-json\/wp\/v2\/pages"}],"about":[{"href":"https:\/\/semmelweis.hu\/hok\/wp-json\/wp\/v2\/types\/page"}],"author":[{"embeddable":true,"href":"https:\/\/semmelweis.hu\/hok\/wp-json\/wp\/v2\/users\/101156"}],"replies":[{"embeddable":true,"href":"https:\/\/semmelweis.hu\/hok\/wp-json\/wp\/v2\/comments?post=127"}],"version-history":[{"count":12,"href":"https:\/\/semmelweis.hu\/hok\/wp-json\/wp\/v2\/pages\/127\/revisions"}],"predecessor-version":[{"id":15411,"href":"https:\/\/semmelweis.hu\/hok\/wp-json\/wp\/v2\/pages\/127\/revisions\/15411"}],"up":[{"embeddable":true,"href":"https:\/\/semmelweis.hu\/hok\/wp-json\/wp\/v2\/pages\/7720"}],"wp:featuredmedia":[{"embeddable":true,"href":"https:\/\/semmelweis.hu\/hok\/wp-json\/wp\/v2\/media\/13152"}],"wp:attachment":[{"href":"https:\/\/semmelweis.hu\/hok\/wp-json\/wp\/v2\/media?parent=127"}],"wp:term":[{"taxonomy":"category","embeddable":true,"href":"https:\/\/semmelweis.hu\/hok\/wp-json\/wp\/v2\/categories?post=127"},{"taxonomy":"post_tag","embeddable":true,"href":"https:\/\/semmelweis.hu\/hok\/wp-json\/wp\/v2\/tags?post=127"}],"curies":[{"name":"wp","href":"https:\/\/api.w.org\/{rel}","templated":true}]}}