{"id":12661,"date":"2021-10-27T16:50:13","date_gmt":"2021-10-27T14:50:13","guid":{"rendered":"https:\/\/semmelweis.hu\/hok\/?page_id=12661"},"modified":"2022-08-16T00:42:40","modified_gmt":"2022-08-15T22:42:40","slug":"demonstratori-palyazat","status":"publish","type":"page","link":"https:\/\/semmelweis.hu\/hok\/palyazatok\/demonstratori-palyazat\/","title":{"rendered":"Demonstr\u00e1tori p\u00e1ly\u00e1zat"},"content":{"rendered":"<div class=\"responsive-tabs\">\n<h2 class=\"tabtitle\">\u00c1OK<\/h2>\n<div class=\"tabcontent\">\n\n<p>A 2020\/2021. tan\u00e9vt\u0151l kezd\u0151d\u0151en a <b>demonstr\u00e1tori \u00f6szt\u00f6nd\u00edj<\/b> szab\u00e1lyait\u00a0 a Semmelweis Egyetem Szervezeti \u00e9s M\u0171k\u00f6d\u00e9si Szab\u00e1lyzat \u2013 III. K\u00d6NYV Hallgat\u00f3i K\u00f6vetelm\u00e9nyrendszer \u2013 <b>III.4. R\u00c9SZ T\u00e9r\u00edt\u00e9si \u00e9s Juttat\u00e1si Szab\u00e1lyzata (20\/A. \u00a7-t\u00f3l 20\/D. \u00a7.-ig)<\/b> szab\u00e1lyozza, melyet <a href=\"https:\/\/semmelweis.hu\/jogigfoig\/dokumentumtar\/szabalyzattar\/szervezeti-es-mukodesi-szabalyzat\/\" target=\"_blank\" rel=\"noopener\"><b>itt<\/b><\/a> \u00e9rhettek el.<\/p>\n<p>N\u00e9h\u00e1ny fontosabb \u00e1ltal\u00e1nos tudnival\u00f3 a demonstr\u00e1tori \u00f6szt\u00f6nd\u00edjr\u00f3l pontokba szedve:<\/p>\n<ol>\n<li>Demonstr\u00e1tori \u00f6szt\u00f6nd\u00edj elnyer\u00e9s\u00e9hez az \u00e1ltalad v\u00e1lasztott int\u00e9zet\/klinika fel\u00e9 <b>p\u00e1ly\u00e1zatot<\/b> kell beny\u00fajtanod, melyhez az <a href=\"https:\/\/semmelweis.hu\/aok\/oktatas\/osztondij-palyazat\/\" target=\"_blank\" rel=\"noopener\"><b>itt<\/b><\/a> tal\u00e1lhat\u00f3 p\u00e1ly\u00e1zati \u0171rlapot kell kit\u00f6ltve leadnod. Mindezen folyamat lebonyol\u00edt\u00e1s\u00e1ban az adott int\u00e9zet\/klinika <b>tanulm\u00e1nyi felel\u0151se\/tanulm\u00e1nyi adminisztr\u00e1tora<\/b> az illet\u00e9kes, ez\u00e9rt \u0151ket kell keresned p\u00e1ly\u00e1z\u00e1si sz\u00e1nd\u00e9koddal (az egyes el\u00e9rhet\u0151s\u00e9geket l\u00e1sd a p\u00e1ly\u00e1zati ki\u00edr\u00e1sokn\u00e1l).\u00a0<\/li>\n<li>Az aktu\u00e1lis tan\u00e9v szervezeti egys\u00e9gekre lebontott <b>p\u00e1ly\u00e1zati ki\u00edr\u00e1sait <\/b><a href=\"https:\/\/semmelweis.hu\/aok\/oktatas\/osztondij-palyazat\/\"><b>itt<\/b><\/a> \u00e9red el vagy l\u00e1togass el a kiszemelt <b>int\u00e9zet\/klinika honlapj\u00e1ra<\/b>, ahol szint\u00e9n megtal\u00e1lhatod az adott p\u00e1ly\u00e1zati ki\u00edr\u00e1st.<\/li>\n<li>\u00a0Ahhoz, hogy jogosult lehess demonstr\u00e1tori \u00f6szt\u00f6nd\u00edjra, legal\u00e1bb <b>II. \u00e9vesnek<\/b> kell lenned.<\/li>\n<li>\u00a0A <b>p\u00e1ly\u00e1zati<\/b> <b>hat\u00e1rid\u0151<\/b> minden tavaszi f\u00e9l\u00e9v vizsgaid\u0151szak\u00e1nak utols\u00f3 napja.<\/li>\n<li>A demonstr\u00e1tori megb\u00edz\u00e1s a tan\u00e9vt\u0151l sz\u00e1m\u00edtva <b>maxim\u00e1lisan<\/b> <b>10 h\u00f3napig<\/b> sz\u00f3l, majd ezt k\u00f6vet\u0151en automatikusan megsz\u0171nik, \u00edgy <b>\u00fajra kell majd p\u00e1ly\u00e1zni.<\/b><\/li>\n<li>Ahhoz, hogy az \u00f6szt\u00f6nd\u00edj kiutal\u00e1sra ker\u00fclj\u00f6n, sz\u00fcks\u00e9g van az illet\u00e9kes int\u00e9zet\/klinika vezet\u0151j\u00e9nek havonk\u00e9nti igazol\u00e1s\u00e1ra (teljes\u00edt\u00e9sigazol\u00e1s). A <b>teljes\u00edt\u00e9sigazol\u00e1s<\/b> formanyomtatv\u00e1ny\u00e1t <a href=\"https:\/\/semmelweis.hu\/aok\/oktatas\/osztondij-palyazat\/\" target=\"_blank\" rel=\"noopener\"><b>itt<\/b><\/a> tal\u00e1lod.<\/li>\n<li>Magyar nyelv\u0171 k\u00e9pz\u00e9sben r\u00e9szt vev\u0151 hallgat\u00f3k eset\u00e9ben az \u00f6szt\u00f6nd\u00edjat <b>havonta<\/b> utalja ki az Egyetem.<\/li>\n<li>Idegen nyelv\u0171 k\u00e9pz\u00e9sben r\u00e9szt vev\u0151 hallgat\u00f3k eset\u00e9ben az adott tanulm\u00e1nyi <b>f\u00e9l\u00e9v v\u00e9g\u00e9n<\/b> egy \u00f6sszegben utalja ki az Egyetem.<\/li>\n<\/ol>\n<p>Tov\u00e1bbi inform\u00e1ci\u00f3t az \u00f6szt\u00f6nd\u00edjr\u00f3l, valamint a demonstr\u00e1tori munk\u00e1\u00e9rt j\u00e1r\u00f3 kreditpontokr\u00f3l, az \u00c1ltal\u00e1nos Orvostudom\u00e1nyi Kar honlapj\u00e1n kihelyezett <a href=\"https:\/\/semmelweis.hu\/aok\/oktatas\/osztondij-palyazat\/\" target=\"_blank\" rel=\"noopener\"><b>t\u00e1j\u00e9koztat\u00f3ban<\/b><\/a> olvashattok.<\/p>\n\n<\/div><h2 class=\"tabtitle\">ETK<\/h2>\n<div class=\"tabcontent\">\n\n<p>Az Eg\u00e9szs\u00e9gtudom\u00e1nyi Karon az egyes demonstr\u00e1tori p\u00e1ly\u00e1zatok minden f\u00e9l\u00e9vben meghirdet\u00e9sre ker\u00fclnek 2., 3. \u00e9s 4. \u00e9vfolyamos hallgat\u00f3k sz\u00e1m\u00e1ra.<\/p>\n<p>Az adott t\u00e1rgyakt\u00f3l f\u00fcgg\u0151en az egyes Tansz\u00e9kek d\u00f6ntenek arr\u00f3l, hogy melyik t\u00e1rgyra, milyen poz\u00edci\u00f3ra hirdetnek meg demonstr\u00e1tori \u00e1ll\u00e1sokat. A megb\u00edz\u00e1s id\u0151tartama a teljes f\u00e9l\u00e9vre vonatkozik, gyakorlati oktat\u00e1s eset\u00e9n az \u00f3rasz\u00e1mot a Tansz\u00e9k hat\u00e1rozza meg.\u00a0<\/p>\n<p>A p\u00e1ly\u00e1zat bet\u00f6lt\u00e9s\u00e9nek felt\u00e9telei (Kari T\u00e9r\u00edt\u00e9si \u00e9s Juttat\u00e1si Rend alapj\u00e1n):<\/p>\n<p><b>Demonstr\u00e1tori megb\u00edz\u00e1st az a Bsc k\u00e9pz\u00e9sben r\u00e9sztvev\u0151, illetve Msc k\u00e9pz\u00e9sben r\u00e9sztvev\u0151 hallgat\u00f3 kaphat, akinek hallgat\u00f3i aktivit\u00e1sa \u00e9s tanulm\u00e1nyi eredm\u00e9nye kiemelked\u0151, k\u00fcl\u00f6n\u00f6s tekintettel a v\u00e1lasztott szakter\u00fcletre.<\/b><\/p>\n<p>&nbsp;<\/p>\n<p>Az ell\u00e1tand\u00f3 feladatok az adott Tansz\u00e9kt\u0151l f\u00fcgg\u0151en lehetnek:<\/p>\n<ul>\n<li>adminisztrat\u00edv jelleg\u0171 \u00e9s oktat\u00e1sszervez\u00e9ssel kapcsolatos feladatok,<\/li>\n<li>kutat\u00e1si adatr\u00f6gz\u00edt\u00e9si feladatok,<\/li>\n<li>gyakorlati oktat\u00e1sban val\u00f3 r\u00e9szv\u00e9tel,<\/li>\n<li>tansz\u00e9ki kutat\u00e1sokban val\u00f3 r\u00e9szv\u00e9tel,<\/li>\n<li>oktat\u00e1si seg\u00e9danyagok, demonstr\u00e1ci\u00f3s anyagok \u00f6ssze\u00e1ll\u00edt\u00e1sa.<\/li>\n<\/ul>\n<p>&nbsp;<\/p>\n<p>A p\u00e1ly\u00e1zatot a hallgat\u00f3nak az adott Tansz\u00e9kre kell beny\u00fajtania a p\u00e1ly\u00e1zati ki\u00edr\u00e1sban meghat\u00e1rozott id\u0151pontig. A p\u00e1ly\u00e1zatnak a legt\u00f6bb esetben tartalmaznia kell:<\/p>\n<ul>\n<li>a hallgat\u00f3 \u00f6n\u00e9letrajz\u00e1t,<\/li>\n<li>tanulm\u00e1nyi eredm\u00e9nyeit az adott t\u00e1rgyb\u00f3l,<\/li>\n<li>Neptun-k\u00f3dj\u00e1t,<\/li>\n<li>elektronikus lev\u00e9lc\u00edm\u00e9t,<\/li>\n<li>r\u00f6vid motiv\u00e1ci\u00f3s levelet, amelyben megindokolja, mi\u00e9rt p\u00e1ly\u00e1zza meg a demonstr\u00e1tori \u00e1ll\u00e1st.<\/li>\n<\/ul>\n<p>\nA k\u00fclf\u00f6ldi k\u00e9pz\u00e9sekbe val\u00f3 bekapcsol\u00f3d\u00e1s lehet\u0151s\u00e9g\u00e9t szint\u00e9n az adott Tansz\u00e9k hat\u00e1rozza meg, hogy az adott f\u00e9l\u00e9vben hirdet-e demonstr\u00e1tori \u00e1ll\u00e1st.<\/p>\n<p>Az oktat\u00e1si-kutat\u00e1si szervezeti egys\u00e9g a hozz\u00e1 be\u00e9rkezett p\u00e1ly\u00e1zatokat, a tansz\u00e9k el\u0151zetes v\u00e9lem\u00e9nye alapj\u00e1n fel\u00e1ll\u00edtott rangsorral egy\u00fctt, a p\u00e1ly\u00e1zat beny\u00fajt\u00e1s\u00e1ra nyitva \u00e1ll\u00f3 hat\u00e1rid\u0151 letelt\u00e9t k\u00f6vet\u0151 10 munkanapon bel\u00fcl k\u00fcldi meg az adott Kar D\u00e9k\u00e1ni Hivatal\u00e1nak.<\/p>\n<p>A demonstr\u00e1tori \u00f6szt\u00f6nd\u00edjat havonta, a feladat elv\u00e9gz\u00e9s\u00e9nek az \u00e9rintett oktat\u00e1si-kutat\u00e1si szervezeti egys\u00e9g vezet\u0151je \u00e1ltali igazol\u00e1s\u00e1t k\u00f6vet\u0151en (teljes\u00edt\u00e9sigazol\u00e1s) a k\u00f6vetkez\u0151 h\u00f3napra esed\u00e9kes p\u00e9nzbeli t\u00e1mogat\u00e1sokkal egyidej\u0171leg kapja meg a demonstr\u00e1tor.<\/p>\n<p>A p\u00e1ly\u00e1zatok elb\u00edr\u00e1l\u00e1s\u00e1nak rendj\u00e9t \u00e9s az elj\u00e1r\u00e1si hat\u00e1rid\u0151ket az <a href=\"https:\/\/semmelweis.hu\/jogigfoig\/dokumentumtar\/szabalyzattar\/szervezeti-es-mukodesi-szabalyzat\/\" target=\"_blank\" rel=\"noopener\">SZMSZ<\/a> III. 4. R\u00c9SZ 4.2. mell\u00e9klete tartalmazza.<\/p>\n\n<\/div><h2 class=\"tabtitle\">FOK<\/h2>\n<div class=\"tabcontent\">\n\n<p>A Semmelweis Egyetem <a href=\"https:\/\/semmelweis.hu\/jogigfoig\/dokumentumtar\/szabalyzattar\/szervezeti-es-mukodesi-szabalyzat\/\" target=\"_blank\" rel=\"noopener\">Szervezeti \u00e9s M\u0171k\u00f6d\u00e9si Szab\u00e1lyzat<\/a> \u2013 III. K\u00f6nyv Hallgat\u00f3i K\u00f6vetelm\u00e9nyrendszer \u2013 III.4. R\u00e9sz T\u00e9r\u00edt\u00e9si \u00e9s Juttat\u00e1si Szab\u00e1lyzata a 20\/A. \u00a7-t\u00f3l a 20\/D. \u00a7-ig szab\u00e1lyozza a 2020\/2021. tan\u00e9vt\u0151l a demonstr\u00e1tori \u00f6szt\u00f6nd\u00edj rendszer\u00e9t.<\/p>\n<p><strong>Demonstr\u00e1tori megb\u00edz\u00e1st<\/strong> \u2013 p\u00e1ly\u00e1zat alapj\u00e1n \u2013 az alapk\u00e9pz\u00e9sben, mesterk\u00e9pz\u00e9sben, osztatlan k\u00e9pz\u00e9sben r\u00e9szt vev\u0151 azon <strong>legal\u00e1bb II. \u00e9vfolyamos hallgat\u00f3 kaphat,<\/strong> akinek hallgat\u00f3i aktivit\u00e1sa \u00e9s tanulm\u00e1nyi eredm\u00e9nye kiemelked\u0151, k\u00fcl\u00f6n\u00f6s tekintettel a v\u00e1lasztott szakter\u00fcletre.<\/p>\n<p><strong>A demonstr\u00e1tori megb\u00edz\u00e1sban r\u00e9szes\u00fcl\u0151k sz\u00e1m\u00e1t a Kar d\u00e9k\u00e1nja \u00e9vente hat\u00e1rozza meg, mely nem haladhatja meg a Karon a hallgat\u00f3k k\u00e9pz\u00e9si nyelvek szerinti k\u00fcl\u00f6n-k\u00fcl\u00f6n sz\u00e1m\u00edtott l\u00e9tsz\u00e1m\u00e1nak 5%-\u00e1t. <\/strong><\/p>\n<p>A demonstr\u00e1tori megb\u00edz\u00e1s nyilv\u00e1nos p\u00e1ly\u00e1zat \u00fatj\u00e1n nyerhet\u0151 el, a tan\u00e9v kezdet\u00e9t\u0151l sz\u00e1m\u00edtott legfeljebb 10 h\u00f3napra. <strong>A megb\u00edz\u00e1s hat\u00e1rozott id\u0151re \u2013 a tan\u00e9v kezdet\u00e9t\u0151l sz\u00e1m\u00edtott legfeljebb 10 h\u00f3napra<\/strong> \u2013 adhat\u00f3, melyet a d\u00e9k\u00e1n k\u00f6t meg a nyertes p\u00e1ly\u00e1z\u00f3val.<\/p>\n<p><strong>Minden p\u00e1ly\u00e1z\u00f3 csak egy demonstr\u00e1tori helyre p\u00e1ly\u00e1zhat. <\/strong><\/p>\n<p><strong>A hallgat\u00f3knak<\/strong> a p\u00e1ly\u00e1zatban meghat\u00e1rozott m\u00f3don a <strong>tavaszi f\u00e9l\u00e9v vizsgaid\u0151szak\u00e1nak utols\u00f3 napj\u00e1ig van lehet\u0151s\u00e9g\u00fck beny\u00fajtani a p\u00e1ly\u00e1zati anyagot<\/strong> a p\u00e1ly\u00e1zatot ki\u00edr\u00f3 oktat\u00e1si-kutat\u00e1si szervezeti egys\u00e9g fel\u00e9.<\/p>\n<p>A p\u00e1ly\u00e1zatok rangsorol\u00e1sa sor\u00e1n figyelembe vehet\u0151 szempontok k\u00fcl\u00f6n\u00f6sen:<\/p>\n<ul>\n<li>a p\u00e1ly\u00e1z\u00f3 \u00e1ltal a tansz\u00e9ki kurzus(ok)on ny\u00fajtott teljes\u00edtm\u00e9nye;<\/li>\n<li>a Tudom\u00e1nyos Di\u00e1kk\u00f6r szakmai \u00e9s\/vagy szervez\u0151 tev\u00e9kenys\u00e9g\u00e9ben val\u00f3 r\u00e9szv\u00e9tel;<\/li>\n<li>egy\u00e9b szakmai versenyen el\u00e9rt teljes\u00edtm\u00e9ny; &#8211; nyelvismeret;<\/li>\n<li>k\u00f6zrem\u0171k\u00f6d\u00e9s kari \u00e9s oktat\u00e1si-kutat\u00e1si szervezeti egys\u00e9g rendezv\u00e9ny\u00e9nek megszervez\u00e9s\u00e9ben; &#8211; egy\u00e9b r\u00e9szv\u00e9tel oktat\u00f3i vagy kutat\u00f3i tev\u00e9kenys\u00e9gben;<\/li>\n<li>az oktat\u00e1si-kutat\u00e1si szervezeti egys\u00e9gek \u00e1ltal meghat\u00e1rozott egy\u00e9b szakmai k\u00f6vetelm\u00e9nyek.<\/li>\n<\/ul>\n<p><strong>A be\u00e9rkezett p\u00e1ly\u00e1zatok elb\u00edr\u00e1l\u00e1s\u00e1r\u00f3l a Kar vezet\u0151je<\/strong> \u2013 a kari hallgat\u00f3i \u00f6nkorm\u00e1nyzat bevon\u00e1sa mellett \u2013 <strong>legk\u00e9s\u0151bb az \u0151szi f\u00e9l\u00e9v szorgalmi id\u0151szak\u00e1nak megkezd\u00e9s\u00e9ig d\u00f6nt.<\/strong><\/p>\n<p>Az <strong>\u00f6szt\u00f6nd\u00edjat havonta,<\/strong> a feladat elv\u00e9gz\u00e9s\u00e9nek az \u00e9rintett oktat\u00e1si-kutat\u00e1si <strong>szervezeti egys\u00e9g vezet\u0151je \u00e1ltali igazol\u00e1s\u00e1t k\u00f6vet\u0151en<\/strong> (teljes\u00edt\u00e9sigazol\u00e1s) <strong>a k\u00f6vetkez\u0151 h\u00f3napra esed\u00e9kes p\u00e9nzbeli t\u00e1mogat\u00e1sokkal egyidej\u0171leg kapja<\/strong> meg a demonstr\u00e1tor.<\/p>\n<p>&nbsp;<\/p>\n<p>A demonstr\u00e1tor konkr\u00e9t feladatait, feladatell\u00e1t\u00e1si idej\u00e9t, beoszt\u00e1s\u00e1t, fenti szab\u00e1lyzat keretein bel\u00fcl az \u00e9rintett oktat\u00e1si-kutat\u00e1si szervezeti egys\u00e9g vezet\u0151je \u00e1llap\u00edtja meg.<\/p>\n<p>A demonstr\u00e1tor feladatai k\u00fcl\u00f6n\u00f6sen az al\u00e1bbiak lehetnek:<\/p>\n<ul>\n<li>oktat\u00f3, illetve vezet\u0151 fel\u00fcgyelete mellett r\u00e9szv\u00e9tel az int\u00e9zet\/tansz\u00e9k oktat\u00f3-nevel\u0151, tudom\u00e1nyos munk\u00e1j\u00e1ban;<\/li>\n<li>oktat\u00f3, illetve vezet\u0151 fel\u00fcgyelete mellett int\u00e9zeti\/tansz\u00e9ki projektekben val\u00f3 r\u00e9szv\u00e9tel;<\/li>\n<li>oktat\u00f3, illetve vezet\u0151 fel\u00fcgyelete mellett adminisztrat\u00edv \u00fcgyek int\u00e9z\u00e9se (mely nem \u00e9rintheti a konkr\u00e9t vizsg\u00e1ztat\u00e1si \u00e9s egy\u00e9b besz\u00e1moltat\u00e1si tev\u00e9kenys\u00e9gben val\u00f3 r\u00e9szv\u00e9telt, illetve a NEPTUN Rendszer haszn\u00e1lat\u00e1t);<\/li>\n<li>oktat\u00f3, illetve vezet\u0151 fel\u00fcgyelete mellett \u00edr\u00e1sbeli vizsg\u00e1kon val\u00f3 fel\u00fcgyelet;<\/li>\n<li>\u00e9rdemi k\u00f6zrem\u0171k\u00f6d\u00e9s az oktat\u00e1si-kutat\u00e1si szervezeti egys\u00e9g \u00e9s a hallgat\u00f3k k\u00f6z\u00f6tti kapcsolattart\u00e1sban;<\/li>\n<li>oktat\u00f3, illetve vezet\u0151 fel\u00fcgyelete mellett k\u00f6zrem\u0171k\u00f6dik az oktat\u00f3- \u00e9s kutat\u00f3munk\u00e1ban, hogy abban kell\u0151 felk\u00e9sz\u00fclts\u00e9get, j\u00e1rtass\u00e1got szerezzen;<\/li>\n<li>a demonstr\u00e1tor kiv\u00e9teles esetben, kiz\u00e1r\u00f3lag a szakmai fel\u00fcgyelet\u00e9t ell\u00e1t\u00f3 oktat\u00f3 erre ir\u00e1nyul\u00f3 utas\u00edt\u00e1sa \u00e9s ellen\u0151rz\u00e9se alapj\u00e1n l\u00e1that el oktat\u00e1sszervez\u00e9si feladatokat;<\/li>\n<li>kiv\u00e1l\u00f3s\u00e1gukkal p\u00e9ld\u00e1t mutassanak hallgat\u00f3t\u00e1rsaiknak.<\/li>\n<\/ul>\n<p><strong>A demonstr\u00e1tori feladatell\u00e1t\u00e1si id\u0151 a havi 50 \u00f3r\u00e1t nem haladhatja meg.<\/strong><\/p>\n<p><strong>A demonstr\u00e1torok \u2013 egy szabadon v\u00e1laszthat\u00f3 t\u00e1rgyk\u00e9nt<\/strong> \u2013 a k\u00e9pz\u00e9s\u00fckbe besz\u00e1m\u00edt\u00f3<\/p>\n<p>&#8211; <strong>2 kreditpontot kapnak, amennyiben folyamatosan 10 h\u00f3napon kereszt\u00fcl<\/strong> v\u00e9geznek demonstr\u00e1tori tev\u00e9kenys\u00e9get;<\/p>\n<p>&#8211; <strong>1 kreditpontot kapnak, amennyiben folyamatosan legal\u00e1bb 5 h\u00f3napon kereszt\u00fcl<\/strong> v\u00e9geznek demonstr\u00e1tori tev\u00e9kenys\u00e9get.<\/p>\n<p><strong>A demonstr\u00e1tori megb\u00edz\u00e1s a demonstr\u00e1tori megb\u00edz\u00e1sban meghat\u00e1rozott id\u0151 letelt\u00e9vel automatikusan megsz\u0171nik. <\/strong><\/p>\n<p><strong>A megb\u00edz\u00e1st a demonstr\u00e1tor b\u00e1rmikor, indokol\u00e1s n\u00e9lk\u00fcl visszaadhatja.<\/strong><\/p>\n<p>Az oktat\u00e1si-kutat\u00e1si szervezeti egys\u00e9gek p\u00e1ly\u00e1zati ki\u00edr\u00e1sai, valamint a p\u00e1ly\u00e1zat elb\u00edr\u00e1l\u00e1s\u00e1hoz kit\u00f6ltend\u0151 formanyomtatv\u00e1ny, a magyar nyelv\u0171 k\u00e9pz\u00e9sben r\u00e9szt vev\u0151 hallgat\u00f3k sz\u00e1m\u00e1ra a <a href=\"https:\/\/semmelweis.hu\/fok\/oktatas\/hallgatoi-hirek\/palyazati-felhivasok-hallgatoknak\/%20demonstr\u00e1tori%20\" target=\"_blank\" rel=\"noopener\">https:\/\/semmelweis.hu\/fok\/oktatas\/hallgatoi-hirek\/palyazati-felhivasok-hallgatoknak\/ demonstr\u00e1tori<\/a> p\u00e1ly\u00e1zat men\u00fcpont alatt \u00e9rhet\u0151 el, az idegennyelv\u0171 k\u00e9pz\u00e9sben r\u00e9szt vev\u0151 hallgat\u00f3k a Nemzetk\u00f6zi Hallgat\u00f3k K\u00e9pz\u00e9seinek K\u00f6zpontj\u00e1n\u00e1l t\u00e1j\u00e9koz\u00f3dhatnak.<\/p>\n\n<\/div><h2 class=\"tabtitle\">GYTK<\/h2>\n<div class=\"tabcontent\">\n\n<p>Demonstr\u00e1tori megb\u00edz\u00e1st \u2013 p\u00e1ly\u00e1zat alapj\u00e1n \u2013 az alapk\u00e9pz\u00e9sben, mesterk\u00e9pz\u00e9sben, osztatlan k\u00e9pz\u00e9sben r\u00e9szt vev\u0151 azon legal\u00e1bb II. \u00e9vfolyamos hallgat\u00f3 kaphat, akinek hallgat\u00f3i aktivit\u00e1sa \u00e9s tanulm\u00e1nyi eredm\u00e9nye kiemelked\u0151, k\u00fcl\u00f6n\u00f6s tekintettel a v\u00e1lasztott szakter\u00fcletre.<\/p>\n<p>A demonstr\u00e1tori megb\u00edz\u00e1s nyilv\u00e1nos p\u00e1ly\u00e1zat \u00fatj\u00e1n nyerhet\u0151 el. A megb\u00edz\u00e1s hat\u00e1rozott id\u0151re, a tan\u00e9v kezdet\u00e9t\u0151l sz\u00e1m\u00edtott legfeljebb 10 h\u00f3napra adhat\u00f3, melyet a d\u00e9k\u00e1n k\u00f6t meg a nyertes p\u00e1ly\u00e1z\u00f3val.<\/p>\n<p><b>Minden p\u00e1ly\u00e1z\u00f3 kiz\u00e1r\u00f3lag egy demonstr\u00e1tori helyre p\u00e1ly\u00e1zhat.<\/b><\/p>\n<p>&nbsp;<\/p>\n<p>A p\u00e1ly\u00e1zatok rangsorol\u00e1sa sor\u00e1n figyelembe vehet\u0151 szempontok k\u00fcl\u00f6n\u00f6sen:<\/p>\n<ul>\n<li>a p\u00e1ly\u00e1z\u00f3 \u00e1ltal a tansz\u00e9ki kurzusok(ok)on ny\u00fajtott teljes\u00edtm\u00e9nye;<\/li>\n<li>a Tudom\u00e1nyos Di\u00e1kk\u00f6r szakmai \u00e9s\/vagy szervez\u0151 tev\u00e9kenys\u00e9gben val\u00f3 r\u00e9szv\u00e9tel;<\/li>\n<li>egy\u00e9b szakmai versenyen el\u00e9rt teljes\u00edtm\u00e9ny;<\/li>\n<li>nyelvismeret;<\/li>\n<li>k\u00f6zrem\u0171k\u00f6d\u00e9s kari, oktat\u00e1si-kutat\u00e1si szervezeti egys\u00e9g rendezv\u00e9ny\u00e9nek megszervez\u00e9s\u00e9ben;<\/li>\n<li>egy\u00e9b r\u00e9szv\u00e9tel oktat\u00f3i vagy kutat\u00f3i tev\u00e9kenys\u00e9gben;<\/li>\n<li>az oktat\u00e1si-kutat\u00e1si szervezeti egys\u00e9gek \u00e1ltal meghat\u00e1rozott egy\u00e9b szakmai k\u00f6vetelm\u00e9nyek.<\/li>\n<\/ul>\n<p>&nbsp;<\/p>\n<p>A p\u00e1ly\u00e1zati anyagot a tavaszi f\u00e9l\u00e9v vizsgaid\u0151szak\u00e1nak utols\u00f3 napj\u00e1ig lehet beny\u00fajtani a p\u00e1ly\u00e1zatot ki\u00edr\u00f3 oktat\u00e1si-kutat\u00e1si szervezeti egys\u00e9ghez. (Formanyomtatv\u00e1ny a felh\u00edv\u00e1s v\u00e9g\u00e9n, a kar honlapj\u00e1n tal\u00e1lhat\u00f3)<\/p>\n<p>A be\u00e9rkezett p\u00e1ly\u00e1zatok elb\u00edr\u00e1l\u00e1s\u00e1r\u00f3l a Kar vezet\u0151je \u2013 a kari H\u00d6K k\u00e9pviselet bevon\u00e1sa mellett \u2013 legk\u00e9s\u0151bb az \u0151szi f\u00e9l\u00e9v szorgalmi id\u0151szak\u00e1nak megkezd\u00e9s\u00e9ig d\u00f6nt, mely d\u00f6nt\u00e9sr\u0151l egyidej\u0171leg \u00e9rtes\u00edti a hallgat\u00f3it, valamint t\u00e1j\u00e9koztatja az \u00e9rintett oktat\u00e1si-kutat\u00e1si szervezeti egys\u00e9geket.<\/p>\n<p>A demonstr\u00e1tor demonstr\u00e1tori \u00f6szt\u00f6nd\u00edjban r\u00e9szes\u00edthet\u0151. A hallgat\u00f3 \u2013 d\u00e9k\u00e1ni enged\u00e9llyel \u2013 demonstr\u00e1tori \u00f6szt\u00f6nd\u00edj foly\u00f3s\u00edt\u00e1sa n\u00e9lk\u00fcl is bevonhat\u00f3 a tansz\u00e9ki\/int\u00e9zeti munk\u00e1ba az \u00e9rintett oktat\u00e1si-kutat\u00e1si szervezet javaslata alapj\u00e1n.<\/p>\n<p>Az \u00f6szt\u00f6nd\u00edjat havonta, a feladat elv\u00e9gz\u00e9s\u00e9nek az \u00e9rintett oktat\u00e1si-kutat\u00e1si szervezeti egys\u00e9g vezet\u0151je \u00e1ltali igazol\u00e1st k\u00f6vet\u0151en (teljes\u00edt\u00e9sigazol\u00e1s) a k\u00f6vetkez\u0151 h\u00f3napra esed\u00e9kes p\u00e9nzbeli t\u00e1mogat\u00e1sokkal egyidej\u0171leg kapja meg a demonstr\u00e1tor. (Formanyomtatv\u00e1ny a felh\u00edv\u00e1s v\u00e9g\u00e9n tal\u00e1lhat\u00f3)<\/p>\n<p>A demonstr\u00e1tori megb\u00edz\u00e1sban r\u00e9szes\u00fcl\u0151k sz\u00e1m\u00e1t a Kar d\u00e9k\u00e1nja \u00e9vente hat\u00e1rozza meg, mely nem haladhatja meg a Kar hallgat\u00f3i l\u00e9tsz\u00e1m\u00e1nak 5%-\u00e1t.<\/p>\n<p>A demonstr\u00e1tor konkr\u00e9t feladatait, feladatell\u00e1t\u00e1si idej\u00e9t, beoszt\u00e1s\u00e1t a szab\u00e1lyzat keretein bel\u00fcl az \u00e9rintett oktat\u00e1si-kutat\u00e1si szervezeti egys\u00e9g vezet\u0151je \u00e1llap\u00edtja meg.<\/p>\n<p>&nbsp;<\/p>\n<p>A demonstr\u00e1tor feladatai k\u00fcl\u00f6n\u00f6sen az al\u00e1bbiak lehetnek:<\/p>\n<ul>\n<li>oktat\u00f3, illetve vezet\u0151 fel\u00fcgyelete mellett r\u00e9szv\u00e9tel az int\u00e9zet (tansz\u00e9k) oktat\u00f3-nevel\u0151, tudom\u00e1nyos munk\u00e1j\u00e1ban;<\/li>\n<li>oktat\u00f3, illetve vezet\u0151 fel\u00fcgyelete mellet int\u00e9zeti\/tansz\u00e9ki projektekben val\u00f3 r\u00e9szv\u00e9tel;<\/li>\n<li>oktat\u00f3, illetve vezet\u0151 fel\u00fcgyelete mellett adminisztrat\u00edv \u00fcgyek int\u00e9z\u00e9se (mely nem \u00e9rintheti a konkr\u00e9t vizsg\u00e1ztat\u00e1si \u00e9s egy\u00e9b besz\u00e1moltat\u00e1si tev\u00e9kenys\u00e9gben val\u00f3 r\u00e9szv\u00e9telt, illetve a NEPTUN-rendszer haszn\u00e1lat\u00e1t);<\/li>\n<li>oktat\u00f3, illetve vezet\u0151 fel\u00fcgyelte mellett \u00edr\u00e1sbeli vizsg\u00e1kon val\u00f3 fel\u00fcgyelet;<\/li>\n<li>\u00e9rdemi k\u00f6zrem\u0171k\u00f6d\u00e9s az oktat\u00e1si-kutat\u00e1si szervezeti egys\u00e9g \u00e9s a hallgat\u00f3k k\u00f6z\u00f6tti kapcsolattart\u00e1sban;<\/li>\n<li>oktat\u00f3, ill. vezet\u0151 fel\u00fcgyelete mellett k\u00f6zrem\u0171k\u00f6dik az oktat\u00f3- \u00e9s kutat\u00f3munk\u00e1ban, hogy abban kell\u0151 felk\u00e9sz\u00fclts\u00e9get, j\u00e1rtass\u00e1got szerezzen;<\/li>\n<li>a demonstr\u00e1tor kiv\u00e9teles esetben, kiz\u00e1r\u00f3lag a szakmai fel\u00fcgyelet\u00e9t ell\u00e1t\u00f3 oktat\u00f3 erre ir\u00e1nyul\u00f3 utas\u00edt\u00e1sa \u00e9s ellen\u0151rz\u00e9se alapj\u00e1n l\u00e1that el oktat\u00e1sszervez\u00e9si feladatokat;<\/li>\n<\/ul>\n<p>&nbsp;<\/p>\n<p>A demonstr\u00e1tori feladatell\u00e1t\u00e1si id\u0151 a havi 50 \u00f3r\u00e1t nem haladhatja meg.<\/p>\n<p>A demonstr\u00e1tor a tavaszi f\u00e9l\u00e9v szorgalmi id\u0151szak\u00e1nak utols\u00f3 napj\u00e1ig r\u00e9szletes besz\u00e1mol\u00f3t k\u00e9sz\u00edt tev\u00e9kenys\u00e9g\u00e9r\u0151l az oktat\u00e1si-kutat\u00e1si szervezeti egys\u00e9g vezet\u0151j\u00e9nek. Az oktat\u00e1si-kutat\u00e1si szervezeti egys\u00e9g vezet\u0151je az elfogadott besz\u00e1mol\u00f3t megk\u00fcldi az adott Kar D\u00e9k\u00e1ni Hivatala r\u00e9sz\u00e9re.<\/p>\n<p>A demonstr\u00e1tori megb\u00edz\u00e1s a megb\u00edz\u00e1sban meghat\u00e1rozott id\u0151 letelt\u00e9vel automatikusan megsz\u0171nik.<\/p>\n<p>A megb\u00edz\u00e1st a demonstr\u00e1tor b\u00e1rmikor, indokl\u00e1s n\u00e9lk\u00fcl visszaadhatja.<\/p>\n<p>Ha a demonstr\u00e1tor tanulm\u00e1nyi vagy demonstr\u00e1tori k\u00f6telezetts\u00e9geit nem l\u00e1tja el, illetve elhanyagolja, ha hallgat\u00f3hoz m\u00e9ltatlan magatart\u00e1st tan\u00fas\u00edt, megb\u00edz\u00e1s\u00e1t az \u00e9rintett oktat\u00e1si-kutat\u00e1si szervezeti egys\u00e9g vezet\u0151j\u00e9nek kezdem\u00e9nyez\u00e9s\u00e9re, illetve saj\u00e1t hat\u00e1sk\u00f6r\u00e9ben a d\u00e9k\u00e1n azonnal visszavonhatja.<\/p>\n<\/div><\/div>\n","protected":false},"excerpt":{"rendered":"<p>A 2020\/2021. tan\u00e9vt\u0151l kezd\u0151d\u0151en a demonstr\u00e1tori \u00f6szt\u00f6nd\u00edj szab\u00e1lyait\u00a0 a Semmelweis Egyetem Szervezeti \u00e9s M\u0171k\u00f6d\u00e9si Szab\u00e1lyzat \u2013 III. K\u00d6NYV Hallgat\u00f3i K\u00f6vetelm\u00e9nyrendszer \u2013 III.4. R\u00c9SZ T\u00e9r\u00edt\u00e9si \u00e9s Juttat\u00e1si Szab\u00e1lyzata (20\/A. \u00a7-t\u00f3l 20\/D. \u00a7.-ig) szab\u00e1lyozza, melyet <a href=\"https:\/\/semmelweis.hu\/jogigfoig\/dokumentumtar\/szabalyzattar\/szervezeti-es-mukodesi-szabalyzat\/\" target=\"_blank\" rel=\"noopener\">itt<\/a> \u00e9rhettek el. N\u00e9h\u00e1ny fontosabb \u00e1ltal\u00e1nos tudnival\u00f3 a demonstr\u00e1tori \u00f6szt\u00f6nd\u00edjr\u00f3l pontokba szedve: Demonstr\u00e1tori \u00f6szt\u00f6nd\u00edj elnyer\u00e9s\u00e9hez az \u00e1ltalad v\u00e1lasztott int\u00e9zet\/klinika fel\u00e9 p\u00e1ly\u00e1zatot kell beny\u00fajtanod, &hellip;<\/p>\n","protected":false},"author":101673,"featured_media":13646,"parent":12323,"menu_order":11,"comment_status":"closed","ping_status":"closed","template":"","meta":{"_acf_changed":false,"footnotes":""},"categories":[],"tags":[584],"class_list":["post-12661","page","type-page","status-publish","has-post-thumbnail","hentry","tag-palyod"],"acf":[],"_links":{"self":[{"href":"https:\/\/semmelweis.hu\/hok\/wp-json\/wp\/v2\/pages\/12661","targetHints":{"allow":["GET"]}}],"collection":[{"href":"https:\/\/semmelweis.hu\/hok\/wp-json\/wp\/v2\/pages"}],"about":[{"href":"https:\/\/semmelweis.hu\/hok\/wp-json\/wp\/v2\/types\/page"}],"author":[{"embeddable":true,"href":"https:\/\/semmelweis.hu\/hok\/wp-json\/wp\/v2\/users\/101673"}],"replies":[{"embeddable":true,"href":"https:\/\/semmelweis.hu\/hok\/wp-json\/wp\/v2\/comments?post=12661"}],"version-history":[{"count":8,"href":"https:\/\/semmelweis.hu\/hok\/wp-json\/wp\/v2\/pages\/12661\/revisions"}],"predecessor-version":[{"id":13348,"href":"https:\/\/semmelweis.hu\/hok\/wp-json\/wp\/v2\/pages\/12661\/revisions\/13348"}],"up":[{"embeddable":true,"href":"https:\/\/semmelweis.hu\/hok\/wp-json\/wp\/v2\/pages\/12323"}],"wp:featuredmedia":[{"embeddable":true,"href":"https:\/\/semmelweis.hu\/hok\/wp-json\/wp\/v2\/media\/13646"}],"wp:attachment":[{"href":"https:\/\/semmelweis.hu\/hok\/wp-json\/wp\/v2\/media?parent=12661"}],"wp:term":[{"taxonomy":"category","embeddable":true,"href":"https:\/\/semmelweis.hu\/hok\/wp-json\/wp\/v2\/categories?post=12661"},{"taxonomy":"post_tag","embeddable":true,"href":"https:\/\/semmelweis.hu\/hok\/wp-json\/wp\/v2\/tags?post=12661"}],"curies":[{"name":"wp","href":"https:\/\/api.w.org\/{rel}","templated":true}]}}