{"id":12588,"date":"2022-01-03T19:44:27","date_gmt":"2022-01-03T18:44:27","guid":{"rendered":"https:\/\/semmelweis.hu\/hok\/?page_id=12588"},"modified":"2022-09-28T22:32:34","modified_gmt":"2022-09-28T20:32:34","slug":"have-a-voice","status":"publish","type":"page","link":"https:\/\/semmelweis.hu\/hok\/en\/have-a-voice\/","title":{"rendered":"Have a voice!"},"content":{"rendered":"<p style=\"text-align: center\">\n<div class=\"wpcf7 no-js\" id=\"wpcf7-f13083-o1\" lang=\"hu-HU\" dir=\"ltr\" data-wpcf7-id=\"13083\">\n<div class=\"screen-reader-response\"><p role=\"status\" aria-live=\"polite\" aria-atomic=\"true\"><\/p> <ul><\/ul><\/div>\n<form action=\"\/hok\/wp-json\/wp\/v2\/pages\/12588#wpcf7-f13083-o1\" method=\"post\" class=\"wpcf7-form init\" aria-label=\"Kapcsolatfelv\u00e9teli \u0171rlap\" novalidate=\"novalidate\" data-status=\"init\">\n<div style=\"display: none;\">\n<input type=\"hidden\" name=\"_wpcf7\" value=\"13083\" \/>\n<input type=\"hidden\" name=\"_wpcf7_version\" value=\"6.0.5\" \/>\n<input type=\"hidden\" name=\"_wpcf7_locale\" value=\"hu_HU\" \/>\n<input type=\"hidden\" name=\"_wpcf7_unit_tag\" value=\"wpcf7-f13083-o1\" \/>\n<input type=\"hidden\" name=\"_wpcf7_container_post\" value=\"0\" \/>\n<input type=\"hidden\" name=\"_wpcf7_posted_data_hash\" value=\"\" \/>\n<input type=\"hidden\" name=\"_wpcf7_recaptcha_response\" value=\"\" \/>\n<\/div>\n<p><label> HU\/ Az egyetemi h\u00e1l\u00f3zati fejleszt\u00e9sek kapcs\u00e1n a v\u00e9lem\u00e9nyetekre vagyunk k\u00edv\u00e1ncsiak. Ti mely ter\u00fcleteken fejleszten\u00e9tek a wi-fin \u00e9s mi\u00e9rt?<br \/>\nEN\/ We are interested in your recommendations on university network developments. In which areas would you improve Wi-Fi and why?<br \/>\nAz \u00e9szrev\u00e9teleiteket itt tudj\u00e1tok bek\u00fcldeni: \/ You can write your recommendations here:<br \/>\n<span class=\"wpcf7-form-control-wrap\" data-name=\"wifianswer\"><textarea cols=\"40\" rows=\"10\" maxlength=\"2000\" class=\"wpcf7-form-control wpcf7-textarea wpcf7-validates-as-required\" aria-required=\"true\" aria-invalid=\"false\" name=\"wifianswer\"><\/textarea><\/span> <\/label>\n<\/p>\n<p><input class=\"wpcf7-form-control wpcf7-submit has-spinner\" type=\"submit\" value=\"Bek\u00fcld\u00e9s \/ Send\" \/>\n<\/p><div class=\"wpcf7-response-output\" aria-hidden=\"true\"><\/div>\n<\/form>\n<\/div>\n<\/p>\n<p>&nbsp;<\/p>\n<p style=\"text-align: center\"><script type=\"text\/javascript\" src=\"https:\/\/semmelweis.hu\/hok\/wp-content\/themes\/se18\/dist\/scripts\/carousel.js\"><\/script>    <section class=\"post-cards shortcode-wrapper\">\r\n        <div id=\"news-container\" class=\" d-none d-sm-flex flex-column  full-width-post-cards-shortcode-card news-container-for-card-code\" style=\"\">\r\n            \r\n            <div class=\"row card-row my-2 pt-3 pb-0 mx-0 w-100 \">\r\n               \r\n                \ufeff\r\n    <div class=\"card-format col col-12 col-md-4 col-lg-3 pl-1 pl-md-0 pr-1 pr-md-2 mb-2\">\r\n        <a class=\"d-block w-100\"  href=\"https:\/\/semmelweis.hu\/hok\/en\/have-a-voice\/dreem-2023\/\">\r\n      <!--  <a class=\"d-block w-100\" target=\"_blank\" href=\" \"> -->\r\n            <div class=\"card\">\r\n                                    <div class=\"card-image img-fluid \">\r\n                         \r\n                        <img loading=\"lazy\" decoding=\"async\" width=\"600\" height=\"400\" src=\"https:\/\/semmelweis.hu\/hok\/files\/2022\/04\/DREEM.jpg\" class=\"landscape wp-post-image\" alt=\"\" srcset=\"https:\/\/semmelweis.hu\/hok\/files\/2022\/04\/DREEM.jpg 600w, https:\/\/semmelweis.hu\/hok\/files\/2022\/04\/DREEM-300x200.jpg 300w, https:\/\/semmelweis.hu\/hok\/files\/2022\/04\/DREEM-203x135.jpg 203w\" sizes=\"auto, (max-width: 600px) 100vw, 600px\" \/>                    <\/div>\r\n                \r\n                <div class=\"card-body\">\r\n                    <div class=\"card-date text-uppercase  d-none  \">\r\n                                                    <h5><span class=\"font-weight-normal\">2023. <\/span>augusztus 28.<\/h5>\r\n                                            <\/div>\r\n                    <div class=\"card-title\">\r\n                        <h3 class=\"mt-2 entry-title\">DREEM 2023<\/h3>\r\n                    <\/div>\r\n                    <style>\r\n                        .card-text-inside{\r\n                                                 display: -webkit-box;\r\n                    -webkit-line-clamp: 4;\r\n                    -webkit-box-orient: vertical;\r\n                     overflow:hidden;\r\n                     text-overflow: ellipsis;\r\n                        }\r\n                        <\/style>\r\n                    <div class=\"card-text\">\r\n    <div class=\"card-text-inside\">\r\n        EN\/ The Center for Educational Development, Methodology and Organization, the Students\u2019 Union and the Student Services Directorate launches a survey to learn about the expectations of future first-year students regarding their studies. The survey is carried out using the Dundee Ready Education Environment Measure (DREEM). The educational environment includes all the physical, social and psychological &hellip;\r\n    <\/div><!-- card-text-inside -->\r\n<\/div> <!-- card-text -->                <\/div>\r\n            <\/div>\r\n        <\/a>\r\n    <\/div>\r\n\r\n\r\n\ufeff\r\n    <div class=\"card-format col col-12 col-md-4 col-lg-3 pl-1 pl-md-0 pr-1 pr-md-2 mb-2\">\r\n        <a class=\"d-block w-100\"  href=\"https:\/\/semmelweis.hu\/hok\/en\/have-a-voice\/student-review-of-teaching-work-omhv\/\">\r\n      <!--  <a class=\"d-block w-100\" target=\"_blank\" href=\" \"> -->\r\n            <div class=\"card\">\r\n                                    <div class=\"card-image img-fluid \">\r\n                         \r\n                        <img loading=\"lazy\" decoding=\"async\" width=\"600\" height=\"400\" src=\"https:\/\/semmelweis.hu\/hok\/files\/2022\/04\/OMHV.jpg\" class=\"landscape wp-post-image\" alt=\"\" srcset=\"https:\/\/semmelweis.hu\/hok\/files\/2022\/04\/OMHV.jpg 600w, https:\/\/semmelweis.hu\/hok\/files\/2022\/04\/OMHV-300x200.jpg 300w, https:\/\/semmelweis.hu\/hok\/files\/2022\/04\/OMHV-203x135.jpg 203w\" sizes=\"auto, (max-width: 600px) 100vw, 600px\" \/>                    <\/div>\r\n                \r\n                <div class=\"card-body\">\r\n                    <div class=\"card-date text-uppercase  d-none  \">\r\n                                                    <h5><span class=\"font-weight-normal\">2022. <\/span>j\u00fanius 26.<\/h5>\r\n                                            <\/div>\r\n                    <div class=\"card-title\">\r\n                        <h3 class=\"mt-2 entry-title\">Student Review of Teaching Work &#8211; OMHV<\/h3>\r\n                    <\/div>\r\n                    <style>\r\n                        .card-text-inside{\r\n                                                 display: -webkit-box;\r\n                    -webkit-line-clamp: 4;\r\n                    -webkit-box-orient: vertical;\r\n                     overflow:hidden;\r\n                     text-overflow: ellipsis;\r\n                        }\r\n                        <\/style>\r\n                    <div class=\"card-text\">\r\n    <div class=\"card-text-inside\">\r\n        Deutsch &nbsp; Feedback culture The feedback culture aims to raise the level of student-teacher collaboration to a higher level by taking into account the students&#8217; opinions, thus enhancing the learning and teaching experience, and the quality of education. The system operated by the Centre for Educational Development, Methodology, and Organization serves to build and strengthen the &hellip;\r\n    <\/div><!-- card-text-inside -->\r\n<\/div> <!-- card-text -->                <\/div>\r\n            <\/div>\r\n        <\/a>\r\n    <\/div>\r\n\r\n\r\n\ufeff\r\n    <div class=\"card-format col col-12 col-md-4 col-lg-3 pl-1 pl-md-0 pr-1 pr-md-2 mb-2\">\r\n        <a class=\"d-block w-100\"  href=\"https:\/\/semmelweis.hu\/hok\/en\/contact\/ask-us\/\">\r\n      <!--  <a class=\"d-block w-100\" target=\"_blank\" href=\" \"> -->\r\n            <div class=\"card\">\r\n                                    <div class=\"card-image img-fluid \">\r\n                         \r\n                        <img loading=\"lazy\" decoding=\"async\" width=\"600\" height=\"400\" src=\"https:\/\/semmelweis.hu\/hok\/files\/2022\/04\/writeus.jpg\" class=\"landscape wp-post-image\" alt=\"\" srcset=\"https:\/\/semmelweis.hu\/hok\/files\/2022\/04\/writeus.jpg 600w, https:\/\/semmelweis.hu\/hok\/files\/2022\/04\/writeus-300x200.jpg 300w, https:\/\/semmelweis.hu\/hok\/files\/2022\/04\/writeus-203x135.jpg 203w\" sizes=\"auto, (max-width: 600px) 100vw, 600px\" \/>                    <\/div>\r\n                \r\n                <div class=\"card-body\">\r\n                    <div class=\"card-date text-uppercase  d-none  \">\r\n                                                    <h5><span class=\"font-weight-normal\">2019. <\/span>febru\u00e1r 28.<\/h5>\r\n                                            <\/div>\r\n                    <div class=\"card-title\">\r\n                        <h3 class=\"mt-2 entry-title\">Write us!<\/h3>\r\n                    <\/div>\r\n                    <style>\r\n                        .card-text-inside{\r\n                                                 display: -webkit-box;\r\n                    -webkit-line-clamp: 4;\r\n                    -webkit-box-orient: vertical;\r\n                     overflow:hidden;\r\n                     text-overflow: ellipsis;\r\n                        }\r\n                        <\/style>\r\n                    <div class=\"card-text\">\r\n    <div class=\"card-text-inside\">\r\n        \nIf you have any questions connected to the E-learning system (Moodle), you can find further information on this site.\nFor further information about the occupational health examinations you can read here.\nYou can read useful handouts, if you have questions\/problems related to the SeKa system or Zoom.\n\n\r\n    <\/div><!-- card-text-inside -->\r\n<\/div> <!-- card-text -->                <\/div>\r\n            <\/div>\r\n        <\/a>\r\n    <\/div>\r\n\r\n\r\n                \r\n            <\/div>\r\n        <\/div>\r\n\r\n                        <div class=\"post-slide-hirek row px-0\">\r\n            <style>\r\n                .post-slide-hirek .owl-nav button {\r\n                    margin: 0px !important;\r\n                    height: 100% !important;\r\n                }\r\n\r\n                .card-custom-title {\r\n                    font-size: 17px;\r\n                    line-height: 23px;\r\n                    overflow: hidden;\r\n                    text-overflow: ellipsis;\r\n                    display: -webkit-box;\r\n                    -webkit-line-clamp: 3;\r\n                    -webkit-box-orient: vertical;\r\n                    min-height: 72px;\r\n                }\r\n\r\n                .card-custom-max-h {\r\n                    max-height: 235px !important;\r\n                    object-fit: cover;\r\n                }\r\n\r\n                .post-slide-hirek .owl-item .card-img img {\r\n                    opacity: 1 !important;\r\n                    aspect-ratio: 3\/ 2;\r\n\r\n                }\r\n                .card:has(.card-date:not(.d-none)):not(:has(img)) {\r\n                    margin-top: 20px;\r\n                }\r\n            <\/style>\r\n                            <div class=\"owl-carousel col-12 px-0 mt-2 mb-4 md-md-0 d-sm-none\">\r\n                                            <a class=\"item-1\" href=\"https:\/\/semmelweis.hu\/hok\/en\/have-a-voice\/dreem-2023\/\">\r\n\r\n                            <div class=\"card-img \">\r\n                                <img loading=\"lazy\" decoding=\"async\" width=\"560\" height=\"373\" src=\"https:\/\/semmelweis.hu\/hok\/files\/2022\/04\/DREEM.jpg\" class=\"d-block card-custom-max-h  img-fluid n-1 wp-post-image\" alt=\"\" srcset=\"https:\/\/semmelweis.hu\/hok\/files\/2022\/04\/DREEM.jpg 600w, https:\/\/semmelweis.hu\/hok\/files\/2022\/04\/DREEM-300x200.jpg 300w, https:\/\/semmelweis.hu\/hok\/files\/2022\/04\/DREEM-203x135.jpg 203w\" sizes=\"auto, (max-width: 560px) 100vw, 560px\" \/>                            <\/div>\r\n                            <div class=\"card-title mb-1\">\r\n                                <h3 class=\"mt-0 pt-1 mb-0 px-2 card-custom-title d-flex align-items-center d-md-block\">\r\n                                    <span class=\"entry-title pt-0 pt-md-1\">DREEM 2023                                <\/h3>\r\n                            <\/div>\r\n                            \r\n\r\n                        <\/a>\r\n                                            <a class=\"item-2\" href=\"https:\/\/semmelweis.hu\/hok\/en\/have-a-voice\/student-review-of-teaching-work-omhv\/\">\r\n\r\n                            <div class=\"card-img \">\r\n                                <img loading=\"lazy\" decoding=\"async\" width=\"560\" height=\"373\" src=\"https:\/\/semmelweis.hu\/hok\/files\/2022\/04\/OMHV.jpg\" class=\"d-block card-custom-max-h  img-fluid n-2 wp-post-image\" alt=\"\" srcset=\"https:\/\/semmelweis.hu\/hok\/files\/2022\/04\/OMHV.jpg 600w, https:\/\/semmelweis.hu\/hok\/files\/2022\/04\/OMHV-300x200.jpg 300w, https:\/\/semmelweis.hu\/hok\/files\/2022\/04\/OMHV-203x135.jpg 203w\" sizes=\"auto, (max-width: 560px) 100vw, 560px\" \/>                            <\/div>\r\n                            <div class=\"card-title mb-1\">\r\n                                <h3 class=\"mt-0 pt-1 mb-0 px-2 card-custom-title d-flex align-items-center d-md-block\">\r\n                                    <span class=\"entry-title pt-0 pt-md-1\">Student Review of Teaching Work &#8211; OMHV                                <\/h3>\r\n                            <\/div>\r\n                            \r\n\r\n                        <\/a>\r\n                                            <a class=\"item-3\" href=\"https:\/\/semmelweis.hu\/hok\/en\/contact\/ask-us\/\">\r\n\r\n                            <div class=\"card-img \">\r\n                                <img loading=\"lazy\" decoding=\"async\" width=\"560\" height=\"373\" src=\"https:\/\/semmelweis.hu\/hok\/files\/2022\/04\/writeus.jpg\" class=\"d-block card-custom-max-h  img-fluid n-3 wp-post-image\" alt=\"\" srcset=\"https:\/\/semmelweis.hu\/hok\/files\/2022\/04\/writeus.jpg 600w, https:\/\/semmelweis.hu\/hok\/files\/2022\/04\/writeus-300x200.jpg 300w, https:\/\/semmelweis.hu\/hok\/files\/2022\/04\/writeus-203x135.jpg 203w\" sizes=\"auto, (max-width: 560px) 100vw, 560px\" \/>                            <\/div>\r\n                            <div class=\"card-title mb-1\">\r\n                                <h3 class=\"mt-0 pt-1 mb-0 px-2 card-custom-title d-flex align-items-center d-md-block\">\r\n                                    <span class=\"entry-title pt-0 pt-md-1\">Write us!                                <\/h3>\r\n                            <\/div>\r\n                            \r\n\r\n                        <\/a>\r\n                                    <\/div>\r\n\r\n                    \r\n        <\/div><!-- owl-carousel -->\r\n    <\/section>\r\n\r\n<\/p>\n","protected":false},"excerpt":{"rendered":"<p>If you have any questions connected to the E-learning system (Moodle), you can find further information on <a href=\"https:\/\/semmelweis.hu\/oktatasmodszertan\/en\/moodle\/\">this site<\/a>.<br \/>\nFor further information about the occupational health examinations you can read <a href=\"https:\/\/itc.semmelweis.hu\/moodle\/enrol\/index.php?id=2381#section-4\" target=\"_blank\" rel=\"noopener\">here<\/a>.<br \/>\nYou can read useful handouts, if you have questions\/problems related to the <a href=\"https:\/\/semmelweis.hu\/oktatasmodszertan\/en\/the-seka-id\/\">SeKa<\/a> system or <a href=\"https:\/\/semmelweis.hu\/oktatasmodszertan\/en\/zoom-guide\/\">Zoom<\/a>.<\/p>\n","protected":false},"author":101673,"featured_media":0,"parent":0,"menu_order":7,"comment_status":"closed","ping_status":"closed","template":"","meta":{"_acf_changed":false,"footnotes":""},"categories":[],"tags":[],"class_list":["post-12588","page","type-page","status-publish","hentry"],"acf":[],"_links":{"self":[{"href":"https:\/\/semmelweis.hu\/hok\/wp-json\/wp\/v2\/pages\/12588","targetHints":{"allow":["GET"]}}],"collection":[{"href":"https:\/\/semmelweis.hu\/hok\/wp-json\/wp\/v2\/pages"}],"about":[{"href":"https:\/\/semmelweis.hu\/hok\/wp-json\/wp\/v2\/types\/page"}],"author":[{"embeddable":true,"href":"https:\/\/semmelweis.hu\/hok\/wp-json\/wp\/v2\/users\/101673"}],"replies":[{"embeddable":true,"href":"https:\/\/semmelweis.hu\/hok\/wp-json\/wp\/v2\/comments?post=12588"}],"version-history":[{"count":6,"href":"https:\/\/semmelweis.hu\/hok\/wp-json\/wp\/v2\/pages\/12588\/revisions"}],"predecessor-version":[{"id":13905,"href":"https:\/\/semmelweis.hu\/hok\/wp-json\/wp\/v2\/pages\/12588\/revisions\/13905"}],"wp:attachment":[{"href":"https:\/\/semmelweis.hu\/hok\/wp-json\/wp\/v2\/media?parent=12588"}],"wp:term":[{"taxonomy":"category","embeddable":true,"href":"https:\/\/semmelweis.hu\/hok\/wp-json\/wp\/v2\/categories?post=12588"},{"taxonomy":"post_tag","embeddable":true,"href":"https:\/\/semmelweis.hu\/hok\/wp-json\/wp\/v2\/tags?post=12588"}],"curies":[{"name":"wp","href":"https:\/\/api.w.org\/{rel}","templated":true}]}}