{"id":12456,"date":"2021-11-28T11:36:34","date_gmt":"2021-11-28T10:36:34","guid":{"rendered":"https:\/\/semmelweis.hu\/hok\/?page_id=12456"},"modified":"2022-09-28T22:36:56","modified_gmt":"2022-09-28T20:36:56","slug":"szolj-bele","status":"publish","type":"page","link":"https:\/\/semmelweis.hu\/hok\/szolj-bele\/","title":{"rendered":"Sz\u00f3lj bele!"},"content":{"rendered":"<p style=\"text-align: center\">\n<div class=\"wpcf7 no-js\" id=\"wpcf7-f13083-o1\" lang=\"hu-HU\" dir=\"ltr\" data-wpcf7-id=\"13083\">\n<div class=\"screen-reader-response\"><p role=\"status\" aria-live=\"polite\" aria-atomic=\"true\"><\/p> <ul><\/ul><\/div>\n<form action=\"\/hok\/wp-json\/wp\/v2\/pages\/12456#wpcf7-f13083-o1\" method=\"post\" class=\"wpcf7-form init\" aria-label=\"Kapcsolatfelv\u00e9teli \u0171rlap\" novalidate=\"novalidate\" data-status=\"init\">\n<div style=\"display: none;\">\n<input type=\"hidden\" name=\"_wpcf7\" value=\"13083\" \/>\n<input type=\"hidden\" name=\"_wpcf7_version\" value=\"6.0.5\" \/>\n<input type=\"hidden\" name=\"_wpcf7_locale\" value=\"hu_HU\" \/>\n<input type=\"hidden\" name=\"_wpcf7_unit_tag\" value=\"wpcf7-f13083-o1\" \/>\n<input type=\"hidden\" name=\"_wpcf7_container_post\" value=\"0\" \/>\n<input type=\"hidden\" name=\"_wpcf7_posted_data_hash\" value=\"\" \/>\n<input type=\"hidden\" name=\"_wpcf7_recaptcha_response\" value=\"\" \/>\n<\/div>\n<p><label> HU\/ Az egyetemi h\u00e1l\u00f3zati fejleszt\u00e9sek kapcs\u00e1n a v\u00e9lem\u00e9nyetekre vagyunk k\u00edv\u00e1ncsiak. Ti mely ter\u00fcleteken fejleszten\u00e9tek a wi-fin \u00e9s mi\u00e9rt?<br \/>\nEN\/ We are interested in your recommendations on university network developments. In which areas would you improve Wi-Fi and why?<br \/>\nAz \u00e9szrev\u00e9teleiteket itt tudj\u00e1tok bek\u00fcldeni: \/ You can write your recommendations here:<br \/>\n<span class=\"wpcf7-form-control-wrap\" data-name=\"wifianswer\"><textarea cols=\"40\" rows=\"10\" maxlength=\"2000\" class=\"wpcf7-form-control wpcf7-textarea wpcf7-validates-as-required\" aria-required=\"true\" aria-invalid=\"false\" name=\"wifianswer\"><\/textarea><\/span> <\/label>\n<\/p>\n<p><input class=\"wpcf7-form-control wpcf7-submit has-spinner\" type=\"submit\" value=\"Bek\u00fcld\u00e9s \/ Send\" \/>\n<\/p><div class=\"wpcf7-response-output\" aria-hidden=\"true\"><\/div>\n<\/form>\n<\/div>\n<\/p>\n<p style=\"text-align: center\"><script type=\"text\/javascript\" src=\"https:\/\/semmelweis.hu\/hok\/wp-content\/themes\/se18\/dist\/scripts\/carousel.js\"><\/script>    <section class=\"post-cards shortcode-wrapper\">\r\n        <div id=\"news-container\" class=\" d-none d-sm-flex flex-column  full-width-post-cards-shortcode-card news-container-for-card-code\" style=\"\">\r\n            \r\n            <div class=\"row card-row my-2 pt-3 pb-0 mx-0 w-100 \">\r\n               \r\n                \ufeff\r\n    <div class=\"card-format col col-12 col-md-4 col-lg-3 pl-1 pl-md-0 pr-1 pr-md-2 mb-2\">\r\n        <a class=\"d-block w-100\"  href=\"https:\/\/semmelweis.hu\/hok\/szolj-bele\/dreem-2023\/\">\r\n      <!--  <a class=\"d-block w-100\" target=\"_blank\" href=\" \"> -->\r\n            <div class=\"card\">\r\n                                    <div class=\"card-image img-fluid \">\r\n                         \r\n                        <img loading=\"lazy\" decoding=\"async\" width=\"600\" height=\"400\" src=\"https:\/\/semmelweis.hu\/hok\/files\/2022\/04\/DREEM.jpg\" class=\"landscape wp-post-image\" alt=\"\" srcset=\"https:\/\/semmelweis.hu\/hok\/files\/2022\/04\/DREEM.jpg 600w, https:\/\/semmelweis.hu\/hok\/files\/2022\/04\/DREEM-300x200.jpg 300w, https:\/\/semmelweis.hu\/hok\/files\/2022\/04\/DREEM-203x135.jpg 203w\" sizes=\"auto, (max-width: 600px) 100vw, 600px\" \/>                    <\/div>\r\n                \r\n                <div class=\"card-body\">\r\n                    <div class=\"card-date text-uppercase  d-none  \">\r\n                                                    <h5><span class=\"font-weight-normal\">2022. <\/span>\u00e1prilis 4.<\/h5>\r\n                                            <\/div>\r\n                    <div class=\"card-title\">\r\n                        <h3 class=\"mt-2 entry-title\">DREEM 2023<\/h3>\r\n                    <\/div>\r\n                    <style>\r\n                        .card-text-inside{\r\n                                                 display: -webkit-box;\r\n                    -webkit-line-clamp: 4;\r\n                    -webkit-box-orient: vertical;\r\n                     overflow:hidden;\r\n                     text-overflow: ellipsis;\r\n                        }\r\n                        <\/style>\r\n                    <div class=\"card-text\">\r\n    <div class=\"card-text-inside\">\r\n        Az Oktat\u00e1sfejleszt\u00e9si, -m\u00f3dszertani \u00e9s -szervez\u00e9si K\u00f6zpont, a H\u00d6K \u00e9s a Hallgat\u00f3i Szolg\u00e1ltat\u00e1sok Igazgat\u00f3s\u00e1ga (HSZI) felm\u00e9r\u00e9st ind\u00edt abb\u00f3l a c\u00e9lb\u00f3l, hogy megismerje a leend\u0151 els\u0151\u00e9ves hallgat\u00f3k elv\u00e1r\u00e1sait a tanulm\u00e1nyaikkal kapcsolatban. A felt\u00e9rk\u00e9pez\u00e9st egy angol nyelven fejlesztett m\u00e9r\u0151eszk\u00f6z, a Dundee Ready Education Environment Measure (DREEM) adapt\u00e1l\u00e1s\u00e1val v\u00e9gezz\u00fck. Az oktat\u00e1si k\u00f6rnyezet mag\u00e1ban foglalja mindazokat a fizikai, szoci\u00e1lis \u00e9s &hellip;\r\n    <\/div><!-- card-text-inside -->\r\n<\/div> <!-- card-text -->                <\/div>\r\n            <\/div>\r\n        <\/a>\r\n    <\/div>\r\n\r\n\r\n\ufeff\r\n    <div class=\"card-format col col-12 col-md-4 col-lg-3 pl-1 pl-md-0 pr-1 pr-md-2 mb-2\">\r\n        <a class=\"d-block w-100\"  href=\"https:\/\/semmelweis.hu\/hok\/szolj-bele\/omhv\/\">\r\n      <!--  <a class=\"d-block w-100\" target=\"_blank\" href=\" \"> -->\r\n            <div class=\"card\">\r\n                                    <div class=\"card-image img-fluid \">\r\n                         \r\n                        <img loading=\"lazy\" decoding=\"async\" width=\"600\" height=\"400\" src=\"https:\/\/semmelweis.hu\/hok\/files\/2022\/04\/OMHV.jpg\" class=\"landscape wp-post-image\" alt=\"\" srcset=\"https:\/\/semmelweis.hu\/hok\/files\/2022\/04\/OMHV.jpg 600w, https:\/\/semmelweis.hu\/hok\/files\/2022\/04\/OMHV-300x200.jpg 300w, https:\/\/semmelweis.hu\/hok\/files\/2022\/04\/OMHV-203x135.jpg 203w\" sizes=\"auto, (max-width: 600px) 100vw, 600px\" \/>                    <\/div>\r\n                \r\n                <div class=\"card-body\">\r\n                    <div class=\"card-date text-uppercase  d-none  \">\r\n                                                    <h5><span class=\"font-weight-normal\">2022. <\/span>\u00e1prilis 4.<\/h5>\r\n                                            <\/div>\r\n                    <div class=\"card-title\">\r\n                        <h3 class=\"mt-2 entry-title\">OMHV<\/h3>\r\n                    <\/div>\r\n                    <style>\r\n                        .card-text-inside{\r\n                                                 display: -webkit-box;\r\n                    -webkit-line-clamp: 4;\r\n                    -webkit-box-orient: vertical;\r\n                     overflow:hidden;\r\n                     text-overflow: ellipsis;\r\n                        }\r\n                        <\/style>\r\n                    <div class=\"card-text\">\r\n    <div class=\"card-text-inside\">\r\n        Feedback-kult\u00fara Az Feedback-kult\u00fara c\u00e9lja, hogy a hallgat\u00f3k v\u00e9lem\u00e9ny\u00e9nek figyelembev\u00e9tel\u00e9vel az oktat\u00f3i-hallgat\u00f3i egy\u00fcttm\u0171k\u00f6d\u00e9st magasabb szintre emelj\u00fck, ez\u00e1ltal fokozva a tanul\u00e1s \u00e9s tan\u00edt\u00e1s \u00e9lm\u00e9ny\u00e9t, az oktat\u00e1s min\u0151s\u00e9g\u00e9t. Az Oktat\u00e1sfejleszt\u00e9si, -m\u00f3dszertani \u00e9s -szervez\u00e9si K\u00f6zpont \u00e1ltal m\u0171k\u00f6dtetett rendszer a feedback-kult\u00fara ki\u00e9p\u00edt\u00e9s\u00e9t, meger\u0151s\u00edt\u00e9s\u00e9t szolg\u00e1lja, ami az oktat\u00e1si, \u00e9s ez\u00e1ltal a tanul\u00e1si tev\u00e9kenys\u00e9g min\u0151s\u00e9g\u00e9t jav\u00edthatja. A rendszer az al\u00e1bbi oldalr\u00f3l \u00e9rhet\u0151 el, &hellip;\r\n    <\/div><!-- card-text-inside -->\r\n<\/div> <!-- card-text -->                <\/div>\r\n            <\/div>\r\n        <\/a>\r\n    <\/div>\r\n\r\n\r\n\ufeff\r\n    <div class=\"card-format col col-12 col-md-4 col-lg-3 pl-1 pl-md-0 pr-1 pr-md-2 mb-2\">\r\n        <a class=\"d-block w-100\"  href=\"https:\/\/semmelweis.hu\/hok\/elerhetoseg\/irj-nekunk\/\">\r\n      <!--  <a class=\"d-block w-100\" target=\"_blank\" href=\" \"> -->\r\n            <div class=\"card\">\r\n                                    <div class=\"card-image img-fluid \">\r\n                         \r\n                        <img loading=\"lazy\" decoding=\"async\" width=\"600\" height=\"400\" src=\"https:\/\/semmelweis.hu\/hok\/files\/2022\/04\/writeus-1.jpg\" class=\"landscape wp-post-image\" alt=\"\" srcset=\"https:\/\/semmelweis.hu\/hok\/files\/2022\/04\/writeus-1.jpg 600w, https:\/\/semmelweis.hu\/hok\/files\/2022\/04\/writeus-1-300x200.jpg 300w, https:\/\/semmelweis.hu\/hok\/files\/2022\/04\/writeus-1-203x135.jpg 203w\" sizes=\"auto, (max-width: 600px) 100vw, 600px\" \/>                    <\/div>\r\n                \r\n                <div class=\"card-body\">\r\n                    <div class=\"card-date text-uppercase  d-none  \">\r\n                                                    <h5><span class=\"font-weight-normal\">2016. <\/span>okt\u00f3ber 11.<\/h5>\r\n                                            <\/div>\r\n                    <div class=\"card-title\">\r\n                        <h3 class=\"mt-2 entry-title\">\u00cdrj nek\u00fcnk!<\/h3>\r\n                    <\/div>\r\n                    <style>\r\n                        .card-text-inside{\r\n                                                 display: -webkit-box;\r\n                    -webkit-line-clamp: 4;\r\n                    -webkit-box-orient: vertical;\r\n                     overflow:hidden;\r\n                     text-overflow: ellipsis;\r\n                        }\r\n                        <\/style>\r\n                    <div class=\"card-text\">\r\n    <div class=\"card-text-inside\">\r\n        \nA E-learinggel kapcsolatos hivatalos t\u00e1j\u00e9koztat\u00f3t itt tal\u00e1lod.\nHa az E-learning rendszerrel (Moodle) kapcsolatban mer\u00fclne fel k\u00e9rd\u00e9sed, ezen az oldalon tov\u00e1bbi inform\u00e1ci\u00f3hoz juthatsz.\nHa k\u00e9rd\u00e9s mer\u00fclt fel benned, r\u00e9szletes seg\u00e9dletet olvashatsz a SeKA rendszer \u00e9s a Zoom haszn\u00e1lat\u00e1r\u00f3l.\nA foglalkoz\u00e1s-eg\u00e9szs\u00e9g\u00fcgyi vizsg\u00e1latokr\u00f3l r\u00e9szletesen itt olvashatsz.\n\n\n.wpcf7-form-control-wrap textarea {width:80%; height:250px}\n.wpcf7-form p label {color:#444}\n\n\r\n    <\/div><!-- card-text-inside -->\r\n<\/div> <!-- card-text -->                <\/div>\r\n            <\/div>\r\n        <\/a>\r\n    <\/div>\r\n\r\n\r\n                \r\n            <\/div>\r\n        <\/div>\r\n\r\n                        <div class=\"post-slide-hirek row px-0\">\r\n            <style>\r\n                .post-slide-hirek .owl-nav button {\r\n                    margin: 0px !important;\r\n                    height: 100% !important;\r\n                }\r\n\r\n                .card-custom-title {\r\n                    font-size: 17px;\r\n                    line-height: 23px;\r\n                    overflow: hidden;\r\n                    text-overflow: ellipsis;\r\n                    display: -webkit-box;\r\n                    -webkit-line-clamp: 3;\r\n                    -webkit-box-orient: vertical;\r\n                    min-height: 72px;\r\n                }\r\n\r\n                .card-custom-max-h {\r\n                    max-height: 235px !important;\r\n                    object-fit: cover;\r\n                }\r\n\r\n                .post-slide-hirek .owl-item .card-img img {\r\n                    opacity: 1 !important;\r\n                    aspect-ratio: 3\/ 2;\r\n\r\n                }\r\n                .card:has(.card-date:not(.d-none)):not(:has(img)) {\r\n                    margin-top: 20px;\r\n                }\r\n            <\/style>\r\n                            <div class=\"owl-carousel col-12 px-0 mt-2 mb-4 md-md-0 d-sm-none\">\r\n                                            <a class=\"item-1\" href=\"https:\/\/semmelweis.hu\/hok\/szolj-bele\/dreem-2023\/\">\r\n\r\n                            <div class=\"card-img \">\r\n                                <img loading=\"lazy\" decoding=\"async\" width=\"560\" height=\"373\" src=\"https:\/\/semmelweis.hu\/hok\/files\/2022\/04\/DREEM.jpg\" class=\"d-block card-custom-max-h  img-fluid n-1 wp-post-image\" alt=\"\" srcset=\"https:\/\/semmelweis.hu\/hok\/files\/2022\/04\/DREEM.jpg 600w, https:\/\/semmelweis.hu\/hok\/files\/2022\/04\/DREEM-300x200.jpg 300w, https:\/\/semmelweis.hu\/hok\/files\/2022\/04\/DREEM-203x135.jpg 203w\" sizes=\"auto, (max-width: 560px) 100vw, 560px\" \/>                            <\/div>\r\n                            <div class=\"card-title mb-1\">\r\n                                <h3 class=\"mt-0 pt-1 mb-0 px-2 card-custom-title d-flex align-items-center d-md-block\">\r\n                                    <span class=\"entry-title pt-0 pt-md-1\">DREEM 2023                                <\/h3>\r\n                            <\/div>\r\n                            \r\n\r\n                        <\/a>\r\n                                            <a class=\"item-2\" href=\"https:\/\/semmelweis.hu\/hok\/szolj-bele\/omhv\/\">\r\n\r\n                            <div class=\"card-img \">\r\n                                <img loading=\"lazy\" decoding=\"async\" width=\"560\" height=\"373\" src=\"https:\/\/semmelweis.hu\/hok\/files\/2022\/04\/OMHV.jpg\" class=\"d-block card-custom-max-h  img-fluid n-2 wp-post-image\" alt=\"\" srcset=\"https:\/\/semmelweis.hu\/hok\/files\/2022\/04\/OMHV.jpg 600w, https:\/\/semmelweis.hu\/hok\/files\/2022\/04\/OMHV-300x200.jpg 300w, https:\/\/semmelweis.hu\/hok\/files\/2022\/04\/OMHV-203x135.jpg 203w\" sizes=\"auto, (max-width: 560px) 100vw, 560px\" \/>                            <\/div>\r\n                            <div class=\"card-title mb-1\">\r\n                                <h3 class=\"mt-0 pt-1 mb-0 px-2 card-custom-title d-flex align-items-center d-md-block\">\r\n                                    <span class=\"entry-title pt-0 pt-md-1\">OMHV                                <\/h3>\r\n                            <\/div>\r\n                            \r\n\r\n                        <\/a>\r\n                                            <a class=\"item-3\" href=\"https:\/\/semmelweis.hu\/hok\/elerhetoseg\/irj-nekunk\/\">\r\n\r\n                            <div class=\"card-img \">\r\n                                <img loading=\"lazy\" decoding=\"async\" width=\"560\" height=\"373\" src=\"https:\/\/semmelweis.hu\/hok\/files\/2022\/04\/writeus-1.jpg\" class=\"d-block card-custom-max-h  img-fluid n-3 wp-post-image\" alt=\"\" srcset=\"https:\/\/semmelweis.hu\/hok\/files\/2022\/04\/writeus-1.jpg 600w, https:\/\/semmelweis.hu\/hok\/files\/2022\/04\/writeus-1-300x200.jpg 300w, https:\/\/semmelweis.hu\/hok\/files\/2022\/04\/writeus-1-203x135.jpg 203w\" sizes=\"auto, (max-width: 560px) 100vw, 560px\" \/>                            <\/div>\r\n                            <div class=\"card-title mb-1\">\r\n                                <h3 class=\"mt-0 pt-1 mb-0 px-2 card-custom-title d-flex align-items-center d-md-block\">\r\n                                    <span class=\"entry-title pt-0 pt-md-1\">\u00cdrj nek\u00fcnk!                                <\/h3>\r\n                            <\/div>\r\n                            \r\n\r\n                        <\/a>\r\n                                    <\/div>\r\n\r\n                    \r\n        <\/div><!-- owl-carousel -->\r\n    <\/section>\r\n\r\n<\/p>\n<h3 style=\"text-align: center\">Hallgat\u00f3i szavaz\u00e1s a biciklit\u00e1rol\u00f3k b\u0151v\u00edt\u00e9s\u00e9r\u0151l<\/h3>\n<p style=\"text-align: center\">[poll id=&#8221;5&#8243;]<\/p>\n<p>&nbsp;<\/p>\n<p>&nbsp;<\/p>\n<hr \/>\n<div class=\"exp-col-content-holder\"><a class=\"expand-cnt-link\" href=\"#\">Lez\u00e1rult szavaz\u00e1sok<\/a><\/p>\n<div class=\"hidden-content\">\n<div class=\"responsive-tabs\">\n<h2 class=\"tabtitle\">I\u00d6CS 2021<\/h2>\n<div class=\"tabcontent\">\n\n<h3 style=\"text-align: center\"><span class=\"tojvnm2t a6sixzi8 abs2jz4q a8s20v7p t1p8iaqh k5wvi7nf q3lfd5jv pk4s997a bipmatt0 cebpdrjk qowsmv63 owwhemhu dp1hu0rb dhp61c6y iyyx5f41\">Hallgat\u00f3i szavaz\u00e1s az instruktorok sz\u00e1m\u00e1ra ki\u00edrt p\u00e1ly\u00e1zatokr\u00f3l<\/span><\/h3>\n<p>2021. november 21-\u00e9n <span class=\"tojvnm2t a6sixzi8 abs2jz4q a8s20v7p t1p8iaqh k5wvi7nf q3lfd5jv pk4s997a bipmatt0 cebpdrjk qowsmv63 owwhemhu dp1hu0rb dhp61c6y iyyx5f41\">lez\u00e1rult a <a href=\"https:\/\/semmelweis.hu\/hok\/palyazatok\/palyazatok-instruktorok-szamara\/\" target=\"_blank\" rel=\"noopener\">p\u00e1ly\u00e1zati id\u0151szak<\/a>. Szavazni ezen az oldalon tudtok 2021. december 5. 20:00-ig.<br \/>\n<\/span><\/p>\n<p>Az <strong>\u00c9v Gebinje<\/strong> kateg\u00f3ri\u00e1ban 5 p\u00e1ly\u00e1zat \u00e9rkezett:<\/p>\n<table style=\"border-collapse: collapse;width: 100%;height: 160px\">\n<tbody>\n<tr style=\"height: 32px\">\n<td style=\"width: 100%;height: 32px;text-align: center\">\n<div class=\"exp-col-content-holder\"><a class=\"expand-cnt-link\" href=\"#\">Artlantis dekor gebin<\/a><\/p>\n<div class=\"hidden-content\">\n<p class=\"hiddenContentp\">\n<!-- iframe plugin v.4.9 wordpress.org\/plugins\/iframe\/ -->\n<iframe loading=\"lazy\" src=\"https:\/\/drive.google.com\/file\/d\/1B7PH2ARJ7Nc1bH37EmNxbVHlYPe-iFTI\/preview\" width=\"100%\" allow=\"autoplay\" height=\"500\" scrolling=\"yes\" class=\"iframe-class\" frameborder=\"0\"><\/iframe>\n<\/p>\n<\/div>\n<\/div>\n<\/td>\n<\/tr>\n<tr style=\"height: 32px\">\n<td style=\"width: 100%;height: 32px;text-align: center\">\n<div class=\"exp-col-content-holder\"><a class=\"expand-cnt-link\" href=\"#\">Bermuda-l\u00e1ngossz\u00f6g<\/a><\/p>\n<div class=\"hidden-content\">\n<p class=\"hiddenContentp\">\n<!-- iframe plugin v.4.9 wordpress.org\/plugins\/iframe\/ -->\n<iframe loading=\"lazy\" src=\"https:\/\/drive.google.com\/file\/d\/1gFkoQhn8AK8nEx7jF7sxtjI_reN69nuN\/preview\" width=\"100%\" allow=\"autoplay\" height=\"500\" scrolling=\"yes\" class=\"iframe-class\" frameborder=\"0\"><\/iframe>\n<\/p>\n<\/div>\n<\/div>\n<\/td>\n<\/tr>\n<tr style=\"height: 32px\">\n<td style=\"width: 100%;height: 32px;text-align: center\">\n<div class=\"exp-col-content-holder\"><a class=\"expand-cnt-link\" href=\"#\">Bogr\u00e1cs gebin<\/a><\/p>\n<div class=\"hidden-content\">\n<p class=\"hiddenContentp\"><span style=\"color: #ff0000\"><strong>A Bogr\u00e1cs gebin november 30-\u00e1n visszal\u00e9pett, \u00edgy a r\u00e1juk leadott szavazatok nem lesznek figyelembe v\u00e9ve.<\/strong><br \/>\n<\/span><\/p>\n<\/div>\n<\/div>\n<\/td>\n<\/tr>\n<tr style=\"height: 32px\">\n<td style=\"width: 100%;height: 32px;text-align: center\">\n<div class=\"exp-col-content-holder\"><a class=\"expand-cnt-link\" href=\"#\">Gyros gebin<\/a><\/p>\n<div class=\"hidden-content\">\n<p class=\"hiddenContentp\">\n<!-- iframe plugin v.4.9 wordpress.org\/plugins\/iframe\/ -->\n<iframe loading=\"lazy\" src=\"https:\/\/drive.google.com\/file\/d\/13YxgM_gusfhrw0D5IQnA7VWMIxVO3cUv\/preview\" width=\"100%\" allow=\"autoplay\" height=\"500\" scrolling=\"yes\" class=\"iframe-class\" frameborder=\"0\"><\/iframe>\n<\/p>\n<\/div>\n<\/div>\n<\/td>\n<\/tr>\n<tr style=\"height: 32px\">\n<td style=\"width: 100%;height: 32px;text-align: center\">\n<div class=\"exp-col-content-holder\"><a class=\"expand-cnt-link\" href=\"#\">MAKI gebin<\/a><\/p>\n<div class=\"hidden-content\">\n<p class=\"hiddenContentp\">\n<!-- iframe plugin v.4.9 wordpress.org\/plugins\/iframe\/ -->\n<iframe loading=\"lazy\" src=\"https:\/\/drive.google.com\/file\/d\/1XmiEur7TW4OM91ezQKhR0xT3OC0XN0-Z\/preview\" width=\"100%\" allow=\"autoplay\" height=\"500\" scrolling=\"yes\" class=\"iframe-class\" frameborder=\"0\"><\/iframe>\n<\/p>\n<\/div>\n<\/div>\n<\/td>\n<\/tr>\n<\/tbody>\n<\/table>\n<p style=\"text-align: center\">[poll id=&#8221;4&#8243;]<\/p>\n<p>&nbsp;<\/p>\n<p>Az <strong>\u00c9v Bet\u0171je<\/strong> kateg\u00f3ri\u00e1ban 1 p\u00e1ly\u00e1zat \u00e9rkezett, a T bet\u0171 automatikusan elnyerte a d\u00edjat \u00e9s \u00f6szt\u00f6nd\u00edjat.<\/p>\n<table style=\"border-collapse: collapse;width: 100%\">\n<tbody>\n<tr>\n<td style=\"width: 100%;text-align: center\">\n<div class=\"exp-col-content-holder\"><a class=\"expand-cnt-link\" href=\"#\">T bet\u0171<\/a><\/p>\n<div class=\"hidden-content\">\n<p class=\"hiddenContentp\">\n<!-- iframe plugin v.4.9 wordpress.org\/plugins\/iframe\/ -->\n<iframe loading=\"lazy\" src=\"https:\/\/drive.google.com\/file\/d\/1DcKQxCbA_YpA5a64keUdvizFX0hmhWac\/preview\" width=\"100%\" allow=\"autoplay\" height=\"500\" scrolling=\"yes\" class=\"iframe-class\" frameborder=\"0\"><\/iframe>\n<\/p>\n<\/div>\n<\/div>\n<\/td>\n<\/tr>\n<\/tbody>\n<\/table>\n<p style=\"text-align: center\"><\/div><\/div><\/p>\n<\/div>\n<\/div>\n<p style=\"text-align: left\">\u00a0<\/p>\n","protected":false},"excerpt":{"rendered":"<p>A E-learinggel kapcsolatos hivatalos t\u00e1j\u00e9koztat\u00f3t <a href=\"https:\/\/semmelweis.hu\/oktatasmodszertan\/files\/2020\/03\/Technikai-tudnival\u00f3k-a-t\u00e1voktat\u00e1ssal-kapcsolatban.pdf\">itt<\/a> tal\u00e1lod.<br \/>\nHa az E-learning rendszerrel (Moodle) kapcsolatban mer\u00fclne fel k\u00e9rd\u00e9sed, <a href=\"https:\/\/semmelweis.hu\/oktatasmodszertan\/e-learning\/moodle-e-learning-rendszer\/\">ezen az oldalon<\/a> tov\u00e1bbi inform\u00e1ci\u00f3hoz juthatsz.<br \/>\nHa k\u00e9rd\u00e9s mer\u00fclt fel benned, r\u00e9szletes seg\u00e9dletet olvashatsz a <a href=\"https:\/\/semmelweis.hu\/oktatasmodszertan\/e-learning\/a-seka-azonositorol\/\">SeKA rendszer<\/a> \u00e9s a <a href=\"https:\/\/semmelweis.hu\/oktatasmodszertan\/e-learning\/zoom-utmutato\/\">Zoom haszn\u00e1lat\u00e1r\u00f3l<\/a>.<br \/>\nA foglalkoz\u00e1s-eg\u00e9szs\u00e9g\u00fcgyi vizsg\u00e1latokr\u00f3l r\u00e9szletesen <a href=\"https:\/\/itc.semmelweis.hu\/moodle\/course\/view.php?id=662#section-4\" target=\"_blank\" rel=\"noopener\">itt<\/a> olvashatsz.<\/p>\n<p>.wpcf7-form-control-wrap textarea {width:80%; height:250px}<br \/>\n.wpcf7-form p label {color:#444}<\/p>\n","protected":false},"author":101673,"featured_media":0,"parent":0,"menu_order":7,"comment_status":"closed","ping_status":"closed","template":"","meta":{"_acf_changed":false,"footnotes":""},"categories":[],"tags":[],"class_list":["post-12456","page","type-page","status-publish","hentry"],"acf":[],"_links":{"self":[{"href":"https:\/\/semmelweis.hu\/hok\/wp-json\/wp\/v2\/pages\/12456","targetHints":{"allow":["GET"]}}],"collection":[{"href":"https:\/\/semmelweis.hu\/hok\/wp-json\/wp\/v2\/pages"}],"about":[{"href":"https:\/\/semmelweis.hu\/hok\/wp-json\/wp\/v2\/types\/page"}],"author":[{"embeddable":true,"href":"https:\/\/semmelweis.hu\/hok\/wp-json\/wp\/v2\/users\/101673"}],"replies":[{"embeddable":true,"href":"https:\/\/semmelweis.hu\/hok\/wp-json\/wp\/v2\/comments?post=12456"}],"version-history":[{"count":10,"href":"https:\/\/semmelweis.hu\/hok\/wp-json\/wp\/v2\/pages\/12456\/revisions"}],"predecessor-version":[{"id":13906,"href":"https:\/\/semmelweis.hu\/hok\/wp-json\/wp\/v2\/pages\/12456\/revisions\/13906"}],"wp:attachment":[{"href":"https:\/\/semmelweis.hu\/hok\/wp-json\/wp\/v2\/media?parent=12456"}],"wp:term":[{"taxonomy":"category","embeddable":true,"href":"https:\/\/semmelweis.hu\/hok\/wp-json\/wp\/v2\/categories?post=12456"},{"taxonomy":"post_tag","embeddable":true,"href":"https:\/\/semmelweis.hu\/hok\/wp-json\/wp\/v2\/tags?post=12456"}],"curies":[{"name":"wp","href":"https:\/\/api.w.org\/{rel}","templated":true}]}}