{"id":12357,"date":"2021-10-27T16:55:02","date_gmt":"2021-10-27T14:55:02","guid":{"rendered":"https:\/\/semmelweis.hu\/hok\/?page_id=12357"},"modified":"2024-06-18T18:28:27","modified_gmt":"2024-06-18T16:28:27","slug":"az-ev-medikusa","status":"publish","type":"page","link":"https:\/\/semmelweis.hu\/hok\/palyazatok\/az-ev-medikusa\/","title":{"rendered":"Az \u00c9v Medikusa"},"content":{"rendered":"<h4 style=\"text-align: center\"><span style=\"text-decoration: underline\">\u00c9v Medikusa D\u00edj 2024<\/span><\/h4>\n<p>Kedves Hallgat\u00f3!<\/p>\n<p>A Magyar Eg\u00e9szs\u00e9g\u00fcgyi Menedzsment T\u00e1rsas\u00e1g id\u00e9n is meghirdeti az \u00c9v Medikusa d\u00edjat. Az 500.000 forintos p\u00e9nzjutalommal j\u00e1r\u00f3 d\u00edj\u00a0<strong>c\u00e9lja elismerni a sikeres egyetemi tanulm\u00e1nyaik mellett kiemelked\u0151 k\u00f6z\u00e9leti teljes\u00edtm\u00e9nyt ny\u00fajt\u00f3 orvostanhallgat\u00f3kat<\/strong>, akik legt\u00f6bbet tesznek az emberek\u00e9rt, a k\u00f6z\u00f6ss\u00e9g\u00e9rt.<\/p>\n<p>Olyan orvostanhallgat\u00f3k jelentkez\u00e9s\u00e9t v\u00e1rjuk, akik jelenleg tanulm\u00e1nyaikat folyatj\u00e1k valamelyik orvosegyetemen, \u00e9s legal\u00e1bb 2 lez\u00e1rt f\u00e9l\u00e9vvel rendelkeznek. A be\u00e9rkezett p\u00e1ly\u00e1zatokat a Medicina F\u00f3rum zs\u0171rije, a Magyar K\u00f3rh\u00e1zsz\u00f6vets\u00e9g, az Orvos Szakmai Koll\u00e9gium \u00e9s a Magyar Eg\u00e9szs\u00e9g\u00fcgyi Menedzsment T\u00e1rsas\u00e1g, valamint a Magyar Orvostanhallgat\u00f3k Sz\u00f6vets\u00e9ge b\u00edr\u00e1lja el.<\/p>\n<p><strong>A p\u00e1ly\u00e1zatra a jelentkez\u00e9s indul: 2024. m\u00e1jus 21-\u00e9n<\/strong><\/p>\n<p><strong>Bek\u00fcld\u00e9si hat\u00e1rid\u0151: 2024. szeptember 16.<\/strong><\/p>\n<p>Idei t\u00e9maki\u00edr\u00e1s:\u00a0<strong>Milyen k\u00e9pz\u00e9si programok \u00e9s kezdem\u00e9nyez\u00e9sek seg\u00edthetik az eg\u00e9szs\u00e9g\u00fcgyi szakembereket a mesters\u00e9ges intelligencia megold\u00e1sokat hoz\u00f3 digit\u00e1lis eszk\u00f6z\u00f6k \u00e9s rendszerek hat\u00e9kony haszn\u00e1lat\u00e1ban?<\/strong><\/p>\n<p>Pontos r\u00e9szleteket a jelentkez\u00e9si \u00fatmutat\u00f3ban tal\u00e1lsz. K\u00e9rj\u00fck, olvasd el a jelentkez\u00e9si \u00fatmutat\u00f3t, \u00e9s a jelentkez\u00e9si fel\u00fclet kit\u00f6lt\u00e9s\u00e9vel indulj a p\u00e1ly\u00e1zaton. Sok sikert k\u00edv\u00e1nunk!<\/p>\n<p><strong>Jelentkez\u00e9s:<\/strong> <a href=\"https:\/\/memt.hu\/dijaink-palyazataink\/ev-medikusa\/jelentkezesi-felulet\/\" target=\"_blank\" rel=\"noopener\">https:\/\/memt.hu\/dijaink-palyazataink\/ev-medikusa\/jelentkezesi-felulet\/<\/a><\/p>\n<p><strong>Jelentkez\u00e9si \u00fatmutat\u00f3:<\/strong> <a href=\"https:\/\/memt.hu\/dijaink-palyazataink\/ev-medikusa\/jelentkezesi-utmutato\/\" target=\"_blank\" rel=\"noopener\">https:\/\/memt.hu\/dijaink-palyazataink\/ev-medikusa\/jelentkezesi-utmutato\/<\/a><\/p>\n<p>&nbsp;<\/p>\n","protected":false},"excerpt":{"rendered":"<p>\u00c9v Medikusa D\u00edj 2024 Kedves Hallgat\u00f3! A Magyar Eg\u00e9szs\u00e9g\u00fcgyi Menedzsment T\u00e1rsas\u00e1g id\u00e9n is meghirdeti az \u00c9v Medikusa d\u00edjat. Az 500.000 forintos p\u00e9nzjutalommal j\u00e1r\u00f3 d\u00edj\u00a0c\u00e9lja elismerni a sikeres egyetemi tanulm\u00e1nyaik mellett kiemelked\u0151 k\u00f6z\u00e9leti teljes\u00edtm\u00e9nyt ny\u00fajt\u00f3 orvostanhallgat\u00f3kat, akik legt\u00f6bbet tesznek az emberek\u00e9rt, a k\u00f6z\u00f6ss\u00e9g\u00e9rt. Olyan orvostanhallgat\u00f3k jelentkez\u00e9s\u00e9t v\u00e1rjuk, akik jelenleg tanulm\u00e1nyaikat folyatj\u00e1k valamelyik orvosegyetemen, \u00e9s legal\u00e1bb 2 &hellip;<\/p>\n","protected":false},"author":101673,"featured_media":12528,"parent":12323,"menu_order":6,"comment_status":"closed","ping_status":"closed","template":"","meta":{"_acf_changed":false,"footnotes":""},"categories":[],"tags":[584],"class_list":["post-12357","page","type-page","status-publish","has-post-thumbnail","hentry","tag-palyod"],"acf":[],"_links":{"self":[{"href":"https:\/\/semmelweis.hu\/hok\/wp-json\/wp\/v2\/pages\/12357","targetHints":{"allow":["GET"]}}],"collection":[{"href":"https:\/\/semmelweis.hu\/hok\/wp-json\/wp\/v2\/pages"}],"about":[{"href":"https:\/\/semmelweis.hu\/hok\/wp-json\/wp\/v2\/types\/page"}],"author":[{"embeddable":true,"href":"https:\/\/semmelweis.hu\/hok\/wp-json\/wp\/v2\/users\/101673"}],"replies":[{"embeddable":true,"href":"https:\/\/semmelweis.hu\/hok\/wp-json\/wp\/v2\/comments?post=12357"}],"version-history":[{"count":10,"href":"https:\/\/semmelweis.hu\/hok\/wp-json\/wp\/v2\/pages\/12357\/revisions"}],"predecessor-version":[{"id":17276,"href":"https:\/\/semmelweis.hu\/hok\/wp-json\/wp\/v2\/pages\/12357\/revisions\/17276"}],"up":[{"embeddable":true,"href":"https:\/\/semmelweis.hu\/hok\/wp-json\/wp\/v2\/pages\/12323"}],"wp:featuredmedia":[{"embeddable":true,"href":"https:\/\/semmelweis.hu\/hok\/wp-json\/wp\/v2\/media\/12528"}],"wp:attachment":[{"href":"https:\/\/semmelweis.hu\/hok\/wp-json\/wp\/v2\/media?parent=12357"}],"wp:term":[{"taxonomy":"category","embeddable":true,"href":"https:\/\/semmelweis.hu\/hok\/wp-json\/wp\/v2\/categories?post=12357"},{"taxonomy":"post_tag","embeddable":true,"href":"https:\/\/semmelweis.hu\/hok\/wp-json\/wp\/v2\/tags?post=12357"}],"curies":[{"name":"wp","href":"https:\/\/api.w.org\/{rel}","templated":true}]}}