{"id":12352,"date":"2021-10-27T16:56:08","date_gmt":"2021-10-27T14:56:08","guid":{"rendered":"https:\/\/semmelweis.hu\/hok\/?page_id=12352"},"modified":"2021-11-09T19:20:32","modified_gmt":"2021-11-09T18:20:32","slug":"palyazatok-instruktorok-szamara","status":"publish","type":"page","link":"https:\/\/semmelweis.hu\/hok\/palyazatok\/palyazatok-instruktorok-szamara\/","title":{"rendered":"P\u00e1ly\u00e1zatok instruktorok sz\u00e1m\u00e1ra"},"content":{"rendered":"<p style=\"text-align: center\"><span style=\"text-decoration: underline\"><strong>\u00d6szt\u00f6nd\u00edjp\u00e1ly\u00e1zatok instruktorok sz\u00e1m\u00e1ra<\/strong><\/span><\/p>\n<p>A Hallgat\u00f3i \u00d6nkorm\u00e1nyzat eln\u00f6ke <span class=\"tojvnm2t a6sixzi8 abs2jz4q a8s20v7p t1p8iaqh k5wvi7nf q3lfd5jv pk4s997a bipmatt0 cebpdrjk qowsmv63 owwhemhu dp1hu0rb dhp61c6y iyyx5f41\">az Instruktor \u00d6ntev\u00e9keny Csoport eln\u00f6k\u00e9nek egyet\u00e9rt\u00e9s\u00e9vel<\/span> 2021-t\u0151l minden \u00e9vben ny\u00edlt p\u00e1ly\u00e1zatot hirdet <br \/>\n&#8211; az \u00c9v Gebinje<br \/>\n&#8211; az \u00c9v Bet\u0171je<br \/>\n&#8211; a Legkiv\u00e1l\u00f3bb Instruktor<br \/>\nd\u00edjak, valamint az azzal j\u00e1r\u00f3 \u00f6szt\u00f6nd\u00edjak elnyer\u00e9s\u00e9nek c\u00e9lj\u00e1b\u00f3l, hogy az I\u00d6CS, mint szervezet anyagi t\u00e1mogat\u00e1sa mellett k\u00f6zvetlen\u00fcl is tudjuk honor\u00e1lni az instruktorok \u00f6nzetlen \u00e9s odaad\u00f3 munk\u00e1j\u00e1t.<\/p>\n<p>&nbsp;<\/p>\n<p><strong>D\u00edjaz\u00e1s:<\/strong><strong>\u00a0<\/strong><\/p>\n<ol>\n<li>Az \u00c9v Gebinje d\u00edj nyertese d\u00edszoklev\u00e9lben, valamint 100.000 forint \u00f6szt\u00f6nd\u00edjban r\u00e9szes\u00fcl, melyet a gebin f\u0151n\u00f6k\u00e9nek bocs\u00e1tunk rendelkez\u00e9s\u00e9re.<\/li>\n<li>Az \u00c9v Bet\u0171je d\u00edj nyertese d\u00edszoklev\u00e9lben, valamint 100.000 forint \u00f6szt\u00f6nd\u00edjban r\u00e9szes\u00fcl, melyet a bet\u0171 f\u0151n\u00f6k\u00e9nek bocs\u00e1tunk rendelkez\u00e9s\u00e9re.<\/li>\n<li>A Legkiv\u00e1l\u00f3bb Instruktor d\u00edj nyertese d\u00edszoklev\u00e9lben, valamint 100.000 forint \u00f6szt\u00f6nd\u00edjban r\u00e9szes\u00fcl.<\/li>\n<\/ol>\n<p>&nbsp;<\/p>\n<p><strong>P\u00e1ly\u00e1z\u00e1sra jogosultak k\u00f6re:<\/strong><\/p>\n<ol>\n<li>Az \u00c9v Gebinje kateg\u00f3ri\u00e1ban b\u00e1rmely, a 2021-es \u00e9vben I\u00d6CS-\u00f6s rendezv\u00e9nye(ke)n gebink\u00e9nt m\u0171k\u00f6d\u0151 instruktor csoport p\u00e1ly\u00e1zhat.<\/li>\n<li>Az \u00c9v Bet\u0171je kateg\u00f3ri\u00e1ban b\u00e1rmely bet\u0171k\u00e9nt m\u0171k\u00f6d\u0151 instruktor csoport p\u00e1ly\u00e1zhat.<\/li>\n<li>A Legkiv\u00e1l\u00f3bb Instruktor d\u00edj p\u00e1ly\u00e1z\u00e1s\u00e1ra minden olyan &#8211; a Semmelweis Egyetemmel hallgat\u00f3i jogviszonyban \u00e1ll\u00f3 \u00e9s a 2021-es \u00e9vben akt\u00edv &#8211; instruktor jogosult, aki nem vezet\u0151s\u00e9gi tag az I\u00d6CS-ben.<\/li>\n<\/ol>\n<p>&nbsp;<\/p>\n<p><strong>A p\u00e1ly\u00e1zatnak tartalmaznia kell:<\/strong><strong>\u00a0<\/strong><\/p>\n<ol>\n<li>Az \u00c9v Gebinje kateg\u00f3ri\u00e1ban: egy .pdf dokumentumban minimum 100 szavas \u00edr\u00e1st arr\u00f3l, hogy mit tett az adott gebin az \u00f6ntev\u00e9keny csoport\u00e9rt, a g\u00f3ly\u00e1k\u00e9rt, hallgat\u00f3t\u00e1rsai\u00e9rt, ami miatt a d\u00edjra \u00e9rdemesnek tartja mag\u00e1t, valamint a gebin tagjainak n\u00e9vsor\u00e1t.<\/li>\n<li>Az \u00c9v Bet\u0171je kateg\u00f3ri\u00e1ban: egy .pdf dokumentumban minimum 100 szavas \u00edr\u00e1st arr\u00f3l, hogy mit tett az adott bet\u0171 az \u00f6ntev\u00e9keny csoport\u00e9rt, a g\u00f3ly\u00e1k\u00e9rt, hallgat\u00f3t\u00e1rsai\u00e9rt, ami miatt a d\u00edjra \u00e9rdemesnek tartja mag\u00e1t, valamint a bet\u0171 tagjainak n\u00e9vsor\u00e1t.<\/li>\n<li>A Legkiv\u00e1l\u00f3bb Instruktor kateg\u00f3ri\u00e1ban: egy .pdf dokumentumban \u00f6n\u00e9letrajzot, valamint minimum 100 szavas \u00edr\u00e1st arr\u00f3l, hogy mit tett az adott instruktor az \u00f6ntev\u00e9keny csoport\u00e9rt, a g\u00f3ly\u00e1k\u00e9rt, hallgat\u00f3t\u00e1rsai\u00e9rt, ami miatt a d\u00edjra \u00e9rdemesnek tartja mag\u00e1t, valamint k\u00fcl\u00f6n dokumentumban 15 instruktort\u00e1rs t\u00e1mogat\u00f3 al\u00e1\u00edr\u00e1s\u00e1t a d\u00edj megp\u00e1ly\u00e1z\u00e1s\u00e1hoz.<\/li>\n<\/ol>\n<p>&nbsp;<\/p>\n<p><span style=\"text-decoration: underline\"><strong>A p\u00e1ly\u00e1zat beny\u00fajt\u00e1s\u00e1nak hat\u00e1rideje<\/strong><\/span>: 2021. november 21. 20:00<\/p>\n<p><span style=\"text-decoration: underline\"><strong>P\u00e1ly\u00e1zat beny\u00fajt\u00e1s\u00e1nak m\u00f3dja<\/strong>:<\/span> elektronikusan a <a href=\"mailto:hok.elnok@semmelweis-univ.hu\">hok.elnok@semmelweis-univ.hu<\/a> <strong>\u00e9s<\/strong> az <a href=\"mailto:info@iocs.hu\">info@iocs.hu<\/a> c\u00edmre, a lev\u00e9l t\u00e1rgy\u00e1ban megjel\u00f6lve a kateg\u00f3ria nev\u00e9t, valamint a p\u00e1ly\u00e1z\u00f3t (pl. \u201e\u00c9v Bet\u0171je \u2013 A bet\u0171\u201d \/ \u201eLegkiv\u00e1l\u00f3bb Instruktor \u2013 Gipsz Jakab\u201d).<\/p>\n<p><strong>Elb\u00edr\u00e1l\u00e1s menete:<\/strong><strong>\u00a0<\/strong>A nyertesek meg\u00e1llap\u00edt\u00e1sa hallgat\u00f3i szavaz\u00e1ssal t\u00f6rt\u00e9nik a p\u00e1ly\u00e1zati id\u0151szak lez\u00e1rulta ut\u00e1n, az erre kialak\u00edtott online fel\u00fcleten. A legt\u00f6bb hallgat\u00f3i szavazatot kap\u00f3 gebin, bet\u0171, valamint instruktor nyeri el a d\u00edszoklevelet \u00e9s az \u00f6szt\u00f6nd\u00edjat.<\/p>\n","protected":false},"excerpt":{"rendered":"<p>\u00d6szt\u00f6nd\u00edjp\u00e1ly\u00e1zatok instruktorok sz\u00e1m\u00e1ra A Hallgat\u00f3i \u00d6nkorm\u00e1nyzat eln\u00f6ke az Instruktor \u00d6ntev\u00e9keny Csoport eln\u00f6k\u00e9nek egyet\u00e9rt\u00e9s\u00e9vel 2021-t\u0151l minden \u00e9vben ny\u00edlt p\u00e1ly\u00e1zatot hirdet &#8211; az \u00c9v Gebinje &#8211; az \u00c9v Bet\u0171je &#8211; a Legkiv\u00e1l\u00f3bb Instruktor d\u00edjak, valamint az azzal j\u00e1r\u00f3 \u00f6szt\u00f6nd\u00edjak elnyer\u00e9s\u00e9nek c\u00e9lj\u00e1b\u00f3l, hogy az I\u00d6CS, mint szervezet anyagi t\u00e1mogat\u00e1sa mellett k\u00f6zvetlen\u00fcl is tudjuk honor\u00e1lni az instruktorok \u00f6nzetlen \u00e9s &hellip;<\/p>\n","protected":false},"author":101673,"featured_media":12403,"parent":12323,"menu_order":5,"comment_status":"closed","ping_status":"closed","template":"","meta":{"_acf_changed":false,"footnotes":""},"categories":[],"tags":[584],"class_list":["post-12352","page","type-page","status-publish","has-post-thumbnail","hentry","tag-palyod"],"acf":[],"_links":{"self":[{"href":"https:\/\/semmelweis.hu\/hok\/wp-json\/wp\/v2\/pages\/12352","targetHints":{"allow":["GET"]}}],"collection":[{"href":"https:\/\/semmelweis.hu\/hok\/wp-json\/wp\/v2\/pages"}],"about":[{"href":"https:\/\/semmelweis.hu\/hok\/wp-json\/wp\/v2\/types\/page"}],"author":[{"embeddable":true,"href":"https:\/\/semmelweis.hu\/hok\/wp-json\/wp\/v2\/users\/101673"}],"replies":[{"embeddable":true,"href":"https:\/\/semmelweis.hu\/hok\/wp-json\/wp\/v2\/comments?post=12352"}],"version-history":[{"count":6,"href":"https:\/\/semmelweis.hu\/hok\/wp-json\/wp\/v2\/pages\/12352\/revisions"}],"predecessor-version":[{"id":12406,"href":"https:\/\/semmelweis.hu\/hok\/wp-json\/wp\/v2\/pages\/12352\/revisions\/12406"}],"up":[{"embeddable":true,"href":"https:\/\/semmelweis.hu\/hok\/wp-json\/wp\/v2\/pages\/12323"}],"wp:featuredmedia":[{"embeddable":true,"href":"https:\/\/semmelweis.hu\/hok\/wp-json\/wp\/v2\/media\/12403"}],"wp:attachment":[{"href":"https:\/\/semmelweis.hu\/hok\/wp-json\/wp\/v2\/media?parent=12352"}],"wp:term":[{"taxonomy":"category","embeddable":true,"href":"https:\/\/semmelweis.hu\/hok\/wp-json\/wp\/v2\/categories?post=12352"},{"taxonomy":"post_tag","embeddable":true,"href":"https:\/\/semmelweis.hu\/hok\/wp-json\/wp\/v2\/tags?post=12352"}],"curies":[{"name":"wp","href":"https:\/\/api.w.org\/{rel}","templated":true}]}}