{"id":12336,"date":"2021-10-27T16:53:14","date_gmt":"2021-10-27T14:53:14","guid":{"rendered":"https:\/\/semmelweis.hu\/hok\/?page_id=12336"},"modified":"2026-02-18T17:46:53","modified_gmt":"2026-02-18T16:46:53","slug":"kozeleti-osztondij","status":"publish","type":"page","link":"https:\/\/semmelweis.hu\/hok\/palyazatok\/kozeleti-osztondij\/","title":{"rendered":"K\u00f6z\u00e9leti \u00f6szt\u00f6nd\u00edj"},"content":{"rendered":"<h4 style=\"text-align: center\">P\u00c1LY\u00c1ZATI KI\u00cdR\u00c1S 2026-RA<\/h4>\n<p>A Semmelweis Egyetem K\u00f6z\u00e9leti \u00d6szt\u00f6nd\u00edjak Elb\u00edr\u00e1l\u00e1s\u00e1ra L\u00e9trehozott Bizotts\u00e1ga (tov\u00e1bbiakban: Bizotts\u00e1g) 2026-ra p\u00e1ly\u00e1zatot \u00edr ki a Szent\u00e1gothai J\u00e1nos \u00d6szt\u00f6nd\u00edj elnyer\u00e9s\u00e9re a nemzeti fels\u0151oktat\u00e1sr\u00f3l sz\u00f3l\u00f3 <a href=\"https:\/\/njt.hu\/jogszabaly\/2011-204-00-00\">2011. \u00e9vi CCIV. t\u00f6rv\u00e9ny<\/a> 85\/C.\u00a7 ac) alpontja, a fels\u0151oktat\u00e1sban r\u00e9szt vev\u0151 hallgat\u00f3k juttat\u00e1sair\u00f3l \u00e9s az \u00e1ltaluk fizetend\u0151 egyes t\u00e9r\u00edt\u00e9sekr\u0151l sz\u00f3l\u00f3 <a href=\"https:\/\/njt.hu\/jogszabaly\/2007-51-20-22\">51\/2007. (III.26.) Korm\u00e1nyrendelet<\/a> 10. \u00a7 (4) bekezd\u00e9s \u00e9s a <a href=\"https:\/\/semmelweis.hu\/jogigfoig\/dokumentumtar\/szabalyzattar\/szervezeti-es-mukodesi-szabalyzat\/\">Semmelweis Egyetem Szervezeti \u00e9s M\u0171k\u00f6d\u00e9si Szab\u00e1lyzat III.4. r\u00e9sz T\u00e9r\u00edt\u00e9si \u00e9s Juttat\u00e1si Szab\u00e1lyzat<\/a> (tov\u00e1bbiakban: TJSZ) 8. \u00a7 (1)-(4) bekezd\u00e9sei alapj\u00e1n.<\/p>\n<p>A Szent\u00e1gothai J\u00e1nos \u00d6szt\u00f6nd\u00edj a TJSZ 8. \u00a7 (3) bekezd\u00e9se szerinti tev\u00e9kenys\u00e9get v\u00e9gz\u0151 hallgat\u00f3k r\u00e9sz\u00e9re, p\u00e1ly\u00e1zat alapj\u00e1n foly\u00f3s\u00edtott, nem k\u00f6telez\u0151 juttat\u00e1s.<\/p>\n<p>&nbsp;<\/p>\n<p>I. JOGOSULTAK K\u00d6RE:<\/p>\n<p>A Szent\u00e1gothai J\u00e1nos \u00d6szt\u00f6nd\u00edjban teljes idej\u0171 (nappali munkarend\u0171) alapk\u00e9pz\u00e9sben, egys\u00e9ges, osztatlan k\u00e9pz\u00e9sben, mesterk\u00e9pz\u00e9sben, fels\u0151oktat\u00e1si szakk\u00e9pz\u00e9sben \u00e9s doktori k\u00e9pz\u00e9sben r\u00e9szt vev\u0151 hallgat\u00f3 r\u00e9szes\u00fclhet, p\u00e1ly\u00e1zat alapj\u00e1n.<\/p>\n<p>&nbsp;<\/p>\n<p>II. A P\u00c1LY\u00c1ZAT BENY\u00daJT\u00c1S\u00c1NAK M\u00d3DJA:<\/p>\n<p>1. A p\u00e1ly\u00e1zat beny\u00fajt\u00e1s\u00e1nak helye:<\/p>\n<p>A p\u00e1ly\u00e1zatokat a Neptun \u2013 \u00dcgyint\u00e9z\u00e9s men\u00fc \u2013 K\u00e9rv\u00e9nyek men\u00fcpontban lehet leadni.<\/p>\n<p>2. A p\u00e1ly\u00e1zat beny\u00fajt\u00e1s\u00e1nak ideje: <br \/>\nA 2026-os tev\u00e9kenys\u00e9gekhez kijel\u00f6lt p\u00e1ly\u00e1zati id\u0151szakok:<\/p>\n<p>\u00b7 janu\u00e1r h\u00f3napban v\u00e9gzett k\u00f6z\u00e9leti tev\u00e9kenys\u00e9g p\u00e1ly\u00e1zati id\u0151szaka: 2026. febru\u00e1r 1-7.<br \/>\n\u00b7 febru\u00e1r h\u00f3napban v\u00e9gzett k\u00f6z\u00e9leti tev\u00e9kenys\u00e9g p\u00e1ly\u00e1zati id\u0151szaka: 2026. m\u00e1rcius 1-7.<br \/>\n\u00b7 m\u00e1rcius h\u00f3napban v\u00e9gzett k\u00f6z\u00e9leti tev\u00e9kenys\u00e9g p\u00e1ly\u00e1zati id\u0151szaka: 2026. \u00e1prilis 1-7.<br \/>\n\u00b7 \u00e1prilis h\u00f3napban v\u00e9gzett k\u00f6z\u00e9leti tev\u00e9kenys\u00e9g p\u00e1ly\u00e1zati id\u0151szaka: 2026. m\u00e1jus 1-7.<br \/>\n\u00b7 m\u00e1jus h\u00f3napban v\u00e9gzett k\u00f6z\u00e9leti tev\u00e9kenys\u00e9g p\u00e1ly\u00e1zati id\u0151szaka: 2026. j\u00fanius 1-7.<br \/>\n\u00b7 j\u00fanius h\u00f3napban v\u00e9gzett k\u00f6z\u00e9leti tev\u00e9kenys\u00e9g p\u00e1ly\u00e1zati id\u0151szaka: 2026. j\u00falius 1-7.<br \/>\n\u00b7 j\u00falius h\u00f3napban v\u00e9gzett k\u00f6z\u00e9leti tev\u00e9kenys\u00e9g p\u00e1ly\u00e1zati id\u0151szaka: 2026. augusztus 1-7.<br \/>\n\u00b7 augusztus h\u00f3napban v\u00e9gzett k\u00f6z\u00e9leti tev\u00e9kenys\u00e9g p\u00e1ly\u00e1zati id\u0151szaka: 2026. szeptember 1-7.<br \/>\n\u00b7 szeptember h\u00f3napban v\u00e9gzett k\u00f6z\u00e9leti tev\u00e9kenys\u00e9g p\u00e1ly\u00e1zati id\u0151szaka: 2026. okt\u00f3ber 1-7.<br \/>\n\u00b7 okt\u00f3ber h\u00f3napban v\u00e9gzett k\u00f6z\u00e9leti tev\u00e9kenys\u00e9g p\u00e1ly\u00e1zati id\u0151szaka: 2026. november 1-7.<br \/>\n\u00b7 november h\u00f3napban v\u00e9gzett k\u00f6z\u00e9leti tev\u00e9kenys\u00e9g p\u00e1ly\u00e1zati id\u0151szaka: 2026. december 1-7.<br \/>\n\u00b7 december h\u00f3napban v\u00e9gzett k\u00f6z\u00e9leti tev\u00e9kenys\u00e9g p\u00e1ly\u00e1zati id\u0151szaka: 2027. janu\u00e1r 1-7.<\/p>\n<p>A hat\u00e1rid\u0151 be nem tart\u00e1sa jogveszt\u0151 hat\u00e1ly\u00fa. Hi\u00e1nyp\u00f3tl\u00e1sra nincs lehet\u0151s\u00e9g. A p\u00e1ly\u00e1zati id\u0151szak v\u00e9g\u00e9ig (II. 2. pont) a p\u00e1ly\u00e1z\u00f3 k\u00f6teles leadni k\u00e9rv\u00e9ny\u00e9t. A k\u00e9rv\u00e9ny akkor sz\u00e1m\u00edt leadottnak, ha a Neptun \u2013 \u00dcgyint\u00e9z\u00e9s men\u00fc \u2013 K\u00e9rv\u00e9nyek men\u00fcpont \u2013 Leadott k\u00e9rv\u00e9nyek f\u00fcl alatt szerepel a k\u00e9rv\u00e9ny.<\/p>\n<p>A p\u00e1ly\u00e1z\u00e1s egy\u00e9ni, \u00edgy a csoportos tev\u00e9kenys\u00e9gben r\u00e9szt vev\u0151 hallgat\u00f3k mindegyik\u00e9nek saj\u00e1t p\u00e1ly\u00e1zati k\u00e9rv\u00e9nyt kell beny\u00fajtani a v\u00e9gzett k\u00f6z\u00e9leti tev\u00e9kenys\u00e9gr\u0151l.<\/p>\n<p>Egy p\u00e1ly\u00e1z\u00f3 egy p\u00e1ly\u00e1zati id\u0151szakban t\u00f6bb elt\u00e9r\u0151 t\u00edpus\u00fa tev\u00e9kenys\u00e9g alapj\u00e1n is p\u00e1ly\u00e1zhat, de a k\u00e9rv\u00e9nyeit tev\u00e9kenys\u00e9gt\u00edpusonk\u00e9nt elk\u00fcl\u00f6n\u00edtve kell beny\u00fajtani, \u00e9s k\u00e9rv\u00e9nyei \u00f6sszes\u00edtve egy p\u00e1ly\u00e1zatnak min\u0151s\u00fclnek.<\/p>\n<p>&nbsp;<\/p>\n<p>III. Beny\u00fajtand\u00f3 igazol\u00e1sok, dokumentumok:<\/p>\n<p>A p\u00e1ly\u00e1zathoz nem sz\u00fcks\u00e9ges k\u00fcl\u00f6n igazol\u00e1st beny\u00fajtani. A Neptun k\u00e9rv\u00e9nyen bel\u00fcl kell sz\u00f6veges besz\u00e1mol\u00f3t \u00edrni az adott h\u00f3napban v\u00e9gzett tev\u00e9kenys\u00e9gr\u0151l, \u00fagy, hogy a p\u00e1ly\u00e1zatb\u00f3l az elv\u00e9gzett k\u00f6z\u00e9leti tev\u00e9kenys\u00e9g jellege egy\u00e9rtelm\u0171en meg\u00e1llap\u00edthat\u00f3 legyen. A besz\u00e1mol\u00f3ban megjel\u00f6lt tev\u00e9kenys\u00e9g elv\u00e9gz\u00e9s\u00e9t a H\u00d6K eln\u00f6ke \u00e1ltal a Bizotts\u00e1g t\u00e1j\u00e9koztat\u00e1sa mellett az adott tev\u00e9kenys\u00e9gt\u00edpus vonatkoz\u00e1s\u00e1ban erre felk\u00e9rt szem\u00e9ly v\u00e9lem\u00e9nyezi a k\u00e9rv\u00e9nykezel\u0151ben.<\/p>\n<p>&nbsp;<\/p>\n<p>IV. Az elb\u00edr\u00e1l\u00e1s szempontja \u00e9s hat\u00e1rideje; elb\u00edr\u00e1l\u00e1s\u00e1ra jogosult test\u00fclet vagy szem\u00e9ly:<\/p>\n<p>Az \u00f6szt\u00f6nd\u00edjra val\u00f3 jogosults\u00e1g \u00e9s az \u00f6szt\u00f6nd\u00edj \u00f6sszege a besz\u00e1mol\u00f3 \u00e9s a III. pont szerinti v\u00e9lem\u00e9nyez\u00e9sek tartalm\u00e1ra tekintettel ker\u00fcl meg\u00e1llap\u00edt\u00e1sra.<\/p>\n<p>Az \u00f6sszegre a H\u00d6K eln\u00f6ke tesz javaslatot (m\u00edg a H\u00d6K eln\u00f6ke eset\u00e9n a Bizotts\u00e1g t\u00f6bbi tagja), a tipikus feladatokhoz, feladatk\u00f6r\u00f6kh\u00f6z, tev\u00e9kenys\u00e9gekhez rendelt <a href=\"https:\/\/semmelweis.hu\/hok\/atlathatosag\/beszamolok\/\">maxim\u00e1lis \u00f6sszegeket tartalmaz\u00f3 H\u00d6K K\u00fcld\u00f6ttgy\u0171l\u00e9si hat\u00e1rozat<\/a> tartalm\u00e1ra tekintettel \u00e9s a teljes\u00edtettnek elfogadott tev\u00e9kenys\u00e9gek alapj\u00e1n.<\/p>\n<p>B\u00edr\u00e1lati hat\u00e1rid\u0151: a p\u00e1ly\u00e1zati id\u0151szak lez\u00e1rult\u00e1t k\u00f6vet\u0151 15. nap.<\/p>\n<p>A b\u00edr\u00e1latot a TJSZ 8. \u00a7 (3) bekezd\u00e9s szerinti bizotts\u00e1got v\u00e9gzi, d\u00f6nt az \u00f6szt\u00f6nd\u00edj oda\u00edt\u00e9l\u00e9s\u00e9r\u0151l \u00e9s \u00f6sszeg\u00e9r\u0151l. Saj\u00e1t p\u00e1ly\u00e1zat\u00e1nak b\u00edr\u00e1lat\u00e1ban nem vehet r\u00e9szt az, aki az \u00f6szt\u00f6nd\u00edjra p\u00e1ly\u00e1zott.<\/p>\n<p>&nbsp;<\/p>\n<p>V. Egy\u00e9b tudnival\u00f3k:<\/p>\n<p>a) Adatkezel\u00e9s<\/p>\n<p>\u00b7 A p\u00e1ly\u00e1zat sor\u00e1n megadott szem\u00e9lyes adatok kezel\u00e9s\u00e9re, illetve feldolgoz\u00e1s\u00e1ra a H\u00d6K eln\u00f6ke, az \u00e1ltala ezzel megb\u00edzott szem\u00e9ly, tov\u00e1bb\u00e1 a b\u00edr\u00e1l\u00f3 bizotts\u00e1g jogosult. Ezen adatok kiz\u00e1r\u00f3lag a leadott p\u00e1ly\u00e1zat b\u00edr\u00e1lat\u00e1hoz, illetve feldolgoz\u00e1s\u00e1hoz ker\u00fclnek felhaszn\u00e1l\u00e1sra.<\/p>\n<p>\u00b7 A szem\u00e9lyes adatok kezel\u00e9s\u00e9vel, v\u00e9delm\u00e9vel kapcsolatban a p\u00e1ly\u00e1z\u00f3 a Nemzeti Adatv\u00e9delmi \u00e9s Inform\u00e1ci\u00f3szabads\u00e1g Hat\u00f3s\u00e1ghoz fordulhat, tov\u00e1bb\u00e1 b\u00edr\u00f3s\u00e1gi jogorvoslattal \u00e9lhet.<\/p>\n<p><span class=\"TextRun Highlight SCXW168410205 BCX0\" lang=\"HU-HU\" xml:lang=\"HU-HU\" data-contrast=\"auto\"><span class=\"NormalTextRun SCXW168410205 BCX0\">\u00b7 Az adatkezel\u00e9si t\u00e1j\u00e9koztat\u00f3\u00a0<\/span><span class=\"NormalTextRun SCXW168410205 BCX0\">el\u00e9rhet\u0151s\u00e9ge:\u00a0<\/span><\/span><a class=\"Hyperlink SCXW168410205 BCX0\" href=\"https:\/\/semmelweis.hu\/jogigfoig\/adatvedelem-betegjog\/adatkezelesi-tajekoztatok\/tajekoztatas\/\" target=\"_blank\" rel=\"noreferrer noopener\"><span class=\"TextRun Highlight Underlined SCXW168410205 BCX0\" lang=\"HU-HU\" xml:lang=\"HU-HU\" data-contrast=\"none\"><span class=\"NormalTextRun SCXW168410205 BCX0\" data-ccp-charstyle=\"Hyperlink\">https:\/\/semmelweis.hu\/jogigfoig\/adatvedelem-betegjog\/adatkezelesi-tajekoztatok\/tajekoztatas\/<\/span><\/span><\/a><\/p>\n<p>b) A b\u00edr\u00e1latot el\u0151k\u00e9sz\u00edt\u0151 szem\u00e9ly lehet\u0151s\u00e9get adhat a k\u00e9rv\u00e9ny kijav\u00edt\u00e1s\u00e1ra a bead\u00e1st k\u00f6vet\u0151en.<\/p>\n<p>c) Jogorvoslat: \u00e1ltal\u00e1nos szab\u00e1lyok szerint.<\/p>\n<p>&nbsp;<\/p>\n<p>&nbsp;<\/p>\n<div class=\"exp-col-content-holder\"><a class=\"expand-cnt-link\" href=\"#\">K\u00f6z\u00e9leti \u00f6szt\u00f6nd\u00edj plusz<\/a><\/p>\n<div class=\"hidden-content\">\n<div class=\"keretes w-100\">\n<p>A Semmelweis Egyetem <a href=\"https:\/\/semmelweis.hu\/jogigfoig\/files\/2019\/07\/%C3%9AJ_SZMSZ-HKR_III.K%C3%96NYV_III.4._R%C3%89SZ_T%C3%A9r%C3%ADt%C3%A9si-%C3%A9s-Juttat%C3%A1si-Szab%C3%A1lyzat.pdf\" target=\"_blank\" rel=\"noopener\">T\u00e9r\u00edt\u00e9si \u00e9s Juttat\u00e1si Szab\u00e1lyzat<\/a> 20. \u00a7 (5)-(6) bekezd\u00e9se az al\u00e1bbiak szerint rendelkezik:<\/p>\n<p>(5) A Kari Tan\u00e1cs, illetve &#8211; abban az esetben, ha a szervezeti egys\u00e9g nem sorolhat\u00f3 be valamely Kari Tan\u00e1cs ir\u00e1ny\u00edt\u00e1sa al\u00e1 \u2013 a szervezeti egys\u00e9g vezet\u0151je vagy vezet\u0151 test\u00fclete a gazdas\u00e1gi f\u0151igazgat\u00f3 v\u00e9lem\u00e9ny\u00e9nek figyelembev\u00e9tel\u00e9vel &#8211; ha rendelkezik annak forr\u00e1s\u00e1val &#8211; a saj\u00e1t bev\u00e9tel terh\u00e9re adhat\u00f3 tov\u00e1bbi \u00f6szt\u00f6nd\u00edjat alap\u00edthat, amely p\u00e1ly\u00e1zat alapj\u00e1n nyerhet\u0151 el.<\/p>\n<p>(6) A p\u00e1ly\u00e1zatot a jelen szakasz (5) bekezd\u00e9sben meghat\u00e1rozott szem\u00e9ly vagy szervezeti egys\u00e9g \u00edrja ki, azzal, hogy a p\u00e1ly\u00e1zat sz\u00f3lhat egyszeri alkalomra, vagy rendszeres t\u00e1mogat\u00e1sra sz\u00f3l, mely esetben a p\u00e1ly\u00e1zat alapj\u00e1n ny\u00fajthat\u00f3 \u00f6szt\u00f6nd\u00edj legfeljebb egy tan\u00e9vre vonatkozhat. A p\u00e1ly\u00e1zati ki\u00edr\u00e1sban rendelkezni kell a p\u00e1ly\u00e1zat beny\u00fajt\u00e1s\u00e1nak m\u00f3dj\u00e1r\u00f3l, hely\u00e9r\u0151l \u00e9s hat\u00e1ridej\u00e9r\u0151l, a beny\u00fajtand\u00f3 igazol\u00e1sokr\u00f3l \u00e9s egy\u00e9b dokumentumokr\u00f3l, az elb\u00edr\u00e1l\u00e1s szempontjair\u00f3l \u00e9s hat\u00e1ridej\u00e9r\u0151l, tov\u00e1bb\u00e1 az elb\u00edr\u00e1l\u00e1sra jogosult szem\u00e9lyr\u0151l vagy test\u00fcletr\u0151l.<\/p>\n<\/div>\n<p>A Semmelweis Egyetem Hallgat\u00f3i \u00d6nkorm\u00e1nyzat\u00e1nak Eln\u00f6ks\u00e9ge p\u00e1ly\u00e1zatot \u00edr ki a Szent\u00e1gothai J\u00e1nos \u00d6szt\u00f6nd\u00edj PLUSZ elnyer\u00e9s\u00e9re.<\/p>\n<p>P\u00e1ly\u00e1zati ki\u00edr\u00e1sok:<\/p>\n<p>&nbsp;<\/p>\n<ul>\n<li><a href=\"https:\/\/semmelweis.hu\/hok\/files\/2025\/03\/Kozeleti-osztondij-plusz-palyazati-kiiras-2025-februar.pdf\" target=\"_blank\" rel=\"noopener\">2025. febru\u00e1r<\/a> (janu\u00e1r 1-31. k\u00f6z\u00f6tt v\u00e9gzett k\u00f6z\u00e9leti tev\u00e9kenys\u00e9g\u00e9rt)<\/li>\n<li><a href=\"https:\/\/semmelweis.hu\/hok\/files\/2024\/04\/Kozeleti-osztondij-plusz-palyazati-kiiras-2024-aprilis.pdf\" target=\"_blank\" rel=\"noopener\">2024. \u00e1prilis<\/a> (m\u00e1rcius 1-31. k\u00f6z\u00f6tt v\u00e9gzett k\u00f6z\u00e9leti tev\u00e9kenys\u00e9g\u00e9rt)<\/li>\n<li><a href=\"https:\/\/semmelweis.hu\/hok\/files\/2023\/11\/Kozeleti-osztondij-plusz-palyazati-kiiras-2023-november.pdf\" target=\"_blank\" rel=\"noopener\">2023. november<\/a> (okt\u00f3ber 1-31. k\u00f6z\u00f6tt v\u00e9gzett k\u00f6z\u00e9leti tev\u00e9kenys\u00e9g\u00e9rt)<\/li>\n<li><a href=\"https:\/\/semmelweis.hu\/hok\/files\/2023\/11\/Kozeleti-osztondij-plusz-palyazati-kiiras-2023-augusztus.pdf\" target=\"_blank\" rel=\"noopener\">2023. augusztus<\/a> (j\u00falius 1-31. k\u00f6z\u00f6tt v\u00e9gzett k\u00f6z\u00e9leti tev\u00e9kenys\u00e9g\u00e9rt)<\/li>\n<\/ul>\n<\/div>\n<\/div>\n<p>&nbsp;<\/p>\n","protected":false},"excerpt":{"rendered":"<p>P\u00c1LY\u00c1ZATI KI\u00cdR\u00c1S 2026-RA A Semmelweis Egyetem K\u00f6z\u00e9leti \u00d6szt\u00f6nd\u00edjak Elb\u00edr\u00e1l\u00e1s\u00e1ra L\u00e9trehozott Bizotts\u00e1ga (tov\u00e1bbiakban: Bizotts\u00e1g) 2026-ra p\u00e1ly\u00e1zatot \u00edr ki a Szent\u00e1gothai J\u00e1nos \u00d6szt\u00f6nd\u00edj elnyer\u00e9s\u00e9re a nemzeti fels\u0151oktat\u00e1sr\u00f3l sz\u00f3l\u00f3 <a href=\"https:\/\/njt.hu\/jogszabaly\/2011-204-00-00\">2011. \u00e9vi CCIV. t\u00f6rv\u00e9ny<\/a> 85\/C.\u00a7 ac) alpontja, a fels\u0151oktat\u00e1sban r\u00e9szt vev\u0151 hallgat\u00f3k juttat\u00e1sair\u00f3l \u00e9s az \u00e1ltaluk fizetend\u0151 egyes t\u00e9r\u00edt\u00e9sekr\u0151l sz\u00f3l\u00f3 <a href=\"https:\/\/njt.hu\/jogszabaly\/2007-51-20-22\">51\/2007. (III.26.) Korm\u00e1nyrendelet<\/a> 10. \u00a7 (4) bekezd\u00e9s \u00e9s a <a href=\"https:\/\/semmelweis.hu\/jogigfoig\/dokumentumtar\/szabalyzattar\/szervezeti-es-mukodesi-szabalyzat\/\">Semmelweis Egyetem Szervezeti \u00e9s M\u0171k\u00f6d\u00e9si Szab\u00e1lyzat III.4. r\u00e9sz T\u00e9r\u00edt\u00e9si \u00e9s Juttat\u00e1si Szab\u00e1lyzat<\/a> (tov\u00e1bbiakban: TJSZ) 8. \u00a7 (1)-(4) bekezd\u00e9sei alapj\u00e1n. &hellip;<\/p>\n","protected":false},"author":101673,"featured_media":12531,"parent":12323,"menu_order":8,"comment_status":"closed","ping_status":"closed","template":"","meta":{"_acf_changed":false,"footnotes":""},"categories":[],"tags":[584],"class_list":["post-12336","page","type-page","status-publish","has-post-thumbnail","hentry","tag-palyod"],"acf":[],"_links":{"self":[{"href":"https:\/\/semmelweis.hu\/hok\/wp-json\/wp\/v2\/pages\/12336","targetHints":{"allow":["GET"]}}],"collection":[{"href":"https:\/\/semmelweis.hu\/hok\/wp-json\/wp\/v2\/pages"}],"about":[{"href":"https:\/\/semmelweis.hu\/hok\/wp-json\/wp\/v2\/types\/page"}],"author":[{"embeddable":true,"href":"https:\/\/semmelweis.hu\/hok\/wp-json\/wp\/v2\/users\/101673"}],"replies":[{"embeddable":true,"href":"https:\/\/semmelweis.hu\/hok\/wp-json\/wp\/v2\/comments?post=12336"}],"version-history":[{"count":11,"href":"https:\/\/semmelweis.hu\/hok\/wp-json\/wp\/v2\/pages\/12336\/revisions"}],"predecessor-version":[{"id":19301,"href":"https:\/\/semmelweis.hu\/hok\/wp-json\/wp\/v2\/pages\/12336\/revisions\/19301"}],"up":[{"embeddable":true,"href":"https:\/\/semmelweis.hu\/hok\/wp-json\/wp\/v2\/pages\/12323"}],"wp:featuredmedia":[{"embeddable":true,"href":"https:\/\/semmelweis.hu\/hok\/wp-json\/wp\/v2\/media\/12531"}],"wp:attachment":[{"href":"https:\/\/semmelweis.hu\/hok\/wp-json\/wp\/v2\/media?parent=12336"}],"wp:term":[{"taxonomy":"category","embeddable":true,"href":"https:\/\/semmelweis.hu\/hok\/wp-json\/wp\/v2\/categories?post=12336"},{"taxonomy":"post_tag","embeddable":true,"href":"https:\/\/semmelweis.hu\/hok\/wp-json\/wp\/v2\/tags?post=12336"}],"curies":[{"name":"wp","href":"https:\/\/api.w.org\/{rel}","templated":true}]}}