{"id":12334,"date":"2021-10-27T16:57:22","date_gmt":"2021-10-27T14:57:22","guid":{"rendered":"https:\/\/semmelweis.hu\/hok\/?page_id=12334"},"modified":"2025-11-04T20:28:09","modified_gmt":"2025-11-04T19:28:09","slug":"sportosztondijak","status":"publish","type":"page","link":"https:\/\/semmelweis.hu\/hok\/palyazatok\/sportosztondijak\/","title":{"rendered":"Sport\u00f6szt\u00f6nd\u00edjak"},"content":{"rendered":"<div class=\"responsive-tabs\">\n<h2 class=\"tabtitle\"><strong>J\u00f3 tanul\u00f3 \u2013 J\u00f3 sportol\u00f3<\/strong><\/h2>\n<div class=\"tabcontent\">\n\n<p><strong>P\u00e1ly\u00e1zati felh\u00edv\u00e1s\u00a0<\/strong><strong>\u00a0<\/strong><strong>a\u00a0<em>J\u00f3 tanul\u00f3 \u2013 J\u00f3 sportol\u00f3<\/em>\u00a0kit\u00fcntet\u00e9s d\u00edjainak elnyer\u00e9s\u00e9re<\/strong><\/p>\n<p>A Semmelweis Egyetem Testnevel\u00e9si \u00e9s Sportk\u00f6zpont p\u00e1ly\u00e1zatot hirdet a \u00a0\u00a0\u201e<em>J\u00f3 tanul\u00f3 \u2013 J\u00f3 sportol\u00f3\u201d<\/em>\u00a0kit\u00fcntet\u00e9s d\u00edjainak elnyer\u00e9s\u00e9re.<\/p>\n<p><strong>I. A p\u00e1ly\u00e1zat beny\u00fajt\u00e1s\u00e1nak felt\u00e9telei<\/strong><\/p>\n<p>(1) A kit\u00fcntet\u00e9st az a Semmelweis Egyetem beiratkozott nappali tagozatos, gradu\u00e1lis k\u00e9pz\u00e9sben r\u00e9szvev\u0151 hallgat\u00f3ja kaphatja, aki<\/p>\n<p>a) a p\u00e1ly\u00e1z\u00e1si ki\u00edr\u00e1st megel\u0151z\u0151 k\u00e9t szemeszterben 4.00 vagy enn\u00e9l magasabb s\u00falyozott tanulm\u00e1nyi \u00e1tlaggal rendelkezik,<\/p>\n<p>b) tanulm\u00e1nyi el\u00e9gtelens\u00e9g miatt nem ism\u00e9telt \u00e9vet,<\/p>\n<p>c) fegyelmi b\u00fcntet\u00e9s hat\u00e1lya alatt nem \u00e1ll, \u00e9s nem is \u00e1llt, \u00e9s<\/p>\n<p>d) a p\u00e1ly\u00e1zati ki\u00edr\u00e1st megel\u0151z\u0151 k\u00e9t tanulm\u00e1nyi szemeszterben a 7. sz\u00e1m\u00fa<\/p>\n<p>mell\u00e9kletben felsorolt sportbeli k\u00f6vetelm\u00e9nyek valamelyik\u00e9b\u0151l dokument\u00e1ltan teljes\u00edtett \u00e9s<\/p>\n<p>e) a p\u00e1ly\u00e1zati ki\u00edr\u00e1st megel\u0151z\u0151 k\u00e9t tanulm\u00e1nyi szemeszterben a 7. sz\u00e1m\u00fa mell\u00e9kletben felsorolt tudom\u00e1nyos munk\u00e1ban dokument\u00e1ltan teljes\u00edtett.<\/p>\n<p>(2) Az (1) bekezd\u00e9s d) pontja tekintet\u00e9ben a m\u00e1r el\u00e9rt sporteredm\u00e9nyt a hallgat\u00f3 csak egyszer jogosult besz\u00e1m\u00edttatni a p\u00e1ly\u00e1zat beny\u00fajt\u00e1sa sor\u00e1n, a j\u00f6v\u0151ben ezen el\u00e9rt eredm\u00e9nyre nem hivatkozhat.<\/p>\n<p>A p\u00e1ly\u00e1zati \u0171rlapot &#8211; <a href=\"https:\/\/semmelweis.hu\/sportkozpont\/files\/2022\/09\/6_sz_melleklet_20220521-kitoltheto-jo-tanulo-jo-sportolo-adatlap.docx\">6_sz_melleklet_20220521 kit\u00f6lthet\u0151 (j\u00f3 tanul\u00f3 j\u00f3 sportol\u00f3 adatlap)<\/a>, amely a formanyomtatv\u00e1nyt\u00e1rb\u00f3l el\u00e9rhet\u0151 &#8211; \u00e9s a p\u00e1ly\u00e1z\u00f3 tanulm\u00e1nyaira \u00e9s sporttev\u00e9kenys\u00e9g\u00e9re vonatkoz\u00f3 r\u00f6vid \u00f6n\u00e9letrajzot <strong>2025. november 15-ig<\/strong>\u00a0<strong>lehet beny\u00fajtani<\/strong>, szem\u00e9lyesen 15:00 \u00f3r\u00e1ig a Sportk\u00f6zpontba, vagy postai \u00faton november 15-\u00e9n 24 \u00f3r\u00e1ig, a SE Testnevel\u00e9si \u00e9s Sportk\u00f6zpont, 1107 Budapest, Z\u00e1gr\u00e1bi utca 14 c\u00edmre val\u00f3 megk\u00fcld\u00e9ssel.<\/p>\n<p>P\u00e1ly\u00e1zati \u0171rlapok let\u00f6lthet\u0151k innen:<\/p>\n<p><a href=\"https:\/\/semmelweis.hu\/sportkozpont\/files\/2022\/09\/6_sz_melleklet_20220521-kitoltheto-jo-tanulo-jo-sportolo-adatlap.docx\">6_sz_melleklet_20220521 kit\u00f6lthet\u0151 (j\u00f3 tanul\u00f3 j\u00f3 sportol\u00f3 adatlap)<\/a><\/p>\n<p><a href=\"https:\/\/semmelweis.hu\/sportkozpont\/files\/2022\/09\/6_sz_melleklet_20220521-jo-tanulo-jo-sportolo-adatlap-letoltheto.pdf\">6_sz_melleklet_20220521 (j\u00f3 tanul\u00f3 j\u00f3 sportol\u00f3 adatlap let\u00f6lthet\u0151)<\/a><\/p>\n<p><strong>II.\u00a0<\/strong><\/p>\n<p>A p\u00e1ly\u00e1zatokat az SE TSK igazgat\u00f3ja \u00e1ltal vezetett 5 f\u0151s Bizotts\u00e1g \u00e9rt\u00e9keli.<\/p>\n<p>A Bizotts\u00e1g az \u00f6sszegzett pontok alapj\u00e1n sorrendet \u00e1ll\u00edt fel az els\u0151 hat helyezett d\u00edjaz\u00e1s\u00e1ra. Azonos pontsz\u00e1mok kialakul\u00e1sa eset\u00e9n az oktat\u00e1si rektorhelyettes javaslatot tesz a sorrendis\u00e9gre vonatkoz\u00f3lag. Az Egyetem Szen\u00e1tusa az oktat\u00e1si rektorhelyettes el\u0151terjeszt\u00e9se alapj\u00e1n d\u00f6nt a \u201eJ\u00f3 tanul\u00f3 \u2013 j\u00f3 sportol\u00f3\u201d kit\u00fcntet\u0151 c\u00edm oda\u00edt\u00e9l\u00e9s\u00e9r\u0151l az arra \u00e9rdemes hallgat\u00f3knak.<\/p>\n<p>A d\u00edjak \u00e1tad\u00e1s\u00e1ra a Nemzeti \u00dcnnep (m\u00e1rcius 15.) alkalm\u00e1b\u00f3l tartott rendezv\u00e9nyen ker\u00fcl sor.<\/p>\n<p>A p\u00e1ly\u00e1zattal kapcsolatos r\u00e9szletes felt\u00e9telekr\u0151l \u00e9s szab\u00e1lyokr\u00f3l az Egyetem Szen\u00e1tus\u00e1nak 33\/2022. (V.13.) sz\u00e1m\u00fa hat\u00e1rozat\u00e1nak elfogadott Hallgat\u00f3i kit\u00fcntet\u00e9sekr\u0151l sz\u00f3l\u00f3 szab\u00e1lyzata rendelkezik, amelybe az \u00e9rdekeltek az Interneten a Jogi \u00e9s Igazgat\u00e1si F\u0151igazgat\u00f3s\u00e1g alhonlapj\u00e1n\u00a0<a href=\"https:\/\/semmelweis.hu\/jogigfoig\/dokumentumtar\/szabalyzattar\/hallgatoi-kituntetesekrol-szolo-szabalyzat\/\">https:\/\/semmelweis.hu\/jogigfoig\/dokumentumtar\/szabalyzattar\/hallgatoi-kituntetesekrol-szolo-szabalyzat\/<\/a>, a Testnevel\u00e9si \u00e9s Sportk\u00f6zpontban (1107 Budapest, Z\u00e1gr\u00e1bi utca 14.) vagy a D\u00e9k\u00e1ni Hivatalokban tekinthetnek be hivatali id\u0151ben.<\/p>\n<p>&nbsp;<\/p>\n<p>Budapest, 2025. szeptember 16.<\/p>\n<p>&nbsp;<\/p>\n<p>\u00a0 \u00a0 \u00a0 \u00a0 \u00a0 \u00a0 \u00a0 \u00a0 \u00a0 \u00a0 \u00a0 \u00a0 \u00a0 \u00a0 \u00a0 \u00a0 \u00a0 \u00a0 \u00a0 \u00a0 \u00a0 \u00a0 \u00a0 \u00a0 \u00a0 \u00a0 \u00a0 \u00a0 \u00a0 \u00a0 \u00a0 \u00a0 \u00a0 \u00a0 \u00a0 \u00a0 \u00a0 \u00a0 \u00a0 \u00a0 \u00a0 \u00a0 \u00a0 \u00a0 \u00a0 \u00a0 \u00a0 \u00a0 \u00a0 \u00a0 \u00a0 V\u00e1rszegi Korn\u00e9lia<br \/>\n\u00a0 \u00a0 \u00a0 \u00a0 \u00a0 \u00a0 \u00a0 \u00a0 \u00a0 \u00a0 \u00a0 \u00a0 \u00a0 \u00a0 \u00a0 \u00a0 \u00a0 \u00a0 \u00a0 \u00a0 \u00a0 \u00a0 \u00a0 \u00a0 \u00a0 \u00a0 \u00a0 \u00a0 \u00a0 \u00a0 \u00a0 \u00a0 \u00a0 \u00a0 \u00a0 \u00a0 \u00a0 \u00a0 \u00a0 \u00a0 \u00a0 \u00a0 \u00a0 \u00a0 \u00a0 \u00a0 \u00a0 \u00a0 \u00a0 \u00a0 \u00a0 \u00a0 \u00a0 \u00a0 \u00a0igazgat\u00f3\u00a0<br \/>\n\u00a0 \u00a0 \u00a0 \u00a0 \u00a0 \u00a0 \u00a0 \u00a0 \u00a0 \u00a0 \u00a0 \u00a0 \u00a0 \u00a0 \u00a0 \u00a0 \u00a0 \u00a0 \u00a0 \u00a0 \u00a0 \u00a0 \u00a0 \u00a0 \u00a0 \u00a0 \u00a0 \u00a0 \u00a0 \u00a0 \u00a0 \u00a0 \u00a0 \u00a0 \u00a0 \u00a0 \u00a0 \u00a0 \u00a0 \u00a0 \u00a0 \u00a0 \u00a0 \u00a0 \u00a0 \u00a0 Testnevel\u00e9si \u00e9s Sportk\u00f6zpont<\/p>\n\n<\/div><h2 class=\"tabtitle\"><strong>Dr. Sziv\u00f3s Istv\u00e1n \u00d6szt\u00f6nd\u00edj<\/strong><\/h2>\n<div class=\"tabcontent\">\n\n<h4 style=\"text-align: center\">A Dr. Sziv\u00f3s Istv\u00e1n sportol\u00f3i \u00f6szt\u00f6nd\u00edj p\u00e1ly\u00e1zati ki\u00edr\u00e1sa 2025\/26 tan\u00e9vre<strong><br \/>\n<\/strong><\/h4>\n<table style=\"border-collapse: collapse;width: 100%;height: 190px\">\n<tbody>\n<tr style=\"height: 32px\">\n<td style=\"width: 50%;height: 32px\">A p\u00e1ly\u00e1zat ki\u00edr\u00f3ja:\u00a0\u00a0<\/td>\n<td style=\"width: 50%;height: 32px\">Prof. Dr. Merkely B\u00e9la rektor<\/td>\n<\/tr>\n<tr style=\"height: 32px\">\n<td style=\"width: 50%;height: 32px\">A p\u00e1ly\u00e1zat beny\u00fajt\u00e1s\u00e1nak hat\u00e1rideje:<\/td>\n<td style=\"width: 50%;height: 32px\">2025. okt\u00f3ber 4. 18:00<\/td>\n<\/tr>\n<tr style=\"height: 32px\">\n<td style=\"width: 50%;height: 32px\">A p\u00e1ly\u00e1zat beny\u00fajt\u00e1s\u00e1nak m\u00f3dja:\u00a0<\/td>\n<td style=\"width: 50%;height: 32px\">kiz\u00e1r\u00f3lag elektronikus \u00faton, a Neptun Rendszerben<\/td>\n<\/tr>\n<tr style=\"height: 32px\">\n<td style=\"width: 50%;height: 32px\">A p\u00e1ly\u00e1zatra rendelkez\u00e9sre \u00e1ll\u00f3 keret\u00f6sszeg:<\/td>\n<td style=\"width: 50%;height: 32px\">10 000 000 Ft (10 h\u00f3napon \u00e1t havi 1 000 000 Ft)<\/td>\n<\/tr>\n<tr style=\"height: 62px\">\n<td style=\"width: 50%;height: 62px\">Az elnyerhet\u0151 t\u00e1mogat\u00e1s \u00f6sszege:<\/td>\n<td style=\"width: 50%;height: 62px\">\n<p>5 kateg\u00f3ria szerint:<\/p>\n<ol>\n<li>150.000 Ft\/h\u00f3<\/li>\n<li>100.000 Ft\/h\u00f3<\/li>\n<li>75.000 Ft\/h\u00f3<\/li>\n<li>50.000 Ft\/h\u00f3<\/li>\n<li>25.000 Ft\/h\u00f3<\/li>\n<\/ol>\n<\/td>\n<\/tr>\n<\/tbody>\n<\/table>\n<p>&nbsp;<\/p>\n<p style=\"margin-top: 0cm;background: white\"><span style=\"color: #1e2326\">A p\u00e1ly\u00e1zat r\u00e9szletes le\u00edr\u00e1sa<\/span><span style=\"color: #1e2326\">\u00a0a\u00a0<\/span><a href=\"http:\/\/www.semmelweis.hu\/sportkozpont\"><span style=\"color: #007bff\">http:\/\/www.semmelweis.hu\/sportkozpont<\/span><\/a> <span style=\"color: #1e2326\">oldalon is megtal\u00e1lhat\u00f3.<\/span><\/p>\n<p>A p\u00e1ly\u00e1zat beny\u00fajt\u00e1s\u00e1hoz sz\u00fcks\u00e9ges dokument\u00e1ci\u00f3:<\/p>\n<ul>\n<li>a kit\u00f6lt\u00f6tt p\u00e1ly\u00e1zati adatlap,<\/li>\n<li>akt\u00edv hallgat\u00f3i jogviszonyigazol\u00e1s,<\/li>\n<li>\u00f6n\u00e9letrajz, motiv\u00e1ci\u00f3s lev\u00e9llel<\/li>\n<li>az edz\u0151 \u00e9s a szakoszt\u00e1lyvezet\u0151 aj\u00e1nl\u00e1sa, t\u00e1mogat\u00f3 nyilatkozata,<\/li>\n<li>tags\u00e1gi \u00e9s szakoszt\u00e1lyi d\u00edj befizet\u00e9s\u00e9nek igazol\u00e1sa a 2025. tavaszi \u2013 \u00e9s \u0151szi szemeszterre vonatkoz\u00f3an,<\/li>\n<li>2 db versenyjegyz\u0151k\u00f6nyv,<\/li>\n<li>a sporteredm\u00e9nyeket tartalmaz\u00f3 sz\u00f6vets\u00e9gi igazol\u00e1s a 2025. napt\u00e1ri \u00e9vre vonatkoz\u00f3an.<\/li>\n<\/ul>\n<table style=\"border-collapse: collapse;width: 100%\">\n<tbody>\n<tr>\n<td style=\"width: 50%\">A p\u00e1ly\u00e1zat elb\u00edr\u00e1l\u00e1s\u00e1nak hat\u00e1rideje:<\/td>\n<td style=\"width: 50%\">2025. okt\u00f3ber 11.\u00a0<\/td>\n<\/tr>\n<tr>\n<td style=\"width: 50%\">A b\u00edr\u00e1l\u00f3 bizotts\u00e1g \u00f6sszet\u00e9tele:<\/td>\n<td style=\"width: 50%\">\n<p>Dr. B\u00e1nhidy Ferenc, \u00e1ltal\u00e1nos rektorhelyettes<\/p>\n<p>V\u00e1rszegi Korn\u00e9lia, Testnevel\u00e9si \u00e9s Sportk\u00f6zpont<\/p>\n<p>G\u00e1l Petra, Hallgat\u00f3i \u00d6nkorm\u00e1nyzat, Szoci\u00e1lis Bizotts\u00e1g vezet\u0151je<\/p>\n<\/td>\n<\/tr>\n<tr>\n<td style=\"width: 50%\">Az \u00e9rt\u00e9kel\u00e9s szempontjai:\u00a0<\/td>\n<td style=\"width: 50%\">\n<p>A bizotts\u00e1g a beny\u00fajtott dokumentumok alapj\u00e1n sorrendet \u00e1ll\u00edt fel az edz\u00e9seken valamint az egyetemi bajnoks\u00e1gokon ny\u00fajtott kiemelked\u0151 teljes\u00edtm\u00e9ny valamint az edz\u0151i\/szakoszt\u00e1lyvezet\u0151i aj\u00e1nl\u00e1s alapj\u00e1n.<\/p>\n<p>A 150.000 Ft-tal j\u00e1r\u00f3 \u00f6szt\u00f6nd\u00edj meg\u00edt\u00e9l\u00e9s\u00e9nek felt\u00e9tele a sport\u00e1gi szaksz\u00f6vets\u00e9g \u00e1ltal ki\u00edrt els\u0151 vagy m\u00e1sodoszt\u00e1ly\u00fa versenysorozatban igazolt szerepl\u00e9st, vagy egyetemi bajnoks\u00e1gon \u2013 1-3. helyez\u00e9st, vagy a b\u00edr\u00e1l\u00f3 bizotts\u00e1g szakmai meg\u00edt\u00e9l\u00e9se szerinti kiemelt versenysz\u00e1mban tov\u00e1bbi helyez\u00e9st el\u00e9r\u0151 \u2013 eredm\u00e9nnyel z\u00e1rul\u00f3 r\u00e9szv\u00e9telt.<\/p>\n<\/td>\n<\/tr>\n<tr>\n<td style=\"width: 50%\">A d\u00edjazottak sz\u00e1ma:<\/td>\n<td style=\"width: 50%\">A rendelkez\u00e9sre \u00e1ll\u00f3 keret erej\u00e9ig \u00e1llap\u00edthat\u00f3 meg, de a bizotts\u00e1g a be\u00e9rkezett p\u00e1ly\u00e1zatok alapj\u00e1n d\u00f6nthet \u00fagy, hogy nem haszn\u00e1lja fel a teljes keret\u00f6sszeget.<\/td>\n<\/tr>\n<tr>\n<td style=\"width: 50%\">A d\u00edjazottak \u00e9rtes\u00edt\u00e9se:<\/td>\n<td style=\"width: 50%\">A Neptun Rendszerben, kiz\u00e1r\u00f3lag elektronikus \u00faton.<\/td>\n<\/tr>\n<tr>\n<td style=\"width: 50%\">A d\u00edjazottak list\u00e1j\u00e1nak k\u00f6zz\u00e9t\u00e9tele:<\/td>\n<td style=\"width: 50%\">Az Egyetem <a href=\"http:\/\/www.semmelweis.hu\/sportkozpont\" target=\"_blank\" rel=\"noopener noreferrer\">a Testnevel\u00e9si \u00e9s Sportk\u00f6zpont honlapj\u00e1n<\/a> a d\u00edjazottak nev\u00e9t \u00e9s a meg\u00e1llap\u00edtott \u00f6szt\u00f6nd\u00edj m\u00e9rt\u00e9k\u00e9t nyilv\u00e1nosan k\u00f6zz\u00e9teszi.<\/td>\n<\/tr>\n<tr>\n<td style=\"width: 50%\">Az \u00f6szt\u00f6nd\u00edj kifizet\u00e9se:<\/td>\n<td style=\"width: 50%\">A b\u00edr\u00e1l\u00f3 bizotts\u00e1g a p\u00e1ly\u00e1zat elb\u00edr\u00e1l\u00e1s\u00e1t\u00f3l sz\u00e1m\u00edtott 3 napon bel\u00fcl a p\u00e1ly\u00e1zat eredm\u00e9ny\u00e9r\u0151l \u00e9rtes\u00edti az Oktat\u00e1si H\u00e1l\u00f3zat-ir\u00e1ny\u00edt\u00e1si Igazgat\u00f3s\u00e1got, amely gondoskodik a b\u00edr\u00e1l\u00f3 bizotts\u00e1g d\u00f6nt\u00e9se szerinti \u00fctemez\u00e9sben \u00e9s \u00f6sszegben a hallgat\u00f3 r\u00e9sz\u00e9re t\u00f6rt\u00e9n\u0151 kifizet\u00e9sr\u0151l, azzal, hogy havonta legk\u00e9s\u0151bb a t\u00e1rgyh\u00f3nap 10. napj\u00e1ig a sportol\u00f3i \u00f6szt\u00f6nd\u00edjat ki kell fizetni a hallgat\u00f3 r\u00e9sz\u00e9re. Amennyiben a p\u00e1ly\u00e1zat lebonyol\u00edt\u00e1sa alapj\u00e1n jelen bekezd\u00e9st\u0151l elt\u00e9r\u0151 kifizet\u00e9sre van sz\u00fcks\u00e9g, az Oktat\u00e1si H\u00e1l\u00f3zat-ir\u00e1ny\u00edt\u00e1si Igazgat\u00f3s\u00e1g a d\u00f6nt\u00e9s meg\u00e9rkez\u00e9s\u00e9t\u0151l sz\u00e1m\u00edtott 15 napon bel\u00fcl kifizeti a sportol\u00f3i \u00f6szt\u00f6nd\u00edjat a hallgat\u00f3 r\u00e9sz\u00e9re.<\/td>\n<\/tr>\n<\/tbody>\n<\/table>\n<p>&nbsp;<\/p>\n<p>A p\u00e1ly\u00e1zattal kapcsolatban felmer\u00fclt k\u00e9rd\u00e9sekkel forduljanak V\u00e1rszegi Korn\u00e9lia Testnevel\u00e9si \u00e9s Sportk\u00f6zpont igazgat\u00f3hoz: <a href=\"mailto:varszegi.kornelia@semmelweis-univ.hu\">varszegi.kornelia@semmelweis-univ.hu<\/a><\/p>\n<\/div><\/div>\n","protected":false},"excerpt":{"rendered":"<p>P\u00e1ly\u00e1zati felh\u00edv\u00e1s\u00a0\u00a0a\u00a0J\u00f3 tanul\u00f3 \u2013 J\u00f3 sportol\u00f3\u00a0kit\u00fcntet\u00e9s d\u00edjainak elnyer\u00e9s\u00e9re A Semmelweis Egyetem Testnevel\u00e9si \u00e9s Sportk\u00f6zpont p\u00e1ly\u00e1zatot hirdet a \u00a0\u00a0\u201eJ\u00f3 tanul\u00f3 \u2013 J\u00f3 sportol\u00f3\u201d\u00a0kit\u00fcntet\u00e9s d\u00edjainak elnyer\u00e9s\u00e9re. I. A p\u00e1ly\u00e1zat beny\u00fajt\u00e1s\u00e1nak felt\u00e9telei (1) A kit\u00fcntet\u00e9st az a Semmelweis Egyetem beiratkozott nappali tagozatos, gradu\u00e1lis k\u00e9pz\u00e9sben r\u00e9szvev\u0151 hallgat\u00f3ja kaphatja, aki a) a p\u00e1ly\u00e1z\u00e1si ki\u00edr\u00e1st megel\u0151z\u0151 k\u00e9t szemeszterben 4.00 vagy enn\u00e9l &hellip;<\/p>\n","protected":false},"author":101673,"featured_media":12394,"parent":12323,"menu_order":4,"comment_status":"closed","ping_status":"closed","template":"","meta":{"_acf_changed":false,"footnotes":""},"categories":[],"tags":[584],"class_list":["post-12334","page","type-page","status-publish","has-post-thumbnail","hentry","tag-palyod"],"acf":[],"_links":{"self":[{"href":"https:\/\/semmelweis.hu\/hok\/wp-json\/wp\/v2\/pages\/12334","targetHints":{"allow":["GET"]}}],"collection":[{"href":"https:\/\/semmelweis.hu\/hok\/wp-json\/wp\/v2\/pages"}],"about":[{"href":"https:\/\/semmelweis.hu\/hok\/wp-json\/wp\/v2\/types\/page"}],"author":[{"embeddable":true,"href":"https:\/\/semmelweis.hu\/hok\/wp-json\/wp\/v2\/users\/101673"}],"replies":[{"embeddable":true,"href":"https:\/\/semmelweis.hu\/hok\/wp-json\/wp\/v2\/comments?post=12334"}],"version-history":[{"count":10,"href":"https:\/\/semmelweis.hu\/hok\/wp-json\/wp\/v2\/pages\/12334\/revisions"}],"predecessor-version":[{"id":19061,"href":"https:\/\/semmelweis.hu\/hok\/wp-json\/wp\/v2\/pages\/12334\/revisions\/19061"}],"up":[{"embeddable":true,"href":"https:\/\/semmelweis.hu\/hok\/wp-json\/wp\/v2\/pages\/12323"}],"wp:featuredmedia":[{"embeddable":true,"href":"https:\/\/semmelweis.hu\/hok\/wp-json\/wp\/v2\/media\/12394"}],"wp:attachment":[{"href":"https:\/\/semmelweis.hu\/hok\/wp-json\/wp\/v2\/media?parent=12334"}],"wp:term":[{"taxonomy":"category","embeddable":true,"href":"https:\/\/semmelweis.hu\/hok\/wp-json\/wp\/v2\/categories?post=12334"},{"taxonomy":"post_tag","embeddable":true,"href":"https:\/\/semmelweis.hu\/hok\/wp-json\/wp\/v2\/tags?post=12334"}],"curies":[{"name":"wp","href":"https:\/\/api.w.org\/{rel}","templated":true}]}}