{"id":12332,"date":"2021-10-27T16:58:37","date_gmt":"2021-10-27T14:58:37","guid":{"rendered":"https:\/\/semmelweis.hu\/hok\/?page_id=12332"},"modified":"2025-09-12T05:50:51","modified_gmt":"2025-09-12T03:50:51","slug":"kollegiumi-palyazat","status":"publish","type":"page","link":"https:\/\/semmelweis.hu\/hok\/palyazatok\/kollegiumi-palyazat\/","title":{"rendered":"Koll\u00e9giumi p\u00e1ly\u00e1zat"},"content":{"rendered":"<div class=\"responsive-tabs\">\n<h2 class=\"tabtitle\"><strong>Fels\u0151bb \u00e9veseknek<\/strong><\/h2>\n<div class=\"tabcontent\">\n\n<\/p>\n<div class=\"lead keretes w-100\" style=\"text-align: center\"><a href=\"https:\/\/semmelweis.hu\/hok\/files\/2025\/09\/Felsobb-evesek-kollegiumi-palyazat-2025-26.xlsx\">T\u00e1j\u00e9koztat\u00f3 t\u00e1bl\u00e1zat fels\u0151bb \u00e9vesek sz\u00e1m\u00e1ra a 2025\/26-os koll\u00e9giumi jelentkez\u00e9s eredm\u00e9ny\u00e9r\u0151l<\/a><\/div>\n<p>&nbsp;<\/p>\n<p>\n<div class=\"fontos_div w-100\">\n<h5><a href=\"https:\/\/semmelweis.hu\/hok\/files\/2025\/04\/Kollegiumi-palyazat-felsosoknek-2025-26.pdf\" target=\"_blank\" rel=\"noopener\">P\u00e1ly\u00e1zati felh\u00edv\u00e1s koll\u00e9giumi elhelyez\u00e9sre a 2025\/26-os tan\u00e9vre fels\u0151bb \u00e9ves hallgat\u00f3k sz\u00e1m\u00e1ra<\/a><\/h5>\n<h5><a href=\"https:\/\/semmelweis.hu\/hok\/files\/2023\/05\/TJSZ-3-melleklet-2022-decembertol.pdf\" target=\"_blank\" rel=\"noopener\">Hallgat\u00f3k\u00e9rt v\u00e9gzett k\u00f6z\u00f6ss\u00e9gi munka pontrendszere a koll\u00e9giumi elhelyez\u00e9shez <em>(TJSZ 3. mell\u00e9klet)<\/em><\/a><\/h5>\n<ul>\n<li>\n<p><strong><a href=\"https:\/\/semmelweis.hu\/hok\/files\/2024\/05\/Kitoltesi-utmutato-kozeleti-adatlaphoz.pdf\" target=\"_blank\" rel=\"noopener\">Kit\u00f6lt\u00e9si \u00fatmutat\u00f3 k\u00f6z\u00e9leti adatlaphoz<\/a><\/strong><\/p>\n<\/li>\n<\/ul>\n<h5><a href=\"https:\/\/semmelweis.hu\/hok\/palyazatok\/szocialis-osztondijak\/\" target=\"_blank\" rel=\"noopener\">Szoci\u00e1lis pontrendszer <em>(TJSZ 1. mell\u00e9klet)<\/em> \u00e9s kit\u00f6lt\u00e9si \u00fatmutat\u00f3 \u00e9s GYIK<\/a><\/h5>\n<\/div>\n<p>A koll\u00e9giumi jelentkez\u00e9s \u00e9s felv\u00e9tel szab\u00e1lyait a <a href=\"https:\/\/semmelweis.hu\/jogigfoig\/dokumentumtar\/szabalyzattar\/szervezeti-es-mukodesi-szabalyzat\/\">Semmelweis Egyetem Szervezeti \u00e9s M\u0171k\u00f6d\u00e9si Szab\u00e1lyzat<\/a> \u2013 III. k\u00f6nyv Hallgat\u00f3i K\u00f6vetelm\u00e9nyrendszer \u2013 4. r\u00e9sz T\u00e9r\u00edt\u00e9si \u00e9s Juttat\u00e1si Szab\u00e1lyzat (a TJSZ) r\u00f6gz\u00edti.<\/p>\n<p>A fels\u0151bb \u00e9vesek koll\u00e9giumi jelentkez\u00e9se \u00e1prilisban\/m\u00e1jusban\/j\u00faniusban van, \u00e9s 15 napig tart \u00e1ltal\u00e1ban. Ekkor a szoci\u00e1lis helyzetet, a legutols\u00f3 lez\u00e1rt f\u00e9l\u00e9v kreditekkel s\u00falyozott \u00e1tlag\u00e1t <span style=\"font-size: 12pt\">(teh\u00e1t az \u0151szi szemeszterr\u0151l sz\u00e1rmaz\u00f3 \u00e1tlagot, ha az a f\u00e9l\u00e9vetek nem volt passz\u00edv)<\/span> \u00e9s a k\u00f6z\u00f6ss\u00e9gi tev\u00e9kenys\u00e9get veszik figyelembe a pontsz\u00e1m\u00edt\u00e1s sor\u00e1n. Ezekre a rangsorban elfoglalt hely alapj\u00e1n legfeljebb 40-40-40 pont kaphat\u00f3. Ezek \u00f6sszege a v\u00e9gs\u0151 pontsz\u00e1m 0 \u00e9s 120 k\u00f6z\u00f6tt.<\/p>\n\n<p><span style=\"font-size: 18pt\"><strong>A koll\u00e9giumi p\u00e1ly\u00e1zat menete<\/strong><\/span><b><br \/>\n<\/b>A koll\u00e9giumokba kiz\u00e1r\u00f3lag a Neptun Rendszeren kereszt\u00fcl tudtok jelentkezni.<\/p>\n<p><em>1. l\u00e9p\u00e9s:<\/em> A jelentkez\u00e9s lead\u00e1sa<\/p>\n<p>Ezt az \u00dcgyint\u00e9z\u00e9s \u2013 Koll\u00e9giumi jelentkez\u00e9s men\u00fcpontban tudj\u00e1tok megtenni. Itt ki kell v\u00e1lasztanotok a koll\u00e9giumokat, amelyekbe szeretn\u00e9tek jelentkezni, majd ezeket rangsorolnotok kell. Ezut\u00e1n adj\u00e1tok le az adatlapot, \u00e9s ha sikeres volt, az \u00dcgyint\u00e9z\u00e9s \u2013 K\u00e9rv\u00e9nyek \u2013 Leadott k\u00e9rv\u00e9nyek f\u00fcl\u00f6n meg kell jelennie. <span style=\"color: #ff0000\">Ellen\u0151rizz\u00e9tek le felt\u00e9tlen\u00fcl, mert e n\u00e9lk\u00fcl a koll\u00e9giumi jelentkez\u00e9setek \u00e9rv\u00e9nytelen, olyan, mintha le sem adt\u00e1tok volna. A p\u00e1ly\u00e1zat lez\u00e1rulta ut\u00e1n jelentkez\u00e9sre \u00e9s hi\u00e1nyp\u00f3tl\u00e1sra nincsen lehet\u0151s\u00e9g!<\/span><\/p>\n<p><em>Tipp: nyugodtan jel\u00f6lj\u00e9tek meg az \u00f6sszes koll\u00e9giumot, nehogy amiatt maradjatok le, mert csak egyet v\u00e1lasztottatok ki \u00e9s az betelt, mik\u00f6zben m\u00e1sik koll\u00e9giumba elegend\u0151 lenne a pontsz\u00e1motok.<\/em><\/p>\n<p><em>2. l\u00e9p\u00e9s:<\/em> Az adatlapok kit\u00f6lt\u00e9se<\/p>\n<p>\u25aa A szoci\u00e1lis adatlapot az \u00dcgyint\u00e9z\u00e9s \u2013 K\u00e9rv\u00e9nyek \u2013 Kit\u00f6lthet\u0151 k\u00e9rv\u00e9nyek f\u00fcl\u00f6n tal\u00e1lj\u00e1tok meg.<br \/>\nA szoci\u00e1lis adatlappal kapcsolatos inform\u00e1ci\u00f3kat (a csatoland\u00f3 dokumentumokat, mint\u00e1t n\u00e9h\u00e1ny nyilatkozathoz \u00e9s egy kit\u00f6lt\u00e9si \u00fatmutat\u00f3t) a <a href=\"https:\/\/semmelweis.hu\/hok\/palyazatok\/szocialis-osztondijak\/\" target=\"_blank\" rel=\"noopener noreferrer\">szoci\u00e1lis \u00f6szt\u00f6nd\u00edjakr\u00f3l sz\u00f3l\u00f3 t\u00e1j\u00e9koztat\u00f3 oldalon<\/a> \u00e9ritek el. A pontrendszer \u00e9s a csatoland\u00f3 dokumentumok megegyeznek a szoci\u00e1lis \u00f6szt\u00f6nd\u00edj\u00e9val (TJSZ 1. mell\u00e9klet).<\/p>\n<p>\u25aa A k\u00f6z\u00f6ss\u00e9gi munk\u00e1r\u00f3l az adatlapot szint\u00e9n az \u00dcgyint\u00e9z\u00e9s \u2013 K\u00e9rv\u00e9nyek \u2013 Kit\u00f6lthet\u0151 k\u00e9rv\u00e9nyek f\u00fcl\u00f6n kereszt\u00fcl tudj\u00e1tok kit\u00f6lteni. Ez a frissen felvett hallgat\u00f3knak nem jelenik meg, csak azoknak, akik m\u00e1r az egyetem hallgat\u00f3i. A p\u00e1ly\u00e1zati ki\u00edr\u00e1s t\u00e9telesen felsorolja mi sz\u00e1m\u00edthat\u00f3 be. Ha nincs ilyen tev\u00e9kenys\u00e9getek, akkor nem kell leadnotok. <br \/>\nA TJSZ 3. mell\u00e9klet rendelkezik a pontsz\u00e1mokr\u00f3l.<\/p>\n<p><span style=\"color: #ff0000\">Sikeres lead\u00e1s eset\u00e9n ezeknek az adatlapoknak is meg kell jelenni\u00fck a Leadott k\u00e9rv\u00e9nyek f\u00fcl\u00f6n. Ellen\u0151rizz\u00e9tek le felt\u00e9tlen\u00fcl.<\/span><\/p>\n<p><strong><span style=\"color: #3366ff\"><em>Figyelem: <\/em><\/span><\/strong>Azoknak a hallgat\u00f3knak, akik tavaszi szemeszterben febru\u00e1rban a szoci\u00e1lis \u00f6szt\u00f6nd\u00edjhoz kit\u00f6lt\u00f6tt\u00e9k a szoci\u00e1lis adatlapot, nekik a ny\u00e1r eleji fels\u0151bb \u00e9ves koll\u00e9giumi jelentkez\u00e9skor m\u00e1r nem lehet \u00faj adatlapot kit\u00f6lteni\u00fck, mert a tavaszi f\u00e9l\u00e9vre meg lett hat\u00e1rozva a szoci\u00e1lis pontsz\u00e1muk. \u0150k ez alapj\u00e1n lesznek rangsorolva.<\/p>\n<p>Amint megvannak az eredm\u00e9nyek, a honlapunkon el\u00e9rhet\u0151v\u00e9 tessz\u00fck a t\u00e1j\u00e9koztat\u00f3 t\u00e1bl\u00e1zatot. A hat\u00e1rozatok k\u00e9s\u0151bb \u00e9rkeznek meg.<\/p>\n<p style=\"text-align: left\" align=\"center\">Ha bejut\u00e1s ut\u00e1n m\u00e1sik koll\u00e9giumban szeretn\u00e9tek elhelyez\u00e9st, egym\u00e1s k\u00f6z\u00f6tt tudtok cser\u00e9lni, ezt a Koll\u00e9giumi Albizotts\u00e1goknak tudj\u00e1tok jelezni.<\/p>\n\n<\/div><h2 class=\"tabtitle\"><strong>Els\u0151 \u00e9veseknek<\/strong><\/h2>\n<div class=\"tabcontent\">\n\n<\/p>\n<div class=\"keretes w-100 lead\">\n<p style=\"text-align: center\"><a href=\"https:\/\/semmelweis.hu\/hok\/files\/2025\/09\/Elso-evesek-kollegiumi-elhelyezes-2025-26.xlsx\">T\u00e1j\u00e9koztat\u00f3 t\u00e1bl\u00e1zat els\u0151 \u00e9vesek sz\u00e1m\u00e1ra a 2025\/26-os koll\u00e9giumi jelentkez\u00e9s eredm\u00e9ny\u00e9r\u0151l<\/a><\/p>\n<\/div>\n<p>\n<div class=\"fontos_div w-100\">\n<h5><a href=\"https:\/\/semmelweis.hu\/hok\/files\/2025\/08\/Kollegiumi-palyazat-elsosoknek-2025-26.pdf\" target=\"_blank\" rel=\"noopener\">P\u00e1ly\u00e1zati felh\u00edv\u00e1s koll\u00e9giumi elhelyez\u00e9sre a 2025\/26-\u00f6s tan\u00e9vre els\u0151 \u00e9ves hallgat\u00f3k sz\u00e1m\u00e1ra<\/a><\/h5>\n<h5><a href=\"https:\/\/semmelweis.hu\/hok\/palyazatok\/szocialis-osztondijak\/\" target=\"_blank\" rel=\"noopener\">Szoci\u00e1lis pontrendszer <em>(TJSZ 1. mell\u00e9klet)<\/em> \u00e9s kit\u00f6lt\u00e9si \u00fatmutat\u00f3<\/a><\/h5>\n<\/div>\n<p>A koll\u00e9giumi jelentkez\u00e9s \u00e9s felv\u00e9tel szab\u00e1lyait a <a href=\"https:\/\/semmelweis.hu\/jogigfoig\/dokumentumtar\/szabalyzattar\/szervezeti-es-mukodesi-szabalyzat\/\">Semmelweis Egyetem Szervezeti \u00e9s M\u0171k\u00f6d\u00e9si Szab\u00e1lyzat<\/a> \u2013 III. k\u00f6nyv Hallgat\u00f3i K\u00f6vetelm\u00e9nyrendszer \u2013 4. r\u00e9sz T\u00e9r\u00edt\u00e9si \u00e9s Juttat\u00e1si Szab\u00e1lyzat (a TJSZ) r\u00f6gz\u00edti.<\/p>\n<p>A frissen felvett hallgat\u00f3k koll\u00e9giumi jelentkez\u00e9se augusztusban van, \u00e9s \u00e1ltal\u00e1ban 15 napig tart. A pontsz\u00e1m\u00edt\u00e1s sor\u00e1n a szoci\u00e1lis helyzetet \u00e9s a felv\u00e9teli pontsz\u00e1mot veszik figyelembe. Mindkett\u0151 alapj\u00e1n cs\u00f6kken\u0151 rangsorba rendezik a jelentkez\u0151ket, \u00e9s a rangsorokban elfoglalt hely alapj\u00e1n kaptok r\u00e9szpontsz\u00e1mokat 0-t\u00f3l 60-ig. Ezek \u00f6sszege a v\u00e9gs\u0151 pontsz\u00e1m 0 \u00e9s 120 k\u00f6z\u00f6tt.<\/p>\n\n<p><span style=\"font-size: 18pt\"><strong>A koll\u00e9giumi p\u00e1ly\u00e1zat menete<\/strong><\/span><b><br \/>\n<\/b>A koll\u00e9giumokba kiz\u00e1r\u00f3lag a Neptun Rendszeren kereszt\u00fcl tudtok jelentkezni.<\/p>\n<p><em>1. l\u00e9p\u00e9s:<\/em> A jelentkez\u00e9s lead\u00e1sa<\/p>\n<p>Ezt az \u00dcgyint\u00e9z\u00e9s \u2013 Koll\u00e9giumi jelentkez\u00e9s men\u00fcpontban tudj\u00e1tok megtenni. Itt ki kell v\u00e1lasztanotok a koll\u00e9giumokat, amelyekbe szeretn\u00e9tek jelentkezni, majd ezeket rangsorolnotok kell. Ezut\u00e1n adj\u00e1tok le az adatlapot, \u00e9s ha sikeres volt, az \u00dcgyint\u00e9z\u00e9s \u2013 K\u00e9rv\u00e9nyek \u2013 Leadott k\u00e9rv\u00e9nyek f\u00fcl\u00f6n meg kell jelennie az adatlapnak. <span style=\"color: #ff0000\">Ellen\u0151rizz\u00e9tek le felt\u00e9tlen\u00fcl, mert e n\u00e9lk\u00fcl a koll\u00e9giumi jelentkez\u00e9setek \u00e9rv\u00e9nytelen, olyan, mintha le sem adt\u00e1tok volna. A p\u00e1ly\u00e1zat lez\u00e1rulta ut\u00e1n jelentkez\u00e9sre \u00e9s hi\u00e1nyp\u00f3tl\u00e1sra nincsen lehet\u0151s\u00e9g!<\/span><\/p>\n<p><em>Tipp: nyugodtan jel\u00f6lj\u00e9tek meg az \u00f6sszes koll\u00e9giumot, nehogy amiatt maradjatok le, mert csak egyet v\u00e1lasztottatok ki \u00e9s az betelt, mik\u00f6zben m\u00e1sik koll\u00e9giumba elegend\u0151 lenne a pontsz\u00e1motok.<\/em><\/p>\n<p><em>2. l\u00e9p\u00e9s:<\/em> A szoci\u00e1lis adatlap kit\u00f6lt\u00e9se<\/p>\n<p>\u25aa A szoci\u00e1lis adatlapot az \u00dcgyint\u00e9z\u00e9s \u2013 K\u00e9rv\u00e9nyek \u2013 Kit\u00f6lthet\u0151 k\u00e9rv\u00e9nyek f\u00fcl\u00f6n tal\u00e1lj\u00e1tok meg.<br \/>\nA szoci\u00e1lis adatlappal kapcsolatos inform\u00e1ci\u00f3kat (a csatoland\u00f3 dokumentumokat, mint\u00e1t n\u00e9h\u00e1ny nyilatkozathoz \u00e9s egy kit\u00f6lt\u00e9si \u00fatmutat\u00f3t) a <a href=\"https:\/\/semmelweis.hu\/hok\/palyazatok\/szocialis-osztondijak\/\" target=\"_blank\" rel=\"noopener noreferrer\">szoci\u00e1lis \u00f6szt\u00f6nd\u00edjakr\u00f3l sz\u00f3l\u00f3 t\u00e1j\u00e9koztat\u00f3 oldalon<\/a> \u00e9ritek el. A pontrendszer \u00e9s a csatoland\u00f3 dokumentumok megegyeznek a szoci\u00e1lis \u00f6szt\u00f6nd\u00edj\u00e9val (TJSZ 1. mell\u00e9klet).<\/p>\n<p><span style=\"color: #ff0000\">Sikeres lead\u00e1s eset\u00e9n a szoci\u00e1lis adatlapnak is meg kell jelennie a Leadott k\u00e9rv\u00e9nyek f\u00fcl\u00f6n, ellen\u0151rizz\u00e9tek le felt\u00e9tlen\u00fcl.<\/span><\/p>\n<p><strong><span style=\"color: #3366ff\"><em>Figyelem:<\/em><\/span><\/strong> A frissen felvett hallgat\u00f3knak, akik augusztusban jelentkeznek koll\u00e9giumba, \u00e9s kit\u00f6ltik a szoci\u00e1lis adatlapot, m\u00e1r megvan a szoci\u00e1lis pontsz\u00e1muk az \u0151szi f\u00e9l\u00e9vre. Nekik szeptemberben csak egy nyilatkozatot kell leadniuk, ha szoci\u00e1lis \u00f6szt\u00f6nd\u00edjra is p\u00e1ly\u00e1zn\u00e1nak, \u00faj adatlapot nem t\u00f6lthetnek ki. A fels\u0151bb \u00e9vesek \u00e9s koll\u00e9giumba nem jelentkezett els\u0151\u00e9vesek a szoci\u00e1lis adatlapot szeptemberben t\u00f6ltik ki a szoci\u00e1lis \u00f6szt\u00f6nd\u00edjhoz.<\/p>\n<p>Amint megvannak az eredm\u00e9nyek, a honlapunkon el\u00e9rhet\u0151v\u00e9 tessz\u00fck a t\u00e1j\u00e9koztat\u00f3 t\u00e1bl\u00e1zatot. A hat\u00e1rozatok k\u00e9s\u0151bb \u00e9rkeznek meg.<\/p>\n<p style=\"text-align: left\" align=\"center\">Ha bejut\u00e1s ut\u00e1n m\u00e1sik koll\u00e9giumban szeretn\u00e9tek elhelyez\u00e9st, egym\u00e1s k\u00f6z\u00f6tt tudtok cser\u00e9lni, ezt a Koll\u00e9giumi Albizotts\u00e1goknak tudj\u00e1tok jelezni.<\/p>\n\n<\/div><h2 class=\"tabtitle\"><strong>P\u00f3tv\u00e1r\u00f3lista<\/strong><\/h2>\n<div class=\"tabcontent\">\n\n<div class=\"keretes w-100\">\n<h3 style=\"text-align: center\"><a href=\"https:\/\/unisemmelweis.sharepoint.com\/:x:\/t\/Projekt_HK-StudentsUnion\/EQDrzN5Pxj9PmGeg51Z9j2UB75wh7aWt87NvLG98coOw_A?e=CuCrFv\" target=\"_blank\" rel=\"noopener\"><span style=\"font-size: 14pt\">A p\u00f3tv\u00e1r\u00f3lista itt \u00e9rhet\u0151 el<\/span><\/a><\/h3>\n<\/div>\n<p>Nagyon fontos, hogy az e-mailjeiteket minden nap ellen\u0151rizz\u00e9tek! A koll\u00e9giumi \u00fcgyint\u00e9z\u0151 ezen kereszt\u00fcl fog \u00e9rtes\u00edteni titeket a koll\u00e9giumi elhelyez\u00e9sr\u0151l, amint meg\u00fcresedik egy hely az adott int\u00e9zm\u00e9nyben. A visszajelz\u00e9sre <strong>24 \u00f3r\u00e1tok \u00e1ll rendelkez\u00e9sre<\/strong>, mindezt annak az \u00e9rdek\u00e9ben, hogy a bejut\u00e1s a list\u00e1r\u00f3l min\u00e9l g\u00f6rd\u00fcl\u00e9kenyebben, gyorsabban t\u00f6rt\u00e9njen.<\/p>\n<ul style=\"list-style-type: disc\">\n<li>V\u00e1r\u00f3lista:<br \/>\nAzon hallgat\u00f3k, akik a koll\u00e9giumi jelentkez\u00e9s sor\u00e1n nem \u00e9rtek el el\u00e9g pontot , ahhoz hogy a Semmelweis Egyetem valamelyik koll\u00e9gium\u00e1ba felv\u00e9telt nyerjenek, \u0151k a v\u00e1r\u00f3list\u00e1ra ker\u00fclnek a rangsorban elfoglalt hely\u00fck alapj\u00e1n. Amint a koll\u00e9giumban meg\u00fcresedik egy hely, \u00fagy a rangsor elej\u00e9n tal\u00e1lhat\u00f3 hallgat\u00f3 ker\u00fcl a hely\u00e9re (ehhez term\u00e9szetesen az illet\u0151nek meg kellett jel\u00f6lnie az adott koll\u00e9giumot a jelentkez\u00e9skor \u00e9s szerepel annak v\u00e1r\u00f3list\u00e1j\u00e1n). A v\u00e1r\u00f3lista \u00fcr\u00fcl\u00e9s\u00e9re nincs befoly\u00e1sunk, minden \u00e9vben m\u00e1s \u00fctemben t\u00f6rt\u00e9nik.<\/li>\n<\/ul>\n<p>&nbsp;<\/p>\n<ul style=\"list-style-type: disc\">\n<li>P\u00f3tv\u00e1r\u00f3lista:<br \/>\nHa a jelentkez\u00e9s sor\u00e1n valamilyen hi\u00e1nyoss\u00e1g t\u00f6rt\u00e9nt (pl.: a koll\u00e9giumok sorrendje nem ker\u00fclt lead\u00e1sra a Neptunon kereszt\u00fcl), \u00fagy a hallgat\u00f3 nem szerepel a koll\u00e9giumi v\u00e1r\u00f3list\u00e1n. Ilyen esetben a <a href=\"mailto:hok.dormitory@semmelweis.hu\">hok.dormitory@semmelweis.hu<\/a> e-mail-c\u00edmen kereszt\u00fcl t\u00f6rt\u00e9nik a jelentkez\u00e9s a koll\u00e9giumi p\u00f3tv\u00e1r\u00f3list\u00e1ra. A jelentkez\u00e9shez sz\u00fcks\u00e9ges a nevetek, Neptun-k\u00f3dotok, a kar amelyre j\u00e1rtok, illetve a koll\u00e9giumok sorrendj\u00e9nek elk\u00fcld\u00e9se. A p\u00f3tv\u00e1r\u00f3lista sorrendje a jelentkez\u00e9s idej\u00e9t\u0151l f\u00fcgg (ezzel szemben a v\u00e1r\u00f3lista a pontsz\u00e1m alapj\u00e1n). A v\u00e1r\u00f3lista ki\u00fcr\u00fcl\u00e9se ut\u00e1n k\u00f6vetkezik a p\u00f3tv\u00e1r\u00f3list\u00e1r\u00f3l t\u00f6rt\u00e9n\u0151 koll\u00e9giumi elhelyez\u00e9s.<br \/>\nA p\u00f3tv\u00e1r\u00f3list\u00e1ra a tan\u00e9v sor\u00e1n b\u00e1rmikor lehet\u0151s\u00e9getek van jelentkezni.<\/li>\n<\/ul>\n<p>&nbsp;<\/p>\n\n<\/div><h2 class=\"tabtitle\"><strong>PhD hallgat\u00f3knak<\/strong><\/h2>\n<div class=\"tabcontent\">\n\n<p>A doktori k\u00e9pz\u00e9sben r\u00e9szt vev\u0151 hallgat\u00f3k koll\u00e9giumi jelentkez\u00e9se nem a Hallgat\u00f3i \u00d6nkorm\u00e1nyzathoz tartozik. A jelentkez\u00e9ssel kapcsolatban a Semmelweis Ign\u00e1c Szakkoll\u00e9gium (kor\u00e1bban Selye J\u00e1nos Koll\u00e9gium) vezet\u0151j\u00e9n\u00e9l tudtok \u00e9rdekl\u0151dni: <a href=\"https:\/\/semmelweis.hu\/siszk\/kapcsolat\/\" target=\"_blank\" rel=\"noopener\">https:\/\/semmelweis.hu\/siszk\/kapcsolat\/<\/a><\/p>\n\n<\/div><h2 class=\"tabtitle\"><strong>Koll\u00e9giumi d\u00edjmentess\u00e9g 2025\/2026 \u0151sz<\/strong><\/h2>\n<div class=\"tabcontent\">\n\n<h4><a href=\"https:\/\/semmelweis.hu\/hok\/files\/2025\/09\/Kollegiumi-dijmentesseg-palyazati-kiiras-2025-26-osz.pdf\" target=\"_blank\" rel=\"noopener\">P\u00c1LY\u00c1ZATI FELH\u00cdV\u00c1S KOLL\u00c9GIUMI D\u00cdJMENTESS\u00c9GR\u0150L<\/a><\/h4>\n<p>A Semmelweis Egyetem rektora a nemzeti fels\u0151oktat\u00e1sr\u00f3l sz\u00f3l\u00f3 <a href=\"https:\/\/njt.hu\/jogszabaly\/2011-204-00-00\">2011. \u00e9vi CCIV. t\u00f6rv\u00e9ny<\/a> (tov\u00e1bbiakban: Nftv.) 43. \u00a7 (3) bekezd\u00e9se, a fels\u0151oktat\u00e1sban r\u00e9szt vev\u0151 hallgat\u00f3k juttat\u00e1sair\u00f3l \u00e9s az \u00e1ltaluk fizetend\u0151 egyes t\u00e9r\u00edt\u00e9sekr\u0151l sz\u00f3l\u00f3 <a href=\"https:\/\/njt.hu\/jogszabaly\/2007-51-20-22\">51\/2007. (III. 26.) Korm. rendelet<\/a> (tov\u00e1bbiakban: Rendelet) 4. \u00a7 (4) bekezd\u00e9se, valamint a <a href=\"https:\/\/semmelweis.hu\/jogigfoig\/dokumentumtar\/szabalyzattar\/szervezeti-es-mukodesi-szabalyzat\/\">Semmelweis Egyetem Szervezeti \u00e9s M\u0171k\u00f6d\u00e9si Szab\u00e1lyzat<\/a>\u00a0(tov\u00e1bbiakban: SzMSz) III. K\u00f6nyv III. IV. R\u00e9sz T\u00e9r\u00edt\u00e9si \u00e9s Juttat\u00e1si Szab\u00e1lyzat (a tov\u00e1bbiakban: TJSZ) 24\/A. \u00a7 (4) bekezd\u00e9s alapj\u00e1n p\u00e1ly\u00e1zatot \u00edr ki a 2025\/26-os tan\u00e9v I. f\u00e9l\u00e9v\u00e9re vonatkoz\u00f3 koll\u00e9giumi d\u00edjmentess\u00e9gi k\u00e9relmek beny\u00fajt\u00e1s\u00e1ra.<\/p>\n<p>A 2025\/26-os tan\u00e9v I. szemeszter\u00e9re koll\u00e9giumi d\u00edjmentess\u00e9get k\u00e9relm\u00e9re az a hallgat\u00f3 kaphat, akinek a koll\u00e9giumi elhelyez\u00e9sre, illetve rendszeres szoci\u00e1lis \u00f6szt\u00f6nd\u00edjra beny\u00fajtott k\u00e9relm\u00e9t a 2025\/26-os tan\u00e9v I. szemeszter\u00e9re vonatkoz\u00f3an a SZEB elb\u00edr\u00e1lta \u00e9s a p\u00e1ly\u00e1zat bead\u00e1sakor koll\u00e9giumi elhelyez\u00e9ssel b\u00edr.<\/p>\n<p>A k\u00e9relem beny\u00fajt\u00e1s\u00e1hoz az al\u00e1bbi felt\u00e9telek k\u00f6z\u00fcl legal\u00e1bb egyik \u2013 a TJSZ 26. \u00a7-\u00e1ban defini\u00e1lt \u2013 felt\u00e9tel igazol\u00e1sa sz\u00fcks\u00e9ges.<br \/>\nA hallgat\u00f3:<br \/>\na) h\u00e1tr\u00e1nyos helyzet\u0171,<br \/>\nb) \u00e1rva,<br \/>\nc) csal\u00e1dfenntart\u00f3,<br \/>\nd) gy\u00e1ms\u00e1ga nagykor\u00fas\u00e1ga miatt sz\u0171nt meg.<\/p>\n<p>A k\u00e9relmet a Neptun rendszeren kereszt\u00fcl elektronikus form\u00e1ban lehet kiz\u00e1r\u00f3lag beny\u00fajtani <strong>2025. szeptember 25. 08:00 \u00e9s 2025. okt\u00f3ber 1. 23:59 k\u00f6z\u00f6tt<\/strong>.<\/p>\n<p><strong>Elb\u00edr\u00e1l\u00e1s szempontjai:<\/strong><\/p>\n<p>A 2025\/26-os tan\u00e9v I. szemeszter\u00e9re 10 hallgat\u00f3 koll\u00e9giumi d\u00edjmentess\u00e9gi k\u00e9relm\u00e9t fogadja el az egyetem rektora.<\/p>\n<p>A k\u00e9relmek a SZEB \u00e1ltal meg\u00e1llap\u00edtott 2025\/26 I. f\u00e9l\u00e9vben szoci\u00e1lis helyzetre meg\u00edt\u00e9lt pont alapj\u00e1n ker\u00fclnek rangsorol\u00e1sra. Az utols\u00f3 r\u00e9szes\u00edtett helyen pontegyenl\u0151s\u00e9g eset\u00e9n a nagyobb r\u00e1szorults\u00e1gi csoportba besorolt hallgat\u00f3, a r\u00e1szorults\u00e1gi csoport egyez\u0151s\u00e9ge eset\u00e9n az egy f\u0151re jut\u00f3 alacsonyabb igazolt j\u00f6vedelemmel rendelkez\u0151 hallgat\u00f3 p\u00e1ly\u00e1zata ker\u00fcl elfogad\u00e1sra.<\/p>\n<p>A hat\u00e1rid\u0151n t\u00fal \u00e9rkez\u0151 k\u00e9relmek elb\u00edr\u00e1l\u00e1s\u00e1ra nem ker\u00fcl sor, hi\u00e1nyp\u00f3tl\u00e1sra nincs lehet\u0151s\u00e9g.<\/p>\n<p>A k\u00e9relmek \u2013 a koll\u00e9giumi d\u00edjmentess\u00e9gi jogosults\u00e1g\u00e1nak vizsg\u00e1lat\u00e1t k\u00f6vet\u0151en \u2013 SZEB \u00e1ltal meg\u00e1llap\u00edtott pontok preferencia sorrendj\u00e9ben ker\u00fclnek felterjeszt\u00e9sre d\u00f6nt\u00e9sre a Semmelweis Egyetem rektora r\u00e9sz\u00e9re.<\/p>\n<p>Ha k\u00e9rd\u00e9setek mer\u00fcl fel, foruljatok hozz\u00e1nk bizalommal a <a href=\"https:\/\/semmelweis.hu\/hok\/rolunk\/bizottsagok\/kollegiumi-bizottsag\/\">Koll\u00e9giumi Bizotts\u00e1gnak<\/a> \u00edrt lev\u00e9lben a <a href=\"mailto:hok.dormitory@semmelweis.hu\" target=\"_blank\" rel=\"noopener\">hok.dormitory@semmelweis.hu<\/a> c\u00edmen kereszt\u00fcl.<\/p>\n<p>A szoci\u00e1lis adatlappal kapcsolatos k\u00e9rd\u00e9seitekre a <a href=\"https:\/\/semmelweis.hu\/hok\/rolunk\/hok-kozponti-testuletek\/bizottsagok\/szocialis-bizottsag-biralatelokeszito-munkacsoport\/\">Szoci\u00e1lis Bizotts\u00e1gnak<\/a> a <a href=\"mailto:hok.applications@semmelweis.hu\" target=\"_blank\" rel=\"noopener\">hok.applications@semmelweis.hu<\/a> c\u00edmre \u00edrt lev\u00e9lben kaphattok v\u00e1laszt.<\/p>\n<\/div><\/div>\n<p>&#8212;&#8212;&#8212;&#8212;&#8212;&#8211;<\/p>\n<p style=\"margin-top: 0cm;background: white\"><span style=\"font-size: 15.0pt;color: #1e2326\">Ha k\u00e9rd\u00e9setek mer\u00fcl fel, forduljatok hozz\u00e1nk bizalommal a <a href=\"https:\/\/semmelweis.hu\/hok\/rolunk\/hok-kozponti-testuletek\/bizottsagok\/kollegiumi-bizottsag\/\" target=\"_blank\" rel=\"noopener noreferrer\">Koll\u00e9giumi Bizotts\u00e1gnak<\/a> \u00edrt lev\u00e9lben a <a href=\"mailto:hok.dormitory@semmelweis.hu\">hok.dormitory@semmelweis.hu<\/a><\/span><span style=\"font-size: 15.0pt;color: #1e2326\"> c\u00edmen kereszt\u00fcl.<\/span><\/p>\n<p>A szoci\u00e1lis adatlappal kapcsolatos k\u00e9rd\u00e9seitekre a <a href=\"https:\/\/semmelweis.hu\/hok\/rolunk\/hok-kozponti-testuletek\/bizottsagok\/szocialis-bizottsag-biralatelokeszito-munkacsoport\/\" target=\"_blank\" rel=\"noopener noreferrer\">Szoci\u00e1lis Bizotts\u00e1gnak<\/a> a <a href=\"mailto:hok.applications@semmelweis.hu\">hok.applications@semmelweis.hu<\/a> c\u00edmre \u00edrt lev\u00e9lben kaphattok v\u00e1laszt.<\/p>\n<blockquote class=\"wp-embedded-content\" data-secret=\"jLCobBOTGy\"><p><a href=\"https:\/\/semmelweis.hu\/hok\/hasznos\/hallgatoi-terek-szolgaltatasok\/egyetemi-kollegiumok\/\">Koll\u00e9giumok<\/a><\/p><\/blockquote>\n<p><iframe loading=\"lazy\" class=\"wp-embedded-content\" sandbox=\"allow-scripts\" security=\"restricted\" style=\"position: absolute; visibility: hidden;\" title=\"&#8220;Koll\u00e9giumok&#8221; &#8212; Hallgat\u00f3i \u00d6nkorm\u00e1nyzat\" src=\"https:\/\/semmelweis.hu\/hok\/hasznos\/hallgatoi-terek-szolgaltatasok\/egyetemi-kollegiumok\/embed\/#?secret=xLUk0UsQnP#?secret=jLCobBOTGy\" data-secret=\"jLCobBOTGy\" width=\"600\" height=\"338\" frameborder=\"0\" marginwidth=\"0\" marginheight=\"0\" scrolling=\"no\"><\/iframe><\/p>\n","protected":false},"excerpt":{"rendered":"<p>Ezen a mindig friss\u00fcl\u0151 oldalon \u00e9ritek el az aktu\u00e1lis p\u00e1ly\u00e1zati ki\u00edr\u00e1st \u00e9s a jelentkez\u00e9s menet\u00e9r\u0151l \u00edrt \u00f6sszefoglal\u00f3nkat. Az eredm\u00e9nyekr\u0151l sz\u00f3l\u00f3 t\u00e1j\u00e9koztat\u00f3t itt tessz\u00fck k\u00f6zz\u00e9 \u00e9s itt k\u00f6vethetitek nyomon a v\u00e1r\u00f3list\u00e1t is.<\/p>\n","protected":false},"author":101673,"featured_media":12393,"parent":12323,"menu_order":3,"comment_status":"closed","ping_status":"closed","template":"","meta":{"_acf_changed":false,"footnotes":""},"categories":[],"tags":[598,584],"class_list":["post-12332","page","type-page","status-publish","has-post-thumbnail","hentry","tag-kolipalyazatt","tag-palyod"],"acf":[],"_links":{"self":[{"href":"https:\/\/semmelweis.hu\/hok\/wp-json\/wp\/v2\/pages\/12332","targetHints":{"allow":["GET"]}}],"collection":[{"href":"https:\/\/semmelweis.hu\/hok\/wp-json\/wp\/v2\/pages"}],"about":[{"href":"https:\/\/semmelweis.hu\/hok\/wp-json\/wp\/v2\/types\/page"}],"author":[{"embeddable":true,"href":"https:\/\/semmelweis.hu\/hok\/wp-json\/wp\/v2\/users\/101673"}],"replies":[{"embeddable":true,"href":"https:\/\/semmelweis.hu\/hok\/wp-json\/wp\/v2\/comments?post=12332"}],"version-history":[{"count":11,"href":"https:\/\/semmelweis.hu\/hok\/wp-json\/wp\/v2\/pages\/12332\/revisions"}],"predecessor-version":[{"id":18857,"href":"https:\/\/semmelweis.hu\/hok\/wp-json\/wp\/v2\/pages\/12332\/revisions\/18857"}],"up":[{"embeddable":true,"href":"https:\/\/semmelweis.hu\/hok\/wp-json\/wp\/v2\/pages\/12323"}],"wp:featuredmedia":[{"embeddable":true,"href":"https:\/\/semmelweis.hu\/hok\/wp-json\/wp\/v2\/media\/12393"}],"wp:attachment":[{"href":"https:\/\/semmelweis.hu\/hok\/wp-json\/wp\/v2\/media?parent=12332"}],"wp:term":[{"taxonomy":"category","embeddable":true,"href":"https:\/\/semmelweis.hu\/hok\/wp-json\/wp\/v2\/categories?post=12332"},{"taxonomy":"post_tag","embeddable":true,"href":"https:\/\/semmelweis.hu\/hok\/wp-json\/wp\/v2\/tags?post=12332"}],"curies":[{"name":"wp","href":"https:\/\/api.w.org\/{rel}","templated":true}]}}