{"id":12330,"date":"2021-10-27T16:58:50","date_gmt":"2021-10-27T14:58:50","guid":{"rendered":"https:\/\/semmelweis.hu\/hok\/?page_id=12330"},"modified":"2026-03-31T14:07:47","modified_gmt":"2026-03-31T12:07:47","slug":"tanulmanyi-osztondij","status":"publish","type":"page","link":"https:\/\/semmelweis.hu\/studentsupport\/bokay-janos-osztondij\/","title":{"rendered":"Tanulm\u00e1nyi \u00f6szt\u00f6nd\u00edj"},"content":{"rendered":"<p style=\"text-align: center\"><span style=\"font-size: 18pt\"><strong>B\u00f3kay J\u00e1nos \u00d6szt\u00f6nd\u00edj <\/strong><\/span><\/p>\n<div class=\"fontos_div w-100\">\n<p><strong>A k\u00fcl\u00f6nb\u00f6z\u0151 \u00f6szt\u00f6nd\u00edjfokozatokhoz tartoz\u00f3 m<\/strong><strong>inimum \u00e1tlagok <\/strong><em>(felt\u00f6lt\u00e9s alatt)<\/em><\/p>\n<\/div>\n<p>A B\u00f3kay J\u00e1nos \u00d6szt\u00f6nd\u00edj r\u00e9szletszab\u00e1lyait a <a href=\"https:\/\/semmelweis.hu\/jogigfoig\/dokumentumtar\/szabalyzattar\/szervezeti-es-mukodesi-szabalyzat\/\" target=\"_blank\" rel=\"noopener noreferrer\">Semmelweis Egyetem Szervezeti \u00e9s M\u0171k\u00f6d\u00e9si Szab\u00e1lyzat<\/a> \u2013 III. k\u00f6nyv Hallgat\u00f3i K\u00f6vetelm\u00e9nyrendszer \u2013 4. r\u00e9sz T\u00e9r\u00edt\u00e9si \u00e9s Juttat\u00e1si Szab\u00e1lyzat tartalmazza.<\/p>\n<p><strong>Kapcsolat, el\u00e9rhet\u0151s\u00e9g:<\/strong> <a href=\"mailto:hok.education@semmelweis.hu\">hok.education@semmelweis.hu<\/a><\/p>\n<p>&nbsp;<\/p>\n<p style=\"text-align: center\"><strong>Gyakori k\u00e9rd\u00e9sek:<\/strong><\/p>\n<p style=\"text-align: center\">            <div class=\"qae-faqs-container qae-faqs-toggle-container\">\n\t\t\t\t\t\t\t<ul class=\"qe-faqs-filters-container\">\n\t\t\t\t<li class=\"active\"><a class=\"qe-faqs-filter all-faqs\" href=\"#\" data-filter=\"*\">All<\/a><\/li>\n\t\t\t\t<li><a class=\"qe-faqs-filter\" href=\"#tanulmanyi-osztondij\" data-filter=\".tanulmanyi-osztondij\">Tanulm\u00e1nyi \u00f6szt\u00f6nd\u00edj<\/a><\/li>\t\t\t<\/ul>\n\t\t\t\t\t<div id=\"qaef-15245\" class=\"qe-faq-toggle tanulmanyi-osztondij\">\n\t\t\t<div class=\"qe-toggle-title\">\n\t\t\t\t<h4>\n\t\t\t\t\t<i class=\"fa fa-minus-circle\"><\/i> Ki r\u00e9szes\u00fclhet B\u00f3kay \u00d6szt\u00f6nd\u00edjban?\t\t\t\t<\/h4>\n\t\t\t<\/div>\n\t\t\t<div class=\"qe-toggle-content\">\n\t\t\t\t<p>Tanulm\u00e1nyi \u00f6szt\u00f6nd\u00edjra az az \u00e1llamilag t\u00e1mogatott, teljes idej\u0171 nappali k\u00e9pz\u00e9sben r\u00e9szt vev\u0151, akt\u00edv f\u00e9l\u00e9vre beiratkozott hallgat\u00f3 jogosult, aki az el\u0151z\u0151 f\u00e9l\u00e9vben legal\u00e1bb 23 kreditet teljes\u00edtett (cs\u00f6kkentett \u00f6sszeget ak\u00e1r 12 kredit teljes\u00edt\u00e9se eset\u00e9n is lehet kapni). Az els\u0151 \u00e9vfolyamos hallgat\u00f3k csak a m\u00e1sodik f\u00e9l\u00e9vt\u0151l r\u00e9szes\u00fclhetnek \u00f6szt\u00f6nd\u00edjban. Tov\u00e1bb\u00e1 nem r\u00e9szes\u00fclhet B\u00f3kay \u00d6szt\u00f6nd\u00edjban az a hallgat\u00f3, aki az \u00c1OK IV., V. \u00e9s VI. \u00e9vfolyamok 1. illetve 2. f\u00e9l\u00e9v\u00e9re nem els\u0151 alkalommal jelentkezett be.<\/p>\n\t\t\t<\/div>\n\t\t<\/div>\n\t\t\t\t<div id=\"qaef-15246\" class=\"qe-faq-toggle tanulmanyi-osztondij\">\n\t\t\t<div class=\"qe-toggle-title\">\n\t\t\t\t<h4>\n\t\t\t\t\t<i class=\"fa fa-minus-circle\"><\/i> Sz\u00fcks\u00e9ges k\u00fcl\u00f6n p\u00e1ly\u00e1zni az \u00f6szt\u00f6nd\u00edjra?\t\t\t\t<\/h4>\n\t\t\t<\/div>\n\t\t\t<div class=\"qe-toggle-content\">\n\t\t\t\t<p>Nem, mindenkinek automatikusan ker\u00fcl meg\u00e1llap\u00edt\u00e1sra jogosults\u00e1g alapj\u00e1n.<\/p>\n\t\t\t<\/div>\n\t\t<\/div>\n\t\t\t\t<div id=\"qaef-15247\" class=\"qe-faq-toggle tanulmanyi-osztondij\">\n\t\t\t<div class=\"qe-toggle-title\">\n\t\t\t\t<h4>\n\t\t\t\t\t<i class=\"fa fa-minus-circle\"><\/i> Melyik \u00e1tlag van figyelembe v\u00e9ve az \u00f6szt\u00f6nd\u00edj sz\u00e1m\u00edt\u00e1s\u00e1n\u00e1l?\t\t\t\t<\/h4>\n\t\t\t<\/div>\n\t\t\t<div class=\"qe-toggle-content\">\n\t\t\t\t<p class=\"hiddenContentp\">A \u201eTanulm\u00e1nyi \u00f6szt\u00f6nd\u00edj \u00e1tlag\u201d nev\u0171 \u00e1tlagot sz\u00fcks\u00e9ges figyelembe venni.<\/p>\n<p class=\"hiddenContentp\">Az \u00f6szt\u00f6nd\u00edjsz\u00e1m\u00edt\u00e1s alapj\u00e1ul szolg\u00e1l\u00f3 kreditekkel s\u00falyozott tanulm\u00e1nyi \u00e1tlagotokat, melyben a nem teljes\u00edtett t\u00e1rgyak kredit\u00e9rt\u00e9k\u00e9hez egyes \u00e9rdemjegy t\u00e1rsul, a Neptun fel\u00fcleten a Tanulm\u00e1nyok &gt;&gt;Tanulm\u00e1nyi \u00e1tlagok men\u00fcpontban a megfelel\u0151 f\u00e9l\u00e9v sora elej\u00e9n tal\u00e1lhat\u00f3 \u201e+\u201d jelre kattintva az utols\u00f3 oszlopban tal\u00e1lj\u00e1tok a Tanulm\u00e1nyi \u00f6szt\u00f6nd\u00edj \u00e1tlag sorban.<\/p>\n<p>A kredit\u00e1tviteli k\u00e9relemmel befogadott, nem az adott k\u00e9pz\u00e9sen, szakon teljes\u00edtett t\u00e1rgyak eredm\u00e9nye \u00e9s kredit\u00e9rt\u00e9ke nem ker\u00fcl besz\u00e1m\u00edt\u00e1sra sem a tanulm\u00e1nyi \u00f6szt\u00f6nd\u00edj \u00e1tlagba, sem a f\u00e9l\u00e9vben teljes\u00edtett kreditek sz\u00e1m\u00e1ba.<\/p>\n\t\t\t<\/div>\n\t\t<\/div>\n\t\t\t\t<div id=\"qaef-15248\" class=\"qe-faq-toggle tanulmanyi-osztondij\">\n\t\t\t<div class=\"qe-toggle-title\">\n\t\t\t\t<h4>\n\t\t\t\t\t<i class=\"fa fa-minus-circle\"><\/i> Milyen gyakori probl\u00e9m\u00e1k szoktak fell\u00e9pni?\t\t\t\t<\/h4>\n\t\t\t<\/div>\n\t\t\t<div class=\"qe-toggle-content\">\n\t\t\t\t<ul style=\"list-style-type: disc\">\n<li class=\"hiddenContentp\">Egyes t\u00e1rgyak \u00e9rdemjegyeit nem \u00edrt\u00e1k be, ezt a hallgat\u00f3 nem jelezte a tanulm\u00e1nyi \u00fcgyint\u00e9z\u0151j\u00e9n\u00e9l az el\u0151z\u0151 f\u00e9l\u00e9v z\u00e1r\u00e1sa ut\u00e1n 14 napon bel\u00fcl.<\/li>\n<li class=\"hiddenContentp\">Rossz v\u00e1rhat\u00f3 v\u00e9gz\u00e9si \u00e9v szerepel a Neptun Rendszerben, ezt az el\u0151z\u0151 f\u00e9l\u00e9v lez\u00e1r\u00e1sa ut\u00e1n a hallgat\u00f3 nem jelezte a tanulm\u00e1nyi \u00fcgyint\u00e9z\u0151j\u00e9n\u00e9l. A v\u00e1rhat\u00f3 v\u00e9gz\u00e9si \u00e9v hat\u00e1rozza meg, hogy melyik homog\u00e9n csoportba tartozik a hallgat\u00f3<\/li>\n<li class=\"hiddenContentp\">Nem szerepel\/rossz banksz\u00e1mlasz\u00e1m szerepel a Neptun Rendszerben.<\/li>\n<\/ul>\n\t\t\t<\/div>\n\t\t<\/div>\n\t\t\t\t<div id=\"qaef-15249\" class=\"qe-faq-toggle tanulmanyi-osztondij\">\n\t\t\t<div class=\"qe-toggle-title\">\n\t\t\t\t<h4>\n\t\t\t\t\t<i class=\"fa fa-minus-circle\"><\/i> Meddig kell a sz\u00e1mlasz\u00e1modra az \u00f6szt\u00f6nd\u00edjnak meg\u00e9rkeznie?\t\t\t\t<\/h4>\n\t\t\t<\/div>\n\t\t\t<div class=\"qe-toggle-content\">\n\t\t\t\t<p>Az \u00f6szt\u00f6nd\u00edj 5 h\u00f3napra sz\u00f3l, azaz 1 f\u00e9l\u00e9vre. Az els\u0151 \u00f6sszeg a szemeszter m\u00e1sodik hav\u00e1ban \u00e9rkezik, akkor term\u00e9szetesen k\u00e9t h\u00f3napnyi \u00f6szt\u00f6nd\u00edj. A k\u00f6vetkez\u0151 h\u00e1rom r\u00e9szlet pedig havonta, \u00e1ltal\u00e1ban a h\u00f3nap 10. napj\u00e1ig.<\/p>\n\t\t\t<\/div>\n\t\t<\/div>\n\t\t\t\t<div id=\"qaef-15250\" class=\"qe-faq-toggle tanulmanyi-osztondij\">\n\t\t\t<div class=\"qe-toggle-title\">\n\t\t\t\t<h4>\n\t\t\t\t\t<i class=\"fa fa-minus-circle\"><\/i> Milyen \u00f6szt\u00f6nd\u00edj kateg\u00f3ri\u00e1k vannak?\t\t\t\t<\/h4>\n\t\t\t<\/div>\n\t\t\t<div class=\"qe-toggle-content\">\n\t\t\t\t<ul style=\"list-style-type: disc\">\n<li class=\"hiddenContentp\">gy\u00e9m\u00e1nt fokozat<\/li>\n<li class=\"hiddenContentp\">arany fokozat<\/li>\n<li class=\"hiddenContentp\">ez\u00fcst fokozat<\/li>\n<li class=\"hiddenContentp\">bronz fokozat<\/li>\n<li class=\"hiddenContentp\">r\u00e9szleges \u00f6szt\u00f6nd\u00edj<\/li>\n<\/ul>\n\t\t\t<\/div>\n\t\t<\/div>\n\t\t\t\t<div id=\"qaef-15251\" class=\"qe-faq-toggle tanulmanyi-osztondij\">\n\t\t\t<div class=\"qe-toggle-title\">\n\t\t\t\t<h4>\n\t\t\t\t\t<i class=\"fa fa-minus-circle\"><\/i> Mit jelent a r\u00e9szleges \u00f6szt\u00f6nd\u00edj?\t\t\t\t<\/h4>\n\t\t\t<\/div>\n\t\t\t<div class=\"qe-toggle-content\">\n\t\t\t\t<p>A B\u00f3kay \u00d6szt\u00f6nd\u00edj r\u00e9szleges fokozat\u00e1ban r\u00e9szes\u00fcl, aki legal\u00e1bb az arany fokozathoz tartoz\u00f3 v\u00e9gleges hat\u00e1r\u00e9rt\u00e9ket el\u00e9rte, \u00e9s 12 \u00e9s 22 k\u00f6z\u00f6tti kreditet vett fel, tov\u00e1bb\u00e1 aki az ez\u00fcst fokozat v\u00e9gleges hat\u00e1r\u00e9rt\u00e9k\u00e9t el\u00e9rte, \u00e9s 18 \u00e9s 22 k\u00f6z\u00f6tti kreditet teljes\u00edtett.<\/p>\n\t\t\t<\/div>\n\t\t<\/div>\n\t\t\t\t<div id=\"qaef-15252\" class=\"qe-faq-toggle tanulmanyi-osztondij\">\n\t\t\t<div class=\"qe-toggle-title\">\n\t\t\t\t<h4>\n\t\t\t\t\t<i class=\"fa fa-minus-circle\"><\/i> Mit\u0151l f\u00fcgg, hogy egyes homog\u00e9n hallgat\u00f3i csoportokban mennyi lesz a bronz \u00f6szt\u00f6nd\u00edjhoz tartoz\u00f3 minimum \u00e1tlag?\t\t\t\t<\/h4>\n\t\t\t<\/div>\n\t\t\t<div class=\"qe-toggle-content\">\n\t\t\t\t<p>Az adott homog\u00e9n csoportok hallgat\u00f3inak maximum fele kaphat B\u00f3kay \u00d6szt\u00f6nd\u00edjat, \u00edgy az \u00e1tlagot a legjobban teljes\u00edt\u0151 hallgat\u00f3k teljes\u00edtm\u00e9nye alapj\u00e1n kell meghat\u00e1rozni.<\/p>\n\t\t\t<\/div>\n\t\t<\/div>\n\t\t\t\t<div id=\"qaef-15253\" class=\"qe-faq-toggle tanulmanyi-osztondij\">\n\t\t\t<div class=\"qe-toggle-title\">\n\t\t\t\t<h4>\n\t\t\t\t\t<i class=\"fa fa-minus-circle\"><\/i> Mit tehetsz akkor, hogyha \u00fagy l\u00e1tod, hogy \u00f6szt\u00f6nd\u00edjra vagy jogosult, de sz\u00e1modra nem ker\u00fclt ki\u00edr\u00e1sra a Neptun Rendszerben? (Neptun \u00fczenet ker\u00fcl kik\u00fcld\u00e9sre az \u00f6szt\u00f6nd\u00edjak ki\u00edr\u00e1s\u00e1nak id\u0151pontj\u00e1r\u00f3l)\t\t\t\t<\/h4>\n\t\t\t<\/div>\n\t\t\t<div class=\"qe-toggle-content\">\n\t\t\t\t<p class=\"hiddenContentp\">Els\u0151 l\u00e9p\u00e9sben jelezd ezt a\u00a0<a href=\"mailto:hok.education@semmelweis.hu\">hok.education@semmelweis.hu<\/a>\u00a0e-mail c\u00edmen. Itt megn\u00e9zz\u00fck, hogy meg lett-e \u00edt\u00e9lve az \u00f6szt\u00f6nd\u00edj \u00e9s csak az utal\u00e1ssal t\u00f6rt\u00e9nt probl\u00e9ma, vagy nem lett \u00f6szt\u00f6nd\u00edj meg\u00edt\u00e9lve. Ut\u00f3bbi esetben, hogyha nem lett meg\u00edt\u00e9lve, de jogosan \u00f6szt\u00f6nd\u00edj j\u00e1rna, eljuttatjuk a jav\u00edt\u00e1st a SZEB r\u00e9sz\u00e9re, tov\u00e1bbi teend\u0151d nincsen.<\/p>\n<p class=\"hiddenContentp\">Hogyha fellebbez\u00e9ssel szeretn\u00e9l \u00e9lni, akkor a NEPTUN Rendszerben t\u00f6rt\u00e9nt ki\u00edr\u00e1st\u00f3l sz\u00e1m\u00edtott 15 napon bel\u00fcl tudtok fellebbezni a Szoci\u00e1lis \u00e9s Es\u00e9lyegyenl\u0151s\u00e9gi Bizotts\u00e1gnak c\u00edmzett hallgat\u00f3i\u00a0<a href=\"https:\/\/semmelweis.hu\/hok\/files\/2019\/03\/Jogorvoslati-k%C3%A9relem.pdf\" target=\"_blank\" rel=\"noopener noreferrer\">jogorvoslati k\u00e9relemmel<\/a>. Ezt a\u00a0<a href=\"mailto:kozponti.szeb@semmelweis.hu\" target=\"_blank\" rel=\"noopener\">kozponti.szeb@semmelweis.hu<\/a>\u00a0\u00e9s a\u00a0<a href=\"mailto:hok.education@semmelweis.hu\">hok.education@semmelweis.hu<\/a>\u00a0c\u00edmre k\u00fcldj\u00e9tek el.<br \/>\n<span data-contrast=\"none\">A fellebbez\u00e9si id\u0151szak lez\u00e1r\u00e1s\u00e1t k\u00f6vet\u0151en fellebbez\u00e9ssel \u00e9lni nem lehet.<\/span><\/p>\n\t\t\t<\/div>\n\t\t<\/div>\n\t\t            <\/div>\n\t\t<\/p>\n","protected":false},"excerpt":{"rendered":"<p>Ezen az oldalon tal\u00e1lhatj\u00e1tok az \u00f6szt\u00f6nd\u00edjfokozatokhoz tartoz\u00f3 minimum \u00e1tlagokat, a TJSZ kivonat\u00e1t, ami a B\u00f3kay J\u00e1nos \u00d6szt\u00f6nd\u00edj szab\u00e1lyzat tartalmazza, \u00e9s n\u00e9h\u00e1ny gyakran felmer\u00fcl\u0151 k\u00e9rd\u00e9sre a v\u00e1laszt.<\/p>\n","protected":false},"author":102534,"featured_media":12395,"parent":12323,"menu_order":2,"comment_status":"closed","ping_status":"closed","template":"","meta":{"_acf_changed":false,"footnotes":""},"categories":[766],"tags":[602,584],"class_list":["post-12330","page","type-page","status-publish","has-post-thumbnail","hentry","category-archiv","tag-bokayodd","tag-palyod"],"acf":[],"_links":{"self":[{"href":"https:\/\/semmelweis.hu\/hok\/wp-json\/wp\/v2\/pages\/12330","targetHints":{"allow":["GET"]}}],"collection":[{"href":"https:\/\/semmelweis.hu\/hok\/wp-json\/wp\/v2\/pages"}],"about":[{"href":"https:\/\/semmelweis.hu\/hok\/wp-json\/wp\/v2\/types\/page"}],"author":[{"embeddable":true,"href":"https:\/\/semmelweis.hu\/hok\/wp-json\/wp\/v2\/users\/102534"}],"replies":[{"embeddable":true,"href":"https:\/\/semmelweis.hu\/hok\/wp-json\/wp\/v2\/comments?post=12330"}],"version-history":[{"count":12,"href":"https:\/\/semmelweis.hu\/hok\/wp-json\/wp\/v2\/pages\/12330\/revisions"}],"predecessor-version":[{"id":19371,"href":"https:\/\/semmelweis.hu\/hok\/wp-json\/wp\/v2\/pages\/12330\/revisions\/19371"}],"up":[{"embeddable":true,"href":"https:\/\/semmelweis.hu\/hok\/wp-json\/wp\/v2\/pages\/12323"}],"wp:featuredmedia":[{"embeddable":true,"href":"https:\/\/semmelweis.hu\/hok\/wp-json\/wp\/v2\/media\/12395"}],"wp:attachment":[{"href":"https:\/\/semmelweis.hu\/hok\/wp-json\/wp\/v2\/media?parent=12330"}],"wp:term":[{"taxonomy":"category","embeddable":true,"href":"https:\/\/semmelweis.hu\/hok\/wp-json\/wp\/v2\/categories?post=12330"},{"taxonomy":"post_tag","embeddable":true,"href":"https:\/\/semmelweis.hu\/hok\/wp-json\/wp\/v2\/tags?post=12330"}],"curies":[{"name":"wp","href":"https:\/\/api.w.org\/{rel}","templated":true}]}}