{"id":5402,"date":"2011-04-08T12:43:05","date_gmt":"2011-04-08T10:43:05","guid":{"rendered":"http:\/\/semmelweis-egyetem.hu\/hirek\/events\/"},"modified":"2026-02-11T08:34:05","modified_gmt":"2026-02-11T07:34:05","slug":"events","status":"publish","type":"page","link":"https:\/\/semmelweis.hu\/hirek\/events\/","title":{"rendered":"Esem\u00e9nyek"},"content":{"rendered":"<p><span style=\"font-size: 10pt;\">K\u00e9rj\u00fck, hogy ha a napt\u00e1rban egyetemi \u00e9rintetts\u00e9g\u0171 esem\u00e9nyt szeretne megjelentetni, a r\u00e9szleteket k\u00fcldje el a <a href=\"mailto:hirek@semmelweis-univ.hu\">hirek@semmelweis-univ.hu<\/a> c\u00edmre.<br \/>\n<span style=\"color: #ff0000;\">Ha nem tud v\u00e1ltani a h\u00f3napok k\u00f6z\u00f6tt, k\u00e9rj\u00fck, hogy Ctrl+F5 billenty\u0171kombin\u00e1ci\u00f3 seg\u00edts\u00e9g\u00e9vel friss\u00edtse be az oldalt.<\/span><\/span><\/p>\n<p>&nbsp;<\/p>\n<div class='eme-calendar-full' id='eme-calendar-173'><table class='eme-calendar-table fullcalendar'>\n<thead><tr><th class='month_name' colspan='7'><a class='prev-month eme-cal-prev-month' href='#' data-full='1' data-htmltable='1' data-htmldiv='0' data-long_events='' data-month='03' data-year='2026' data-category='0' data-author='' data-contact_person='' data-location_id='' data-notcategory='0' data-template_id='0' data-holiday_id='0' data-weekdays='' data-language='hu' data-calendar_divid='eme-calendar-173'>&lt;&lt;<\/a> 2026 \u00e1prilis <a class='next-month eme-cal-next-month' href=\"#\" data-full='1' data-htmltable='1' data-htmldiv='0' data-long_events='' data-month='05' data-year='2026' data-category='0' data-author='' data-contact_person='' data-location_id='' data-notcategory='0' data-template_id='0' data-holiday_id='0' data-weekdays='' data-language='hu' data-calendar_divid='eme-calendar-173'>&gt;&gt;<\/a><\/th>\n<\/tr><\/thead>\n<tr class='days-names'><td class='Mon_header'>h\u00e9t<\/td><td class='Tue_header'>ked<\/td><td class='Wed_header'>sze<\/td><td class='Thu_header'>cs\u00fc<\/td><td class='Fri_header'>p\u00e9n<\/td><td class='Sat_header'>szo<\/td><td class='Sun_header'>vas<\/td><\/tr>\n<tr><td class='Mon eventless-pre'><span class='span-eme-calday span-eme-calday-30'>30<\/span><\/td>\n<td class='Tue eventless-pre'><span class='span-eme-calday span-eme-calday-31'>31<\/span><\/td>\n<td class='Wed eventless'><span class='span-eme-calday span-eme-calday-1'>1<\/span><\/td>\n<td class='Thu eventless'><span class='span-eme-calday span-eme-calday-2'>2<\/span><\/td>\n<td class='Fri eventless'><span class='span-eme-calday span-eme-calday-3'>3<\/span><\/td>\n<td class='Sat eventless'><span class='span-eme-calday span-eme-calday-4'>4<\/span><\/td>\n<td class='Sun eventless'><span class='span-eme-calday span-eme-calday-5'>5<\/span><\/td>\n<\/tr>\n<tr><td class='Mon eventless'><span class='span-eme-calday span-eme-calday-6'>6<\/span><\/td>\n<td class='Tue eventless'><span class='span-eme-calday span-eme-calday-7'>7<\/span><\/td>\n<td class='Wed eventless'><span class='span-eme-calday span-eme-calday-8'>8<\/span><\/td>\n<td class='Thu eventless'><span class='span-eme-calday span-eme-calday-9'>9<\/span><\/td>\n<td class='Fri eventless'><span class='span-eme-calday span-eme-calday-10'>10<\/span><\/td>\n<td class='Sat eventless'><span class='span-eme-calday span-eme-calday-11'>11<\/span><\/td>\n<td class='Sun eventless'><span class='span-eme-calday span-eme-calday-12'>12<\/span><\/td>\n<\/tr>\n<tr><td class='Mon eventless'><span class='span-eme-calday span-eme-calday-13'>13<\/span><\/td>\n<td class='Tue eventless'><span class='span-eme-calday span-eme-calday-14'>14<\/span><\/td>\n<td class='Wed eventless'><span class='span-eme-calday span-eme-calday-15'>15<\/span><\/td>\n<td class='Thu eventful-today event-day-16'><span class='span-eme-calday span-eme-calday-16'><a title='Transplant Today 5.0,\u201eTudom\u00e1ny \u00e9s M\u0171v\u00e9szet K\u00f3r\u00e9lettana\u201d kurzus nyilv\u00e1nos el\u0151ad\u00e1sa' href='https:\/\/semmelweis.hu\/hirek\/events\/2026-04-16\/' >16<\/a><\/span><ul class='eme-calendar-day-event'><li><a href='https:\/\/semmelweis.hu\/hirek\/events\/transplant-today-2026\/' title='Transplant Today 5.0'>Transplant Today 5.0<\/a><\/li><li><a href='https:\/\/semmelweis.hu\/hirek\/events\/e2-80-9etudomany-es-muveszet-korelettana-e2-80-9d-kurzus-nyilvanos-eloadasa-22\/' title='\u201eTudom\u00e1ny \u00e9s M\u0171v\u00e9szet K\u00f3r\u00e9lettana\u201d kurzus nyilv\u00e1nos el\u0151ad\u00e1sa'>\u201eTudom\u00e1ny \u00e9s M\u0171v\u00e9szet K\u00f3r\u00e9lettana\u201d kurzus nyilv\u00e1nos el\u0151ad\u00e1sa<\/a><\/li><\/ul><\/td>\n<td class='Fri eventful event-day-17'><span class='span-eme-calday span-eme-calday-17'><a title='II. Semmelweis Borongol\u00f3' href='https:\/\/semmelweis.hu\/hirek\/events\/2026-04-17\/' >17<\/a><\/span><ul class='eme-calendar-day-event'><li><a href='https:\/\/semmelweis.hu\/alumni\/2026\/01\/12\/ii-semmelweis-borongolo-2026-aprilis-17\/' title='II. Semmelweis Borongol\u00f3'>II. Semmelweis Borongol\u00f3<\/a><\/li><\/ul><\/td>\n<td class='Sat eventful event-day-18'><span class='span-eme-calday span-eme-calday-18'><a title='Semmelweis Alumni: Tavaszi \u00e9vfolyamtal\u00e1lkoz\u00f3' href='https:\/\/semmelweis.hu\/hirek\/events\/2026-04-18\/' >18<\/a><\/span><ul class='eme-calendar-day-event'><li><a href='https:\/\/semmelweis.hu\/alumni\/2026\/01\/27\/jubileumi-evfolyamtalalkozok-2026\/' title='Semmelweis Alumni: Tavaszi \u00e9vfolyamtal\u00e1lkoz\u00f3'>Semmelweis Alumni: Tavaszi \u00e9vfolyamtal\u00e1lkoz\u00f3<\/a><\/li><\/ul><\/td>\n<td class='Sun eventless'><span class='span-eme-calday span-eme-calday-19'>19<\/span><\/td>\n<\/tr>\n<tr><td class='Mon eventful event-day-20'><span class='span-eme-calday span-eme-calday-20'><a title='Szenior Akad\u00e9mia 2026. tavaszi szemeszter: 9. Nukle\u00e1ris medicina: k\u00e9palkot\u00e1ssal a funkcion\u00e1lis elv\u00e1ltoz\u00e1sok nyom\u00e1ban' href='https:\/\/semmelweis.hu\/hirek\/events\/2026-04-20\/' >20<\/a><\/span><ul class='eme-calendar-day-event'><li><a href='https:\/\/semmelweis.hu\/hirek\/events\/szenior-akademia-2026-tavaszi-szemeszter-9-nuklearis-medicina-kepalkotassal-a-funkcionalis-elvaltozasok-nyomaban\/' title='Szenior Akad\u00e9mia 2026. tavaszi szemeszter: 9. Nukle\u00e1ris medicina: k\u00e9palkot\u00e1ssal a funkcion\u00e1lis elv\u00e1ltoz\u00e1sok nyom\u00e1ban'>Szenior Akad\u00e9mia 2026. tavaszi szemeszter: 9. Nukle\u00e1ris medicina: k\u00e9palkot\u00e1ssal a funkcion\u00e1lis elv\u00e1ltoz\u00e1sok nyom\u00e1ban<\/a><\/li><\/ul><\/td>\n<td class='Tue eventful event-day-21'><span class='span-eme-calday span-eme-calday-21'><a title='Transzl\u00e1ci\u00f3s Medicina K\u00f6zpont: PhD v\u00e9d\u00e9sek I.' href='https:\/\/semmelweis.hu\/hirek\/events\/2026-04-21\/' >21<\/a><\/span><ul class='eme-calendar-day-event'><li><a href='https:\/\/semmelweis.hu\/tmk\/events\/104\/phd-vedes-kubik-andras-acs-julia-skribek-benjamin-konya-marton-filipov-teodora-kovacs-adrienn\/' title='Transzl\u00e1ci\u00f3s Medicina K\u00f6zpont: PhD v\u00e9d\u00e9sek I.'>Transzl\u00e1ci\u00f3s Medicina K\u00f6zpont: PhD v\u00e9d\u00e9sek I.<\/a><\/li><\/ul><\/td>\n<td class='Wed eventful event-day-22'><span class='span-eme-calday span-eme-calday-22'><a title='Transzl\u00e1ci\u00f3s Medicina K\u00f6zpont: PhD v\u00e9d\u00e9sek II.' href='https:\/\/semmelweis.hu\/hirek\/events\/2026-04-22\/' >22<\/a><\/span><ul class='eme-calendar-day-event'><li><a href='https:\/\/semmelweis.hu\/tmk\/events\/105\/phd-vedes-tari-edina-gagyi-endre-botond-diana-elena-floria-tarjan-dorottya-garai-reka-szabados-marton-hernadfoi-mark-viktor\/' title='Transzl\u00e1ci\u00f3s Medicina K\u00f6zpont: PhD v\u00e9d\u00e9sek II.'>Transzl\u00e1ci\u00f3s Medicina K\u00f6zpont: PhD v\u00e9d\u00e9sek II.<\/a><\/li><\/ul><\/td>\n<td class='Thu eventful event-day-23'><span class='span-eme-calday span-eme-calday-23'><a title='International Workshop on Precision Antibiotic Therapy (3\/1),Preoperat\u00edv T\u00e1pl\u00e1l\u00e1si Workshop &#8211; I. Magyarorsz\u00e1gi ERAS \u00e9s Prehabilit\u00e1ci\u00f3s Kongresszus,Transzl\u00e1ci\u00f3s Medicina K\u00f6zpont: PhD v\u00e9d\u00e9sek III.,George Berci Seb\u00e9szeti Oktat\u00f3 \u00e9s Kutat\u00f3 Laborat\u00f3rium \u00fcnnep\u00e9lyes \u00e1tad\u00e1sa,Alumni Szalon: Digit\u00e1lis eg\u00e9szs\u00e9g\u00fcgy a mindennapi orvosl\u00e1sban' href='https:\/\/semmelweis.hu\/hirek\/events\/2026-04-23\/' >23<\/a><\/span><ul class='eme-calendar-day-event'><li><a href='https:\/\/semmelweis.hu\/alumni\/en\/2026\/02\/23\/international-workshop-on-precision-antibiotic-therapy-23-25-april-2026\/' title='International Workshop on Precision Antibiotic Therapy (3\/1)'>International Workshop on Precision Antibiotic Therapy (3\/1)<\/a><\/li><li><a href='https:\/\/erasprehab2026.timelessevent.hu\/program\/' title='Preoperat\u00edv T\u00e1pl\u00e1l\u00e1si Workshop - I. Magyarorsz\u00e1gi ERAS \u00e9s Prehabilit\u00e1ci\u00f3s Kongresszus'>Preoperat\u00edv T\u00e1pl\u00e1l\u00e1si Workshop &#8211; I. Magyarorsz\u00e1gi ERAS \u00e9s Prehabilit\u00e1ci\u00f3s Kongresszus<\/a><\/li><li><a href='https:\/\/semmelweis.hu\/tmk\/events\/106\/phd-vedes-uhrin-eszter-elias-leon-nolden-solyom-eleonora-esra-zhubi-kancsev-alexander\/' title='Transzl\u00e1ci\u00f3s Medicina K\u00f6zpont: PhD v\u00e9d\u00e9sek III.'>Transzl\u00e1ci\u00f3s Medicina K\u00f6zpont: PhD v\u00e9d\u00e9sek III.<\/a><\/li><li><a href='https:\/\/semmelweis.hu\/hirek\/events\/george-berci-sebeszeti-oktato-es-kutato-laboratorium-unnepelyes-atadasa\/' title='George Berci Seb\u00e9szeti Oktat\u00f3 \u00e9s Kutat\u00f3 Laborat\u00f3rium \u00fcnnep\u00e9lyes \u00e1tad\u00e1sa'>George Berci Seb\u00e9szeti Oktat\u00f3 \u00e9s Kutat\u00f3 Laborat\u00f3rium \u00fcnnep\u00e9lyes \u00e1tad\u00e1sa<\/a><\/li><li><a href='https:\/\/semmelweis.hu\/alumni\/rendezvenyek\/alumni-szalon\/' title='Alumni Szalon: Digit\u00e1lis eg\u00e9szs\u00e9g\u00fcgy a mindennapi orvosl\u00e1sban'>Alumni Szalon: Digit\u00e1lis eg\u00e9szs\u00e9g\u00fcgy a mindennapi orvosl\u00e1sban<\/a><\/li><\/ul><\/td>\n<td class='Fri eventful event-day-24'><span class='span-eme-calday span-eme-calday-24'><a title='International Workshop on Precision Antibiotic Therapy (3\/2),Preoperat\u00edv T\u00e1pl\u00e1l\u00e1si Workshop &#8211; I. Magyarorsz\u00e1gi ERAS \u00e9s Prehabilit\u00e1ci\u00f3s Kongresszus' href='https:\/\/semmelweis.hu\/hirek\/events\/2026-04-24\/' >24<\/a><\/span><ul class='eme-calendar-day-event'><li><a href='https:\/\/semmelweis.hu\/alumni\/en\/2026\/02\/23\/international-workshop-on-precision-antibiotic-therapy-23-25-april-2026\/' title='International Workshop on Precision Antibiotic Therapy (3\/2)'>International Workshop on Precision Antibiotic Therapy (3\/2)<\/a><\/li><li><a href='https:\/\/erasprehab2026.timelessevent.hu\/program\/' title='Preoperat\u00edv T\u00e1pl\u00e1l\u00e1si Workshop - I. Magyarorsz\u00e1gi ERAS \u00e9s Prehabilit\u00e1ci\u00f3s Kongresszus'>Preoperat\u00edv T\u00e1pl\u00e1l\u00e1si Workshop &#8211; I. Magyarorsz\u00e1gi ERAS \u00e9s Prehabilit\u00e1ci\u00f3s Kongresszus<\/a><\/li><\/ul><\/td>\n<td class='Sat eventful event-day-25'><span class='span-eme-calday span-eme-calday-25'><a title='International Workshop on Precision Antibiotic Therapy (3\/3),XI. MERI Sportnap' href='https:\/\/semmelweis.hu\/hirek\/events\/2026-04-25\/' >25<\/a><\/span><ul class='eme-calendar-day-event'><li><a href='https:\/\/semmelweis.hu\/alumni\/en\/2026\/02\/23\/international-workshop-on-precision-antibiotic-therapy-23-25-april-2026\/' title='International Workshop on Precision Antibiotic Therapy (3\/3)'>International Workshop on Precision Antibiotic Therapy (3\/3)<\/a><\/li><li><a href='https:\/\/semmelweis.hu\/hirek\/events\/xi-meri-sportnap\/' title='XI. MERI Sportnap'>XI. MERI Sportnap<\/a><\/li><\/ul><\/td>\n<td class='Sun eventless'><span class='span-eme-calday span-eme-calday-26'>26<\/span><\/td>\n<\/tr>\n<tr><td class='Mon eventful event-day-27'><span class='span-eme-calday span-eme-calday-27'><a title='Szenior Akad\u00e9mia 2026. tavaszi szemeszter: 10. A reflux betegs\u00e9g meg\u00edt\u00e9l\u00e9s\u00e9nek ellentmond\u00e1sai' href='https:\/\/semmelweis.hu\/hirek\/events\/2026-04-27\/' >27<\/a><\/span><ul class='eme-calendar-day-event'><li><a href='https:\/\/semmelweis.hu\/hirek\/events\/szenior-akademia-2026-tavaszi-szemeszter-a-reflux-betegseg-megitelesenek-ellentmondasai\/' title='Szenior Akad\u00e9mia 2026. tavaszi szemeszter: 10. A reflux betegs\u00e9g meg\u00edt\u00e9l\u00e9s\u00e9nek ellentmond\u00e1sai'>Szenior Akad\u00e9mia 2026. tavaszi szemeszter: 10. A reflux betegs\u00e9g meg\u00edt\u00e9l\u00e9s\u00e9nek ellentmond\u00e1sai<\/a><\/li><\/ul><\/td>\n<td class='Tue eventful event-day-28'><span class='span-eme-calday span-eme-calday-28'><a title='Fekete Gy\u00f6rgy Gyermekgy\u00f3gy\u00e1szati Tov\u00e1bbk\u00e9pz\u0151 Sorozat: Utaz\u00e1si, tr\u00f3pusi betegs\u00e9gek, nem k\u00f6telez\u0151 v\u00e9d\u0151olt\u00e1sok' href='https:\/\/semmelweis.hu\/hirek\/events\/2026-04-28\/' >28<\/a><\/span><ul class='eme-calendar-day-event'><li><a href='https:\/\/semmelweis.hu\/tuzoltoklinika\/hu\/events\/utazasi-tropusi-betegsegek-nem-kotelezo-vedooltasok\/' title='Fekete Gy\u00f6rgy Gyermekgy\u00f3gy\u00e1szati Tov\u00e1bbk\u00e9pz\u0151 Sorozat: Utaz\u00e1si, tr\u00f3pusi betegs\u00e9gek, nem k\u00f6telez\u0151 v\u00e9d\u0151olt\u00e1sok'>Fekete Gy\u00f6rgy Gyermekgy\u00f3gy\u00e1szati Tov\u00e1bbk\u00e9pz\u0151 Sorozat: Utaz\u00e1si, tr\u00f3pusi betegs\u00e9gek, nem k\u00f6telez\u0151 v\u00e9d\u0151olt\u00e1sok<\/a><\/li><\/ul><\/td>\n<td class='Wed eventful event-day-29'><span class='span-eme-calday span-eme-calday-29'><a title='XXX. Kor\u00e1nyi Frigyes Tudom\u00e1nyos F\u00f3rum 2026' href='https:\/\/semmelweis.hu\/hirek\/events\/2026-04-29\/' >29<\/a><\/span><ul class='eme-calendar-day-event'><li><a href='https:\/\/semmelweis.hu\/szakkollegium\/xxx-koranyi-frigyes-tudomanyos-forum-2026\/' title='XXX. Kor\u00e1nyi Frigyes Tudom\u00e1nyos F\u00f3rum 2026'>XXX. Kor\u00e1nyi Frigyes Tudom\u00e1nyos F\u00f3rum 2026<\/a><\/li><\/ul><\/td>\n<td class='Thu eventful event-day-30'><span class='span-eme-calday span-eme-calday-30'><a title='XXX. Kor\u00e1nyi Frigyes Tudom\u00e1nyos F\u00f3rum 2026' href='https:\/\/semmelweis.hu\/hirek\/events\/2026-04-30\/' >30<\/a><\/span><ul class='eme-calendar-day-event'><li><a href='https:\/\/semmelweis.hu\/szakkollegium\/xxx-koranyi-frigyes-tudomanyos-forum-2026\/' title='XXX. Kor\u00e1nyi Frigyes Tudom\u00e1nyos F\u00f3rum 2026'>XXX. Kor\u00e1nyi Frigyes Tudom\u00e1nyos F\u00f3rum 2026<\/a><\/li><\/ul><\/td>\n<td class='Fri eventless-post'><span class='span-eme-calday span-eme-calday-1'>1<\/span><\/td>\n<td class='Sat eventless-post'><span class='span-eme-calday span-eme-calday-2'>2<\/span><\/td>\n<td class='Sun eventless-post'><span class='span-eme-calday span-eme-calday-3'>3<\/span><\/td>\n<\/tr>\n<\/table>\n<\/div>\n","protected":false},"excerpt":{"rendered":"<p>A Semmelweis Egyetem rendezv\u00e9nyeinek napt\u00e1ra.<\/p>\n","protected":false},"author":158,"featured_media":0,"parent":0,"menu_order":0,"comment_status":"closed","ping_status":"closed","template":"","meta":{"_acf_changed":false,"footnotes":""},"categories":[],"tags":[],"class_list":["post-5402","page","type-page","status-publish","hentry"],"acf":[],"_links":{"self":[{"href":"https:\/\/semmelweis.hu\/hirek\/wp-json\/wp\/v2\/pages\/5402","targetHints":{"allow":["GET"]}}],"collection":[{"href":"https:\/\/semmelweis.hu\/hirek\/wp-json\/wp\/v2\/pages"}],"about":[{"href":"https:\/\/semmelweis.hu\/hirek\/wp-json\/wp\/v2\/types\/page"}],"author":[{"embeddable":true,"href":"https:\/\/semmelweis.hu\/hirek\/wp-json\/wp\/v2\/users\/158"}],"replies":[{"embeddable":true,"href":"https:\/\/semmelweis.hu\/hirek\/wp-json\/wp\/v2\/comments?post=5402"}],"version-history":[{"count":12,"href":"https:\/\/semmelweis.hu\/hirek\/wp-json\/wp\/v2\/pages\/5402\/revisions"}],"predecessor-version":[{"id":164692,"href":"https:\/\/semmelweis.hu\/hirek\/wp-json\/wp\/v2\/pages\/5402\/revisions\/164692"}],"wp:attachment":[{"href":"https:\/\/semmelweis.hu\/hirek\/wp-json\/wp\/v2\/media?parent=5402"}],"wp:term":[{"taxonomy":"category","embeddable":true,"href":"https:\/\/semmelweis.hu\/hirek\/wp-json\/wp\/v2\/categories?post=5402"},{"taxonomy":"post_tag","embeddable":true,"href":"https:\/\/semmelweis.hu\/hirek\/wp-json\/wp\/v2\/tags?post=5402"}],"curies":[{"name":"wp","href":"https:\/\/api.w.org\/{rel}","templated":true}]}}