{"id":117743,"date":"2022-07-27T13:50:10","date_gmt":"2022-07-27T11:50:10","guid":{"rendered":"https:\/\/semmelweis.hu\/hirek\/?page_id=117743"},"modified":"2022-11-10T11:21:50","modified_gmt":"2022-11-10T10:21:50","slug":"semmelweis-international-40","status":"publish","type":"page","link":"https:\/\/semmelweis.hu\/hirek\/semmelweis-international-40\/","title":{"rendered":"Semmelweis International 40."},"content":{"rendered":"<div id=\"events-page\">\n<div class=\"event-content\" style=\"margin-top:0\">\n<div class='event-list'><article class=\"entry-content col-12 px-normal\">\n  <div class=\"row\">\n\t<div class=\"event-date col-2 px-0 eme-past-event-light\">\n\t  <div class=\"event-date-day eme-past-event\">\n\t\t<div class=\"event-date-daynum\">1<\/div>\n\t\t<div class=\"event-date-month text-uppercase\">szept<\/div>\n\t  <\/div>\n\t  <div class=\"event-day-name eme-past-event\">cs\u00fct\u00f6rt\u00f6k<\/div>\n\t<\/div>\n\t<div class=\"event-data col-10 px-2\">\n\t  <div class=\"event-day\">\n\t\t<div class=\"event-name py-2\"><a href='https:\/\/semmelweis.hu\/alumni\/2022\/08\/18\/elindult-a-jelentkezes-az-idei-nyari-egyetemre\/' title='Ny\u00e1ri Egyetem'>Ny\u00e1ri Egyetem<\/a><\/div>\n\t\t<div class=\"event-location py-1\"><i class=\"fa fa-map-marker\" aria-hidden=\"true\"><\/i>Elm\u00e9leti Orvostudom\u00e1nyi K\u00f6zpont, <strong>1094 Budapest,, T\u0171zolt\u00f3 utca 37-47.<\/strong><\/div>\n\t\t<div class=\"event-start pb-2\"><i class=\"fa fa-calendar-o\" aria-hidden=\"true\"><\/i>2022. <strong>szeptember 01.<\/strong> - cs\u00fct\u00f6rt\u00f6k <i class=\"fa fa-clock-o\" aria-hidden=\"true\"><\/i>08:00\n                <\/div>\n\t  <\/div>\n\t<\/div>\n  <\/div>\n<\/article><article class=\"entry-content col-12 px-normal\">\n  <div class=\"row\">\n\t<div class=\"event-date col-2 px-0 eme-past-event-light\">\n\t  <div class=\"event-date-day eme-past-event\">\n\t\t<div class=\"event-date-daynum\">2<\/div>\n\t\t<div class=\"event-date-month text-uppercase\">szept<\/div>\n\t  <\/div>\n\t  <div class=\"event-day-name eme-past-event\">p\u00e9ntek<\/div>\n\t<\/div>\n\t<div class=\"event-data col-10 px-2\">\n\t  <div class=\"event-day\">\n\t\t<div class=\"event-name py-2\"><a href='https:\/\/semmelweis.hu\/alumni\/2022\/08\/18\/elindult-a-jelentkezes-az-idei-nyari-egyetemre\/' title='Ny\u00e1ri Egyetem'>Ny\u00e1ri Egyetem<\/a><\/div>\n\t\t<div class=\"event-location py-1\"><i class=\"fa fa-map-marker\" aria-hidden=\"true\"><\/i>Elm\u00e9leti Orvostudom\u00e1nyi K\u00f6zpont, <strong>1094 Budapest,, T\u0171zolt\u00f3 utca 37-47.<\/strong><\/div>\n\t\t<div class=\"event-start pb-2\"><i class=\"fa fa-calendar-o\" aria-hidden=\"true\"><\/i>2022. <strong>szeptember 02.<\/strong> - p\u00e9ntek <i class=\"fa fa-clock-o\" aria-hidden=\"true\"><\/i>08:00\n                <\/div>\n\t  <\/div>\n\t<\/div>\n  <\/div>\n<\/article><article class=\"entry-content col-12 px-normal\">\n  <div class=\"row\">\n\t<div class=\"event-date col-2 px-0 eme-past-event-light\">\n\t  <div class=\"event-date-day eme-past-event\">\n\t\t<div class=\"event-date-daynum\">3<\/div>\n\t\t<div class=\"event-date-month text-uppercase\">szept<\/div>\n\t  <\/div>\n\t  <div class=\"event-day-name eme-past-event\">szombat<\/div>\n\t<\/div>\n\t<div class=\"event-data col-10 px-2\">\n\t  <div class=\"event-day\">\n\t\t<div class=\"event-name py-2\"><a href='https:\/\/semmelweis.hu\/hirek\/events\/tanevnyito-unnepseg\/' title='Tan\u00e9vnyit\u00f3 \u00fcnneps\u00e9g'>Tan\u00e9vnyit\u00f3 \u00fcnneps\u00e9g<\/a><\/div>\n\t\t<div class=\"event-location py-1\"><i class=\"fa fa-map-marker\" aria-hidden=\"true\"><\/i>MVM Dome, <strong>Budapest, \u00dcll\u0151i \u00fat 133-135.<\/strong><\/div>\n\t\t<div class=\"event-start pb-2\"><i class=\"fa fa-calendar-o\" aria-hidden=\"true\"><\/i>2022. <strong>szeptember 03.<\/strong> - szombat <i class=\"fa fa-clock-o\" aria-hidden=\"true\"><\/i>10:00\n                <\/div>\n\t  <\/div>\n\t<\/div>\n  <\/div>\n<\/article><article class=\"entry-content col-12 px-normal\">\n  <div class=\"row\">\n\t<div class=\"event-date col-2 px-0 eme-past-event-light\">\n\t  <div class=\"event-date-day eme-past-event\">\n\t\t<div class=\"event-date-daynum\">7<\/div>\n\t\t<div class=\"event-date-month text-uppercase\">okt<\/div>\n\t  <\/div>\n\t  <div class=\"event-day-name eme-past-event\">p\u00e9ntek<\/div>\n\t<\/div>\n\t<div class=\"event-data col-10 px-2\">\n\t  <div class=\"event-day\">\n\t\t<div class=\"event-name py-2\"><a href='https:\/\/semmelweis.hu\/hirek\/events\/pak-jotekonysagi-koncert-a-zeneakademian-charity-concert-organised-by-the-andras-peto-faculty\/' title='PAK j\u00f3t\u00e9konys\u00e1gi koncert a Zeneakad\u00e9mi\u00e1n '>PAK j\u00f3t\u00e9konys\u00e1gi koncert a Zeneakad\u00e9mi\u00e1n <\/a><\/div>\n\t\t<div class=\"event-location py-1\"><i class=\"fa fa-map-marker\" aria-hidden=\"true\"><\/i>Zeneakad\u00e9mia, <strong>Budapest, Liszt Ferenc t\u00e9r 8.<\/strong><\/div>\n\t\t<div class=\"event-start pb-2\"><i class=\"fa fa-calendar-o\" aria-hidden=\"true\"><\/i>2022. <strong>okt\u00f3ber 07.<\/strong> - p\u00e9ntek <i class=\"fa fa-clock-o\" aria-hidden=\"true\"><\/i>19:00\n                <\/div>\n\t  <\/div>\n\t<\/div>\n  <\/div>\n<\/article><article class=\"entry-content col-12 px-normal\">\n  <div class=\"row\">\n\t<div class=\"event-date col-2 px-0 eme-past-event-light\">\n\t  <div class=\"event-date-day eme-past-event\">\n\t\t<div class=\"event-date-daynum\">13<\/div>\n\t\t<div class=\"event-date-month text-uppercase\">okt<\/div>\n\t  <\/div>\n\t  <div class=\"event-day-name eme-past-event\">cs\u00fct\u00f6rt\u00f6k<\/div>\n\t<\/div>\n\t<div class=\"event-data col-10 px-2\">\n\t  <div class=\"event-day\">\n\t\t<div class=\"event-name py-2\"><a href='https:\/\/semmelweis.hu\/hirek\/events\/rectors-assembly-in-budapest\/' title='Rectors&#039; Assembly (EuniWell) &amp; Tempus k\u00f6zgy\u0171l\u00e9s '>Rectors&#039; Assembly (EuniWell) &amp; Tempus k\u00f6zgy\u0171l\u00e9s <\/a><\/div>\n\t\t<div class=\"event-location py-1\"><i class=\"fa fa-map-marker\" aria-hidden=\"true\"><\/i>K\u00f6zponti Igazgat\u00e1si \u00c9p\u00fclet, Semmelweis Egyetem, <strong>Budapest, \u00dcll\u0151i \u00fat 26.<\/strong><\/div>\n\t\t<div class=\"event-start pb-2\"><i class=\"fa fa-calendar-o\" aria-hidden=\"true\"><\/i>2022. <strong>okt\u00f3ber 13.<\/strong> - cs\u00fct\u00f6rt\u00f6k <i class=\"fa fa-clock-o\" aria-hidden=\"true\"><\/i>10:00\n                <\/div>\n\t  <\/div>\n\t<\/div>\n  <\/div>\n<\/article><article class=\"entry-content col-12 px-normal\">\n  <div class=\"row\">\n\t<div class=\"event-date col-2 px-0 eme-past-event-light\">\n\t  <div class=\"event-date-day eme-past-event\">\n\t\t<div class=\"event-date-daynum\">14<\/div>\n\t\t<div class=\"event-date-month text-uppercase\">okt<\/div>\n\t  <\/div>\n\t  <div class=\"event-day-name eme-past-event\">p\u00e9ntek<\/div>\n\t<\/div>\n\t<div class=\"event-data col-10 px-2\">\n\t  <div class=\"event-day\">\n\t\t<div class=\"event-name py-2\"><a href='https:\/\/semmelweis.hu\/hirek\/events\/euniwell-mental-health-symposium\/' title='EUniWell Mental Health Symposium'>EUniWell Mental Health Symposium<\/a><\/div>\n\t\t<div class=\"event-location py-1\"><i class=\"fa fa-map-marker\" aria-hidden=\"true\"><\/i>A le\u00edr\u00e1snak megfelel\u0151en, <strong>ld., program<\/strong><\/div>\n\t\t<div class=\"event-start pb-2\"><i class=\"fa fa-calendar-o\" aria-hidden=\"true\"><\/i>2022. <strong>okt\u00f3ber 14.<\/strong> - p\u00e9ntek <i class=\"fa fa-clock-o\" aria-hidden=\"true\"><\/i>09:00\n                <\/div>\n\t  <\/div>\n\t<\/div>\n  <\/div>\n<\/article><article class=\"entry-content col-12 px-normal\">\n  <div class=\"row\">\n\t<div class=\"event-date col-2 px-0 eme-past-event-light\">\n\t  <div class=\"event-date-day eme-past-event\">\n\t\t<div class=\"event-date-daynum\">15<\/div>\n\t\t<div class=\"event-date-month text-uppercase\">okt<\/div>\n\t  <\/div>\n\t  <div class=\"event-day-name eme-past-event\">szombat<\/div>\n\t<\/div>\n\t<div class=\"event-data col-10 px-2\">\n\t  <div class=\"event-day\">\n\t\t<div class=\"event-name py-2\"><a href='https:\/\/semmelweis.hu\/hirek\/events\/euniwell-mental-health-symposium-2\/' title='EUniWell Mental Health Symposium'>EUniWell Mental Health Symposium<\/a><\/div>\n\t\t<div class=\"event-location py-1\"><i class=\"fa fa-map-marker\" aria-hidden=\"true\"><\/i>A le\u00edr\u00e1snak megfelel\u0151en, <strong>ld., program<\/strong><\/div>\n\t\t<div class=\"event-start pb-2\"><i class=\"fa fa-calendar-o\" aria-hidden=\"true\"><\/i>2022. <strong>okt\u00f3ber 15.<\/strong> - szombat <i class=\"fa fa-clock-o\" aria-hidden=\"true\"><\/i>09:00\n                <\/div>\n\t  <\/div>\n\t<\/div>\n  <\/div>\n<\/article><article class=\"entry-content col-12 px-normal\">\n  <div class=\"row\">\n\t<div class=\"event-date col-2 px-0 eme-past-event-light\">\n\t  <div class=\"event-date-day eme-past-event\">\n\t\t<div class=\"event-date-daynum\">7<\/div>\n\t\t<div class=\"event-date-month text-uppercase\">nov<\/div>\n\t  <\/div>\n\t  <div class=\"event-day-name eme-past-event\">h\u00e9tf\u0151<\/div>\n\t<\/div>\n\t<div class=\"event-data col-10 px-2\">\n\t  <div class=\"event-day\">\n\t\t<div class=\"event-name py-2\"><a href='https:\/\/semmelweis.hu\/hirek\/events\/semmelweis-symposium-covid-conference\/' title='Semmelweis Symposium &amp; Covid Konferencia'>Semmelweis Symposium &amp; Covid Konferencia<\/a><\/div>\n\t\t<div class=\"event-location py-1\"><i class=\"fa fa-map-marker\" aria-hidden=\"true\"><\/i>Elm\u00e9leti Orvostudom\u00e1nyi K\u00f6zpont, <strong>1094 Budapest,, T\u0171zolt\u00f3 utca 37-47.<\/strong><\/div>\n\t\t<div class=\"event-start pb-2\"><i class=\"fa fa-calendar-o\" aria-hidden=\"true\"><\/i>2022. <strong>november 07.<\/strong> - h\u00e9tf\u0151 <i class=\"fa fa-clock-o\" aria-hidden=\"true\"><\/i>08:00\n                <\/div>\n\t  <\/div>\n\t<\/div>\n  <\/div>\n<\/article><article class=\"entry-content col-12 px-normal\">\n  <div class=\"row\">\n\t<div class=\"event-date col-2 px-0 eme-past-event-light\">\n\t  <div class=\"event-date-day eme-past-event\">\n\t\t<div class=\"event-date-daynum\">8<\/div>\n\t\t<div class=\"event-date-month text-uppercase\">nov<\/div>\n\t  <\/div>\n\t  <div class=\"event-day-name eme-past-event\">kedd<\/div>\n\t<\/div>\n\t<div class=\"event-data col-10 px-2\">\n\t  <div class=\"event-day\">\n\t\t<div class=\"event-name py-2\"><a href='https:\/\/semmelweis.hu\/hirek\/events\/semmelweis-symposium-covid-conference-2\/' title='Semmelweis Symposium &amp; Covid Konferencia'>Semmelweis Symposium &amp; Covid Konferencia<\/a><\/div>\n\t\t<div class=\"event-location py-1\"><i class=\"fa fa-map-marker\" aria-hidden=\"true\"><\/i>Elm\u00e9leti Orvostudom\u00e1nyi K\u00f6zpont, <strong>1094 Budapest,, T\u0171zolt\u00f3 utca 37-47.<\/strong><\/div>\n\t\t<div class=\"event-start pb-2\"><i class=\"fa fa-calendar-o\" aria-hidden=\"true\"><\/i>2022. <strong>november 08.<\/strong> - kedd <i class=\"fa fa-clock-o\" aria-hidden=\"true\"><\/i>12:38\n                <\/div>\n\t  <\/div>\n\t<\/div>\n  <\/div>\n<\/article><article class=\"entry-content col-12 px-normal\">\n  <div class=\"row\">\n\t<div class=\"event-date col-2 px-0 eme-past-event-light\">\n\t  <div class=\"event-date-day eme-past-event\">\n\t\t<div class=\"event-date-daynum\">9<\/div>\n\t\t<div class=\"event-date-month text-uppercase\">nov<\/div>\n\t  <\/div>\n\t  <div class=\"event-day-name eme-past-event\">szerda<\/div>\n\t<\/div>\n\t<div class=\"event-data col-10 px-2\">\n\t  <div class=\"event-day\">\n\t\t<div class=\"event-name py-2\"><a href='https:\/\/semmelweis.hu\/hirek\/events\/semmelweis-symposium-covid-conference-3\/' title='Semmelweis Symposium &amp; Covid Konferencia'>Semmelweis Symposium &amp; Covid Konferencia<\/a><\/div>\n\t\t<div class=\"event-location py-1\"><i class=\"fa fa-map-marker\" aria-hidden=\"true\"><\/i>Elm\u00e9leti Orvostudom\u00e1nyi K\u00f6zpont, <strong>1094 Budapest,, T\u0171zolt\u00f3 utca 37-47.<\/strong><\/div>\n\t\t<div class=\"event-start pb-2\"><i class=\"fa fa-calendar-o\" aria-hidden=\"true\"><\/i>2022. <strong>november 09.<\/strong> - szerda <i class=\"fa fa-clock-o\" aria-hidden=\"true\"><\/i>12:38\n                <\/div>\n\t  <\/div>\n\t<\/div>\n  <\/div>\n<\/article><article class=\"entry-content col-12 px-normal\">\n  <div class=\"row\">\n\t<div class=\"event-date col-2 px-0 eme-past-event-light\">\n\t  <div class=\"event-date-day eme-past-event\">\n\t\t<div class=\"event-date-daynum\">25<\/div>\n\t\t<div class=\"event-date-month text-uppercase\">nov<\/div>\n\t  <\/div>\n\t  <div class=\"event-day-name eme-past-event\">p\u00e9ntek<\/div>\n\t<\/div>\n\t<div class=\"event-data col-10 px-2\">\n\t  <div class=\"event-day\">\n\t\t<div class=\"event-name py-2\"><a href='https:\/\/semmelweis.hu\/pak\/2022\/10\/18\/xi-vilagkongresszus-a-konduktiv-pedagogiarol\/' title='XI. Kondukt\u00edv Nevel\u00e9si Vil\u00e1gkongresszus'>XI. Kondukt\u00edv Nevel\u00e9si Vil\u00e1gkongresszus<\/a><\/div>\n\t\t<div class=\"event-location py-1\"><i class=\"fa fa-map-marker\" aria-hidden=\"true\"><\/i>Online, <strong>, digit\u00e1lis el\u00e9rhet\u0151s\u00e9g<\/strong><\/div>\n\t\t<div class=\"event-start pb-2\"><i class=\"fa fa-calendar-o\" aria-hidden=\"true\"><\/i>2022. <strong>november 25.<\/strong> - p\u00e9ntek <i class=\"fa fa-clock-o\" aria-hidden=\"true\"><\/i>09:00\n                <\/div>\n\t  <\/div>\n\t<\/div>\n  <\/div>\n<\/article><article class=\"entry-content col-12 px-normal\">\n  <div class=\"row\">\n\t<div class=\"event-date col-2 px-0 eme-past-event-light\">\n\t  <div class=\"event-date-day eme-past-event\">\n\t\t<div class=\"event-date-daynum\">26<\/div>\n\t\t<div class=\"event-date-month text-uppercase\">nov<\/div>\n\t  <\/div>\n\t  <div class=\"event-day-name eme-past-event\">szombat<\/div>\n\t<\/div>\n\t<div class=\"event-data col-10 px-2\">\n\t  <div class=\"event-day\">\n\t\t<div class=\"event-name py-2\"><a href='https:\/\/semmelweis.hu\/pak\/2022\/10\/18\/xi-vilagkongresszus-a-konduktiv-pedagogiarol\/' title='XI. Kondukt\u00edv Nevel\u00e9si Vil\u00e1gkongresszus'>XI. Kondukt\u00edv Nevel\u00e9si Vil\u00e1gkongresszus<\/a><\/div>\n\t\t<div class=\"event-location py-1\"><i class=\"fa fa-map-marker\" aria-hidden=\"true\"><\/i>Online, <strong>, digit\u00e1lis el\u00e9rhet\u0151s\u00e9g<\/strong><\/div>\n\t\t<div class=\"event-start pb-2\"><i class=\"fa fa-calendar-o\" aria-hidden=\"true\"><\/i>2022. <strong>november 26.<\/strong> - szombat <i class=\"fa fa-clock-o\" aria-hidden=\"true\"><\/i>09:00\n                <\/div>\n\t  <\/div>\n\t<\/div>\n  <\/div>\n<\/article><article class=\"entry-content col-12 px-normal\">\n  <div class=\"row\">\n\t<div class=\"event-date col-2 px-0 eme-past-event-light\">\n\t  <div class=\"event-date-day eme-past-event\">\n\t\t<div class=\"event-date-daynum\">24<\/div>\n\t\t<div class=\"event-date-month text-uppercase\">\u00e1pr<\/div>\n\t  <\/div>\n\t  <div class=\"event-day-name eme-past-event\">h\u00e9tf\u0151<\/div>\n\t<\/div>\n\t<div class=\"event-data col-10 px-2\">\n\t  <div class=\"event-day\">\n\t\t<div class=\"event-name py-2\"><a href='https:\/\/semmelweis.hu\/hirek\/events\/semmelweis-international-40-jubileumi-talalkozo\/' title='Semmelweis International 40 jubileumi tal\u00e1lkoz\u00f3'>Semmelweis International 40 jubileumi tal\u00e1lkoz\u00f3<\/a><\/div>\n\t\t<div class=\"event-location py-1\"><i class=\"fa fa-map-marker\" aria-hidden=\"true\"><\/i>Semmelweis Szalon, Semmelweis Egyetem, <strong>1085 Budapest,, \u00dcll\u0151i \u00fat 26. I. emelet<\/strong><\/div>\n\t\t<div class=\"event-start pb-2\"><i class=\"fa fa-calendar-o\" aria-hidden=\"true\"><\/i>2023. <strong>\u00e1prilis 24.<\/strong> - h\u00e9tf\u0151 <i class=\"fa fa-clock-o\" aria-hidden=\"true\"><\/i>00:00\n                <\/div>\n\t  <\/div>\n\t<\/div>\n  <\/div>\n<\/article><article class=\"entry-content col-12 px-normal\">\n  <div class=\"row\">\n\t<div class=\"event-date col-2 px-0 eme-past-event-light\">\n\t  <div class=\"event-date-day eme-past-event\">\n\t\t<div class=\"event-date-daynum\">4<\/div>\n\t\t<div class=\"event-date-month text-uppercase\">m\u00e1j<\/div>\n\t  <\/div>\n\t  <div class=\"event-day-name eme-past-event\">cs\u00fct\u00f6rt\u00f6k<\/div>\n\t<\/div>\n\t<div class=\"event-data col-10 px-2\">\n\t  <div class=\"event-day\">\n\t\t<div class=\"event-name py-2\"><a href='https:\/\/semmelweis.hu\/oktatasmodszertan\/oktatasi-segedanyagok\/konferenciak\/semmelweis-oktatasi-konferencia\/' title='Nemzetk\u00f6zi Oktat\u00e1sfejleszt\u00e9si Konferencia \u00e9s Expo - Az orvos- \u00e9s eg\u00e9szs\u00e9gtudom\u00e1nyi k\u00e9pz\u00e9s trendjei \u00e9s kih\u00edv\u00e1sai'>Nemzetk\u00f6zi Oktat\u00e1sfejleszt\u00e9si Konferencia \u00e9s Expo &#8211; Az orvos- \u00e9s eg\u00e9szs\u00e9gtudom\u00e1nyi k\u00e9pz\u00e9s trendjei \u00e9s kih\u00edv\u00e1sai<\/a><\/div>\n\t\t<div class=\"event-location py-1\"><i class=\"fa fa-map-marker\" aria-hidden=\"true\"><\/i>Elm\u00e9leti Orvostudom\u00e1nyi K\u00f6zpont, <strong>1094 Budapest,, T\u0171zolt\u00f3 utca 37-47.<\/strong><\/div>\n\t\t<div class=\"event-start pb-2\"><i class=\"fa fa-calendar-o\" aria-hidden=\"true\"><\/i>2023. <strong>m\u00e1jus 04.<\/strong> - cs\u00fct\u00f6rt\u00f6k <i class=\"fa fa-clock-o\" aria-hidden=\"true\"><\/i>00:00\n                <\/div>\n\t  <\/div>\n\t<\/div>\n  <\/div>\n<\/article><article class=\"entry-content col-12 px-normal\">\n  <div class=\"row\">\n\t<div class=\"event-date col-2 px-0 eme-past-event-light\">\n\t  <div class=\"event-date-day eme-past-event\">\n\t\t<div class=\"event-date-daynum\">5<\/div>\n\t\t<div class=\"event-date-month text-uppercase\">m\u00e1j<\/div>\n\t  <\/div>\n\t  <div class=\"event-day-name eme-past-event\">p\u00e9ntek<\/div>\n\t<\/div>\n\t<div class=\"event-data col-10 px-2\">\n\t  <div class=\"event-day\">\n\t\t<div class=\"event-name py-2\"><a href='https:\/\/semmelweis.hu\/oktatasmodszertan\/oktatasi-segedanyagok\/konferenciak\/semmelweis-oktatasi-konferencia\/' title='Nemzetk\u00f6zi Oktat\u00e1sfejleszt\u00e9si Konferencia \u00e9s Expo - Az orvos- \u00e9s eg\u00e9szs\u00e9gtudom\u00e1nyi k\u00e9pz\u00e9s trendjei \u00e9s kih\u00edv\u00e1sai'>Nemzetk\u00f6zi Oktat\u00e1sfejleszt\u00e9si Konferencia \u00e9s Expo &#8211; Az orvos- \u00e9s eg\u00e9szs\u00e9gtudom\u00e1nyi k\u00e9pz\u00e9s trendjei \u00e9s kih\u00edv\u00e1sai<\/a><\/div>\n\t\t<div class=\"event-location py-1\"><i class=\"fa fa-map-marker\" aria-hidden=\"true\"><\/i>Nagyv\u00e1rad t\u00e9ri Elm\u00e9leti T\u00f6mb (NET), <strong>1089 Budapest,, Nagyv\u00e1rad t\u00e9r 4.<\/strong><\/div>\n\t\t<div class=\"event-start pb-2\"><i class=\"fa fa-calendar-o\" aria-hidden=\"true\"><\/i>2023. <strong>m\u00e1jus 05.<\/strong> - p\u00e9ntek <i class=\"fa fa-clock-o\" aria-hidden=\"true\"><\/i>00:00\n                <\/div>\n\t  <\/div>\n\t<\/div>\n  <\/div>\n<\/article><p><a class=\"btn btn-outline-primary\" href=\"\/hirek\/esemenyek\">Vissza az Esem\u00e9nynapt\u00e1rba<\/a><\/p>\n<\/div>\n<\/div>\n<\/div>\n","protected":false},"excerpt":{"rendered":"","protected":false},"author":12,"featured_media":0,"parent":0,"menu_order":8,"comment_status":"closed","ping_status":"closed","template":"","meta":{"_acf_changed":false,"footnotes":""},"categories":[],"tags":[],"class_list":["post-117743","page","type-page","status-publish","hentry"],"acf":[],"_links":{"self":[{"href":"https:\/\/semmelweis.hu\/hirek\/wp-json\/wp\/v2\/pages\/117743","targetHints":{"allow":["GET"]}}],"collection":[{"href":"https:\/\/semmelweis.hu\/hirek\/wp-json\/wp\/v2\/pages"}],"about":[{"href":"https:\/\/semmelweis.hu\/hirek\/wp-json\/wp\/v2\/types\/page"}],"author":[{"embeddable":true,"href":"https:\/\/semmelweis.hu\/hirek\/wp-json\/wp\/v2\/users\/12"}],"replies":[{"embeddable":true,"href":"https:\/\/semmelweis.hu\/hirek\/wp-json\/wp\/v2\/comments?post=117743"}],"version-history":[{"count":1,"href":"https:\/\/semmelweis.hu\/hirek\/wp-json\/wp\/v2\/pages\/117743\/revisions"}],"predecessor-version":[{"id":117744,"href":"https:\/\/semmelweis.hu\/hirek\/wp-json\/wp\/v2\/pages\/117743\/revisions\/117744"}],"wp:attachment":[{"href":"https:\/\/semmelweis.hu\/hirek\/wp-json\/wp\/v2\/media?parent=117743"}],"wp:term":[{"taxonomy":"category","embeddable":true,"href":"https:\/\/semmelweis.hu\/hirek\/wp-json\/wp\/v2\/categories?post=117743"},{"taxonomy":"post_tag","embeddable":true,"href":"https:\/\/semmelweis.hu\/hirek\/wp-json\/wp\/v2\/tags?post=117743"}],"curies":[{"name":"wp","href":"https:\/\/api.w.org\/{rel}","templated":true}]}}