{"id":6,"date":"2021-02-09T15:04:42","date_gmt":"2021-02-09T14:04:42","guid":{"rendered":"https:\/\/semmelweis.hu\/hcemm-neurobiology\/?page_id=6"},"modified":"2024-02-18T17:03:56","modified_gmt":"2024-02-18T16:03:56","slug":"contact","status":"publish","type":"page","link":"https:\/\/semmelweis.hu\/hcemm-neurobiology\/contact\/","title":{"rendered":"Contact"},"content":{"rendered":"<p><span style=\"font-size: 18pt\"><strong>How to get to us?<\/strong><\/span><\/p>\n<ul style=\"list-style-type: circle\">\n<li>by public transport<\/li>\n<\/ul>\n<p>Semmelweis Klinik\u00e1k <span style=\"color: #00ccff\">M3 (metro 3)<\/span><\/p>\n<ul style=\"list-style-type: circle\">\n<li>by taxi<\/li>\n<\/ul>\n<p>We suggest you to use Bolt application.<\/p>\n<ul style=\"list-style-type: circle\">\n<li>from Budapest Ferenc Liszt International Airport<\/li>\n<\/ul>\n<p>Liszt Ferenc Airport 2 \u2192 K\u0151b\u00e1nya-Kispest M <span style=\"color: #00ccff\">200E bus<\/span><span style=\"color: #ff0000\"><span style=\"color: #000000\">, then<\/span><\/span><br \/>\nK\u0151b\u00e1nya-Kispest M \u2192 Semmelweis Klinik\u00e1k <span style=\"color: #00ccff\">M3 (metro 3)<\/span><\/p>\n<ul style=\"list-style-type: circle\">\n<li>by car<\/li>\n<\/ul>\n<p>There is a street car parking around the building.<\/p>\n<hr \/>\n<p><span style=\"font-size: 18pt\"><strong>Map<\/strong><\/span><\/p>\n\n<!-- iframe plugin v.4.9 wordpress.org\/plugins\/iframe\/ -->\n<iframe loading=\"lazy\" src=\"https:\/\/www.google.com\/maps\/embed?pb=!1m18!1m12!1m3!1d2696.4570352813444!2d19.075527315980125!3d47.48100927917646!2m3!1f0!2f0!3f0!3m2!1i1024!2i768!4f13.1!3m3!1m2!1s0x4741dcfbc770d3ab%3A0x1e08e45dd2b6b4e5!2sBudapest%2C%20T%C5%B1zolt%C3%B3%20u.%2037-47%2C%201094!5e0!3m2!1sen!2shu!4v1629201161515!5m2!1sen!2shu\" width=\"100%\" height=\"350\" scrolling=\"yes\" class=\"iframe-class\" frameborder=\"0\"><\/iframe>\n\n","protected":false},"excerpt":{"rendered":"<p>How to get to us? by public transport Semmelweis Klinik\u00e1k M3 (metro 3) by taxi We suggest you to use Bolt application. from Budapest Ferenc Liszt International Airport Liszt Ferenc Airport 2 \u2192 K\u0151b\u00e1nya-Kispest M 200E bus, then K\u0151b\u00e1nya-Kispest M \u2192 Semmelweis Klinik\u00e1k M3 (metro 3) by car There is a street car parking around &hellip;<\/p>\n","protected":false},"author":12,"featured_media":0,"parent":0,"menu_order":7,"comment_status":"closed","ping_status":"closed","template":"","meta":{"_acf_changed":false,"footnotes":""},"categories":[],"tags":[],"class_list":["post-6","page","type-page","status-publish","hentry"],"acf":[],"_links":{"self":[{"href":"https:\/\/semmelweis.hu\/hcemm-neurobiology\/wp-json\/wp\/v2\/pages\/6","targetHints":{"allow":["GET"]}}],"collection":[{"href":"https:\/\/semmelweis.hu\/hcemm-neurobiology\/wp-json\/wp\/v2\/pages"}],"about":[{"href":"https:\/\/semmelweis.hu\/hcemm-neurobiology\/wp-json\/wp\/v2\/types\/page"}],"author":[{"embeddable":true,"href":"https:\/\/semmelweis.hu\/hcemm-neurobiology\/wp-json\/wp\/v2\/users\/12"}],"replies":[{"embeddable":true,"href":"https:\/\/semmelweis.hu\/hcemm-neurobiology\/wp-json\/wp\/v2\/comments?post=6"}],"version-history":[{"count":9,"href":"https:\/\/semmelweis.hu\/hcemm-neurobiology\/wp-json\/wp\/v2\/pages\/6\/revisions"}],"predecessor-version":[{"id":892,"href":"https:\/\/semmelweis.hu\/hcemm-neurobiology\/wp-json\/wp\/v2\/pages\/6\/revisions\/892"}],"wp:attachment":[{"href":"https:\/\/semmelweis.hu\/hcemm-neurobiology\/wp-json\/wp\/v2\/media?parent=6"}],"wp:term":[{"taxonomy":"category","embeddable":true,"href":"https:\/\/semmelweis.hu\/hcemm-neurobiology\/wp-json\/wp\/v2\/categories?post=6"},{"taxonomy":"post_tag","embeddable":true,"href":"https:\/\/semmelweis.hu\/hcemm-neurobiology\/wp-json\/wp\/v2\/tags?post=6"}],"curies":[{"name":"wp","href":"https:\/\/api.w.org\/{rel}","templated":true}]}}