{"id":48669,"date":"2015-05-15T15:58:06","date_gmt":"2015-05-15T13:58:06","guid":{"rendered":"http:\/\/semmelweis.hu\/hbtb\/?page_id=48669"},"modified":"2025-09-22T14:38:01","modified_gmt":"2025-09-22T12:38:01","slug":"collaborations","status":"publish","type":"page","link":"https:\/\/semmelweis.hu\/hbtb\/introduction\/collaborations\/","title":{"rendered":"Collaborations"},"content":{"rendered":"<p>&nbsp;<\/p>\n<p><strong>Hungary<\/strong><\/p>\n<table style=\"height: 480px;width: 100.137%\">\n<tbody>\n<tr style=\"height: 63px\">\n<td style=\"width: 24.487%;height: 63px\"><span style=\"text-decoration: underline\">Boldogk\u0151i<\/span> Zsolt<\/td>\n<td style=\"width: 75.3762%;height: 63px\">Department of Medical Biology, Faculty of Medicine, University of Szeged, Szeged<\/td>\n<\/tr>\n<tr style=\"height: 63px\">\n<td style=\"width: 24.487%;height: 63px\">Christos <span style=\"text-decoration: underline\">Chinopoulos<\/span><\/td>\n<td style=\"width: 75.3762%;height: 63px\">Department of Medical Biochemistry, Semmelweis University, Budapest<\/td>\n<\/tr>\n<tr style=\"height: 63px\">\n<td style=\"width: 24.487%;height: 63px\"><span style=\"text-decoration: underline\">D\u00e9nes<\/span> \u00c1d\u00e1m<\/td>\n<td style=\"width: 75.3762%;height: 63px\">Laboratory of Neuroimmunology, HUN-REN Institute of Experimental Medicine, Budapest<\/td>\n<\/tr>\n<tr style=\"height: 63px\">\n<td style=\"width: 24.487%;height: 63px\"><span style=\"text-decoration: underline\">Dobolyi<\/span> \u00c1rp\u00e1d<\/td>\n<td style=\"width: 75.3762%;height: 63px\">Department of Physiology and Neurobiology, E\u00f6tv\u00f6s Lor\u00e1nd University, Budapest<\/td>\n<\/tr>\n<tr style=\"height: 63px\">\n<td style=\"width: 24.487%;height: 63px\"><span style=\"text-decoration: underline\">Geiszt<\/span> Mikl\u00f3s<\/td>\n<td style=\"width: 75.3762%;height: 63px\">Department of Physiology, Semmelweis University, Budapest<\/td>\n<\/tr>\n<tr style=\"height: 63px\">\n<td style=\"width: 24.487%;height: 63px\"><span style=\"text-decoration: underline\">Gy\u0151rffy<\/span> Bal\u00e1zs<\/td>\n<td style=\"width: 75.3762%;height: 33px\">Department of Bioinformatics, Semmelweis University, Budapest<\/td>\n<\/tr>\n<tr style=\"height: 63px\">\n<td style=\"width: 24.487%;height: 63px\"><span style=\"text-decoration: underline\">Helyes<\/span> Zsuzsanna<\/td>\n<td style=\"width: 75.3762%;height: 63px\">Department of Pharmacology and Pharmacotherapy, University of P\u00e9cs, P\u00e9cs<\/td>\n<\/tr>\n<tr style=\"height: 63px\">\n<td style=\"width: 24.487%;height: 63px\"><span style=\"text-decoration: underline\">Katona<\/span> Istv\u00e1n<\/td>\n<td style=\"width: 75.3762%;height: 63px\">Molecular Neurobiology Research Group, HUN-REN Institute of Experimental Medicine, Budapest<\/td>\n<\/tr>\n<tr style=\"height: 63px\">\n<td style=\"width: 24.487%;height: 63px\"><span style=\"text-decoration: underline\">Pircs<\/span> Karolina<\/td>\n<td style=\"width: 75.3762%;height: 63px\">Centre for Translational Medicine, Semmelweis University, Budapest<\/td>\n<\/tr>\n<tr style=\"height: 63px\">\n<td style=\"width: 24.487%;height: 63px\"><span style=\"text-decoration: underline\">Zelena<\/span> D\u00f3ra<\/td>\n<td style=\"width: 75.3762%;height: 63px\">Laboratory of Behavioral and Stress Studies, Institute of Experimental Medicine, Budapest<\/td>\n<\/tr>\n<\/tbody>\n<\/table>\n<p>&nbsp;<\/p>\n<p><strong>Abroad<\/strong><\/p>\n<table style=\"width: 100.172%;height: 1008px\">\n<tbody>\n<tr style=\"height: 63px\">\n<td style=\"width: 30.2696%;height: 63px\">Mohammed <span style=\"text-decoration: underline\">Al-Onaizi<\/span><\/td>\n<td style=\"width: 69.6078%;height: 63px\">Department of Anatomy, <span style=\"font-family: inherit;font-size: inherit\">Kuwait University, Safat, Kuwait<\/span><\/td>\n<\/tr>\n<tr style=\"height: 63px\">\n<td style=\"width: 30.2696%;height: 63px\">Nicholas J. <span style=\"text-decoration: underline\">Bradshaw<\/span><\/td>\n<td style=\"width: 69.6078%;height: 63px\">Department of Biotechnology, University of Rijeka, Croatia<\/td>\n<\/tr>\n<tr style=\"height: 63px\">\n<td style=\"width: 30.2696%;height: 63px\">Xiong <span style=\"text-decoration: underline\">Cao <\/span><\/td>\n<td style=\"width: 69.6078%;height: 63px\">School of Basic Medical Sciences, Southern Medical University, Guangzhou City, China<\/td>\n<\/tr>\n<tr style=\"height: 63px\">\n<td style=\"width: 30.2696%;height: 63px\">Yogesh <span style=\"text-decoration: underline\">Dwivedi<\/span><\/td>\n<td style=\"width: 69.6078%;height: 63px\">Department of Psychiatry, University of Alabama, Birmingham, USA<\/td>\n<\/tr>\n<tr style=\"height: 63px\">\n<td style=\"width: 30.2696%;height: 63px\"><span style=\"text-decoration: underline\">Hark\u00e1ny<\/span> Tibor<\/td>\n<td style=\"width: 69.6078%;height: 63px\">Department of Molecular Neuroscience, Center for Brain Research, Medical University of Vienna, Austria<\/td>\n<\/tr>\n<tr style=\"height: 63px\">\n<td style=\"width: 30.2696%;height: 63px\">Tomas <span style=\"text-decoration: underline\">H\u00f6kfelt<\/span><\/td>\n<td style=\"width: 69.6078%;height: 63px\">Department of Neuroscience, Karolinska Institutet, Solna, Sweden<\/td>\n<\/tr>\n<tr style=\"height: 63px\">\n<td style=\"width: 30.2696%;height: 63px\">Konstantin <span style=\"text-decoration: underline\">Khodosevich<\/span><\/td>\n<td style=\"width: 69.6078%;height: 63px\">Biotech Research and Innovation Center, University of Copenhagen, Copenhagen, Denmark<\/td>\n<\/tr>\n<tr style=\"height: 63px\">\n<td style=\"width: 30.2696%;height: 63px\">Christina <span style=\"text-decoration: underline\">Kjaer<\/span> \/ Lasse K. <span style=\"text-decoration: underline\">Bak<\/span><\/td>\n<td style=\"width: 69.6078%;height: 63px\">Department of Drug Design and Pharmacology, University of Copenhagen, Copenhagen University Hospital, Denmark<\/td>\n<\/tr>\n<tr style=\"height: 63px\">\n<td style=\"width: 30.2696%;height: 63px\">Reddy Peera <span style=\"text-decoration: underline\">Kommaddi<\/span><\/td>\n<td style=\"width: 69.6078%;height: 63px\">Centre for Brain Research, Indian Institute of Science, Bangalore, India<\/td>\n<\/tr>\n<tr style=\"height: 63px\">\n<td style=\"width: 30.2696%;height: 63px\"><span style=\"text-decoration: underline\">Mezey<\/span> \u00c9va<\/td>\n<td style=\"width: 69.6078%;height: 63px\">NIDCR, CSDB, National Institutes of Health, Adult Stem Cell Section, Bethesda, MD, USA<\/td>\n<\/tr>\n<tr style=\"height: 63px\">\n<td style=\"width: 30.2696%;height: 63px\">Tune H. <span style=\"text-decoration: underline\">Pers<\/span><\/td>\n<td style=\"width: 69.6078%;height: 63px\">Faculty of Health and Medical Sciences, University of Copenhagen, Copenhagen, Denmark\u00a0<\/td>\n<\/tr>\n<tr style=\"height: 63px\">\n<td style=\"width: 30.2696%;height: 63px\">Mari <span style=\"text-decoration: underline\">Sepp<\/span> \/ Henrik <span style=\"text-decoration: underline\">Kaessmann\u00a0<\/span><\/td>\n<td style=\"width: 69.6078%;height: 63px\">Center for Molecular Biology, Heidelberg University, Heidelberg, Germany<\/td>\n<\/tr>\n<tr style=\"height: 63px\">\n<td style=\"width: 30.2696%;height: 63px\"><span style=\"text-decoration: underline\">Szeg\u0151<\/span> \u00c9va<\/td>\n<td style=\"width: 69.6078%;height: 63px\">German Centre for Neurodegenerative Diseases (DZNE), Germany<\/td>\n<\/tr>\n<tr style=\"height: 63px\">\n<td style=\"width: 30.2696%;height: 63px\">Clara <span style=\"text-decoration: underline\">Tuccari<\/span> \/ Renzo <span style=\"text-decoration: underline\">Guerrini<\/span><\/td>\n<td style=\"width: 69.6078%;height: 63px\">Child Neurology Unit, Meyer Children&#8217;s University Hospital of Florence, Florence, Italy<\/td>\n<\/tr>\n<tr style=\"height: 63px\">\n<td style=\"width: 30.2696%;height: 63px\">Luk\u00e1\u0161 <span style=\"text-decoration: underline\">Valihrach<\/span><\/td>\n<td style=\"width: 69.6078%;height: 63px\">Institute of Biotechnology of the Czech Academy of Sciences, Vestec, Czech Republic<\/td>\n<\/tr>\n<tr style=\"height: 63px\">\n<td style=\"width: 30.2696%;height: 63px\">Luc <span style=\"text-decoration: underline\">Zimmer<\/span><\/td>\n<td style=\"width: 69.6078%;height: 63px\">University of Lyon \u2013 Lyon University Hospital, Bron, France<\/td>\n<\/tr>\n<\/tbody>\n<\/table>\n<p>&nbsp;<\/p>\n","protected":false},"excerpt":{"rendered":"<p>&nbsp; Hungary Boldogk\u0151i Zsolt Department of Medical Biology, Faculty of Medicine, University of Szeged, Szeged Christos Chinopoulos Department of Medical Biochemistry, Semmelweis University, Budapest D\u00e9nes \u00c1d\u00e1m Laboratory of Neuroimmunology, HUN-REN Institute of Experimental Medicine, Budapest Dobolyi \u00c1rp\u00e1d Department of Physiology and Neurobiology, E\u00f6tv\u00f6s Lor\u00e1nd University, Budapest Geiszt Mikl\u00f3s Department of Physiology, Semmelweis University, Budapest Gy\u0151rffy &hellip;<\/p>\n","protected":false},"author":343,"featured_media":0,"parent":48495,"menu_order":3,"comment_status":"closed","ping_status":"closed","template":"template-fullwidth.php","meta":{"_acf_changed":false,"footnotes":""},"categories":[],"tags":[],"class_list":["post-48669","page","type-page","status-publish","hentry"],"acf":[],"_links":{"self":[{"href":"https:\/\/semmelweis.hu\/hbtb\/wp-json\/wp\/v2\/pages\/48669","targetHints":{"allow":["GET"]}}],"collection":[{"href":"https:\/\/semmelweis.hu\/hbtb\/wp-json\/wp\/v2\/pages"}],"about":[{"href":"https:\/\/semmelweis.hu\/hbtb\/wp-json\/wp\/v2\/types\/page"}],"author":[{"embeddable":true,"href":"https:\/\/semmelweis.hu\/hbtb\/wp-json\/wp\/v2\/users\/343"}],"replies":[{"embeddable":true,"href":"https:\/\/semmelweis.hu\/hbtb\/wp-json\/wp\/v2\/comments?post=48669"}],"version-history":[{"count":11,"href":"https:\/\/semmelweis.hu\/hbtb\/wp-json\/wp\/v2\/pages\/48669\/revisions"}],"predecessor-version":[{"id":49283,"href":"https:\/\/semmelweis.hu\/hbtb\/wp-json\/wp\/v2\/pages\/48669\/revisions\/49283"}],"up":[{"embeddable":true,"href":"https:\/\/semmelweis.hu\/hbtb\/wp-json\/wp\/v2\/pages\/48495"}],"wp:attachment":[{"href":"https:\/\/semmelweis.hu\/hbtb\/wp-json\/wp\/v2\/media?parent=48669"}],"wp:term":[{"taxonomy":"category","embeddable":true,"href":"https:\/\/semmelweis.hu\/hbtb\/wp-json\/wp\/v2\/categories?post=48669"},{"taxonomy":"post_tag","embeddable":true,"href":"https:\/\/semmelweis.hu\/hbtb\/wp-json\/wp\/v2\/tags?post=48669"}],"curies":[{"name":"wp","href":"https:\/\/api.w.org\/{rel}","templated":true}]}}