{"id":48505,"date":"2014-11-09T14:01:16","date_gmt":"2014-11-09T13:01:16","guid":{"rendered":"http:\/\/semmelweis.hu\/hbtb\/contact\/"},"modified":"2026-01-12T14:55:36","modified_gmt":"2026-01-12T13:55:36","slug":"contact","status":"publish","type":"page","link":"https:\/\/semmelweis.hu\/hbtb\/contact\/","title":{"rendered":"Contact us"},"content":{"rendered":"<p><strong>Human Brain Tissue Bank and Laboratory, <\/strong><strong>Semmelweis University<\/strong><br \/>\nH-1089 Budapest, Nagyv\u00e1rad t\u00e9r 4 (Orczy \u00fat 2-4), Hungary<br \/>\n(postal address: H-1428 Budapest, Pf. 2, Hungary)<\/p>\n<p><strong>Prof. Al\u00e1n Alp\u00e1r<\/strong>, MD, PhD, DSc<br \/>\ne-mail: alpar.alan@semmelweis.hu<\/p>\n<p><strong>Prof. Mikl\u00f3s Palkovits<\/strong>, MD, PhD, DSc<strong><br \/>\n<\/strong>e-mail: palkovits.miklos@semmelweis.hu<\/p>\n<p><strong>Dr. \u00c9va Dobolyin\u00e9 Renner<\/strong>, PhD<br \/>\ne-mail: renner.eva@semmelweis.hu<\/p>\n<p><b>Magdolna Toronyay-Kasztner<br \/>\n<\/b>e-mail: toronyay-kasztner.magdolna@semmelweis.hu<\/p>\n\n<!-- iframe plugin v.4.9 wordpress.org\/plugins\/iframe\/ -->\n<iframe loading=\"lazy\" src=\"https:\/\/www.google.com\/maps\/embed?pb=!1m18!1m12!1m3!1d2696.457311367861!2d19.0790177!3d47.481003900000005!2m3!1f0!2f0!3f0!3m2!1i1024!2i768!4f13.1!3m3!1m2!1s0x4741dcfbaf6789b3%3A0x47f863f5e27f66db!2sT%C5%B1zolt%C3%B3+u.+58%2C+Budapest%2C+Semmelweis+Egyetem%2C+1094!5e0!3m2!1shu!2shu!4v1432122782949\" width=\"100%\" height=\"450\" scrolling=\"yes\" class=\"iframe-class\" frameborder=\"0\"><\/iframe>\n\n","protected":false},"excerpt":{"rendered":"<p>Human Brain Tissue Bank and Laboratory, Semmelweis University<br \/>\nH-1089 Budapest, Nagyv\u00e1rad t\u00e9r 4 (Orczy \u00fat 2-4), Hungary<br \/>\n(postal address: H-1428 Budapest, Pf. 2, Hungary)<br \/>\nProf. Al\u00e1n Alp\u00e1r, MD, PhD, DSc<br \/>\ne-mail: alpar.alan@semmelweis.hu<br \/>\nProf. Mikl\u00f3s Palkovits, MD, PhD, DSc<br \/>\ne-mail: palkovits.miklos@semmelweis.hu<br \/>\nDr. \u00c9va Dobolyin\u00e9 Renner, PhD<br \/>\ne-mail: renner.eva@semmelweis.hu<br \/>\nMagdolna Toronyay-Kasztner<br \/>\ne-mail: toronyay-kasztner.magdolna@semmelweis.hu<\/p>\n","protected":false},"author":12,"featured_media":0,"parent":0,"menu_order":0,"comment_status":"closed","ping_status":"closed","template":"template-fullwidth.php","meta":{"_acf_changed":false,"footnotes":""},"categories":[],"tags":[],"class_list":["post-48505","page","type-page","status-publish","hentry"],"acf":[],"_links":{"self":[{"href":"https:\/\/semmelweis.hu\/hbtb\/wp-json\/wp\/v2\/pages\/48505","targetHints":{"allow":["GET"]}}],"collection":[{"href":"https:\/\/semmelweis.hu\/hbtb\/wp-json\/wp\/v2\/pages"}],"about":[{"href":"https:\/\/semmelweis.hu\/hbtb\/wp-json\/wp\/v2\/types\/page"}],"author":[{"embeddable":true,"href":"https:\/\/semmelweis.hu\/hbtb\/wp-json\/wp\/v2\/users\/12"}],"replies":[{"embeddable":true,"href":"https:\/\/semmelweis.hu\/hbtb\/wp-json\/wp\/v2\/comments?post=48505"}],"version-history":[{"count":11,"href":"https:\/\/semmelweis.hu\/hbtb\/wp-json\/wp\/v2\/pages\/48505\/revisions"}],"predecessor-version":[{"id":49293,"href":"https:\/\/semmelweis.hu\/hbtb\/wp-json\/wp\/v2\/pages\/48505\/revisions\/49293"}],"wp:attachment":[{"href":"https:\/\/semmelweis.hu\/hbtb\/wp-json\/wp\/v2\/media?parent=48505"}],"wp:term":[{"taxonomy":"category","embeddable":true,"href":"https:\/\/semmelweis.hu\/hbtb\/wp-json\/wp\/v2\/categories?post=48505"},{"taxonomy":"post_tag","embeddable":true,"href":"https:\/\/semmelweis.hu\/hbtb\/wp-json\/wp\/v2\/tags?post=48505"}],"curies":[{"name":"wp","href":"https:\/\/api.w.org\/{rel}","templated":true}]}}