{"id":8,"date":"2012-04-10T13:16:07","date_gmt":"2012-04-10T11:16:07","guid":{"rendered":"http:\/\/semmelweis-egyetem.hu\/habilitacios-bizottsag\/?page_id=8"},"modified":"2026-02-17T18:33:06","modified_gmt":"2026-02-17T17:33:06","slug":"munkatarsak","status":"publish","type":"page","link":"https:\/\/semmelweis.hu\/habilitacios-bizottsag\/munkatarsak\/","title":{"rendered":"Munkat\u00e1rsak"},"content":{"rendered":"<p><strong>Dr. Nagy Zolt\u00e1n Zsolt \u2013 eln\u00f6k<\/strong><br \/>\negyetemi tan\u00e1r, az MTA levelez\u0151 tagja<br \/>\nnagy.zoltan.zsolt@semmelweis.hu<br \/>\n(+36-1) 459-1500\/54500<\/p>\n<p><strong>Dr. Proh\u00e1szka Zolt\u00e1n<\/strong> \u2013 <strong>titk\u00e1r<\/strong><br \/>\negyetemi tan\u00e1r, az MTA levelez\u0151 tagja<br \/>\nprohaszka.zoltan@semmelweis.hu<br \/>\n+36-20-825-0962<\/p>\n<p><strong>Balog Ibolya \u2013 adminisztr\u00e1ci\u00f3s \u00fcgyint\u00e9z\u0151<\/strong><br \/>\nbalog.ibolya@semmelweis.hu<br \/>\n+36-20-663-2265<\/p>\n<p><strong>Dupaji Nikoletta \u2013 gazdas\u00e1gi \u00fcgyint\u00e9z\u0151<\/strong><br \/>\ndupaji.nikolett@semmelweis.hu<br \/>\n+36-20-825-8524<br \/>\nBels\u0151 mell\u00e9k: 54582<\/p>\n<div>\u00a0<\/div>\n","protected":false},"excerpt":{"rendered":"<p>Dr. Nagy Zolt\u00e1n Zsolt \u2013 eln\u00f6k<br \/>\negyetemi tan\u00e1r, az MTA levelez\u0151 tagja<br \/>\nnagy.zoltan.zsolt@semmelweis.hu<br \/>\n(+36-1) 459-1500\/54500<br \/>\nDr. Proh\u00e1szka Zolt\u00e1n \u2013 titk\u00e1r<br \/>\negyetemi tan\u00e1r, az MTA levelez\u0151 tagja<br \/>\nprohaszka.zoltan@semmelweis.hu<br \/>\n+36-20-825-0962<br \/>\nBalog Ibolya \u2013 adminisztr\u00e1ci\u00f3s \u00fcgyint\u00e9z\u0151<br \/>\nbalog.ibolya@semmelweis.hu<br \/>\n+36-20-663-2265<br \/>\nDupaji Nikoletta \u2013 gazdas\u00e1gi \u00fcgyint\u00e9z\u0151<br \/>\ndupaji.nikolett@semmelweis.hu<br \/>\n+36-20-825-8524<br \/>\nBels\u0151 mell\u00e9k: 54582<br \/>\n\u00a0<\/p>\n","protected":false},"author":8,"featured_media":0,"parent":0,"menu_order":4,"comment_status":"closed","ping_status":"closed","template":"","meta":{"_acf_changed":false,"footnotes":""},"categories":[],"tags":[],"class_list":["post-8","page","type-page","status-publish","hentry"],"acf":[],"_links":{"self":[{"href":"https:\/\/semmelweis.hu\/habilitacios-bizottsag\/wp-json\/wp\/v2\/pages\/8","targetHints":{"allow":["GET"]}}],"collection":[{"href":"https:\/\/semmelweis.hu\/habilitacios-bizottsag\/wp-json\/wp\/v2\/pages"}],"about":[{"href":"https:\/\/semmelweis.hu\/habilitacios-bizottsag\/wp-json\/wp\/v2\/types\/page"}],"author":[{"embeddable":true,"href":"https:\/\/semmelweis.hu\/habilitacios-bizottsag\/wp-json\/wp\/v2\/users\/8"}],"replies":[{"embeddable":true,"href":"https:\/\/semmelweis.hu\/habilitacios-bizottsag\/wp-json\/wp\/v2\/comments?post=8"}],"version-history":[{"count":11,"href":"https:\/\/semmelweis.hu\/habilitacios-bizottsag\/wp-json\/wp\/v2\/pages\/8\/revisions"}],"predecessor-version":[{"id":935,"href":"https:\/\/semmelweis.hu\/habilitacios-bizottsag\/wp-json\/wp\/v2\/pages\/8\/revisions\/935"}],"wp:attachment":[{"href":"https:\/\/semmelweis.hu\/habilitacios-bizottsag\/wp-json\/wp\/v2\/media?parent=8"}],"wp:term":[{"taxonomy":"category","embeddable":true,"href":"https:\/\/semmelweis.hu\/habilitacios-bizottsag\/wp-json\/wp\/v2\/categories?post=8"},{"taxonomy":"post_tag","embeddable":true,"href":"https:\/\/semmelweis.hu\/habilitacios-bizottsag\/wp-json\/wp\/v2\/tags?post=8"}],"curies":[{"name":"wp","href":"https:\/\/api.w.org\/{rel}","templated":true}]}}