{"id":6,"date":"2012-04-10T13:12:39","date_gmt":"2012-04-10T13:12:39","guid":{"rendered":"http:\/\/semmelweis-egyetem.hu\/habilitacios-bizottsag\/?page_id=6"},"modified":"2026-02-17T18:33:36","modified_gmt":"2026-02-17T17:33:36","slug":"bizottsagi-tagok","status":"publish","type":"page","link":"https:\/\/semmelweis.hu\/habilitacios-bizottsag\/bizottsagi-tagok\/","title":{"rendered":"Habilit\u00e1ci\u00f3s Bizotts\u00e1g"},"content":{"rendered":"<p><span style=\"text-decoration: underline\"><em><strong>Eln\u00f6k:<\/strong><\/em><\/span><\/p>\n<p><strong>Dr. Nagy Zolt\u00e1n Zsolt<\/strong><strong><br \/>\n<\/strong>egyetemi tan\u00e1r<br \/>\naz MTA levelez\u0151 tagja<br \/>\nSEMMELWEIS EGYETEM, \u00c1OK<br \/>\nSzem\u00e9szeti Klinika<\/p>\n<p><span style=\"text-decoration: underline\"><em><strong>Titk\u00e1r:\u00a0<\/strong><\/em><\/span><\/p>\n<p><strong>Dr. Proh\u00e1szka Zolt\u00e1n<\/strong><br \/>\negyetemi tan\u00e1r<br \/>\naz MTA levelez\u0151 tagja<br \/>\nSEMMELWEIS EGYETEM, \u00c1OK<br \/>\nBelgy\u00f3gy\u00e1szati \u00e9s Hematol\u00f3giai Klinika<\/p>\n<p><span style=\"text-decoration: underline\"><em><strong>Tagok:<\/strong><\/em><\/span><\/p>\n<p><strong>Dr. Beny\u00f3 Zolt\u00e1n<\/strong><strong><br \/>\n<\/strong>egyetemi tan\u00e1r<br \/>\naz MTA doktora<br \/>\nSEMMELWEIS EGYETEM, \u00c1OK<br \/>\nTranszl\u00e1ci\u00f3s Medicina Int\u00e9zet<\/p>\n<p><strong>Dr. Csan\u00e1dy L\u00e1szl\u00f3<\/strong><strong><br \/>\n<\/strong>egyetemi tan\u00e1r<br \/>\naz MTA levelez\u0151 tagja<br \/>\nSEMMELWEIS EGYETEM, \u00c1OK<br \/>\nBiok\u00e9miai \u00e9s Molekul\u00e1ris Biol\u00f3giai Int\u00e9zet<\/p>\n<p><strong>Dr. Dob\u00f3 Nagy Csaba<\/strong><br \/>\negyetemi tan\u00e1r<br \/>\nkandid\u00e1tus<br \/>\nSEMMELWEIS EGYETEM, FOK<br \/>\nOr\u00e1lis Diagnosztikai Tansz\u00e9k<\/p>\n<p><strong>Dr. Fogarasi Andr\u00e1s<br \/>\n<\/strong>egyetemi tan\u00e1r<br \/>\naz MTA doktora<br \/>\nSEMMELWEIS EGYETEM, PAK<br \/>\nKondukt\u00edv Pedag\u00f3giai Int\u00e9zet<\/p>\n<p><strong>Dr. Gell\u00e9r L\u00e1szl\u00f3<\/strong><strong><br \/>\n<\/strong>egyetemi tan\u00e1r<br \/>\nPhD<br \/>\nSEMMELWEIS EGYETEM, \u00c1OK<br \/>\nV\u00e1rosmajori Sz\u00edv- \u00e9s \u00c9rgy\u00f3gy\u00e1szati Klinika<\/p>\n<p><strong>Dr. Hegyi P\u00e9ter<br \/>\n<\/strong>egyetemi tan\u00e1r<br \/>\naz MTA doktora<br \/>\nSEMMELWEIS EGYETEM<br \/>\nTranszl\u00e1ci\u00f3s Medicina K\u00f6zpont<\/p>\n<p><strong>Dr. Hermann P\u00e9ter<\/strong><strong><br \/>\n<\/strong>egyetemi tan\u00e1r<br \/>\naz MTA doktora<br \/>\nSEMMELWEIS EGYETEM, FOK<br \/>\nFogp\u00f3tl\u00e1stani Klinika<\/p>\n<p><strong>Dr. Holl\u00f3 P\u00e9ter<br \/>\n<\/strong>egyetemi tan\u00e1r<br \/>\nPhD<br \/>\nSEMMELWEIS EGYETEM, \u00c1OK<br \/>\nB\u0151r-, Nemik\u00f3rtani \u00e9s B\u0151ronkol\u00f3giai Klinika<\/p>\n<p><strong>Dr. Nyir\u00e1dy P\u00e9ter<\/strong><strong><br \/>\n<\/strong>egyetemi tan\u00e1r<br \/>\naz MTA doktora<br \/>\nSEMMELWEIS EGYETEM, \u00c1OK<br \/>\nUrol\u00f3giai Klinika<strong>\u00a0<\/strong><\/p>\n<p><strong>Dr. Pethesn\u00e9 D\u00e1vid Be\u00e1ta<br \/>\n<\/strong>egyetemi tan\u00e1r<br \/>\nPhD<br \/>\nSEMMELWEIS EGYETEM, EKK<br \/>\nMent\u00e1lhigi\u00e9n\u00e9 Int\u00e9zet<em><strong>\u00a0<\/strong><\/em><\/p>\n<p><strong>Dr. R\u00f3zsa No\u00e9mi Katinka<br \/>\n<\/strong>egyetemi tan\u00e1r<br \/>\nPhD<br \/>\nSEMMELWEIS EGYETEM, FOK<br \/>\nGyermekfog\u00e1szati \u00e9s Fogszab\u00e1lyoz\u00e1si Klinika<\/p>\n<p><strong>Dr. Szab\u00f3 Attila<\/strong><strong><br \/>\n<\/strong>egyetemi tan\u00e1r<br \/>\naz MTA doktora<br \/>\nSEMMELWEIS EGYETEM, \u00c1OK<br \/>\nGyermekgy\u00f3gy\u00e1szati Klinika<\/p>\n<p><strong>Dr. Szij\u00e1rt\u00f3 Attila<\/strong><strong><br \/>\n<\/strong>egyetemi tan\u00e1r<br \/>\naz MTA doktora<br \/>\nSEMMELWEIS EGYETEM, \u00c1OK<br \/>\nSeb\u00e9szeti, Transzplant\u00e1ci\u00f3s \u00e9s Gasztroenterol\u00f3giai Klinika<\/p>\n<p><strong>Dr. Sz\u00f6k\u0151 \u00c9va<\/strong><strong><br \/>\n<\/strong>egyetemi tan\u00e1r<br \/>\naz MTA doktora<br \/>\nSEMMELWEIS EGYETEM, GYTK<br \/>\nGy\u00f3gyszerhat\u00e1stani Int\u00e9zet<\/p>\n<p><strong>Dr. Vok\u00f3 Zolt\u00e1n<\/strong><strong><br \/>\n<\/strong>egyetemi tan\u00e1r<br \/>\naz MTA doktora<br \/>\nSEMMELWEIS EGYETEM<br \/>\nEg\u00e9szs\u00e9g\u00fcgyi Technol\u00f3gia\u00e9rt\u00e9kel\u0151 \u00e9s Elemz\u00e9si K\u00f6zpont<\/p>\n<p><strong>Dr. Zelk\u00f3 Rom\u00e1na<\/strong><strong><br \/>\n<\/strong>egyetemi tan\u00e1r<br \/>\naz MTA doktora<br \/>\nSEMMELWEIS EGYETEM, GYTK<br \/>\nEgyetemi Gy\u00f3gyszert\u00e1r Gy\u00f3gyszer\u00fcgyi Szervez\u00e9si Int\u00e9zet<\/p>\n<p><em><strong><span style=\"text-decoration: underline\">K\u00fcls\u0151 tagok:<\/span><\/p>\n<p><\/strong><\/em><strong>Dr. Balla Gy\u00f6rgy<\/strong><strong><br \/>\n<\/strong>egyetemi tan\u00e1r<br \/>\naz MTA rendes tagja<br \/>\nDEBRECENI EGYETEM<br \/>\nOrvos- \u00e9s Eg\u00e9szs\u00e9gtudom\u00e1nyi Centrum<br \/>\nGyermekgy\u00f3gy\u00e1szati Int\u00e9zet<\/p>\n<p><strong>Dr. Helyes Zsuzsanna<\/strong><strong><br \/>\n<\/strong>egyetemi tan\u00e1r<br \/>\naz MTA rendes tagja<br \/>\nP\u00c9CSI TUDOM\u00c1NYEGYETEM, \u00c1OK<br \/>\nFarmakol\u00f3giai \u00e9s Farmakoter\u00e1piai Int\u00e9zet<\/p>\n<p><strong>Dr. Kem\u00e9ny Lajos<br \/>\n<\/strong>egyetemi tan\u00e1r<br \/>\naz MTA rendes tagja<br \/>\nSZEGEDI TUDOM\u00c1NYEGYETEM<br \/>\nB\u0151rgy\u00f3gy\u00e1szati \u00e9s Allergol\u00f3giai Klinika<\/p>\n<p><strong>Dr. Ol\u00e1h Edit<\/strong><strong><br \/>\n<\/strong>egyetemi mag\u00e1ntan\u00e1r<br \/>\naz MTA rendes tagja<br \/>\nORSZ\u00c1GOS ONKOL\u00d3GIAI INT\u00c9ZET<br \/>\nMolekul\u00e1ris Genetikai Oszt\u00e1ly<\/p>\n<p><span style=\"text-decoration: underline\"><strong><em>Megfigyel\u0151k\u00e9nt:<\/em><\/strong><\/span><\/p>\n<p><strong>Dr. Kreuter Patrik Kriszti\u00e1n <br \/>\n<\/strong>doktorandusz<br \/>\nSEMMELWEIS EGYETEM<br \/>\nDoktorandusz \u00d6nkorm\u00e1nyzat<\/p>\n","protected":false},"excerpt":{"rendered":"<p>Eln\u00f6k: Dr. Nagy Zolt\u00e1n Zsolt egyetemi tan\u00e1r az MTA levelez\u0151 tagja SEMMELWEIS EGYETEM, \u00c1OK Szem\u00e9szeti Klinika Titk\u00e1r:\u00a0 Dr. Proh\u00e1szka Zolt\u00e1n egyetemi tan\u00e1r az MTA levelez\u0151 tagja SEMMELWEIS EGYETEM, \u00c1OK Belgy\u00f3gy\u00e1szati \u00e9s Hematol\u00f3giai Klinika Tagok: Dr. Beny\u00f3 Zolt\u00e1n egyetemi tan\u00e1r az MTA doktora SEMMELWEIS EGYETEM, \u00c1OK Transzl\u00e1ci\u00f3s Medicina Int\u00e9zet Dr. Csan\u00e1dy L\u00e1szl\u00f3 egyetemi tan\u00e1r az MTA &hellip;<\/p>\n","protected":false},"author":8,"featured_media":0,"parent":0,"menu_order":5,"comment_status":"closed","ping_status":"closed","template":"","meta":{"_acf_changed":false,"footnotes":""},"categories":[],"tags":[],"class_list":["post-6","page","type-page","status-publish","hentry"],"acf":[],"_links":{"self":[{"href":"https:\/\/semmelweis.hu\/habilitacios-bizottsag\/wp-json\/wp\/v2\/pages\/6","targetHints":{"allow":["GET"]}}],"collection":[{"href":"https:\/\/semmelweis.hu\/habilitacios-bizottsag\/wp-json\/wp\/v2\/pages"}],"about":[{"href":"https:\/\/semmelweis.hu\/habilitacios-bizottsag\/wp-json\/wp\/v2\/types\/page"}],"author":[{"embeddable":true,"href":"https:\/\/semmelweis.hu\/habilitacios-bizottsag\/wp-json\/wp\/v2\/users\/8"}],"replies":[{"embeddable":true,"href":"https:\/\/semmelweis.hu\/habilitacios-bizottsag\/wp-json\/wp\/v2\/comments?post=6"}],"version-history":[{"count":10,"href":"https:\/\/semmelweis.hu\/habilitacios-bizottsag\/wp-json\/wp\/v2\/pages\/6\/revisions"}],"predecessor-version":[{"id":916,"href":"https:\/\/semmelweis.hu\/habilitacios-bizottsag\/wp-json\/wp\/v2\/pages\/6\/revisions\/916"}],"wp:attachment":[{"href":"https:\/\/semmelweis.hu\/habilitacios-bizottsag\/wp-json\/wp\/v2\/media?parent=6"}],"wp:term":[{"taxonomy":"category","embeddable":true,"href":"https:\/\/semmelweis.hu\/habilitacios-bizottsag\/wp-json\/wp\/v2\/categories?post=6"},{"taxonomy":"post_tag","embeddable":true,"href":"https:\/\/semmelweis.hu\/habilitacios-bizottsag\/wp-json\/wp\/v2\/tags?post=6"}],"curies":[{"name":"wp","href":"https:\/\/api.w.org\/{rel}","templated":true}]}}