{"id":999,"date":"2014-11-26T09:37:11","date_gmt":"2014-11-26T08:37:11","guid":{"rendered":"http:\/\/semmelweis.hu\/gytk\/?page_id=999"},"modified":"2025-06-19T10:08:00","modified_gmt":"2025-06-19T08:08:00","slug":"ugyintezes","status":"publish","type":"page","link":"https:\/\/semmelweis.hu\/gytk\/posztgradualis-kepzes\/szakkepzes\/ugyintezes\/","title":{"rendered":"\u00dcgyint\u00e9z\u00e9s, kapcsolattart\u00e1s, let\u00f6lthet\u0151 nyomtatv\u00e1nyok"},"content":{"rendered":"<hr \/>\n<h4><strong>Az \u00dcgyint\u00e9z\u00e9st seg\u00edt\u0151 formanyomtatv\u00e1nyok<\/strong><\/h4>\n<p><a href=\"https:\/\/semmelweis.hu\/gytk\/files\/2017\/10\/k\u00darelem-szakgyakorlat-megkezd\u00das\u00dahez_2018.docx\">K\u00e9relem a szakgyakorlat megkezd\u00e9s\u00e9hez<\/a><\/p>\n<p><a href=\"https:\/\/semmelweis.hu\/gytk\/files\/2025\/06\/Szakirany-es-Szakkepesites-valtasi-kerelem-I.-evfolyam.docx\">Szakir\u00e1nyv\u00e1lt\u00e1si k\u00e9relem<\/a><\/p>\n<p><a href=\"https:\/\/semmelweis.hu\/gytk\/files\/2017\/10\/szakgyakorlati-hely-v\u00dflt\u00dfs_2018.docx\">K\u00e9relem a szakgyakorlati hely v\u00e1lt\u00e1shoz<\/a><\/p>\n<p>&nbsp;<\/p>\n<h4><strong>Let\u00f6lthet\u0151 k\u00e9pz\u00e9si tervek<\/strong><\/h4>\n<p style=\"text-align: left\">Gy\u00f3gyszert\u00e1rvezet\u00e9s, \u00fczemeltet\u00e9s k\u00e9pz\u00e9si terv:<\/p>\n<ul>\n<li>\n<p style=\"text-align: justify\"><a href=\"https:\/\/semmelweis.hu\/gytk\/files\/2018\/09\/Gy\u00f3gyszert\u00e1rvezet\u00e9s_szakgyakorlati_k\u00e9pz\u00e9si_terv_v.doc\">Gy\u00f3gyszert\u00e1rvezet\u00e9s szakgyakorlati k\u00e9pz\u00e9si terv<\/a><\/p>\n<\/li>\n<li>\n<p style=\"text-align: justify\"><a href=\"https:\/\/semmelweis.hu\/gytk\/files\/2018\/09\/Gy\u00f3gyszert\u00e1rvezet\u00e9s_t\u00f6rzs_k\u00e9pz\u00e9si_terv_v.doc\">Gy\u00f3gyszert\u00e1rvezet\u00e9s t\u00f6rzs k\u00e9pz\u00e9si terv<\/a><\/p>\n<\/li>\n<\/ul>\n<p style=\"text-align: left\">K\u00f3rh\u00e1zi-klinikai szakgy\u00f3gyszer\u00e9szet k\u00e9pz\u00e9si terv:<\/p>\n<ul>\n<li>\n<p><a href=\"https:\/\/semmelweis.hu\/gytk\/files\/2018\/09\/K%C3%B3rh%C3%A1zi_klinikai_szakgyakorlati_k%C3%A9pz%C3%A9si_terv_v.doc\">K\u00f3rh\u00e1zi klinikai szakgyakorlati k\u00e9pz\u00e9si terv<\/a><\/p>\n<\/li>\n<li>\n<p><a href=\"https:\/\/semmelweis.hu\/gytk\/files\/2018\/09\/K%C3%B3rh%C3%A1zi_klinikai-szakgy_t%C3%B6rzs_k%C3%A9pz%C3%A9si_terv-v.doc\">K\u00f3rh\u00e1zi klinikai t\u00f6rzs k\u00e9pz\u00e9si terv<\/a><\/p>\n<\/li>\n<\/ul>\n<p>Klinikai laborat\u00f3riumi gy\u00f3gyszer\u00e9szet k\u00e9pz\u00e9si terv:<\/p>\n<ul style=\"list-style-type: disc\">\n<li style=\"text-align: left\"><a href=\"https:\/\/semmelweis.hu\/gytk\/files\/2021\/07\/Klinikai-laboratoriumi-k\u00e9pz\u00e9si-terv-2021.docx\">Klinikai laborat\u00f3riumi gy\u00f3gyszer\u00e9szet k\u00e9pz\u00e9si terv<\/a><\/li>\n<\/ul>\n<h4>\u00a0<\/h4>\n<h4><strong>Kapcsolat<\/strong><\/h4>\n<p>Szak- \u00e9s Tov\u00e1bbk\u00e9pz\u00e9si Csoport<br \/>\n1092 Budapest, IX. H\u0151gyes E. u. 5. I. emelet.<br \/>\nTel.: +36-1-266-8411, vagy +36-1-459-1500\/53856, 53857 mell\u00e9k<br \/>\nEmail: <a href=\"mailto:gytk.szakkepzes@semmelweis.hu\">gytk.szakkepzes@semmelweis.hu<\/a><\/p>\n<p>&nbsp;<\/p>\n","protected":false},"excerpt":{"rendered":"<p>Az \u00dcgyint\u00e9z\u00e9st seg\u00edt\u0151 formanyomtatv\u00e1nyok<br \/>\n<a href=\"https:\/\/semmelweis.hu\/gytk\/files\/2017\/10\/k\u00darelem-szakgyakorlat-megkezd\u00das\u00dahez_2018.docx\">K\u00e9relem a szakgyakorlat megkezd\u00e9s\u00e9hez<\/a><br \/>\n<a href=\"https:\/\/semmelweis.hu\/gytk\/files\/2025\/06\/Szakirany-es-Szakkepesites-valtasi-kerelem-I.-evfolyam.docx\">Szakir\u00e1nyv\u00e1lt\u00e1si k\u00e9relem<\/a><br \/>\n<a href=\"https:\/\/semmelweis.hu\/gytk\/files\/2017\/10\/szakgyakorlati-hely-v\u00dflt\u00dfs_2018.docx\">K\u00e9relem a szakgyakorlati hely v\u00e1lt\u00e1shoz<\/a><br \/>\n&nbsp;<br \/>\nLet\u00f6lthet\u0151 k\u00e9pz\u00e9si tervek<br \/>\nGy\u00f3gyszert\u00e1rvezet\u00e9s, \u00fczemeltet\u00e9s k\u00e9pz\u00e9si terv:<\/p>\n<p><a href=\"https:\/\/semmelweis.hu\/gytk\/files\/2018\/09\/Gy\u00f3gyszert\u00e1rvezet\u00e9s_szakgyakorlati_k\u00e9pz\u00e9si_terv_v.doc\">Gy\u00f3gyszert\u00e1rvezet\u00e9s szakgyakorlati k\u00e9pz\u00e9si terv<\/a><\/p>\n<p><a href=\"https:\/\/semmelweis.hu\/gytk\/files\/2018\/09\/Gy\u00f3gyszert\u00e1rvezet\u00e9s_t\u00f6rzs_k\u00e9pz\u00e9si_terv_v.doc\">Gy\u00f3gyszert\u00e1rvezet\u00e9s t\u00f6rzs k\u00e9pz\u00e9si terv<\/a><\/p>\n<p>K\u00f3rh\u00e1zi-klinikai szakgy\u00f3gyszer\u00e9szet k\u00e9pz\u00e9si terv:<\/p>\n<p><a href=\"https:\/\/semmelweis.hu\/gytk\/files\/2018\/09\/K%C3%B3rh%C3%A1zi_klinikai_szakgyakorlati_k%C3%A9pz%C3%A9si_terv_v.doc\">K\u00f3rh\u00e1zi klinikai szakgyakorlati k\u00e9pz\u00e9si terv<\/a><\/p>\n<p><a href=\"https:\/\/semmelweis.hu\/gytk\/files\/2018\/09\/K%C3%B3rh%C3%A1zi_klinikai-szakgy_t%C3%B6rzs_k%C3%A9pz%C3%A9si_terv-v.doc\">K\u00f3rh\u00e1zi klinikai t\u00f6rzs k\u00e9pz\u00e9si terv<\/a><\/p>\n<p>Klinikai laborat\u00f3riumi gy\u00f3gyszer\u00e9szet k\u00e9pz\u00e9si terv:<\/p>\n<p><a href=\"https:\/\/semmelweis.hu\/gytk\/files\/2021\/07\/Klinikai-laboratoriumi-k\u00e9pz\u00e9si-terv-2021.docx\">Klinikai laborat\u00f3riumi gy\u00f3gyszer\u00e9szet k\u00e9pz\u00e9si terv<\/a><\/p>\n<p>\u00a0<br \/>\nKapcsolat<br \/>\nSzak- \u00e9s Tov\u00e1bbk\u00e9pz\u00e9si Csoport<br \/>\n1092 Budapest, IX. H\u0151gyes E. u. 5. I. emelet.<br \/>\nTel.: +36-1-266-8411, vagy +36-1-459-1500\/53856, 53857 mell\u00e9k<br \/>\nEmail: <a href=\"mailto:gytk.szakkepzes@semmelweis.hu\">gytk.szakkepzes@semmelweis.hu<\/a><br \/>\n&nbsp;<\/p>\n","protected":false},"author":12,"featured_media":0,"parent":1501,"menu_order":5,"comment_status":"closed","ping_status":"closed","template":"","meta":{"_acf_changed":false,"footnotes":""},"categories":[],"tags":[],"class_list":["post-999","page","type-page","status-publish","hentry"],"acf":[],"_links":{"self":[{"href":"https:\/\/semmelweis.hu\/gytk\/wp-json\/wp\/v2\/pages\/999","targetHints":{"allow":["GET"]}}],"collection":[{"href":"https:\/\/semmelweis.hu\/gytk\/wp-json\/wp\/v2\/pages"}],"about":[{"href":"https:\/\/semmelweis.hu\/gytk\/wp-json\/wp\/v2\/types\/page"}],"author":[{"embeddable":true,"href":"https:\/\/semmelweis.hu\/gytk\/wp-json\/wp\/v2\/users\/12"}],"replies":[{"embeddable":true,"href":"https:\/\/semmelweis.hu\/gytk\/wp-json\/wp\/v2\/comments?post=999"}],"version-history":[{"count":11,"href":"https:\/\/semmelweis.hu\/gytk\/wp-json\/wp\/v2\/pages\/999\/revisions"}],"predecessor-version":[{"id":17506,"href":"https:\/\/semmelweis.hu\/gytk\/wp-json\/wp\/v2\/pages\/999\/revisions\/17506"}],"up":[{"embeddable":true,"href":"https:\/\/semmelweis.hu\/gytk\/wp-json\/wp\/v2\/pages\/1501"}],"wp:attachment":[{"href":"https:\/\/semmelweis.hu\/gytk\/wp-json\/wp\/v2\/media?parent=999"}],"wp:term":[{"taxonomy":"category","embeddable":true,"href":"https:\/\/semmelweis.hu\/gytk\/wp-json\/wp\/v2\/categories?post=999"},{"taxonomy":"post_tag","embeddable":true,"href":"https:\/\/semmelweis.hu\/gytk\/wp-json\/wp\/v2\/tags?post=999"}],"curies":[{"name":"wp","href":"https:\/\/api.w.org\/{rel}","templated":true}]}}