{"id":9941,"date":"2020-09-22T13:21:19","date_gmt":"2020-09-22T11:21:19","guid":{"rendered":"https:\/\/semmelweis.hu\/gytk\/?page_id=9941"},"modified":"2021-06-25T11:58:01","modified_gmt":"2021-06-25T09:58:01","slug":"kari-tanacsules-2020-szeptember-18","status":"publish","type":"page","link":"https:\/\/semmelweis.hu\/gytk\/a-karrol\/kari-tanacs\/kari-tanacs-eloterjesztesek\/kari-tanacsules-2020-szeptember-18\/","title":{"rendered":"2020. szeptember 17."},"content":{"rendered":"<p style=\"text-align: center\"><strong>Kari Tan\u00e1cs\u00fcl\u00e9s 2020. szeptember 17 (cs\u00fct\u00f6rt\u00f6k) 16:00 zoom \u00e9rtekezlet<\/strong><\/p>\n<p><strong>2. napirendi pont<\/strong><\/p>\n<ul>\n<li><a href=\"https:\/\/semmelweis.hu\/gytk\/files\/2020\/09\/2napirend_KT_el\u0151terjest\u00e9s_KT_2020_21_tan\u00e9vi_\u00fcl\u00e9s_\u00e9s_munkaterv\u00e9r\u0151l.pdf\" target=\"_blank\" rel=\"noopener noreferrer\">KT_el\u0151terjeszt\u00e9s_KT_2020_21_tan\u00e9vi_\u00fcl\u00e9s_\u00e9s_munkaterv\u00e9r\u0151l<\/a><\/li>\n<li><a href=\"https:\/\/semmelweis.hu\/gytk\/files\/2020\/09\/2.-napirendi-pont-2.-sz.-mell\u00e9klet.pdf\" target=\"_blank\" rel=\"noopener noreferrer\">2._napirendi_pont_2_sz_mell\u00e9klet<\/a><\/li>\n<\/ul>\n<p><strong>3. napirendi pont<\/strong><\/p>\n<ul>\n<li><a href=\"https:\/\/semmelweis.hu\/gytk\/files\/2020\/09\/3napirend_KT_el\u0151terjeszt\u00e9s_dh_p\u00e1ly\u00e1zat_v\u00e9lem\u00e9nyez\u00e9se.pdf\" target=\"_blank\" rel=\"noopener noreferrer\">KT_el\u0151terjeszt\u00e9s_dh_p\u00e1ly\u00e1zat_v\u00e9lem\u00e9nyez\u00e9se<\/a><\/li>\n<\/ul>\n<p><strong>4. napirendi pont<\/strong><\/p>\n<ul>\n<li><a href=\"https:\/\/semmelweis.hu\/gytk\/files\/2020\/09\/4napirend_KT_el\u0151terjeszt\u00e9s_GYTK_Szen\u00e1tusi_kariBizotts\u00e1gok_szem\u00e9lyi_\u00f6sszet\u00e9tel\u00e9nek_meg\u00faj\u00edt\u00e1sa.pdf\" target=\"_blank\" rel=\"noopener noreferrer\">KT_el\u0151terjeszt\u00e9s_GYTK_Szen\u00e1tusi_kari_Bizotts\u00e1gok<\/a><\/li>\n<\/ul>\n<p><strong>5. napirendi pont<\/strong><\/p>\n<ul>\n<li><a href=\"https:\/\/semmelweis.hu\/gytk\/files\/2020\/09\/5napirend_t\u00e1j\u00e9koztat\u00e1s_2020_\u00e9vi_felv\u00e9teli_elj\u00e1r\u00e1s_adatair\u00f3l.pdf\" target=\"_blank\" rel=\"noopener noreferrer\">T\u00e1j\u00e9koztat\u00e1s_2020_\u00e9vi_felv\u00e9teli_elj\u00e1r\u00e1s_adatair\u00f3l<\/a><\/li>\n<\/ul>\n<p><strong>6. napirendi pont<\/strong><\/p>\n<ul>\n<li><a href=\"https:\/\/semmelweis.hu\/gytk\/files\/2020\/09\/6napirend_t\u00e1j\u00e9koztat\u00e1s_2020_2021_1f\u00e9l\u00e9vi_beiratkoz\u00e1si_bejelentkez\u00e9si_adatokr\u00f3l.pdf\" target=\"_blank\" rel=\"noopener noreferrer\">T\u00e1j\u00e9koztat\u00e1s_2020_2021_1f\u00e9l\u00e9vi_beiratkoz\u00e1si_bejelentkez\u00e9si_adatokr\u00f3l<\/a><\/li>\n<\/ul>\n<p><strong>7. napirendi pont<\/strong><\/p>\n<ul>\n<li><a href=\"https:\/\/semmelweis.hu\/gytk\/files\/2020\/09\/7napirend_t\u00e1j\u00e9koztat\u00e1s_2020_\u00e9vi_z\u00e1r\u00f3vizsg\u00e1kr\u00f3l.pdf\" target=\"_blank\" rel=\"noopener noreferrer\">T\u00e1j\u00e9koztat\u00e1s_2020_\u00e9vi_z\u00e1r\u00f3vizsg\u00e1kr\u00f3l<\/a><\/li>\n<\/ul>\n<p><strong>8. napirendi pont<\/strong><\/p>\n<ul style=\"list-style-type: disc\">\n<li><a href=\"https:\/\/semmelweis.hu\/gytk\/files\/2020\/12\/akkreditacio-2020.-szeptember.pdf\" target=\"_blank\" rel=\"noopener noreferrer\">Szakk\u00e9pz\u0151_helyek_akkredit\u00e1ci\u00f3s_k\u00e9relmeinek_v\u00e9lem\u00e9nyez\u00e9se<\/a><\/li>\n<\/ul>\n<p>&nbsp;<\/p>\n<p style=\"text-align: justify\">\u00a0<\/p>\n<p>&nbsp;<\/p>\n<p>&nbsp;<\/p>\n","protected":false},"excerpt":{"rendered":"<p>Kari Tan\u00e1cs\u00fcl\u00e9s 2020. szeptember 17 (cs\u00fct\u00f6rt\u00f6k) 16:00 zoom \u00e9rtekezlet<br \/>\n2. napirendi pont<\/p>\n<p><a href=\"https:\/\/semmelweis.hu\/gytk\/files\/2020\/09\/2napirend_KT_el\u0151terjest\u00e9s_KT_2020_21_tan\u00e9vi_\u00fcl\u00e9s_\u00e9s_munkaterv\u00e9r\u0151l.pdf\" target=\"_blank\" rel=\"noopener noreferrer\">KT_el\u0151terjeszt\u00e9s_KT_2020_21_tan\u00e9vi_\u00fcl\u00e9s_\u00e9s_munkaterv\u00e9r\u0151l<\/a><br \/>\n<a href=\"https:\/\/semmelweis.hu\/gytk\/files\/2020\/09\/2.-napirendi-pont-2.-sz.-mell\u00e9klet.pdf\" target=\"_blank\" rel=\"noopener noreferrer\">2._napirendi_pont_2_sz_mell\u00e9klet<\/a><\/p>\n<p>3. napirendi pont<\/p>\n<p><a href=\"https:\/\/semmelweis.hu\/gytk\/files\/2020\/09\/3napirend_KT_el\u0151terjeszt\u00e9s_dh_p\u00e1ly\u00e1zat_v\u00e9lem\u00e9nyez\u00e9se.pdf\" target=\"_blank\" rel=\"noopener noreferrer\">KT_el\u0151terjeszt\u00e9s_dh_p\u00e1ly\u00e1zat_v\u00e9lem\u00e9nyez\u00e9se<\/a><\/p>\n<p>4. napirendi pont<\/p>\n<p><a href=\"https:\/\/semmelweis.hu\/gytk\/files\/2020\/09\/4napirend_KT_el\u0151terjeszt\u00e9s_GYTK_Szen\u00e1tusi_kariBizotts\u00e1gok_szem\u00e9lyi_\u00f6sszet\u00e9tel\u00e9nek_meg\u00faj\u00edt\u00e1sa.pdf\" target=\"_blank\" rel=\"noopener noreferrer\">KT_el\u0151terjeszt\u00e9s_GYTK_Szen\u00e1tusi_kari_Bizotts\u00e1gok<\/a><\/p>\n<p>5. napirendi pont<\/p>\n<p><a href=\"https:\/\/semmelweis.hu\/gytk\/files\/2020\/09\/5napirend_t\u00e1j\u00e9koztat\u00e1s_2020_\u00e9vi_felv\u00e9teli_elj\u00e1r\u00e1s_adatair\u00f3l.pdf\" target=\"_blank\" rel=\"noopener noreferrer\">T\u00e1j\u00e9koztat\u00e1s_2020_\u00e9vi_felv\u00e9teli_elj\u00e1r\u00e1s_adatair\u00f3l<\/a><\/p>\n<p>6. napirendi pont<\/p>\n<p><a href=\"https:\/\/semmelweis.hu\/gytk\/files\/2020\/09\/6napirend_t\u00e1j\u00e9koztat\u00e1s_2020_2021_1f\u00e9l\u00e9vi_beiratkoz\u00e1si_bejelentkez\u00e9si_adatokr\u00f3l.pdf\" target=\"_blank\" rel=\"noopener noreferrer\">T\u00e1j\u00e9koztat\u00e1s_2020_2021_1f\u00e9l\u00e9vi_beiratkoz\u00e1si_bejelentkez\u00e9si_adatokr\u00f3l<\/a><\/p>\n<p>7. napirendi pont<\/p>\n<p><a href=\"https:\/\/semmelweis.hu\/gytk\/files\/2020\/09\/7napirend_t\u00e1j\u00e9koztat\u00e1s_2020_\u00e9vi_z\u00e1r\u00f3vizsg\u00e1kr\u00f3l.pdf\" target=\"_blank\" rel=\"noopener noreferrer\">T\u00e1j\u00e9koztat\u00e1s_2020_\u00e9vi_z\u00e1r\u00f3vizsg\u00e1kr\u00f3l<\/a><\/p>\n<p>8. napirendi pont<\/p>\n<p><a href=\"https:\/\/semmelweis.hu\/gytk\/files\/2020\/12\/akkreditacio-2020.-szeptember.pdf\" target=\"_blank\" rel=\"noopener noreferrer\">Szakk\u00e9pz\u0151_helyek_akkredit\u00e1ci\u00f3s_k\u00e9relmeinek_v\u00e9lem\u00e9nyez\u00e9se<\/a><\/p>\n<p>&nbsp;<br \/>\n\u00a0<br \/>\n&nbsp;<br \/>\n&nbsp;<\/p>\n","protected":false},"author":101431,"featured_media":0,"parent":5323,"menu_order":21,"comment_status":"closed","ping_status":"closed","template":"","meta":{"_acf_changed":false,"footnotes":""},"categories":[],"tags":[],"class_list":["post-9941","page","type-page","status-publish","hentry"],"acf":[],"_links":{"self":[{"href":"https:\/\/semmelweis.hu\/gytk\/wp-json\/wp\/v2\/pages\/9941","targetHints":{"allow":["GET"]}}],"collection":[{"href":"https:\/\/semmelweis.hu\/gytk\/wp-json\/wp\/v2\/pages"}],"about":[{"href":"https:\/\/semmelweis.hu\/gytk\/wp-json\/wp\/v2\/types\/page"}],"author":[{"embeddable":true,"href":"https:\/\/semmelweis.hu\/gytk\/wp-json\/wp\/v2\/users\/101431"}],"replies":[{"embeddable":true,"href":"https:\/\/semmelweis.hu\/gytk\/wp-json\/wp\/v2\/comments?post=9941"}],"version-history":[{"count":6,"href":"https:\/\/semmelweis.hu\/gytk\/wp-json\/wp\/v2\/pages\/9941\/revisions"}],"predecessor-version":[{"id":11671,"href":"https:\/\/semmelweis.hu\/gytk\/wp-json\/wp\/v2\/pages\/9941\/revisions\/11671"}],"up":[{"embeddable":true,"href":"https:\/\/semmelweis.hu\/gytk\/wp-json\/wp\/v2\/pages\/5323"}],"wp:attachment":[{"href":"https:\/\/semmelweis.hu\/gytk\/wp-json\/wp\/v2\/media?parent=9941"}],"wp:term":[{"taxonomy":"category","embeddable":true,"href":"https:\/\/semmelweis.hu\/gytk\/wp-json\/wp\/v2\/categories?post=9941"},{"taxonomy":"post_tag","embeddable":true,"href":"https:\/\/semmelweis.hu\/gytk\/wp-json\/wp\/v2\/tags?post=9941"}],"curies":[{"name":"wp","href":"https:\/\/api.w.org\/{rel}","templated":true}]}}