{"id":989,"date":"2014-11-26T09:21:02","date_gmt":"2014-11-26T08:21:02","guid":{"rendered":"http:\/\/semmelweis.hu\/gytk\/?page_id=989"},"modified":"2023-12-15T10:06:17","modified_gmt":"2023-12-15T09:06:17","slug":"akkreditacio","status":"publish","type":"page","link":"https:\/\/semmelweis.hu\/gytk\/posztgradualis-kepzes\/szakkepzes\/akkreditacio\/","title":{"rendered":"Akkredit\u00e1ci\u00f3s folyamat"},"content":{"rendered":"<h2>Akkredit\u00e1ci\u00f3s folyamat-szakk\u00e9pz\u0151 helly\u00e9 min\u0151s\u00edt\u00e9s<\/h2>\n<p style=\"text-align: justify\">A szakk\u00e9pz\u0151 helyk\u00e9nt val\u00f3 elismer\u00e9sre vonatkoz\u00f3 p\u00e1ly\u00e1zatok befogad\u00e1s\u00e1ra, \u00e9s az Orsz\u00e1gos K\u00f3rh\u00e1zi F\u0151igazgat\u00f3s\u00e1g (tov\u00e1bbiakban: OKF\u0150) fel\u00e9 t\u00f6rt\u00e9n\u0151 tov\u00e1bb\u00edt\u00e1s\u00e1ra a ter\u00fcletileg illet\u00e9kes Gy\u00f3gyszer\u00e9sztudom\u00e1nyi Kar Tan\u00e1csa (r\u00e9gi\u00f3s feloszt\u00e1s szerint) tesz javaslatot. Az int\u00e9zm\u00e9nyek szakk\u00e9pz\u0151 helly\u00e9 t\u00f6rt\u00e9n\u0151 min\u0151s\u00edt\u00e9s\u00e9r\u0151l 16\/2010. (IV. 15.) E\u00fcM rendelet III. fejezete alapj\u00e1n az OKF\u0150 f\u0151igazgat\u00f3ja d\u00f6nt. A p\u00e1ly\u00e1zati \u0171rlapokat \u2013 a mell\u00e9klettel egy\u00fctt \u2013\u00a0<strong>2 p\u00e9ld\u00e1nyban a Semmelweis Egyetem Gy\u00f3gyszer\u00e9sztudom\u00e1nyi Kar, Szak- \u00e9s Tov\u00e1bbk\u00e9pz\u00e9si Csoport r\u00e9sz\u00e9re (1092 Budapest, H\u0151gyes Endre utca 7-9.) <\/strong>sz\u00edveskedjenek\u00a0bek\u00fcldeni.<\/p>\n<p><a href=\"https:\/\/semmelweis.hu\/gytk\/files\/2023\/12\/OKFO_akkreditacios_palyazati_nyomtatvany_szakgyogyszereszi_kepzesekhez.docx\">Let\u00f6lthet\u0151 p\u00e1ly\u00e1zati \u0171rlap<\/a><\/p>\n<p><a href=\"https:\/\/semmelweis.hu\/gytk\/files\/2014\/11\/Regios_felosztas_a_122-es_Korm_rendelet_szerint.doc\">R\u00e9gi\u00f3s (megy\u00e9nk\u00e9nti) feloszt\u00e1s az akkredit\u00e1ci\u00f3s \u0171rlap bead\u00e1s\u00e1hoz\u00a0<\/a><\/p>\n","protected":false},"excerpt":{"rendered":"<p>Akkredit\u00e1ci\u00f3s folyamat-szakk\u00e9pz\u0151 helly\u00e9 min\u0151s\u00edt\u00e9s A szakk\u00e9pz\u0151 helyk\u00e9nt val\u00f3 elismer\u00e9sre vonatkoz\u00f3 p\u00e1ly\u00e1zatok befogad\u00e1s\u00e1ra, \u00e9s az Orsz\u00e1gos K\u00f3rh\u00e1zi F\u0151igazgat\u00f3s\u00e1g (tov\u00e1bbiakban: OKF\u0150) fel\u00e9 t\u00f6rt\u00e9n\u0151 tov\u00e1bb\u00edt\u00e1s\u00e1ra a ter\u00fcletileg illet\u00e9kes Gy\u00f3gyszer\u00e9sztudom\u00e1nyi Kar Tan\u00e1csa (r\u00e9gi\u00f3s feloszt\u00e1s szerint) tesz javaslatot. Az int\u00e9zm\u00e9nyek szakk\u00e9pz\u0151 helly\u00e9 t\u00f6rt\u00e9n\u0151 min\u0151s\u00edt\u00e9s\u00e9r\u0151l 16\/2010. (IV. 15.) E\u00fcM rendelet III. fejezete alapj\u00e1n az OKF\u0150 f\u0151igazgat\u00f3ja d\u00f6nt. A p\u00e1ly\u00e1zati \u0171rlapokat \u2013 &hellip;<\/p>\n","protected":false},"author":12,"featured_media":0,"parent":1501,"menu_order":4,"comment_status":"closed","ping_status":"closed","template":"","meta":{"_acf_changed":false,"footnotes":""},"categories":[],"tags":[],"class_list":["post-989","page","type-page","status-publish","hentry"],"acf":[],"_links":{"self":[{"href":"https:\/\/semmelweis.hu\/gytk\/wp-json\/wp\/v2\/pages\/989","targetHints":{"allow":["GET"]}}],"collection":[{"href":"https:\/\/semmelweis.hu\/gytk\/wp-json\/wp\/v2\/pages"}],"about":[{"href":"https:\/\/semmelweis.hu\/gytk\/wp-json\/wp\/v2\/types\/page"}],"author":[{"embeddable":true,"href":"https:\/\/semmelweis.hu\/gytk\/wp-json\/wp\/v2\/users\/12"}],"replies":[{"embeddable":true,"href":"https:\/\/semmelweis.hu\/gytk\/wp-json\/wp\/v2\/comments?post=989"}],"version-history":[{"count":10,"href":"https:\/\/semmelweis.hu\/gytk\/wp-json\/wp\/v2\/pages\/989\/revisions"}],"predecessor-version":[{"id":15714,"href":"https:\/\/semmelweis.hu\/gytk\/wp-json\/wp\/v2\/pages\/989\/revisions\/15714"}],"up":[{"embeddable":true,"href":"https:\/\/semmelweis.hu\/gytk\/wp-json\/wp\/v2\/pages\/1501"}],"wp:attachment":[{"href":"https:\/\/semmelweis.hu\/gytk\/wp-json\/wp\/v2\/media?parent=989"}],"wp:term":[{"taxonomy":"category","embeddable":true,"href":"https:\/\/semmelweis.hu\/gytk\/wp-json\/wp\/v2\/categories?post=989"},{"taxonomy":"post_tag","embeddable":true,"href":"https:\/\/semmelweis.hu\/gytk\/wp-json\/wp\/v2\/tags?post=989"}],"curies":[{"name":"wp","href":"https:\/\/api.w.org\/{rel}","templated":true}]}}