{"id":9881,"date":"2020-09-14T10:36:47","date_gmt":"2020-09-14T08:36:47","guid":{"rendered":"https:\/\/semmelweis.hu\/gytk\/?page_id=9881"},"modified":"2025-09-01T13:38:16","modified_gmt":"2025-09-01T11:38:16","slug":"2020-szeptember-10-11-elektronikus-szavazas","status":"publish","type":"page","link":"https:\/\/semmelweis.hu\/gytk\/a-karrol\/kari-tanacs\/kari-tanacs-eloterjesztesek\/2020-szeptember-10-11-elektronikus-szavazas\/","title":{"rendered":"2020. szeptember 10- 11. elektronikus szavaz\u00e1s"},"content":{"rendered":"<p style=\"text-align: center\"><strong>Kari Tan\u00e1cs elektronikus szavaz\u00e1s 2020. szeptember 10-11.<\/strong><\/p>\n<ul>\n<li><strong><span style=\"color: #ff0000\"><a href=\"https:\/\/semmelweis.hu\/gytk\/files\/2020\/09\/KT_el\u0151terjeszt\u00e9s_docensi_kinevez\u00e9s_GYTK_speci\u00e1lis_felt\u00e9telek_AI.pdf\" target=\"_blank\" rel=\"noopener noreferrer\">KT_el\u0151terjeszt\u00e9s_docensi_kinevez\u00e9s_GYTK_speci\u00e1lis_felt\u00e9telek<\/a><\/span><\/strong><\/li>\n<\/ul>\n","protected":false},"excerpt":{"rendered":"<p>Kari Tan\u00e1cs elektronikus szavaz\u00e1s 2020. szeptember 10-11.<\/p>\n<p><a href=\"https:\/\/semmelweis.hu\/gytk\/files\/2020\/09\/KT_el\u0151terjeszt\u00e9s_docensi_kinevez\u00e9s_GYTK_speci\u00e1lis_felt\u00e9telek_AI.pdf\" target=\"_blank\" rel=\"noopener noreferrer\">KT_el\u0151terjeszt\u00e9s_docensi_kinevez\u00e9s_GYTK_speci\u00e1lis_felt\u00e9telek<\/a><\/p>\n","protected":false},"author":101431,"featured_media":0,"parent":5323,"menu_order":20,"comment_status":"closed","ping_status":"closed","template":"","meta":{"_acf_changed":false,"footnotes":""},"categories":[],"tags":[],"class_list":["post-9881","page","type-page","status-publish","hentry"],"acf":[],"_links":{"self":[{"href":"https:\/\/semmelweis.hu\/gytk\/wp-json\/wp\/v2\/pages\/9881","targetHints":{"allow":["GET"]}}],"collection":[{"href":"https:\/\/semmelweis.hu\/gytk\/wp-json\/wp\/v2\/pages"}],"about":[{"href":"https:\/\/semmelweis.hu\/gytk\/wp-json\/wp\/v2\/types\/page"}],"author":[{"embeddable":true,"href":"https:\/\/semmelweis.hu\/gytk\/wp-json\/wp\/v2\/users\/101431"}],"replies":[{"embeddable":true,"href":"https:\/\/semmelweis.hu\/gytk\/wp-json\/wp\/v2\/comments?post=9881"}],"version-history":[{"count":4,"href":"https:\/\/semmelweis.hu\/gytk\/wp-json\/wp\/v2\/pages\/9881\/revisions"}],"predecessor-version":[{"id":17669,"href":"https:\/\/semmelweis.hu\/gytk\/wp-json\/wp\/v2\/pages\/9881\/revisions\/17669"}],"up":[{"embeddable":true,"href":"https:\/\/semmelweis.hu\/gytk\/wp-json\/wp\/v2\/pages\/5323"}],"wp:attachment":[{"href":"https:\/\/semmelweis.hu\/gytk\/wp-json\/wp\/v2\/media?parent=9881"}],"wp:term":[{"taxonomy":"category","embeddable":true,"href":"https:\/\/semmelweis.hu\/gytk\/wp-json\/wp\/v2\/categories?post=9881"},{"taxonomy":"post_tag","embeddable":true,"href":"https:\/\/semmelweis.hu\/gytk\/wp-json\/wp\/v2\/tags?post=9881"}],"curies":[{"name":"wp","href":"https:\/\/api.w.org\/{rel}","templated":true}]}}