{"id":9874,"date":"2020-09-11T12:50:06","date_gmt":"2020-09-11T10:50:06","guid":{"rendered":"https:\/\/semmelweis.hu\/gytk\/?page_id=9874"},"modified":"2024-11-28T11:48:33","modified_gmt":"2024-11-28T10:48:33","slug":"kari-tanacsules-hatarozatai-2020-2021","status":"publish","type":"page","link":"https:\/\/semmelweis.hu\/gytk\/a-karrol\/kari-tanacs\/hatarozatok\/kari-tanacsules-hatarozatai-2020-2021\/","title":{"rendered":"Kari Tan\u00e1cs hat\u00e1rozatai 2020-2021"},"content":{"rendered":"<p><a href=\"https:\/\/semmelweis.hu\/gytk\/files\/2024\/11\/N-Y-I-L-V-A-N-T-A-R-T-A-S-2020-21.-KT.-hatarozatok.pdf\" target=\"_blank\" rel=\"noopener\">N Y I L V \u00c1 N T A R T \u00c1 S 2020-21. KT. hat\u00e1rozatok<\/a><\/p>\n<p><a href=\"https:\/\/semmelweis.hu\/gytk\/files\/2021\/09\/20_2020-2021.-IX.6.GYTK-KT.pdf\" target=\"_blank\" rel=\"noopener noreferrer\">20\/2020-2021. (IX.6.)GYTK-KT<\/a><\/p>\n<ul>\n<li><a href=\"https:\/\/semmelweis.hu\/gytk\/files\/2021\/09\/I_\u00e9vf_1_f\u00e9l\u00e9v.zip\" target=\"_blank\" rel=\"noopener noreferrer\">20\/2020-2021. (IX.6.)GYTK-KT_ hat\u00e1rozat_mell\u00e9klet_I_\u00e9vf_I_f\u00e9l\u00e9v<\/a><\/li>\n<li><a href=\"https:\/\/semmelweis.hu\/gytk\/files\/2021\/09\/I_\u00e9vf_2_f\u00e9l\u00e9v.zip\" target=\"_blank\" rel=\"noopener noreferrer\">20\/2020-2021. (IX.6.)GYTK-KT_ hat\u00e1rozat_mell\u00e9klet_I_\u00e9vf_II_f\u00e9l\u00e9v<\/a><\/li>\n<li><a href=\"https:\/\/semmelweis.hu\/gytk\/files\/2021\/09\/II_\u00e9vf_1_f\u00e9l\u00e9v-1.zip\" target=\"_blank\" rel=\"noopener noreferrer\">20\/2020-2021. (IX.6.)GYTK-KT_ hat\u00e1rozat_mell\u00e9klet_II_\u00e9vf_I_f\u00e9l\u00e9v<\/a><\/li>\n<li><a href=\"https:\/\/semmelweis.hu\/gytk\/files\/2021\/09\/II_\u00e9vf_2_f\u00e9l\u00e9v-1.zip\" target=\"_blank\" rel=\"noopener noreferrer\">20\/2020-2021. (IX.6.)GYTK-KT_ hat\u00e1rozat_mell\u00e9klet_II_\u00e9vf_II_f\u00e9l\u00e9v<\/a><\/li>\n<li><a href=\"https:\/\/semmelweis.hu\/gytk\/files\/2021\/09\/III_\u00e9vf_1_f\u00e9l\u00e9v.zip\" target=\"_blank\" rel=\"noopener noreferrer\">20\/2020-2021. (IX.6.)GYTK-KT_ hat\u00e1rozat_mell\u00e9klet_III_\u00e9vf_I_f\u00e9l\u00e9v<\/a><\/li>\n<li><a href=\"https:\/\/semmelweis.hu\/gytk\/files\/2021\/09\/III_\u00e9vf_2_f\u00e9l\u00e9v.zip\" target=\"_blank\" rel=\"noopener noreferrer\">20\/2020-2021. (IX.6.)GYTK-KT_ hat\u00e1rozat_mell\u00e9klet_III_\u00e9vf_II_f\u00e9l\u00e9v<\/a><\/li>\n<li><a href=\"https:\/\/semmelweis.hu\/gytk\/files\/2021\/09\/IV_\u00e9vf_1_f\u00e9l\u00e9v.zip\" target=\"_blank\" rel=\"noopener noreferrer\">20\/2020-2021. (IX.6.)GYTK-KT_ hat\u00e1rozat_mell\u00e9klet_IV_\u00e9vf_I_f\u00e9l\u00e9v<\/a><\/li>\n<li><a href=\"https:\/\/semmelweis.hu\/gytk\/files\/2021\/09\/IV_\u00e9vf_2_f\u00e9l\u00e9v.zip\" target=\"_blank\" rel=\"noopener noreferrer\">20\/2020-2021. (IX.6.)GYTK-KT_ hat\u00e1rozat_mell\u00e9klet_IV_\u00e9vf_II_f\u00e9l\u00e9v<\/a><\/li>\n<li><a href=\"https:\/\/semmelweis.hu\/gytk\/files\/2021\/09\/2021_2022ben_V_\u00e9vfolyamra_iratkoz\u00f3k.zip\" target=\"_blank\" rel=\"noopener noreferrer\">20\/2020-2021. (IX.6.)GYTK-KT_ hat\u00e1rozat_mell\u00e9klet_V_\u00e9vf_I_f\u00e9l\u00e9v<\/a><\/li>\n<\/ul>\n<p style=\"text-align: left\"><strong>Kari Tan\u00e1cs elektronikus szavaz\u00e1s 2021. augusztus 5-12<\/strong><\/p>\n<p><a href=\"https:\/\/semmelweis.hu\/gytk\/files\/2021\/08\/19_2020_2021_VIII_12_GYTK_KT_HAT\u00c1ROZAT.pdf\" target=\"_blank\" rel=\"noopener noreferrer\">19\/2020-2021. (VIII.12)GYTK-KT<\/a><\/p>\n<ul>\n<li><a href=\"https:\/\/semmelweis.hu\/gytk\/files\/2021\/08\/5sz_mell\u00e9klet_curriculum-_2021_22_I-II-\u00e9vfolyam_magyar_20210812.pdf\" target=\"_blank\" rel=\"noopener noreferrer\">19\/2020-2021. (VIII.12)GYTK-KT_hat\u00e1rozat_mell\u00e9klet_curriculum _2021_22_I-II- \u00e9vfolyam_magyar_20210812<\/a><\/li>\n<li><a href=\"https:\/\/semmelweis.hu\/gytk\/files\/2021\/08\/6sz_mell\u00e9klet_curriculum-_2021_22_III_\u00e9vfolyam_magyar_20210812.pdf\" target=\"_blank\" rel=\"noopener noreferrer\">19\/2020-2021. (VIII.12)GYTK-KT_hat\u00e1rozat_mell\u00e9klet_curriculum _2021_22_III_\u00e9vfolyam_magyar_20210812<\/a><\/li>\n<li><a href=\"https:\/\/semmelweis.hu\/gytk\/files\/2021\/08\/7sz_mell\u00e9klet_curriculum-_2021_22_IV_\u00e9vfolyam_magyar_20210812.pdf\" target=\"_blank\" rel=\"noopener noreferrer\">19\/2020-2021. (VIII.12)GYTK-KT hat\u00e1rozat_mell\u00e9klet_curriculum _2021_22_IV_\u00e9vfolyam_magyar_20210812<\/a><\/li>\n<li><a href=\"https:\/\/semmelweis.hu\/gytk\/files\/2021\/08\/8sz_mell\u00e9klet_curriculum-_2021_22_V_\u00e9vfolyam_magyar_20210812.pdf\" target=\"_blank\" rel=\"noopener noreferrer\">19\/2020-2021. (VIII.12)GYTK-KT_hat\u00e1rozat_mell\u00e9klet_curriculum _2021_22_V_\u00e9vfolyam_magyar_20210812<\/a><\/li>\n<li><a href=\"https:\/\/semmelweis.hu\/gytk\/files\/2021\/08\/9sz_mell\u00e9klet_angol-curriculum-_2021_22_I-II-\u00e9vfolyam_20210812.pdf\" target=\"_blank\" rel=\"noopener noreferrer\">19\/2020-2021. (VIII.12)GYTK-KT_hat\u00e1rozat_mell\u00e9klet_angol curriculum _2021_22_I-II- \u00e9vfolyam_20210812<\/a><\/li>\n<li><a href=\"https:\/\/semmelweis.hu\/gytk\/files\/2021\/08\/10sz_mell\u00e9klet_n\u00e9met-curriculum-_2021_22_I-II-\u00e9vfolyam_20210812.pdf\" target=\"_blank\" rel=\"noopener noreferrer\">19\/2020-2021. (VIII.12)GYTK-KT_hat\u00e1rozat_mell\u00e9klet_n\u00e9met curriculum _2021_22_I-II- \u00e9vfolyam_20210812<\/a><\/li>\n<\/ul>\n<p style=\"text-align: left\"><strong>Kari Tan\u00e1cs\u00fcl\u00e9s 2021. j\u00fanius 10-16. v\u00e9lem\u00e9nynyilv\u00e1n\u00edt\u00e1s szem\u00e9lyes \u00fcl\u00e9s mell\u0151z\u00e9s\u00e9vel<\/strong><\/p>\n<p><a href=\"https:\/\/semmelweis.hu\/gytk\/files\/2021\/06\/18_2020_2021.-VI.-16.-GYTK-KT.pdf\" target=\"_blank\" rel=\"noopener noreferrer\">18\/2020-2021. (VI. 16.) GYTK-KT<\/a><\/p>\n<p style=\"text-align: left\"><strong>Kari Tan\u00e1cs\u00fcl\u00e9s 2021. m\u00e1jus 26. (szerda) 16:00 \u00f3ra Szen\u00e1tusi terem<\/strong><\/p>\n<p><a href=\"https:\/\/semmelweis.hu\/gytk\/files\/2021\/05\/17_2020_2021_05_26_GYTK_KT.pdf\" target=\"_blank\" rel=\"noopener noreferrer\">17\/2020-2021.(V.26.)GYTK-KT<\/a><\/p>\n<ul>\n<li><a href=\"https:\/\/semmelweis.hu\/gytk\/files\/2021\/05\/8_napirend_akkredit\u00e1ci\u00f3_gy\u00f3gyszert\u00e1rak.pdf\" target=\"_blank\" rel=\"noopener noreferrer\">17\/2020-2021.(V.26.)GYTK-KT_mell\u00e9klet szakk\u00e9pz\u0151helyek n\u00e9v \u00e9s c\u00edmjegyz\u00e9ke<\/a><\/li>\n<\/ul>\n<p><a href=\"https:\/\/semmelweis.hu\/gytk\/files\/2021\/05\/16_2020_2021_05_26_GYTK_KT.pdf\" target=\"_blank\" rel=\"noopener noreferrer\">16\/2020-2021.(V.26.)GYTK-KT<\/a><\/p>\n<ul>\n<li><a href=\"https:\/\/semmelweis.hu\/gytk\/files\/2021\/05\/5_napirend_Jubileumi_d\u00edszoklevelek_2021_n\u00e9vsor-4.pdf\" target=\"_blank\" rel=\"noopener noreferrer\">16\/2020-2021.(V.26.)GYTK-KT_mell\u00e9klet_Jubileumi_d\u00edszoklevelek_2021_n\u00e9vsor<\/a><\/li>\n<\/ul>\n<p><a href=\"https:\/\/semmelweis.hu\/gytk\/files\/2021\/05\/15_2020_2021_05_26_GYTK_KT.pdf\" target=\"_blank\" rel=\"noopener noreferrer\">15\/2020-2021.(V.26.)GYTK-KT<\/a><\/p>\n<ul>\n<li><a href=\"https:\/\/semmelweis.hu\/gytk\/files\/2021\/10\/TVB-\u00fcgyrend_2021.pdf\" target=\"_blank\" rel=\"noopener noreferrer\">15\/2020-2021.(V.26.)GYTK-KT_hat\u00e1rozat_ mell\u00e9klet_TVB_\u00fcgyrend<\/a><\/li>\n<li><a href=\"https:\/\/semmelweis.hu\/gytk\/files\/2021\/10\/SE-GYTK-SZMR-M05_K\u00c1B_20210522_V\u00c9GLEGES_k\u00f6zz\u00e9t\u00e9telre.pdf\" target=\"_blank\" rel=\"noopener noreferrer\">15\/2020-2021.(V.26.)GYTK-KT_hat\u00e1rozat_mell\u00e9klet_K\u00c1B_\u00fcgyrend<\/a><\/li>\n<li><a href=\"https:\/\/semmelweis.hu\/gytk\/files\/2021\/10\/SE-GYTK-SZMR-M04_KEFB_V\u00c9GLEGES_20210526_ZR_.pdf\" target=\"_blank\" rel=\"noopener noreferrer\">15\/2020-2021.(V.26.)GYTK-KT_hat\u00e1rozat_mell\u00e9klet_EEFB_\u00fcgyrend<\/a><\/li>\n<\/ul>\n<p><a href=\"https:\/\/semmelweis.hu\/gytk\/files\/2021\/05\/14_2020_2021_05_26_GYTK_KT.pdf\" target=\"_blank\" rel=\"noopener noreferrer\">14\/2020-2021.(V.26.)GYTK-KT<\/a><\/p>\n<p><a href=\"https:\/\/semmelweis.hu\/gytk\/files\/2021\/05\/13_2020_2021_05_26_GYTK_KT.pdf\" target=\"_blank\" rel=\"noopener noreferrer\">13\/2020-2021.(V.26.)GYTK-KT<\/a><\/p>\n<p><span style=\"font-size: 14pt\"><strong>Kari Tan\u00e1cs zoom \u00e9rtekezlet 2021. febru\u00e1r 11. (cs\u00fct\u00f6rt\u00f6k) 16:00 \u00f3ra<\/strong><\/span><\/p>\n<p><a href=\"https:\/\/semmelweis.hu\/gytk\/files\/2021\/03\/12-2020-2021.II_.-15..pdf\" target=\"_blank\" rel=\"noopener noreferrer\">12\/2020-2021.(II. 15.)GYTK-KT<\/a><\/p>\n<ul>\n<li><a href=\"https:\/\/semmelweis.hu\/gytk\/files\/2021\/02\/4_napirendi_pont_Akkredit\u00e1ci\u00f3_20201123_20210208.pdf\" target=\"_blank\" rel=\"noopener noreferrer\">12\/2020-2021.(II. 15.)GYTK-KT_mell\u00e9klet szakk\u00e9pz\u0151helyek n\u00e9v \u00e9s c\u00edmjegyz\u00e9ke<\/a><\/li>\n<\/ul>\n<p><a href=\"https:\/\/semmelweis.hu\/gytk\/files\/2021\/02\/11-2020-2021.-II.-15..pdf\" target=\"_blank\" rel=\"noopener noreferrer\">11\/2020-2021. (II. 15.)GYTK-KT<\/a><\/p>\n<p><a href=\"https:\/\/semmelweis.hu\/gytk\/files\/2021\/02\/10-2020-2021.02.15.pdf\" target=\"_blank\" rel=\"noopener noreferrer\">10\/2020-2021(II.15.)GYTK-KT<\/a><\/p>\n<p>&nbsp;<\/p>\n<p style=\"text-align: left\"><span style=\"font-size: 14pt\"><strong>Kari Tan\u00e1cs zoom \u00e9rtekezlet 2020. november 25. (szerda) 16:00 \u00f3ra<\/strong><\/span><\/p>\n<p><a href=\"https:\/\/semmelweis.hu\/gytk\/files\/2020\/11\/9-2020-2021.XI_.-25.GYTK-KT.pdf\" target=\"_blank\" rel=\"noopener noreferrer\">9\/2020-2021.(XI. 25.)GYTK-KT<\/a><\/p>\n<ul>\n<li><a href=\"https:\/\/semmelweis.hu\/gytk\/files\/2020\/11\/6.-napirendi-pont-szakk\u00e9pz\u0151-helyek.pdf\" target=\"_blank\" rel=\"noopener noreferrer\">9\/2020-2021.(XI. 25.)GYTK-KT_mell\u00e9klet szakk\u00e9pz\u0151helyek n\u00e9v \u00e9s c\u00edmjegyz\u00e9ke<\/a><\/li>\n<\/ul>\n<p><a href=\"https:\/\/semmelweis.hu\/gytk\/files\/2020\/11\/8-2020-2021.XI_.-25.GYTK-KT.pdf\" target=\"_blank\" rel=\"noopener noreferrer\">8\/2020-2021.(XI. 25.)GYTK-KT<\/a><\/p>\n<p><a href=\"https:\/\/semmelweis.hu\/gytk\/files\/2020\/11\/7-2020-2021.XI_.-25.GYTK-KT.pdf\" target=\"_blank\" rel=\"noopener noreferrer\">7\/2020-2021.(XI. 25.)GYTK-KT<\/a><\/p>\n<ul>\n<li><a href=\"https:\/\/semmelweis.hu\/gytk\/files\/2020\/11\/3.napirendi-pont-2a-mell\u00e9klet-1.pdf\" target=\"_blank\" rel=\"noopener noreferrer\">7\/2020-2021.(XI. 25.)GYTK-KT_hat\u00e1rozat_ mell\u00e9klet_\u00e9trendkieg\u00e9sz\u00edt\u0151k_tant\u00e1rgyi_adatlap<\/a><\/li>\n<li><a href=\"https:\/\/semmelweis.hu\/gytk\/files\/2020\/11\/3.-napirendi-pont-2b-mell\u00e9klet-1.pdf\" target=\"_blank\" rel=\"noopener noreferrer\">7\/2020-2021.(XI. 25.)GYTK-KT_hat\u00e1rozat_ mell\u00e9klet_a_folyad\u00e9kkromatogr\u00e1fia \u00e9s analitikai alkalmaz\u00e1sai_tant\u00e1rgyi_adatlap<\/a><\/li>\n<li><a href=\"https:\/\/semmelweis.hu\/gytk\/files\/2020\/11\/3.-napirendi-pont-2c-mell\u00e9klet-1.pdf\" target=\"_blank\" rel=\"noopener noreferrer\">7\/2020-2021.(XI. 25.)GYTK-KT_hat\u00e1rozat_ mell\u00e9klet_utaz\u00e1si_orvostan_gy\u00f3gyszer\u00e9szek_sz\u00e1m\u00e1ra_tant\u00e1rgyi_adatlap<\/a><\/li>\n<\/ul>\n<p><a href=\"https:\/\/semmelweis.hu\/gytk\/files\/2020\/11\/6-2020-2021.-XI.-30-GYK-KT.pdf\" target=\"_blank\" rel=\"noopener noreferrer\">6\/2020-2021. (XI. 30) GYK-KT<\/a><\/p>\n<p style=\"text-align: left\"><span style=\"font-size: 14pt\"><strong>Kari Tan\u00e1cs zoom \u00e9rtekezlet 2020. szeptember 17. (cs\u00fct\u00f6rt\u00f6k) 16:00 \u00f3ra<\/strong><\/span><\/p>\n<p><a href=\"https:\/\/semmelweis.hu\/gytk\/files\/2020\/09\/5_2020_2021_IX.21.GYTK-KT.pdf\" target=\"_blank\" rel=\"noopener noreferrer\">5\/2020-2021. (IX. 21.) GYTK-KT <\/a><\/p>\n<p><a href=\"https:\/\/semmelweis.hu\/gytk\/files\/2020\/09\/4_2020_2021_IX.17.GYTK-KT.pdf\" target=\"_blank\" rel=\"noopener noreferrer\">4\/2020-2021. (IX. 21.) GYTK-KT <\/a><\/p>\n<p><a href=\"https:\/\/semmelweis.hu\/gytk\/files\/2020\/09\/3_2020_2021_IX.21.GYTK-KT.pdf\" target=\"_blank\" rel=\"noopener noreferrer\">3\/2020-2021. (IX. 17.) GYTK-KT<\/a><\/p>\n<ul>\n<li><a href=\"https:\/\/semmelweis.hu\/gytk\/files\/2020\/09\/3_2020-2021.-IX.17.-GYTK_KT-1.-sz.-mell\u00e9klet.pdf\" target=\"_blank\" rel=\"noopener noreferrer\">3\/2020-2021. (IX. 17.) GYTK-KT_hat\u00e1rozat_mell\u00e9klet szakk\u00e9pz\u0151helyek n\u00e9v \u00e9s c\u00edmjegyz\u00e9ke<\/a> \u00a0<\/li>\n<\/ul>\n<p><a href=\"https:\/\/semmelweis.hu\/gytk\/files\/2020\/09\/2_2020_2021_IX.17.GYTK-KT.pdf\" target=\"_blank\" rel=\"noopener noreferrer\">2\/2020-2021-(IX.17.) GYTK-KT <\/a><\/p>\n<ul>\n<li><a href=\"https:\/\/semmelweis.hu\/gytk\/files\/2020\/09\/22020-2021.-IX.17.-GYTK-KT-1.sz_.-mell\u00e9klet-2.pdf\" target=\"_blank\" rel=\"noopener noreferrer\">2\/2020-2021-(IX.17.) GYTK-KT.hat\u00e1rozat_ mell\u00e9klet GYTK KT 2020\/2021 \u00fcl\u00e9s \u00e9s munkaterv<\/a><\/li>\n<\/ul>\n<p style=\"text-align: left\"><span style=\"font-size: 14pt\"><strong>Kari Tan\u00e1cs elektronikus szavaz\u00e1s 2020. szeptember 10-11.<\/strong><\/span><\/p>\n<p><a href=\"https:\/\/semmelweis.hu\/gytk\/files\/2020\/09\/1_2020_21.-IX.-11.-GYTK-KT.pdf\" target=\"_blank\" rel=\"noopener noreferrer\">1\/2020-2021. (IX. 11.) GYTK-KT <\/a><\/p>\n<p>&nbsp;<\/p>\n","protected":false},"excerpt":{"rendered":"<p><a href=\"https:\/\/semmelweis.hu\/gytk\/files\/2024\/11\/N-Y-I-L-V-A-N-T-A-R-T-A-S-2020-21.-KT.-hatarozatok.pdf\" target=\"_blank\" rel=\"noopener\">N Y I L V \u00c1 N T A R T \u00c1 S 2020-21. KT. hat\u00e1rozatok<\/a> <a href=\"https:\/\/semmelweis.hu\/gytk\/files\/2021\/09\/20_2020-2021.-IX.6.GYTK-KT.pdf\" target=\"_blank\" rel=\"noopener noreferrer\">20\/2020-2021. (IX.6.)GYTK-KT<\/a> <a href=\"https:\/\/semmelweis.hu\/gytk\/files\/2021\/09\/I_\u00e9vf_1_f\u00e9l\u00e9v.zip\" target=\"_blank\" rel=\"noopener noreferrer\">20\/2020-2021. (IX.6.)GYTK-KT_ hat\u00e1rozat_mell\u00e9klet_I_\u00e9vf_I_f\u00e9l\u00e9v<\/a> <a href=\"https:\/\/semmelweis.hu\/gytk\/files\/2021\/09\/I_\u00e9vf_2_f\u00e9l\u00e9v.zip\" target=\"_blank\" rel=\"noopener noreferrer\">20\/2020-2021. (IX.6.)GYTK-KT_ hat\u00e1rozat_mell\u00e9klet_I_\u00e9vf_II_f\u00e9l\u00e9v<\/a> <a href=\"https:\/\/semmelweis.hu\/gytk\/files\/2021\/09\/II_\u00e9vf_1_f\u00e9l\u00e9v-1.zip\" target=\"_blank\" rel=\"noopener noreferrer\">20\/2020-2021. (IX.6.)GYTK-KT_ hat\u00e1rozat_mell\u00e9klet_II_\u00e9vf_I_f\u00e9l\u00e9v<\/a> <a href=\"https:\/\/semmelweis.hu\/gytk\/files\/2021\/09\/II_\u00e9vf_2_f\u00e9l\u00e9v-1.zip\" target=\"_blank\" rel=\"noopener noreferrer\">20\/2020-2021. (IX.6.)GYTK-KT_ hat\u00e1rozat_mell\u00e9klet_II_\u00e9vf_II_f\u00e9l\u00e9v<\/a> <a href=\"https:\/\/semmelweis.hu\/gytk\/files\/2021\/09\/III_\u00e9vf_1_f\u00e9l\u00e9v.zip\" target=\"_blank\" rel=\"noopener noreferrer\">20\/2020-2021. (IX.6.)GYTK-KT_ hat\u00e1rozat_mell\u00e9klet_III_\u00e9vf_I_f\u00e9l\u00e9v<\/a> <a href=\"https:\/\/semmelweis.hu\/gytk\/files\/2021\/09\/III_\u00e9vf_2_f\u00e9l\u00e9v.zip\" target=\"_blank\" rel=\"noopener noreferrer\">20\/2020-2021. (IX.6.)GYTK-KT_ hat\u00e1rozat_mell\u00e9klet_III_\u00e9vf_II_f\u00e9l\u00e9v<\/a> <a href=\"https:\/\/semmelweis.hu\/gytk\/files\/2021\/09\/IV_\u00e9vf_1_f\u00e9l\u00e9v.zip\" target=\"_blank\" rel=\"noopener noreferrer\">20\/2020-2021. (IX.6.)GYTK-KT_ hat\u00e1rozat_mell\u00e9klet_IV_\u00e9vf_I_f\u00e9l\u00e9v<\/a> <a href=\"https:\/\/semmelweis.hu\/gytk\/files\/2021\/09\/IV_\u00e9vf_2_f\u00e9l\u00e9v.zip\" target=\"_blank\" rel=\"noopener noreferrer\">20\/2020-2021. (IX.6.)GYTK-KT_ hat\u00e1rozat_mell\u00e9klet_IV_\u00e9vf_II_f\u00e9l\u00e9v<\/a> <a href=\"https:\/\/semmelweis.hu\/gytk\/files\/2021\/09\/2021_2022ben_V_\u00e9vfolyamra_iratkoz\u00f3k.zip\" target=\"_blank\" rel=\"noopener noreferrer\">20\/2020-2021. (IX.6.)GYTK-KT_ hat\u00e1rozat_mell\u00e9klet_V_\u00e9vf_I_f\u00e9l\u00e9v<\/a> Kari Tan\u00e1cs elektronikus szavaz\u00e1s 2021. augusztus 5-12 <a href=\"https:\/\/semmelweis.hu\/gytk\/files\/2021\/08\/19_2020_2021_VIII_12_GYTK_KT_HAT\u00c1ROZAT.pdf\" target=\"_blank\" rel=\"noopener noreferrer\">19\/2020-2021. (VIII.12)GYTK-KT<\/a> <a href=\"https:\/\/semmelweis.hu\/gytk\/files\/2021\/08\/5sz_mell\u00e9klet_curriculum-_2021_22_I-II-\u00e9vfolyam_magyar_20210812.pdf\" target=\"_blank\" rel=\"noopener noreferrer\">19\/2020-2021. (VIII.12)GYTK-KT_hat\u00e1rozat_mell\u00e9klet_curriculum _2021_22_I-II- \u00e9vfolyam_magyar_20210812<\/a> <a href=\"https:\/\/semmelweis.hu\/gytk\/files\/2021\/08\/6sz_mell\u00e9klet_curriculum-_2021_22_III_\u00e9vfolyam_magyar_20210812.pdf\" target=\"_blank\" rel=\"noopener noreferrer\">19\/2020-2021. (VIII.12)GYTK-KT_hat\u00e1rozat_mell\u00e9klet_curriculum _2021_22_III_\u00e9vfolyam_magyar_20210812<\/a> <a href=\"https:\/\/semmelweis.hu\/gytk\/files\/2021\/08\/7sz_mell\u00e9klet_curriculum-_2021_22_IV_\u00e9vfolyam_magyar_20210812.pdf\" target=\"_blank\" rel=\"noopener noreferrer\">19\/2020-2021. (VIII.12)GYTK-KT hat\u00e1rozat_mell\u00e9klet_curriculum _2021_22_IV_\u00e9vfolyam_magyar_20210812<\/a> <a href=\"https:\/\/semmelweis.hu\/gytk\/files\/2021\/08\/8sz_mell\u00e9klet_curriculum-_2021_22_V_\u00e9vfolyam_magyar_20210812.pdf\" target=\"_blank\" rel=\"noopener noreferrer\">19\/2020-2021. (VIII.12)GYTK-KT_hat\u00e1rozat_mell\u00e9klet_curriculum _2021_22_V_\u00e9vfolyam_magyar_20210812<\/a> <a href=\"https:\/\/semmelweis.hu\/gytk\/files\/2021\/08\/9sz_mell\u00e9klet_angol-curriculum-_2021_22_I-II-\u00e9vfolyam_20210812.pdf\" target=\"_blank\" rel=\"noopener noreferrer\">19\/2020-2021. (VIII.12)GYTK-KT_hat\u00e1rozat_mell\u00e9klet_angol curriculum _2021_22_I-II- \u00e9vfolyam_20210812<\/a> <a href=\"https:\/\/semmelweis.hu\/gytk\/files\/2021\/08\/10sz_mell\u00e9klet_n\u00e9met-curriculum-_2021_22_I-II-\u00e9vfolyam_20210812.pdf\" target=\"_blank\" rel=\"noopener noreferrer\">19\/2020-2021. (VIII.12)GYTK-KT_hat\u00e1rozat_mell\u00e9klet_n\u00e9met curriculum _2021_22_I-II- \u00e9vfolyam_20210812<\/a> Kari Tan\u00e1cs\u00fcl\u00e9s 2021. j\u00fanius 10-16. v\u00e9lem\u00e9nynyilv\u00e1n\u00edt\u00e1s szem\u00e9lyes \u00fcl\u00e9s mell\u0151z\u00e9s\u00e9vel <a href=\"https:\/\/semmelweis.hu\/gytk\/files\/2021\/06\/18_2020_2021.-VI.-16.-GYTK-KT.pdf\" target=\"_blank\" rel=\"noopener noreferrer\">18\/2020-2021. (VI. 16.) GYTK-KT<\/a> Kari Tan\u00e1cs\u00fcl\u00e9s 2021. m\u00e1jus 26. (szerda) 16:00 \u00f3ra Szen\u00e1tusi terem <a href=\"https:\/\/semmelweis.hu\/gytk\/files\/2021\/05\/17_2020_2021_05_26_GYTK_KT.pdf\" target=\"_blank\" rel=\"noopener noreferrer\">17\/2020-2021.(V.26.)GYTK-KT<\/a> <a href=\"https:\/\/semmelweis.hu\/gytk\/files\/2021\/05\/8_napirend_akkredit\u00e1ci\u00f3_gy\u00f3gyszert\u00e1rak.pdf\" target=\"_blank\" rel=\"noopener noreferrer\">17\/2020-2021.(V.26.)GYTK-KT_mell\u00e9klet szakk\u00e9pz\u0151helyek n\u00e9v \u00e9s c\u00edmjegyz\u00e9ke<\/a> <a href=\"https:\/\/semmelweis.hu\/gytk\/files\/2021\/05\/16_2020_2021_05_26_GYTK_KT.pdf\" target=\"_blank\" rel=\"noopener noreferrer\">16\/2020-2021.(V.26.)GYTK-KT<\/a> <a href=\"https:\/\/semmelweis.hu\/gytk\/files\/2021\/05\/5_napirend_Jubileumi_d\u00edszoklevelek_2021_n\u00e9vsor-4.pdf\" target=\"_blank\" rel=\"noopener noreferrer\">16\/2020-2021.(V.26.)GYTK-KT_mell\u00e9klet_Jubileumi_d\u00edszoklevelek_2021_n\u00e9vsor<\/a> <a href=\"https:\/\/semmelweis.hu\/gytk\/files\/2021\/05\/15_2020_2021_05_26_GYTK_KT.pdf\" target=\"_blank\" rel=\"noopener noreferrer\">15\/2020-2021.(V.26.)GYTK-KT<\/a> <a href=\"https:\/\/semmelweis.hu\/gytk\/files\/2021\/10\/TVB-\u00fcgyrend_2021.pdf\" target=\"_blank\" rel=\"noopener noreferrer\">15\/2020-2021.(V.26.)GYTK-KT_hat\u00e1rozat_ mell\u00e9klet_TVB_\u00fcgyrend<\/a> <a href=\"https:\/\/semmelweis.hu\/gytk\/files\/2021\/10\/SE-GYTK-SZMR-M05_K\u00c1B_20210522_V\u00c9GLEGES_k\u00f6zz\u00e9t\u00e9telre.pdf\" target=\"_blank\" rel=\"noopener noreferrer\">15\/2020-2021.(V.26.)GYTK-KT_hat\u00e1rozat_mell\u00e9klet_K\u00c1B_\u00fcgyrend<\/a> <a href=\"https:\/\/semmelweis.hu\/gytk\/files\/2021\/10\/SE-GYTK-SZMR-M04_KEFB_V\u00c9GLEGES_20210526_ZR_.pdf\" target=\"_blank\" rel=\"noopener noreferrer\">15\/2020-2021.(V.26.)GYTK-KT_hat\u00e1rozat_mell\u00e9klet_EEFB_\u00fcgyrend<\/a> <a href=\"https:\/\/semmelweis.hu\/gytk\/files\/2021\/05\/14_2020_2021_05_26_GYTK_KT.pdf\" target=\"_blank\" rel=\"noopener noreferrer\">14\/2020-2021.(V.26.)GYTK-KT<\/a> <a href=\"https:\/\/semmelweis.hu\/gytk\/files\/2021\/05\/13_2020_2021_05_26_GYTK_KT.pdf\" target=\"_blank\" rel=\"noopener noreferrer\">13\/2020-2021.(V.26.)GYTK-KT<\/a> Kari Tan\u00e1cs zoom \u00e9rtekezlet 2021. febru\u00e1r 11. (cs\u00fct\u00f6rt\u00f6k) 16:00 \u00f3ra <a href=\"https:\/\/semmelweis.hu\/gytk\/files\/2021\/03\/12-2020-2021.II_.-15..pdf\" target=\"_blank\" rel=\"noopener noreferrer\">12\/2020-2021.(II. 15.)GYTK-KT<\/a> <a href=\"https:\/\/semmelweis.hu\/gytk\/files\/2021\/02\/4_napirendi_pont_Akkredit\u00e1ci\u00f3_20201123_20210208.pdf\" target=\"_blank\" rel=\"noopener noreferrer\">12\/2020-2021.(II. 15.)GYTK-KT_mell\u00e9klet szakk\u00e9pz\u0151helyek n\u00e9v \u00e9s c\u00edmjegyz\u00e9ke<\/a> <a href=\"https:\/\/semmelweis.hu\/gytk\/files\/2021\/02\/11-2020-2021.-II.-15..pdf\" target=\"_blank\" rel=\"noopener noreferrer\">11\/2020-2021. (II. 15.)GYTK-KT<\/a> <a href=\"https:\/\/semmelweis.hu\/gytk\/files\/2021\/02\/10-2020-2021.02.15.pdf\" target=\"_blank\" rel=\"noopener noreferrer\">10\/2020-2021(II.15.)GYTK-KT<\/a> &nbsp; Kari Tan\u00e1cs zoom \u00e9rtekezlet 2020. november 25. (szerda) 16:00 \u00f3ra <a href=\"https:\/\/semmelweis.hu\/gytk\/files\/2020\/11\/9-2020-2021.XI_.-25.GYTK-KT.pdf\" target=\"_blank\" rel=\"noopener noreferrer\">9\/2020-2021.(XI. 25.)GYTK-KT<\/a> <a href=\"https:\/\/semmelweis.hu\/gytk\/files\/2020\/11\/6.-napirendi-pont-szakk\u00e9pz\u0151-helyek.pdf\" target=\"_blank\" rel=\"noopener noreferrer\">9\/2020-2021.(XI. 25.)GYTK-KT_mell\u00e9klet szakk\u00e9pz\u0151helyek n\u00e9v \u00e9s c\u00edmjegyz\u00e9ke<\/a> <a href=\"https:\/\/semmelweis.hu\/gytk\/files\/2020\/11\/8-2020-2021.XI_.-25.GYTK-KT.pdf\" target=\"_blank\" rel=\"noopener noreferrer\">8\/2020-2021.(XI. 25.)GYTK-KT<\/a> <a href=\"https:\/\/semmelweis.hu\/gytk\/files\/2020\/11\/7-2020-2021.XI_.-25.GYTK-KT.pdf\" target=\"_blank\" rel=\"noopener noreferrer\">7\/2020-2021.(XI. 25.)GYTK-KT<\/a> <a href=\"https:\/\/semmelweis.hu\/gytk\/files\/2020\/11\/3.napirendi-pont-2a-mell\u00e9klet-1.pdf\" target=\"_blank\" rel=\"noopener noreferrer\">7\/2020-2021.(XI. 25.)GYTK-KT_hat\u00e1rozat_ mell\u00e9klet_\u00e9trendkieg\u00e9sz\u00edt\u0151k_tant\u00e1rgyi_adatlap<\/a> <a href=\"https:\/\/semmelweis.hu\/gytk\/files\/2020\/11\/3.-napirendi-pont-2b-mell\u00e9klet-1.pdf\" target=\"_blank\" rel=\"noopener noreferrer\">7\/2020-2021.(XI. 25.)GYTK-KT_hat\u00e1rozat_ mell\u00e9klet_a_folyad\u00e9kkromatogr\u00e1fia \u00e9s analitikai alkalmaz\u00e1sai_tant\u00e1rgyi_adatlap<\/a> <a href=\"https:\/\/semmelweis.hu\/gytk\/files\/2020\/11\/3.-napirendi-pont-2c-mell\u00e9klet-1.pdf\" target=\"_blank\" rel=\"noopener noreferrer\">7\/2020-2021.(XI. 25.)GYTK-KT_hat\u00e1rozat_ mell\u00e9klet_utaz\u00e1si_orvostan_gy\u00f3gyszer\u00e9szek_sz\u00e1m\u00e1ra_tant\u00e1rgyi_adatlap<\/a> <a href=\"https:\/\/semmelweis.hu\/gytk\/files\/2020\/11\/6-2020-2021.-XI.-30-GYK-KT.pdf\" target=\"_blank\" rel=\"noopener noreferrer\">6\/2020-2021. (XI. 30) GYK-KT<\/a> Kari Tan\u00e1cs zoom \u00e9rtekezlet 2020. szeptember 17. (cs\u00fct\u00f6rt\u00f6k) &hellip;<\/p>\n","protected":false},"author":101431,"featured_media":0,"parent":5513,"menu_order":3,"comment_status":"closed","ping_status":"closed","template":"","meta":{"_acf_changed":false,"footnotes":""},"categories":[],"tags":[],"class_list":["post-9874","page","type-page","status-publish","hentry"],"acf":[],"_links":{"self":[{"href":"https:\/\/semmelweis.hu\/gytk\/wp-json\/wp\/v2\/pages\/9874","targetHints":{"allow":["GET"]}}],"collection":[{"href":"https:\/\/semmelweis.hu\/gytk\/wp-json\/wp\/v2\/pages"}],"about":[{"href":"https:\/\/semmelweis.hu\/gytk\/wp-json\/wp\/v2\/types\/page"}],"author":[{"embeddable":true,"href":"https:\/\/semmelweis.hu\/gytk\/wp-json\/wp\/v2\/users\/101431"}],"replies":[{"embeddable":true,"href":"https:\/\/semmelweis.hu\/gytk\/wp-json\/wp\/v2\/comments?post=9874"}],"version-history":[{"count":10,"href":"https:\/\/semmelweis.hu\/gytk\/wp-json\/wp\/v2\/pages\/9874\/revisions"}],"predecessor-version":[{"id":16786,"href":"https:\/\/semmelweis.hu\/gytk\/wp-json\/wp\/v2\/pages\/9874\/revisions\/16786"}],"up":[{"embeddable":true,"href":"https:\/\/semmelweis.hu\/gytk\/wp-json\/wp\/v2\/pages\/5513"}],"wp:attachment":[{"href":"https:\/\/semmelweis.hu\/gytk\/wp-json\/wp\/v2\/media?parent=9874"}],"wp:term":[{"taxonomy":"category","embeddable":true,"href":"https:\/\/semmelweis.hu\/gytk\/wp-json\/wp\/v2\/categories?post=9874"},{"taxonomy":"post_tag","embeddable":true,"href":"https:\/\/semmelweis.hu\/gytk\/wp-json\/wp\/v2\/tags?post=9874"}],"curies":[{"name":"wp","href":"https:\/\/api.w.org\/{rel}","templated":true}]}}