{"id":9858,"date":"2020-09-07T09:59:24","date_gmt":"2020-09-07T07:59:24","guid":{"rendered":"https:\/\/semmelweis.hu\/gytk\/?page_id=9858"},"modified":"2025-09-01T13:37:53","modified_gmt":"2025-09-01T11:37:53","slug":"2020-szeptember-3-4","status":"publish","type":"page","link":"https:\/\/semmelweis.hu\/gytk\/a-karrol\/kari-tanacs\/kari-tanacs-eloterjesztesek\/2020-szeptember-3-4\/","title":{"rendered":"2020. szeptember 3- 4. elektronikus szavaz\u00e1s"},"content":{"rendered":"<p style=\"text-align: center\"><strong>Kari Tan\u00e1cs elektronikus szavaz\u00e1s 2020. szeptember 3- 4.<\/strong><\/p>\n<p style=\"text-align: justify\"><a href=\"https:\/\/semmelweis.hu\/gytk\/files\/2020\/09\/KT_El\u0151terjeszt\u00e9s_2020_2021_tan\u00e9vben_\u00e9rv\u00e9nyes_tant\u00e1rgyi_programok_I-V_\u00e9vfolyamon.pdf\" target=\"_blank\" rel=\"noopener noreferrer\">KT_El\u0151terjeszt\u00e9s_2020_2021_tan\u00e9vben_\u00e9rv\u00e9nyes_tant\u00e1rgyi_programok_I-V_\u00e9vfolyamon<\/a><\/p>\n<p>2_sz_mell\u00e9klet_I_\u00e9vfolyamra_iratkoz\u00f3_hallgat\u00f3k_r\u00e9sz\u00e9re_\u00e9rv\u00e9nyes_tant\u00e1rgyi _programok_I_II_f\u00e9l\u00e9v<\/p>\n<ul>\n<li><a href=\"https:\/\/semmelweis.hu\/gytk\/files\/2020\/09\/2020_21_1f\u00e9l\u00e9v_I\u00e9vfolyam.zip\" target=\"_blank\" rel=\"noopener noreferrer\">2a_sz_mell\u00e9klet_2020_21_1f\u00e9l\u00e9v_I\u00e9vfolyam<\/a><\/li>\n<li><a href=\"https:\/\/semmelweis.hu\/gytk\/files\/2020\/09\/2020_21_2f\u00e9l\u00e9v_I\u00e9vfolyam.zip\" target=\"_blank\" rel=\"noopener noreferrer\">2b_sz_mell\u00e9klet_2020_21_2f\u00e9l\u00e9v_I\u00e9vfolyam<\/a><\/li>\n<\/ul>\n<p>3_sz_mell\u00e9klet_II_\u00e9vfolyamra_iratkoz\u00f3_hallgat\u00f3k_r\u00e9sz\u00e9re_\u00e9rv\u00e9nyes_tant\u00e1rgyi _programok_I_II_f\u00e9l\u00e9v<\/p>\n<ul>\n<li><a href=\"https:\/\/semmelweis.hu\/gytk\/files\/2020\/09\/2020_21_1f\u00e9l\u00e9v_II\u00e9vfolyam.zip\" target=\"_blank\" rel=\"noopener noreferrer\">3a_sz_mell\u00e9klet_2020_21_1f\u00e9l\u00e9v_II\u00e9vfolyam<\/a><\/li>\n<li><a href=\"https:\/\/semmelweis.hu\/gytk\/files\/2020\/09\/2020_21_2f\u00e9l\u00e9v_II\u00e9vfolyam.zip\" target=\"_blank\" rel=\"noopener noreferrer\">3b_sz_mell\u00e9klet_2020_21_2f\u00e9l\u00e9v_II\u00e9vfolyam<\/a><\/li>\n<\/ul>\n<p>4_sz_mell\u00e9klet_III_\u00e9vfolyamra_iratkoz\u00f3_hallgat\u00f3k_r\u00e9sz\u00e9re_\u00e9rv\u00e9nyes_tant\u00e1rgyi _programok_I_II_f\u00e9l\u00e9v<\/p>\n<ul>\n<li><a href=\"https:\/\/semmelweis.hu\/gytk\/files\/2020\/09\/2020_21_1f\u00e9l\u00e9v_III\u00e9vfolyam.zip\" target=\"_blank\" rel=\"noopener noreferrer\">4a_sz_mell\u00e9klet_2020_21_1f\u00e9l\u00e9v_III\u00e9vfolyam<\/a><\/li>\n<li><a href=\"https:\/\/semmelweis.hu\/gytk\/files\/2020\/09\/2020_21_2f\u00e9l\u00e9v_III\u00e9vfolyam.zip\" target=\"_blank\" rel=\"noopener noreferrer\">4b_sz_mell\u00e9klet_2020_21_2f\u00e9l\u00e9v_III\u00e9vfolyam<\/a><\/li>\n<\/ul>\n<p>5_sz_mell\u00e9klet_IV_\u00e9vfolyamra_iratkoz\u00f3_hallgat\u00f3k_r\u00e9sz\u00e9re_\u00e9rv\u00e9nyes_tant\u00e1rgyi _programok_I_II_f\u00e9l\u00e9v<\/p>\n<ul>\n<li><a href=\"https:\/\/semmelweis.hu\/gytk\/files\/2020\/09\/2020_21_1f\u00e9l\u00e9v_IV\u00e9vfolyam.zip\" target=\"_blank\" rel=\"noopener noreferrer\">5a_sz_mell\u00e9klet_2020_21_1f\u00e9l\u00e9v_IV\u00e9vfolyam<\/a><\/li>\n<li><a href=\"https:\/\/semmelweis.hu\/gytk\/files\/2020\/09\/2020_21_2f\u00e9l\u00e9v_IV\u00e9vfolyam.zip\" target=\"_blank\" rel=\"noopener noreferrer\">5b_mell\u00e9klet_2020_21_2f\u00e9l\u00e9v_IV\u00e9vfolyam<\/a><\/li>\n<\/ul>\n<p>6_sz_mell\u00e9klet_V_\u00e9vfolyamra_iratkoz\u00f3_hallgat\u00f3k_r\u00e9sz\u00e9re_\u00e9rv\u00e9nyes_tant\u00e1rgyi _programok_I_II_f\u00e9l\u00e9v<\/p>\n<ul>\n<li><a href=\"https:\/\/semmelweis.hu\/gytk\/files\/2021\/03\/2020_21_1f\u00e9l\u00e9v_V\u00e9vfolyam.zip\" target=\"_blank\" rel=\"noopener noreferrer\">6a_sz_mell\u00e9klet_2020_21_1f\u00e9l\u00e9v_V\u00e9vfolyam<\/a><\/li>\n<li><a href=\"https:\/\/semmelweis.hu\/gytk\/files\/2020\/09\/Hivat\u00e1setikai-alapok-II..docx\" target=\"_blank\" rel=\"noopener noreferrer\">6b_sz_mell\u00e9klet_2020_21_2f\u00e9l\u00e9v_V\u00e9vfolyam<\/a><\/li>\n<\/ul>\n<p>&nbsp;<\/p>\n<p style=\"text-align: justify\">\u00a0<\/p>\n<p>&nbsp;<\/p>\n<p>&nbsp;<\/p>\n","protected":false},"excerpt":{"rendered":"<p>Kari Tan\u00e1cs elektronikus szavaz\u00e1s 2020. szeptember 3- 4.<br \/>\n<a href=\"https:\/\/semmelweis.hu\/gytk\/files\/2020\/09\/KT_El\u0151terjeszt\u00e9s_2020_2021_tan\u00e9vben_\u00e9rv\u00e9nyes_tant\u00e1rgyi_programok_I-V_\u00e9vfolyamon.pdf\" target=\"_blank\" rel=\"noopener noreferrer\">KT_El\u0151terjeszt\u00e9s_2020_2021_tan\u00e9vben_\u00e9rv\u00e9nyes_tant\u00e1rgyi_programok_I-V_\u00e9vfolyamon<\/a><br \/>\n2_sz_mell\u00e9klet_I_\u00e9vfolyamra_iratkoz\u00f3_hallgat\u00f3k_r\u00e9sz\u00e9re_\u00e9rv\u00e9nyes_tant\u00e1rgyi _programok_I_II_f\u00e9l\u00e9v<\/p>\n<p><a href=\"https:\/\/semmelweis.hu\/gytk\/files\/2020\/09\/2020_21_1f\u00e9l\u00e9v_I\u00e9vfolyam.zip\" target=\"_blank\" rel=\"noopener noreferrer\">2a_sz_mell\u00e9klet_2020_21_1f\u00e9l\u00e9v_I\u00e9vfolyam<\/a><br \/>\n<a href=\"https:\/\/semmelweis.hu\/gytk\/files\/2020\/09\/2020_21_2f\u00e9l\u00e9v_I\u00e9vfolyam.zip\" target=\"_blank\" rel=\"noopener noreferrer\">2b_sz_mell\u00e9klet_2020_21_2f\u00e9l\u00e9v_I\u00e9vfolyam<\/a><\/p>\n<p>3_sz_mell\u00e9klet_II_\u00e9vfolyamra_iratkoz\u00f3_hallgat\u00f3k_r\u00e9sz\u00e9re_\u00e9rv\u00e9nyes_tant\u00e1rgyi _programok_I_II_f\u00e9l\u00e9v<\/p>\n<p><a href=\"https:\/\/semmelweis.hu\/gytk\/files\/2020\/09\/2020_21_1f\u00e9l\u00e9v_II\u00e9vfolyam.zip\" target=\"_blank\" rel=\"noopener noreferrer\">3a_sz_mell\u00e9klet_2020_21_1f\u00e9l\u00e9v_II\u00e9vfolyam<\/a><br \/>\n<a href=\"https:\/\/semmelweis.hu\/gytk\/files\/2020\/09\/2020_21_2f\u00e9l\u00e9v_II\u00e9vfolyam.zip\" target=\"_blank\" rel=\"noopener noreferrer\">3b_sz_mell\u00e9klet_2020_21_2f\u00e9l\u00e9v_II\u00e9vfolyam<\/a><\/p>\n<p>4_sz_mell\u00e9klet_III_\u00e9vfolyamra_iratkoz\u00f3_hallgat\u00f3k_r\u00e9sz\u00e9re_\u00e9rv\u00e9nyes_tant\u00e1rgyi _programok_I_II_f\u00e9l\u00e9v<\/p>\n<p><a href=\"https:\/\/semmelweis.hu\/gytk\/files\/2020\/09\/2020_21_1f\u00e9l\u00e9v_III\u00e9vfolyam.zip\" target=\"_blank\" rel=\"noopener noreferrer\">4a_sz_mell\u00e9klet_2020_21_1f\u00e9l\u00e9v_III\u00e9vfolyam<\/a><br \/>\n<a href=\"https:\/\/semmelweis.hu\/gytk\/files\/2020\/09\/2020_21_2f\u00e9l\u00e9v_III\u00e9vfolyam.zip\" target=\"_blank\" rel=\"noopener noreferrer\">4b_sz_mell\u00e9klet_2020_21_2f\u00e9l\u00e9v_III\u00e9vfolyam<\/a><\/p>\n<p>5_sz_mell\u00e9klet_IV_\u00e9vfolyamra_iratkoz\u00f3_hallgat\u00f3k_r\u00e9sz\u00e9re_\u00e9rv\u00e9nyes_tant\u00e1rgyi _programok_I_II_f\u00e9l\u00e9v<\/p>\n<p><a href=\"https:\/\/semmelweis.hu\/gytk\/files\/2020\/09\/2020_21_1f\u00e9l\u00e9v_IV\u00e9vfolyam.zip\" target=\"_blank\" rel=\"noopener noreferrer\">5a_sz_mell\u00e9klet_2020_21_1f\u00e9l\u00e9v_IV\u00e9vfolyam<\/a><br \/>\n<a href=\"https:\/\/semmelweis.hu\/gytk\/files\/2020\/09\/2020_21_2f\u00e9l\u00e9v_IV\u00e9vfolyam.zip\" target=\"_blank\" rel=\"noopener noreferrer\">5b_mell\u00e9klet_2020_21_2f\u00e9l\u00e9v_IV\u00e9vfolyam<\/a><\/p>\n<p>6_sz_mell\u00e9klet_V_\u00e9vfolyamra_iratkoz\u00f3_hallgat\u00f3k_r\u00e9sz\u00e9re_\u00e9rv\u00e9nyes_tant\u00e1rgyi _programok_I_II_f\u00e9l\u00e9v<\/p>\n<p><a href=\"https:\/\/semmelweis.hu\/gytk\/files\/2021\/03\/2020_21_1f\u00e9l\u00e9v_V\u00e9vfolyam.zip\" target=\"_blank\" rel=\"noopener noreferrer\">6a_sz_mell\u00e9klet_2020_21_1f\u00e9l\u00e9v_V\u00e9vfolyam<\/a><br \/>\n<a href=\"https:\/\/semmelweis.hu\/gytk\/files\/2020\/09\/Hivat\u00e1setikai-alapok-II..docx\" target=\"_blank\" rel=\"noopener noreferrer\">6b_sz_mell\u00e9klet_2020_21_2f\u00e9l\u00e9v_V\u00e9vfolyam<\/a><\/p>\n<p>&nbsp;<br \/>\n\u00a0<br \/>\n&nbsp;<br \/>\n&nbsp;<\/p>\n","protected":false},"author":101431,"featured_media":0,"parent":5323,"menu_order":19,"comment_status":"closed","ping_status":"closed","template":"","meta":{"_acf_changed":false,"footnotes":""},"categories":[],"tags":[],"class_list":["post-9858","page","type-page","status-publish","hentry"],"acf":[],"_links":{"self":[{"href":"https:\/\/semmelweis.hu\/gytk\/wp-json\/wp\/v2\/pages\/9858","targetHints":{"allow":["GET"]}}],"collection":[{"href":"https:\/\/semmelweis.hu\/gytk\/wp-json\/wp\/v2\/pages"}],"about":[{"href":"https:\/\/semmelweis.hu\/gytk\/wp-json\/wp\/v2\/types\/page"}],"author":[{"embeddable":true,"href":"https:\/\/semmelweis.hu\/gytk\/wp-json\/wp\/v2\/users\/101431"}],"replies":[{"embeddable":true,"href":"https:\/\/semmelweis.hu\/gytk\/wp-json\/wp\/v2\/comments?post=9858"}],"version-history":[{"count":8,"href":"https:\/\/semmelweis.hu\/gytk\/wp-json\/wp\/v2\/pages\/9858\/revisions"}],"predecessor-version":[{"id":17668,"href":"https:\/\/semmelweis.hu\/gytk\/wp-json\/wp\/v2\/pages\/9858\/revisions\/17668"}],"up":[{"embeddable":true,"href":"https:\/\/semmelweis.hu\/gytk\/wp-json\/wp\/v2\/pages\/5323"}],"wp:attachment":[{"href":"https:\/\/semmelweis.hu\/gytk\/wp-json\/wp\/v2\/media?parent=9858"}],"wp:term":[{"taxonomy":"category","embeddable":true,"href":"https:\/\/semmelweis.hu\/gytk\/wp-json\/wp\/v2\/categories?post=9858"},{"taxonomy":"post_tag","embeddable":true,"href":"https:\/\/semmelweis.hu\/gytk\/wp-json\/wp\/v2\/tags?post=9858"}],"curies":[{"name":"wp","href":"https:\/\/api.w.org\/{rel}","templated":true}]}}