{"id":981,"date":"2014-11-26T09:03:54","date_gmt":"2014-11-26T08:03:54","guid":{"rendered":"http:\/\/semmelweis.hu\/gytk\/?page_id=981"},"modified":"2025-05-09T13:11:15","modified_gmt":"2025-05-09T11:11:15","slug":"felveteli-tajekoztatohogyan-jelentkezhet-a-kepzesre","status":"publish","type":"page","link":"https:\/\/semmelweis.hu\/gytk\/posztgradualis-kepzes\/szakkepzes\/felveteli-tajekoztatohogyan-jelentkezhet-a-kepzesre\/","title":{"rendered":"Felv\u00e9teli t\u00e1j\u00e9koztat\u00f3"},"content":{"rendered":"<div class=\"keretes w-100\">\n<h5>Tartalomjegyz\u00e9k<\/h5>\n<ul style=\"list-style-type: disc\">\n<li class=\"entry-title\"><a href=\"#allami\">\u00c1llamilag t\u00e1mogatott k\u00e9pz\u00e9s<\/a><\/li>\n<li><a href=\"#koltseg\">K\u00f6lts\u00e9gt\u00e9r\u00edt\u00e9ses k\u00e9pz\u00e9s<\/a><\/li>\n<\/ul>\n<\/div>\n<h4 style=\"text-align: left\"><strong>\u00c1llamilag t\u00e1mogatott k\u00e9pz\u00e9s<\/strong><\/h4>\n<p>A Semmelweis Egyetem Gy\u00f3gyszer\u00e9sztudom\u00e1nyi Kara \u00e1ltal meghirdetett \u00e1llamilag t\u00e1mogatott szakk\u00e9pz\u00e9si tanulm\u00e1nyok Eg\u00e9szs\u00e9g\u00fcgyi Szolg\u00e1lati Jogviszony keret\u00e9ben <strong>a Kar valamelyik oktat\u00f3 int\u00e9zet\u00e9ben <\/strong>v\u00e9gezhet\u0151k. (M\u00e1s k\u00f3rh\u00e1zak \u00e1ltal meghirdetett rezidensi helyekre p\u00e1ly\u00e1z\u00f3k a k\u00f6lts\u00e9gt\u00e9r\u00edt\u00e9ses k\u00e9pz\u00e9sre jelentkezzenek. A k\u00f3rh\u00e1zi rezidensi hely elnyer\u00e9s\u00e9r\u0151l sz\u00f3l\u00f3 hat\u00e1rozat alapj\u00e1n ker\u00fclnek \u00e1tsorol\u00e1sra finansz\u00edrozott k\u00e9pz\u00e9sre.)<\/p>\n<p>Az \u00e1ll\u00e1shelyre az \u00e9rdekl\u0151d\u0151k a jelentkez\u00e9si lap beny\u00fajt\u00e1sa mellett<\/p>\n<ul>\n<li>Gy\u00f3gyszer\u00e9szi diploma f\u00e9nym\u00e1solata,<\/li>\n<li>Szem\u00e9lyi igazolv\u00e1ny m\u00e1solata,<\/li>\n<li>M\u0171k\u00f6d\u00e9si nyilv\u00e1ntart\u00e1st, valamint a kamarai tags\u00e1got igazol\u00f3 k\u00e1rty\u00e1k, vagy a tags\u00e1gi ig\u00e9ny bead\u00e1s\u00e1r\u00f3l sz\u00f3l\u00f3 igazol\u00e1s m\u00e1solatai,<\/li>\n<li>motiv\u00e1ci\u00f3s lev\u00e9l,<\/li>\n<li>\u00f6n\u00e9letrajz<\/li>\n<\/ul>\n<p>bead\u00e1s\u00e1val a <a href=\"mailto:gytk.szakkepzes@semmelweis.hu\"><strong>gytk.<\/strong><strong>szakkepzes@semmelweis.hu<\/strong><\/a> e-mail c\u00edmen jelentkezhetnek.<\/p>\n<p>Jelentkez\u00e9si lap: <a href=\"https:\/\/semmelweis.hu\/gytk\/files\/2025\/05\/felvi-2025_finanszirozott.docx\">Innen let\u00f6lthet\u0151!<\/a><\/p>\n<p>A <strong>keretsz\u00e1mokra<\/strong> <strong>2025. 05. 31-ig<\/strong> lehet p\u00e1ly\u00e1zni.<\/p>\n<p><strong>K\u00f3rh\u00e1zi-klinikai szakgy\u00f3gyszer\u00e9sz\u00a0<\/strong>rezidensi \u00e1ll\u00e1shelyek keretsz\u00e1ma:\u00a0<strong>1 f\u0151<\/strong><\/p>\n<p><strong>Oktat\u00f3i ut\u00e1np\u00f3tl\u00e1s<\/strong> biztos\u00edt\u00e1sa \u00e9rdek\u00e9ben<strong>\u00a0szakgy\u00f3gyszer\u00e9sz\u00a0<\/strong>rezidensi \u00e1ll\u00e1shelyek keretsz\u00e1ma:\u00a0<strong>4 f\u0151<\/strong><\/p>\n<h5 style=\"text-align: left\">A jelentkez\u0151 \u00e1ltal megjel\u00f6lhet\u0151 alapszakk\u00e9pes\u00edt\u00e9sek:<\/h5>\n<h6 style=\"text-align: left\">1.\u00a0 \u00a0Gy\u00f3gyszerell\u00e1t\u00e1si szakgy\u00f3gyszer\u00e9szet szakter\u00fclet<\/h6>\n<p style=\"text-align: left\">1.1. Gy\u00f3gyszert\u00e1r \u00fczemeltet\u00e9s, vezet\u00e9s<br \/>\n1.2. Gy\u00f3gyszer\u00e9szi gondoz\u00e1s, farmakol\u00f3gia<\/p>\n<h6 style=\"text-align: left\">2.\u00a0 \u00a0K\u00f3rh\u00e1zi-klinikai szakgy\u00f3gyszer\u00e9szet<\/h6>\n<p style=\"text-align: left\">2.1. K\u00f3rh\u00e1zi-klinikai szakgy\u00f3gyszer\u00e9szet<\/p>\n<h6 style=\"text-align: left\">3.\u00a0 \u00a0Ipari szakgy\u00f3gyszer\u00e9szet<\/h6>\n<p style=\"text-align: left\">3.1. Gy\u00f3gyszertechnol\u00f3gia, k\u00e9sz\u00edtm\u00e9nyfejleszt\u00e9s \u00e9s gy\u00e1rt\u00e1s, biol\u00f3giai \u00e9s n\u00f6v\u00e9nyi eredet\u0171 gy\u00f3gyszerek, radiogy\u00f3gyszerek<br \/>\n3.2. Min\u0151s\u00e9gbiztos\u00edt\u00e1s \u00e9s min\u0151s\u00e9gellen\u0151rz\u00e9s<\/p>\n<p>3.3. Nem klinikai \u00e9s klinikai gy\u00f3gyszerkutat\u00e1s, farmakol\u00f3gia<a id=\"koltseg\"><\/a><\/p>\n<h4 style=\"text-align: left\"><strong>K\u00f6lts\u00e9gt\u00e9r\u00edt\u00e9ses k\u00e9pz\u00e9s<\/strong><\/h4>\n<p>A szakk\u00e9pz\u00e9s id\u0151tartama a meghirdetett k\u00e9pz\u00e9sek eset\u00e9ben <em>teljes munkaid\u0151ben<\/em> v\u00e9gzett szakgyakorlat eset\u00e9n 36 h\u00f3nap, amely 12 h\u00f3nap id\u0151tartam\u00fa t\u00f6rzsk\u00e9pz\u00e9si \u00e9s 24 h\u00f3nap id\u0151tartam\u00fa speci\u00e1lis k\u00e9pz\u00e9si programot foglal mag\u00e1ban. A k\u00e9pz\u00e9sre gy\u00f3gyszer\u00e9szi diplom\u00e1val rendelkez\u0151k jelentkezhetnek. <strong>A 36 h\u00f3napos k\u00e9pz\u00e9s gyakorlati r\u00e9sz\u00e9t<\/strong> 2025. szeptember 1-j\u00e9t\u0151l 2028. augusztus 31-\u00e9ig, mind a h\u00e1rom \u00e9vben a v\u00e1lasztott szakk\u00e9pes\u00edt\u00e9sre <span style=\"color: #000080\"><strong>akkredit\u00e1lt <\/strong><\/span>(szakk\u00e9pz\u0151 helly\u00e9 min\u0151s\u00edtett) k\u00e9pz\u0151helyen, teljes munkaid\u0151ben kell teljes\u00edteni. (A r\u00e9szmunkaid\u0151ben v\u00e9gzett szakgyakorlat a k\u00e9pz\u00e9si id\u0151t meghosszabb\u00edtja.)<\/p>\n<p>Az akkredit\u00e1lt int\u00e9zm\u00e9nyek list\u00e1ja a GYOFTEX port\u00e1l (<a href=\"https:\/\/gyoftex.hu\">https:\/\/gyoftex.hu<\/a>) gy\u00f3gyszer\u00e9sz men\u00fcpontj\u00e1ban, akkredit\u00e1lt gy\u00f3gyszert\u00e1rak alpontj\u00e1ban \u00e9rhet\u0151 el.<\/p>\n<p>A jelentkez\u00e9si laphoz az al\u00e1bbi dokumentumokat kell mell\u00e9kelni:<\/p>\n<ul>\n<li>Gy\u00f3gyszer\u00e9szi diploma f\u00e9nym\u00e1solata,<\/li>\n<li>Szem\u00e9lyi igazolv\u00e1ny m\u00e1solata,<\/li>\n<li>M\u0171k\u00f6d\u00e9si nyilv\u00e1ntart\u00e1st, valamint a kamarai tags\u00e1got igazol\u00f3 k\u00e1rty\u00e1k, vagy a tags\u00e1gi ig\u00e9ny bead\u00e1s\u00e1r\u00f3l sz\u00f3l\u00f3 igazol\u00e1s m\u00e1solatai,<\/li>\n<li>\u00d6n\u00e9letrajz.<\/li>\n<\/ul>\n<p>A jelentkez\u00e9si lapot \u00e9s mell\u00e9kleteit a <a href=\"mailto:gytk.szakkepzes@semmelweis.hu\"><strong>gytk.<\/strong><strong>szakkepzes@semmelweis.hu<\/strong><\/a> e-mail c\u00edmen kell tov\u00e1bb\u00edtani.<\/p>\n<p>Jelentkez\u00e9si lap: <a href=\"https:\/\/semmelweis.hu\/gytk\/files\/2025\/05\/felvi-2025_koltsegteriteses.docx\">Innen let\u00f6lthet\u0151!<\/a><\/p>\n<p style=\"text-align: left\">A jelentkez\u00e9s bead\u00e1s\u00e1nak hat\u00e1rideje: <strong>2025.08.08<\/strong>.<\/p>\n<div class=\"keretes w-100\">\n<p style=\"text-align: left\">Postai c\u00edm:<br \/>\nSemmelweis Egyetem Gy\u00f3gyszer\u00e9sztudom\u00e1nyi Kar<br \/>\nSzak- \u00e9s Tov\u00e1bbk\u00e9pz\u00e9si Csoport<br \/>\n1092 Budapest H\u0151gyes E. u. 7-9<\/p>\n<p style=\"text-align: left\">Egy\u00e9b el\u00e9rhet\u0151s\u00e9gek:<br \/>\nT: +36\/1-266-8411<br \/>\ne-mail: gytk.szakkepzes@semmelweis.hu<\/p>\n<\/div>\n<p style=\"text-align: left\">A k\u00f6lts\u00e9gt\u00e9r\u00edt\u00e9s d\u00edja: 30.000,-Ft\/h\u00f3, melynek befizet\u00e9se havi vagy f\u00e9l\u00e9ves d\u00edjfizet\u00e9ssel, az Egyetem \u00e1ltal ki\u00e1ll\u00edtott sz\u00e1mla alapj\u00e1n teljes\u00edthet\u0151. (A kisz\u00e1ml\u00e1zott id\u0151szak 10 h\u00f3nap\/\u00e9v.)<br \/>\nA felv\u00e9telr\u0151l sz\u00f3l\u00f3 \u00e9rtes\u00edt\u00e9s 2025. 08. 31-\u00e9ig ker\u00fcl kik\u00fcld\u00e9sre.<\/p>\n<p style=\"text-align: left\">\nT\u00e1j\u00e9koztatjuk az \u00e9rdekl\u0151d\u0151ket, hogy a 64\/2011. (XI:29.) NEFMI rendelet 12. \u00a7 (3) bekezd\u00e9se szerint, a folyamatban l\u00e9v\u0151 tov\u00e1bbk\u00e9pz\u00e9si id\u0151szakban megszerzett \u00faj szakk\u00e9pes\u00edt\u00e9s a m\u0171k\u00f6d\u00e9si nyilv\u00e1ntart\u00e1s meg\u00faj\u00edt\u00e1sakor a tov\u00e1bbk\u00e9pz\u00e9si id\u0151szak \u2013 az \u00faj szakk\u00e9pes\u00edt\u00e9s megszerz\u00e9s\u00e9re figyelemmel \u2013 teljes\u00edtettnek min\u0151s\u00fcl.<\/p>\n<h5 style=\"text-align: left\">A jelentkez\u0151 \u00e1ltal megjel\u00f6lhet\u0151 alapszakk\u00e9pes\u00edt\u00e9sek:<\/h5>\n<h6 style=\"text-align: left\">1.\u00a0 \u00a0Gy\u00f3gyszerell\u00e1t\u00e1si szakgy\u00f3gyszer\u00e9szet szakter\u00fclet<\/h6>\n<p style=\"text-align: left\">1.1. Gy\u00f3gyszert\u00e1r \u00fczemeltet\u00e9s, vezet\u00e9s<br \/>\n1.2. Gy\u00f3gyszer\u00e9szi gondoz\u00e1s, farmakol\u00f3gia<\/p>\n<h6 style=\"text-align: left\">2.\u00a0 \u00a0K\u00f3rh\u00e1zi-klinikai szakgy\u00f3gyszer\u00e9szet<\/h6>\n<p style=\"text-align: left\">2.1. K\u00f3rh\u00e1zi-klinikai szakgy\u00f3gyszer\u00e9szet<\/p>\n<h6 style=\"text-align: left\">3.\u00a0 \u00a0Ipari szakgy\u00f3gyszer\u00e9szet<\/h6>\n<p style=\"text-align: left\">3.1. Gy\u00f3gyszertechnol\u00f3gia, k\u00e9sz\u00edtm\u00e9nyfejleszt\u00e9s \u00e9s gy\u00e1rt\u00e1s, biol\u00f3giai \u00e9s n\u00f6v\u00e9nyi eredet\u0171 gy\u00f3gyszerek, radiogy\u00f3gyszerek<br \/>\n3.2. Min\u0151s\u00e9gbiztos\u00edt\u00e1s \u00e9s min\u0151s\u00e9gellen\u0151rz\u00e9s<br \/>\n3.3. Gy\u00f3gyszerenged\u00e9lyez\u00e9s (minimum 5 f\u0151 jelentkez\u00e9se eset\u00e9n)<br \/>\n3.4. Farmakovigilancia (minimum 5 f\u0151 jelentkez\u00e9se eset\u00e9n)<br \/>\n3.5. Nem klinikai \u00e9s klinikai gy\u00f3gyszerkutat\u00e1s, farmakol\u00f3gia<\/p>\n","protected":false},"excerpt":{"rendered":"<p>Tartalomjegyz\u00e9k <a href=\"#allami\">\u00c1llamilag t\u00e1mogatott k\u00e9pz\u00e9s<\/a> <a href=\"#koltseg\">K\u00f6lts\u00e9gt\u00e9r\u00edt\u00e9ses k\u00e9pz\u00e9s<\/a> \u00c1llamilag t\u00e1mogatott k\u00e9pz\u00e9s A Semmelweis Egyetem Gy\u00f3gyszer\u00e9sztudom\u00e1nyi Kara \u00e1ltal meghirdetett \u00e1llamilag t\u00e1mogatott szakk\u00e9pz\u00e9si tanulm\u00e1nyok Eg\u00e9szs\u00e9g\u00fcgyi Szolg\u00e1lati Jogviszony keret\u00e9ben a Kar valamelyik oktat\u00f3 int\u00e9zet\u00e9ben v\u00e9gezhet\u0151k. (M\u00e1s k\u00f3rh\u00e1zak \u00e1ltal meghirdetett rezidensi helyekre p\u00e1ly\u00e1z\u00f3k a k\u00f6lts\u00e9gt\u00e9r\u00edt\u00e9ses k\u00e9pz\u00e9sre jelentkezzenek. A k\u00f3rh\u00e1zi rezidensi hely elnyer\u00e9s\u00e9r\u0151l sz\u00f3l\u00f3 hat\u00e1rozat alapj\u00e1n ker\u00fclnek \u00e1tsorol\u00e1sra finansz\u00edrozott k\u00e9pz\u00e9sre.) Az \u00e1ll\u00e1shelyre az \u00e9rdekl\u0151d\u0151k a jelentkez\u00e9si lap &hellip;<\/p>\n","protected":false},"author":12,"featured_media":0,"parent":1501,"menu_order":3,"comment_status":"closed","ping_status":"closed","template":"","meta":{"_acf_changed":false,"footnotes":""},"categories":[],"tags":[],"class_list":["post-981","page","type-page","status-publish","hentry"],"acf":[],"_links":{"self":[{"href":"https:\/\/semmelweis.hu\/gytk\/wp-json\/wp\/v2\/pages\/981","targetHints":{"allow":["GET"]}}],"collection":[{"href":"https:\/\/semmelweis.hu\/gytk\/wp-json\/wp\/v2\/pages"}],"about":[{"href":"https:\/\/semmelweis.hu\/gytk\/wp-json\/wp\/v2\/types\/page"}],"author":[{"embeddable":true,"href":"https:\/\/semmelweis.hu\/gytk\/wp-json\/wp\/v2\/users\/12"}],"replies":[{"embeddable":true,"href":"https:\/\/semmelweis.hu\/gytk\/wp-json\/wp\/v2\/comments?post=981"}],"version-history":[{"count":12,"href":"https:\/\/semmelweis.hu\/gytk\/wp-json\/wp\/v2\/pages\/981\/revisions"}],"predecessor-version":[{"id":17267,"href":"https:\/\/semmelweis.hu\/gytk\/wp-json\/wp\/v2\/pages\/981\/revisions\/17267"}],"up":[{"embeddable":true,"href":"https:\/\/semmelweis.hu\/gytk\/wp-json\/wp\/v2\/pages\/1501"}],"wp:attachment":[{"href":"https:\/\/semmelweis.hu\/gytk\/wp-json\/wp\/v2\/media?parent=981"}],"wp:term":[{"taxonomy":"category","embeddable":true,"href":"https:\/\/semmelweis.hu\/gytk\/wp-json\/wp\/v2\/categories?post=981"},{"taxonomy":"post_tag","embeddable":true,"href":"https:\/\/semmelweis.hu\/gytk\/wp-json\/wp\/v2\/tags?post=981"}],"curies":[{"name":"wp","href":"https:\/\/api.w.org\/{rel}","templated":true}]}}