{"id":9706,"date":"2020-08-24T10:22:08","date_gmt":"2020-08-24T08:22:08","guid":{"rendered":"https:\/\/semmelweis.hu\/gytk\/?page_id=9706"},"modified":"2025-09-01T13:37:29","modified_gmt":"2025-09-01T11:37:29","slug":"2020-augusztus-14-19-elektronikus-szavazas","status":"publish","type":"page","link":"https:\/\/semmelweis.hu\/gytk\/a-karrol\/kari-tanacs\/kari-tanacs-eloterjesztesek\/2020-augusztus-14-19-elektronikus-szavazas\/","title":{"rendered":"2020. augusztus 14-19. elektronikus szavaz\u00e1s"},"content":{"rendered":"<p style=\"text-align: center\"><strong><span style=\"color: #000000\">Kari Tan\u00e1cs elektronikus szavaz\u00e1s 2020. augusztus 14 &#8211; 19.\u00a0<\/span><\/strong><\/p>\n<ul>\n<li><a href=\"https:\/\/semmelweis.hu\/gytk\/files\/2020\/08\/KT_El\u0151terjeszt\u00e9s_\u00faj_mintatanterv_I-V.\u00e9vfolyam_\u00e9s_I.\u00e9vfolyam_mintatanterv\u00e9nek_korrekci\u00f3ja.pdf\" target=\"_blank\" rel=\"noopener noreferrer\">KT_El\u0151terjeszt\u00e9s_\u00faj_mintatanterv_I-V.\u00e9vfolyam_\u00e9s_I.\u00e9vfolyam_mintatanterv\u00e9nek_korrekci\u00f3ja<\/a><\/li>\n<li style=\"text-align: justify\"><a href=\"https:\/\/semmelweis.hu\/gytk\/files\/2020\/08\/2a_sz_mell\u00e9klet_mintatanterv_2020_2021_I_\u00e9vfolyam_angol.pdf\" target=\"_blank\" rel=\"noopener noreferrer\">2a_sz_mell\u00e9klet_mintatanterv_2020_2021_I_\u00e9vfolyam_angol<\/a><\/li>\n<li><a href=\"https:\/\/semmelweis.hu\/gytk\/files\/2020\/08\/2b_sz_mell\u00e9klet_mintatanterv_2020_21_II_\u00e9vfolyam_angol.pdf\" target=\"_blank\" rel=\"noopener noreferrer\">2b_sz_mell\u00e9klet_mintatanterv_2020_21_II_\u00e9vfolyam_angol<\/a><\/li>\n<li><a href=\"https:\/\/semmelweis.hu\/gytk\/files\/2020\/08\/2c_sz_mell\u00e9klet_mintatanterv_2020_21_III_\u00e9vfolyam_angol.pdf\" target=\"_blank\" rel=\"noopener noreferrer\">2c_sz_mell\u00e9klet_mintatanterv_2020_21_III_\u00e9vfolyam_angol<\/a><\/li>\n<li><a href=\"https:\/\/semmelweis.hu\/gytk\/files\/2020\/08\/2d_sz_mell\u00e9klet_mintatanterv_2020_21_IV_\u00e9vfolyam_angol-1.pdf\" target=\"_blank\" rel=\"noopener noreferrer\">2d_sz_mell\u00e9klet_mintatanterv_2020_21_IV_\u00e9vfolyam_angol<\/a><\/li>\n<li><a href=\"https:\/\/semmelweis.hu\/gytk\/files\/2020\/08\/2e_sz_mell\u00e9klet_mintatanterv_2020_21_V_\u00e9vfolyam_angol.pdf\" target=\"_blank\" rel=\"noopener noreferrer\">2e_sz_mell\u00e9klet_mintatanterv_2020_21_V_\u00e9vfolyam_angol<\/a><\/li>\n<li><a href=\"https:\/\/semmelweis.hu\/gytk\/files\/2020\/08\/3a_sz\u00e1m\u00fa_mell\u00e9klet_mintatanterv_2020_2021_1_\u00e9vf_n\u00e9met.pdf\" target=\"_blank\" rel=\"noopener noreferrer\">3a_sz\u00e1m\u00fa_mell\u00e9klet_mintatanterv_2020_2021_I_\u00e9vfolyam_n\u00e9met<\/a><\/li>\n<li><a href=\"https:\/\/semmelweis.hu\/gytk\/files\/2020\/08\/3b_sz\u00e1m\u00fa_mell\u00e9klet_mintatanterv_2020_2021_2\u00e9vf_n\u00e9met.pdf\" target=\"_blank\" rel=\"noopener noreferrer\">3b_sz\u00e1m\u00fa_mell\u00e9klet_mintatanterv_2020_2021_II_\u00e9vfolyam_n\u00e9met<\/a><\/li>\n<li><a href=\"https:\/\/semmelweis.hu\/gytk\/files\/2020\/08\/3c_sz\u00e1m\u00fa_mell\u00e9klet_mintatanterv_2020_2021_3\u00e9vf_n\u00e9met-1.pdf\" target=\"_blank\" rel=\"noopener noreferrer\">3c_sz\u00e1m\u00fa_mell\u00e9klet_mintatanterv_2020_2021_III_\u00e9vfolyam_n\u00e9met<\/a><\/li>\n<li><a href=\"https:\/\/semmelweis.hu\/gytk\/files\/2020\/08\/3d_sz\u00e1m\u00fa_mell\u00e9klet_mintatanterv_2020_2021_4\u00e9vf_n\u00e9met-1.pdf\" target=\"_blank\" rel=\"noopener noreferrer\">3d_sz\u00e1m\u00fa_mell\u00e9klet_mintatanterv_2020_2021_IV_\u00e9vfolyam_n\u00e9met<\/a><\/li>\n<li><a href=\"https:\/\/semmelweis.hu\/gytk\/files\/2020\/08\/3e_sz\u00e1m\u00fa_mell\u00e9klet_mintatanterv_2020_2021_5\u00e9vf_n\u00e9met.pdf\" target=\"_blank\" rel=\"noopener noreferrer\">3e_sz\u00e1m\u00fa_mell\u00e9klet_mintatanterv_2020_2021_V_\u00e9vfolyam_n\u00e9met<\/a><\/li>\n<li><a href=\"https:\/\/semmelweis.hu\/gytk\/files\/2020\/08\/4_sz\u00e1m\u00fa_mell\u00e9klet_mintatanterv_2020_2021_1\u00e9vf_magyar-1.pdf\" target=\"_blank\" rel=\"noopener noreferrer\">4_sz\u00e1m\u00fa_mell\u00e9klet_mintatanterv_2020_2021_I_\u00e9vfolyam_magyar<\/a><\/li>\n<\/ul>\n<p style=\"text-align: justify\">\u00a0<\/p>\n","protected":false},"excerpt":{"rendered":"<p>Kari Tan\u00e1cs elektronikus szavaz\u00e1s 2020. augusztus 14 &#8211; 19.\u00a0<\/p>\n<p><a href=\"https:\/\/semmelweis.hu\/gytk\/files\/2020\/08\/KT_El\u0151terjeszt\u00e9s_\u00faj_mintatanterv_I-V.\u00e9vfolyam_\u00e9s_I.\u00e9vfolyam_mintatanterv\u00e9nek_korrekci\u00f3ja.pdf\" target=\"_blank\" rel=\"noopener noreferrer\">KT_El\u0151terjeszt\u00e9s_\u00faj_mintatanterv_I-V.\u00e9vfolyam_\u00e9s_I.\u00e9vfolyam_mintatanterv\u00e9nek_korrekci\u00f3ja<\/a><br \/>\n<a href=\"https:\/\/semmelweis.hu\/gytk\/files\/2020\/08\/2a_sz_mell\u00e9klet_mintatanterv_2020_2021_I_\u00e9vfolyam_angol.pdf\" target=\"_blank\" rel=\"noopener noreferrer\">2a_sz_mell\u00e9klet_mintatanterv_2020_2021_I_\u00e9vfolyam_angol<\/a><br \/>\n<a href=\"https:\/\/semmelweis.hu\/gytk\/files\/2020\/08\/2b_sz_mell\u00e9klet_mintatanterv_2020_21_II_\u00e9vfolyam_angol.pdf\" target=\"_blank\" rel=\"noopener noreferrer\">2b_sz_mell\u00e9klet_mintatanterv_2020_21_II_\u00e9vfolyam_angol<\/a><br \/>\n<a href=\"https:\/\/semmelweis.hu\/gytk\/files\/2020\/08\/2c_sz_mell\u00e9klet_mintatanterv_2020_21_III_\u00e9vfolyam_angol.pdf\" target=\"_blank\" rel=\"noopener noreferrer\">2c_sz_mell\u00e9klet_mintatanterv_2020_21_III_\u00e9vfolyam_angol<\/a><br \/>\n<a href=\"https:\/\/semmelweis.hu\/gytk\/files\/2020\/08\/2d_sz_mell\u00e9klet_mintatanterv_2020_21_IV_\u00e9vfolyam_angol-1.pdf\" target=\"_blank\" rel=\"noopener noreferrer\">2d_sz_mell\u00e9klet_mintatanterv_2020_21_IV_\u00e9vfolyam_angol<\/a><br \/>\n<a href=\"https:\/\/semmelweis.hu\/gytk\/files\/2020\/08\/2e_sz_mell\u00e9klet_mintatanterv_2020_21_V_\u00e9vfolyam_angol.pdf\" target=\"_blank\" rel=\"noopener noreferrer\">2e_sz_mell\u00e9klet_mintatanterv_2020_21_V_\u00e9vfolyam_angol<\/a><br \/>\n<a href=\"https:\/\/semmelweis.hu\/gytk\/files\/2020\/08\/3a_sz\u00e1m\u00fa_mell\u00e9klet_mintatanterv_2020_2021_1_\u00e9vf_n\u00e9met.pdf\" target=\"_blank\" rel=\"noopener noreferrer\">3a_sz\u00e1m\u00fa_mell\u00e9klet_mintatanterv_2020_2021_I_\u00e9vfolyam_n\u00e9met<\/a><br \/>\n<a href=\"https:\/\/semmelweis.hu\/gytk\/files\/2020\/08\/3b_sz\u00e1m\u00fa_mell\u00e9klet_mintatanterv_2020_2021_2\u00e9vf_n\u00e9met.pdf\" target=\"_blank\" rel=\"noopener noreferrer\">3b_sz\u00e1m\u00fa_mell\u00e9klet_mintatanterv_2020_2021_II_\u00e9vfolyam_n\u00e9met<\/a><br \/>\n<a href=\"https:\/\/semmelweis.hu\/gytk\/files\/2020\/08\/3c_sz\u00e1m\u00fa_mell\u00e9klet_mintatanterv_2020_2021_3\u00e9vf_n\u00e9met-1.pdf\" target=\"_blank\" rel=\"noopener noreferrer\">3c_sz\u00e1m\u00fa_mell\u00e9klet_mintatanterv_2020_2021_III_\u00e9vfolyam_n\u00e9met<\/a><br \/>\n<a href=\"https:\/\/semmelweis.hu\/gytk\/files\/2020\/08\/3d_sz\u00e1m\u00fa_mell\u00e9klet_mintatanterv_2020_2021_4\u00e9vf_n\u00e9met-1.pdf\" target=\"_blank\" rel=\"noopener noreferrer\">3d_sz\u00e1m\u00fa_mell\u00e9klet_mintatanterv_2020_2021_IV_\u00e9vfolyam_n\u00e9met<\/a><br \/>\n<a href=\"https:\/\/semmelweis.hu\/gytk\/files\/2020\/08\/3e_sz\u00e1m\u00fa_mell\u00e9klet_mintatanterv_2020_2021_5\u00e9vf_n\u00e9met.pdf\" target=\"_blank\" rel=\"noopener noreferrer\">3e_sz\u00e1m\u00fa_mell\u00e9klet_mintatanterv_2020_2021_V_\u00e9vfolyam_n\u00e9met<\/a><br \/>\n<a href=\"https:\/\/semmelweis.hu\/gytk\/files\/2020\/08\/4_sz\u00e1m\u00fa_mell\u00e9klet_mintatanterv_2020_2021_1\u00e9vf_magyar-1.pdf\" target=\"_blank\" rel=\"noopener noreferrer\">4_sz\u00e1m\u00fa_mell\u00e9klet_mintatanterv_2020_2021_I_\u00e9vfolyam_magyar<\/a><\/p>\n<p>\u00a0<\/p>\n","protected":false},"author":101431,"featured_media":0,"parent":5323,"menu_order":19,"comment_status":"closed","ping_status":"closed","template":"","meta":{"_acf_changed":false,"footnotes":""},"categories":[],"tags":[],"class_list":["post-9706","page","type-page","status-publish","hentry"],"acf":[],"_links":{"self":[{"href":"https:\/\/semmelweis.hu\/gytk\/wp-json\/wp\/v2\/pages\/9706","targetHints":{"allow":["GET"]}}],"collection":[{"href":"https:\/\/semmelweis.hu\/gytk\/wp-json\/wp\/v2\/pages"}],"about":[{"href":"https:\/\/semmelweis.hu\/gytk\/wp-json\/wp\/v2\/types\/page"}],"author":[{"embeddable":true,"href":"https:\/\/semmelweis.hu\/gytk\/wp-json\/wp\/v2\/users\/101431"}],"replies":[{"embeddable":true,"href":"https:\/\/semmelweis.hu\/gytk\/wp-json\/wp\/v2\/comments?post=9706"}],"version-history":[{"count":7,"href":"https:\/\/semmelweis.hu\/gytk\/wp-json\/wp\/v2\/pages\/9706\/revisions"}],"predecessor-version":[{"id":17667,"href":"https:\/\/semmelweis.hu\/gytk\/wp-json\/wp\/v2\/pages\/9706\/revisions\/17667"}],"up":[{"embeddable":true,"href":"https:\/\/semmelweis.hu\/gytk\/wp-json\/wp\/v2\/pages\/5323"}],"wp:attachment":[{"href":"https:\/\/semmelweis.hu\/gytk\/wp-json\/wp\/v2\/media?parent=9706"}],"wp:term":[{"taxonomy":"category","embeddable":true,"href":"https:\/\/semmelweis.hu\/gytk\/wp-json\/wp\/v2\/categories?post=9706"},{"taxonomy":"post_tag","embeddable":true,"href":"https:\/\/semmelweis.hu\/gytk\/wp-json\/wp\/v2\/tags?post=9706"}],"curies":[{"name":"wp","href":"https:\/\/api.w.org\/{rel}","templated":true}]}}