{"id":9521,"date":"2020-07-21T07:58:30","date_gmt":"2020-07-21T05:58:30","guid":{"rendered":"https:\/\/semmelweis.hu\/gytk\/?page_id=9521"},"modified":"2025-09-01T13:37:08","modified_gmt":"2025-09-01T11:37:08","slug":"2020-julius-1-3","status":"publish","type":"page","link":"https:\/\/semmelweis.hu\/gytk\/a-karrol\/kari-tanacs\/kari-tanacs-eloterjesztesek\/2020-julius-1-3\/","title":{"rendered":"2020. j\u00falius 1-3. elektronikus szavaz\u00e1s"},"content":{"rendered":"<p style=\"text-align: center\"><strong>Kari Tan\u00e1cs elektronikus szavaz\u00e1s 2020. j\u00falius 1- 3.<\/strong><\/p>\n<p style=\"padding-left: 40px\"><a href=\"https:\/\/semmelweis.hu\/gytk\/files\/2020\/07\/KT_El\u0151terjeszt\u00e9s_hivat\u00e1setikai_alapok_v\u00e9gleges.pdf\" target=\"_blank\" rel=\"noopener noreferrer\">KT_El\u0151terjeszt\u00e9s_hivat\u00e1setikai_alapok<\/a><\/p>\n<ul>\n<li style=\"list-style-type: none\">\n<ul style=\"list-style-type: disc\">\n<li><a href=\"https:\/\/semmelweis.hu\/gytk\/files\/2020\/07\/hivat\u00e1setikai_alapok_kari_elj\u00e1r\u00e1srend_2020.doc\" target=\"_blank\" rel=\"noopener noreferrer\">2.sz.mell\u00e9klet_hivat\u00e1setikai_alapok_kari_elj\u00e1r\u00e1srend_2020<\/a><\/li>\n<\/ul>\n<\/li>\n<\/ul>\n","protected":false},"excerpt":{"rendered":"<p>Kari Tan\u00e1cs elektronikus szavaz\u00e1s 2020. j\u00falius 1- 3.<br \/>\n<a href=\"https:\/\/semmelweis.hu\/gytk\/files\/2020\/07\/KT_El\u0151terjeszt\u00e9s_hivat\u00e1setikai_alapok_v\u00e9gleges.pdf\" target=\"_blank\" rel=\"noopener noreferrer\">KT_El\u0151terjeszt\u00e9s_hivat\u00e1setikai_alapok<\/a><\/p>\n<p><a href=\"https:\/\/semmelweis.hu\/gytk\/files\/2020\/07\/hivat\u00e1setikai_alapok_kari_elj\u00e1r\u00e1srend_2020.doc\" target=\"_blank\" rel=\"noopener noreferrer\">2.sz.mell\u00e9klet_hivat\u00e1setikai_alapok_kari_elj\u00e1r\u00e1srend_2020<\/a><\/p>\n","protected":false},"author":101431,"featured_media":0,"parent":5323,"menu_order":18,"comment_status":"closed","ping_status":"closed","template":"","meta":{"_acf_changed":false,"footnotes":""},"categories":[],"tags":[],"class_list":["post-9521","page","type-page","status-publish","hentry"],"acf":[],"_links":{"self":[{"href":"https:\/\/semmelweis.hu\/gytk\/wp-json\/wp\/v2\/pages\/9521","targetHints":{"allow":["GET"]}}],"collection":[{"href":"https:\/\/semmelweis.hu\/gytk\/wp-json\/wp\/v2\/pages"}],"about":[{"href":"https:\/\/semmelweis.hu\/gytk\/wp-json\/wp\/v2\/types\/page"}],"author":[{"embeddable":true,"href":"https:\/\/semmelweis.hu\/gytk\/wp-json\/wp\/v2\/users\/101431"}],"replies":[{"embeddable":true,"href":"https:\/\/semmelweis.hu\/gytk\/wp-json\/wp\/v2\/comments?post=9521"}],"version-history":[{"count":9,"href":"https:\/\/semmelweis.hu\/gytk\/wp-json\/wp\/v2\/pages\/9521\/revisions"}],"predecessor-version":[{"id":17666,"href":"https:\/\/semmelweis.hu\/gytk\/wp-json\/wp\/v2\/pages\/9521\/revisions\/17666"}],"up":[{"embeddable":true,"href":"https:\/\/semmelweis.hu\/gytk\/wp-json\/wp\/v2\/pages\/5323"}],"wp:attachment":[{"href":"https:\/\/semmelweis.hu\/gytk\/wp-json\/wp\/v2\/media?parent=9521"}],"wp:term":[{"taxonomy":"category","embeddable":true,"href":"https:\/\/semmelweis.hu\/gytk\/wp-json\/wp\/v2\/categories?post=9521"},{"taxonomy":"post_tag","embeddable":true,"href":"https:\/\/semmelweis.hu\/gytk\/wp-json\/wp\/v2\/tags?post=9521"}],"curies":[{"name":"wp","href":"https:\/\/api.w.org\/{rel}","templated":true}]}}