{"id":9232,"date":"2020-06-09T12:48:09","date_gmt":"2020-06-09T10:48:09","guid":{"rendered":"https:\/\/semmelweis.hu\/gytk\/?page_id=9232"},"modified":"2026-03-25T10:31:15","modified_gmt":"2026-03-25T09:31:15","slug":"szakmai-gyakorlat-elotti-orvosi-alkalmassagi-vizsgalat","status":"publish","type":"page","link":"https:\/\/semmelweis.hu\/gytk\/oktatas\/szakmai-gyakorlat-elotti-orvosi-alkalmassagi-vizsgalat\/","title":{"rendered":"Szakmai gyakorlat el\u0151tti orvosi alkalmass\u00e1gi vizsg\u00e1lat"},"content":{"rendered":"<p class=\"Normal_0020_0028Web_0029\" style=\"text-align: justify\">Ez\u00faton t\u00e1j\u00e9koztatjuk, hogy\u00a0<span class=\"Emphasis__Char\">\u201eAz eg\u00e9szs\u00e9g\u00fcgyi tev\u00e9kenys\u00e9g v\u00e9gz\u00e9s\u00e9nek egyes k\u00e9rd\u00e9seir\u0151l sz\u00f3l\u00f3 2003. \u00e9vi LXXXIV. t\u00f6rv\u00e9ny<\/span>\u201d 27. \u00a7-a \u00e9rtelm\u00e9ben az eg\u00e9szs\u00e9g\u00fcgyi tev\u00e9kenys\u00e9g v\u00e9gz\u00e9s\u00e9ben hallgat\u00f3i jogviszony alapj\u00e1n k\u00f6zrem\u0171k\u00f6d\u0151 szem\u00e9lyek\u00a0<strong><span class=\"Strong__Char\">alkalmass\u00e1gi vizsg\u00e1laton<\/span>\u00a0k\u00f6telesek r\u00e9szt venni.<\/strong><\/p>\n<p class=\"Normal_0020_0028Web_0029\" style=\"text-align: justify\">Fentiekkel \u00f6sszhangban a <a href=\"https:\/\/semmelweis.hu\/jogigfoig\/dokumentumtar\/szabalyzattar\/szervezeti-es-mukodesi-szabalyzat\/iii-konyv-hkr\/iii-konyv-hallgatoi-kovetelmenyrendszer-iii-2-resz-tanulmanyi-es-vizsgaszabalyzat-es-mellekletei\/\">Tanulm\u00e1nyi \u00e9s Vizsgaszab\u00e1lyzat<\/a> \u00e9rtelm\u00e9ben a hallgat\u00f3k sz\u00e1m\u00e1ra \u00e9vente k\u00f6telez\u0151 a szakmai gyakorlatot megel\u0151z\u0151en alkalmass\u00e1gi vizsg\u00e1lat elv\u00e9gz\u00e9se.<\/p>\n<p class=\"Normal_0020_0028Web_0029\" style=\"text-align: justify\"><strong><span class=\"Strong__Char\">Az alkalmass\u00e1gi vizsg\u00e1latot a <a href=\"https:\/\/semmelweis.hu\/foglalkozasegeszsegugy\/\" target=\"_blank\" rel=\"noopener\">Foglalkoz\u00e1s-eg\u00e9szs\u00e9g\u00fcgyi Szolg\u00e1lat<\/a>\u00a0v\u00e9gzi.<\/span><\/strong><\/p>\n<div class=\"keretes w-100\">\n<p class=\"Normal\" style=\"text-align: justify\"><strong><span class=\"Normal__Char\">Az eg\u00e9szs\u00e9g\u00fcgyi alkalmass\u00e1gi vizsg\u00e1latra az <a href=\"https:\/\/aptitude.semmelweis.hu\/login\">Aptitude<\/a> nev\u0171 alkalmaz\u00e1son kereszt\u00fcl kell jelentkezni. <a href=\"https:\/\/semmelweis.hu\/gytk\/files\/2023\/09\/Aptitude_felsobb-evf_-felhasznaloi-utmutato.pdf\">Err\u0151l pdf form\u00e1tum\u00fa le\u00edr\u00e1s itt tekinthet\u0151 meg \u2192<\/a><\/span><\/strong><\/p>\n<\/div>\n<p>&nbsp;<\/p>\n<p>Az Aptitude rendszerben \u00e9vfolyamonk\u00e9nt meghat\u00e1rozott vizsg\u00e1lati rend tal\u00e1lhat\u00f3. A rendszer csak azokat a vizsg\u00e1latokat jelen\u00edti meg a hallgat\u00f3nak, amelyeket k\u00f6telez\u0151en el kell v\u00e9geznie: ez lehet csak a f\u0151vizsg\u00e1lat, de kieg\u00e9sz\u00fclhet \u00fan. el\u0151vizsg\u00e1lattal is (labor, r\u00f6ntgen).<\/p>\n<p><a href=\"https:\/\/semmelweis.hu\/gytk\/files\/2024\/08\/GYIK_Hallgatoi_FESZ_2024_FINAL.pdf\">Gyakran ism\u00e9telt k\u00e9rd\u00e9sek itt!<\/a><\/p>\n","protected":false},"excerpt":{"rendered":"<p>Ez\u00faton t\u00e1j\u00e9koztatjuk, hogy\u00a0\u201eAz eg\u00e9szs\u00e9g\u00fcgyi tev\u00e9kenys\u00e9g v\u00e9gz\u00e9s\u00e9nek egyes k\u00e9rd\u00e9seir\u0151l sz\u00f3l\u00f3 2003. \u00e9vi LXXXIV. t\u00f6rv\u00e9ny\u201d 27. \u00a7-a \u00e9rtelm\u00e9ben az eg\u00e9szs\u00e9g\u00fcgyi tev\u00e9kenys\u00e9g v\u00e9gz\u00e9s\u00e9ben hallgat\u00f3i jogviszony alapj\u00e1n k\u00f6zrem\u0171k\u00f6d\u0151 szem\u00e9lyek\u00a0alkalmass\u00e1gi vizsg\u00e1laton\u00a0k\u00f6telesek r\u00e9szt venni. Fentiekkel \u00f6sszhangban a <a href=\"https:\/\/semmelweis.hu\/jogigfoig\/dokumentumtar\/szabalyzattar\/szervezeti-es-mukodesi-szabalyzat\/iii-konyv-hkr\/iii-konyv-hallgatoi-kovetelmenyrendszer-iii-2-resz-tanulmanyi-es-vizsgaszabalyzat-es-mellekletei\/\">Tanulm\u00e1nyi \u00e9s Vizsgaszab\u00e1lyzat<\/a> \u00e9rtelm\u00e9ben a hallgat\u00f3k sz\u00e1m\u00e1ra \u00e9vente k\u00f6telez\u0151 a szakmai gyakorlatot megel\u0151z\u0151en alkalmass\u00e1gi vizsg\u00e1lat elv\u00e9gz\u00e9se. Az alkalmass\u00e1gi vizsg\u00e1latot a <a href=\"https:\/\/semmelweis.hu\/foglalkozasegeszsegugy\/\" target=\"_blank\" rel=\"noopener\">Foglalkoz\u00e1s-eg\u00e9szs\u00e9g\u00fcgyi Szolg\u00e1lat<\/a> \u00a0v\u00e9gzi. Az eg\u00e9szs\u00e9g\u00fcgyi alkalmass\u00e1gi vizsg\u00e1latra az <a href=\"https:\/\/aptitude.semmelweis.hu\/login\">Aptitude<\/a> nev\u0171 &hellip;<\/p>\n","protected":false},"author":101431,"featured_media":0,"parent":2088,"menu_order":9,"comment_status":"closed","ping_status":"closed","template":"","meta":{"_acf_changed":false,"footnotes":""},"categories":[],"tags":[],"class_list":["post-9232","page","type-page","status-publish","hentry"],"acf":[],"_links":{"self":[{"href":"https:\/\/semmelweis.hu\/gytk\/wp-json\/wp\/v2\/pages\/9232","targetHints":{"allow":["GET"]}}],"collection":[{"href":"https:\/\/semmelweis.hu\/gytk\/wp-json\/wp\/v2\/pages"}],"about":[{"href":"https:\/\/semmelweis.hu\/gytk\/wp-json\/wp\/v2\/types\/page"}],"author":[{"embeddable":true,"href":"https:\/\/semmelweis.hu\/gytk\/wp-json\/wp\/v2\/users\/101431"}],"replies":[{"embeddable":true,"href":"https:\/\/semmelweis.hu\/gytk\/wp-json\/wp\/v2\/comments?post=9232"}],"version-history":[{"count":12,"href":"https:\/\/semmelweis.hu\/gytk\/wp-json\/wp\/v2\/pages\/9232\/revisions"}],"predecessor-version":[{"id":18338,"href":"https:\/\/semmelweis.hu\/gytk\/wp-json\/wp\/v2\/pages\/9232\/revisions\/18338"}],"up":[{"embeddable":true,"href":"https:\/\/semmelweis.hu\/gytk\/wp-json\/wp\/v2\/pages\/2088"}],"wp:attachment":[{"href":"https:\/\/semmelweis.hu\/gytk\/wp-json\/wp\/v2\/media?parent=9232"}],"wp:term":[{"taxonomy":"category","embeddable":true,"href":"https:\/\/semmelweis.hu\/gytk\/wp-json\/wp\/v2\/categories?post=9232"},{"taxonomy":"post_tag","embeddable":true,"href":"https:\/\/semmelweis.hu\/gytk\/wp-json\/wp\/v2\/tags?post=9232"}],"curies":[{"name":"wp","href":"https:\/\/api.w.org\/{rel}","templated":true}]}}