{"id":9121,"date":"2020-05-25T13:42:01","date_gmt":"2020-05-25T11:42:01","guid":{"rendered":"https:\/\/semmelweis.hu\/gytk\/?page_id=9121"},"modified":"2026-03-17T09:30:28","modified_gmt":"2026-03-17T08:30:28","slug":"2020-majus-21","status":"publish","type":"page","link":"https:\/\/semmelweis.hu\/gytk\/a-karrol\/kari-tanacs\/kari-tanacs-eloterjesztesek\/2020-majus-21\/","title":{"rendered":"2020. m\u00e1jus 21. 15:30"},"content":{"rendered":"<p style=\"text-align: center\"><strong>Kari Tan\u00e1cs\u00fcl\u00e9s 2020. m\u00e1jus 21. (cs\u00fct\u00f6rt\u00f6k) 15:30 Szen\u00e1tusi terem<\/strong><\/p>\n<p><strong>2. napirendi pont<\/strong><\/p>\n<ul style=\"list-style-type: disc\">\n<li><a href=\"https:\/\/semmelweis.hu\/gytk\/files\/2020\/05\/2.-napirendi-pont-KT-El\u0151terjeszt\u00e9s.pdf\" target=\"_blank\" rel=\"noopener noreferrer\">KT_El\u0151terjeszt\u00e9s_D\u00e9k\u00e1ni_p\u00e1ly\u00e1zat_v\u00e9lem\u00e9nyez\u00e9se<\/a><\/li>\n<li><a href=\"https:\/\/semmelweis.hu\/gytk\/files\/2020\/05\/2_napirend_2.sz_mell\u00e9klet_d\u00e9k\u00e1ni_p\u00e1ly\u00e1zat_sz\u0171k\u00edtett_AI.pdf\" target=\"_blank\" rel=\"noopener noreferrer\">2_sz_mell\u00e9klet_d\u00e9k\u00e1ni_p\u00e1ly\u00e1zat_AI<\/a><\/li>\n<li><a href=\"https:\/\/semmelweis.hu\/gytk\/files\/2020\/05\/Antal_Istvan_Publikacio_lista_20200420_hiteles\u00edtve.pdf\" target=\"_blank\" rel=\"noopener noreferrer\">3_sz_mell\u00e9klet_publik\u00e1ci\u00f3s_lista<\/a><\/li>\n<li><a href=\"https:\/\/semmelweis.hu\/gytk\/files\/2020\/05\/2_napirendi_pont_4_sz_mell\u00e9klet.pdf\" target=\"_blank\" rel=\"noopener noreferrer\">4_sz_mell\u00e9klet_\u00f6sszefoglal\u00f3_t\u00e1bl\u00e1zat<\/a><\/li>\n<\/ul>\n<p><strong>3. napirendi pont<\/strong><\/p>\n<ul style=\"list-style-type: disc\">\n<li><a href=\"https:\/\/semmelweis.hu\/gytk\/files\/2020\/05\/3.-napirendipont-KT-El\u0151terjeszt\u00e9s.pdf\" target=\"_blank\" rel=\"noopener noreferrer\">KT_El\u0151terjeszt\u00e9s_int\u00e9zetigazgat\u00f3i_p\u00e1ly\u00e1zat_EGYGYSZI<\/a><\/li>\n<li><a href=\"https:\/\/semmelweis.hu\/gytk\/files\/2020\/05\/Igazgat\u00f3i-p\u00e1ly\u00e1zat_2020_sz\u0171k\u00edtett_ZR.pdf\" target=\"_blank\" rel=\"noopener noreferrer\">2_sz_mell\u00e9klet_int\u00e9zetigazgat\u00f3i_p\u00e1ly\u00e1zat<\/a><\/li>\n<li><a href=\"https:\/\/semmelweis.hu\/gytk\/files\/2020\/05\/Zelko_Romana_kozlemenyei_ell_utan_hiteles\u00edtve.pdf\" target=\"_blank\" rel=\"noopener noreferrer\">3_sz_mell\u00e9klet_publik\u00e1ci\u00f3s_lista_ZR<\/a>_<\/li>\n<li><a href=\"https:\/\/semmelweis.hu\/gytk\/files\/2020\/05\/3_napirendi_pont_4_sz_mell\u00e9klet.pdf\" target=\"_blank\" rel=\"noopener noreferrer\">4_sz_mell\u00e9klet_MTMT_\u00f6sszefoglal\u00f3_t\u00e1bl\u00e1zat<\/a><\/li>\n<li><a href=\"https:\/\/semmelweis.hu\/gytk\/files\/2020\/05\/3.-napirendi-pont-5.-sz.-mell\u00e9klet.pdf\" target=\"_blank\" rel=\"noopener noreferrer\">5_sz_mell\u00e9klet_szakmai_v\u00e9lem\u00e9nyek<\/a><\/li>\n<li><a href=\"https:\/\/semmelweis.hu\/gytk\/files\/2020\/05\/3.-napirendi-pont-6.-sz.-mell\u00e9klet-1.pdf\" target=\"_blank\" rel=\"noopener noreferrer\">6_sz_mell\u00e9klet_el\u0151k\u00e9sz\u00edt\u0151_bizotts\u00e1g_v\u00e9lem\u00e9ny<\/a><\/li>\n<li><a href=\"https:\/\/semmelweis.hu\/gytk\/files\/2020\/05\/3.napirendi-pont-7.sz_.-mell\u00e9klet.pdf\" target=\"_blank\" rel=\"noopener noreferrer\">7_sz_mell\u00e9klet_ad_hoc_bizotts\u00e1gi_jegyz\u0151k\u00f6nyv<\/a><\/li>\n<\/ul>\n<p><strong>4. napirendi pont<\/strong><\/p>\n<ul style=\"list-style-type: disc\">\n<li><a href=\"https:\/\/semmelweis.hu\/gytk\/files\/2020\/05\/4.-napirendi-pont-KT-El\u0151terjeszt\u00e9s.pdf\" target=\"_blank\" rel=\"noopener noreferrer\">KT_El\u0151terjeszt\u00e9s_int\u00e9zetigazgat\u00f3i_p\u00e1ly\u00e1zat_GYHAT\u00c1STAN<\/a><\/li>\n<li><a href=\"https:\/\/semmelweis.hu\/gytk\/files\/2020\/05\/Tabi-Tamas_1_Gyogyszerhatastan_Igazgatoi-palyazat_signed.pdf\" target=\"_blank\" rel=\"noopener noreferrer\">2_sz_mell\u00e9klet_int\u00e9zetigazgat\u00f3i_p\u00e1ly\u00e1zat<\/a><\/li>\n<li><a href=\"https:\/\/semmelweis.hu\/gytk\/files\/2020\/05\/Tabi-Tamas_4_-IF-lista_2020.04.01.pdf\" target=\"_blank\" rel=\"noopener noreferrer\">3_sz_mell\u00e9klet_publik\u00e1ci\u00f3s_lista<\/a><\/li>\n<li><a href=\"https:\/\/semmelweis.hu\/gytk\/files\/2020\/05\/4_napirendi_pont_4_sz_mell\u00e9klet.pdf\" target=\"_blank\" rel=\"noopener noreferrer\">4_sz_mell\u00e9klet_\u00f6sszefoglal\u00f3_t\u00e1bl\u00e1zat<\/a><\/li>\n<li><a href=\"https:\/\/semmelweis.hu\/gytk\/files\/2020\/05\/4_napirendi_pont_5_sz_mell\u00e9klet.pdf\" target=\"_blank\" rel=\"noopener noreferrer\">5_sz_mell\u00e9klet_szakmai_v\u00e9lem\u00e9ny<\/a><\/li>\n<li><a href=\"https:\/\/semmelweis.hu\/gytk\/files\/2020\/05\/4_napirendi_pont_b\u00edr\u00e1l\u00f3_bizotts\u00e1g_v\u00e9lem\u00e9ny.pdf\" target=\"_blank\" rel=\"noopener noreferrer\">6_sz_mell\u00e9klet_el\u0151k\u00e9sz\u00edt\u0151_bizotts\u00e1g_v\u00e9lem\u00e9ny<\/a><\/li>\n<li><a href=\"https:\/\/semmelweis.hu\/gytk\/files\/2020\/05\/4.-napirendi-pont-7.-sz.-mell\u00e9klet.pdf\" target=\"_blank\" rel=\"noopener noreferrer\">7_sz_mell\u00e9klet_int\u00e9zetigazgat\u00f3i_ad_hoc_bizotts\u00e1gi_jegyz\u0151k\u00f6nyv<\/a><\/li>\n<\/ul>\n<p><strong>5. napirendi pont<\/strong><\/p>\n<ul>\n<li><a href=\"https:\/\/semmelweis.hu\/gytk\/files\/2020\/05\/5.-napirendi-pont-KT-El\u0151terjeszt\u00e9s.pdf\" target=\"_blank\" rel=\"noopener noreferrer\">KT_El\u0151terjeszt\u00e9s_Professor_Emerita_c\u00edm_adom\u00e1nyoz\u00e1sa<\/a><\/li>\n<li><a href=\"https:\/\/semmelweis.hu\/gytk\/files\/2020\/05\/5_napirendi_pont_2_sz_mell\u00e9klet.pdf\" target=\"_blank\" rel=\"noopener noreferrer\">2_sz_mell\u00e9klet_d\u00e9k\u00e1ni_felterjeszt\u00e9s<\/a><\/li>\n<li><a href=\"https:\/\/semmelweis.hu\/gytk\/files\/2020\/05\/5_napirendi_pont_3a_sz_mell\u00e9klet.pdf\" target=\"_blank\" rel=\"noopener noreferrer\">3a_sz_mell\u00e9klet_k\u00e9rd\u0151\u00edv<\/a><\/li>\n<li><a href=\"https:\/\/semmelweis.hu\/gytk\/files\/2020\/05\/5_nnapirendi_pont_3b_sz_mell\u00e9klet.pdf\" target=\"_blank\" rel=\"noopener noreferrer\">3b_sz_mell\u00e9klet_szakmai_\u00f6n\u00e9letrajz_publik\u00e1ci\u00f3<\/a><\/li>\n<\/ul>\n<p><strong>6. napirendi pont<\/strong><\/p>\n<ul style=\"list-style-type: disc\">\n<li><a href=\"https:\/\/semmelweis.hu\/gytk\/files\/2020\/05\/6.-napirendi-pont-KT-El\u0151terjeszt\u00e9s.pdf\" target=\"_blank\" rel=\"noopener noreferrer\">KT_El\u0151terjeszt\u00e9s_2020_\u00e9vi_z\u00e1r\u00f3vizsg\u00e1k_zvbizotts\u00e1gok_szem\u00e9lyi_\u00f6sszet\u00e9tel\u00e9re<\/a><\/li>\n<\/ul>\n<p><strong>7. napirendi pont<\/strong><\/p>\n<ul style=\"list-style-type: disc\">\n<li><a href=\"https:\/\/semmelweis.hu\/gytk\/files\/2020\/05\/7.-nappirendi-pont-KT-El\u0151terjeszt\u00e9s.pdf\" target=\"_blank\" rel=\"noopener noreferrer\">KT_El\u0151terjeszt\u00e9s_OMHV_kari_elj\u00e1r\u00e1srend_v\u00e9lem\u00e9nyez\u00e9se<\/a><\/li>\n<li><a href=\"https:\/\/semmelweis.hu\/gytk\/files\/2020\/05\/7_napirendi_pont_.pdf\" target=\"_blank\" rel=\"noopener noreferrer\">2_sz_mell\u00e9klet_OMHV_kari_elj\u00e1r\u00e1srend<\/a><\/li>\n<\/ul>\n<p><strong>8. napirendi pont<\/strong><\/p>\n<ul style=\"list-style-type: disc\">\n<li><a href=\"https:\/\/semmelweis.hu\/gytk\/files\/2020\/05\/8.-napirendi-pont-KT-El\u0151terjeszt\u00e9s.pdf\" target=\"_blank\" rel=\"noopener noreferrer\">KT_El\u0151terjeszt\u00e9s_jubileumi_d\u00edszoklevelek_oda\u00edt\u00e9l\u00e9se<\/a><\/li>\n<li><a href=\"https:\/\/semmelweis.hu\/gytk\/files\/2020\/05\/8_napirend_2sz_mell\u00e9klet_Jubileumi_d\u00edszoklevelet_ig\u00e9nyl\u0151k.pdf\" target=\"_blank\" rel=\"noopener noreferrer\">2_sz_mell\u00e9klet_\u00f6sszes\u00edt\u0151_t\u00e1bl\u00e1zat<\/a><\/li>\n<\/ul>\n<p><strong>9. napirendi pont<\/strong><\/p>\n<ul>\n<li>T\u00e1j\u00e9koztat\u00e1s a 2019-2020. tan\u00e9v 1. f\u00e9l\u00e9v\u00e9nek tanulm\u00e1nyi eredm\u00e9nyeir\u0151l<\/li>\n<li><a href=\"https:\/\/semmelweis.hu\/gytk\/files\/2020\/05\/9_napirendi_pont_2a_sz_mell\u00e9klet.pdf\" target=\"_blank\" rel=\"noopener noreferrer\">2a_sz_mell\u00e9klet_magyar_nyelv\u0171_k\u00e9pz\u00e9s<\/a><\/li>\n<li><a href=\"https:\/\/semmelweis.hu\/gytk\/files\/2020\/05\/9_napirendi_pont_2b_sz_mell\u00e9klet.pdf\" target=\"_blank\" rel=\"noopener noreferrer\">2b_sz_mell\u00e9klet_angol_nyelv\u0171_k\u00e9pz\u00e9s<\/a><\/li>\n<li><a href=\"https:\/\/semmelweis.hu\/gytk\/files\/2020\/05\/9_napirendi_pont_2c_sz_mell\u00e9klet.pdf\" target=\"_blank\" rel=\"noopener noreferrer\">2c_sz_mell\u00e9klet_n\u00e9met_nyelv\u0171_k\u00e9pz\u00e9s<\/a><\/li>\n<\/ul>\n<p><strong>10. napirendi pont<\/strong><\/p>\n<ul>\n<li>Szakk\u00e9pz\u0151 helyek akkredit\u00e1ci\u00f3s k\u00e9relmeinek v\u00e9lem\u00e9nyez\u00e9se<\/li>\n<li><a href=\"https:\/\/semmelweis.hu\/gytk\/files\/2020\/05\/10napirend_szakk\u00e9pz\u0151helyek_\u00f6sszefoglal\u00f3_t\u00e1bl\u00e1zat.pdf\" target=\"_blank\" rel=\"noopener noreferrer\">2_sz_mell\u00e9klet_\u00f6sszefoglal\u00f3_t\u00e1bl\u00e1zat<\/a><\/li>\n<\/ul>\n<p>&nbsp;<\/p>\n","protected":false},"excerpt":{"rendered":"<p>Kari Tan\u00e1cs\u00fcl\u00e9s 2020. m\u00e1jus 21. (cs\u00fct\u00f6rt\u00f6k) 15:30 Szen\u00e1tusi terem 2. napirendi pont <a href=\"https:\/\/semmelweis.hu\/gytk\/files\/2020\/05\/2.-napirendi-pont-KT-El\u0151terjeszt\u00e9s.pdf\" target=\"_blank\" rel=\"noopener noreferrer\">KT_El\u0151terjeszt\u00e9s_D\u00e9k\u00e1ni_p\u00e1ly\u00e1zat_v\u00e9lem\u00e9nyez\u00e9se<\/a> <a href=\"https:\/\/semmelweis.hu\/gytk\/files\/2020\/05\/2_napirend_2.sz_mell\u00e9klet_d\u00e9k\u00e1ni_p\u00e1ly\u00e1zat_sz\u0171k\u00edtett_AI.pdf\" target=\"_blank\" rel=\"noopener noreferrer\">2_sz_mell\u00e9klet_d\u00e9k\u00e1ni_p\u00e1ly\u00e1zat_AI<\/a> <a href=\"https:\/\/semmelweis.hu\/gytk\/files\/2020\/05\/Antal_Istvan_Publikacio_lista_20200420_hiteles\u00edtve.pdf\" target=\"_blank\" rel=\"noopener noreferrer\">3_sz_mell\u00e9klet_publik\u00e1ci\u00f3s_lista<\/a> <a href=\"https:\/\/semmelweis.hu\/gytk\/files\/2020\/05\/2_napirendi_pont_4_sz_mell\u00e9klet.pdf\" target=\"_blank\" rel=\"noopener noreferrer\">4_sz_mell\u00e9klet_\u00f6sszefoglal\u00f3_t\u00e1bl\u00e1zat<\/a> 3. napirendi pont <a href=\"https:\/\/semmelweis.hu\/gytk\/files\/2020\/05\/3.-napirendipont-KT-El\u0151terjeszt\u00e9s.pdf\" target=\"_blank\" rel=\"noopener noreferrer\">KT_El\u0151terjeszt\u00e9s_int\u00e9zetigazgat\u00f3i_p\u00e1ly\u00e1zat_EGYGYSZI<\/a> <a href=\"https:\/\/semmelweis.hu\/gytk\/files\/2020\/05\/Igazgat\u00f3i-p\u00e1ly\u00e1zat_2020_sz\u0171k\u00edtett_ZR.pdf\" target=\"_blank\" rel=\"noopener noreferrer\">2_sz_mell\u00e9klet_int\u00e9zetigazgat\u00f3i_p\u00e1ly\u00e1zat<\/a> <a href=\"https:\/\/semmelweis.hu\/gytk\/files\/2020\/05\/Zelko_Romana_kozlemenyei_ell_utan_hiteles\u00edtve.pdf\" target=\"_blank\" rel=\"noopener noreferrer\">3_sz_mell\u00e9klet_publik\u00e1ci\u00f3s_lista_ZR<\/a> _ <a href=\"https:\/\/semmelweis.hu\/gytk\/files\/2020\/05\/3_napirendi_pont_4_sz_mell\u00e9klet.pdf\" target=\"_blank\" rel=\"noopener noreferrer\">4_sz_mell\u00e9klet_MTMT_\u00f6sszefoglal\u00f3_t\u00e1bl\u00e1zat<\/a> <a href=\"https:\/\/semmelweis.hu\/gytk\/files\/2020\/05\/3.-napirendi-pont-5.-sz.-mell\u00e9klet.pdf\" target=\"_blank\" rel=\"noopener noreferrer\">5_sz_mell\u00e9klet_szakmai_v\u00e9lem\u00e9nyek<\/a> <a href=\"https:\/\/semmelweis.hu\/gytk\/files\/2020\/05\/3.-napirendi-pont-6.-sz.-mell\u00e9klet-1.pdf\" target=\"_blank\" rel=\"noopener noreferrer\">6_sz_mell\u00e9klet_el\u0151k\u00e9sz\u00edt\u0151_bizotts\u00e1g_v\u00e9lem\u00e9ny<\/a> <a href=\"https:\/\/semmelweis.hu\/gytk\/files\/2020\/05\/3.napirendi-pont-7.sz_.-mell\u00e9klet.pdf\" target=\"_blank\" rel=\"noopener noreferrer\">7_sz_mell\u00e9klet_ad_hoc_bizotts\u00e1gi_jegyz\u0151k\u00f6nyv<\/a> 4. napirendi pont <a href=\"https:\/\/semmelweis.hu\/gytk\/files\/2020\/05\/4.-napirendi-pont-KT-El\u0151terjeszt\u00e9s.pdf\" target=\"_blank\" rel=\"noopener noreferrer\">KT_El\u0151terjeszt\u00e9s_int\u00e9zetigazgat\u00f3i_p\u00e1ly\u00e1zat_GYHAT\u00c1STAN<\/a> <a href=\"https:\/\/semmelweis.hu\/gytk\/files\/2020\/05\/Tabi-Tamas_1_Gyogyszerhatastan_Igazgatoi-palyazat_signed.pdf\" target=\"_blank\" rel=\"noopener noreferrer\">2_sz_mell\u00e9klet_int\u00e9zetigazgat\u00f3i_p\u00e1ly\u00e1zat<\/a> <a href=\"https:\/\/semmelweis.hu\/gytk\/files\/2020\/05\/Tabi-Tamas_4_-IF-lista_2020.04.01.pdf\" target=\"_blank\" rel=\"noopener noreferrer\">3_sz_mell\u00e9klet_publik\u00e1ci\u00f3s_lista<\/a> <a href=\"https:\/\/semmelweis.hu\/gytk\/files\/2020\/05\/4_napirendi_pont_4_sz_mell\u00e9klet.pdf\" target=\"_blank\" rel=\"noopener noreferrer\">4_sz_mell\u00e9klet_\u00f6sszefoglal\u00f3_t\u00e1bl\u00e1zat<\/a> <a href=\"https:\/\/semmelweis.hu\/gytk\/files\/2020\/05\/4_napirendi_pont_5_sz_mell\u00e9klet.pdf\" target=\"_blank\" rel=\"noopener noreferrer\">5_sz_mell\u00e9klet_szakmai_v\u00e9lem\u00e9ny<\/a> <a href=\"https:\/\/semmelweis.hu\/gytk\/files\/2020\/05\/4_napirendi_pont_b\u00edr\u00e1l\u00f3_bizotts\u00e1g_v\u00e9lem\u00e9ny.pdf\" target=\"_blank\" rel=\"noopener noreferrer\">6_sz_mell\u00e9klet_el\u0151k\u00e9sz\u00edt\u0151_bizotts\u00e1g_v\u00e9lem\u00e9ny<\/a> <a href=\"https:\/\/semmelweis.hu\/gytk\/files\/2020\/05\/4.-napirendi-pont-7.-sz.-mell\u00e9klet.pdf\" target=\"_blank\" rel=\"noopener noreferrer\">7_sz_mell\u00e9klet_int\u00e9zetigazgat\u00f3i_ad_hoc_bizotts\u00e1gi_jegyz\u0151k\u00f6nyv<\/a> 5. napirendi pont <a href=\"https:\/\/semmelweis.hu\/gytk\/files\/2020\/05\/5.-napirendi-pont-KT-El\u0151terjeszt\u00e9s.pdf\" target=\"_blank\" rel=\"noopener noreferrer\">KT_El\u0151terjeszt\u00e9s_Professor_Emerita_c\u00edm_adom\u00e1nyoz\u00e1sa<\/a> <a href=\"https:\/\/semmelweis.hu\/gytk\/files\/2020\/05\/5_napirendi_pont_2_sz_mell\u00e9klet.pdf\" target=\"_blank\" rel=\"noopener noreferrer\">2_sz_mell\u00e9klet_d\u00e9k\u00e1ni_felterjeszt\u00e9s<\/a> <a href=\"https:\/\/semmelweis.hu\/gytk\/files\/2020\/05\/5_napirendi_pont_3a_sz_mell\u00e9klet.pdf\" target=\"_blank\" rel=\"noopener noreferrer\">3a_sz_mell\u00e9klet_k\u00e9rd\u0151\u00edv<\/a> <a href=\"https:\/\/semmelweis.hu\/gytk\/files\/2020\/05\/5_nnapirendi_pont_3b_sz_mell\u00e9klet.pdf\" target=\"_blank\" rel=\"noopener noreferrer\">3b_sz_mell\u00e9klet_szakmai_\u00f6n\u00e9letrajz_publik\u00e1ci\u00f3<\/a> 6. napirendi pont <a href=\"https:\/\/semmelweis.hu\/gytk\/files\/2020\/05\/6.-napirendi-pont-KT-El\u0151terjeszt\u00e9s.pdf\" target=\"_blank\" rel=\"noopener noreferrer\">KT_El\u0151terjeszt\u00e9s_2020_\u00e9vi_z\u00e1r\u00f3vizsg\u00e1k_zvbizotts\u00e1gok_szem\u00e9lyi_\u00f6sszet\u00e9tel\u00e9re<\/a> 7. napirendi pont <a href=\"https:\/\/semmelweis.hu\/gytk\/files\/2020\/05\/7.-nappirendi-pont-KT-El\u0151terjeszt\u00e9s.pdf\" target=\"_blank\" rel=\"noopener noreferrer\">KT_El\u0151terjeszt\u00e9s_OMHV_kari_elj\u00e1r\u00e1srend_v\u00e9lem\u00e9nyez\u00e9se<\/a> <a href=\"https:\/\/semmelweis.hu\/gytk\/files\/2020\/05\/7_napirendi_pont_.pdf\" target=\"_blank\" rel=\"noopener noreferrer\">2_sz_mell\u00e9klet_OMHV_kari_elj\u00e1r\u00e1srend<\/a> 8. napirendi pont <a href=\"https:\/\/semmelweis.hu\/gytk\/files\/2020\/05\/8.-napirendi-pont-KT-El\u0151terjeszt\u00e9s.pdf\" target=\"_blank\" rel=\"noopener noreferrer\">KT_El\u0151terjeszt\u00e9s_jubileumi_d\u00edszoklevelek_oda\u00edt\u00e9l\u00e9se<\/a> <a href=\"https:\/\/semmelweis.hu\/gytk\/files\/2020\/05\/8_napirend_2sz_mell\u00e9klet_Jubileumi_d\u00edszoklevelet_ig\u00e9nyl\u0151k.pdf\" target=\"_blank\" rel=\"noopener noreferrer\">2_sz_mell\u00e9klet_\u00f6sszes\u00edt\u0151_t\u00e1bl\u00e1zat<\/a> 9. napirendi pont T\u00e1j\u00e9koztat\u00e1s a 2019-2020. tan\u00e9v 1. f\u00e9l\u00e9v\u00e9nek tanulm\u00e1nyi eredm\u00e9nyeir\u0151l <a href=\"https:\/\/semmelweis.hu\/gytk\/files\/2020\/05\/9_napirendi_pont_2a_sz_mell\u00e9klet.pdf\" target=\"_blank\" rel=\"noopener noreferrer\">2a_sz_mell\u00e9klet_magyar_nyelv\u0171_k\u00e9pz\u00e9s<\/a> <a href=\"https:\/\/semmelweis.hu\/gytk\/files\/2020\/05\/9_napirendi_pont_2b_sz_mell\u00e9klet.pdf\" target=\"_blank\" rel=\"noopener noreferrer\">2b_sz_mell\u00e9klet_angol_nyelv\u0171_k\u00e9pz\u00e9s<\/a> <a href=\"https:\/\/semmelweis.hu\/gytk\/files\/2020\/05\/9_napirendi_pont_2c_sz_mell\u00e9klet.pdf\" target=\"_blank\" rel=\"noopener noreferrer\">2c_sz_mell\u00e9klet_n\u00e9met_nyelv\u0171_k\u00e9pz\u00e9s<\/a> 10. napirendi pont Szakk\u00e9pz\u0151 helyek akkredit\u00e1ci\u00f3s k\u00e9relmeinek v\u00e9lem\u00e9nyez\u00e9se <a href=\"https:\/\/semmelweis.hu\/gytk\/files\/2020\/05\/10napirend_szakk\u00e9pz\u0151helyek_\u00f6sszefoglal\u00f3_t\u00e1bl\u00e1zat.pdf\" target=\"_blank\" rel=\"noopener noreferrer\">2_sz_mell\u00e9klet_\u00f6sszefoglal\u00f3_t\u00e1bl\u00e1zat<\/a> &hellip;<\/p>\n","protected":false},"author":101431,"featured_media":0,"parent":5323,"menu_order":15,"comment_status":"closed","ping_status":"closed","template":"","meta":{"_acf_changed":false,"footnotes":""},"categories":[],"tags":[],"class_list":["post-9121","page","type-page","status-publish","hentry"],"acf":[],"_links":{"self":[{"href":"https:\/\/semmelweis.hu\/gytk\/wp-json\/wp\/v2\/pages\/9121","targetHints":{"allow":["GET"]}}],"collection":[{"href":"https:\/\/semmelweis.hu\/gytk\/wp-json\/wp\/v2\/pages"}],"about":[{"href":"https:\/\/semmelweis.hu\/gytk\/wp-json\/wp\/v2\/types\/page"}],"author":[{"embeddable":true,"href":"https:\/\/semmelweis.hu\/gytk\/wp-json\/wp\/v2\/users\/101431"}],"replies":[{"embeddable":true,"href":"https:\/\/semmelweis.hu\/gytk\/wp-json\/wp\/v2\/comments?post=9121"}],"version-history":[{"count":10,"href":"https:\/\/semmelweis.hu\/gytk\/wp-json\/wp\/v2\/pages\/9121\/revisions"}],"predecessor-version":[{"id":18332,"href":"https:\/\/semmelweis.hu\/gytk\/wp-json\/wp\/v2\/pages\/9121\/revisions\/18332"}],"up":[{"embeddable":true,"href":"https:\/\/semmelweis.hu\/gytk\/wp-json\/wp\/v2\/pages\/5323"}],"wp:attachment":[{"href":"https:\/\/semmelweis.hu\/gytk\/wp-json\/wp\/v2\/media?parent=9121"}],"wp:term":[{"taxonomy":"category","embeddable":true,"href":"https:\/\/semmelweis.hu\/gytk\/wp-json\/wp\/v2\/categories?post=9121"},{"taxonomy":"post_tag","embeddable":true,"href":"https:\/\/semmelweis.hu\/gytk\/wp-json\/wp\/v2\/tags?post=9121"}],"curies":[{"name":"wp","href":"https:\/\/api.w.org\/{rel}","templated":true}]}}