{"id":8682,"date":"2020-01-30T09:00:03","date_gmt":"2020-01-30T08:00:03","guid":{"rendered":"http:\/\/semmelweis.hu\/gytk\/?page_id=8682"},"modified":"2021-05-21T14:59:50","modified_gmt":"2021-05-21T12:59:50","slug":"2020-januar-29-1430","status":"publish","type":"page","link":"https:\/\/semmelweis.hu\/gytk\/a-karrol\/kari-tanacs\/kari-tanacs-eloterjesztesek\/2020-januar-29-1430\/","title":{"rendered":"2020. janu\u00e1r 29. 14:30"},"content":{"rendered":"<p style=\"text-align: center\"><strong>Kari Tan\u00e1cs\u00fcl\u00e9s\u00a0 2020. janu\u00e1r 29. (szerda) 14:30 Szen\u00e1tusi terem<\/strong><\/p>\n<p><strong>2. napirendi pont<\/strong><\/p>\n<ul style=\"list-style-type: disc\">\n<li><a href=\"https:\/\/semmelweis.hu\/gytk\/files\/2020\/01\/2napirend_KT_El\u0151terjeszt\u00e9s_egyetemi_tan\u00e1ri_\u00e1ll\u00e1sp\u00e1ly\u00e1zat_\u0150L-1.pdf\" target=\"_blank\" rel=\"noopener noreferrer\">2napirend_KT_El\u0151terjeszt\u00e9s_egyetemi_tan\u00e1ri_\u00e1ll\u00e1sp\u00e1ly\u00e1zat_\u0150L<\/a><\/li>\n<li><a href=\"https:\/\/semmelweis.hu\/gytk\/files\/2020\/01\/2napirend_2sz_mell\u00e9klet_vezet\u0151i_v\u00e9lem\u00e9ny_\u0150L.pdf\" target=\"_blank\" rel=\"noopener noreferrer\">2napirend_2sz_mell\u00e9klet_vezet\u0151i_v\u00e9lem\u00e9ny_\u0150L<\/a><\/li>\n<li><a href=\"https:\/\/semmelweis.hu\/gytk\/files\/2020\/01\/2napirend_3sz_mell\u00e9klet_MKE_v\u00e9lem\u00e9ny_\u0150L.pdf\" target=\"_blank\" rel=\"noopener noreferrer\">2napirend_3sz_mell\u00e9klet_MKE_v\u00e9lem\u00e9ny_\u0150L<\/a><\/li>\n<li><a href=\"https:\/\/semmelweis.hu\/gytk\/files\/2020\/01\/2napirend_4sz_mell\u00e9klet_alkalmazotti_f\u00f3rum_v\u00e9lem\u00e9ny_\u0150L.pdf\" target=\"_blank\" rel=\"noopener noreferrer\">2napirend_4sz_mell\u00e9klet_alkalmazotti_f\u00f3rum_v\u00e9lem\u00e9ny_\u0150L<\/a><\/li>\n<\/ul>\n<p><strong>4. napirendi pont<\/strong><\/p>\n<ul style=\"list-style-type: disc\">\n<li><a href=\"https:\/\/semmelweis.hu\/gytk\/files\/2020\/01\/4napirend_KT_El\u0151terjeszt\u00e9s_gy\u00f3gyszer\u00e9szi_z\u00e1r\u00f3vizsga_tematik\u00e1j\u00e1nak_korszer\u0171s\u00edt\u00e9se.pdf\" target=\"_blank\" rel=\"noopener noreferrer\">4napirend_KT_El\u0151terjeszt\u00e9s_gy\u00f3gyszer\u00e9szi_z\u00e1r\u00f3vizsga_tematik\u00e1j\u00e1nak_korszer\u0171s\u00edt\u00e9se_250\u00e9v<\/a><\/li>\n<\/ul>\n<p>&nbsp;<\/p>\n","protected":false},"excerpt":{"rendered":"<p>Kari Tan\u00e1cs\u00fcl\u00e9s\u00a0 2020. janu\u00e1r 29. (szerda) 14:30 Szen\u00e1tusi terem<br \/>\n2. napirendi pont<\/p>\n<p><a href=\"https:\/\/semmelweis.hu\/gytk\/files\/2020\/01\/2napirend_KT_El\u0151terjeszt\u00e9s_egyetemi_tan\u00e1ri_\u00e1ll\u00e1sp\u00e1ly\u00e1zat_\u0150L-1.pdf\" target=\"_blank\" rel=\"noopener noreferrer\">2napirend_KT_El\u0151terjeszt\u00e9s_egyetemi_tan\u00e1ri_\u00e1ll\u00e1sp\u00e1ly\u00e1zat_\u0150L<\/a><br \/>\n<a href=\"https:\/\/semmelweis.hu\/gytk\/files\/2020\/01\/2napirend_2sz_mell\u00e9klet_vezet\u0151i_v\u00e9lem\u00e9ny_\u0150L.pdf\" target=\"_blank\" rel=\"noopener noreferrer\">2napirend_2sz_mell\u00e9klet_vezet\u0151i_v\u00e9lem\u00e9ny_\u0150L<\/a><br \/>\n<a href=\"https:\/\/semmelweis.hu\/gytk\/files\/2020\/01\/2napirend_3sz_mell\u00e9klet_MKE_v\u00e9lem\u00e9ny_\u0150L.pdf\" target=\"_blank\" rel=\"noopener noreferrer\">2napirend_3sz_mell\u00e9klet_MKE_v\u00e9lem\u00e9ny_\u0150L<\/a><br \/>\n<a href=\"https:\/\/semmelweis.hu\/gytk\/files\/2020\/01\/2napirend_4sz_mell\u00e9klet_alkalmazotti_f\u00f3rum_v\u00e9lem\u00e9ny_\u0150L.pdf\" target=\"_blank\" rel=\"noopener noreferrer\">2napirend_4sz_mell\u00e9klet_alkalmazotti_f\u00f3rum_v\u00e9lem\u00e9ny_\u0150L<\/a><\/p>\n<p>4. napirendi pont<\/p>\n<p><a href=\"https:\/\/semmelweis.hu\/gytk\/files\/2020\/01\/4napirend_KT_El\u0151terjeszt\u00e9s_gy\u00f3gyszer\u00e9szi_z\u00e1r\u00f3vizsga_tematik\u00e1j\u00e1nak_korszer\u0171s\u00edt\u00e9se.pdf\" target=\"_blank\" rel=\"noopener noreferrer\">4napirend_KT_El\u0151terjeszt\u00e9s_gy\u00f3gyszer\u00e9szi_z\u00e1r\u00f3vizsga_tematik\u00e1j\u00e1nak_korszer\u0171s\u00edt\u00e9se_250\u00e9v<\/a><\/p>\n<p>&nbsp;<\/p>\n","protected":false},"author":101431,"featured_media":0,"parent":5323,"menu_order":13,"comment_status":"closed","ping_status":"closed","template":"","meta":{"_acf_changed":false,"footnotes":""},"categories":[],"tags":[],"class_list":["post-8682","page","type-page","status-publish","hentry"],"acf":[],"_links":{"self":[{"href":"https:\/\/semmelweis.hu\/gytk\/wp-json\/wp\/v2\/pages\/8682","targetHints":{"allow":["GET"]}}],"collection":[{"href":"https:\/\/semmelweis.hu\/gytk\/wp-json\/wp\/v2\/pages"}],"about":[{"href":"https:\/\/semmelweis.hu\/gytk\/wp-json\/wp\/v2\/types\/page"}],"author":[{"embeddable":true,"href":"https:\/\/semmelweis.hu\/gytk\/wp-json\/wp\/v2\/users\/101431"}],"replies":[{"embeddable":true,"href":"https:\/\/semmelweis.hu\/gytk\/wp-json\/wp\/v2\/comments?post=8682"}],"version-history":[{"count":6,"href":"https:\/\/semmelweis.hu\/gytk\/wp-json\/wp\/v2\/pages\/8682\/revisions"}],"predecessor-version":[{"id":11453,"href":"https:\/\/semmelweis.hu\/gytk\/wp-json\/wp\/v2\/pages\/8682\/revisions\/11453"}],"up":[{"embeddable":true,"href":"https:\/\/semmelweis.hu\/gytk\/wp-json\/wp\/v2\/pages\/5323"}],"wp:attachment":[{"href":"https:\/\/semmelweis.hu\/gytk\/wp-json\/wp\/v2\/media?parent=8682"}],"wp:term":[{"taxonomy":"category","embeddable":true,"href":"https:\/\/semmelweis.hu\/gytk\/wp-json\/wp\/v2\/categories?post=8682"},{"taxonomy":"post_tag","embeddable":true,"href":"https:\/\/semmelweis.hu\/gytk\/wp-json\/wp\/v2\/tags?post=8682"}],"curies":[{"name":"wp","href":"https:\/\/api.w.org\/{rel}","templated":true}]}}