{"id":8668,"date":"2020-01-28T13:46:26","date_gmt":"2020-01-28T12:46:26","guid":{"rendered":"http:\/\/semmelweis.hu\/gytk\/?page_id=8668"},"modified":"2025-09-01T13:35:23","modified_gmt":"2025-09-01T11:35:23","slug":"kiegeszito-elektronikus-szavazas","status":"publish","type":"page","link":"https:\/\/semmelweis.hu\/gytk\/a-karrol\/kari-tanacs\/kari-tanacs-eloterjesztesek\/kiegeszito-elektronikus-szavazas\/","title":{"rendered":"2020. janu\u00e1r 24-27. kieg\u00e9sz\u00edt\u0151 elektronikus szavaz\u00e1s"},"content":{"rendered":"<p style=\"text-align: center\"><span style=\"color: #000000\"><strong>Kari Tan\u00e1cs kieg\u00e9sz\u00edt\u0151 elektronikus szavaz\u00e1s 2020. janu\u00e1r 24 <\/strong>&#8211;<strong> 27.\u00a0<\/strong><\/span><\/p>\n<ul style=\"list-style-type: disc\">\n<li><a href=\"https:\/\/semmelweis.hu\/gytk\/files\/2020\/01\/KT_El\u0151terjeszt\u00e9s_GYTK_KT_\u00faj\u00f6sszet\u00e9tel_m\u00f3dos\u00edtott.pdf\" target=\"_blank\" rel=\"noopener noreferrer\">KT_El\u0151terjeszt\u00e9s_GYTK_KT_\u00faj\u00f6sszet\u00e9tel_m\u00f3dos\u00edtott<\/a><\/li>\n<li><a href=\"https:\/\/semmelweis.hu\/gytk\/files\/2020\/01\/2sz\u00e1m\u00fa_mell\u00e9klet_KT_El\u0151terjeszt\u00e9s_GYTK_KT_\u00faj\u00f6sszet\u00e9tel_m\u00f3dos\u00edtott.pdf\" target=\"_blank\" rel=\"noopener noreferrer\">2sz\u00e1m\u00fa_mell\u00e9klet_KT_El\u0151terjeszt\u00e9s_GYTK_KT_\u00faj\u00f6sszet\u00e9tel_m\u00f3dos\u00edtott<\/a><\/li>\n<\/ul>\n<p>&nbsp;<\/p>\n<p>&nbsp;<\/p>\n","protected":false},"excerpt":{"rendered":"<p>Kari Tan\u00e1cs kieg\u00e9sz\u00edt\u0151 elektronikus szavaz\u00e1s 2020. janu\u00e1r 24 &#8211; 27.\u00a0<\/p>\n<p><a href=\"https:\/\/semmelweis.hu\/gytk\/files\/2020\/01\/KT_El\u0151terjeszt\u00e9s_GYTK_KT_\u00faj\u00f6sszet\u00e9tel_m\u00f3dos\u00edtott.pdf\" target=\"_blank\" rel=\"noopener noreferrer\">KT_El\u0151terjeszt\u00e9s_GYTK_KT_\u00faj\u00f6sszet\u00e9tel_m\u00f3dos\u00edtott<\/a><br \/>\n<a href=\"https:\/\/semmelweis.hu\/gytk\/files\/2020\/01\/2sz\u00e1m\u00fa_mell\u00e9klet_KT_El\u0151terjeszt\u00e9s_GYTK_KT_\u00faj\u00f6sszet\u00e9tel_m\u00f3dos\u00edtott.pdf\" target=\"_blank\" rel=\"noopener noreferrer\">2sz\u00e1m\u00fa_mell\u00e9klet_KT_El\u0151terjeszt\u00e9s_GYTK_KT_\u00faj\u00f6sszet\u00e9tel_m\u00f3dos\u00edtott<\/a><\/p>\n<p>&nbsp;<br \/>\n&nbsp;<\/p>\n","protected":false},"author":101431,"featured_media":0,"parent":5323,"menu_order":12,"comment_status":"closed","ping_status":"closed","template":"","meta":{"_acf_changed":false,"footnotes":""},"categories":[],"tags":[],"class_list":["post-8668","page","type-page","status-publish","hentry"],"acf":[],"_links":{"self":[{"href":"https:\/\/semmelweis.hu\/gytk\/wp-json\/wp\/v2\/pages\/8668","targetHints":{"allow":["GET"]}}],"collection":[{"href":"https:\/\/semmelweis.hu\/gytk\/wp-json\/wp\/v2\/pages"}],"about":[{"href":"https:\/\/semmelweis.hu\/gytk\/wp-json\/wp\/v2\/types\/page"}],"author":[{"embeddable":true,"href":"https:\/\/semmelweis.hu\/gytk\/wp-json\/wp\/v2\/users\/101431"}],"replies":[{"embeddable":true,"href":"https:\/\/semmelweis.hu\/gytk\/wp-json\/wp\/v2\/comments?post=8668"}],"version-history":[{"count":9,"href":"https:\/\/semmelweis.hu\/gytk\/wp-json\/wp\/v2\/pages\/8668\/revisions"}],"predecessor-version":[{"id":17664,"href":"https:\/\/semmelweis.hu\/gytk\/wp-json\/wp\/v2\/pages\/8668\/revisions\/17664"}],"up":[{"embeddable":true,"href":"https:\/\/semmelweis.hu\/gytk\/wp-json\/wp\/v2\/pages\/5323"}],"wp:attachment":[{"href":"https:\/\/semmelweis.hu\/gytk\/wp-json\/wp\/v2\/media?parent=8668"}],"wp:term":[{"taxonomy":"category","embeddable":true,"href":"https:\/\/semmelweis.hu\/gytk\/wp-json\/wp\/v2\/categories?post=8668"},{"taxonomy":"post_tag","embeddable":true,"href":"https:\/\/semmelweis.hu\/gytk\/wp-json\/wp\/v2\/tags?post=8668"}],"curies":[{"name":"wp","href":"https:\/\/api.w.org\/{rel}","templated":true}]}}