{"id":8378,"date":"2019-12-20T09:03:02","date_gmt":"2019-12-20T08:03:02","guid":{"rendered":"http:\/\/semmelweis.hu\/gytk\/?page_id=8378"},"modified":"2021-05-21T14:58:32","modified_gmt":"2021-05-21T12:58:32","slug":"2019-december-11-1430","status":"publish","type":"page","link":"https:\/\/semmelweis.hu\/gytk\/a-karrol\/kari-tanacs\/kari-tanacs-eloterjesztesek\/2019-december-11-1430\/","title":{"rendered":"2019. december 11."},"content":{"rendered":"<p style=\"text-align: center\"><strong>Kari Tan\u00e1cs\u00fcl\u00e9s 2019. december 11. (szerda) 14:30 Szen\u00e1tusi terem<\/strong><\/p>\n<p><strong>2. napirendi pont<\/strong><\/p>\n<ul>\n<li><a href=\"https:\/\/semmelweis.hu\/gytk\/files\/2019\/12\/2_napirendi_pont_KT_El\u0151terjeszt\u00e9s_\u00d6nk\u00f6ts\u00e9g_d\u00edjt\u00e9teleinek_2020-2021_tan\u00e9vre_t\u00f6rt\u00e9n\u0151_meg\u00e1llap\u00edt\u00e1s\u00e1r\u00f3l.pdf\" target=\"_blank\" rel=\"noopener noreferrer\">2_napirendi_pont_KT_El\u0151terjeszt\u00e9s_\u00d6nk\u00f6lts\u00e9g_d\u00edjt\u00e9teleinek_2020-2021_tan\u00e9vre_t\u00f6rt\u00e9n\u0151_meg\u00e1llap\u00edt\u00e1s\u00e1r\u00f3l<\/a><\/li>\n<\/ul>\n<p><strong>3. napirendi pont<\/strong><\/p>\n<ul style=\"list-style-type: disc\">\n<li><a href=\"https:\/\/semmelweis.hu\/gytk\/files\/2019\/12\/3_napirendi_pont_KT_El\u0151terjeszt\u00e9s_2020_\u00e9vi_kit\u00fcntet\u00e9sek_1-5_sz_mell\u00e9klet.pdf\" target=\"_blank\" rel=\"noopener noreferrer\">3_napirendi_pont_KT_El\u0151terjeszt\u00e9s_2020_\u00e9vi_kit\u00fcntet\u00e9sek_(1-5_sz_mell\u00e9klet)<\/a><\/li>\n<li><a href=\"https:\/\/semmelweis.hu\/gytk\/files\/2019\/12\/3_napirendi_pont_6_sz_mell\u00e9klet_pro_universitate_BGy.pdf\" target=\"_blank\" rel=\"noopener noreferrer\">3_napirendi_pont_6_sz_mell\u00e9klet_Pro_Universitate_D\u00edj_BGy<\/a><\/li>\n<li><a href=\"https:\/\/semmelweis.hu\/gytk\/files\/2019\/12\/3_napirendi_pont_7_sz_mell\u00e9klet_KT_El\u0151terjeszt\u00e9s_Kiv\u00e1l\u00f3_Oktat\u00f3_HB.pdf\" target=\"_blank\" rel=\"noopener noreferrer\">3_napirendi_pont_7_sz_mell\u00e9klet_Kiv\u00e1l\u00f3_Oktat\u00f3_HB<\/a><\/li>\n<li><a href=\"https:\/\/semmelweis.hu\/gytk\/files\/2019\/12\/3_napirendi_pont_8.sz_mell\u00e9klet_Kiv\u00e1l\u00f3_Dolgoz\u00f3_BG_HN_SD_VK.pdf\" target=\"_blank\" rel=\"noopener noreferrer\">3_napirendi_pont_8_sz_mell\u00e9klet_Kiv\u00e1l\u00f3_Dolgoz\u00f3_BG_HN_SD_VK<\/a><\/li>\n<li><a href=\"https:\/\/semmelweis.hu\/gytk\/files\/2019\/12\/3_napirendi_pont_9_sz_mell\u00e9klet_rekori_dics\u00e9ret_LM.pdf\" target=\"_blank\" rel=\"noopener noreferrer\">3_napirendi_pont_9_sz_mell\u00e9klet_Rektori_Dics\u00e9ret_LM<\/a><\/li>\n<li><a href=\"https:\/\/semmelweis.hu\/gytk\/files\/2019\/12\/3_napirendi_pont_10_sz_mell\u00e9klet_d\u00e9k\u00e1ni_dics\u00e9ret_PM.pdf\" target=\"_blank\" rel=\"noopener noreferrer\">3_napirendi_pont_10_sz_mell\u00e9klet_D\u00e9k\u00e1ni_Dics\u00e9ret_PM<\/a><\/li>\n<\/ul>\n<p>&nbsp;<\/p>\n","protected":false},"excerpt":{"rendered":"<p>Kari Tan\u00e1cs\u00fcl\u00e9s 2019. december 11. (szerda) 14:30 Szen\u00e1tusi terem<br \/>\n2. napirendi pont<\/p>\n<p><a href=\"https:\/\/semmelweis.hu\/gytk\/files\/2019\/12\/2_napirendi_pont_KT_El\u0151terjeszt\u00e9s_\u00d6nk\u00f6ts\u00e9g_d\u00edjt\u00e9teleinek_2020-2021_tan\u00e9vre_t\u00f6rt\u00e9n\u0151_meg\u00e1llap\u00edt\u00e1s\u00e1r\u00f3l.pdf\" target=\"_blank\" rel=\"noopener noreferrer\">2_napirendi_pont_KT_El\u0151terjeszt\u00e9s_\u00d6nk\u00f6lts\u00e9g_d\u00edjt\u00e9teleinek_2020-2021_tan\u00e9vre_t\u00f6rt\u00e9n\u0151_meg\u00e1llap\u00edt\u00e1s\u00e1r\u00f3l<\/a><\/p>\n<p>3. napirendi pont<\/p>\n<p><a href=\"https:\/\/semmelweis.hu\/gytk\/files\/2019\/12\/3_napirendi_pont_KT_El\u0151terjeszt\u00e9s_2020_\u00e9vi_kit\u00fcntet\u00e9sek_1-5_sz_mell\u00e9klet.pdf\" target=\"_blank\" rel=\"noopener noreferrer\">3_napirendi_pont_KT_El\u0151terjeszt\u00e9s_2020_\u00e9vi_kit\u00fcntet\u00e9sek_(1-5_sz_mell\u00e9klet)<\/a><br \/>\n<a href=\"https:\/\/semmelweis.hu\/gytk\/files\/2019\/12\/3_napirendi_pont_6_sz_mell\u00e9klet_pro_universitate_BGy.pdf\" target=\"_blank\" rel=\"noopener noreferrer\">3_napirendi_pont_6_sz_mell\u00e9klet_Pro_Universitate_D\u00edj_BGy<\/a><br \/>\n<a href=\"https:\/\/semmelweis.hu\/gytk\/files\/2019\/12\/3_napirendi_pont_7_sz_mell\u00e9klet_KT_El\u0151terjeszt\u00e9s_Kiv\u00e1l\u00f3_Oktat\u00f3_HB.pdf\" target=\"_blank\" rel=\"noopener noreferrer\">3_napirendi_pont_7_sz_mell\u00e9klet_Kiv\u00e1l\u00f3_Oktat\u00f3_HB<\/a><br \/>\n<a href=\"https:\/\/semmelweis.hu\/gytk\/files\/2019\/12\/3_napirendi_pont_8.sz_mell\u00e9klet_Kiv\u00e1l\u00f3_Dolgoz\u00f3_BG_HN_SD_VK.pdf\" target=\"_blank\" rel=\"noopener noreferrer\">3_napirendi_pont_8_sz_mell\u00e9klet_Kiv\u00e1l\u00f3_Dolgoz\u00f3_BG_HN_SD_VK<\/a><br \/>\n<a href=\"https:\/\/semmelweis.hu\/gytk\/files\/2019\/12\/3_napirendi_pont_9_sz_mell\u00e9klet_rekori_dics\u00e9ret_LM.pdf\" target=\"_blank\" rel=\"noopener noreferrer\">3_napirendi_pont_9_sz_mell\u00e9klet_Rektori_Dics\u00e9ret_LM<\/a><br \/>\n<a href=\"https:\/\/semmelweis.hu\/gytk\/files\/2019\/12\/3_napirendi_pont_10_sz_mell\u00e9klet_d\u00e9k\u00e1ni_dics\u00e9ret_PM.pdf\" target=\"_blank\" rel=\"noopener noreferrer\">3_napirendi_pont_10_sz_mell\u00e9klet_D\u00e9k\u00e1ni_Dics\u00e9ret_PM<\/a><\/p>\n<p>&nbsp;<\/p>\n","protected":false},"author":101431,"featured_media":0,"parent":5323,"menu_order":10,"comment_status":"closed","ping_status":"closed","template":"","meta":{"_acf_changed":false,"footnotes":""},"categories":[],"tags":[],"class_list":["post-8378","page","type-page","status-publish","hentry"],"acf":[],"_links":{"self":[{"href":"https:\/\/semmelweis.hu\/gytk\/wp-json\/wp\/v2\/pages\/8378","targetHints":{"allow":["GET"]}}],"collection":[{"href":"https:\/\/semmelweis.hu\/gytk\/wp-json\/wp\/v2\/pages"}],"about":[{"href":"https:\/\/semmelweis.hu\/gytk\/wp-json\/wp\/v2\/types\/page"}],"author":[{"embeddable":true,"href":"https:\/\/semmelweis.hu\/gytk\/wp-json\/wp\/v2\/users\/101431"}],"replies":[{"embeddable":true,"href":"https:\/\/semmelweis.hu\/gytk\/wp-json\/wp\/v2\/comments?post=8378"}],"version-history":[{"count":5,"href":"https:\/\/semmelweis.hu\/gytk\/wp-json\/wp\/v2\/pages\/8378\/revisions"}],"predecessor-version":[{"id":11451,"href":"https:\/\/semmelweis.hu\/gytk\/wp-json\/wp\/v2\/pages\/8378\/revisions\/11451"}],"up":[{"embeddable":true,"href":"https:\/\/semmelweis.hu\/gytk\/wp-json\/wp\/v2\/pages\/5323"}],"wp:attachment":[{"href":"https:\/\/semmelweis.hu\/gytk\/wp-json\/wp\/v2\/media?parent=8378"}],"wp:term":[{"taxonomy":"category","embeddable":true,"href":"https:\/\/semmelweis.hu\/gytk\/wp-json\/wp\/v2\/categories?post=8378"},{"taxonomy":"post_tag","embeddable":true,"href":"https:\/\/semmelweis.hu\/gytk\/wp-json\/wp\/v2\/tags?post=8378"}],"curies":[{"name":"wp","href":"https:\/\/api.w.org\/{rel}","templated":true}]}}