{"id":8,"date":"2012-01-30T07:28:24","date_gmt":"2012-01-30T07:28:24","guid":{"rendered":"http:\/\/semmelweis-egyetem.hu\/gytk\/?page_id=8"},"modified":"2023-10-10T10:38:16","modified_gmt":"2023-10-10T08:38:16","slug":"inteztek","status":"publish","type":"page","link":"https:\/\/semmelweis.hu\/gytk\/a-karrol\/inteztek\/","title":{"rendered":"Int\u00e9zetek"},"content":{"rendered":"<p>&nbsp;<\/p>\n<table class=\"tablepress tablepress-id-4\">\n<thead>\n<tr class=\"row-1 odd\">\n<th class=\"column-1\">Int\u00e9zet neve<\/th>\n<th class=\"column-2\">Int\u00e9zet c\u00edme<\/th>\n<th class=\"column-3\">Int\u00e9zet igazgat\u00f3<\/th>\n<\/tr>\n<\/thead>\n<tbody>\n<tr class=\"row-2 even\">\n<td class=\"column-1\"><a href=\"https:\/\/semmelweis.hu\/gyogyszertar\/\">Egyetemi Gy\u00f3gyszert\u00e1r Gy\u00f3gyszer\u00fcgyi Szervez\u00e9si Int\u00e9zet<\/a><\/td>\n<td class=\"column-2\">1092 H\u0151gyes Endre u. 7-9.<\/td>\n<td class=\"column-3\">Dr. Zelk\u00f3 Rom\u00e1na<br \/>\negyetemi tan\u00e1r, az MTA doktora<\/td>\n<\/tr>\n<tr class=\"row-3 odd\">\n<td class=\"column-1\"><a href=\"https:\/\/semmelweis.hu\/farmakognozia\/\">Farmakogn\u00f3ziai Int\u00e9zet<\/a><\/td>\n<td class=\"column-2\">1085 Budapest, \u00dcll\u0151i \u00fat 26. III. em.<\/td>\n<td class=\"column-3\">\n<p><span style=\"font-size: 12pt\">Dr. Alberti-D\u00e9r \u00c1gnes <\/span><span style=\"font-size: 12pt\">egyetemi docens, Ph.D.<\/span><\/p>\n<\/td>\n<\/tr>\n<tr class=\"row-4 even\">\n<td class=\"column-1\"><a href=\"https:\/\/semmelweis.hu\/gyogyszereszeti-intezet\/\">Gy\u00f3gyszer\u00e9szeti Int\u00e9zet<\/a><\/td>\n<td class=\"column-2\">1092 H\u0151gyes Endre u. 7.<\/td>\n<td class=\"column-3\">Dr. Antal Istv\u00e1n<br \/>\negyetemi tan\u00e1r, Ph.D., habil.<\/td>\n<\/tr>\n<tr class=\"row-5 odd\">\n<td class=\"column-1\"><a href=\"https:\/\/semmelweis.hu\/gyogyszereszi-kemia\/\">Gy\u00f3gyszer\u00e9szi K\u00e9miai Int\u00e9zet<\/a><\/td>\n<td class=\"column-2\">1092 Bp., H\u0151gyes Endre u. 9.<\/td>\n<td class=\"column-3\">Dr. Balogh Gy\u00f6rgy Tibor<br \/>\negyetemi tan\u00e1r, az MTA doktora<\/td>\n<\/tr>\n<tr class=\"row-6 even\">\n<td class=\"column-1\"><a href=\"https:\/\/semmelweis.hu\/gyogyszerhatastan\/\">Gy\u00f3gyszerhat\u00e1stani Int\u00e9zet<\/a><\/td>\n<td class=\"column-2\">1089 Nagyv\u00e1rad t\u00e9r 4., 8. emelet<\/td>\n<td class=\"column-3\">Dr. T\u00e1bi Tam\u00e1s<br \/>\negyetemi docens<\/td>\n<\/tr>\n<tr class=\"row-7 odd\">\n<td class=\"column-1\"><a href=\"https:\/\/semmelweis.hu\/orgchem\" target=\"_blank\" rel=\"noopener noreferrer\">Szerves Vegytani Int\u00e9zet<\/a><\/td>\n<td class=\"column-2\">1092 H\u0151gyes Endre u. 7.<\/td>\n<td class=\"column-3\">Dr. M\u00e1ndity Istv\u00e1n<br \/>\negyetemi docens<\/td>\n<\/tr>\n<\/tbody>\n<\/table>\n","protected":false},"excerpt":{"rendered":"<p>&nbsp; Int\u00e9zet neve Int\u00e9zet c\u00edme Int\u00e9zet igazgat\u00f3 <a href=\"https:\/\/semmelweis.hu\/gyogyszertar\/\">Egyetemi Gy\u00f3gyszert\u00e1r Gy\u00f3gyszer\u00fcgyi Szervez\u00e9si Int\u00e9zet<\/a> 1092 H\u0151gyes Endre u. 7-9. Dr. Zelk\u00f3 Rom\u00e1na egyetemi tan\u00e1r, az MTA doktora <a href=\"https:\/\/semmelweis.hu\/farmakognozia\/\">Farmakogn\u00f3ziai Int\u00e9zet<\/a> 1085 Budapest, \u00dcll\u0151i \u00fat 26. III. em. Dr. Alberti-D\u00e9r \u00c1gnes egyetemi docens, Ph.D. <a href=\"https:\/\/semmelweis.hu\/gyogyszereszeti-intezet\/\">Gy\u00f3gyszer\u00e9szeti Int\u00e9zet<\/a> 1092 H\u0151gyes Endre u. 7. Dr. Antal Istv\u00e1n egyetemi tan\u00e1r, Ph.D., habil. <a href=\"https:\/\/semmelweis.hu\/gyogyszereszi-kemia\/\">Gy\u00f3gyszer\u00e9szi K\u00e9miai Int\u00e9zet<\/a> 1092 Bp., H\u0151gyes Endre u. 9. Dr. Balogh Gy\u00f6rgy Tibor &hellip;<\/p>\n","protected":false},"author":159,"featured_media":0,"parent":21,"menu_order":3,"comment_status":"closed","ping_status":"closed","template":"","meta":{"_acf_changed":false,"footnotes":""},"categories":[],"tags":[],"class_list":["post-8","page","type-page","status-publish","hentry"],"acf":[],"_links":{"self":[{"href":"https:\/\/semmelweis.hu\/gytk\/wp-json\/wp\/v2\/pages\/8","targetHints":{"allow":["GET"]}}],"collection":[{"href":"https:\/\/semmelweis.hu\/gytk\/wp-json\/wp\/v2\/pages"}],"about":[{"href":"https:\/\/semmelweis.hu\/gytk\/wp-json\/wp\/v2\/types\/page"}],"author":[{"embeddable":true,"href":"https:\/\/semmelweis.hu\/gytk\/wp-json\/wp\/v2\/users\/159"}],"replies":[{"embeddable":true,"href":"https:\/\/semmelweis.hu\/gytk\/wp-json\/wp\/v2\/comments?post=8"}],"version-history":[{"count":11,"href":"https:\/\/semmelweis.hu\/gytk\/wp-json\/wp\/v2\/pages\/8\/revisions"}],"predecessor-version":[{"id":14966,"href":"https:\/\/semmelweis.hu\/gytk\/wp-json\/wp\/v2\/pages\/8\/revisions\/14966"}],"up":[{"embeddable":true,"href":"https:\/\/semmelweis.hu\/gytk\/wp-json\/wp\/v2\/pages\/21"}],"wp:attachment":[{"href":"https:\/\/semmelweis.hu\/gytk\/wp-json\/wp\/v2\/media?parent=8"}],"wp:term":[{"taxonomy":"category","embeddable":true,"href":"https:\/\/semmelweis.hu\/gytk\/wp-json\/wp\/v2\/categories?post=8"},{"taxonomy":"post_tag","embeddable":true,"href":"https:\/\/semmelweis.hu\/gytk\/wp-json\/wp\/v2\/tags?post=8"}],"curies":[{"name":"wp","href":"https:\/\/api.w.org\/{rel}","templated":true}]}}