{"id":7339,"date":"2019-05-23T13:12:30","date_gmt":"2019-05-23T11:12:30","guid":{"rendered":"http:\/\/semmelweis.hu\/gytk\/?page_id=7339"},"modified":"2021-05-21T15:09:40","modified_gmt":"2021-05-21T13:09:40","slug":"2019-majus-15-i-ules","status":"publish","type":"page","link":"https:\/\/semmelweis.hu\/gytk\/a-karrol\/kari-tanacs\/kari-tanacs-eloterjesztesek\/2019-majus-15-i-ules\/","title":{"rendered":"2019. m\u00e1jus 15-i \u00fcl\u00e9s"},"content":{"rendered":"<p style=\"text-align: center\"><strong>Kari Tan\u00e1cs\u00fcl\u00e9s 2019. m\u00e1jus 15. (szerda) 14:30 Szen\u00e1tusi terem<\/strong><\/p>\n<p><strong>2. napirendi pont:<\/strong><\/p>\n<ul>\n<li><a href=\"https:\/\/semmelweis.hu\/gytk\/files\/2019\/05\/2.a_napirendi_pont_KT_El\u0151terjeszt\u00e9s_Gy\u00f3gyszer\u00e9szeti_Int\u00e9zet_igazgat\u00f3i_megb\u00edz\u00e1sra_beny\u00fajtott_p\u00e1ly\u00e1zat.pdf\" target=\"_blank\" rel=\"noopener noreferrer\">2.a_napirendi_pont_KT_El\u0151terjeszt\u00e9s_Gy\u00f3gyszer\u00e9szeti_Int\u00e9zet_igazgat\u00f3i_megb\u00edz\u00e1sra_beny\u00fajtott_p\u00e1ly\u00e1zat<\/a><\/li>\n<li><a href=\"https:\/\/semmelweis.hu\/gytk\/files\/2019\/05\/2.a_napirendi_pont_2.sz_._mell\u00e9klet_Int\u00e9zeti_Tan\u00e1cs_jegyz\u0151k\u00f6nyvek.pdf\" target=\"_blank\" rel=\"noopener noreferrer\">2.a_napirendi_pont_2.sz._mell\u00e9klet_Int\u00e9zeti_Tan\u00e1cs_jegyz\u0151k\u00f6nyvek<\/a><\/li>\n<li><a href=\"https:\/\/semmelweis.hu\/gytk\/files\/2019\/05\/2.a_napirendi_pont_3.sz_._mell\u00e9klet_B\u00edr\u00e1l\u00f3_bizotts\u00e1g_v\u00e9lem\u00e9ny.pdf\" target=\"_blank\" rel=\"noopener noreferrer\">2.a_napirendi_pont_3.sz._mell\u00e9klet_B\u00edr\u00e1l\u00f3_bizotts\u00e1g_v\u00e9lem\u00e9ny<\/a><\/li>\n<li><a href=\"https:\/\/semmelweis.hu\/gytk\/files\/2019\/05\/2.a_napirendi_pont_4.sz_._mell\u00e9klet_MGYT_v\u00e9lem\u00e9ny.pdf\" target=\"_blank\" rel=\"noopener noreferrer\">2.a_napirendi_pont_4.sz._mell\u00e9klet_MGYT_v\u00e9lem\u00e9ny<\/a><\/li>\n<li><a href=\"https:\/\/semmelweis.hu\/gytk\/files\/2019\/05\/2b_napirendi_pont_KT_el\u0151terjeszt\u00e9s_Farmakogn\u00f3ziai_int\u00e9zetigazgat\u00f3i_megb\u00edz\u00e1sra_beny\u00fajtott_p\u00e1ly\u00e1zat.pdf\" target=\"_blank\" rel=\"noopener noreferrer\">2b_napirendi_pont_KT_el\u0151terjeszt\u00e9s_Farmakogn\u00f3ziai_int\u00e9zetigazgat\u00f3i_megb\u00edz\u00e1sra_beny\u00fajtott_p\u00e1ly\u00e1zat<\/a><\/li>\n<li><a href=\"https:\/\/semmelweis.hu\/gytk\/files\/2019\/05\/2b_napirendi_pont_2.sz_._mell\u00e9klet_Int\u00e9zeti_tan\u00e1cs_jegyz\u0151k\u00f6nyvek.pdf\" target=\"_blank\" rel=\"noopener noreferrer\">2b_napirendi_pont_2.sz._mell\u00e9klet_Int\u00e9zeti_tan\u00e1cs_jegyz\u0151k\u00f6nyvek<\/a><\/li>\n<li><a href=\"https:\/\/semmelweis.hu\/gytk\/files\/2019\/05\/2b_napirendi_pont_3.sz_._mell\u00e9klet_b\u00edr\u00e1l\u00f3_bizotts\u00e1g_v\u00e9lem\u00e9ny.pdf\" target=\"_blank\" rel=\"noopener noreferrer\">2b_napirendi_pont_3.sz._mell\u00e9klet_b\u00edr\u00e1l\u00f3_bizotts\u00e1g_v\u00e9lem\u00e9ny<\/a><\/li>\n<li><a href=\"https:\/\/semmelweis.hu\/gytk\/files\/2019\/05\/2b_napirendi_pont_4.sz_mell\u00e9klet_MGYT_v\u00e9lem\u00e9ny.pdf\" target=\"_blank\" rel=\"noopener noreferrer\">2b_napirendi_pont_4.sz_mell\u00e9klet_MGYT_v\u00e9lem\u00e9ny<\/a><\/li>\n<\/ul>\n<p><strong>3. napirendi pont<\/strong><\/p>\n<ul>\n<li><a href=\"https:\/\/semmelweis.hu\/gytk\/files\/2019\/05\/3.napirendi_pont_KT_El\u0151terjeszt\u00e9s_Doctor_Honoris_Causa-c\u00edm-adom\u00e1nyoz\u00e1sa.pdf\" target=\"_blank\" rel=\"noopener noreferrer\">3.napirendi_pont_KT_El\u0151terjeszt\u00e9s_Doctor_Honoris_Causa c\u00edm adom\u00e1nyoz\u00e1sa<\/a><\/li>\n<li><a href=\"https:\/\/semmelweis.hu\/gytk\/files\/2019\/05\/3.napirendi_pont_2.sz_mell\u00e9klet_Dr.Prof_._Stefan_M\u00fchlebach.pdf\" target=\"_blank\" rel=\"noopener noreferrer\">3.napirendi_pont_2.sz_mell\u00e9klet_Dr.Prof._Stefan_M\u00fchlebach<\/a><\/li>\n<li><a href=\"https:\/\/semmelweis.hu\/gytk\/files\/2019\/05\/3.napirendi_pont_3_sz_mell\u00e9klet_Dr_Istv\u00e1n_T\u00f3th.pdf\" target=\"_blank\" rel=\"noopener noreferrer\">3.napirendi_pont_3._sz_mell\u00e9klet_Dr_Istv\u00e1n_T\u00f3th<\/a><\/li>\n<\/ul>\n<p><strong>4. napirendi pont<\/strong><\/p>\n<ul>\n<li><a href=\"https:\/\/semmelweis.hu\/gytk\/files\/2019\/05\/4_napirendi_pont_KT_El\u0151terjeszt\u00e9s_2019_\u00e9vi_z\u00e1r\u00f3vizsga_bizotts\u00e1gi_eln\u00f6k\u00f6k.pdf\" target=\"_blank\" rel=\"noopener noreferrer\">4_napirendi_pont_KT_El\u0151terjeszt\u00e9s_2019_\u00e9vi_z\u00e1r\u00f3vizsga_bizotts\u00e1gi_eln\u00f6k\u00f6k<\/a><\/li>\n<\/ul>\n<p><strong>5. napirendi pont<\/strong><\/p>\n<ul>\n<li><a href=\"https:\/\/semmelweis.hu\/gytk\/files\/2019\/05\/5a-napirendi_pont_KT_El\u0151terjeszt\u00e9s_GYTK_Oktat\u00f3_Gy\u00f3gyszer\u00e9sz.pdf\" target=\"_blank\" rel=\"noopener noreferrer\">5a napirendi_pont_KT_El\u0151terjeszt\u00e9s_GYTK_Oktat\u00f3_Gy\u00f3gyszer\u00e9sz<\/a><\/li>\n<li><a href=\"https:\/\/semmelweis.hu\/gytk\/files\/2019\/05\/5a_napirendi_pont_2.sz_mell\u00e9klet_Dr.-G\u00e1l-L\u00edvia.pdf\" target=\"_blank\" rel=\"noopener noreferrer\">5a_napirendi_pont_2.sz_mell\u00e9klet_Dr. G\u00e1l L\u00edvia<\/a><\/li>\n<li><a href=\"https:\/\/semmelweis.hu\/gytk\/files\/2019\/05\/5a_napirendi_pont_3.sz_mell\u00e9klet_dr.-Kelemen_Rita.pdf\" target=\"_blank\" rel=\"noopener noreferrer\">5a_napirendi_pont_3.sz_mell\u00e9klet_dr. Kelemen_Rita<\/a><\/li>\n<li><a href=\"https:\/\/semmelweis.hu\/gytk\/files\/2019\/05\/5a_napirendi_pont_4.sz_mell\u00e9klet_Szaniszl\u00f3n\u00e9_dr.-Zaj\u00e1cz-_Edit.pdf\" target=\"_blank\" rel=\"noopener noreferrer\">5a_napirendi_pont_4.sz_mell\u00e9klet_Szaniszl\u00f3n\u00e9_dr. Zaj\u00e1cz _Edit<\/a><\/li>\n<li><a href=\"https:\/\/semmelweis.hu\/gytk\/files\/2019\/05\/5b_napirendi_pont_KT_El\u0151terjeszt\u00e9s_GYTK_T\u00e1rsult_Oktat\u00f3ja.pdf\" target=\"_blank\" rel=\"noopener noreferrer\">5b_napirendi_pont_KT_El\u0151terjeszt\u00e9s_GYTK_T\u00e1rsult_Oktat\u00f3ja<\/a><\/li>\n<li><a href=\"https:\/\/semmelweis.hu\/gytk\/files\/2019\/05\/5b_napirendi_pont_2.sz_mell\u00e9klet_Dr._Ol\u00e1h_Attila.pdf\" target=\"_blank\" rel=\"noopener noreferrer\">5b_napirendi_pont_2.sz_mell\u00e9klet_Dr._Ol\u00e1h_Attila<\/a><\/li>\n<li><a href=\"https:\/\/semmelweis.hu\/gytk\/files\/2019\/05\/5b_napirendi_pont_3.sz_mell\u00e9klet_Dr_Telekes_Andr\u00e1s.pdf\" target=\"_blank\" rel=\"noopener noreferrer\">5b_napirendi_pont_3.sz_mell\u00e9klet_Dr_Telekes_Andr\u00e1s<\/a><\/li>\n<\/ul>\n<p><strong>6 napirendi pont<\/strong><\/p>\n<ul>\n<li><a href=\"https:\/\/semmelweis.hu\/gytk\/files\/2019\/05\/6.-napirendi_pont_KT_El\u0151terjeszt\u00e9s_2019-20.tan\u00e9v_id\u0151beoszt\u00e1sa.pdf\" target=\"_blank\" rel=\"noopener noreferrer\">6. napirendi_pont_KT_El\u0151terjeszt\u00e9s_2019-20.tan\u00e9v_id\u0151beoszt\u00e1sa<\/a><\/li>\n<li><a href=\"https:\/\/semmelweis.hu\/gytk\/files\/2019\/11\/6napirendipont_2mell\u00e9klet__tanevbeoszt_1920_tervezet_1.doc\" target=\"_blank\" rel=\"noopener noreferrer\">6napirendipont_2mell\u00e9klet__tanevbeoszt_1920_tervezet_1<\/a><\/li>\n<\/ul>\n<p><strong>7.\u00a0napirendi pont<\/strong><\/p>\n<ul>\n<li><a href=\"https:\/\/semmelweis.hu\/gytk\/files\/2019\/05\/7_napirendi_pont_KT_El\u0151terjeszt\u00e9s_2019-20_tan\u00e9vi_tant\u00e1rgyi_programok.pdf\" target=\"_blank\" rel=\"noopener noreferrer\">7_napirendi_pont_KT_El\u0151terjeszt\u00e9s_2019-20_tan\u00e9vi_tant\u00e1rgyi_programok<\/a><\/li>\n<li><a href=\"https:\/\/semmelweis.hu\/gytk\/files\/2019\/06\/Magyar-nyelv\u0171-tant\u00e1rgyi-adatlapok-2019_2020-1.zip\" target=\"_blank\" rel=\"noopener noreferrer\">Magyar nyelv\u0171 tant\u00e1rgyi adatlapok 2019_2020<\/a><\/li>\n<li><a href=\"https:\/\/semmelweis.hu\/gytk\/files\/2019\/06\/Angol-Tant\u00e1rgyi-adatlapok-2019_2020.zip\" target=\"_blank\" rel=\"noopener noreferrer\">Angol nyelv\u0171 tant\u00e1rgyi adatlapok 2019_2020<\/a><\/li>\n<\/ul>\n<p><strong>8. napirendi pont<\/strong><\/p>\n<ul>\n<li><a href=\"https:\/\/semmelweis.hu\/gytk\/files\/2019\/05\/8_napirendi_pont_KT_el\u0151terjeszt\u00e9s_2019_\u00e9vi_jubielumi_d\u00edszoklevelek.pdf\" target=\"_blank\" rel=\"noopener noreferrer\">8_napirendi_pont_KT_El\u0151terjeszt\u00e9s_2019_\u00e9vi_jubielumi_d\u00edszoklevelek<\/a><\/li>\n<\/ul>\n<p><strong>9. napirendi pont<\/strong><\/p>\n<ul>\n<li><a href=\"https:\/\/semmelweis.hu\/gytk\/files\/2019\/05\/9._napirendi_pont_szakk\u00e9pz\u0151_helly\u00e9_min\u0151s\u00edt\u00e9st_k\u00e9relmez\u0151k.docx\" target=\"_blank\" rel=\"noopener noreferrer\">9._napirendi_pont_szakk\u00e9pz\u0151_helly\u00e9_min\u0151s\u00edt\u00e9st_k\u00e9relmez\u0151k<\/a><\/li>\n<\/ul>\n","protected":false},"excerpt":{"rendered":"<p>Kari Tan\u00e1cs\u00fcl\u00e9s 2019. m\u00e1jus 15. (szerda) 14:30 Szen\u00e1tusi terem 2. napirendi pont: <a href=\"https:\/\/semmelweis.hu\/gytk\/files\/2019\/05\/2.a_napirendi_pont_KT_El\u0151terjeszt\u00e9s_Gy\u00f3gyszer\u00e9szeti_Int\u00e9zet_igazgat\u00f3i_megb\u00edz\u00e1sra_beny\u00fajtott_p\u00e1ly\u00e1zat.pdf\" target=\"_blank\" rel=\"noopener noreferrer\">2.a_napirendi_pont_KT_El\u0151terjeszt\u00e9s_Gy\u00f3gyszer\u00e9szeti_Int\u00e9zet_igazgat\u00f3i_megb\u00edz\u00e1sra_beny\u00fajtott_p\u00e1ly\u00e1zat<\/a> <a href=\"https:\/\/semmelweis.hu\/gytk\/files\/2019\/05\/2.a_napirendi_pont_2.sz_._mell\u00e9klet_Int\u00e9zeti_Tan\u00e1cs_jegyz\u0151k\u00f6nyvek.pdf\" target=\"_blank\" rel=\"noopener noreferrer\">2.a_napirendi_pont_2.sz._mell\u00e9klet_Int\u00e9zeti_Tan\u00e1cs_jegyz\u0151k\u00f6nyvek<\/a> <a href=\"https:\/\/semmelweis.hu\/gytk\/files\/2019\/05\/2.a_napirendi_pont_3.sz_._mell\u00e9klet_B\u00edr\u00e1l\u00f3_bizotts\u00e1g_v\u00e9lem\u00e9ny.pdf\" target=\"_blank\" rel=\"noopener noreferrer\">2.a_napirendi_pont_3.sz._mell\u00e9klet_B\u00edr\u00e1l\u00f3_bizotts\u00e1g_v\u00e9lem\u00e9ny<\/a> <a href=\"https:\/\/semmelweis.hu\/gytk\/files\/2019\/05\/2.a_napirendi_pont_4.sz_._mell\u00e9klet_MGYT_v\u00e9lem\u00e9ny.pdf\" target=\"_blank\" rel=\"noopener noreferrer\">2.a_napirendi_pont_4.sz._mell\u00e9klet_MGYT_v\u00e9lem\u00e9ny<\/a> <a href=\"https:\/\/semmelweis.hu\/gytk\/files\/2019\/05\/2b_napirendi_pont_KT_el\u0151terjeszt\u00e9s_Farmakogn\u00f3ziai_int\u00e9zetigazgat\u00f3i_megb\u00edz\u00e1sra_beny\u00fajtott_p\u00e1ly\u00e1zat.pdf\" target=\"_blank\" rel=\"noopener noreferrer\">2b_napirendi_pont_KT_el\u0151terjeszt\u00e9s_Farmakogn\u00f3ziai_int\u00e9zetigazgat\u00f3i_megb\u00edz\u00e1sra_beny\u00fajtott_p\u00e1ly\u00e1zat<\/a> <a href=\"https:\/\/semmelweis.hu\/gytk\/files\/2019\/05\/2b_napirendi_pont_2.sz_._mell\u00e9klet_Int\u00e9zeti_tan\u00e1cs_jegyz\u0151k\u00f6nyvek.pdf\" target=\"_blank\" rel=\"noopener noreferrer\">2b_napirendi_pont_2.sz._mell\u00e9klet_Int\u00e9zeti_tan\u00e1cs_jegyz\u0151k\u00f6nyvek<\/a> <a href=\"https:\/\/semmelweis.hu\/gytk\/files\/2019\/05\/2b_napirendi_pont_3.sz_._mell\u00e9klet_b\u00edr\u00e1l\u00f3_bizotts\u00e1g_v\u00e9lem\u00e9ny.pdf\" target=\"_blank\" rel=\"noopener noreferrer\">2b_napirendi_pont_3.sz._mell\u00e9klet_b\u00edr\u00e1l\u00f3_bizotts\u00e1g_v\u00e9lem\u00e9ny<\/a> <a href=\"https:\/\/semmelweis.hu\/gytk\/files\/2019\/05\/2b_napirendi_pont_4.sz_mell\u00e9klet_MGYT_v\u00e9lem\u00e9ny.pdf\" target=\"_blank\" rel=\"noopener noreferrer\">2b_napirendi_pont_4.sz_mell\u00e9klet_MGYT_v\u00e9lem\u00e9ny<\/a> 3. napirendi pont <a href=\"https:\/\/semmelweis.hu\/gytk\/files\/2019\/05\/3.napirendi_pont_KT_El\u0151terjeszt\u00e9s_Doctor_Honoris_Causa-c\u00edm-adom\u00e1nyoz\u00e1sa.pdf\" target=\"_blank\" rel=\"noopener noreferrer\">3.napirendi_pont_KT_El\u0151terjeszt\u00e9s_Doctor_Honoris_Causa c\u00edm adom\u00e1nyoz\u00e1sa<\/a> <a href=\"https:\/\/semmelweis.hu\/gytk\/files\/2019\/05\/3.napirendi_pont_2.sz_mell\u00e9klet_Dr.Prof_._Stefan_M\u00fchlebach.pdf\" target=\"_blank\" rel=\"noopener noreferrer\">3.napirendi_pont_2.sz_mell\u00e9klet_Dr.Prof._Stefan_M\u00fchlebach<\/a> <a href=\"https:\/\/semmelweis.hu\/gytk\/files\/2019\/05\/3.napirendi_pont_3_sz_mell\u00e9klet_Dr_Istv\u00e1n_T\u00f3th.pdf\" target=\"_blank\" rel=\"noopener noreferrer\">3.napirendi_pont_3._sz_mell\u00e9klet_Dr_Istv\u00e1n_T\u00f3th<\/a> 4. napirendi pont <a href=\"https:\/\/semmelweis.hu\/gytk\/files\/2019\/05\/4_napirendi_pont_KT_El\u0151terjeszt\u00e9s_2019_\u00e9vi_z\u00e1r\u00f3vizsga_bizotts\u00e1gi_eln\u00f6k\u00f6k.pdf\" target=\"_blank\" rel=\"noopener noreferrer\">4_napirendi_pont_KT_El\u0151terjeszt\u00e9s_2019_\u00e9vi_z\u00e1r\u00f3vizsga_bizotts\u00e1gi_eln\u00f6k\u00f6k<\/a> 5. napirendi pont <a href=\"https:\/\/semmelweis.hu\/gytk\/files\/2019\/05\/5a-napirendi_pont_KT_El\u0151terjeszt\u00e9s_GYTK_Oktat\u00f3_Gy\u00f3gyszer\u00e9sz.pdf\" target=\"_blank\" rel=\"noopener noreferrer\">5a napirendi_pont_KT_El\u0151terjeszt\u00e9s_GYTK_Oktat\u00f3_Gy\u00f3gyszer\u00e9sz<\/a> <a href=\"https:\/\/semmelweis.hu\/gytk\/files\/2019\/05\/5a_napirendi_pont_2.sz_mell\u00e9klet_Dr.-G\u00e1l-L\u00edvia.pdf\" target=\"_blank\" rel=\"noopener noreferrer\">5a_napirendi_pont_2.sz_mell\u00e9klet_Dr. G\u00e1l L\u00edvia<\/a> <a href=\"https:\/\/semmelweis.hu\/gytk\/files\/2019\/05\/5a_napirendi_pont_3.sz_mell\u00e9klet_dr.-Kelemen_Rita.pdf\" target=\"_blank\" rel=\"noopener noreferrer\">5a_napirendi_pont_3.sz_mell\u00e9klet_dr. Kelemen_Rita<\/a> <a href=\"https:\/\/semmelweis.hu\/gytk\/files\/2019\/05\/5a_napirendi_pont_4.sz_mell\u00e9klet_Szaniszl\u00f3n\u00e9_dr.-Zaj\u00e1cz-_Edit.pdf\" target=\"_blank\" rel=\"noopener noreferrer\">5a_napirendi_pont_4.sz_mell\u00e9klet_Szaniszl\u00f3n\u00e9_dr. Zaj\u00e1cz _Edit<\/a> <a href=\"https:\/\/semmelweis.hu\/gytk\/files\/2019\/05\/5b_napirendi_pont_KT_El\u0151terjeszt\u00e9s_GYTK_T\u00e1rsult_Oktat\u00f3ja.pdf\" target=\"_blank\" rel=\"noopener noreferrer\">5b_napirendi_pont_KT_El\u0151terjeszt\u00e9s_GYTK_T\u00e1rsult_Oktat\u00f3ja<\/a> <a href=\"https:\/\/semmelweis.hu\/gytk\/files\/2019\/05\/5b_napirendi_pont_2.sz_mell\u00e9klet_Dr._Ol\u00e1h_Attila.pdf\" target=\"_blank\" rel=\"noopener noreferrer\">5b_napirendi_pont_2.sz_mell\u00e9klet_Dr._Ol\u00e1h_Attila<\/a> <a href=\"https:\/\/semmelweis.hu\/gytk\/files\/2019\/05\/5b_napirendi_pont_3.sz_mell\u00e9klet_Dr_Telekes_Andr\u00e1s.pdf\" target=\"_blank\" rel=\"noopener noreferrer\">5b_napirendi_pont_3.sz_mell\u00e9klet_Dr_Telekes_Andr\u00e1s<\/a> 6 napirendi pont <a href=\"https:\/\/semmelweis.hu\/gytk\/files\/2019\/05\/6.-napirendi_pont_KT_El\u0151terjeszt\u00e9s_2019-20.tan\u00e9v_id\u0151beoszt\u00e1sa.pdf\" target=\"_blank\" rel=\"noopener noreferrer\">6. napirendi_pont_KT_El\u0151terjeszt\u00e9s_2019-20.tan\u00e9v_id\u0151beoszt\u00e1sa<\/a> <a href=\"https:\/\/semmelweis.hu\/gytk\/files\/2019\/11\/6napirendipont_2mell\u00e9klet__tanevbeoszt_1920_tervezet_1.doc\" target=\"_blank\" rel=\"noopener noreferrer\">6napirendipont_2mell\u00e9klet__tanevbeoszt_1920_tervezet_1<\/a> 7.\u00a0napirendi pont <a href=\"https:\/\/semmelweis.hu\/gytk\/files\/2019\/05\/7_napirendi_pont_KT_El\u0151terjeszt\u00e9s_2019-20_tan\u00e9vi_tant\u00e1rgyi_programok.pdf\" target=\"_blank\" rel=\"noopener noreferrer\">7_napirendi_pont_KT_El\u0151terjeszt\u00e9s_2019-20_tan\u00e9vi_tant\u00e1rgyi_programok<\/a> <a href=\"https:\/\/semmelweis.hu\/gytk\/files\/2019\/06\/Magyar-nyelv\u0171-tant\u00e1rgyi-adatlapok-2019_2020-1.zip\" target=\"_blank\" rel=\"noopener noreferrer\">Magyar nyelv\u0171 tant\u00e1rgyi adatlapok 2019_2020<\/a> <a href=\"https:\/\/semmelweis.hu\/gytk\/files\/2019\/06\/Angol-Tant\u00e1rgyi-adatlapok-2019_2020.zip\" target=\"_blank\" rel=\"noopener noreferrer\">Angol nyelv\u0171 tant\u00e1rgyi adatlapok 2019_2020<\/a> 8. napirendi pont <a href=\"https:\/\/semmelweis.hu\/gytk\/files\/2019\/05\/8_napirendi_pont_KT_el\u0151terjeszt\u00e9s_2019_\u00e9vi_jubielumi_d\u00edszoklevelek.pdf\" target=\"_blank\" rel=\"noopener noreferrer\">8_napirendi_pont_KT_El\u0151terjeszt\u00e9s_2019_\u00e9vi_jubielumi_d\u00edszoklevelek<\/a> 9. napirendi pont &hellip;<\/p>\n","protected":false},"author":101431,"featured_media":0,"parent":5323,"menu_order":7,"comment_status":"closed","ping_status":"closed","template":"","meta":{"_acf_changed":false,"footnotes":""},"categories":[],"tags":[],"class_list":["post-7339","page","type-page","status-publish","hentry"],"acf":[],"_links":{"self":[{"href":"https:\/\/semmelweis.hu\/gytk\/wp-json\/wp\/v2\/pages\/7339","targetHints":{"allow":["GET"]}}],"collection":[{"href":"https:\/\/semmelweis.hu\/gytk\/wp-json\/wp\/v2\/pages"}],"about":[{"href":"https:\/\/semmelweis.hu\/gytk\/wp-json\/wp\/v2\/types\/page"}],"author":[{"embeddable":true,"href":"https:\/\/semmelweis.hu\/gytk\/wp-json\/wp\/v2\/users\/101431"}],"replies":[{"embeddable":true,"href":"https:\/\/semmelweis.hu\/gytk\/wp-json\/wp\/v2\/comments?post=7339"}],"version-history":[{"count":10,"href":"https:\/\/semmelweis.hu\/gytk\/wp-json\/wp\/v2\/pages\/7339\/revisions"}],"predecessor-version":[{"id":11459,"href":"https:\/\/semmelweis.hu\/gytk\/wp-json\/wp\/v2\/pages\/7339\/revisions\/11459"}],"up":[{"embeddable":true,"href":"https:\/\/semmelweis.hu\/gytk\/wp-json\/wp\/v2\/pages\/5323"}],"wp:attachment":[{"href":"https:\/\/semmelweis.hu\/gytk\/wp-json\/wp\/v2\/media?parent=7339"}],"wp:term":[{"taxonomy":"category","embeddable":true,"href":"https:\/\/semmelweis.hu\/gytk\/wp-json\/wp\/v2\/categories?post=7339"},{"taxonomy":"post_tag","embeddable":true,"href":"https:\/\/semmelweis.hu\/gytk\/wp-json\/wp\/v2\/tags?post=7339"}],"curies":[{"name":"wp","href":"https:\/\/api.w.org\/{rel}","templated":true}]}}