{"id":6998,"date":"2019-04-11T10:12:31","date_gmt":"2019-04-11T08:12:31","guid":{"rendered":"http:\/\/semmelweis.hu\/gytk\/?page_id=6998"},"modified":"2021-05-21T15:13:08","modified_gmt":"2021-05-21T13:13:08","slug":"2019-marcius-27-i-ules","status":"publish","type":"page","link":"https:\/\/semmelweis.hu\/gytk\/a-karrol\/kari-tanacs\/kari-tanacs-eloterjesztesek\/2019-marcius-27-i-ules\/","title":{"rendered":"2019. m\u00e1rcius 27-i \u00fcl\u00e9s"},"content":{"rendered":"<p style=\"text-align: center\"><strong>Kari Tan\u00e1cs\u00fcl\u00e9s 2019. m\u00e1rcius 27. (cs\u00fct\u00f6rt\u00f6k) 14:30 Szen\u00e1tusi terem<\/strong><\/p>\n<p><strong>2. napirendi pont:<\/strong>\u00a0<\/p>\n<ul>\n<li><a href=\"https:\/\/semmelweis.hu\/gytk\/files\/2019\/03\/2_napirend_KT_El%C5%91terjeszt%C3%A9s_kit%C3%BCntet%C3%A9si_javaslat_v%C3%A9lem%C3%A9nyez%C3%A9se_KI.pdf\" target=\"_blank\" rel=\"noopener noreferrer\">2_napirend_KT_El\u0151terjeszt\u00e9s_kit\u00fcntet\u00e9si_javaslat_v\u00e9lem\u00e9nyez\u00e9se_KI<\/a><\/li>\n<li><a href=\"https:\/\/semmelweis.hu\/gytk\/files\/2019\/03\/2_napirend_2_sz._mell%C3%A9klet.pdf\" target=\"_blank\" rel=\"noopener noreferrer\">2_napirend_2_sz._mell\u00e9klet<\/a><\/li>\n<\/ul>\n<p><strong>3. napirendi pont:<\/strong><\/p>\n<ul>\n<li><a href=\"https:\/\/semmelweis.hu\/gytk\/files\/2019\/03\/3_napirend_KT_El%C5%91terjeszt%C3%A9s_professor_emeritus_c%C3%ADm_adom%C3%A1nyoz%C3%A1sr%C3%B3l.pdf\" target=\"_blank\" rel=\"noopener noreferrer\">3_napirend_KT_El\u0151terjeszt\u00e9s_professor_emeritus_c\u00edm_adom\u00e1nyoz\u00e1sr\u00f3l<\/a><\/li>\n<li><a href=\"https:\/\/semmelweis.hu\/gytk\/files\/2019\/03\/3_napirend_2_sz._mell%C3%A9klet.pdf\">3_napirend_2_sz._mell\u00e9klet<\/a><\/li>\n<\/ul>\n<p><strong>4. napirendi pont:<\/strong><\/p>\n<ul>\n<li><a href=\"https:\/\/semmelweis.hu\/gytk\/files\/2019\/03\/4_napirend_KT_El%C5%91terjeszt%C3%A9s_c%C3%ADmzetes_egyetemi_docensi_c%C3%ADm_adom%C3%A1nyoz%C3%A1s%C3%A1r%C3%B3l-1.pdf\" target=\"_blank\" rel=\"noopener noreferrer\">4_napirend_KT_El\u0151terjeszt\u00e9s_c\u00edmzetes_egyetemi_docensi_c\u00edm_adom\u00e1nyoz\u00e1s\u00e1r\u00f3l<\/a><\/li>\n<li><a href=\"https:\/\/semmelweis.hu\/gytk\/files\/2019\/03\/4_napirend_2.sz_mell%C3%A9klet_Dr_Gyetvai_B%C3%A9la.pdf\" target=\"_blank\" rel=\"noopener noreferrer\">4_napirend_2.sz_mell\u00e9klet_Dr_Gyetvai_B\u00e9la<\/a><\/li>\n<li><a href=\"https:\/\/semmelweis.hu\/gytk\/files\/2019\/03\/4_napirend_3_sz._mell%C3%A9klet.pdf\" target=\"_blank\" rel=\"noopener noreferrer\">4_napirend_3_sz._mell\u00e9klet_Dr_Szak\u00e1cs_Zolt\u00e1n_L\u00e1szl\u00f3<\/a><\/li>\n<li><a href=\"https:\/\/semmelweis.hu\/gytk\/files\/2019\/03\/4_napirend_4.sz_mell%C3%A9klet_Dr_Szab%C3%B3_M%C3%B3nika.pdf\" target=\"_blank\" rel=\"noopener noreferrer\">4_napirend_4.sz_mell\u00e9klet_Dr_Szab\u00f3_M\u00f3nika<\/a><\/li>\n<\/ul>\n<p><strong>5. napirendi pont:<\/strong><\/p>\n<ul>\n<li><a href=\"https:\/\/semmelweis.hu\/gytk\/files\/2019\/03\/5_napirend_KT_El%C5%91terjeszt%C3%A9s_int%C3%A9zetigazgat%C3%B3i_p%C3%A1ly%C3%A1zatv%C3%A9lem%C3%A9nyez%C3%A9s_bizotts%C3%A1g_GYI.pdf\" target=\"_blank\" rel=\"noopener noreferrer\">5_napirend_KT_El\u0151terjeszt\u00e9s_int\u00e9zetigazgat\u00f3i_p\u00e1ly\u00e1zatv\u00e9lem\u00e9nyez\u00e9s_bizotts\u00e1g_GYI<\/a><\/li>\n<\/ul>\n<p><strong>6. napirendi pont:<\/strong><\/p>\n<ul>\n<li><a href=\"https:\/\/semmelweis.hu\/gytk\/files\/2019\/03\/6_napirend_KT_El%C5%91terjeszt%C3%A9s_int%C3%A9zetigazgat%C3%B3_p%C3%A1ly%C3%A1zatv%C3%A9lem%C3%A9nyez%C3%A9s_bizotts%C3%A1g_FI.pdf\" target=\"_blank\" rel=\"noopener noreferrer\">6_napirend_KT_El\u0151terjeszt\u00e9s_int\u00e9zetigazgat\u00f3_p\u00e1ly\u00e1zatv\u00e9lem\u00e9nyez\u00e9s_bizotts\u00e1g_FI<\/a><\/li>\n<\/ul>\n<p>&nbsp;<\/p>\n","protected":false},"excerpt":{"rendered":"<p>Kari Tan\u00e1cs\u00fcl\u00e9s 2019. m\u00e1rcius 27. (cs\u00fct\u00f6rt\u00f6k) 14:30 Szen\u00e1tusi terem<br \/>\n2. napirendi pont:\u00a0<\/p>\n<p><a href=\"https:\/\/semmelweis.hu\/gytk\/files\/2019\/03\/2_napirend_KT_El%C5%91terjeszt%C3%A9s_kit%C3%BCntet%C3%A9si_javaslat_v%C3%A9lem%C3%A9nyez%C3%A9se_KI.pdf\" target=\"_blank\" rel=\"noopener noreferrer\">2_napirend_KT_El\u0151terjeszt\u00e9s_kit\u00fcntet\u00e9si_javaslat_v\u00e9lem\u00e9nyez\u00e9se_KI<\/a><br \/>\n<a href=\"https:\/\/semmelweis.hu\/gytk\/files\/2019\/03\/2_napirend_2_sz._mell%C3%A9klet.pdf\" target=\"_blank\" rel=\"noopener noreferrer\">2_napirend_2_sz._mell\u00e9klet<\/a><\/p>\n<p>3. napirendi pont:<\/p>\n<p><a href=\"https:\/\/semmelweis.hu\/gytk\/files\/2019\/03\/3_napirend_KT_El%C5%91terjeszt%C3%A9s_professor_emeritus_c%C3%ADm_adom%C3%A1nyoz%C3%A1sr%C3%B3l.pdf\" target=\"_blank\" rel=\"noopener noreferrer\">3_napirend_KT_El\u0151terjeszt\u00e9s_professor_emeritus_c\u00edm_adom\u00e1nyoz\u00e1sr\u00f3l<\/a><br \/>\n<a href=\"https:\/\/semmelweis.hu\/gytk\/files\/2019\/03\/3_napirend_2_sz._mell%C3%A9klet.pdf\">3_napirend_2_sz._mell\u00e9klet<\/a><\/p>\n<p>4. napirendi pont:<\/p>\n<p><a href=\"https:\/\/semmelweis.hu\/gytk\/files\/2019\/03\/4_napirend_KT_El%C5%91terjeszt%C3%A9s_c%C3%ADmzetes_egyetemi_docensi_c%C3%ADm_adom%C3%A1nyoz%C3%A1s%C3%A1r%C3%B3l-1.pdf\" target=\"_blank\" rel=\"noopener noreferrer\">4_napirend_KT_El\u0151terjeszt\u00e9s_c\u00edmzetes_egyetemi_docensi_c\u00edm_adom\u00e1nyoz\u00e1s\u00e1r\u00f3l<\/a><br \/>\n<a href=\"https:\/\/semmelweis.hu\/gytk\/files\/2019\/03\/4_napirend_2.sz_mell%C3%A9klet_Dr_Gyetvai_B%C3%A9la.pdf\" target=\"_blank\" rel=\"noopener noreferrer\">4_napirend_2.sz_mell\u00e9klet_Dr_Gyetvai_B\u00e9la<\/a><br \/>\n<a href=\"https:\/\/semmelweis.hu\/gytk\/files\/2019\/03\/4_napirend_3_sz._mell%C3%A9klet.pdf\" target=\"_blank\" rel=\"noopener noreferrer\">4_napirend_3_sz._mell\u00e9klet_Dr_Szak\u00e1cs_Zolt\u00e1n_L\u00e1szl\u00f3<\/a><br \/>\n<a href=\"https:\/\/semmelweis.hu\/gytk\/files\/2019\/03\/4_napirend_4.sz_mell%C3%A9klet_Dr_Szab%C3%B3_M%C3%B3nika.pdf\" target=\"_blank\" rel=\"noopener noreferrer\">4_napirend_4.sz_mell\u00e9klet_Dr_Szab\u00f3_M\u00f3nika<\/a><\/p>\n<p>5. napirendi pont:<\/p>\n<p><a href=\"https:\/\/semmelweis.hu\/gytk\/files\/2019\/03\/5_napirend_KT_El%C5%91terjeszt%C3%A9s_int%C3%A9zetigazgat%C3%B3i_p%C3%A1ly%C3%A1zatv%C3%A9lem%C3%A9nyez%C3%A9s_bizotts%C3%A1g_GYI.pdf\" target=\"_blank\" rel=\"noopener noreferrer\">5_napirend_KT_El\u0151terjeszt\u00e9s_int\u00e9zetigazgat\u00f3i_p\u00e1ly\u00e1zatv\u00e9lem\u00e9nyez\u00e9s_bizotts\u00e1g_GYI<\/a><\/p>\n<p>6. napirendi pont:<\/p>\n<p><a href=\"https:\/\/semmelweis.hu\/gytk\/files\/2019\/03\/6_napirend_KT_El%C5%91terjeszt%C3%A9s_int%C3%A9zetigazgat%C3%B3_p%C3%A1ly%C3%A1zatv%C3%A9lem%C3%A9nyez%C3%A9s_bizotts%C3%A1g_FI.pdf\" target=\"_blank\" rel=\"noopener noreferrer\">6_napirend_KT_El\u0151terjeszt\u00e9s_int\u00e9zetigazgat\u00f3_p\u00e1ly\u00e1zatv\u00e9lem\u00e9nyez\u00e9s_bizotts\u00e1g_FI<\/a><\/p>\n<p>&nbsp;<\/p>\n","protected":false},"author":101431,"featured_media":0,"parent":5323,"menu_order":6,"comment_status":"closed","ping_status":"closed","template":"","meta":{"_acf_changed":false,"footnotes":""},"categories":[],"tags":[],"class_list":["post-6998","page","type-page","status-publish","hentry"],"acf":[],"_links":{"self":[{"href":"https:\/\/semmelweis.hu\/gytk\/wp-json\/wp\/v2\/pages\/6998","targetHints":{"allow":["GET"]}}],"collection":[{"href":"https:\/\/semmelweis.hu\/gytk\/wp-json\/wp\/v2\/pages"}],"about":[{"href":"https:\/\/semmelweis.hu\/gytk\/wp-json\/wp\/v2\/types\/page"}],"author":[{"embeddable":true,"href":"https:\/\/semmelweis.hu\/gytk\/wp-json\/wp\/v2\/users\/101431"}],"replies":[{"embeddable":true,"href":"https:\/\/semmelweis.hu\/gytk\/wp-json\/wp\/v2\/comments?post=6998"}],"version-history":[{"count":6,"href":"https:\/\/semmelweis.hu\/gytk\/wp-json\/wp\/v2\/pages\/6998\/revisions"}],"predecessor-version":[{"id":11461,"href":"https:\/\/semmelweis.hu\/gytk\/wp-json\/wp\/v2\/pages\/6998\/revisions\/11461"}],"up":[{"embeddable":true,"href":"https:\/\/semmelweis.hu\/gytk\/wp-json\/wp\/v2\/pages\/5323"}],"wp:attachment":[{"href":"https:\/\/semmelweis.hu\/gytk\/wp-json\/wp\/v2\/media?parent=6998"}],"wp:term":[{"taxonomy":"category","embeddable":true,"href":"https:\/\/semmelweis.hu\/gytk\/wp-json\/wp\/v2\/categories?post=6998"},{"taxonomy":"post_tag","embeddable":true,"href":"https:\/\/semmelweis.hu\/gytk\/wp-json\/wp\/v2\/tags?post=6998"}],"curies":[{"name":"wp","href":"https:\/\/api.w.org\/{rel}","templated":true}]}}