{"id":6869,"date":"2019-03-07T14:07:13","date_gmt":"2019-03-07T13:07:13","guid":{"rendered":"http:\/\/semmelweis.hu\/gytk\/?page_id=6869"},"modified":"2021-05-21T15:25:00","modified_gmt":"2021-05-21T13:25:00","slug":"2018-november-28-i-ules","status":"publish","type":"page","link":"https:\/\/semmelweis.hu\/gytk\/a-karrol\/kari-tanacs\/kari-tanacs-eloterjesztesek\/2018-november-28-i-ules\/","title":{"rendered":"2018. november 28-i \u00fcl\u00e9s"},"content":{"rendered":"<p style=\"text-align: center\"><strong>Kari Tan\u00e1cs 2018. november 28. (szerda) 15:30 Szen\u00e1tusi terem<\/strong><\/p>\n<p><strong>3.napirendi pont:<\/strong><\/p>\n<ul>\n<li><a href=\"https:\/\/semmelweis.hu\/gytk\/files\/2018\/11\/3.-napirendi-ponthoz.pdf\" target=\"_blank\" rel=\"noopener noreferrer\">El\u0151terjeszt\u00e9s a 3. napirendi ponthoz<\/a>\n<ul>\n<li style=\"list-style-type: none\">\n<ul>\n<li><a href=\"https:\/\/semmelweis.hu\/gytk\/files\/2018\/11\/Dr.-Horv%C3%A1th-P%C3%A9ter.pdf\" target=\"_blank\" rel=\"noopener noreferrer\">Dr. Horv\u00e1th P\u00e9ter<\/a><\/li>\n<li><a href=\"https:\/\/semmelweis.hu\/gytk\/files\/2018\/11\/Dr.-Lud%C3%A1nyi-Krisztina.pdf\" target=\"_blank\" rel=\"noopener noreferrer\">Dr. Lud\u00e1nyi Krisztina<\/a><\/li>\n<li><a href=\"https:\/\/semmelweis.hu\/gytk\/files\/2018\/11\/Dr.-Moln%C3%A1r-Gabriella.pdf\" target=\"_blank\" rel=\"noopener noreferrer\">Dr. Moln\u00e1r Gabriella<\/a><\/li>\n<li><a href=\"https:\/\/semmelweis.hu\/gytk\/files\/2018\/11\/Maros%C3%A1n-Axeti%C3%A1n%C3%A9.pdf\" target=\"_blank\" rel=\"noopener noreferrer\">Maros\u00e1n Axeti\u00e1n\u00e9<\/a><\/li>\n<li><a href=\"https:\/\/semmelweis.hu\/gytk\/files\/2018\/11\/Szab%C3%B3n%C3%A9-Berki-Val%C3%A9ria.pdf\" target=\"_blank\" rel=\"noopener noreferrer\">Szab\u00f3n\u00e9 Berki Val\u00e9ria<\/a><\/li>\n<li><a href=\"https:\/\/semmelweis.hu\/gytk\/files\/2018\/11\/Sz%C3%A9kely-Ilona.pdf\" target=\"_blank\" rel=\"noopener noreferrer\">Sz\u00e9kely Ilona<\/a><\/li>\n<\/ul>\n<\/li>\n<\/ul>\n<\/li>\n<\/ul>\n<p><strong>4. napirendi pont:<\/strong><\/p>\n<ul>\n<li style=\"list-style-type: none\">\n<ul>\n<li style=\"list-style-type: none\">\n<ul>\n<li><a href=\"https:\/\/semmelweis.hu\/gytk\/files\/2018\/11\/4.-napirendi-ponthoz.pdf\" target=\"_blank\" rel=\"noopener noreferrer\">El\u0151terjeszt\u00e9s a 4. napirendi ponthoz<\/a><\/li>\n<\/ul>\n<\/li>\n<\/ul>\n<\/li>\n<\/ul>\n<p><strong>5. napirendi pont:<\/strong><\/p>\n<ul>\n<li style=\"list-style-type: none\">\n<ul>\n<li style=\"list-style-type: none\">\n<ul>\n<li><a href=\"https:\/\/semmelweis.hu\/gytk\/files\/2018\/11\/5.napirendi-pont.pdf\" target=\"_blank\" rel=\"noopener noreferrer\">El\u0151terjeszt\u00e9s az 5. napirendi ponthoz<\/a><\/li>\n<\/ul>\n<\/li>\n<\/ul>\n<\/li>\n<\/ul>\n<p><strong>6. napirendi pont:<\/strong><\/p>\n<ul>\n<li style=\"list-style-type: none\">\n<ul>\n<li style=\"list-style-type: none\">\n<ul>\n<li><a href=\"https:\/\/semmelweis.hu\/gytk\/files\/2018\/11\/Szakk%C3%A9pz%C5%91-helyek.pdf\" target=\"_blank\" rel=\"noopener noreferrer\">Szakk\u00e9pz\u0151 helyek<\/a><\/li>\n<\/ul>\n<\/li>\n<\/ul>\n<\/li>\n<\/ul>\n","protected":false},"excerpt":{"rendered":"<p>Kari Tan\u00e1cs 2018. november 28. (szerda) 15:30 Szen\u00e1tusi terem<br \/>\n3.napirendi pont:<\/p>\n<p><a href=\"https:\/\/semmelweis.hu\/gytk\/files\/2018\/11\/3.-napirendi-ponthoz.pdf\" target=\"_blank\" rel=\"noopener noreferrer\">El\u0151terjeszt\u00e9s a 3. napirendi ponthoz<\/a><\/p>\n<p><a href=\"https:\/\/semmelweis.hu\/gytk\/files\/2018\/11\/Dr.-Horv%C3%A1th-P%C3%A9ter.pdf\" target=\"_blank\" rel=\"noopener noreferrer\">Dr. Horv\u00e1th P\u00e9ter<\/a><br \/>\n<a href=\"https:\/\/semmelweis.hu\/gytk\/files\/2018\/11\/Dr.-Lud%C3%A1nyi-Krisztina.pdf\" target=\"_blank\" rel=\"noopener noreferrer\">Dr. Lud\u00e1nyi Krisztina<\/a><br \/>\n<a href=\"https:\/\/semmelweis.hu\/gytk\/files\/2018\/11\/Dr.-Moln%C3%A1r-Gabriella.pdf\" target=\"_blank\" rel=\"noopener noreferrer\">Dr. Moln\u00e1r Gabriella<\/a><br \/>\n<a href=\"https:\/\/semmelweis.hu\/gytk\/files\/2018\/11\/Maros%C3%A1n-Axeti%C3%A1n%C3%A9.pdf\" target=\"_blank\" rel=\"noopener noreferrer\">Maros\u00e1n Axeti\u00e1n\u00e9<\/a><br \/>\n<a href=\"https:\/\/semmelweis.hu\/gytk\/files\/2018\/11\/Szab%C3%B3n%C3%A9-Berki-Val%C3%A9ria.pdf\" target=\"_blank\" rel=\"noopener noreferrer\">Szab\u00f3n\u00e9 Berki Val\u00e9ria<\/a><br \/>\n<a href=\"https:\/\/semmelweis.hu\/gytk\/files\/2018\/11\/Sz%C3%A9kely-Ilona.pdf\" target=\"_blank\" rel=\"noopener noreferrer\">Sz\u00e9kely Ilona<\/a><\/p>\n<p>4. napirendi pont:<\/p>\n<p><a href=\"https:\/\/semmelweis.hu\/gytk\/files\/2018\/11\/4.-napirendi-ponthoz.pdf\" target=\"_blank\" rel=\"noopener noreferrer\">El\u0151terjeszt\u00e9s a 4. napirendi ponthoz<\/a><\/p>\n<p>5. napirendi pont:<\/p>\n<p><a href=\"https:\/\/semmelweis.hu\/gytk\/files\/2018\/11\/5.napirendi-pont.pdf\" target=\"_blank\" rel=\"noopener noreferrer\">El\u0151terjeszt\u00e9s az 5. napirendi ponthoz<\/a><\/p>\n<p>6. napirendi pont:<\/p>\n<p><a href=\"https:\/\/semmelweis.hu\/gytk\/files\/2018\/11\/Szakk%C3%A9pz%C5%91-helyek.pdf\" target=\"_blank\" rel=\"noopener noreferrer\">Szakk\u00e9pz\u0151 helyek<\/a><\/p>\n","protected":false},"author":101025,"featured_media":0,"parent":5323,"menu_order":4,"comment_status":"closed","ping_status":"closed","template":"","meta":{"_acf_changed":false,"footnotes":""},"categories":[],"tags":[],"class_list":["post-6869","page","type-page","status-publish","hentry"],"acf":[],"_links":{"self":[{"href":"https:\/\/semmelweis.hu\/gytk\/wp-json\/wp\/v2\/pages\/6869","targetHints":{"allow":["GET"]}}],"collection":[{"href":"https:\/\/semmelweis.hu\/gytk\/wp-json\/wp\/v2\/pages"}],"about":[{"href":"https:\/\/semmelweis.hu\/gytk\/wp-json\/wp\/v2\/types\/page"}],"author":[{"embeddable":true,"href":"https:\/\/semmelweis.hu\/gytk\/wp-json\/wp\/v2\/users\/101025"}],"replies":[{"embeddable":true,"href":"https:\/\/semmelweis.hu\/gytk\/wp-json\/wp\/v2\/comments?post=6869"}],"version-history":[{"count":7,"href":"https:\/\/semmelweis.hu\/gytk\/wp-json\/wp\/v2\/pages\/6869\/revisions"}],"predecessor-version":[{"id":11467,"href":"https:\/\/semmelweis.hu\/gytk\/wp-json\/wp\/v2\/pages\/6869\/revisions\/11467"}],"up":[{"embeddable":true,"href":"https:\/\/semmelweis.hu\/gytk\/wp-json\/wp\/v2\/pages\/5323"}],"wp:attachment":[{"href":"https:\/\/semmelweis.hu\/gytk\/wp-json\/wp\/v2\/media?parent=6869"}],"wp:term":[{"taxonomy":"category","embeddable":true,"href":"https:\/\/semmelweis.hu\/gytk\/wp-json\/wp\/v2\/categories?post=6869"},{"taxonomy":"post_tag","embeddable":true,"href":"https:\/\/semmelweis.hu\/gytk\/wp-json\/wp\/v2\/tags?post=6869"}],"curies":[{"name":"wp","href":"https:\/\/api.w.org\/{rel}","templated":true}]}}