{"id":6437,"date":"2018-11-16T11:30:28","date_gmt":"2018-11-16T10:30:28","guid":{"rendered":"http:\/\/semmelweis.hu\/gytk\/?page_id=6437"},"modified":"2025-09-01T13:34:05","modified_gmt":"2025-09-01T11:34:05","slug":"kari-tanacs-2018-november-elektronikus-szavazas","status":"publish","type":"page","link":"https:\/\/semmelweis.hu\/gytk\/a-karrol\/kari-tanacs\/kari-tanacs-eloterjesztesek\/kari-tanacs-2018-november-elektronikus-szavazas\/","title":{"rendered":"2018. november 9-14. elektronikus szavaz\u00e1s"},"content":{"rendered":"<p style=\"text-align: center\"><strong>Kari Tan\u00e1cs elektronikus szavaz\u00e1s 2018. november 9.-14.<\/strong><\/p>\n<p><strong>1. napirendi pont:<\/strong><\/p>\n<ul>\n<li style=\"list-style-type: none\">\n<ul style=\"list-style-type: disc\">\n<li><a href=\"https:\/\/semmelweis.hu\/gytk\/files\/2018\/11\/1.-sz.-mell\u00e9klet.pdf\" target=\"_blank\" rel=\"noopener noreferrer\">El\u0151terjeszt\u00e9s \u00f6nk\u00f6lts\u00e9ges \u00e9s k\u00f6lts\u00e9gt\u00e9r\u00edt\u00e9ses d\u00edjt\u00e9telek meg\u00e1llap\u00edt\u00e1s\u00e1r\u00f3l<\/a><\/li>\n<\/ul>\n<\/li>\n<\/ul>\n<p><strong>2. napirendi pont:<\/strong><\/p>\n<ul>\n<li style=\"list-style-type: none\">\n<ul>\n<li style=\"list-style-type: none\">\n<ul style=\"list-style-type: disc\">\n<li><a href=\"https:\/\/semmelweis.hu\/gytk\/files\/2018\/10\/El\u0151terjeszt\u00e9s-a-kar-Szervezeti-\u00e9s-M\u0171k\u00f6d\u00e9si-Rendj\u00e9nek-fel\u00fclvizsg\u00e1lat\u00e1r\u00f3l-2-np.pdf\" target=\"_blank\" rel=\"noopener noreferrer\">El\u0151terjeszt\u00e9s a kar Szervezeti \u00e9s M\u0171k\u00f6d\u00e9si Rendj\u00e9nek fel\u00fclvizsg\u00e1lat\u00e1r\u00f3l &#8211; 2 np<\/a><\/li>\n<li><a href=\"https:\/\/semmelweis.hu\/gytk\/files\/2018\/10\/SE-GYTK-SZMR_02_201811_2napirendi-pont_2sz\u00e1m\u00fa_mell\u00e9klet_1.pdf\" target=\"_blank\" rel=\"noopener noreferrer\">SE-GYTK-SZMR_02_201811_2napirendi pont_2sz\u00e1m\u00fa_mell\u00e9klet_1<\/a><\/li>\n<li><a href=\"https:\/\/semmelweis.hu\/gytk\/files\/2018\/10\/SE-GYTK-SZMR-M07_\u00faj_formanyomtatv\u00e1nyok_2napirendi-pont_3sz\u00e1m_m_1.pdf\" target=\"_blank\" rel=\"noopener noreferrer\">SE-GYTK-SZMR-M07_\u00faj_formanyomtatv\u00e1nyok_2napirendi pont_3sz\u00e1m_m_1<\/a><\/li>\n<\/ul>\n<\/li>\n<\/ul>\n<\/li>\n<\/ul>\n<p><strong>3. napirendi pont:<\/strong><\/p>\n<ul>\n<li style=\"list-style-type: none\">\n<ul>\n<li style=\"list-style-type: none\">\n<ul>\n<li style=\"list-style-type: none\">\n<ul style=\"list-style-type: disc\">\n<li><a href=\"https:\/\/semmelweis.hu\/gytk\/files\/2018\/10\/El\u0151terjeszt\u00e9s-a-kari-T\u00e9r\u00edt\u00e9si-\u00e9s-Juttat\u00e1si-Rend-hat\u00e1lyon-k\u00edv\u00fcl-helyez\u00e9s\u00e9r\u0151l-3-np.pdf\" target=\"_blank\" rel=\"noopener noreferrer\">El\u0151terjeszt\u00e9s a kari T\u00e9r\u00edt\u00e9si \u00e9s Juttat\u00e1si Rend hat\u00e1lyon k\u00edv\u00fcl helyez\u00e9s\u00e9r\u0151l &#8211; 3 np<\/a><\/li>\n<\/ul>\n<\/li>\n<\/ul>\n<\/li>\n<\/ul>\n<\/li>\n<\/ul>\n","protected":false},"excerpt":{"rendered":"<p>Kari Tan\u00e1cs elektronikus szavaz\u00e1s 2018. november 9.-14.<br \/>\n1. napirendi pont:<\/p>\n<p><a href=\"https:\/\/semmelweis.hu\/gytk\/files\/2018\/11\/1.-sz.-mell\u00e9klet.pdf\" target=\"_blank\" rel=\"noopener noreferrer\">El\u0151terjeszt\u00e9s \u00f6nk\u00f6lts\u00e9ges \u00e9s k\u00f6lts\u00e9gt\u00e9r\u00edt\u00e9ses d\u00edjt\u00e9telek meg\u00e1llap\u00edt\u00e1s\u00e1r\u00f3l<\/a><\/p>\n<p>2. napirendi pont:<\/p>\n<p><a href=\"https:\/\/semmelweis.hu\/gytk\/files\/2018\/10\/El\u0151terjeszt\u00e9s-a-kar-Szervezeti-\u00e9s-M\u0171k\u00f6d\u00e9si-Rendj\u00e9nek-fel\u00fclvizsg\u00e1lat\u00e1r\u00f3l-2-np.pdf\" target=\"_blank\" rel=\"noopener noreferrer\">El\u0151terjeszt\u00e9s a kar Szervezeti \u00e9s M\u0171k\u00f6d\u00e9si Rendj\u00e9nek fel\u00fclvizsg\u00e1lat\u00e1r\u00f3l &#8211; 2 np<\/a><br \/>\n<a href=\"https:\/\/semmelweis.hu\/gytk\/files\/2018\/10\/SE-GYTK-SZMR_02_201811_2napirendi-pont_2sz\u00e1m\u00fa_mell\u00e9klet_1.pdf\" target=\"_blank\" rel=\"noopener noreferrer\">SE-GYTK-SZMR_02_201811_2napirendi pont_2sz\u00e1m\u00fa_mell\u00e9klet_1<\/a><br \/>\n<a href=\"https:\/\/semmelweis.hu\/gytk\/files\/2018\/10\/SE-GYTK-SZMR-M07_\u00faj_formanyomtatv\u00e1nyok_2napirendi-pont_3sz\u00e1m_m_1.pdf\" target=\"_blank\" rel=\"noopener noreferrer\">SE-GYTK-SZMR-M07_\u00faj_formanyomtatv\u00e1nyok_2napirendi pont_3sz\u00e1m_m_1<\/a><\/p>\n<p>3. napirendi pont:<\/p>\n<p><a href=\"https:\/\/semmelweis.hu\/gytk\/files\/2018\/10\/El\u0151terjeszt\u00e9s-a-kari-T\u00e9r\u00edt\u00e9si-\u00e9s-Juttat\u00e1si-Rend-hat\u00e1lyon-k\u00edv\u00fcl-helyez\u00e9s\u00e9r\u0151l-3-np.pdf\" target=\"_blank\" rel=\"noopener noreferrer\">El\u0151terjeszt\u00e9s a kari T\u00e9r\u00edt\u00e9si \u00e9s Juttat\u00e1si Rend hat\u00e1lyon k\u00edv\u00fcl helyez\u00e9s\u00e9r\u0151l &#8211; 3 np<\/a><\/p>\n","protected":false},"author":101025,"featured_media":0,"parent":5323,"menu_order":5,"comment_status":"closed","ping_status":"closed","template":"","meta":{"_acf_changed":false,"footnotes":""},"categories":[],"tags":[],"class_list":["post-6437","page","type-page","status-publish","hentry"],"acf":[],"_links":{"self":[{"href":"https:\/\/semmelweis.hu\/gytk\/wp-json\/wp\/v2\/pages\/6437","targetHints":{"allow":["GET"]}}],"collection":[{"href":"https:\/\/semmelweis.hu\/gytk\/wp-json\/wp\/v2\/pages"}],"about":[{"href":"https:\/\/semmelweis.hu\/gytk\/wp-json\/wp\/v2\/types\/page"}],"author":[{"embeddable":true,"href":"https:\/\/semmelweis.hu\/gytk\/wp-json\/wp\/v2\/users\/101025"}],"replies":[{"embeddable":true,"href":"https:\/\/semmelweis.hu\/gytk\/wp-json\/wp\/v2\/comments?post=6437"}],"version-history":[{"count":10,"href":"https:\/\/semmelweis.hu\/gytk\/wp-json\/wp\/v2\/pages\/6437\/revisions"}],"predecessor-version":[{"id":17661,"href":"https:\/\/semmelweis.hu\/gytk\/wp-json\/wp\/v2\/pages\/6437\/revisions\/17661"}],"up":[{"embeddable":true,"href":"https:\/\/semmelweis.hu\/gytk\/wp-json\/wp\/v2\/pages\/5323"}],"wp:attachment":[{"href":"https:\/\/semmelweis.hu\/gytk\/wp-json\/wp\/v2\/media?parent=6437"}],"wp:term":[{"taxonomy":"category","embeddable":true,"href":"https:\/\/semmelweis.hu\/gytk\/wp-json\/wp\/v2\/categories?post=6437"},{"taxonomy":"post_tag","embeddable":true,"href":"https:\/\/semmelweis.hu\/gytk\/wp-json\/wp\/v2\/tags?post=6437"}],"curies":[{"name":"wp","href":"https:\/\/api.w.org\/{rel}","templated":true}]}}