{"id":6133,"date":"2018-10-01T13:14:31","date_gmt":"2018-10-01T11:14:31","guid":{"rendered":"http:\/\/semmelweis.hu\/gytk\/?page_id=6133"},"modified":"2026-01-09T09:49:17","modified_gmt":"2026-01-09T08:49:17","slug":"dr-antal-istvan","status":"publish","type":"page","link":"https:\/\/semmelweis.hu\/gytk\/a-karrol\/kari-vezetok\/dr-antal-istvan\/","title":{"rendered":"Dr. Antal Istv\u00e1n"},"content":{"rendered":"<h4><strong>Gy\u00f3gyszer\u00e9sztudom\u00e1nyi Kar, <br \/>\nd\u00e9k\u00e1n<a href=\"https:\/\/semmelweis.hu\/gytk\/files\/2020\/10\/AI_2020_2.jpg\"><img loading=\"lazy\" decoding=\"async\" class=\"alignright wp-image-10336 size-medium\" src=\"https:\/\/semmelweis.hu\/gytk\/files\/2020\/10\/AI_2020_2-223x300.jpg\" alt=\"\" width=\"223\" height=\"300\" srcset=\"https:\/\/semmelweis.hu\/gytk\/files\/2020\/10\/AI_2020_2-223x300.jpg 223w, https:\/\/semmelweis.hu\/gytk\/files\/2020\/10\/AI_2020_2.jpg 575w\" sizes=\"auto, (max-width: 223px) 100vw, 223px\" \/><\/a><\/strong><\/h4>\n<p>&nbsp;<\/p>\n<p style=\"text-align: left\"><strong>Szakmai v\u00e9gzetts\u00e9g \u00e9s tudom\u00e1nyos fokozat:<br \/>\n<\/strong>gy\u00f3gyszer\u00e9sz (SOTE, 1987);<br \/>\ngy\u00f3gyszertechnol\u00f3gus szakgy\u00f3gyszer\u00e9sz (OSZB, 1992);<br \/>\nPh.D. (SOTE, 1995);<br \/>\nDr. habil. (SZTE, 2003)<\/p>\n<p style=\"text-align: left\"><strong>Szakmai tapasztalatok:<br \/>\n<\/strong>K\u0151b\u00e1nyai Gy\u00f3gyszer\u00e1rugy\u00e1r, gy\u00f3gyszer\u00e9sz (1987);<br \/>\nMTA TMB \u00f6szt\u00f6nd\u00edjas (1987-1990);<br \/>\nSOTE Gy\u00f3gyszer\u00e9szeti Int\u00e9zet, e. tan\u00e1rseg\u00e9d (1990-1995), e. adjunktus (1995-1998),<br \/>\ne. docens (1998-);<br \/>\nSE Gy\u00f3gyszer\u00e9szeti Int\u00e9zet, mb. igazgat\u00f3 (2003.07.-2004.07.) <br \/>\n\u00e9s igazgat\u00f3helyettes (2004.08.-2014.07.);<br \/>\nSE Gy\u00f3gyszer\u00e9sztudom\u00e1nyi Kar, d\u00e9k\u00e1nhelyettes (2007-2020);<br \/>\nGy\u00f3gyszer\u00e9szeti Int\u00e9zet, int\u00e9zetigazgat\u00f3 (2014-)<strong><br \/>\n<\/strong>Gy\u00f3gyszer\u00e9sztudom\u00e1nyi Kar, d\u00e9k\u00e1n (2020-)<\/p>\n<p style=\"text-align: left\"><strong>Oktat\u00e1si tev\u00e9kenys\u00e9g:<br \/>\n<\/strong>Semmelweis Egyetem Gy\u00f3gyszer\u00e9sztudom\u00e1nyi Karon meghirdetett t\u00e1rgyak: Gy\u00f3gyszertechnol\u00f3gia, Biogy\u00f3gyszer\u00e9szet, Ipari gy\u00f3gyszertechnol\u00f3gia, Gy\u00f3gyszerinnov\u00e1ci\u00f3 \u00e9s enged\u00e9lyez\u00e9s; Betegk\u00f6zpont\u00fa hat\u00f3anyag-felszabad\u00edt\u00f3 rendszerek, \u00c1llatgy\u00f3gy\u00e1szati k\u00e9sz\u00edtm\u00e9nyek, Klinikai farmakokinetika \u00e9s biofarm\u00e1cia<\/p>\n<p style=\"text-align: left\">P\u00e1zm\u00e1ny P\u00e9ter Katolikus Egyetem Inform\u00e1ci\u00f3s Technol\u00f3giai \u00e9s Bionikai Karon meghirdetett t\u00e1rgy: Drug Delivery Systems<\/p>\n<p style=\"text-align: left\"><strong>Egy\u00e9b oktat\u00e1si tev\u00e9kenys\u00e9g:<\/strong><em><strong><br \/>\n<\/strong><\/em>szakdolgozat t\u00e9mavezet\u00e9s; TDK-s t\u00e9mavezet\u00e9s; opponensi tev\u00e9kenys\u00e9g; Ph.D. t\u00e9mavezet\u0151 \u00e9s konzulens (1999-): 16 doktorandusz (fokozatot szerzett: 14 hallgat\u00f3); felv\u00e9teli \u00e9s z\u00e1r\u00f3vizsga bizotts\u00e1gi tag; szakvizsga felk\u00e9sz\u00edt\u00e9s \u00e9s vizsg\u00e1ztat\u00e1s; tanfolyam el\u0151ad\u00e1sok.<\/p>\n<p><strong>Egyetemi egy\u00e9b tiszts\u00e9gek:<\/strong><\/p>\n<ul>\n<li>MRK Orvos- \u00e9s Eg\u00e9szs\u00e9gtudom\u00e1nyi Bizotts\u00e1g t\u00e1rseln\u00f6k (2023-),<\/li>\n<li>Ipari szakgy\u00f3gyszer\u00e9szet gr\u00e9miumeln\u00f6k (2019-),<\/li>\n<li>SE Egyetemi Innov\u00e1ci\u00f3s Bizotts\u00e1g tagja,<\/li>\n<li>Egyetemi Etikai Bizotts\u00e1g tagja (2017-)<\/li>\n<\/ul>\n<ul>\n<li>Doktori Iskol\u00e1ban: Gy\u00f3gyszertudom\u00e1nyok \u00e9s Eg\u00e9szs\u00e9g\u00fcgyi Technol\u00f3gi\u00e1k Tagozat t\u00f6rzstagja (1999-); programvezet\u0151 (2005-);<\/li>\n<li>Doktori Tan\u00e1cs tagja (2017-),<\/li>\n<\/ul>\n<p><strong>F\u0151bb kutat\u00e1si ter\u00fcletek:<br \/>\n<\/strong>betegk\u00f6zpont\u00fa gy\u00f3gyszerform\u00e1k, gy\u00f3gyszertechnol\u00f3giai elj\u00e1r\u00e1sok, gy\u00f3gyszerforma-tervez\u00e9s, multipartikul\u00e1ris rendszerek, matematikai modellez\u00e9s, k\u00eds\u00e9rlettervez\u00e9s, NIR-spektroszk\u00f3pia, m\u00f3dos\u00edtott hat\u00f3anyaglead\u00e1s, biofarm\u00e1cia,\u00a0<em>in vitro-in vivo<\/em>\u00a0korrel\u00e1ci\u00f3.<\/p>\n<p><strong>Publik\u00e1ci\u00f3s tev\u00e9kenys\u00e9g:<br \/>\n<\/strong>nemzetk\u00f6zi szakfoly\u00f3iratban: 114;<br \/>\nhazai foly\u00f3iratban idegen nyelven: 6, magyar nyelven: 53;<br \/>\n2 k\u00f6nyv;<br \/>\n2 szerkesztett k\u00f6nyv;<br \/>\n5 k\u00f6nyvfejezet (4 angol, 1 magyar nyelven);<br \/>\n21 b\u0151v\u00edtett konferenciak\u00f6zlem\u00e9ny;<br \/>\n6 szabadalom illetve tal\u00e1lm\u00e1nyi bejelent\u00e9s;<br \/>\n10 egyetemi jegyzet<\/p>\n<p>\u00a0\u2211IF: 300.394; f\u00fcggetlen id\u00e9zetek sz\u00e1ma: 2780; Hirsch index = 28<\/p>\n<p style=\"text-align: left\">\nPublik\u00e1ci\u00f3s lista:<br \/>\n<a href=\"https:\/\/m2.mtmt.hu\/gui2\/?type=authors&amp;mode=browse&amp;sel=10020626\" target=\"_blank\" rel=\"noopener noreferrer\">https:\/\/m2.mtmt.hu\/gui2\/?type=authors&amp;mode=browse&amp;sel=10020626<\/a><\/p>\n<p style=\"text-align: left\"><strong>Egy\u00e9b kutat\u00e1s-fejleszt\u00e9si tev\u00e9kenys\u00e9g:<br \/>\n<\/strong>retard tablettak\u00e9sz\u00edtm\u00e9ny fejleszt\u00e9s (FDA Approval: 2016);<br \/>\n5 \u00fczemes\u00edtett k\u00e9sz\u00edtm\u00e9nyfejleszt\u00e9s (3 forgalomba hozatali enged\u00e9llyel)<\/p>\n<p style=\"text-align: left\"><strong>Tanulm\u00e1ny\u00fat:<br \/>\n<\/strong>Sterling Health R&amp;D Center, Princeton, NJ, USA (1992.05.);<br \/>\nR\u00f6hm GmbH, Darmstadt, N\u00e9metorsz\u00e1g (2000.03.);<br \/>\nGlatt Technology Training Centre (TTC), Binzen, N\u00e9metorsz\u00e1g (2006.09., 2007.09.)<\/p>\n<p><strong>Szakmai k\u00f6z\u00e9leti tev\u00e9kenys\u00e9g, tags\u00e1gok:<\/strong><\/p>\n<ul>\n<li>Magyar Gy\u00f3gyszer\u00e9sztudom\u00e1nyi T\u00e1rsas\u00e1g Gy\u00f3gyszertechnol\u00f3giai Szakoszt\u00e1ly\u00e1nak\n<ul>\n<li>titk\u00e1ra (1991-2004)<\/li>\n<li>aleln\u00f6ke (2005-2008)<\/li>\n<li>eln\u00f6ke (2009-2016);<\/li>\n<\/ul>\n<\/li>\n<li>Magyar Gy\u00f3gyszer\u00e9sz Kamara Nemzetk\u00f6zi Kapcsolatok Bizotts\u00e1g\u00e1nak tagja (1996-1998);<\/li>\n<li>Gy\u00f3gyszerell\u00e1t\u00e1si Szakmai Koll\u00e9gium tagja (2001-2004);<\/li>\n<li>Gy\u00f3gyszeripari Szakmai Koll\u00e9gium tagja (2004-2010);<\/li>\n<li>Szakmai Koll\u00e9gium Ipari Gy\u00f3gyszer\u00e9szeti Tagozat eln\u00f6ke (2011-2015);<\/li>\n<li>MTA Gy\u00f3gyszer\u00e9sztudom\u00e1nyi Komplex Bizotts\u00e1g tagja (1999-) \u00e9s titk\u00e1ra (1999-2002);<\/li>\n<li>Magyar K\u00eds\u00e9rletes \u00e9s Klinikai Farmakol\u00f3giai T\u00e1rsas\u00e1g tagja (2005-);<\/li>\n<li>Magyarorsz\u00e1gi Gy\u00f3gyszergy\u00e1rt\u00f3k Orsz\u00e1gos Sz\u00f6vets\u00e9ge,\u00a0megh\u00edvott (2015-)<\/li>\n<li>MRK Orvos- \u00e9s Eg\u00e9szs\u00e9gtudom\u00e1nyi Bizotts\u00e1g t\u00e1rseln\u00f6k (2023-)<\/li>\n<\/ul>\n<p><strong>Foly\u00f3irat szerkeszt\u00e9s:<br \/>\n<\/strong>Gy\u00f3gyszer\u00e9szet Szerkeszt\u0151 Bizotts\u00e1g\u00e1nak tagja (2001-2004, 2009-2016);<br \/>\nEur J Pharm Sci Supplement (May, 2005) vend\u00e9g t\u00e1rsszerkeszt\u0151;<\/p>\n<p>Pharmaceutics Special Issue (2022) vend\u00e9g t\u00e1rsszerkeszt\u0151;<br \/>\nActa Pharm. Hung. Szerkeszt\u0151 Bizotts\u00e1g\u00e1nak felk\u00e9rt tagja (2019-)<\/p>\n<p style=\"text-align: left\"><strong>Nyelvismeret:<br \/>\n<\/strong>angol szakmai anyaggal b\u0151v\u00edtett k\u00f6z\u00e9pfok\u00fa \u00e1llami nyelvvizsga (1986);<br \/>\nn\u00e9met alapfok\u00fa \u00e1llami nyelvvizsga (1990)<\/p>\n<p><strong>Kit\u00fcntet\u00e9sek, d\u00edjak:<\/strong><\/p>\n<ul>\n<li>Mozsonyi S\u00e1ndor Alap\u00edtv\u00e1ny, oktat\u00f3i kateg\u00f3ria, I. d\u00edj (1993);<\/li>\n<li>Rektori Dics\u00e9ret (Semmelweis Egyetem, 1994);<\/li>\n<li>MTA Bolyai J\u00e1nos Kutat\u00e1si \u00d6szt\u00f6nd\u00edj (1998-2001);<\/li>\n<li>MTA Bolyai J\u00e1nos Kutat\u00e1si \u00d6szt\u00f6nd\u00edj Kurat\u00f3rium Elismer\u0151 Oklevele (2002);<\/li>\n<li>Egyetem Kiv\u00e1l\u00f3 Dolgoz\u00f3ja (2003);<\/li>\n<li>Kiv\u00e1l\u00f3 Tudom\u00e1nyos Di\u00e1kk\u00f6ri Nevel\u0151 (2005);<\/li>\n<li>AESCULAP Alap\u00edtv\u00e1ny Kutat\u00f3 D\u00edj (2006);<\/li>\n<li>Semmelweis Egyetem Kiv\u00e1l\u00f3 Oktat\u00f3ja (2010);<\/li>\n<li>Hintz Gy\u00f6rgy Eml\u00e9k\u00e9rem (2017)<\/li>\n<li>Semmelweis Egyetem Kiv\u00e1l\u00f3 PhD Oktat\u00f3ja (2018)<\/li>\n<li>Richter Gedeon Eml\u00e9k\u00e9rem \u00e9s Jutalomd\u00edj (2023)<\/li>\n<li>Nikolics K\u00e1roly Eml\u00e9k\u00e9rem (2024)<\/li>\n<\/ul>\n","protected":false},"excerpt":{"rendered":"<p>Gy\u00f3gyszer\u00e9sztudom\u00e1nyi Kar, d\u00e9k\u00e1n <a href=\"https:\/\/semmelweis.hu\/gytk\/files\/2020\/10\/AI_2020_2.jpg\"><\/a> &nbsp; Szakmai v\u00e9gzetts\u00e9g \u00e9s tudom\u00e1nyos fokozat: gy\u00f3gyszer\u00e9sz (SOTE, 1987); gy\u00f3gyszertechnol\u00f3gus szakgy\u00f3gyszer\u00e9sz (OSZB, 1992); Ph.D. (SOTE, 1995); Dr. habil. (SZTE, 2003) Szakmai tapasztalatok: K\u0151b\u00e1nyai Gy\u00f3gyszer\u00e1rugy\u00e1r, gy\u00f3gyszer\u00e9sz (1987); MTA TMB \u00f6szt\u00f6nd\u00edjas (1987-1990); SOTE Gy\u00f3gyszer\u00e9szeti Int\u00e9zet, e. tan\u00e1rseg\u00e9d (1990-1995), e. adjunktus (1995-1998), e. docens (1998-); SE Gy\u00f3gyszer\u00e9szeti Int\u00e9zet, mb. igazgat\u00f3 (2003.07.-2004.07.) \u00e9s igazgat\u00f3helyettes (2004.08.-2014.07.); SE &hellip;<\/p>\n","protected":false},"author":101025,"featured_media":0,"parent":6,"menu_order":2,"comment_status":"closed","ping_status":"closed","template":"","meta":{"_acf_changed":false,"footnotes":""},"categories":[],"tags":[],"class_list":["post-6133","page","type-page","status-publish","hentry"],"acf":[],"_links":{"self":[{"href":"https:\/\/semmelweis.hu\/gytk\/wp-json\/wp\/v2\/pages\/6133","targetHints":{"allow":["GET"]}}],"collection":[{"href":"https:\/\/semmelweis.hu\/gytk\/wp-json\/wp\/v2\/pages"}],"about":[{"href":"https:\/\/semmelweis.hu\/gytk\/wp-json\/wp\/v2\/types\/page"}],"author":[{"embeddable":true,"href":"https:\/\/semmelweis.hu\/gytk\/wp-json\/wp\/v2\/users\/101025"}],"replies":[{"embeddable":true,"href":"https:\/\/semmelweis.hu\/gytk\/wp-json\/wp\/v2\/comments?post=6133"}],"version-history":[{"count":11,"href":"https:\/\/semmelweis.hu\/gytk\/wp-json\/wp\/v2\/pages\/6133\/revisions"}],"predecessor-version":[{"id":18125,"href":"https:\/\/semmelweis.hu\/gytk\/wp-json\/wp\/v2\/pages\/6133\/revisions\/18125"}],"up":[{"embeddable":true,"href":"https:\/\/semmelweis.hu\/gytk\/wp-json\/wp\/v2\/pages\/6"}],"wp:attachment":[{"href":"https:\/\/semmelweis.hu\/gytk\/wp-json\/wp\/v2\/media?parent=6133"}],"wp:term":[{"taxonomy":"category","embeddable":true,"href":"https:\/\/semmelweis.hu\/gytk\/wp-json\/wp\/v2\/categories?post=6133"},{"taxonomy":"post_tag","embeddable":true,"href":"https:\/\/semmelweis.hu\/gytk\/wp-json\/wp\/v2\/tags?post=6133"}],"curies":[{"name":"wp","href":"https:\/\/api.w.org\/{rel}","templated":true}]}}