{"id":6,"date":"2012-01-30T07:25:00","date_gmt":"2012-01-30T07:25:00","guid":{"rendered":"http:\/\/semmelweis-egyetem.hu\/gytk\/?page_id=6"},"modified":"2026-01-09T10:22:46","modified_gmt":"2026-01-09T09:22:46","slug":"kari-vezetok","status":"publish","type":"page","link":"https:\/\/semmelweis.hu\/gytk\/a-karrol\/kari-vezetok\/","title":{"rendered":"Kari vezet\u0151k"},"content":{"rendered":"<p><strong><a href=\"https:\/\/semmelweis.hu\/gytk\/files\/2020\/10\/AI_2020_2.jpg\"><img loading=\"lazy\" decoding=\"async\" class=\"alignright size-medium wp-image-10336\" src=\"https:\/\/semmelweis.hu\/gytk\/files\/2020\/10\/AI_2020_2-223x300.jpg\" alt=\"\" width=\"223\" height=\"300\" srcset=\"https:\/\/semmelweis.hu\/gytk\/files\/2020\/10\/AI_2020_2-223x300.jpg 223w, https:\/\/semmelweis.hu\/gytk\/files\/2020\/10\/AI_2020_2.jpg 575w\" sizes=\"auto, (max-width: 223px) 100vw, 223px\" \/><\/a>D\u00c9K\u00c1N \u2013 Gy\u00f3gyszer\u00e9sztudom\u00e1nyi Kar<\/strong><\/p>\n<p><a href=\"https:\/\/semmelweis.hu\/gytk\/a-karrol\/kari-vezetok\/dr-antal-istvan\/\"><strong>Dr. Antal Istv\u00e1n<\/strong><\/a><br \/>\negyetemi tan\u00e1r<\/p>\n<p><i>1085 Budapest \u00dcll\u0151i \u00fat 26. fszt. 16.<\/i><\/p>\n<p>Telefon: 217-0914<br \/>\nE-mail:\u00a0<span style=\"color: #000080\">gytkdhivatal@semmelweis.hu<\/span><\/p>\n<p>&nbsp;<\/p>\n<hr \/>\n<p><strong>D\u00c9K\u00c1NHELYETTES \u2013\u00a0Gy\u00f3gyszer\u00e9sztudom\u00e1nyi Kar<\/strong><\/p>\n<p><a href=\"https:\/\/semmelweis.hu\/gytk\/a-karrol\/kari-vezetok\/dr-ludanyi-krisztina\/\" target=\"_blank\" rel=\"noopener\"><strong>Dr. Lud\u00e1nyi Krisztina<\/strong><\/a><i><img loading=\"lazy\" decoding=\"async\" class=\"alignright  wp-image-14051\" src=\"https:\/\/semmelweis.hu\/gytk\/files\/2023\/05\/tablofoto-280x400.jpg\" alt=\"\" width=\"215\" height=\"307\" srcset=\"https:\/\/semmelweis.hu\/gytk\/files\/2023\/05\/tablofoto-280x400.jpg 280w, https:\/\/semmelweis.hu\/gytk\/files\/2023\/05\/tablofoto-717x1024.jpg 717w, https:\/\/semmelweis.hu\/gytk\/files\/2023\/05\/tablofoto-768x1097.jpg 768w, https:\/\/semmelweis.hu\/gytk\/files\/2023\/05\/tablofoto-1075x1536.jpg 1075w, https:\/\/semmelweis.hu\/gytk\/files\/2023\/05\/tablofoto-1434x2048.jpg 1434w, https:\/\/semmelweis.hu\/gytk\/files\/2023\/05\/tablofoto-753x1076.jpg 753w, https:\/\/semmelweis.hu\/gytk\/files\/2023\/05\/tablofoto.jpg 1479w\" sizes=\"auto, (max-width: 215px) 100vw, 215px\" \/><br \/>\n<\/i>egyetemi docens<\/p>\n<p><i>1085 Budapest \u00dcll\u0151i \u00fat 26. fszt. 16.<\/i><\/p>\n<p>Telefon: 217-0914<br \/>\ne-mail: <a href=\"mailto:ludanyi.krisztina@semmelweis.hu\">ludanyi.krisztina@semmelweis.hu<\/a><\/p>\n<hr \/>\n<p><strong><img loading=\"lazy\" decoding=\"async\" class=\"alignright wp-image-18118\" src=\"https:\/\/semmelweis.hu\/gytk\/files\/2026\/01\/TabiTamas2023-323x400.png\" alt=\"\" width=\"215\" height=\"267\" \/>D\u00c9K\u00c1NHELYETTES \u2013\u00a0Gy\u00f3gyszer\u00e9sztudom\u00e1nyi Kar<\/strong><\/p>\n<p><strong><a href=\"https:\/\/semmelweis.hu\/gytk\/a-karrol\/kari-vezetok\/dr-tabi-tamas\/\" target=\"_blank\" rel=\"noopener noreferrer\">Dr. T\u00e1bi Tam\u00e1s<\/a><\/strong><br \/>\negyetemi tan\u00e1r<\/p>\n<p><i>1085 Budapest \u00dcll\u0151i \u00fat 26. fszt. 16.<\/i><\/p>\n<p>Telefon: 210-4411<br \/>\ne-mail: <span style=\"color: #3366ff\">tabi.tamas@semmelweis.hu<\/span><\/p>\n","protected":false},"excerpt":{"rendered":"<p><a href=\"https:\/\/semmelweis.hu\/gytk\/files\/2020\/10\/AI_2020_2.jpg\"><\/a>D\u00c9K\u00c1N \u2013 Gy\u00f3gyszer\u00e9sztudom\u00e1nyi Kar<br \/>\n<a href=\"https:\/\/semmelweis.hu\/gytk\/a-karrol\/kari-vezetok\/dr-antal-istvan\/\">Dr. Antal Istv\u00e1n<\/a><br \/>\negyetemi tan\u00e1r<br \/>\n1085 Budapest \u00dcll\u0151i \u00fat 26. fszt. 16.<br \/>\nTelefon: 217-0914<br \/>\nE-mail:\u00a0gytkdhivatal@semmelweis.hu<br \/>\n&nbsp;<\/p>\n<p>D\u00c9K\u00c1NHELYETTES \u2013\u00a0Gy\u00f3gyszer\u00e9sztudom\u00e1nyi Kar<br \/>\n<a href=\"https:\/\/semmelweis.hu\/gytk\/a-karrol\/kari-vezetok\/dr-ludanyi-krisztina\/\" target=\"_blank\" rel=\"noopener\">Dr. Lud\u00e1nyi Krisztina<\/a><br \/>\negyetemi docens<br \/>\n1085 Budapest \u00dcll\u0151i \u00fat 26. fszt. 16.<br \/>\nTelefon: 217-0914<br \/>\ne-mail: <a href=\"mailto:ludanyi.krisztina@semmelweis.hu\">ludanyi.krisztina@semmelweis.hu<\/a><\/p>\n<p>D\u00c9K\u00c1NHELYETTES \u2013\u00a0Gy\u00f3gyszer\u00e9sztudom\u00e1nyi Kar<br \/>\n<a href=\"https:\/\/semmelweis.hu\/gytk\/a-karrol\/kari-vezetok\/dr-tabi-tamas\/\" target=\"_blank\" rel=\"noopener noreferrer\">Dr. T\u00e1bi Tam\u00e1s<\/a><br \/>\negyetemi tan\u00e1r<br \/>\n1085 Budapest \u00dcll\u0151i \u00fat 26. fszt. 16.<br \/>\nTelefon: 210-4411<br \/>\ne-mail: tabi.tamas@semmelweis.hu<\/p>\n","protected":false},"author":8,"featured_media":0,"parent":21,"menu_order":4,"comment_status":"closed","ping_status":"closed","template":"","meta":{"_acf_changed":false,"footnotes":""},"categories":[],"tags":[],"class_list":["post-6","page","type-page","status-publish","hentry"],"acf":[],"_links":{"self":[{"href":"https:\/\/semmelweis.hu\/gytk\/wp-json\/wp\/v2\/pages\/6","targetHints":{"allow":["GET"]}}],"collection":[{"href":"https:\/\/semmelweis.hu\/gytk\/wp-json\/wp\/v2\/pages"}],"about":[{"href":"https:\/\/semmelweis.hu\/gytk\/wp-json\/wp\/v2\/types\/page"}],"author":[{"embeddable":true,"href":"https:\/\/semmelweis.hu\/gytk\/wp-json\/wp\/v2\/users\/8"}],"replies":[{"embeddable":true,"href":"https:\/\/semmelweis.hu\/gytk\/wp-json\/wp\/v2\/comments?post=6"}],"version-history":[{"count":12,"href":"https:\/\/semmelweis.hu\/gytk\/wp-json\/wp\/v2\/pages\/6\/revisions"}],"predecessor-version":[{"id":18143,"href":"https:\/\/semmelweis.hu\/gytk\/wp-json\/wp\/v2\/pages\/6\/revisions\/18143"}],"up":[{"embeddable":true,"href":"https:\/\/semmelweis.hu\/gytk\/wp-json\/wp\/v2\/pages\/21"}],"wp:attachment":[{"href":"https:\/\/semmelweis.hu\/gytk\/wp-json\/wp\/v2\/media?parent=6"}],"wp:term":[{"taxonomy":"category","embeddable":true,"href":"https:\/\/semmelweis.hu\/gytk\/wp-json\/wp\/v2\/categories?post=6"},{"taxonomy":"post_tag","embeddable":true,"href":"https:\/\/semmelweis.hu\/gytk\/wp-json\/wp\/v2\/tags?post=6"}],"curies":[{"name":"wp","href":"https:\/\/api.w.org\/{rel}","templated":true}]}}