{"id":5640,"date":"2018-07-18T12:15:05","date_gmt":"2018-07-18T10:15:05","guid":{"rendered":"http:\/\/semmelweis.hu\/gytk\/?page_id=5640"},"modified":"2023-10-05T13:31:27","modified_gmt":"2023-10-05T11:31:27","slug":"adatvedelmi-tajekoztato","status":"publish","type":"page","link":"https:\/\/semmelweis.hu\/gytk\/oktatas\/adatvedelmi-tajekoztato\/","title":{"rendered":"Adatv\u00e9delmi t\u00e1j\u00e9koztat\u00f3"},"content":{"rendered":"<h1><strong>SPECI\u00c1LIS ADATV\u00c9DELMI T\u00c1J\u00c9KOZTAT\u00d3<\/strong><\/h1>\n<h4><strong>HALLGAT\u00d3K R\u00c9SZ\u00c9RE<\/strong><\/h4>\n<p><strong>\u00a0<\/strong>A Semmelweis Egyetem az \u00c1ltal\u00e1nos adatkezel\u00e9si t\u00e1j\u00e9koztat\u00f3ban foglaltakon t\u00fal hallgat\u00f3it a Nemzeti Fels\u0151oktat\u00e1sr\u00f3l sz\u00f3l\u00f3 2011. \u00e9vi CCIV. t\u00f6rv\u00e9nyben (tov\u00e1bbiakban Nftv.) meghat\u00e1rozottak szerinti adatkezel\u00e9sekr\u0151l, adatok meg\u0151rz\u00e9s\u00e9nek idej\u00e9r\u0151l \u00e9s tov\u00e1bb\u00edt\u00e1s szab\u00e1lyair\u00f3l t\u00e1j\u00e9koztatja:<\/p>\n<h6><em>I. Az Nftv. 3. mell\u00e9klet I.\/B. pontja alapj\u00e1n a Semmelweis Egyetem al\u00e1bbi adatokat tartja nyilv\u00e1n<\/em><\/h6>\n<p>a)\u00a0felv\u00e9tellel \u00f6sszef\u00fcgg\u0151 adatok:<\/p>\n<p style=\"padding-left: 30px\">aa)a jelentkez\u0151 csal\u00e1di \u00e9s ut\u00f3neve, neme, sz\u00fclet\u00e9si csal\u00e1di \u00e9s ut\u00f3neve, anyja sz\u00fclet\u00e9si csal\u00e1di \u00e9s ut\u00f3neve, sz\u00fclet\u00e9si helye \u00e9s ideje, \u00e1llampolg\u00e1rs\u00e1ga, lak\u00f3helye, tart\u00f3zkod\u00e1si helye, \u00e9rtes\u00edt\u00e9si c\u00edme \u00e9s telefonsz\u00e1ma, nem magyar \u00e1llampolg\u00e1r eset\u00e9n a Magyarorsz\u00e1g ter\u00fclet\u00e9n val\u00f3 tart\u00f3zkod\u00e1s jogc\u00edme \u00e9s a tart\u00f3zkod\u00e1sra jogos\u00edt\u00f3 okirat &#8211; k\u00fcl\u00f6n t\u00f6rv\u00e9ny szerint a szabad mozg\u00e1s \u00e9s tart\u00f3zkod\u00e1s jog\u00e1val rendelkez\u0151 szem\u00e9lyek eset\u00e9n a tart\u00f3zkod\u00e1si jogot igazol\u00f3 okm\u00e1ny &#8211; megnevez\u00e9se, sz\u00e1ma,<\/p>\n<p style=\"padding-left: 30px\">ab)\u00a0az \u00e9retts\u00e9gi vizsga adatai,<\/p>\n<p style=\"padding-left: 30px\">ac)\u00a0a k\u00f6z\u00e9piskola adatai,<\/p>\n<p style=\"padding-left: 30px\">ad)\u00a0a felv\u00e9teli k\u00e9relem elb\u00edr\u00e1l\u00e1s\u00e1hoz sz\u00fcks\u00e9ges adatok,<\/p>\n<p style=\"padding-left: 30px\">ae) a felv\u00e9teli elj\u00e1r\u00e1s adatai, a felv\u00e9teli azonos\u00edt\u00f3,<\/p>\n<p style=\"padding-left: 30px\">af)\u00a0a hallgat\u00f3 \u00e1ltal tett nyilatkozat azonos\u00edt\u00f3 sz\u00e1ma, az \u00e1llami (r\u00e9sz)\u00f6szt\u00f6nd\u00edjjal t\u00e1mogatott k\u00e9pz\u00e9s felt\u00e9teleinek v\u00e1llal\u00e1sa t\u00e1rgy\u00e1ban (Nftv. 48\/D. \u00a7<\/p>\n<p>b)\u00a0a hallgat\u00f3i jogviszonnyal \u00f6sszef\u00fcgg\u0151 adatok:<\/p>\n<p style=\"padding-left: 30px\">ba)\u00a0a hallgat\u00f3 neve, neme, sz\u00fclet\u00e9si neve, anyja neve, sz\u00fclet\u00e9si helye \u00e9s ideje, \u00e1llampolg\u00e1rs\u00e1ga, lak\u00f3helye, tart\u00f3zkod\u00e1si helye, \u00e9rtes\u00edt\u00e9si c\u00edme \u00e9s telefonsz\u00e1ma, elektronikus lev\u00e9lc\u00edme, nem magyar \u00e1llampolg\u00e1r eset\u00e9n a Magyarorsz\u00e1g ter\u00fclet\u00e9n val\u00f3 tart\u00f3zkod\u00e1s jogc\u00edme \u00e9s a tart\u00f3zkod\u00e1sra jogos\u00edt\u00f3 okirat &#8211; k\u00fcl\u00f6n t\u00f6rv\u00e9ny szerint a szabad mozg\u00e1s \u00e9s tart\u00f3zkod\u00e1s jog\u00e1val rendelkez\u0151 szem\u00e9lyek eset\u00e9n a tart\u00f3zkod\u00e1si jogot igazol\u00f3 okm\u00e1ny &#8211; megnevez\u00e9se, sz\u00e1ma,<\/p>\n<p style=\"padding-left: 30px\">bb) a hallgat\u00f3i (vend\u00e9ghallgat\u00f3i) jogviszony t\u00edpusa, keletkez\u00e9s\u00e9nek \u00e9s megsz\u0171n\u00e9s\u00e9nek id\u0151pontja \u00e9s m\u00f3dja, a hallgat\u00f3 \u00e1ltal folytatott k\u00e9pz\u00e9s megnevez\u00e9se, \u00e1llami t\u00e1mogatotts\u00e1ga \u00e9s munkarendje, a k\u00e9pz\u00e9s befejez\u00e9s\u00e9nek v\u00e1rhat\u00f3 id\u0151pontja, a hallgat\u00f3 tanulm\u00e1nyainak \u00e9rt\u00e9kel\u00e9se, vizsgaadatok, megkezdett f\u00e9l\u00e9vek, ig\u00e9nybe vett t\u00e1mogat\u00e1si id\u0151, a hallgat\u00f3i jogviszony sz\u00fcnetel\u00e9s\u00e9nek ideje,<\/p>\n<p style=\"padding-left: 30px\">bc)\u00a0a k\u00fclf\u00f6ldi fels\u0151oktat\u00e1si r\u00e9sztanulm\u00e1nyok helye, ideje,<\/p>\n<p style=\"padding-left: 30px\">bd)\u00a0a k\u00e9pz\u00e9s sor\u00e1n megszerzett \u00e9s elismert kreditek, besz\u00e1m\u00edtott tanulm\u00e1nyok,<\/p>\n<p style=\"padding-left: 30px\">be)\u00a0a hallgat\u00f3i juttat\u00e1sok adatai, a juttat\u00e1sokra val\u00f3 jogosults\u00e1g elb\u00edr\u00e1l\u00e1s\u00e1hoz sz\u00fcks\u00e9ges adatok (szoci\u00e1lis helyzet, sz\u00fcl\u0151k adatai, tart\u00e1sra vonatkoz\u00f3 adatok),<\/p>\n<p style=\"padding-left: 30px\">bf)\u00a0a hallgat\u00f3i munkav\u00e9gz\u00e9s adatai,<\/p>\n<p style=\"padding-left: 30px\">bg)\u00a0a hallgat\u00f3i fegyelmi \u00e9s k\u00e1rt\u00e9r\u00edt\u00e9si \u00fcgyekkel kapcsolatos adatok,<\/p>\n<p style=\"padding-left: 30px\">bh)\u00a0a fogyat\u00e9koss\u00e1ggal \u00e9l\u0151ket megillet\u0151 k\u00fcl\u00f6nleges b\u00e1n\u00e1sm\u00f3d elb\u00edr\u00e1l\u00e1s\u00e1hoz sz\u00fcks\u00e9ges adatok,<\/p>\n<p style=\"padding-left: 30px\">bi)\u00a0a hallgat\u00f3i balesetre vonatkoz\u00f3 adatok,<\/p>\n<p style=\"padding-left: 30px\">bj)\u00a0a hallgat\u00f3 di\u00e1kigazolv\u00e1ny\u00e1nak sorsz\u00e1ma, a t\u00f6rzslap azonos\u00edt\u00f3 sz\u00e1ma,<\/p>\n<p style=\"padding-left: 30px\">bk)\u00a0a hallgat\u00f3 azonos\u00edt\u00f3 sz\u00e1ma, t\u00e1rsadalombiztos\u00edt\u00e1si azonos\u00edt\u00f3 jele,<\/p>\n<p style=\"padding-left: 30px\">bl)\u00a0a szakmai gyakorlat teljes\u00edt\u00e9s\u00e9re, az abszolut\u00f3riumra, a z\u00e1r\u00f3vizsg\u00e1ra (doktori v\u00e9d\u00e9sre), a nyelvvizsg\u00e1ra, valamint az oklev\u00e9lre, oklev\u00e9lmell\u00e9kletre vonatkoz\u00f3 adatok,<\/p>\n<p style=\"padding-left: 30px\">bm)\u00a0a hallgat\u00f3i jogviszonyb\u00f3l ad\u00f3d\u00f3 jogok \u00e9s k\u00f6telezetts\u00e9gek teljes\u00edt\u00e9s\u00e9hez sz\u00fcks\u00e9ges adatok;<\/p>\n<p><em>c)\u00a0<\/em>a hallgat\u00f3i p\u00e1lyak\u00f6vet\u00e9ssel kapcsolatos adatok;<\/p>\n<p><em>d)\u00a0<\/em>a hallgat\u00f3 ad\u00f3azonos\u00edt\u00f3 jele;<\/p>\n<p><em>e)\u00a0<\/em>az adatokat igazol\u00f3 okiratok azonos\u00edt\u00e1s\u00e1ra szolg\u00e1l\u00f3 adatok;<\/p>\n<p><em>f)<\/em> a hallgat\u00f3 \u00e1ltal fizetett d\u00edjak \u00e9s t\u00e9r\u00edt\u00e9sek &#8211; a k\u00f6telezetts\u00e9ghez kapcsol\u00f3d\u00f3 r\u00e9szletfizet\u00e9si kedvezm\u00e9ny, halaszt\u00e1s, mentess\u00e9g &#8211; adatai;<\/p>\n<p><em>g)<\/em> hallgat\u00f3i t\u00e1mogat\u00e1sban gyermekgondoz\u00e1st seg\u00edt\u0151 ell\u00e1t\u00e1sban, gyermekgondoz\u00e1si d\u00edjban, rendszeres gyermekv\u00e9delmi t\u00e1mogat\u00e1sban, lakhat\u00e1si t\u00e1mogat\u00e1sban r\u00e9szes\u00fcl\u00e9s eset\u00e9n e t\u00e1mogat\u00e1sok adatai;<\/p>\n<p><em>h)<\/em> a hallgat\u00f3 tanulm\u00e1nyai t\u00e1mogat\u00e1sa \u00e9rdek\u00e9ben, a hallgat\u00f3 jogviszony\u00e1ra tekintettel foly\u00f3s\u00edtott \u00f6szt\u00f6nd\u00edj adatai;<\/p>\n<p><em>i)<\/em> a hallgat\u00f3i kompetenciam\u00e9r\u00e9sre, annak eredm\u00e9ny\u00e9re vonatkoz\u00f3 adatok.<\/p>\n<h6><em>II. Az adatkezel\u00e9s id\u0151tartama ezeknek az adatoknak az eset\u00e9ben a hallgat\u00f3i jogviszony megsz\u0171n\u00e9s\u00e9re vonatkoz\u00f3 bejelent\u00e9st\u0151l sz\u00e1m\u00edtott nyolcvan \u00e9v.<\/em><\/h6>\n<h6><em>III. A Semmelweis Egyetem az al\u00e1bbi szerveknek tov\u00e1bb\u00edthatja\u00a0a hallgat\u00f3k adatait:<\/em><\/h6>\n<p style=\"padding-left: 30px\">a) a fenntart\u00f3nak valamennyi adat, a fenntart\u00f3i ir\u00e1ny\u00edt\u00e1ssal \u00f6sszef\u00fcgg\u0151 feladatok ell\u00e1t\u00e1s\u00e1hoz;<\/p>\n<p style=\"padding-left: 30px\">b) a b\u00edr\u00f3s\u00e1gnak, a rend\u0151rs\u00e9gnek, az \u00fcgy\u00e9szs\u00e9gnek, a b\u00edr\u00f3s\u00e1gi v\u00e9grehajt\u00f3nak, az \u00e1llamigazgat\u00e1si szervnek a konkr\u00e9t \u00fcgy eld\u00f6nt\u00e9s\u00e9hez sz\u00fcks\u00e9ges adat;<\/p>\n<p style=\"padding-left: 30px\">c) a nemzetbiztons\u00e1gi szolg\u00e1latnak az Nbtv.-ben meghat\u00e1rozott feladatok ell\u00e1t\u00e1s\u00e1hoz sz\u00fcks\u00e9ges valamennyi adat;<\/p>\n<p style=\"padding-left: 30px\">d) a fels\u0151oktat\u00e1si inform\u00e1ci\u00f3s rendszer m\u0171k\u00f6d\u00e9s\u00e9\u00e9rt felel\u0151s szerv r\u00e9sz\u00e9re valamennyi adat;<\/p>\n<p style=\"padding-left: 30px\">e) a Di\u00e1khitel K\u00f6zpontnak a hallgat\u00f3i hitelt ig\u00e9nyelt szem\u00e9lyekhez kapcsol\u00f3d\u00f3an az Nftv. 3. mell\u00e9klet 4. pont ea)-ee) felsorolt elemeit;<\/p>\n<p style=\"padding-left: 30px\"><em>f)\u00a0<\/em>a magyar \u00e1llami \u00f6szt\u00f6nd\u00edj felt\u00e9telei teljes\u00edt\u00e9s\u00e9nek nyilv\u00e1ntart\u00e1s\u00e1\u00e9rt felel\u0151s szervnek a k\u00e9pz\u00e9sre \u00e9s a hallgat\u00f3i jogviszonyra vonatkoz\u00f3an.<\/p>\n<h6><em>IV. A Bursa Hungarica Fels\u0151oktat\u00e1si \u00d6nkorm\u00e1nyzati \u00d6szt\u00f6nd\u00edjrendszer \u00e9s A magyar \u00e1llami \u00f6szt\u00f6nd\u00edj eset\u00e9ben a nyilv\u00e1ntartott adatok k\u00f6re elt\u00e9rhet, az Nftv. 4. \u00e9s 5. mell\u00e9klete tartalmazza a nyilv\u00e1ntartott szem\u00e9lyes \u00e9s k\u00fcl\u00f6nleges adatokat.<\/em><\/h6>\n","protected":false},"excerpt":{"rendered":"<p>SPECI\u00c1LIS ADATV\u00c9DELMI T\u00c1J\u00c9KOZTAT\u00d3 HALLGAT\u00d3K R\u00c9SZ\u00c9RE \u00a0A Semmelweis Egyetem az \u00c1ltal\u00e1nos adatkezel\u00e9si t\u00e1j\u00e9koztat\u00f3ban foglaltakon t\u00fal hallgat\u00f3it a Nemzeti Fels\u0151oktat\u00e1sr\u00f3l sz\u00f3l\u00f3 2011. \u00e9vi CCIV. t\u00f6rv\u00e9nyben (tov\u00e1bbiakban Nftv.) meghat\u00e1rozottak szerinti adatkezel\u00e9sekr\u0151l, adatok meg\u0151rz\u00e9s\u00e9nek idej\u00e9r\u0151l \u00e9s tov\u00e1bb\u00edt\u00e1s szab\u00e1lyair\u00f3l t\u00e1j\u00e9koztatja: I. Az Nftv. 3. mell\u00e9klet I.\/B. pontja alapj\u00e1n a Semmelweis Egyetem al\u00e1bbi adatokat tartja nyilv\u00e1n a)\u00a0felv\u00e9tellel \u00f6sszef\u00fcgg\u0151 adatok: aa)a jelentkez\u0151 &hellip;<\/p>\n","protected":false},"author":101025,"featured_media":0,"parent":2088,"menu_order":7,"comment_status":"closed","ping_status":"closed","template":"","meta":{"_acf_changed":false,"footnotes":""},"categories":[],"tags":[],"class_list":["post-5640","page","type-page","status-publish","hentry"],"acf":[],"_links":{"self":[{"href":"https:\/\/semmelweis.hu\/gytk\/wp-json\/wp\/v2\/pages\/5640","targetHints":{"allow":["GET"]}}],"collection":[{"href":"https:\/\/semmelweis.hu\/gytk\/wp-json\/wp\/v2\/pages"}],"about":[{"href":"https:\/\/semmelweis.hu\/gytk\/wp-json\/wp\/v2\/types\/page"}],"author":[{"embeddable":true,"href":"https:\/\/semmelweis.hu\/gytk\/wp-json\/wp\/v2\/users\/101025"}],"replies":[{"embeddable":true,"href":"https:\/\/semmelweis.hu\/gytk\/wp-json\/wp\/v2\/comments?post=5640"}],"version-history":[{"count":4,"href":"https:\/\/semmelweis.hu\/gytk\/wp-json\/wp\/v2\/pages\/5640\/revisions"}],"predecessor-version":[{"id":14603,"href":"https:\/\/semmelweis.hu\/gytk\/wp-json\/wp\/v2\/pages\/5640\/revisions\/14603"}],"up":[{"embeddable":true,"href":"https:\/\/semmelweis.hu\/gytk\/wp-json\/wp\/v2\/pages\/2088"}],"wp:attachment":[{"href":"https:\/\/semmelweis.hu\/gytk\/wp-json\/wp\/v2\/media?parent=5640"}],"wp:term":[{"taxonomy":"category","embeddable":true,"href":"https:\/\/semmelweis.hu\/gytk\/wp-json\/wp\/v2\/categories?post=5640"},{"taxonomy":"post_tag","embeddable":true,"href":"https:\/\/semmelweis.hu\/gytk\/wp-json\/wp\/v2\/tags?post=5640"}],"curies":[{"name":"wp","href":"https:\/\/api.w.org\/{rel}","templated":true}]}}