{"id":5613,"date":"2018-07-03T13:58:28","date_gmt":"2018-07-03T11:58:28","guid":{"rendered":"http:\/\/semmelweis.hu\/gytk\/?page_id=5613"},"modified":"2021-05-21T15:58:58","modified_gmt":"2021-05-21T13:58:58","slug":"2018-junius-elektronikus-szavazas","status":"publish","type":"page","link":"https:\/\/semmelweis.hu\/gytk\/a-karrol\/kari-tanacs\/kari-tanacs-eloterjesztesek\/2018-junius-elektronikus-szavazas\/","title":{"rendered":"2018. j\u00fanius 18. &#8211; elektronikus szavaz\u00e1s"},"content":{"rendered":"<p style=\"text-align: center\"><strong>Kari Tan\u00e1cs elektronikus szavaz\u00e1s 2018. j\u00fanius 18.<\/strong><\/p>\n<p><strong>1. napirendi pont:<br \/>\n<\/strong><strong> Gy\u00f3gyszergy\u00e1rt\u00e1s \u00e9s &#8211; nagykereskedelem min\u0151s\u00e9gbiztos\u00edt\u00e1sa szakir\u00e1ny\u00fa tov\u00e1bbk\u00e9pz\u00e9si<\/strong> <strong>szak ind\u00edt\u00e1sa<\/strong><\/p>\n<ul>\n<li><a href=\"https:\/\/semmelweis.hu\/gytk\/files\/2018\/10\/El\u0151terjeszt\u00e9s-1.-napirendipont.pdf\" target=\"_blank\" rel=\"noopener noreferrer\">KT el\u0151terjeszt\u00e9s szakir\u00e1ny\u00fa tov\u00e1bbk\u00e9pz\u00e9si szak ind\u00edt\u00e1s<\/a><\/li>\n<li><a href=\"https:\/\/semmelweis.hu\/gytk\/files\/2018\/06\/Egy\u00fcttm\u0171k\u00f6d\u00e9si-meg\u00e1llapod\u00e1s-BME_SE_OGY\u00c9I_MAGYOSZ.pdf\" target=\"_blank\" rel=\"noopener noreferrer\">Egy\u00fcttm\u0171k\u00f6d\u00e9si meg\u00e1llapod\u00e1s BME_SE_OGY\u00c9I_MAGYOSZ<\/a><\/li>\n<li><a href=\"https:\/\/semmelweis.hu\/gytk\/files\/2018\/06\/K\u00e9pz\u00e9si-kimeneti-k\u00f6vetelm\u00e9nyek-20170825_1.pdf\" target=\"_blank\" rel=\"noopener noreferrer\">K\u00e9pz\u00e9si kimeneti k\u00f6vetelm\u00e9nyek 20170825_1<\/a><\/li>\n<li><a href=\"https:\/\/semmelweis.hu\/gytk\/files\/2018\/06\/Tant\u00e1rgyi-adatlapok.zip\" target=\"_blank\" rel=\"noopener noreferrer\">Tant\u00e1rgyi adatlapok<\/a><\/li>\n<li><a href=\"https:\/\/semmelweis.hu\/gytk\/files\/2018\/06\/Tantervi-h\u00e1l\u00f3.pdf\" target=\"_blank\" rel=\"noopener noreferrer\">Tantervi h\u00e1l\u00f3<\/a><\/li>\n<\/ul>\n<p><strong>2. napirendi pont:<\/strong> <br \/>\n<strong>Elektronikus index bevezet\u00e9se<\/strong><\/p>\n<ul>\n<li><a href=\"https:\/\/semmelweis.hu\/gytk\/files\/2018\/06\/KT_El\u0151terjeszt\u00e9s_leckek\u00f6nyv_megsz\u00fcntet\u00e9se.pdf\" target=\"_blank\" rel=\"noopener noreferrer\">El\u0151terjeszt\u00e9s leckek\u00f6nyv megsz\u00fcntet\u00e9s\u00e9r\u0151l<\/a><\/li>\n<\/ul>\n<p><strong>3. napirendi pont: <br \/>\n\u00daj szabadon v\u00e1laszthat\u00f3 tant\u00e1rgyak bevezet\u00e9se<\/strong><\/p>\n<ul>\n<li><a href=\"https:\/\/semmelweis.hu\/gytk\/files\/2018\/06\/3napirendi-pont_-1_sz_-mell\u00e9klet_KT_el\u0151terjeszt\u00e9s.pdf\" target=\"_blank\" rel=\"noopener noreferrer\">3napirendi pont_ 1_sz_ mell\u00e9klet_KT_el\u0151terjeszt\u00e9s<\/a><\/li>\n<li><a href=\"https:\/\/semmelweis.hu\/gytk\/files\/2018\/06\/3napirendi_pont_2_sz_mell\u00e9klet-m\u00f3dos\u00edtott.pdf\">3napirendi_pont_2_sz_mell\u00e9klet<\/a><\/li>\n<li><a href=\"https:\/\/semmelweis.hu\/gytk\/files\/2018\/06\/3napirendi_pont_3_sz_melll\u00e9klet.pdf\" target=\"_blank\" rel=\"noopener noreferrer\">3napirendi_pont_3_sz_melll\u00e9klet<\/a><\/li>\n<li><a href=\"https:\/\/semmelweis.hu\/gytk\/files\/2018\/06\/3napirendi_pont_4_sz_mell\u00e9klet-m\u00f3dos\u00edtott.pdf\">3napirendi_pont_4_sz_mell\u00e9klet<\/a><\/li>\n<li><a href=\"https:\/\/semmelweis.hu\/gytk\/files\/2018\/06\/3napirendi_pont_5_sz_mell\u00e9klet.pdf\" target=\"_blank\" rel=\"noopener noreferrer\">3napirendi_pont_5_sz_mell\u00e9klet<\/a><\/li>\n<\/ul>\n","protected":false},"excerpt":{"rendered":"<p>Kari Tan\u00e1cs elektronikus szavaz\u00e1s 2018. j\u00fanius 18.<br \/>\n1. napirendi pont:<br \/>\n Gy\u00f3gyszergy\u00e1rt\u00e1s \u00e9s &#8211; nagykereskedelem min\u0151s\u00e9gbiztos\u00edt\u00e1sa szakir\u00e1ny\u00fa tov\u00e1bbk\u00e9pz\u00e9si szak ind\u00edt\u00e1sa<\/p>\n<p><a href=\"https:\/\/semmelweis.hu\/gytk\/files\/2018\/10\/El\u0151terjeszt\u00e9s-1.-napirendipont.pdf\" target=\"_blank\" rel=\"noopener noreferrer\">KT el\u0151terjeszt\u00e9s szakir\u00e1ny\u00fa tov\u00e1bbk\u00e9pz\u00e9si szak ind\u00edt\u00e1s<\/a><br \/>\n<a href=\"https:\/\/semmelweis.hu\/gytk\/files\/2018\/06\/Egy\u00fcttm\u0171k\u00f6d\u00e9si-meg\u00e1llapod\u00e1s-BME_SE_OGY\u00c9I_MAGYOSZ.pdf\" target=\"_blank\" rel=\"noopener noreferrer\">Egy\u00fcttm\u0171k\u00f6d\u00e9si meg\u00e1llapod\u00e1s BME_SE_OGY\u00c9I_MAGYOSZ<\/a><br \/>\n<a href=\"https:\/\/semmelweis.hu\/gytk\/files\/2018\/06\/K\u00e9pz\u00e9si-kimeneti-k\u00f6vetelm\u00e9nyek-20170825_1.pdf\" target=\"_blank\" rel=\"noopener noreferrer\">K\u00e9pz\u00e9si kimeneti k\u00f6vetelm\u00e9nyek 20170825_1<\/a><br \/>\n<a href=\"https:\/\/semmelweis.hu\/gytk\/files\/2018\/06\/Tant\u00e1rgyi-adatlapok.zip\" target=\"_blank\" rel=\"noopener noreferrer\">Tant\u00e1rgyi adatlapok<\/a><br \/>\n<a href=\"https:\/\/semmelweis.hu\/gytk\/files\/2018\/06\/Tantervi-h\u00e1l\u00f3.pdf\" target=\"_blank\" rel=\"noopener noreferrer\">Tantervi h\u00e1l\u00f3<\/a><\/p>\n<p>2. napirendi pont:<br \/>\nElektronikus index bevezet\u00e9se<\/p>\n<p><a href=\"https:\/\/semmelweis.hu\/gytk\/files\/2018\/06\/KT_El\u0151terjeszt\u00e9s_leckek\u00f6nyv_megsz\u00fcntet\u00e9se.pdf\" target=\"_blank\" rel=\"noopener noreferrer\">El\u0151terjeszt\u00e9s leckek\u00f6nyv megsz\u00fcntet\u00e9s\u00e9r\u0151l<\/a><\/p>\n<p>3. napirendi pont:<br \/>\n\u00daj szabadon v\u00e1laszthat\u00f3 tant\u00e1rgyak bevezet\u00e9se<\/p>\n<p><a href=\"https:\/\/semmelweis.hu\/gytk\/files\/2018\/06\/3napirendi-pont_-1_sz_-mell\u00e9klet_KT_el\u0151terjeszt\u00e9s.pdf\" target=\"_blank\" rel=\"noopener noreferrer\">3napirendi pont_ 1_sz_ mell\u00e9klet_KT_el\u0151terjeszt\u00e9s<\/a><br \/>\n<a href=\"https:\/\/semmelweis.hu\/gytk\/files\/2018\/06\/3napirendi_pont_2_sz_mell\u00e9klet-m\u00f3dos\u00edtott.pdf\">3napirendi_pont_2_sz_mell\u00e9klet<\/a><br \/>\n<a href=\"https:\/\/semmelweis.hu\/gytk\/files\/2018\/06\/3napirendi_pont_3_sz_melll\u00e9klet.pdf\" target=\"_blank\" rel=\"noopener noreferrer\">3napirendi_pont_3_sz_melll\u00e9klet<\/a><br \/>\n<a href=\"https:\/\/semmelweis.hu\/gytk\/files\/2018\/06\/3napirendi_pont_4_sz_mell\u00e9klet-m\u00f3dos\u00edtott.pdf\">3napirendi_pont_4_sz_mell\u00e9klet<\/a><br \/>\n<a href=\"https:\/\/semmelweis.hu\/gytk\/files\/2018\/06\/3napirendi_pont_5_sz_mell\u00e9klet.pdf\" target=\"_blank\" rel=\"noopener noreferrer\">3napirendi_pont_5_sz_mell\u00e9klet<\/a><\/p>\n","protected":false},"author":101025,"featured_media":0,"parent":5323,"menu_order":2,"comment_status":"closed","ping_status":"closed","template":"","meta":{"_acf_changed":false,"footnotes":""},"categories":[],"tags":[],"class_list":["post-5613","page","type-page","status-publish","hentry"],"acf":[],"_links":{"self":[{"href":"https:\/\/semmelweis.hu\/gytk\/wp-json\/wp\/v2\/pages\/5613","targetHints":{"allow":["GET"]}}],"collection":[{"href":"https:\/\/semmelweis.hu\/gytk\/wp-json\/wp\/v2\/pages"}],"about":[{"href":"https:\/\/semmelweis.hu\/gytk\/wp-json\/wp\/v2\/types\/page"}],"author":[{"embeddable":true,"href":"https:\/\/semmelweis.hu\/gytk\/wp-json\/wp\/v2\/users\/101025"}],"replies":[{"embeddable":true,"href":"https:\/\/semmelweis.hu\/gytk\/wp-json\/wp\/v2\/comments?post=5613"}],"version-history":[{"count":8,"href":"https:\/\/semmelweis.hu\/gytk\/wp-json\/wp\/v2\/pages\/5613\/revisions"}],"predecessor-version":[{"id":11471,"href":"https:\/\/semmelweis.hu\/gytk\/wp-json\/wp\/v2\/pages\/5613\/revisions\/11471"}],"up":[{"embeddable":true,"href":"https:\/\/semmelweis.hu\/gytk\/wp-json\/wp\/v2\/pages\/5323"}],"wp:attachment":[{"href":"https:\/\/semmelweis.hu\/gytk\/wp-json\/wp\/v2\/media?parent=5613"}],"wp:term":[{"taxonomy":"category","embeddable":true,"href":"https:\/\/semmelweis.hu\/gytk\/wp-json\/wp\/v2\/categories?post=5613"},{"taxonomy":"post_tag","embeddable":true,"href":"https:\/\/semmelweis.hu\/gytk\/wp-json\/wp\/v2\/tags?post=5613"}],"curies":[{"name":"wp","href":"https:\/\/api.w.org\/{rel}","templated":true}]}}